{"id":3252,"date":"2008-02-01T14:20:36","date_gmt":"2008-02-01T14:20:36","guid":{"rendered":"https:\/\/neos-music.com\/?post_type=product&#038;p=3252"},"modified":"2022-11-20T14:21:50","modified_gmt":"2022-11-20T14:21:50","slug":"elliott-sharp-orchestra-carbon-rheoumbra","status":"publish","type":"product","link":"https:\/\/neos-music.com\/en_us\/product\/elliott-sharp-orchestra-carbon-rheoumbra\/","title":{"rendered":"Elliott Sharp: Orchestra Carbon &#8211; RHEO~UMBRA"},"content":{"rendered":"<p>Infotext:<\/p>\n<table border=\"0\" width=\"100%\" rules=\"none\" cellspacing=\"0\" cellpadding=\"0\">\n<tbody>\n<tr>\n<td class=\"bigcontent2\">\n<div id=\"infotext\">\n<p><b>Elliott Sharp: Orchestra Carbon \u2013 Rheo~Umbra<\/b><\/p>\n<p>&#8222;Schattenflut&#8220;: so w\u00fcrde ich den unkonventionellen Titel dieses St\u00fccks \u00fcbersetzen, das ich 1997 f\u00fcrs Orchestra Carbon komponierte \u2013 und so w\u00fcrde ich auch die musikalischen Bewegungen beschreiben, die darin vorkommen.<\/p>\n<p>Rheo~Umbra hat sieben Teile; in ihnen \u00fcberlagern sich durchkomponierte Passagen, algorithmisch gesteuertes Ensemblespiel und Solo-Improvisationen. Zu den algorithmischen Experimenten des St\u00fccks geh\u00f6rt der &#8222;flie\u00dfend gesteigerte Puls&#8220; (&#8222;transient additive pulse&#8220;): ein Schlagzeug-Akzent und seine Nachschwingungen mutieren zu einem pulsierenden Groove. Au\u00dferdem arbeite ich mit Hoquetus-Technik (eine Melodie wird &#8222;zerschnitten&#8220; und auf verschiedene Stimmen aufgeteilt), und aus einigen Phrasen mache ich Ostinati, die sich zeitversetzt \u00fcberlagern und ver\u00e4ndern.<\/p>\n<p>Schrittweise m\u00f6chte ich dabei die horizontale Identit\u00e4t von T\u00f6nen und Linien in eine vertikale \u00fcbersetzen. F\u00fcr den formalen Zusammenhalt ist es mir wichtig, da\u00df ich ein Gesamtkonzept f\u00fcr den Klang verfolge: Zwei Keyboarder spielen Samples, die ich selbst aufgenommen habe \u2013 mit besonderen Spieltechniken auf Sopransaxophon und Ba\u00dfklarinette, und mit einer Reihe von Kl\u00e4ngen auf den Slabs (diese Samples werden dann mit live gespielten Slabs kombiniert).<\/p>\n<p>Die Slabs habe ich 1982 gebaut. Es sind horizontale Ba\u00dfinstrumente mit vier Saiten und einem verschiebbaren Steg (f\u00fcr unterschiedliche Stimmungsverh\u00e4ltnisse); sie haben Tonabnehmer an beiden Enden, mit separaten Ausg\u00e4ngen (um einen Stereo-Klang zu erzielen). Es gibt drei Exemplare, die ich ganz verschieden einsetze: in kleineren Carbon-Formationen, in der Larynx-Auff\u00fchrung von Orchestra Carbon (dort manchmal alle drei gleichzeitig) und in diversen Soloprojekten. Als ich f\u00fcr meine Solo-Performance Virtual Stance 1986 mit einem IVL-Pitchrider arbeitete \u2013 Ton f\u00fcr Ton wanderte \u00fcber die MIDI-Schnittstelle auf einen Sampler (zuerst einen Ensoniq Mirage, dann einen Roland 330) \u2013 da legte ich einen umfassenden Katalog von Slab-Kl\u00e4ngen an, um dieses sperrige und leicht reizbare Instrument nicht l\u00e4nger herumtragen zu m\u00fcssen.<\/p>\n<p>Aber einige seiner Kl\u00e4nge kann man einfach nicht mit dem Sampler reproduzieren, und lange Zeit dachte ich \u00fcber eine Komposition nach, in der gerade diese Eigenheiten zur Geltung kommen. Au\u00dfer auf dem Slab spiele ich in diesem St\u00fcck auf einer bundlosen E-Gitarre. Sie ist ein besonderes Instrument f\u00fcr mich; gekauft habe ich sie als billigen Importartikel bei Norma, 1973. Die B\u00fcnde habe ich selbst entfernt.<\/p>\n<p>Das St\u00fcck, das ich hier mit Orchestra Carbon pr\u00e4sentiere, ist die Erweiterung einer Quintettfassung. Zeena Parkins, David Weinstein, Marc Sloan und Joseph Trump waren seit Herbst 1992 unerm\u00fcdlich mit mir und dem St\u00fcck auf Tour, in Europa, Japan und den USA. Jeder von ihnen hat seine ganz eigene Art, meine kompositorischen W\u00fcnsche umzusetzen, und \u2013 auf der n\u00e4chsten Ebene \u2013 dar\u00fcber zu improvisieren, einen pers\u00f6nlichen Kommentar abzugeben und Dinge zu erschlie\u00dfen, die so nicht in der Partitur stehen.<\/p>\n<p>Lange hatte ich auch mit dem Soldier String Quartet zusammengearbeitet, das sich klanglich hervorragend in andere Ensembles integrieren kann. Hier spielt das Quartett in der Besetzung David Soldier und Sara Parkins (Violinen), Judith Insell (Viola) und Rufus Cappadocia (Violoncello). Au\u00dferdem steuern zwei Ba\u00dfklarinetten-Virtuosen ihren unvergleichlichen harmonischen und melodischen Stoff bei: Tim Smith und Evan Spritzer.<\/p>\n<p>Rheo~Umbra erlebte seine Live-Premiere am Abend des 13. M\u00e4rz 1997 in der New Yorker Knitting Factory. Das St\u00fcck wurde zweimal gespielt; Bryce Goggin machte eine 16spurige Digitalaufnahme, die anschlie\u00dfend im Studio zOaR gemischt wurde. Wir pr\u00e4sentieren hier den zweiten Durchlauf, komplett ohne Schnitte. Die Original-CD von Rheo~Umbra erschien in meinem Label zOaR als limitierte Edition von 300 signierten und numerierten Exemplaren, in einem Cover aus handgemachtem italienischem Reispapier.<\/p>\n<p>(\u00dcbersetzung: Michael Herrschel)<\/p>\n<\/div>\n<\/td>\n<td><\/td>\n<\/tr>\n<\/tbody>\n<\/table>\n<p>Programm:<\/p>\n<p><b>Elliott Sharp Edition Vol. 4<\/b><\/p>\n<p>Orchestra Carbon<br \/>\n<b>RHEO~UMBRA<\/b><\/p>\n<p>01 Rheo~Umbra 1\u00a0 24:50<\/p>\n<p>02 Rheo~Umbra 2\u00a0 20:41<\/p>\n<p><b>total time\u00a0 45:13<\/b><\/p>\n<p>Zeena Parkins, sampler\/electric harp<br \/>\nMarc Sloan, electric bass<br \/>\nEvan Spritzer, bass clarinet<br \/>\nTim Smith, bass clarinet<br \/>\nDavid Weinstein, sampler<br \/>\nJoseph Trump, electronic &amp; acoustic percussion<br \/>\nSoldier String Quartet:<br \/>\nDavid Soldier, violin\/Sara Perkins, violin\/Judith Insell, viola\/Rufus Cappadocia, cello<br \/>\nElliott Sharp, fretless guitar\/slab<\/p>\n<p>Recorded live at The Knitting Factory, NYC, April 1996<br \/>\nRecorded by Bruce Goggin, mixed and mastered at Studio zOaR, NYC<\/p>\n<p>Publishing: zOaR Music &#8211; BMI &#8211; 1997<\/p>\n<p><img data-recalc-dims=\"1\" decoding=\"async\" src=\"https:\/\/i0.wp.com\/neos-music.com\/images\/neos\/40706_Sharp_Digipac_inside.jpg?ssl=1\" \/><\/p>","protected":false},"excerpt":{"rendered":"<p>Infotext: Elliott Sharp: Orchestra Carbon \u2013 Rheo~Umbra &#8222;Schattenflut&#8220;: so w\u00fcrde ich den unkonventionellen Titel dieses St\u00fccks \u00fcbersetzen, das ich 1997 f\u00fcrs Orchestra Carbon komponierte \u2013 und so w\u00fcrde ich auch die musikalischen Bewegungen beschreiben, die darin vorkommen. Rheo~Umbra hat sieben Teile; in ihnen \u00fcberlagern sich durchkomponierte Passagen, algorithmisch gesteuertes Ensemblespiel und Solo-Improvisationen. Zu den algorithmischen [&hellip;]<\/p>\n","protected":false},"featured_media":3253,"template":"","meta":{"site-sidebar-layout":"default","site-content-layout":"default","ast-site-content-layout":"default","site-content-style":"default","site-sidebar-style":"default","ast-global-header-display":"","ast-banner-title-visibility":"","ast-main-header-display":"","ast-hfb-above-header-display":"","ast-hfb-below-header-display":"","ast-hfb-mobile-header-display":"","site-post-title":"","ast-breadcrumbs-content":"","ast-featured-img":"","footer-sml-layout":"","theme-transparent-header-meta":"default","adv-header-id-meta":"","stick-header-meta":"","header-above-stick-meta":"","header-main-stick-meta":"","header-below-stick-meta":"","astra-migrate-meta-layouts":"default","ast-page-background-enabled":"default","ast-page-background-meta":{"desktop":{"background-color":"","background-image":"","background-repeat":"repeat","background-position":"center center","background-size":"auto","background-attachment":"scroll","background-type":"","background-media":"","overlay-type":"","overlay-color":"","overlay-opacity":"","overlay-gradient":""},"tablet":{"background-color":"","background-image":"","background-repeat":"repeat","background-position":"center center","background-size":"auto","background-attachment":"scroll","background-type":"","background-media":"","overlay-type":"","overlay-color":"","overlay-opacity":"","overlay-gradient":""},"mobile":{"background-color":"","background-image":"","background-repeat":"repeat","background-position":"center center","background-size":"auto","background-attachment":"scroll","background-type":"","background-media":"","overlay-type":"","overlay-color":"","overlay-opacity":"","overlay-gradient":""}},"ast-content-background-meta":{"desktop":{"background-color":"var(--ast-global-color-5)","background-image":"","background-repeat":"repeat","background-position":"center center","background-size":"auto","background-attachment":"scroll","background-type":"","background-media":"","overlay-type":"","overlay-color":"","overlay-opacity":"","overlay-gradient":""},"tablet":{"background-color":"var(--ast-global-color-5)","background-image":"","background-repeat":"repeat","background-position":"center center","background-size":"auto","background-attachment":"scroll","background-type":"","background-media":"","overlay-type":"","overlay-color":"","overlay-opacity":"","overlay-gradient":""},"mobile":{"background-color":"var(--ast-global-color-5)","background-image":"","background-repeat":"repeat","background-position":"center center","background-size":"auto","background-attachment":"scroll","background-type":"","background-media":"","overlay-type":"","overlay-color":"","overlay-opacity":"","overlay-gradient":""}}},"product_brand":[],"product_cat":[27],"product_tag":[],"class_list":{"0":"post-3252","1":"product","2":"type-product","3":"status-publish","4":"has-post-thumbnail","6":"product_cat-jazz","7":"pa_artikelnummer-neos-40706","8":"pa_brand-neos-music","9":"pa_ean-794","10":"desktop-align-left","11":"tablet-align-left","12":"mobile-align-left","14":"first","15":"instock","16":"taxable","17":"shipping-taxable","18":"purchasable","19":"product-type-simple"},"yoast_head":"<!-- This site is optimized with the Yoast SEO plugin v27.4 - https:\/\/yoast.com\/product\/yoast-seo-wordpress\/ -->\n<title>Elliott Sharp: Orchestra Carbon - RHEO~UMBRA - NEOS Music<\/title>\n<meta name=\"robots\" content=\"index, follow, max-snippet:-1, max-image-preview:large, max-video-preview:-1\" \/>\n<link rel=\"canonical\" href=\"https:\/\/neos-music.com\/en_us\/product\/elliott-sharp-orchestra-carbon-rheoumbra\/\" \/>\n<meta property=\"og:locale\" content=\"en_US\" \/>\n<meta property=\"og:type\" content=\"article\" \/>\n<meta property=\"og:title\" content=\"Elliott Sharp: Orchestra Carbon - RHEO~UMBRA - NEOS Music\" \/>\n<meta property=\"og:description\" content=\"Infotext: Elliott Sharp: Orchestra Carbon \u2013 Rheo~Umbra &#8222;Schattenflut&#8220;: so w\u00fcrde ich den unkonventionellen Titel dieses St\u00fccks \u00fcbersetzen, das ich 1997 f\u00fcrs Orchestra Carbon komponierte \u2013 und so w\u00fcrde ich auch die musikalischen Bewegungen beschreiben, die darin vorkommen. Rheo~Umbra hat sieben Teile; in ihnen \u00fcberlagern sich durchkomponierte Passagen, algorithmisch gesteuertes Ensemblespiel und Solo-Improvisationen. Zu den algorithmischen [&hellip;]\" \/>\n<meta property=\"og:url\" content=\"https:\/\/neos-music.com\/en_us\/product\/elliott-sharp-orchestra-carbon-rheoumbra\/\" \/>\n<meta property=\"og:site_name\" content=\"NEOS Music\" \/>\n<meta property=\"article:modified_time\" content=\"2022-11-20T14:21:50+00:00\" \/>\n<meta property=\"og:image\" content=\"https:\/\/neos-music.com\/wp-content\/uploads\/2022\/11\/NEOS_40706_Elliott_Sharp_RheoUmbra.jpeg\" \/>\n\t<meta property=\"og:image:width\" content=\"1649\" \/>\n\t<meta property=\"og:image:height\" content=\"1483\" \/>\n\t<meta property=\"og:image:type\" content=\"image\/jpeg\" \/>\n<meta name=\"twitter:card\" content=\"summary_large_image\" \/>\n<meta name=\"twitter:label1\" content=\"Est. reading time\" \/>\n\t<meta name=\"twitter:data1\" content=\"3 minutes\" \/>\n<script type=\"application\/ld+json\" class=\"yoast-schema-graph\">{\"@context\":\"https:\\\/\\\/schema.org\",\"@graph\":[{\"@type\":\"WebPage\",\"@id\":\"https:\\\/\\\/neos-music.com\\\/product\\\/elliott-sharp-orchestra-carbon-rheoumbra\\\/\",\"url\":\"https:\\\/\\\/neos-music.com\\\/product\\\/elliott-sharp-orchestra-carbon-rheoumbra\\\/\",\"name\":\"Elliott Sharp: Orchestra Carbon - RHEO~UMBRA - NEOS Music\",\"isPartOf\":{\"@id\":\"https:\\\/\\\/neos-music.com\\\/#website\"},\"primaryImageOfPage\":{\"@id\":\"https:\\\/\\\/neos-music.com\\\/product\\\/elliott-sharp-orchestra-carbon-rheoumbra\\\/#primaryimage\"},\"image\":{\"@id\":\"https:\\\/\\\/neos-music.com\\\/product\\\/elliott-sharp-orchestra-carbon-rheoumbra\\\/#primaryimage\"},\"thumbnailUrl\":\"https:\\\/\\\/i0.wp.com\\\/neos-music.com\\\/wp-content\\\/uploads\\\/2022\\\/11\\\/NEOS_40706_Elliott_Sharp_RheoUmbra.jpeg?fit=1649%2C1483&ssl=1\",\"datePublished\":\"2008-02-01T14:20:36+00:00\",\"dateModified\":\"2022-11-20T14:21:50+00:00\",\"breadcrumb\":{\"@id\":\"https:\\\/\\\/neos-music.com\\\/product\\\/elliott-sharp-orchestra-carbon-rheoumbra\\\/#breadcrumb\"},\"inLanguage\":\"en-US\",\"potentialAction\":[{\"@type\":\"ReadAction\",\"target\":[\"https:\\\/\\\/neos-music.com\\\/product\\\/elliott-sharp-orchestra-carbon-rheoumbra\\\/\"]}]},{\"@type\":\"ImageObject\",\"inLanguage\":\"en-US\",\"@id\":\"https:\\\/\\\/neos-music.com\\\/product\\\/elliott-sharp-orchestra-carbon-rheoumbra\\\/#primaryimage\",\"url\":\"https:\\\/\\\/i0.wp.com\\\/neos-music.com\\\/wp-content\\\/uploads\\\/2022\\\/11\\\/NEOS_40706_Elliott_Sharp_RheoUmbra.jpeg?fit=1649%2C1483&ssl=1\",\"contentUrl\":\"https:\\\/\\\/i0.wp.com\\\/neos-music.com\\\/wp-content\\\/uploads\\\/2022\\\/11\\\/NEOS_40706_Elliott_Sharp_RheoUmbra.jpeg?fit=1649%2C1483&ssl=1\",\"width\":1649,\"height\":1483},{\"@type\":\"BreadcrumbList\",\"@id\":\"https:\\\/\\\/neos-music.com\\\/product\\\/elliott-sharp-orchestra-carbon-rheoumbra\\\/#breadcrumb\",\"itemListElement\":[{\"@type\":\"ListItem\",\"position\":1,\"name\":\"Startseite\",\"item\":\"https:\\\/\\\/neos-music.com\\\/\"},{\"@type\":\"ListItem\",\"position\":2,\"name\":\"Produkte\",\"item\":\"https:\\\/\\\/neos-music.com\\\/shop__trashed\\\/\"},{\"@type\":\"ListItem\",\"position\":3,\"name\":\"Elliott Sharp: Orchestra Carbon &#8211; RHEO~UMBRA\"}]},{\"@type\":\"WebSite\",\"@id\":\"https:\\\/\\\/neos-music.com\\\/#website\",\"url\":\"https:\\\/\\\/neos-music.com\\\/\",\"name\":\"NEOS Music\",\"description\":\"Dein Online Shop f\u00fcr zeitgen\u00f6ssische Musik, Jazz und Classics!\",\"publisher\":{\"@id\":\"https:\\\/\\\/neos-music.com\\\/#organization\"},\"potentialAction\":[{\"@type\":\"SearchAction\",\"target\":{\"@type\":\"EntryPoint\",\"urlTemplate\":\"https:\\\/\\\/neos-music.com\\\/?s={search_term_string}\"},\"query-input\":{\"@type\":\"PropertyValueSpecification\",\"valueRequired\":true,\"valueName\":\"search_term_string\"}}],\"inLanguage\":\"en-US\"},{\"@type\":\"Organization\",\"@id\":\"https:\\\/\\\/neos-music.com\\\/#organization\",\"name\":\"NEOS Music\",\"url\":\"https:\\\/\\\/neos-music.com\\\/\",\"logo\":{\"@type\":\"ImageObject\",\"inLanguage\":\"en-US\",\"@id\":\"https:\\\/\\\/neos-music.com\\\/#\\\/schema\\\/logo\\\/image\\\/\",\"url\":\"https:\\\/\\\/i0.wp.com\\\/neos-music.com\\\/wp-content\\\/uploads\\\/2025\\\/08\\\/NEOS-Logo-weiss.png?fit=800%2C203&ssl=1\",\"contentUrl\":\"https:\\\/\\\/i0.wp.com\\\/neos-music.com\\\/wp-content\\\/uploads\\\/2025\\\/08\\\/NEOS-Logo-weiss.png?fit=800%2C203&ssl=1\",\"width\":800,\"height\":203,\"caption\":\"NEOS Music\"},\"image\":{\"@id\":\"https:\\\/\\\/neos-music.com\\\/#\\\/schema\\\/logo\\\/image\\\/\"}}]}<\/script>\n<!-- \/ Yoast SEO plugin. -->","yoast_head_json":{"title":"Elliott Sharp: Orchestra Carbon - RHEO~UMBRA - NEOS Music","robots":{"index":"index","follow":"follow","max-snippet":"max-snippet:-1","max-image-preview":"max-image-preview:large","max-video-preview":"max-video-preview:-1"},"canonical":"https:\/\/neos-music.com\/en_us\/product\/elliott-sharp-orchestra-carbon-rheoumbra\/","og_locale":"en_US","og_type":"article","og_title":"Elliott Sharp: Orchestra Carbon - RHEO~UMBRA - NEOS Music","og_description":"Infotext: Elliott Sharp: Orchestra Carbon \u2013 Rheo~Umbra &#8222;Schattenflut&#8220;: so w\u00fcrde ich den unkonventionellen Titel dieses St\u00fccks \u00fcbersetzen, das ich 1997 f\u00fcrs Orchestra Carbon komponierte \u2013 und so w\u00fcrde ich auch die musikalischen Bewegungen beschreiben, die darin vorkommen. Rheo~Umbra hat sieben Teile; in ihnen \u00fcberlagern sich durchkomponierte Passagen, algorithmisch gesteuertes Ensemblespiel und Solo-Improvisationen. Zu den algorithmischen [&hellip;]","og_url":"https:\/\/neos-music.com\/en_us\/product\/elliott-sharp-orchestra-carbon-rheoumbra\/","og_site_name":"NEOS Music","article_modified_time":"2022-11-20T14:21:50+00:00","og_image":[{"width":1649,"height":1483,"url":"https:\/\/neos-music.com\/wp-content\/uploads\/2022\/11\/NEOS_40706_Elliott_Sharp_RheoUmbra.jpeg","type":"image\/jpeg"}],"twitter_card":"summary_large_image","twitter_misc":{"Est. reading time":"3 minutes"},"schema":{"@context":"https:\/\/schema.org","@graph":[{"@type":"WebPage","@id":"https:\/\/neos-music.com\/product\/elliott-sharp-orchestra-carbon-rheoumbra\/","url":"https:\/\/neos-music.com\/product\/elliott-sharp-orchestra-carbon-rheoumbra\/","name":"Elliott Sharp: Orchestra Carbon - RHEO~UMBRA - NEOS Music","isPartOf":{"@id":"https:\/\/neos-music.com\/#website"},"primaryImageOfPage":{"@id":"https:\/\/neos-music.com\/product\/elliott-sharp-orchestra-carbon-rheoumbra\/#primaryimage"},"image":{"@id":"https:\/\/neos-music.com\/product\/elliott-sharp-orchestra-carbon-rheoumbra\/#primaryimage"},"thumbnailUrl":"https:\/\/i0.wp.com\/neos-music.com\/wp-content\/uploads\/2022\/11\/NEOS_40706_Elliott_Sharp_RheoUmbra.jpeg?fit=1649%2C1483&ssl=1","datePublished":"2008-02-01T14:20:36+00:00","dateModified":"2022-11-20T14:21:50+00:00","breadcrumb":{"@id":"https:\/\/neos-music.com\/product\/elliott-sharp-orchestra-carbon-rheoumbra\/#breadcrumb"},"inLanguage":"en-US","potentialAction":[{"@type":"ReadAction","target":["https:\/\/neos-music.com\/product\/elliott-sharp-orchestra-carbon-rheoumbra\/"]}]},{"@type":"ImageObject","inLanguage":"en-US","@id":"https:\/\/neos-music.com\/product\/elliott-sharp-orchestra-carbon-rheoumbra\/#primaryimage","url":"https:\/\/i0.wp.com\/neos-music.com\/wp-content\/uploads\/2022\/11\/NEOS_40706_Elliott_Sharp_RheoUmbra.jpeg?fit=1649%2C1483&ssl=1","contentUrl":"https:\/\/i0.wp.com\/neos-music.com\/wp-content\/uploads\/2022\/11\/NEOS_40706_Elliott_Sharp_RheoUmbra.jpeg?fit=1649%2C1483&ssl=1","width":1649,"height":1483},{"@type":"BreadcrumbList","@id":"https:\/\/neos-music.com\/product\/elliott-sharp-orchestra-carbon-rheoumbra\/#breadcrumb","itemListElement":[{"@type":"ListItem","position":1,"name":"Startseite","item":"https:\/\/neos-music.com\/"},{"@type":"ListItem","position":2,"name":"Produkte","item":"https:\/\/neos-music.com\/shop__trashed\/"},{"@type":"ListItem","position":3,"name":"Elliott Sharp: Orchestra Carbon &#8211; RHEO~UMBRA"}]},{"@type":"WebSite","@id":"https:\/\/neos-music.com\/#website","url":"https:\/\/neos-music.com\/","name":"NEOS Music","description":"Dein Online Shop f\u00fcr zeitgen\u00f6ssische Musik, Jazz und Classics!","publisher":{"@id":"https:\/\/neos-music.com\/#organization"},"potentialAction":[{"@type":"SearchAction","target":{"@type":"EntryPoint","urlTemplate":"https:\/\/neos-music.com\/?s={search_term_string}"},"query-input":{"@type":"PropertyValueSpecification","valueRequired":true,"valueName":"search_term_string"}}],"inLanguage":"en-US"},{"@type":"Organization","@id":"https:\/\/neos-music.com\/#organization","name":"NEOS Music","url":"https:\/\/neos-music.com\/","logo":{"@type":"ImageObject","inLanguage":"en-US","@id":"https:\/\/neos-music.com\/#\/schema\/logo\/image\/","url":"https:\/\/i0.wp.com\/neos-music.com\/wp-content\/uploads\/2025\/08\/NEOS-Logo-weiss.png?fit=800%2C203&ssl=1","contentUrl":"https:\/\/i0.wp.com\/neos-music.com\/wp-content\/uploads\/2025\/08\/NEOS-Logo-weiss.png?fit=800%2C203&ssl=1","width":800,"height":203,"caption":"NEOS Music"},"image":{"@id":"https:\/\/neos-music.com\/#\/schema\/logo\/image\/"}}]}},"jetpack_sharing_enabled":true,"_links":{"self":[{"href":"https:\/\/neos-music.com\/en_us\/wp-json\/wp\/v2\/product\/3252","targetHints":{"allow":["GET"]}}],"collection":[{"href":"https:\/\/neos-music.com\/en_us\/wp-json\/wp\/v2\/product"}],"about":[{"href":"https:\/\/neos-music.com\/en_us\/wp-json\/wp\/v2\/types\/product"}],"version-history":[{"count":0,"href":"https:\/\/neos-music.com\/en_us\/wp-json\/wp\/v2\/product\/3252\/revisions"}],"wp:featuredmedia":[{"embeddable":true,"href":"https:\/\/neos-music.com\/en_us\/wp-json\/wp\/v2\/media\/3253"}],"wp:attachment":[{"href":"https:\/\/neos-music.com\/en_us\/wp-json\/wp\/v2\/media?parent=3252"}],"wp:term":[{"taxonomy":"product_brand","embeddable":true,"href":"https:\/\/neos-music.com\/en_us\/wp-json\/wp\/v2\/product_brand?post=3252"},{"taxonomy":"product_cat","embeddable":true,"href":"https:\/\/neos-music.com\/en_us\/wp-json\/wp\/v2\/product_cat?post=3252"},{"taxonomy":"product_tag","embeddable":true,"href":"https:\/\/neos-music.com\/en_us\/wp-json\/wp\/v2\/product_tag?post=3252"}],"curies":[{"name":"wp","href":"https:\/\/api.w.org\/{rel}","templated":true}]}}