{"id":3257,"date":"2008-02-01T14:29:26","date_gmt":"2008-02-01T14:29:26","guid":{"rendered":"https:\/\/neos-music.com\/?post_type=product&#038;p=3257"},"modified":"2022-11-20T14:30:45","modified_gmt":"2022-11-20T14:30:45","slug":"elliott-sharp-spring-neap-reiterations","status":"publish","type":"product","link":"https:\/\/neos-music.com\/en_us\/product\/elliott-sharp-spring-neap-reiterations\/","title":{"rendered":"Elliott Sharp: Spring &#038; Neap &#8211; RE:ITERATIONS"},"content":{"rendered":"<p>Infotext:<\/p>\n<table border=\"0\" width=\"100%\" rules=\"none\" cellspacing=\"0\" cellpadding=\"0\">\n<tbody>\n<tr>\n<td class=\"bigcontent2\">\n<div id=\"infotext\">\n<p><b>Elliott Sharp: Spring &amp; Neap \u2013 RE:ITERATIONS<\/b><\/p>\n<p>Spring &amp; Neap<\/p>\n<p>1996 ging ich mit Orchestra Carbon auf Japan-Tournee; ein H\u00f6hepunkt war das Music Merge Festival in Tokio. Eine bunte Auswahl von wunderbaren Musikern der internationalen Szene traf sich dort f\u00fcr drei Tage im Shinjuku Pit Inn: Michiyo Yagi, Otomo Yoshihide, Sachiko M, Jim O\u2019Rourke, Yumiko Tanaka, David Grubbs und andere. Neben den Auftritten mit Orchestra Carbon und meinem Solo Tectonics durfte ich \u2013 f\u00fcr ein kleines Orchester von Festival-Solisten unter meiner Leitung \u2013 eine neue algorithmische Spielvorlage entwickeln.<\/p>\n<p>Ich suchte mir eine Kurve aus, die den Gezeitenverlauf in der Bucht von Tokio \u00fcber 24 Stunden beschreibt. Davon ausgehend formulierte ich Spielregeln f\u00fcr Melodik, Dynamik und Dichte. Die Kurve ist ein Bezugssystem sowohl f\u00fcr pers\u00f6nliche Ausdrucksformen als auch f\u00fcr den Spannungsbogen des ganzen St\u00fccks, und sie hat Einflu\u00df auf die improvisierten Soli, die entlang der Zeitachse angeordnet sind. Unter komplettem Verzicht auf elektrische und elektronische Mittel kombinierten wir im Ensemble traditionelle japanische Instrumente mit westlichen, und wir mischten traditionelle und moderne Spieltechniken.<\/p>\n<p>RE:ITERATIONS<\/p>\n<p>Ich freute mich, als im Januar 1986 Paul Dunkel (Associate Conductor des American Composers\u2019 Orchestra) bei mir anfragte, ob ich ein Auftragsst\u00fcck f\u00fcr sein Orchester schreiben m\u00f6chte \u2013 denn ich dachte damals gerade dar\u00fcber nach, wie ich meine Arbeiten mit Fibonacci-Folgen auf ein Streichorchester \u00fcbertragen k\u00f6nnte, und insbesondere, wie ich Ideen orchestrieren k\u00f6nnte, die ich auf der Gitarre entwickelt hatte.<\/p>\n<p>Als ich Re:Iterations abschlo\u00df, kam mir eine weitere Begegnung zu Hilfe: David Soldier hatte das Soldier String Quartet gegr\u00fcndet und w\u00fcnschte sich von mir ein St\u00fcck f\u00fcrs Deb\u00fct-Konzert im New Yorker Miller Theater \u2013 so entstand Tessalation Row. In beiden St\u00fccken leite ich Stimmungen, Rhythmen und andere formale Elemente aus der Fibonacci-Folge ab.<\/p>\n<p>Alle T\u00f6ne werden auf leeren Saiten gespielt (sie sind in den Verh\u00e4ltnissen 1:1, 3:2, 5:3, 8:5 gestimmt), oder als Obert\u00f6ne dieser leeren Saiten. Die Partitur arbeitet mit grafischen Modulen; diese informieren \u00fcber die Aktionen, die ausgef\u00fchrt werden sollen, und machen exakte Vorgaben f\u00fcr Rhythmus, Eins\u00e4tze und Tonh\u00f6hen. Zeitweise k\u00f6nnen die Spieler die Obertonmelodien und -farben eines Abschnitts variieren, aber nicht in Form freier Improvisationen, sondern unter Beachtung der notierten Parameter. Mich interessierte sehr die Frage der &#8222;Identit\u00e4t&#8220; \u2013 ich wollte, da\u00df es in jeder Auff\u00fchrung einen gro\u00dfen pers\u00f6nlichen Spielraum f\u00fcr Klangflu\u00df und spektrale Details gibt, ohne da\u00df der Charakter und die exakten Proportionen des St\u00fccks zerst\u00f6rt werden.<\/p>\n<p>Urspr\u00fcnglich sollte Re:Iterations eine Art Konzert werden, mit den Schlagzeugern Bobby Previte und Charles Noyes als Solisten (und mir selbst auf der Doppelhals-Ba\u00dfgitarre). Wir spielten aus einer grafischen Partitur, die mit dem Orchester synchronisiert werden sollte. Es gab nur eine einzige Auff\u00fchrung, im Juni 1986 in der New Yorker Merkin Hall, und dabei wurden sowohl das Potential des St\u00fccks als auch seine Probleme deutlich. Das Hauptproblem bei der Orchesterfassung von Re:Iterations d\u00fcrfte die fehlende Verst\u00e4rkung gewesen sein.<\/p>\n<p>Eigentlich h\u00e4tte ich mir f\u00fcr alle Streichinstrumente Ansteckmikrofone oder Tonabnehmer gew\u00fcnscht, um die inneren Feinheiten des Klangs aufzuschl\u00fcsseln. Aber die Kooperationsbereitschaft des Orchesters war begrenzt; die Musiker hatten wenig Freude an einem St\u00fcck, f\u00fcr das sie ihre Instrumente anders stimmen und Partiturlesen lernen sollten, und erst recht nicht an einer Arbeit mit Verst\u00e4rkern und am Zusammenspiel mit einem E-Gitarristen und gleich zwei Schlagzeugern! Mit gro\u00dfen wei\u00dfen flauschigen Ohrenst\u00f6pseln kamen sie auf die B\u00fchne; und nachdem der reichliche Applaus verklungen war, h\u00f6rte man einen aus der Gruppe der Ersten Geiger sagen: &#8222;Warum hat er nicht gleich verlangt, da\u00df wir auf unsere Geigen draufstampfen?&#8220; (eine verlockende Idee f\u00fcr den unwahrscheinlichen Fall, dass ich jemals wieder einen Auftrag vom ACO bekommen sollte).<\/p>\n<p>Leider mu\u00df ich zugeben: der dichte Klang und die Ger\u00e4usch-Impulse von Schlagzeug und E-Gitarre (es war eine in reiner Stimmung) hatten die zarten &#8222;Phantom-Instrumente&#8220; verdeckt, die durch die mitschwingenden Kombinationst\u00f6ne der Streicher suggeriert wurden. Unsere M\u00f6glichkeiten, einen transparenten Klang zu produzieren, waren unglaublich eingeschr\u00e4nkt; das f\u00fchrte in der Auff\u00fchrung zu einer Version, die weit weniger intuitiv war, als ich sie mir vorgestellt hatte.<\/p>\n<p>Im Studio hatte ich mehr Einflu\u00df auf das Resultat und konnte erreichen, was ich wollte. Zuerst spielte das Soldier String Quartet (Laura Seaton, David Soldier, Ron Lawrence, Mary Wooten) Tessalation Row auf 24spuriges Band ein. Wir nahmen zwei Versionen auf, und die zweite hatte das Feuer und die Pr\u00e4zision, die ich mir w\u00fcnschte. Das Quartett benutzte Stereo-Ansteckmikrofone und zus\u00e4tzlich piezoelektische Tonabnehmer; angeschlossen war jeweils ein Verzerrer (Ibanez Tube-Screamer) mit Pedal. Dadurch bekamen wir ein paar sch\u00f6ne Overdrive-Effekte mit Obert\u00f6nen.<\/p>\n<p>Wir wiederholten das Ganze als Quintett, mit dem Kontrabassisten Ratzo B. Harris \u2013 in dieser Besetzung wurden nacheinander zwei weitere Versionen \u00fcber die Quartettfassung dr\u00fcbergespielt, so da\u00df man in der Summe ein fiktives Kammerorchester von 14 Spielern h\u00f6rt. Bei der Stereo-Abmischung wurden die Verzerrer-Boxen parallel zu den Mikrofonen gefahren. Ein leichter Hall-Effekt \u2013 durch Tonabnehmer plus Raumklang \u2013 l\u00e4\u00dft den Eindruck eines noch gr\u00f6\u00dferen Ensembles entstehen.<\/p>\n<p>Zum Schlu\u00df spielten die beiden Schlagzeuger und ich unsere Parts mit dazu; aber ich hatte dann den Eindruck, da\u00df wir auch im Studio noch zu viele der gew\u00fcnschten Kl\u00e4nge \u00fcbert\u00f6nten \u2013 deshalb entschied ich mich daf\u00fcr, Re:Iterations in der Fassung nur mit Streichern zu ver\u00f6ffentlichen. Tessalation Row erschien 1986 bei SST Records und ist aktuell auf einer (lieferbaren) Tzadik-CD mit meinen Streichquartetten 1986-1996 zu h\u00f6ren. Re:Iterations war ebenfalls auf der SST-CD von 1986 enthalten (die seit 1992 nicht mehr im Handel ist).<\/p>\n<p>(\u00dcbersetzung: Michael Herrschel)<\/p>\n<\/div>\n<\/td>\n<td><\/td>\n<\/tr>\n<\/tbody>\n<\/table>\n<p>Programm:<\/p>\n<p><b>Elliott Sharp Edition Vol. 5<\/b><\/p>\n<p>Spring &amp; Neap \u2013 RE:ITERATIONS<\/p>\n<p>01\u00a0<b>Spring &amp; Neap<\/b>\u00a0\u00a0\u00a0 35:33<\/p>\n<p>Michigo Yagi, 17-string koto\/Yumiko Tanaka, futozao shamisen<br \/>\nYoshiko Fujio, hosozao shamisen\/Zeena Parkins, troubador harp<br \/>\nMakoto Nomura, piano\/Tamiki Sawa, violin\/Mio Abe, violin<br \/>\nHiromichi Sakamoto, cello\/Masaaki Kikuchi, contrabass\/Kenji Ito, percussion<br \/>\nGuam Kumada, percussion\/ Elliott Sharp, conductor<\/p>\n<p>Recorded live at Music Merge Festival, Tokyo, October 5, 1996<br \/>\nLive-Sound and DAT-Recording by Fujimura Yasuo @ Shinjuku Pit Inn<\/p>\n<p>02\u00a0<b>RE:ITERATIONS<\/b>\u00a0\u00a0\u00a0 13:11<\/p>\n<p>Soldier String Quartet:<br \/>\nLaura Seaton, violin\/David Soldier, violin\/Ron Lawrence, viola\/Mary Wooten, cello<br \/>\nRatzo B. Harris, contrabass<\/p>\n<p>Recorded at B.C. Studio, Brooklyn, NYC Engineered by Martin Bisi, June 7, 1986<\/p>\n<p><b>total time\u00a0 48:47<\/b><\/p>\n<p>Publishing: zOaR Music &#8211; BMI &#8211; 1997<\/p>\n<p><img data-recalc-dims=\"1\" decoding=\"async\" src=\"https:\/\/i0.wp.com\/neos-music.com\/images\/neos\/40708_Sharp_Digipack_inside.jpg?ssl=1\" \/><\/p>","protected":false},"excerpt":{"rendered":"<p>Infotext: Elliott Sharp: Spring &amp; Neap \u2013 RE:ITERATIONS Spring &amp; Neap 1996 ging ich mit Orchestra Carbon auf Japan-Tournee; ein H\u00f6hepunkt war das Music Merge Festival in Tokio. Eine bunte Auswahl von wunderbaren Musikern der internationalen Szene traf sich dort f\u00fcr drei Tage im Shinjuku Pit Inn: Michiyo Yagi, Otomo Yoshihide, Sachiko M, Jim O\u2019Rourke, [&hellip;]<\/p>\n","protected":false},"featured_media":3258,"template":"","meta":{"site-sidebar-layout":"default","site-content-layout":"default","ast-site-content-layout":"default","site-content-style":"default","site-sidebar-style":"default","ast-global-header-display":"","ast-banner-title-visibility":"","ast-main-header-display":"","ast-hfb-above-header-display":"","ast-hfb-below-header-display":"","ast-hfb-mobile-header-display":"","site-post-title":"","ast-breadcrumbs-content":"","ast-featured-img":"","footer-sml-layout":"","theme-transparent-header-meta":"default","adv-header-id-meta":"","stick-header-meta":"","header-above-stick-meta":"","header-main-stick-meta":"","header-below-stick-meta":"","astra-migrate-meta-layouts":"default","ast-page-background-enabled":"default","ast-page-background-meta":{"desktop":{"background-color":"","background-image":"","background-repeat":"repeat","background-position":"center center","background-size":"auto","background-attachment":"scroll","background-type":"","background-media":"","overlay-type":"","overlay-color":"","overlay-opacity":"","overlay-gradient":""},"tablet":{"background-color":"","background-image":"","background-repeat":"repeat","background-position":"center center","background-size":"auto","background-attachment":"scroll","background-type":"","background-media":"","overlay-type":"","overlay-color":"","overlay-opacity":"","overlay-gradient":""},"mobile":{"background-color":"","background-image":"","background-repeat":"repeat","background-position":"center center","background-size":"auto","background-attachment":"scroll","background-type":"","background-media":"","overlay-type":"","overlay-color":"","overlay-opacity":"","overlay-gradient":""}},"ast-content-background-meta":{"desktop":{"background-color":"var(--ast-global-color-5)","background-image":"","background-repeat":"repeat","background-position":"center center","background-size":"auto","background-attachment":"scroll","background-type":"","background-media":"","overlay-type":"","overlay-color":"","overlay-opacity":"","overlay-gradient":""},"tablet":{"background-color":"var(--ast-global-color-5)","background-image":"","background-repeat":"repeat","background-position":"center center","background-size":"auto","background-attachment":"scroll","background-type":"","background-media":"","overlay-type":"","overlay-color":"","overlay-opacity":"","overlay-gradient":""},"mobile":{"background-color":"var(--ast-global-color-5)","background-image":"","background-repeat":"repeat","background-position":"center center","background-size":"auto","background-attachment":"scroll","background-type":"","background-media":"","overlay-type":"","overlay-color":"","overlay-opacity":"","overlay-gradient":""}}},"product_brand":[],"product_cat":[27],"product_tag":[],"class_list":{"0":"post-3257","1":"product","2":"type-product","3":"status-publish","4":"has-post-thumbnail","6":"product_cat-jazz","7":"pa_artikelnummer-neos-40708","8":"pa_brand-neos-music","9":"pa_ean-798","10":"desktop-align-left","11":"tablet-align-left","12":"mobile-align-left","14":"first","15":"instock","16":"taxable","17":"shipping-taxable","18":"purchasable","19":"product-type-simple"},"yoast_head":"<!-- This site is optimized with the Yoast SEO plugin v27.3 - https:\/\/yoast.com\/product\/yoast-seo-wordpress\/ -->\n<title>Elliott Sharp: Spring &amp; Neap - RE:ITERATIONS - NEOS Music<\/title>\n<meta name=\"robots\" content=\"index, follow, max-snippet:-1, max-image-preview:large, max-video-preview:-1\" \/>\n<link rel=\"canonical\" href=\"https:\/\/neos-music.com\/en_us\/product\/elliott-sharp-spring-neap-reiterations\/\" \/>\n<meta property=\"og:locale\" content=\"en_US\" \/>\n<meta property=\"og:type\" content=\"article\" \/>\n<meta property=\"og:title\" content=\"Elliott Sharp: Spring &amp; Neap - RE:ITERATIONS - NEOS Music\" \/>\n<meta property=\"og:description\" content=\"Infotext: Elliott Sharp: Spring &amp; Neap \u2013 RE:ITERATIONS Spring &amp; Neap 1996 ging ich mit Orchestra Carbon auf Japan-Tournee; ein H\u00f6hepunkt war das Music Merge Festival in Tokio. Eine bunte Auswahl von wunderbaren Musikern der internationalen Szene traf sich dort f\u00fcr drei Tage im Shinjuku Pit Inn: Michiyo Yagi, Otomo Yoshihide, Sachiko M, Jim O\u2019Rourke, [&hellip;]\" \/>\n<meta property=\"og:url\" content=\"https:\/\/neos-music.com\/en_us\/product\/elliott-sharp-spring-neap-reiterations\/\" \/>\n<meta property=\"og:site_name\" content=\"NEOS Music\" \/>\n<meta property=\"article:modified_time\" content=\"2022-11-20T14:30:45+00:00\" \/>\n<meta property=\"og:image\" content=\"https:\/\/neos-music.com\/wp-content\/uploads\/2022\/11\/NEOS_40708_Elliott_Sharp_Reiterations.jpeg\" \/>\n\t<meta property=\"og:image:width\" content=\"1649\" \/>\n\t<meta property=\"og:image:height\" content=\"1483\" \/>\n\t<meta property=\"og:image:type\" content=\"image\/jpeg\" \/>\n<meta name=\"twitter:card\" content=\"summary_large_image\" \/>\n<meta name=\"twitter:label1\" content=\"Est. reading time\" \/>\n\t<meta name=\"twitter:data1\" content=\"5 minutes\" \/>\n<script type=\"application\/ld+json\" class=\"yoast-schema-graph\">{\"@context\":\"https:\\\/\\\/schema.org\",\"@graph\":[{\"@type\":\"WebPage\",\"@id\":\"https:\\\/\\\/neos-music.com\\\/product\\\/elliott-sharp-spring-neap-reiterations\\\/\",\"url\":\"https:\\\/\\\/neos-music.com\\\/product\\\/elliott-sharp-spring-neap-reiterations\\\/\",\"name\":\"Elliott Sharp: Spring & Neap - RE:ITERATIONS - NEOS Music\",\"isPartOf\":{\"@id\":\"https:\\\/\\\/neos-music.com\\\/#website\"},\"primaryImageOfPage\":{\"@id\":\"https:\\\/\\\/neos-music.com\\\/product\\\/elliott-sharp-spring-neap-reiterations\\\/#primaryimage\"},\"image\":{\"@id\":\"https:\\\/\\\/neos-music.com\\\/product\\\/elliott-sharp-spring-neap-reiterations\\\/#primaryimage\"},\"thumbnailUrl\":\"https:\\\/\\\/i0.wp.com\\\/neos-music.com\\\/wp-content\\\/uploads\\\/2022\\\/11\\\/NEOS_40708_Elliott_Sharp_Reiterations.jpeg?fit=1649%2C1483&ssl=1\",\"datePublished\":\"2008-02-01T14:29:26+00:00\",\"dateModified\":\"2022-11-20T14:30:45+00:00\",\"breadcrumb\":{\"@id\":\"https:\\\/\\\/neos-music.com\\\/product\\\/elliott-sharp-spring-neap-reiterations\\\/#breadcrumb\"},\"inLanguage\":\"en-US\",\"potentialAction\":[{\"@type\":\"ReadAction\",\"target\":[\"https:\\\/\\\/neos-music.com\\\/product\\\/elliott-sharp-spring-neap-reiterations\\\/\"]}]},{\"@type\":\"ImageObject\",\"inLanguage\":\"en-US\",\"@id\":\"https:\\\/\\\/neos-music.com\\\/product\\\/elliott-sharp-spring-neap-reiterations\\\/#primaryimage\",\"url\":\"https:\\\/\\\/i0.wp.com\\\/neos-music.com\\\/wp-content\\\/uploads\\\/2022\\\/11\\\/NEOS_40708_Elliott_Sharp_Reiterations.jpeg?fit=1649%2C1483&ssl=1\",\"contentUrl\":\"https:\\\/\\\/i0.wp.com\\\/neos-music.com\\\/wp-content\\\/uploads\\\/2022\\\/11\\\/NEOS_40708_Elliott_Sharp_Reiterations.jpeg?fit=1649%2C1483&ssl=1\",\"width\":1649,\"height\":1483},{\"@type\":\"BreadcrumbList\",\"@id\":\"https:\\\/\\\/neos-music.com\\\/product\\\/elliott-sharp-spring-neap-reiterations\\\/#breadcrumb\",\"itemListElement\":[{\"@type\":\"ListItem\",\"position\":1,\"name\":\"Startseite\",\"item\":\"https:\\\/\\\/neos-music.com\\\/\"},{\"@type\":\"ListItem\",\"position\":2,\"name\":\"Produkte\",\"item\":\"https:\\\/\\\/neos-music.com\\\/shop__trashed\\\/\"},{\"@type\":\"ListItem\",\"position\":3,\"name\":\"Elliott Sharp: Spring &#038; Neap &#8211; RE:ITERATIONS\"}]},{\"@type\":\"WebSite\",\"@id\":\"https:\\\/\\\/neos-music.com\\\/#website\",\"url\":\"https:\\\/\\\/neos-music.com\\\/\",\"name\":\"NEOS Music\",\"description\":\"Dein Online Shop f\u00fcr zeitgen\u00f6ssische Musik, Jazz und Classics!\",\"publisher\":{\"@id\":\"https:\\\/\\\/neos-music.com\\\/#organization\"},\"potentialAction\":[{\"@type\":\"SearchAction\",\"target\":{\"@type\":\"EntryPoint\",\"urlTemplate\":\"https:\\\/\\\/neos-music.com\\\/?s={search_term_string}\"},\"query-input\":{\"@type\":\"PropertyValueSpecification\",\"valueRequired\":true,\"valueName\":\"search_term_string\"}}],\"inLanguage\":\"en-US\"},{\"@type\":\"Organization\",\"@id\":\"https:\\\/\\\/neos-music.com\\\/#organization\",\"name\":\"NEOS Music\",\"url\":\"https:\\\/\\\/neos-music.com\\\/\",\"logo\":{\"@type\":\"ImageObject\",\"inLanguage\":\"en-US\",\"@id\":\"https:\\\/\\\/neos-music.com\\\/#\\\/schema\\\/logo\\\/image\\\/\",\"url\":\"https:\\\/\\\/i0.wp.com\\\/neos-music.com\\\/wp-content\\\/uploads\\\/2025\\\/08\\\/NEOS-Logo-weiss.png?fit=800%2C203&ssl=1\",\"contentUrl\":\"https:\\\/\\\/i0.wp.com\\\/neos-music.com\\\/wp-content\\\/uploads\\\/2025\\\/08\\\/NEOS-Logo-weiss.png?fit=800%2C203&ssl=1\",\"width\":800,\"height\":203,\"caption\":\"NEOS Music\"},\"image\":{\"@id\":\"https:\\\/\\\/neos-music.com\\\/#\\\/schema\\\/logo\\\/image\\\/\"}}]}<\/script>\n<!-- \/ Yoast SEO plugin. -->","yoast_head_json":{"title":"Elliott Sharp: Spring & Neap - RE:ITERATIONS - NEOS Music","robots":{"index":"index","follow":"follow","max-snippet":"max-snippet:-1","max-image-preview":"max-image-preview:large","max-video-preview":"max-video-preview:-1"},"canonical":"https:\/\/neos-music.com\/en_us\/product\/elliott-sharp-spring-neap-reiterations\/","og_locale":"en_US","og_type":"article","og_title":"Elliott Sharp: Spring & Neap - RE:ITERATIONS - NEOS Music","og_description":"Infotext: Elliott Sharp: Spring &amp; Neap \u2013 RE:ITERATIONS Spring &amp; Neap 1996 ging ich mit Orchestra Carbon auf Japan-Tournee; ein H\u00f6hepunkt war das Music Merge Festival in Tokio. Eine bunte Auswahl von wunderbaren Musikern der internationalen Szene traf sich dort f\u00fcr drei Tage im Shinjuku Pit Inn: Michiyo Yagi, Otomo Yoshihide, Sachiko M, Jim O\u2019Rourke, [&hellip;]","og_url":"https:\/\/neos-music.com\/en_us\/product\/elliott-sharp-spring-neap-reiterations\/","og_site_name":"NEOS Music","article_modified_time":"2022-11-20T14:30:45+00:00","og_image":[{"width":1649,"height":1483,"url":"https:\/\/neos-music.com\/wp-content\/uploads\/2022\/11\/NEOS_40708_Elliott_Sharp_Reiterations.jpeg","type":"image\/jpeg"}],"twitter_card":"summary_large_image","twitter_misc":{"Est. reading time":"5 minutes"},"schema":{"@context":"https:\/\/schema.org","@graph":[{"@type":"WebPage","@id":"https:\/\/neos-music.com\/product\/elliott-sharp-spring-neap-reiterations\/","url":"https:\/\/neos-music.com\/product\/elliott-sharp-spring-neap-reiterations\/","name":"Elliott Sharp: Spring & Neap - RE:ITERATIONS - NEOS Music","isPartOf":{"@id":"https:\/\/neos-music.com\/#website"},"primaryImageOfPage":{"@id":"https:\/\/neos-music.com\/product\/elliott-sharp-spring-neap-reiterations\/#primaryimage"},"image":{"@id":"https:\/\/neos-music.com\/product\/elliott-sharp-spring-neap-reiterations\/#primaryimage"},"thumbnailUrl":"https:\/\/i0.wp.com\/neos-music.com\/wp-content\/uploads\/2022\/11\/NEOS_40708_Elliott_Sharp_Reiterations.jpeg?fit=1649%2C1483&ssl=1","datePublished":"2008-02-01T14:29:26+00:00","dateModified":"2022-11-20T14:30:45+00:00","breadcrumb":{"@id":"https:\/\/neos-music.com\/product\/elliott-sharp-spring-neap-reiterations\/#breadcrumb"},"inLanguage":"en-US","potentialAction":[{"@type":"ReadAction","target":["https:\/\/neos-music.com\/product\/elliott-sharp-spring-neap-reiterations\/"]}]},{"@type":"ImageObject","inLanguage":"en-US","@id":"https:\/\/neos-music.com\/product\/elliott-sharp-spring-neap-reiterations\/#primaryimage","url":"https:\/\/i0.wp.com\/neos-music.com\/wp-content\/uploads\/2022\/11\/NEOS_40708_Elliott_Sharp_Reiterations.jpeg?fit=1649%2C1483&ssl=1","contentUrl":"https:\/\/i0.wp.com\/neos-music.com\/wp-content\/uploads\/2022\/11\/NEOS_40708_Elliott_Sharp_Reiterations.jpeg?fit=1649%2C1483&ssl=1","width":1649,"height":1483},{"@type":"BreadcrumbList","@id":"https:\/\/neos-music.com\/product\/elliott-sharp-spring-neap-reiterations\/#breadcrumb","itemListElement":[{"@type":"ListItem","position":1,"name":"Startseite","item":"https:\/\/neos-music.com\/"},{"@type":"ListItem","position":2,"name":"Produkte","item":"https:\/\/neos-music.com\/shop__trashed\/"},{"@type":"ListItem","position":3,"name":"Elliott Sharp: Spring &#038; Neap &#8211; RE:ITERATIONS"}]},{"@type":"WebSite","@id":"https:\/\/neos-music.com\/#website","url":"https:\/\/neos-music.com\/","name":"NEOS Music","description":"Dein Online Shop f\u00fcr zeitgen\u00f6ssische Musik, Jazz und Classics!","publisher":{"@id":"https:\/\/neos-music.com\/#organization"},"potentialAction":[{"@type":"SearchAction","target":{"@type":"EntryPoint","urlTemplate":"https:\/\/neos-music.com\/?s={search_term_string}"},"query-input":{"@type":"PropertyValueSpecification","valueRequired":true,"valueName":"search_term_string"}}],"inLanguage":"en-US"},{"@type":"Organization","@id":"https:\/\/neos-music.com\/#organization","name":"NEOS Music","url":"https:\/\/neos-music.com\/","logo":{"@type":"ImageObject","inLanguage":"en-US","@id":"https:\/\/neos-music.com\/#\/schema\/logo\/image\/","url":"https:\/\/i0.wp.com\/neos-music.com\/wp-content\/uploads\/2025\/08\/NEOS-Logo-weiss.png?fit=800%2C203&ssl=1","contentUrl":"https:\/\/i0.wp.com\/neos-music.com\/wp-content\/uploads\/2025\/08\/NEOS-Logo-weiss.png?fit=800%2C203&ssl=1","width":800,"height":203,"caption":"NEOS Music"},"image":{"@id":"https:\/\/neos-music.com\/#\/schema\/logo\/image\/"}}]}},"jetpack_sharing_enabled":true,"_links":{"self":[{"href":"https:\/\/neos-music.com\/en_us\/wp-json\/wp\/v2\/product\/3257","targetHints":{"allow":["GET"]}}],"collection":[{"href":"https:\/\/neos-music.com\/en_us\/wp-json\/wp\/v2\/product"}],"about":[{"href":"https:\/\/neos-music.com\/en_us\/wp-json\/wp\/v2\/types\/product"}],"version-history":[{"count":0,"href":"https:\/\/neos-music.com\/en_us\/wp-json\/wp\/v2\/product\/3257\/revisions"}],"wp:featuredmedia":[{"embeddable":true,"href":"https:\/\/neos-music.com\/en_us\/wp-json\/wp\/v2\/media\/3258"}],"wp:attachment":[{"href":"https:\/\/neos-music.com\/en_us\/wp-json\/wp\/v2\/media?parent=3257"}],"wp:term":[{"taxonomy":"product_brand","embeddable":true,"href":"https:\/\/neos-music.com\/en_us\/wp-json\/wp\/v2\/product_brand?post=3257"},{"taxonomy":"product_cat","embeddable":true,"href":"https:\/\/neos-music.com\/en_us\/wp-json\/wp\/v2\/product_cat?post=3257"},{"taxonomy":"product_tag","embeddable":true,"href":"https:\/\/neos-music.com\/en_us\/wp-json\/wp\/v2\/product_tag?post=3257"}],"curies":[{"name":"wp","href":"https:\/\/api.w.org\/{rel}","templated":true}]}}