{"id":3265,"date":"2007-09-15T14:38:01","date_gmt":"2007-09-15T14:38:01","guid":{"rendered":"https:\/\/neos-music.com\/?post_type=product&#038;p=3265"},"modified":"2023-01-13T23:28:20","modified_gmt":"2023-01-13T23:28:20","slug":"georg-friedrich-haas-joerg-widmann-donaueschinger-musiktage-2006-vol-2","status":"publish","type":"product","link":"https:\/\/neos-music.com\/en_us\/product\/georg-friedrich-haas-joerg-widmann-donaueschinger-musiktage-2006-vol-2\/","title":{"rendered":"Georg Friedrich Haas, J\u00f6rg Widmann: Donaueschinger Musiktage 2006 Vol. 2"},"content":{"rendered":"<p>Programm:<\/p>\n<p><b>Georg Friedrich Haas<\/b>\u00a0(*1953)<br \/>\n[01] 40:13\u00a0<b>Hyperion<\/b>\u00a0(2006)<br \/>\nf\u00fcr Licht und Orchester<br \/>\n<span id=\"flash1\"><\/span><\/p>\n<p>SWR Sinfonieorchester Baden-Baden und Freiburg<br \/>\n<a class=\"arcoma_glossarylink\" href=\"https:\/\/neos-music.com\/output.php?content=Kuenstler\/Rupert_Huber.php&amp;treplace=english%2Cgerman\" target=\"_self\" rel=\"noopener\">Rupert Huber<\/a>, Leitung<br \/>\nrosalie, Lichtinstallation<\/p>\n<p>&nbsp;<\/p>\n<p><b>J\u00f6rg Widmann<\/b>\u00a0(*1973)<br \/>\n[02] 13:40\u00a0<b>Zweites Labyrinth<\/b>\u00a0(2006)<br \/>\nf\u00fcr Orchestergruppen<br \/>\n<span id=\"flash2\"><\/span><\/p>\n<p>SWR Sinfonieorchester Baden-Baden und Freiburg<br \/>\nHans Zender, Leitung<\/p>\n<p><b>gesamt\u00a053:53<\/b><\/p>\n<p>Pressestimmen:<\/p>\n<p><b><img data-recalc-dims=\"1\" decoding=\"async\" src=\"https:\/\/i0.wp.com\/neos-music.com\/images\/news\/logo_FonoForum.gif?ssl=1\" \/><br \/>\n<\/b>03\/2008<\/p>\n<p><b><img data-recalc-dims=\"1\" decoding=\"async\" src=\"https:\/\/i0.wp.com\/neos-music.com\/images\/news\/10724_FoFo_0208.jpg?ssl=1\" \/><\/b><\/p>\n<p><b><\/b><\/p>\n<p><b><img data-recalc-dims=\"1\" decoding=\"async\" src=\"https:\/\/i0.wp.com\/neos-music.com\/images\/news\/klassikcom.gif?ssl=1\" \/><br \/>\n<\/b>11.12.2007<\/p>\n<p><b>Licht Spiel Musik<\/b><\/p>\n<p>Interpretation:\u00a0<img data-recalc-dims=\"1\" decoding=\"async\" src=\"https:\/\/i0.wp.com\/neos-music.com\/images\/news\/stars3.gif?ssl=1\" \/><br \/>\nKlangqualit\u00e4t:\u00a0<img data-recalc-dims=\"1\" decoding=\"async\" src=\"https:\/\/i0.wp.com\/neos-music.com\/images\/news\/stars4.gif?ssl=1\" \/><br \/>\nRepertoirewert:\u00a0<img data-recalc-dims=\"1\" decoding=\"async\" src=\"https:\/\/i0.wp.com\/neos-music.com\/images\/news\/stars2.gif?ssl=1\" \/><br \/>\nBooklet:\u00a0<img data-recalc-dims=\"1\" decoding=\"async\" src=\"https:\/\/i0.wp.com\/neos-music.com\/images\/news\/stars3.gif?ssl=1\" \/><\/p>\n<p>Die Donaueschinger Musiktage bieten als eines der wenigen Festivals ein allj\u00e4hrliches Experimentierfeld mit gro\u00dfen Besetzungen. Komponisten haben nur selten die M\u00f6glichkeit, Innovatives zu erproben in einer Orchesterlandschaft, die trotz aller Subventionierungen marktwirtschaftlichen Zw\u00e4ngen unterworfen ist. Ein Gl\u00fccksfall ist somit das hauseigene Orchester des SWR, in dessen Geschichte das Neue Tradition hat. Auftr\u00e4ge f\u00fcr das abschlie\u00dfende Orchesterkonzert der Musiktage 2006 ergingen unter anderem an J\u00f6rg Widmann und Georg Friedrich Haas; ein Mitschnitt des Konzertes ist als zweite Folge der Donaueschingen-Dokumentation 2006 bei NEOS erschienen.<br \/>\nJ\u00f6rg Widmanns \u2018Zweites Labyrinth\u2019, das von den Musikern des Orchesters den Orchesterpreis des SWR erhielt, ist ein solide gearbeitetes, gelegentlich jedoch etwas uninspiriert wirkendes Werk, das versucht, ein angestaubtes Raumklangmodell wieder zum Leben zu erwecken. Das Orchester ist um das Publikum herum disponiert und umh\u00fcllt den Zuh\u00f6rer mit einer Schicht aus subtil ausgearbeiteten Kl\u00e4ngen. Widmanns Komposition stellt sich als eine Art Negativbild ihrer Substanz dar, indem Linearit\u00e4t bewusst vermieden wird, der \u2018Faden in seiner Abwesenheit gedacht werden\u2019 soll. Das Ausreizen eines Raumklangmodells allein garantiert jedoch noch keine musikalische Stringenz und so bleibt das \u2018Zweite Labyrinth\u2019 doch eher ein Arbeitstitel von Musik.<br \/>\nGeorg Friedrich Haas\u2019 \u2018Konzert f\u00fcr Licht und Orchester\u2019 ist wesentlich innovativer konzipiert und bot dem Publikum zum Abschluss der Musiktage einen zumindest wegen seiner Ereignishaftigkeit bleibenden Eindruck. Zusammen mit der K\u00fcnstlerin rosalie hat Haas ein Konzept erarbeitet, bei dem die Musiker des Orchesters ohne Dirigenten spielen m\u00fcssen, da der Ablauf ihrer Stimmen allein durch Lichtbefehle strukturiert wird. Einige tausend lichtdurchl\u00e4ssige Plastikeimer waren an den W\u00e4nden der Baarsporthalle angebracht, die Ort des Abschlusskonzerts war. Im dunklen Raum, in der das Publikum sich frei umherbewegen konnte, entstand eine Lichtchoreographie, deren Muster Leitfaden f\u00fcr die in der Halle positionierten Musikergruppen waren.<br \/>\nGeorg Friedrich Haas und rosalie haben so ein Konzept des H\u00f6rens entworfen, bei dem Kl\u00e4nge durch den Raum wandern und vom Publikum ganz unterschiedlich aufgenommen werden, je nachdem, wo der H\u00f6rer steht, wie er sich bewegt, welches farbige Licht gerade die Rezeption ver\u00e4ndert. Der syn\u00e4sthetische Gedanke des Werkes ist durchaus ausbauf\u00e4hig und bedenkenswert.<br \/>\nOb der Grundgedanke von \u2018Hyperion\u2019 hier jedoch aufgegangen ist, bleibt fraglich. Nat\u00fcrlich finden sich in Haas\u2019 Partitur die fein ausgeh\u00f6rten mikrotonalen Felder, ein schwebungsreicher Klang, ein ganz besonders charakteristisches Spiel der Obert\u00f6ne. Viele Feinheiten des St\u00fcckes schienen jedoch in einer Wucht von Kl\u00e4ngen unterdr\u00fcckt, mangels Steuerung durch einen Dirigenten, der die Balance besser h\u00e4tte steuern k\u00f6nnen. War die \u2018Lichtmaschine\u2019 einmal in Gang gesetzt, gab es kein Zur\u00fcck mehr, das Ergebnis lag somit in der Willk\u00fcr oder Unsicherheit des einzelnen Musikers angesichts zahlreicher, disco\u00e4hnlicher Lichtorgelsignale: in diesem Fall entstand ein recht undifferenzierter fortissimo-Brei.<br \/>\nAber auch das geh\u00f6rt zu Donaueschingen: das vermeintliche Scheitern einer Idee, ein Scheitern, dass sich als sehr viel fruchtbarer erweisen kann als ein erster, viel umjubelter Erfolg. Der Eindruck dieses Prozesses bleibt dem H\u00f6rer dieser CD allerdings verwehrt: zwar ist der Klang sehr gut verr\u00e4umlicht, das Erlebnis des Zusammenspiels aus Licht und Musik muss jedoch in der rein auditiven Fixierung ausbleiben. F\u00fcr derlei k\u00fcnstlerische Visionen ist das Medium der Schallplatte nicht mehr ausreichend.<br \/>\nAls reine Dokumentation des Festivals hat diese Aufnahme durchaus ihren Wert; als Nachvollzug besonders des Werkes von Georg Friedrich Haas wirkt sie jedoch wie die Photographie einer besonders raffinierten kulinarischen Komposition: sieht h\u00fcbsch aus, schmeckt aber nach nichts.<\/p>\n<p>Paul H\u00fcbner<\/p>\n<p><b><\/b><\/p>\n<p><b>Diverdi bolet\u00edn<\/b>\u00a011\/12 2007<\/p>\n<p><img data-recalc-dims=\"1\" decoding=\"async\" src=\"https:\/\/i0.wp.com\/neos-music.com\/images\/various\/10725_Diverdi_11u1207.jpg?ssl=1\" \/><\/p>\n<p><img data-recalc-dims=\"1\" decoding=\"async\" src=\"https:\/\/i0.wp.com\/neos-music.com\/images\/news\/10724_NZZ.jpg?ssl=1\" \/><\/p>\n","protected":false},"excerpt":{"rendered":"<p>Programm: Georg Friedrich Haas\u00a0(*1953) [01] 40:13\u00a0Hyperion\u00a0(2006) f\u00fcr Licht und Orchester SWR Sinfonieorchester Baden-Baden und Freiburg Rupert Huber, Leitung rosalie, Lichtinstallation &nbsp; J\u00f6rg Widmann\u00a0(*1973) [02] 13:40\u00a0Zweites Labyrinth\u00a0(2006) f\u00fcr Orchestergruppen SWR Sinfonieorchester Baden-Baden und Freiburg Hans Zender, Leitung gesamt\u00a053:53 Pressestimmen: 03\/2008 11.12.2007 Licht Spiel Musik Interpretation:\u00a0 Klangqualit\u00e4t:\u00a0 Repertoirewert:\u00a0 Booklet:\u00a0 Die Donaueschinger Musiktage bieten als eines der wenigen [&hellip;]<\/p>\n","protected":false},"featured_media":3266,"template":"","meta":{"site-sidebar-layout":"default","site-content-layout":"default","ast-site-content-layout":"default","site-content-style":"default","site-sidebar-style":"default","ast-global-header-display":"","ast-banner-title-visibility":"","ast-main-header-display":"","ast-hfb-above-header-display":"","ast-hfb-below-header-display":"","ast-hfb-mobile-header-display":"","site-post-title":"","ast-breadcrumbs-content":"","ast-featured-img":"","footer-sml-layout":"","theme-transparent-header-meta":"default","adv-header-id-meta":"","stick-header-meta":"","header-above-stick-meta":"","header-main-stick-meta":"","header-below-stick-meta":"","astra-migrate-meta-layouts":"default","ast-page-background-enabled":"default","ast-page-background-meta":{"desktop":{"background-color":"","background-image":"","background-repeat":"repeat","background-position":"center center","background-size":"auto","background-attachment":"scroll","background-type":"","background-media":"","overlay-type":"","overlay-color":"","overlay-opacity":"","overlay-gradient":""},"tablet":{"background-color":"","background-image":"","background-repeat":"repeat","background-position":"center center","background-size":"auto","background-attachment":"scroll","background-type":"","background-media":"","overlay-type":"","overlay-color":"","overlay-opacity":"","overlay-gradient":""},"mobile":{"background-color":"","background-image":"","background-repeat":"repeat","background-position":"center center","background-size":"auto","background-attachment":"scroll","background-type":"","background-media":"","overlay-type":"","overlay-color":"","overlay-opacity":"","overlay-gradient":""}},"ast-content-background-meta":{"desktop":{"background-color":"var(--ast-global-color-5)","background-image":"","background-repeat":"repeat","background-position":"center center","background-size":"auto","background-attachment":"scroll","background-type":"","background-media":"","overlay-type":"","overlay-color":"","overlay-opacity":"","overlay-gradient":""},"tablet":{"background-color":"var(--ast-global-color-5)","background-image":"","background-repeat":"repeat","background-position":"center center","background-size":"auto","background-attachment":"scroll","background-type":"","background-media":"","overlay-type":"","overlay-color":"","overlay-opacity":"","overlay-gradient":""},"mobile":{"background-color":"var(--ast-global-color-5)","background-image":"","background-repeat":"repeat","background-position":"center center","background-size":"auto","background-attachment":"scroll","background-type":"","background-media":"","overlay-type":"","overlay-color":"","overlay-opacity":"","overlay-gradient":""}}},"product_brand":[],"product_cat":[883,26],"product_tag":[],"class_list":{"0":"post-3265","1":"product","2":"type-product","3":"status-publish","4":"has-post-thumbnail","6":"product_cat-orchester","7":"product_cat-zeitgenossische-musik","8":"pa_artikelnummer-neos-10725","9":"pa_brand-neos-music","10":"pa_ean-806","11":"desktop-align-left","12":"tablet-align-left","13":"mobile-align-left","15":"first","16":"outofstock","17":"taxable","18":"shipping-taxable","19":"purchasable","20":"product-type-simple"},"yoast_head":"<!-- This site is optimized with the Yoast SEO plugin v27.3 - https:\/\/yoast.com\/product\/yoast-seo-wordpress\/ -->\n<title>Georg Friedrich Haas, J\u00f6rg Widmann: Donaueschinger Musiktage 2006 Vol. 2 - NEOS Music<\/title>\n<meta name=\"robots\" content=\"index, follow, max-snippet:-1, max-image-preview:large, max-video-preview:-1\" \/>\n<link rel=\"canonical\" href=\"https:\/\/neos-music.com\/en_us\/product\/georg-friedrich-haas-joerg-widmann-donaueschinger-musiktage-2006-vol-2\/\" \/>\n<meta property=\"og:locale\" content=\"en_US\" \/>\n<meta property=\"og:type\" content=\"article\" \/>\n<meta property=\"og:title\" content=\"Georg Friedrich Haas, J\u00f6rg Widmann: Donaueschinger Musiktage 2006 Vol. 2 - NEOS Music\" \/>\n<meta property=\"og:description\" content=\"Programm: Georg Friedrich Haas\u00a0(*1953) [01] 40:13\u00a0Hyperion\u00a0(2006) f\u00fcr Licht und Orchester SWR Sinfonieorchester Baden-Baden und Freiburg Rupert Huber, Leitung rosalie, Lichtinstallation &nbsp; J\u00f6rg Widmann\u00a0(*1973) [02] 13:40\u00a0Zweites Labyrinth\u00a0(2006) f\u00fcr Orchestergruppen SWR Sinfonieorchester Baden-Baden und Freiburg Hans Zender, Leitung gesamt\u00a053:53 Pressestimmen: 03\/2008 11.12.2007 Licht Spiel Musik Interpretation:\u00a0 Klangqualit\u00e4t:\u00a0 Repertoirewert:\u00a0 Booklet:\u00a0 Die Donaueschinger Musiktage bieten als eines der wenigen [&hellip;]\" \/>\n<meta property=\"og:url\" content=\"https:\/\/neos-music.com\/en_us\/product\/georg-friedrich-haas-joerg-widmann-donaueschinger-musiktage-2006-vol-2\/\" \/>\n<meta property=\"og:site_name\" content=\"NEOS Music\" \/>\n<meta property=\"article:modified_time\" content=\"2023-01-13T23:28:20+00:00\" \/>\n<meta property=\"og:image\" content=\"https:\/\/neos-music.com\/wp-content\/uploads\/2022\/11\/NEOS_10725_Donaueschingen_2006_Vol2.jpeg\" \/>\n\t<meta property=\"og:image:width\" content=\"1648\" \/>\n\t<meta property=\"og:image:height\" content=\"1481\" \/>\n\t<meta property=\"og:image:type\" content=\"image\/jpeg\" \/>\n<meta name=\"twitter:card\" content=\"summary_large_image\" \/>\n<meta name=\"twitter:label1\" content=\"Est. reading time\" \/>\n\t<meta name=\"twitter:data1\" content=\"3 minutes\" \/>\n<script type=\"application\/ld+json\" class=\"yoast-schema-graph\">{\"@context\":\"https:\\\/\\\/schema.org\",\"@graph\":[{\"@type\":\"WebPage\",\"@id\":\"https:\\\/\\\/neos-music.com\\\/product\\\/georg-friedrich-haas-joerg-widmann-donaueschinger-musiktage-2006-vol-2\\\/\",\"url\":\"https:\\\/\\\/neos-music.com\\\/product\\\/georg-friedrich-haas-joerg-widmann-donaueschinger-musiktage-2006-vol-2\\\/\",\"name\":\"Georg Friedrich Haas, J\u00f6rg Widmann: Donaueschinger Musiktage 2006 Vol. 2 - NEOS Music\",\"isPartOf\":{\"@id\":\"https:\\\/\\\/neos-music.com\\\/#website\"},\"primaryImageOfPage\":{\"@id\":\"https:\\\/\\\/neos-music.com\\\/product\\\/georg-friedrich-haas-joerg-widmann-donaueschinger-musiktage-2006-vol-2\\\/#primaryimage\"},\"image\":{\"@id\":\"https:\\\/\\\/neos-music.com\\\/product\\\/georg-friedrich-haas-joerg-widmann-donaueschinger-musiktage-2006-vol-2\\\/#primaryimage\"},\"thumbnailUrl\":\"https:\\\/\\\/i0.wp.com\\\/neos-music.com\\\/wp-content\\\/uploads\\\/2022\\\/11\\\/NEOS_10725_Donaueschingen_2006_Vol2.jpeg?fit=1648%2C1481&ssl=1\",\"datePublished\":\"2007-09-15T14:38:01+00:00\",\"dateModified\":\"2023-01-13T23:28:20+00:00\",\"breadcrumb\":{\"@id\":\"https:\\\/\\\/neos-music.com\\\/product\\\/georg-friedrich-haas-joerg-widmann-donaueschinger-musiktage-2006-vol-2\\\/#breadcrumb\"},\"inLanguage\":\"en-US\",\"potentialAction\":[{\"@type\":\"ReadAction\",\"target\":[\"https:\\\/\\\/neos-music.com\\\/product\\\/georg-friedrich-haas-joerg-widmann-donaueschinger-musiktage-2006-vol-2\\\/\"]}]},{\"@type\":\"ImageObject\",\"inLanguage\":\"en-US\",\"@id\":\"https:\\\/\\\/neos-music.com\\\/product\\\/georg-friedrich-haas-joerg-widmann-donaueschinger-musiktage-2006-vol-2\\\/#primaryimage\",\"url\":\"https:\\\/\\\/i0.wp.com\\\/neos-music.com\\\/wp-content\\\/uploads\\\/2022\\\/11\\\/NEOS_10725_Donaueschingen_2006_Vol2.jpeg?fit=1648%2C1481&ssl=1\",\"contentUrl\":\"https:\\\/\\\/i0.wp.com\\\/neos-music.com\\\/wp-content\\\/uploads\\\/2022\\\/11\\\/NEOS_10725_Donaueschingen_2006_Vol2.jpeg?fit=1648%2C1481&ssl=1\",\"width\":1648,\"height\":1481},{\"@type\":\"BreadcrumbList\",\"@id\":\"https:\\\/\\\/neos-music.com\\\/product\\\/georg-friedrich-haas-joerg-widmann-donaueschinger-musiktage-2006-vol-2\\\/#breadcrumb\",\"itemListElement\":[{\"@type\":\"ListItem\",\"position\":1,\"name\":\"Startseite\",\"item\":\"https:\\\/\\\/neos-music.com\\\/\"},{\"@type\":\"ListItem\",\"position\":2,\"name\":\"Produkte\",\"item\":\"https:\\\/\\\/neos-music.com\\\/shop__trashed\\\/\"},{\"@type\":\"ListItem\",\"position\":3,\"name\":\"Georg Friedrich Haas, J\u00f6rg Widmann: Donaueschinger Musiktage 2006 Vol. 2\"}]},{\"@type\":\"WebSite\",\"@id\":\"https:\\\/\\\/neos-music.com\\\/#website\",\"url\":\"https:\\\/\\\/neos-music.com\\\/\",\"name\":\"NEOS Music\",\"description\":\"Dein Online Shop f\u00fcr zeitgen\u00f6ssische Musik, Jazz und Classics!\",\"publisher\":{\"@id\":\"https:\\\/\\\/neos-music.com\\\/#organization\"},\"potentialAction\":[{\"@type\":\"SearchAction\",\"target\":{\"@type\":\"EntryPoint\",\"urlTemplate\":\"https:\\\/\\\/neos-music.com\\\/?s={search_term_string}\"},\"query-input\":{\"@type\":\"PropertyValueSpecification\",\"valueRequired\":true,\"valueName\":\"search_term_string\"}}],\"inLanguage\":\"en-US\"},{\"@type\":\"Organization\",\"@id\":\"https:\\\/\\\/neos-music.com\\\/#organization\",\"name\":\"NEOS Music\",\"url\":\"https:\\\/\\\/neos-music.com\\\/\",\"logo\":{\"@type\":\"ImageObject\",\"inLanguage\":\"en-US\",\"@id\":\"https:\\\/\\\/neos-music.com\\\/#\\\/schema\\\/logo\\\/image\\\/\",\"url\":\"https:\\\/\\\/i0.wp.com\\\/neos-music.com\\\/wp-content\\\/uploads\\\/2025\\\/08\\\/NEOS-Logo-weiss.png?fit=800%2C203&ssl=1\",\"contentUrl\":\"https:\\\/\\\/i0.wp.com\\\/neos-music.com\\\/wp-content\\\/uploads\\\/2025\\\/08\\\/NEOS-Logo-weiss.png?fit=800%2C203&ssl=1\",\"width\":800,\"height\":203,\"caption\":\"NEOS Music\"},\"image\":{\"@id\":\"https:\\\/\\\/neos-music.com\\\/#\\\/schema\\\/logo\\\/image\\\/\"}}]}<\/script>\n<!-- \/ Yoast SEO plugin. -->","yoast_head_json":{"title":"Georg Friedrich Haas, J\u00f6rg Widmann: Donaueschinger Musiktage 2006 Vol. 2 - NEOS Music","robots":{"index":"index","follow":"follow","max-snippet":"max-snippet:-1","max-image-preview":"max-image-preview:large","max-video-preview":"max-video-preview:-1"},"canonical":"https:\/\/neos-music.com\/en_us\/product\/georg-friedrich-haas-joerg-widmann-donaueschinger-musiktage-2006-vol-2\/","og_locale":"en_US","og_type":"article","og_title":"Georg Friedrich Haas, J\u00f6rg Widmann: Donaueschinger Musiktage 2006 Vol. 2 - NEOS Music","og_description":"Programm: Georg Friedrich Haas\u00a0(*1953) [01] 40:13\u00a0Hyperion\u00a0(2006) f\u00fcr Licht und Orchester SWR Sinfonieorchester Baden-Baden und Freiburg Rupert Huber, Leitung rosalie, Lichtinstallation &nbsp; J\u00f6rg Widmann\u00a0(*1973) [02] 13:40\u00a0Zweites Labyrinth\u00a0(2006) f\u00fcr Orchestergruppen SWR Sinfonieorchester Baden-Baden und Freiburg Hans Zender, Leitung gesamt\u00a053:53 Pressestimmen: 03\/2008 11.12.2007 Licht Spiel Musik Interpretation:\u00a0 Klangqualit\u00e4t:\u00a0 Repertoirewert:\u00a0 Booklet:\u00a0 Die Donaueschinger Musiktage bieten als eines der wenigen [&hellip;]","og_url":"https:\/\/neos-music.com\/en_us\/product\/georg-friedrich-haas-joerg-widmann-donaueschinger-musiktage-2006-vol-2\/","og_site_name":"NEOS Music","article_modified_time":"2023-01-13T23:28:20+00:00","og_image":[{"width":1648,"height":1481,"url":"https:\/\/neos-music.com\/wp-content\/uploads\/2022\/11\/NEOS_10725_Donaueschingen_2006_Vol2.jpeg","type":"image\/jpeg"}],"twitter_card":"summary_large_image","twitter_misc":{"Est. reading time":"3 minutes"},"schema":{"@context":"https:\/\/schema.org","@graph":[{"@type":"WebPage","@id":"https:\/\/neos-music.com\/product\/georg-friedrich-haas-joerg-widmann-donaueschinger-musiktage-2006-vol-2\/","url":"https:\/\/neos-music.com\/product\/georg-friedrich-haas-joerg-widmann-donaueschinger-musiktage-2006-vol-2\/","name":"Georg Friedrich Haas, J\u00f6rg Widmann: Donaueschinger Musiktage 2006 Vol. 2 - NEOS Music","isPartOf":{"@id":"https:\/\/neos-music.com\/#website"},"primaryImageOfPage":{"@id":"https:\/\/neos-music.com\/product\/georg-friedrich-haas-joerg-widmann-donaueschinger-musiktage-2006-vol-2\/#primaryimage"},"image":{"@id":"https:\/\/neos-music.com\/product\/georg-friedrich-haas-joerg-widmann-donaueschinger-musiktage-2006-vol-2\/#primaryimage"},"thumbnailUrl":"https:\/\/i0.wp.com\/neos-music.com\/wp-content\/uploads\/2022\/11\/NEOS_10725_Donaueschingen_2006_Vol2.jpeg?fit=1648%2C1481&ssl=1","datePublished":"2007-09-15T14:38:01+00:00","dateModified":"2023-01-13T23:28:20+00:00","breadcrumb":{"@id":"https:\/\/neos-music.com\/product\/georg-friedrich-haas-joerg-widmann-donaueschinger-musiktage-2006-vol-2\/#breadcrumb"},"inLanguage":"en-US","potentialAction":[{"@type":"ReadAction","target":["https:\/\/neos-music.com\/product\/georg-friedrich-haas-joerg-widmann-donaueschinger-musiktage-2006-vol-2\/"]}]},{"@type":"ImageObject","inLanguage":"en-US","@id":"https:\/\/neos-music.com\/product\/georg-friedrich-haas-joerg-widmann-donaueschinger-musiktage-2006-vol-2\/#primaryimage","url":"https:\/\/i0.wp.com\/neos-music.com\/wp-content\/uploads\/2022\/11\/NEOS_10725_Donaueschingen_2006_Vol2.jpeg?fit=1648%2C1481&ssl=1","contentUrl":"https:\/\/i0.wp.com\/neos-music.com\/wp-content\/uploads\/2022\/11\/NEOS_10725_Donaueschingen_2006_Vol2.jpeg?fit=1648%2C1481&ssl=1","width":1648,"height":1481},{"@type":"BreadcrumbList","@id":"https:\/\/neos-music.com\/product\/georg-friedrich-haas-joerg-widmann-donaueschinger-musiktage-2006-vol-2\/#breadcrumb","itemListElement":[{"@type":"ListItem","position":1,"name":"Startseite","item":"https:\/\/neos-music.com\/"},{"@type":"ListItem","position":2,"name":"Produkte","item":"https:\/\/neos-music.com\/shop__trashed\/"},{"@type":"ListItem","position":3,"name":"Georg Friedrich Haas, J\u00f6rg Widmann: Donaueschinger Musiktage 2006 Vol. 2"}]},{"@type":"WebSite","@id":"https:\/\/neos-music.com\/#website","url":"https:\/\/neos-music.com\/","name":"NEOS Music","description":"Dein Online Shop f\u00fcr zeitgen\u00f6ssische Musik, Jazz und Classics!","publisher":{"@id":"https:\/\/neos-music.com\/#organization"},"potentialAction":[{"@type":"SearchAction","target":{"@type":"EntryPoint","urlTemplate":"https:\/\/neos-music.com\/?s={search_term_string}"},"query-input":{"@type":"PropertyValueSpecification","valueRequired":true,"valueName":"search_term_string"}}],"inLanguage":"en-US"},{"@type":"Organization","@id":"https:\/\/neos-music.com\/#organization","name":"NEOS Music","url":"https:\/\/neos-music.com\/","logo":{"@type":"ImageObject","inLanguage":"en-US","@id":"https:\/\/neos-music.com\/#\/schema\/logo\/image\/","url":"https:\/\/i0.wp.com\/neos-music.com\/wp-content\/uploads\/2025\/08\/NEOS-Logo-weiss.png?fit=800%2C203&ssl=1","contentUrl":"https:\/\/i0.wp.com\/neos-music.com\/wp-content\/uploads\/2025\/08\/NEOS-Logo-weiss.png?fit=800%2C203&ssl=1","width":800,"height":203,"caption":"NEOS Music"},"image":{"@id":"https:\/\/neos-music.com\/#\/schema\/logo\/image\/"}}]}},"jetpack_sharing_enabled":true,"_links":{"self":[{"href":"https:\/\/neos-music.com\/en_us\/wp-json\/wp\/v2\/product\/3265","targetHints":{"allow":["GET"]}}],"collection":[{"href":"https:\/\/neos-music.com\/en_us\/wp-json\/wp\/v2\/product"}],"about":[{"href":"https:\/\/neos-music.com\/en_us\/wp-json\/wp\/v2\/types\/product"}],"version-history":[{"count":0,"href":"https:\/\/neos-music.com\/en_us\/wp-json\/wp\/v2\/product\/3265\/revisions"}],"wp:featuredmedia":[{"embeddable":true,"href":"https:\/\/neos-music.com\/en_us\/wp-json\/wp\/v2\/media\/3266"}],"wp:attachment":[{"href":"https:\/\/neos-music.com\/en_us\/wp-json\/wp\/v2\/media?parent=3265"}],"wp:term":[{"taxonomy":"product_brand","embeddable":true,"href":"https:\/\/neos-music.com\/en_us\/wp-json\/wp\/v2\/product_brand?post=3265"},{"taxonomy":"product_cat","embeddable":true,"href":"https:\/\/neos-music.com\/en_us\/wp-json\/wp\/v2\/product_cat?post=3265"},{"taxonomy":"product_tag","embeddable":true,"href":"https:\/\/neos-music.com\/en_us\/wp-json\/wp\/v2\/product_tag?post=3265"}],"curies":[{"name":"wp","href":"https:\/\/api.w.org\/{rel}","templated":true}]}}