{"id":3267,"date":"2007-09-15T14:40:21","date_gmt":"2007-09-15T14:40:21","guid":{"rendered":"https:\/\/neos-music.com\/?post_type=product&#038;p=3267"},"modified":"2023-01-13T23:28:36","modified_gmt":"2023-01-13T23:28:36","slug":"martin-smolka-wolfgang-mitterer-donaueschinger-musiktage-2006-vol-3","status":"publish","type":"product","link":"https:\/\/neos-music.com\/en_us\/product\/martin-smolka-wolfgang-mitterer-donaueschinger-musiktage-2006-vol-3\/","title":{"rendered":"Martin Smolka, Wolfgang Mitterer: Donaueschinger Musiktage 2006 Vol. 3"},"content":{"rendered":"<p>Infotext:<\/p>\n<p><b>Martin Smolka<\/b>\u00a0(*1959)<br \/>\n43:43\u00a0<b>Semplice<\/b>\u00a0(2006)<br \/>\nf\u00fcr alte und neue Instrumente in sechs S\u00e4tzen<\/p>\n<p>[01] 09:55 I.<br \/>\n[02] 06:55 II.<br \/>\n[03] 08:20 III.<br \/>\n<span id=\"flash1\"><\/span><\/p>\n<p>[04] 05:50 IV.<br \/>\n[05] 09:33 V.<br \/>\n[06] 03:10 VI.<\/p>\n<p><a class=\"arcoma_glossarylink\" href=\"https:\/\/neos-music.com\/output.php?content=Kuenstler\/ensemble_recherche.php&amp;treplace=english%2Cgerman\" target=\"_self\" rel=\"noopener\">ensemble recherche<\/a><br \/>\nFreiburger Barockorchester<br \/>\n<a class=\"arcoma_glossarylink\" href=\"https:\/\/neos-music.com\/output.php?content=Kuenstler\/Vis_Lucas.php&amp;treplace=english%2Cgerman\" target=\"_self\" rel=\"noopener\">Lucas Vis<\/a>, Dirigent<\/p>\n<p>&nbsp;<\/p>\n<p><b>Wolfgang Mitterer<\/b>\u00a0(*1958)<br \/>\n22:39\u00a0<b>inwendig losgel\u00f6st<\/b>\u00a0(2006)<br \/>\nf\u00fcr Barockorchester, Ensemble und Electronics<\/p>\n<p>[07] 01:11 leer und klagend<br \/>\n[08] 03:05 rasant<br \/>\n<span id=\"flash2\"><\/span><\/p>\n<p>[09] 01:49 ratlos klirrend<br \/>\n[10] 03:58 schrittweise langgezogen<br \/>\n[11] 02:01 beil\u00e4ufig t\u00e4nzelnd<br \/>\n[12] 01:29 tosend<br \/>\n[13] 02:29 frei schwebend<br \/>\n[14] 02:41 tr\u00e4nenblind<br \/>\n[15] 01:37 mit einem lachenden auge<br \/>\n[16] 02:19 stundenlang<\/p>\n<p><a class=\"arcoma_glossarylink\" href=\"https:\/\/neos-music.com\/output.php?content=Kuenstler\/Wolfgang_Mitterer.php&amp;treplace=english%2Cgerman\" target=\"_self\" rel=\"noopener\">Wolfgang Mitterer<\/a>, turntables<br \/>\nFreiburger Barockorchester<br \/>\n<a class=\"arcoma_glossarylink\" href=\"https:\/\/neos-music.com\/output.php?content=Kuenstler\/Vis_Lucas.php&amp;treplace=english%2Cgerman\" target=\"_self\" rel=\"noopener\">Lucas Vis<\/a>, Dirigent<br \/>\n<a class=\"arcoma_glossarylink\" href=\"https:\/\/neos-music.com\/output.php?content=Kuenstler\/ensemble_recherche.php&amp;treplace=english%2Cgerman\" target=\"_self\" rel=\"noopener\">ensemble recherche<\/a><br \/>\nExperimentalstudio f\u00fcr akustische Kunst, Freiburg<br \/>\nReinhold Braig\/Joachim Haas, Klangregie<\/p>\n<p><b>gesamt 67:40<\/b><\/p>\n<p>Pressestimmen:<\/p>\n<p><img data-recalc-dims=\"1\" decoding=\"async\" src=\"https:\/\/i0.wp.com\/neos-music.com\/images\/news\/logo_FonoForum.gif?ssl=1\" \/><br \/>\n03.2008<\/p>\n<p><img data-recalc-dims=\"1\" decoding=\"async\" src=\"https:\/\/i0.wp.com\/neos-music.com\/images\/news\/10724_FoFo_0208.jpg?ssl=1\" \/><\/p>\n<p><img data-recalc-dims=\"1\" decoding=\"async\" src=\"https:\/\/i0.wp.com\/neos-music.com\/images\/news\/logo_Jazzthetik.jpg?ssl=1\" \/><br \/>\n02.2008<\/p>\n<p><img data-recalc-dims=\"1\" decoding=\"async\" src=\"https:\/\/i0.wp.com\/neos-music.com\/images\/news\/10724_Jazzthetik_Maerz2008.jpg?ssl=1\" \/><\/p>\n<p>&nbsp;<\/p>\n<p><img data-recalc-dims=\"1\" decoding=\"async\" src=\"https:\/\/i0.wp.com\/neos-music.com\/images\/news\/klassikcom.gif?ssl=1\" \/><br \/>\n13.12.2007<\/p>\n<p><b>Aus alt mach neu<\/b><\/p>\n<p>Interpretation:\u00a0<img data-recalc-dims=\"1\" decoding=\"async\" src=\"https:\/\/i0.wp.com\/neos-music.com\/images\/news\/star_schwarz.gif?ssl=1\" \/><img data-recalc-dims=\"1\" decoding=\"async\" src=\"https:\/\/i0.wp.com\/neos-music.com\/images\/news\/star_schwarz.gif?ssl=1\" \/><img data-recalc-dims=\"1\" decoding=\"async\" src=\"https:\/\/i0.wp.com\/neos-music.com\/images\/news\/star_schwarz.gif?ssl=1\" \/><img data-recalc-dims=\"1\" decoding=\"async\" src=\"https:\/\/i0.wp.com\/neos-music.com\/images\/news\/star_schwarz.gif?ssl=1\" \/><img data-recalc-dims=\"1\" decoding=\"async\" src=\"https:\/\/i0.wp.com\/neos-music.com\/images\/news\/star_schwarz.gif?ssl=1\" \/><br \/>\nKlangqualit\u00e4t:\u00a0<img data-recalc-dims=\"1\" decoding=\"async\" src=\"https:\/\/i0.wp.com\/neos-music.com\/images\/news\/star_schwarz.gif?ssl=1\" \/><img data-recalc-dims=\"1\" decoding=\"async\" src=\"https:\/\/i0.wp.com\/neos-music.com\/images\/news\/star_schwarz.gif?ssl=1\" \/><img data-recalc-dims=\"1\" decoding=\"async\" src=\"https:\/\/i0.wp.com\/neos-music.com\/images\/news\/star_schwarz.gif?ssl=1\" \/><img data-recalc-dims=\"1\" decoding=\"async\" src=\"https:\/\/i0.wp.com\/neos-music.com\/images\/news\/star_schwarz.gif?ssl=1\" \/><img data-recalc-dims=\"1\" decoding=\"async\" src=\"https:\/\/i0.wp.com\/neos-music.com\/images\/news\/star_grau.gif?ssl=1\" \/><br \/>\nRepertoirewert:\u00a0<img data-recalc-dims=\"1\" decoding=\"async\" src=\"https:\/\/i0.wp.com\/neos-music.com\/images\/news\/star_schwarz.gif?ssl=1\" \/><img data-recalc-dims=\"1\" decoding=\"async\" src=\"https:\/\/i0.wp.com\/neos-music.com\/images\/news\/star_schwarz.gif?ssl=1\" \/><img data-recalc-dims=\"1\" decoding=\"async\" src=\"https:\/\/i0.wp.com\/neos-music.com\/images\/news\/star_schwarz.gif?ssl=1\" \/><img data-recalc-dims=\"1\" decoding=\"async\" src=\"https:\/\/i0.wp.com\/neos-music.com\/images\/news\/star_schwarz.gif?ssl=1\" \/><img data-recalc-dims=\"1\" decoding=\"async\" src=\"https:\/\/i0.wp.com\/neos-music.com\/images\/news\/star_grau.gif?ssl=1\" \/><br \/>\nBooklet:\u00a0<img data-recalc-dims=\"1\" decoding=\"async\" src=\"https:\/\/i0.wp.com\/neos-music.com\/images\/news\/star_schwarz.gif?ssl=1\" \/><img data-recalc-dims=\"1\" decoding=\"async\" src=\"https:\/\/i0.wp.com\/neos-music.com\/images\/news\/star_schwarz.gif?ssl=1\" \/><img data-recalc-dims=\"1\" decoding=\"async\" src=\"https:\/\/i0.wp.com\/neos-music.com\/images\/news\/star_grau.gif?ssl=1\" \/><img data-recalc-dims=\"1\" decoding=\"async\" src=\"https:\/\/i0.wp.com\/neos-music.com\/images\/news\/star_grau.gif?ssl=1\" \/><img data-recalc-dims=\"1\" decoding=\"async\" src=\"https:\/\/i0.wp.com\/neos-music.com\/images\/news\/star_grau.gif?ssl=1\" \/><\/p>\n<p>Eine neue Tradition beginnt sich in Donaueschingen zu etablieren: neben den reinen \u2018Urauff\u00fchrungskonzerten\u2019 entstehen immer \u00f6fter Projekte, die sich der Entwicklung neuer musikalischer Konzepte widmen. 2006 wurden drei Komponisten beauftragt, Musik zu schreiben, die bewusst das \u2018Alte\u2019 integriert in Form von historischen Instrumenten und Spieltechniken. Das Freiburger Barockorchester, das bereits mit seinem Projekt \u2018About Baroque\u2019 bewiesen hat, wie flexibel es sich moderne Klangsprache aneignen kann, avancierte mit dem ensemble recherche zum Protagonisten des Konzertes. Zwei St\u00fccke wurden f\u00fcr die Donaueschingen-Dokumentation 2006 ausgew\u00e4hlt, deren dritte Folge nun bei NEOS erschienen ist.<br \/>\nMartin Smolkas \u2018semplice\u2019 f\u00fcr alte und neue Instrumente stellt sich der Dialektik von alter und neuer Klanglichkeit. In einer guten Dreiviertelstunde werden Unterschiede in Stimmung und Klang der Instrumente fein ausgeh\u00f6rt: nicht temperierte T\u00f6ne, mikrotonale Abweichungen, schwebungsreiche Gegen\u00fcberstellungen verschiedener Obertonschichtungen und immer wieder Stille als Ziel- und Ausgangspunkt der musikalischen Faktur, erzeugen einen ruhig konzentrierten Fluss, der trotz des beschr\u00e4nkten Materials nie das Gef\u00fchl von Leere aufkommen l\u00e4sst. Die Zeit wird hier au\u00dfer Kraft gesetzt, in der Beschr\u00e4nkung auf scheinbar kleine Gesten liegt unerh\u00f6rter Reichtum und durchdringende Intensit\u00e4t. Obwohl Smolka mit dem Simplen kokettiert, zeigt er doch die Komplexit\u00e4t des auf den ersten Blick so Unscheinbaren.<br \/>\nDie Musiker des Freiburger Barockorchesters tun hier, was sie gewohnt sind zu tun: sie erwecken eine angeblich \u2018alte\u2019 Klanglichkeit zum Leben und weisen ihre Aktualit\u00e4t auf. Im Zusammenspiel mit den \u2018neuen\u2019 T\u00f6nen des ensemble recherche entsteht eine homogene Musik, die gewisserma\u00dfen Grundlagenforschung des musikalischen Gestus betreibt.<br \/>\nWolfgang Mitterer hat mit \u2018inwendig losgel\u00f6st\u2019 ein \u00e4u\u00dferst innovatives Konzept geschaffen, das sich von dem strengen Korsett der exakten Notierung l\u00f6st und den Musikern ein St\u00fcck der improvisatorischen Freiheit wiedergibt, die jahrhundertelang der musikgeschichtliche Normalfall war. Die Grundlage seines Werkes bildet Georg Philipp Telemanns Wassermusik, interpretiert in Ausz\u00fcgen durch die Musiker des Freiburger Barockorchesters. Die Passagen werden imitiert, gesamplet, elektronisch verfremdet und neu zugespielt. Die Musiker des ensemble recherche spielen zum Teil nach per Kopfh\u00f6rer zugespielten CD-Tracks, als Imitationsvorlage f\u00fcr nicht exakt notierbare Effekte. Mitterer selbst steuert den Gesamtprozess von seinen Turntables aus.<br \/>\nDas klangliche Ergebnis ist ein virtuoses Verformen von musikalischen Strukturen und Floskeln der Originalvorlage, ein Zusammenprall zwischen alter und neuer \u00c4sthetik, der urknallgleich Neues generiert. \u2018inwendig losgel\u00f6st\u2019 beeindruckt auch durch das Miteinander von lebendiger Emotionalit\u00e4t und struktureller Komplexit\u00e4t, durch den kreativen Gegensatz zwischen formaler, im Aufl\u00f6sen begriffener Strenge und improvisatorischer Freiheit.<br \/>\nBeide Werke sind ein wunderbares Beispiel f\u00fcr das Potential von Grenz\u00fcberschreitung, die mit dem neudeutschen \u2018Crossover\u2019 wenig zu tun haben. Hier \u00f6ffnen sich Perspektiven auf neue M\u00f6glichkeiten, gleichzeitig offenbart sich dem H\u00f6rer ein selten genauer Blick auf klangliche Wurzeln der heutigen Musik. Bedauerlich nur, dass das Beiheft zur Dokumentations-CD sich auf die Wiedergabe der kurzen Programmnotizen der Komponisten beschr\u00e4nkt. Ein Blick von au\u00dfen, eine R\u00fcckschau vielleicht auf den innovativen Charakter des Projektes, w\u00e4re der Tragweite des Ereignisses durchaus angemessen gewesen.<\/p>\n<p>Paul H\u00fcbner<\/p>\n<p><img data-recalc-dims=\"1\" decoding=\"async\" src=\"https:\/\/i0.wp.com\/neos-music.com\/images\/news\/Diverdi-Logo013.jpg?ssl=1\" \/><br \/>\n11\/12.2007<\/p>\n<p><img data-recalc-dims=\"1\" decoding=\"async\" src=\"https:\/\/i0.wp.com\/neos-music.com\/images\/news\/10726_Diverdi_11u1207.jpg?ssl=1\" \/><\/p>\n<p><img data-recalc-dims=\"1\" decoding=\"async\" src=\"https:\/\/i0.wp.com\/neos-music.com\/images\/news\/10724_NZZ.jpg?ssl=1\" \/><\/p>\n","protected":false},"excerpt":{"rendered":"<p>Infotext: Martin Smolka\u00a0(*1959) 43:43\u00a0Semplice\u00a0(2006) f\u00fcr alte und neue Instrumente in sechs S\u00e4tzen [01] 09:55 I. [02] 06:55 II. [03] 08:20 III. [04] 05:50 IV. [05] 09:33 V. [06] 03:10 VI. ensemble recherche Freiburger Barockorchester Lucas Vis, Dirigent &nbsp; Wolfgang Mitterer\u00a0(*1958) 22:39\u00a0inwendig losgel\u00f6st\u00a0(2006) f\u00fcr Barockorchester, Ensemble und Electronics [07] 01:11 leer und klagend [08] 03:05 rasant [&hellip;]<\/p>\n","protected":false},"featured_media":3268,"template":"","meta":{"site-sidebar-layout":"default","site-content-layout":"default","ast-site-content-layout":"default","site-content-style":"default","site-sidebar-style":"default","ast-global-header-display":"","ast-banner-title-visibility":"","ast-main-header-display":"","ast-hfb-above-header-display":"","ast-hfb-below-header-display":"","ast-hfb-mobile-header-display":"","site-post-title":"","ast-breadcrumbs-content":"","ast-featured-img":"","footer-sml-layout":"","theme-transparent-header-meta":"default","adv-header-id-meta":"","stick-header-meta":"","header-above-stick-meta":"","header-main-stick-meta":"","header-below-stick-meta":"","astra-migrate-meta-layouts":"default","ast-page-background-enabled":"default","ast-page-background-meta":{"desktop":{"background-color":"","background-image":"","background-repeat":"repeat","background-position":"center center","background-size":"auto","background-attachment":"scroll","background-type":"","background-media":"","overlay-type":"","overlay-color":"","overlay-opacity":"","overlay-gradient":""},"tablet":{"background-color":"","background-image":"","background-repeat":"repeat","background-position":"center center","background-size":"auto","background-attachment":"scroll","background-type":"","background-media":"","overlay-type":"","overlay-color":"","overlay-opacity":"","overlay-gradient":""},"mobile":{"background-color":"","background-image":"","background-repeat":"repeat","background-position":"center center","background-size":"auto","background-attachment":"scroll","background-type":"","background-media":"","overlay-type":"","overlay-color":"","overlay-opacity":"","overlay-gradient":""}},"ast-content-background-meta":{"desktop":{"background-color":"var(--ast-global-color-5)","background-image":"","background-repeat":"repeat","background-position":"center center","background-size":"auto","background-attachment":"scroll","background-type":"","background-media":"","overlay-type":"","overlay-color":"","overlay-opacity":"","overlay-gradient":""},"tablet":{"background-color":"var(--ast-global-color-5)","background-image":"","background-repeat":"repeat","background-position":"center center","background-size":"auto","background-attachment":"scroll","background-type":"","background-media":"","overlay-type":"","overlay-color":"","overlay-opacity":"","overlay-gradient":""},"mobile":{"background-color":"var(--ast-global-color-5)","background-image":"","background-repeat":"repeat","background-position":"center center","background-size":"auto","background-attachment":"scroll","background-type":"","background-media":"","overlay-type":"","overlay-color":"","overlay-opacity":"","overlay-gradient":""}}},"product_brand":[],"product_cat":[883,26],"product_tag":[],"class_list":{"0":"post-3267","1":"product","2":"type-product","3":"status-publish","4":"has-post-thumbnail","6":"product_cat-orchester","7":"product_cat-zeitgenossische-musik","8":"pa_artikelnummer-neos-10726","9":"pa_brand-neos-music","10":"pa_ean-808","11":"desktop-align-left","12":"tablet-align-left","13":"mobile-align-left","15":"first","16":"instock","17":"taxable","18":"shipping-taxable","19":"purchasable","20":"product-type-simple"},"yoast_head":"<!-- This site is optimized with the Yoast SEO plugin v27.3 - https:\/\/yoast.com\/product\/yoast-seo-wordpress\/ -->\n<title>Martin Smolka, Wolfgang Mitterer: Donaueschinger Musiktage 2006 Vol. 3 - NEOS Music<\/title>\n<meta name=\"robots\" content=\"index, follow, max-snippet:-1, max-image-preview:large, max-video-preview:-1\" \/>\n<link rel=\"canonical\" href=\"https:\/\/neos-music.com\/en_us\/product\/martin-smolka-wolfgang-mitterer-donaueschinger-musiktage-2006-vol-3\/\" \/>\n<meta property=\"og:locale\" content=\"en_US\" \/>\n<meta property=\"og:type\" content=\"article\" \/>\n<meta property=\"og:title\" content=\"Martin Smolka, Wolfgang Mitterer: Donaueschinger Musiktage 2006 Vol. 3 - NEOS Music\" \/>\n<meta property=\"og:description\" content=\"Infotext: Martin Smolka\u00a0(*1959) 43:43\u00a0Semplice\u00a0(2006) f\u00fcr alte und neue Instrumente in sechs S\u00e4tzen [01] 09:55 I. [02] 06:55 II. [03] 08:20 III. [04] 05:50 IV. [05] 09:33 V. [06] 03:10 VI. ensemble recherche Freiburger Barockorchester Lucas Vis, Dirigent &nbsp; Wolfgang Mitterer\u00a0(*1958) 22:39\u00a0inwendig losgel\u00f6st\u00a0(2006) f\u00fcr Barockorchester, Ensemble und Electronics [07] 01:11 leer und klagend [08] 03:05 rasant [&hellip;]\" \/>\n<meta property=\"og:url\" content=\"https:\/\/neos-music.com\/en_us\/product\/martin-smolka-wolfgang-mitterer-donaueschinger-musiktage-2006-vol-3\/\" \/>\n<meta property=\"og:site_name\" content=\"NEOS Music\" \/>\n<meta property=\"article:modified_time\" content=\"2023-01-13T23:28:36+00:00\" \/>\n<meta property=\"og:image\" content=\"https:\/\/neos-music.com\/wp-content\/uploads\/2022\/11\/NEOS_10726_Donaueschingen_2006_Vol3.jpeg\" \/>\n\t<meta property=\"og:image:width\" content=\"1646\" \/>\n\t<meta property=\"og:image:height\" content=\"1482\" \/>\n\t<meta property=\"og:image:type\" content=\"image\/jpeg\" \/>\n<meta name=\"twitter:card\" content=\"summary_large_image\" \/>\n<meta name=\"twitter:label1\" content=\"Est. reading time\" \/>\n\t<meta name=\"twitter:data1\" content=\"3 minutes\" \/>\n<script type=\"application\/ld+json\" class=\"yoast-schema-graph\">{\"@context\":\"https:\\\/\\\/schema.org\",\"@graph\":[{\"@type\":\"WebPage\",\"@id\":\"https:\\\/\\\/neos-music.com\\\/product\\\/martin-smolka-wolfgang-mitterer-donaueschinger-musiktage-2006-vol-3\\\/\",\"url\":\"https:\\\/\\\/neos-music.com\\\/product\\\/martin-smolka-wolfgang-mitterer-donaueschinger-musiktage-2006-vol-3\\\/\",\"name\":\"Martin Smolka, Wolfgang Mitterer: Donaueschinger Musiktage 2006 Vol. 3 - NEOS Music\",\"isPartOf\":{\"@id\":\"https:\\\/\\\/neos-music.com\\\/#website\"},\"primaryImageOfPage\":{\"@id\":\"https:\\\/\\\/neos-music.com\\\/product\\\/martin-smolka-wolfgang-mitterer-donaueschinger-musiktage-2006-vol-3\\\/#primaryimage\"},\"image\":{\"@id\":\"https:\\\/\\\/neos-music.com\\\/product\\\/martin-smolka-wolfgang-mitterer-donaueschinger-musiktage-2006-vol-3\\\/#primaryimage\"},\"thumbnailUrl\":\"https:\\\/\\\/i0.wp.com\\\/neos-music.com\\\/wp-content\\\/uploads\\\/2022\\\/11\\\/NEOS_10726_Donaueschingen_2006_Vol3.jpeg?fit=1646%2C1482&ssl=1\",\"datePublished\":\"2007-09-15T14:40:21+00:00\",\"dateModified\":\"2023-01-13T23:28:36+00:00\",\"breadcrumb\":{\"@id\":\"https:\\\/\\\/neos-music.com\\\/product\\\/martin-smolka-wolfgang-mitterer-donaueschinger-musiktage-2006-vol-3\\\/#breadcrumb\"},\"inLanguage\":\"en-US\",\"potentialAction\":[{\"@type\":\"ReadAction\",\"target\":[\"https:\\\/\\\/neos-music.com\\\/product\\\/martin-smolka-wolfgang-mitterer-donaueschinger-musiktage-2006-vol-3\\\/\"]}]},{\"@type\":\"ImageObject\",\"inLanguage\":\"en-US\",\"@id\":\"https:\\\/\\\/neos-music.com\\\/product\\\/martin-smolka-wolfgang-mitterer-donaueschinger-musiktage-2006-vol-3\\\/#primaryimage\",\"url\":\"https:\\\/\\\/i0.wp.com\\\/neos-music.com\\\/wp-content\\\/uploads\\\/2022\\\/11\\\/NEOS_10726_Donaueschingen_2006_Vol3.jpeg?fit=1646%2C1482&ssl=1\",\"contentUrl\":\"https:\\\/\\\/i0.wp.com\\\/neos-music.com\\\/wp-content\\\/uploads\\\/2022\\\/11\\\/NEOS_10726_Donaueschingen_2006_Vol3.jpeg?fit=1646%2C1482&ssl=1\",\"width\":1646,\"height\":1482},{\"@type\":\"BreadcrumbList\",\"@id\":\"https:\\\/\\\/neos-music.com\\\/product\\\/martin-smolka-wolfgang-mitterer-donaueschinger-musiktage-2006-vol-3\\\/#breadcrumb\",\"itemListElement\":[{\"@type\":\"ListItem\",\"position\":1,\"name\":\"Startseite\",\"item\":\"https:\\\/\\\/neos-music.com\\\/\"},{\"@type\":\"ListItem\",\"position\":2,\"name\":\"Produkte\",\"item\":\"https:\\\/\\\/neos-music.com\\\/shop__trashed\\\/\"},{\"@type\":\"ListItem\",\"position\":3,\"name\":\"Martin Smolka, Wolfgang Mitterer: Donaueschinger Musiktage 2006 Vol. 3\"}]},{\"@type\":\"WebSite\",\"@id\":\"https:\\\/\\\/neos-music.com\\\/#website\",\"url\":\"https:\\\/\\\/neos-music.com\\\/\",\"name\":\"NEOS Music\",\"description\":\"Dein Online Shop f\u00fcr zeitgen\u00f6ssische Musik, Jazz und Classics!\",\"publisher\":{\"@id\":\"https:\\\/\\\/neos-music.com\\\/#organization\"},\"potentialAction\":[{\"@type\":\"SearchAction\",\"target\":{\"@type\":\"EntryPoint\",\"urlTemplate\":\"https:\\\/\\\/neos-music.com\\\/?s={search_term_string}\"},\"query-input\":{\"@type\":\"PropertyValueSpecification\",\"valueRequired\":true,\"valueName\":\"search_term_string\"}}],\"inLanguage\":\"en-US\"},{\"@type\":\"Organization\",\"@id\":\"https:\\\/\\\/neos-music.com\\\/#organization\",\"name\":\"NEOS Music\",\"url\":\"https:\\\/\\\/neos-music.com\\\/\",\"logo\":{\"@type\":\"ImageObject\",\"inLanguage\":\"en-US\",\"@id\":\"https:\\\/\\\/neos-music.com\\\/#\\\/schema\\\/logo\\\/image\\\/\",\"url\":\"https:\\\/\\\/i0.wp.com\\\/neos-music.com\\\/wp-content\\\/uploads\\\/2025\\\/08\\\/NEOS-Logo-weiss.png?fit=800%2C203&ssl=1\",\"contentUrl\":\"https:\\\/\\\/i0.wp.com\\\/neos-music.com\\\/wp-content\\\/uploads\\\/2025\\\/08\\\/NEOS-Logo-weiss.png?fit=800%2C203&ssl=1\",\"width\":800,\"height\":203,\"caption\":\"NEOS Music\"},\"image\":{\"@id\":\"https:\\\/\\\/neos-music.com\\\/#\\\/schema\\\/logo\\\/image\\\/\"}}]}<\/script>\n<!-- \/ Yoast SEO plugin. -->","yoast_head_json":{"title":"Martin Smolka, Wolfgang Mitterer: Donaueschinger Musiktage 2006 Vol. 3 - NEOS Music","robots":{"index":"index","follow":"follow","max-snippet":"max-snippet:-1","max-image-preview":"max-image-preview:large","max-video-preview":"max-video-preview:-1"},"canonical":"https:\/\/neos-music.com\/en_us\/product\/martin-smolka-wolfgang-mitterer-donaueschinger-musiktage-2006-vol-3\/","og_locale":"en_US","og_type":"article","og_title":"Martin Smolka, Wolfgang Mitterer: Donaueschinger Musiktage 2006 Vol. 3 - NEOS Music","og_description":"Infotext: Martin Smolka\u00a0(*1959) 43:43\u00a0Semplice\u00a0(2006) f\u00fcr alte und neue Instrumente in sechs S\u00e4tzen [01] 09:55 I. [02] 06:55 II. [03] 08:20 III. [04] 05:50 IV. [05] 09:33 V. [06] 03:10 VI. ensemble recherche Freiburger Barockorchester Lucas Vis, Dirigent &nbsp; Wolfgang Mitterer\u00a0(*1958) 22:39\u00a0inwendig losgel\u00f6st\u00a0(2006) f\u00fcr Barockorchester, Ensemble und Electronics [07] 01:11 leer und klagend [08] 03:05 rasant [&hellip;]","og_url":"https:\/\/neos-music.com\/en_us\/product\/martin-smolka-wolfgang-mitterer-donaueschinger-musiktage-2006-vol-3\/","og_site_name":"NEOS Music","article_modified_time":"2023-01-13T23:28:36+00:00","og_image":[{"width":1646,"height":1482,"url":"https:\/\/neos-music.com\/wp-content\/uploads\/2022\/11\/NEOS_10726_Donaueschingen_2006_Vol3.jpeg","type":"image\/jpeg"}],"twitter_card":"summary_large_image","twitter_misc":{"Est. reading time":"3 minutes"},"schema":{"@context":"https:\/\/schema.org","@graph":[{"@type":"WebPage","@id":"https:\/\/neos-music.com\/product\/martin-smolka-wolfgang-mitterer-donaueschinger-musiktage-2006-vol-3\/","url":"https:\/\/neos-music.com\/product\/martin-smolka-wolfgang-mitterer-donaueschinger-musiktage-2006-vol-3\/","name":"Martin Smolka, Wolfgang Mitterer: Donaueschinger Musiktage 2006 Vol. 3 - NEOS Music","isPartOf":{"@id":"https:\/\/neos-music.com\/#website"},"primaryImageOfPage":{"@id":"https:\/\/neos-music.com\/product\/martin-smolka-wolfgang-mitterer-donaueschinger-musiktage-2006-vol-3\/#primaryimage"},"image":{"@id":"https:\/\/neos-music.com\/product\/martin-smolka-wolfgang-mitterer-donaueschinger-musiktage-2006-vol-3\/#primaryimage"},"thumbnailUrl":"https:\/\/i0.wp.com\/neos-music.com\/wp-content\/uploads\/2022\/11\/NEOS_10726_Donaueschingen_2006_Vol3.jpeg?fit=1646%2C1482&ssl=1","datePublished":"2007-09-15T14:40:21+00:00","dateModified":"2023-01-13T23:28:36+00:00","breadcrumb":{"@id":"https:\/\/neos-music.com\/product\/martin-smolka-wolfgang-mitterer-donaueschinger-musiktage-2006-vol-3\/#breadcrumb"},"inLanguage":"en-US","potentialAction":[{"@type":"ReadAction","target":["https:\/\/neos-music.com\/product\/martin-smolka-wolfgang-mitterer-donaueschinger-musiktage-2006-vol-3\/"]}]},{"@type":"ImageObject","inLanguage":"en-US","@id":"https:\/\/neos-music.com\/product\/martin-smolka-wolfgang-mitterer-donaueschinger-musiktage-2006-vol-3\/#primaryimage","url":"https:\/\/i0.wp.com\/neos-music.com\/wp-content\/uploads\/2022\/11\/NEOS_10726_Donaueschingen_2006_Vol3.jpeg?fit=1646%2C1482&ssl=1","contentUrl":"https:\/\/i0.wp.com\/neos-music.com\/wp-content\/uploads\/2022\/11\/NEOS_10726_Donaueschingen_2006_Vol3.jpeg?fit=1646%2C1482&ssl=1","width":1646,"height":1482},{"@type":"BreadcrumbList","@id":"https:\/\/neos-music.com\/product\/martin-smolka-wolfgang-mitterer-donaueschinger-musiktage-2006-vol-3\/#breadcrumb","itemListElement":[{"@type":"ListItem","position":1,"name":"Startseite","item":"https:\/\/neos-music.com\/"},{"@type":"ListItem","position":2,"name":"Produkte","item":"https:\/\/neos-music.com\/shop__trashed\/"},{"@type":"ListItem","position":3,"name":"Martin Smolka, Wolfgang Mitterer: Donaueschinger Musiktage 2006 Vol. 3"}]},{"@type":"WebSite","@id":"https:\/\/neos-music.com\/#website","url":"https:\/\/neos-music.com\/","name":"NEOS Music","description":"Dein Online Shop f\u00fcr zeitgen\u00f6ssische Musik, Jazz und Classics!","publisher":{"@id":"https:\/\/neos-music.com\/#organization"},"potentialAction":[{"@type":"SearchAction","target":{"@type":"EntryPoint","urlTemplate":"https:\/\/neos-music.com\/?s={search_term_string}"},"query-input":{"@type":"PropertyValueSpecification","valueRequired":true,"valueName":"search_term_string"}}],"inLanguage":"en-US"},{"@type":"Organization","@id":"https:\/\/neos-music.com\/#organization","name":"NEOS Music","url":"https:\/\/neos-music.com\/","logo":{"@type":"ImageObject","inLanguage":"en-US","@id":"https:\/\/neos-music.com\/#\/schema\/logo\/image\/","url":"https:\/\/i0.wp.com\/neos-music.com\/wp-content\/uploads\/2025\/08\/NEOS-Logo-weiss.png?fit=800%2C203&ssl=1","contentUrl":"https:\/\/i0.wp.com\/neos-music.com\/wp-content\/uploads\/2025\/08\/NEOS-Logo-weiss.png?fit=800%2C203&ssl=1","width":800,"height":203,"caption":"NEOS Music"},"image":{"@id":"https:\/\/neos-music.com\/#\/schema\/logo\/image\/"}}]}},"jetpack_sharing_enabled":true,"_links":{"self":[{"href":"https:\/\/neos-music.com\/en_us\/wp-json\/wp\/v2\/product\/3267","targetHints":{"allow":["GET"]}}],"collection":[{"href":"https:\/\/neos-music.com\/en_us\/wp-json\/wp\/v2\/product"}],"about":[{"href":"https:\/\/neos-music.com\/en_us\/wp-json\/wp\/v2\/types\/product"}],"version-history":[{"count":0,"href":"https:\/\/neos-music.com\/en_us\/wp-json\/wp\/v2\/product\/3267\/revisions"}],"wp:featuredmedia":[{"embeddable":true,"href":"https:\/\/neos-music.com\/en_us\/wp-json\/wp\/v2\/media\/3268"}],"wp:attachment":[{"href":"https:\/\/neos-music.com\/en_us\/wp-json\/wp\/v2\/media?parent=3267"}],"wp:term":[{"taxonomy":"product_brand","embeddable":true,"href":"https:\/\/neos-music.com\/en_us\/wp-json\/wp\/v2\/product_brand?post=3267"},{"taxonomy":"product_cat","embeddable":true,"href":"https:\/\/neos-music.com\/en_us\/wp-json\/wp\/v2\/product_cat?post=3267"},{"taxonomy":"product_tag","embeddable":true,"href":"https:\/\/neos-music.com\/en_us\/wp-json\/wp\/v2\/product_tag?post=3267"}],"curies":[{"name":"wp","href":"https:\/\/api.w.org\/{rel}","templated":true}]}}