{"id":3271,"date":"2007-08-30T14:44:57","date_gmt":"2007-08-30T14:44:57","guid":{"rendered":"https:\/\/neos-music.com\/?post_type=product&#038;p=3271"},"modified":"2023-01-08T17:59:30","modified_gmt":"2023-01-08T17:59:30","slug":"charles-uzor-quartets-quintet","status":"publish","type":"product","link":"https:\/\/neos-music.com\/en_us\/product\/charles-uzor-quartets-quintet\/","title":{"rendered":"Charles Uzor: Quartets\/Quintet"},"content":{"rendered":"<p>Infotext:<\/p>\n<p>In allen drei St\u00fccken, Gitarrenquartett, Streichquartett und Klarinettenquintett, ist die Melodie die tr\u00f6stende Hand, die vielleicht dem heiligen Augustin die Oase der Ruhe war. Wie seine Wahrnehmung, ersch\u00fcttert vom Aufprall mit dem Ich, wieder zur\u00fcck zum Wahrnehmungsinhalt wanderte, wandern die Melodien von Machaut zu mir und vielleicht zur\u00fcck \u2013 mehr melodische Masse als Zitat, mehr Parodie als Bearbeitung. Manchmal werden sie pulversiert, durch ihre Spektren geschleust, oder mit den herk\u00f6mmlichen Prozeduren der Permutation \u2013 Umkehrung, Krebs, Vergr\u00f6\u00dferung, Stauchung \u2013 &#8222;abgesungen&#8220;.<\/p>\n<p>Husserls Ph\u00e4nomenologie des inneren Zeitbewusstseins besch\u00e4ftigte mich seit 25 Jahren. Sein gr\u00f6\u00dfter Irrtum war vielleicht der fruchtbarste: Der Ton ist nicht das langsamste Ding, das vergeht, seine Teile vergehen ungleich schnell. Es ist nicht nur unm\u00f6glich, eine Melodie ph\u00e4nomenologisch wahrzunehmen: Schon der Ton selbst ist eine Illusion. Seine Teile sind das Ganze, bis zum Regress. Mit dieser Differenz zwischen erinnerter und jetzt wahrgenommer Melodie, zwischen Melodie, Ton und den Tonspektren, eine Differenz, die nichts als eine \u00e4sthetische Gewichtung und Neigung bedeutet, ging ich auf die Suche.<\/p>\n<p>Charles Uzor<\/p>\n<p>Programm:<\/p>\n<p><b>&#8222;a chantar m&#8217;er de so q&#8217;ieu no voldria &#8230;&#8220;<br \/>\n<\/b>f\u00fcr Klarinette, Streichquartett und Tonband (2004-2005)<br \/>\n<span id=\"flash1\"><\/span><\/p>\n<p>[01] 16:20 I allegro con brio<br \/>\n[02] 04:13 II a chantar m&#8217;er de\u00a0so q&#8217;ieu no voldria &#8230;&#8220;<br \/>\n[03]\u00a007:25 III capriccioso e tranquillo<\/p>\n<p><a class=\"arcoma_glossarylink\" href=\"https:\/\/neos-music.com\/output.php?content=Kuenstler\/Wolfgang_Meyer.php&amp;treplace=english%2Cgerman\" target=\"_self\" rel=\"noopener\">Wolfgang Meyer<\/a>, Klarinette<br \/>\n<a class=\"arcoma_glossarylink\" href=\"https:\/\/neos-music.com\/output.php?content=Kuenstler\/Carmina_Quartett.php&amp;treplace=english%2Cgerman\" target=\"_self\" rel=\"noopener\">Carmina Quartett<\/a><\/p>\n<p><b>Shakespeare&#8217;s Sonnet 65<br \/>\n<\/b>f\u00fcr Streichquartett und Tonband (2001-2002)<br \/>\n<span id=\"flash2\"><\/span><\/p>\n<p>[04] 15:36 I<br \/>\n[05] 03:02 II allegro con brio<br \/>\n[06] 04:39 III capriccioso e tranquillo<\/p>\n<p><a class=\"arcoma_glossarylink\" href=\"https:\/\/neos-music.com\/output.php?content=Kuenstler\/Carmina_Quartett.php&amp;treplace=english%2Cgerman\" target=\"_self\" rel=\"noopener\">Carmina Quartett<\/a><br \/>\nEsther Uhland\/James Aston, Sprecher<\/p>\n<p><b>&#8222;qui ainsi me refait &#8230; veoir seulement et o\u00efr&#8220;<br \/>\n<\/b>f\u00fcr Gitarrenquartett<br \/>\n<span id=\"flash3\"><\/span><\/p>\n<p>[07] 10:11 I<br \/>\n[08] 11:18 II<\/p>\n<p><a class=\"arcoma_glossarylink\" href=\"https:\/\/neos-music.com\/output.php?content=Kuenstler\/Gitarrenensemble_quasi_fantasia.php&amp;treplace=english%2Cgerman\" target=\"_self\" rel=\"noopener\">Gitarrenensemble quasi fantasia<\/a><\/p>\n<p><b>gesamt: 72:54<\/b><\/p>\n<p>Pressestimmen:<\/p>\n<p><img data-recalc-dims=\"1\" decoding=\"async\" src=\"https:\/\/i0.wp.com\/neos-music.com\/images\/news\/NeueZeitschriftMusik.gif?ssl=1\" \/><br \/>\n03\/04.2010<\/p>\n<p><img data-recalc-dims=\"1\" decoding=\"async\" src=\"https:\/\/i0.wp.com\/neos-music.com\/images\/news\/10714_NZM_03_04_2010.jpg?ssl=1\" \/><\/p>\n<p><img data-recalc-dims=\"1\" decoding=\"async\" src=\"https:\/\/i0.wp.com\/neos-music.com\/images\/news\/logo_SMZ.jpg?ssl=1\" \/><br \/>\n01.2008<\/p>\n<p><img data-recalc-dims=\"1\" decoding=\"async\" src=\"https:\/\/i0.wp.com\/neos-music.com\/images\/news\/10714_SMZ_0108.jpg?ssl=1\" \/><\/p>\n<p>&nbsp;<\/p>\n<p><img data-recalc-dims=\"1\" decoding=\"async\" src=\"https:\/\/i0.wp.com\/neos-music.com\/images\/news\/logo_dissonanz.jpg?ssl=1\" \/><br \/>\n03.2008<\/p>\n<p><img data-recalc-dims=\"1\" decoding=\"async\" src=\"https:\/\/i0.wp.com\/neos-music.com\/images\/news\/10714_dissonanz.jpg?ssl=1\" \/><\/p>\n<p>&nbsp;<\/p>\n<p><img data-recalc-dims=\"1\" decoding=\"async\" src=\"https:\/\/i0.wp.com\/neos-music.com\/images\/news\/logo_BR4classic.jpg?ssl=1\" \/><br \/>\n05.11.2007<\/p>\n<p><b>Charles Uzor Komponist aus Afrika<\/b><\/p>\n<p>&#8222;a chantar m&#8217;er de so q&#8217;ieu no voldria&#8220;<br \/>\n&#8222;Shakespeare&#8217;s Sonnet 65&#8220;<br \/>\n&#8222;qui ainsi me refait &#8230; veoir seulement et oir&#8220;<\/p>\n<p>Wolfgang Meyer, Klarinette<br \/>\nEsther Uhland, James Aston, Sprecher<br \/>\nCarmina Quartett<br \/>\nGitarrenensemble quasi fantasia<\/p>\n<p>NEOS 10714<\/p>\n<p>&#8222;Zu fassen ist all das nicht&#8220; &#8211; mit diesen bewundernd gemeinten Worten beschlie\u00dft Wolfgang Meyer, Solist des Quintetts f\u00fcr Klarinette, Streichquartett und Tonband von Charles Uzor, seinen Booklet-Text zur Musik dieses hochbegabten schwarzafrikanischen Komponisten. In der Tat: nicht zu fassen, mit welcher Souver\u00e4nit\u00e4t dieser 1961 in Nigeria geborene K\u00fcnstler \u00fcber verschiedenste kulturelle, historische und aktuelle Stile verf\u00fcgt; wie er sie, ganz ohne dass sich Gedanken an einen wohlfeilen Eklektizismus aufdr\u00e4ngen m\u00fcssten, zu konsistenten Werken eines eigenartigen, nicht selten ans Geheimnisvolle r\u00fchrenden Tonfalls verwebt.<br \/>\nVerst\u00f6rend und faszinierend zugleich<br \/>\nUzor, der w\u00e4hrend des Biafra-Krieges als Siebenj\u00e4hriger in die Schweiz gekommen war, hatte zun\u00e4chst in Rom, Bern und Z\u00fcrich studiert, dann an der University of London sein Konzertdiplom als Oboist und seinen Master im Fach Komposition gemacht. Schon lange fasziniert von einem Schl\u00fcsseltext der Husserl&#8217;schen Ph\u00e4nomenologie vollendete er nach seiner R\u00fcckkehr in die Schweiz eine Dissertation \u00fcber den Konnex von Melodie und innerem Zeitbewusstsein. Das lineare Moment spielt denn in der hochvitalen Musik des Charles Uzor auch eine zentrale Rolle. So im Klarinettenquintett &#8222;a chantar m&#8217;er de so q&#8217;ieu no voldria&#8230;&#8220; (2004 &#8211; 2005), dessen Titel (&#8222;Ich werde singen, was ich nie h\u00e4tte singen wollen&#8220;) auf einen Cantus der Beatrix de Dia zur\u00fcckgeht, also den Minnesang einer s\u00fcdfranz\u00f6sischen, so genannten &#8222;Trobairitz&#8220; des Sp\u00e4tmittelalters. Verst\u00f6rend und faszinierend zugleich die vogelschreiartigen Zuspielungen im zweiten Satz, die aus einem papuanischen Initiationsritus stammen sollen.<br \/>\nKlare Vision<br \/>\nUzor, dessen bereits vielf\u00e4ltiges Oeuvre auch Theaterarbeiten, Orchesterwerke und Chormusik umfasst, arbeitet gern mit Malern, Dichtern und Choreographen zusammen. Sein Hauptinteresse gilt derzeit den kleiner besetzten Werken. Au\u00dfer dem nachgerade suggestiven Klarinetten-Quintett, findet sich auf seiner jetzt beim Label NEOS erschienenen CD eine musikalische Exegese des f\u00fcnfundsechzigsten Sonetts von William Shakespeare: paradox anmutender Reigen um Aspekte der Verg\u00e4nglichkeit, denen doch auch das Sch\u00f6ne \u00fcberantwortet ist. Mit klugem Engagement und klarer Vision durchmessen die vier Musiker des Carmina-Quartetts komplexe Rhythmusfelder, Glissando-Zonen und modal get\u00f6nte Landschaften der Harmonie. Nicht greifbar, nicht auslotbar auch die halluzinatorischen Echor\u00e4ume, die sich immer wieder auftun im zweis\u00e4tzigen Gitarrenquartett &#8222;qui ainsi me refait &#8230; veoir seulement o\u00efr&#8220;, in denen die T\u00f6ne einer Ballade Guillaume de Machauts nachwehen. Im zweiten Satz scheinen Raum und Zeit zu zerflie\u00dfen, denn zur &#8222;normalen Stimmung&#8220; spielen im Sechsteltonverh\u00e4ltnis umgestimmte Instrumente Kl\u00e4nge, welche letzte Sicherheiten wanken machen. Man m\u00f6ge h\u00f6ren und sehen &#8230; zu fassen ist all das nicht.<br \/>\nHelmut Rohm<\/p>\n<p><a title=\"ZIP-Archiv document, 4,6 MB\" href=\"https:\/\/neos-music.com\/downloads\/album-infos\/NEOS_10714.zip\" target=\"_blank\" rel=\"noopener\">Infopaket f\u00fcr Presse und Vertriebe\u00a0\u00bb<\/a><br \/>\n(ZIP-Archiv, 4,6 MB)<\/p>\n","protected":false},"excerpt":{"rendered":"<p>Infotext: In allen drei St\u00fccken, Gitarrenquartett, Streichquartett und Klarinettenquintett, ist die Melodie die tr\u00f6stende Hand, die vielleicht dem heiligen Augustin die Oase der Ruhe war. Wie seine Wahrnehmung, ersch\u00fcttert vom Aufprall mit dem Ich, wieder zur\u00fcck zum Wahrnehmungsinhalt wanderte, wandern die Melodien von Machaut zu mir und vielleicht zur\u00fcck \u2013 mehr melodische Masse als Zitat, [&hellip;]<\/p>\n","protected":false},"featured_media":3272,"template":"","meta":{"site-sidebar-layout":"default","site-content-layout":"default","ast-site-content-layout":"default","site-content-style":"default","site-sidebar-style":"default","ast-global-header-display":"","ast-banner-title-visibility":"","ast-main-header-display":"","ast-hfb-above-header-display":"","ast-hfb-below-header-display":"","ast-hfb-mobile-header-display":"","site-post-title":"","ast-breadcrumbs-content":"","ast-featured-img":"","footer-sml-layout":"","theme-transparent-header-meta":"default","adv-header-id-meta":"","stick-header-meta":"","header-above-stick-meta":"","header-main-stick-meta":"","header-below-stick-meta":"","astra-migrate-meta-layouts":"default","ast-page-background-enabled":"default","ast-page-background-meta":{"desktop":{"background-color":"","background-image":"","background-repeat":"repeat","background-position":"center center","background-size":"auto","background-attachment":"scroll","background-type":"","background-media":"","overlay-type":"","overlay-color":"","overlay-opacity":"","overlay-gradient":""},"tablet":{"background-color":"","background-image":"","background-repeat":"repeat","background-position":"center center","background-size":"auto","background-attachment":"scroll","background-type":"","background-media":"","overlay-type":"","overlay-color":"","overlay-opacity":"","overlay-gradient":""},"mobile":{"background-color":"","background-image":"","background-repeat":"repeat","background-position":"center center","background-size":"auto","background-attachment":"scroll","background-type":"","background-media":"","overlay-type":"","overlay-color":"","overlay-opacity":"","overlay-gradient":""}},"ast-content-background-meta":{"desktop":{"background-color":"var(--ast-global-color-5)","background-image":"","background-repeat":"repeat","background-position":"center center","background-size":"auto","background-attachment":"scroll","background-type":"","background-media":"","overlay-type":"","overlay-color":"","overlay-opacity":"","overlay-gradient":""},"tablet":{"background-color":"var(--ast-global-color-5)","background-image":"","background-repeat":"repeat","background-position":"center center","background-size":"auto","background-attachment":"scroll","background-type":"","background-media":"","overlay-type":"","overlay-color":"","overlay-opacity":"","overlay-gradient":""},"mobile":{"background-color":"var(--ast-global-color-5)","background-image":"","background-repeat":"repeat","background-position":"center center","background-size":"auto","background-attachment":"scroll","background-type":"","background-media":"","overlay-type":"","overlay-color":"","overlay-opacity":"","overlay-gradient":""}}},"product_brand":[],"product_cat":[878,26],"product_tag":[],"class_list":{"0":"post-3271","1":"product","2":"type-product","3":"status-publish","4":"has-post-thumbnail","6":"product_cat-streichquartett","7":"product_cat-zeitgenossische-musik","8":"pa_artikelnummer-neos-10714","9":"pa_brand-neos-music","10":"pa_ean-812","11":"desktop-align-left","12":"tablet-align-left","13":"mobile-align-left","15":"first","16":"instock","17":"taxable","18":"shipping-taxable","19":"purchasable","20":"product-type-simple"},"yoast_head":"<!-- This site is optimized with the Yoast SEO plugin v27.3 - https:\/\/yoast.com\/product\/yoast-seo-wordpress\/ -->\n<title>Charles Uzor: Quartets\/Quintet - NEOS Music<\/title>\n<meta name=\"robots\" content=\"index, follow, max-snippet:-1, max-image-preview:large, max-video-preview:-1\" \/>\n<link rel=\"canonical\" href=\"https:\/\/neos-music.com\/en_us\/product\/charles-uzor-quartets-quintet\/\" \/>\n<meta property=\"og:locale\" content=\"en_US\" \/>\n<meta property=\"og:type\" content=\"article\" \/>\n<meta property=\"og:title\" content=\"Charles Uzor: Quartets\/Quintet - NEOS Music\" \/>\n<meta property=\"og:description\" content=\"Infotext: In allen drei St\u00fccken, Gitarrenquartett, Streichquartett und Klarinettenquintett, ist die Melodie die tr\u00f6stende Hand, die vielleicht dem heiligen Augustin die Oase der Ruhe war. Wie seine Wahrnehmung, ersch\u00fcttert vom Aufprall mit dem Ich, wieder zur\u00fcck zum Wahrnehmungsinhalt wanderte, wandern die Melodien von Machaut zu mir und vielleicht zur\u00fcck \u2013 mehr melodische Masse als Zitat, [&hellip;]\" \/>\n<meta property=\"og:url\" content=\"https:\/\/neos-music.com\/en_us\/product\/charles-uzor-quartets-quintet\/\" \/>\n<meta property=\"og:site_name\" content=\"NEOS Music\" \/>\n<meta property=\"article:modified_time\" content=\"2023-01-08T17:59:30+00:00\" \/>\n<meta property=\"og:image\" content=\"https:\/\/neos-music.com\/wp-content\/uploads\/2022\/11\/NEOS_10714_Charles_Uzor_Quartets_Quintet.jpeg\" \/>\n\t<meta property=\"og:image:width\" content=\"1648\" \/>\n\t<meta property=\"og:image:height\" content=\"1482\" \/>\n\t<meta property=\"og:image:type\" content=\"image\/jpeg\" \/>\n<meta name=\"twitter:card\" content=\"summary_large_image\" \/>\n<meta name=\"twitter:label1\" content=\"Est. reading time\" \/>\n\t<meta name=\"twitter:data1\" content=\"4 minutes\" \/>\n<script type=\"application\/ld+json\" class=\"yoast-schema-graph\">{\"@context\":\"https:\\\/\\\/schema.org\",\"@graph\":[{\"@type\":\"WebPage\",\"@id\":\"https:\\\/\\\/neos-music.com\\\/product\\\/charles-uzor-quartets-quintet\\\/\",\"url\":\"https:\\\/\\\/neos-music.com\\\/product\\\/charles-uzor-quartets-quintet\\\/\",\"name\":\"Charles Uzor: Quartets\\\/Quintet - NEOS Music\",\"isPartOf\":{\"@id\":\"https:\\\/\\\/neos-music.com\\\/#website\"},\"primaryImageOfPage\":{\"@id\":\"https:\\\/\\\/neos-music.com\\\/product\\\/charles-uzor-quartets-quintet\\\/#primaryimage\"},\"image\":{\"@id\":\"https:\\\/\\\/neos-music.com\\\/product\\\/charles-uzor-quartets-quintet\\\/#primaryimage\"},\"thumbnailUrl\":\"https:\\\/\\\/i0.wp.com\\\/neos-music.com\\\/wp-content\\\/uploads\\\/2022\\\/11\\\/NEOS_10714_Charles_Uzor_Quartets_Quintet.jpeg?fit=1648%2C1482&ssl=1\",\"datePublished\":\"2007-08-30T14:44:57+00:00\",\"dateModified\":\"2023-01-08T17:59:30+00:00\",\"breadcrumb\":{\"@id\":\"https:\\\/\\\/neos-music.com\\\/product\\\/charles-uzor-quartets-quintet\\\/#breadcrumb\"},\"inLanguage\":\"en-US\",\"potentialAction\":[{\"@type\":\"ReadAction\",\"target\":[\"https:\\\/\\\/neos-music.com\\\/product\\\/charles-uzor-quartets-quintet\\\/\"]}]},{\"@type\":\"ImageObject\",\"inLanguage\":\"en-US\",\"@id\":\"https:\\\/\\\/neos-music.com\\\/product\\\/charles-uzor-quartets-quintet\\\/#primaryimage\",\"url\":\"https:\\\/\\\/i0.wp.com\\\/neos-music.com\\\/wp-content\\\/uploads\\\/2022\\\/11\\\/NEOS_10714_Charles_Uzor_Quartets_Quintet.jpeg?fit=1648%2C1482&ssl=1\",\"contentUrl\":\"https:\\\/\\\/i0.wp.com\\\/neos-music.com\\\/wp-content\\\/uploads\\\/2022\\\/11\\\/NEOS_10714_Charles_Uzor_Quartets_Quintet.jpeg?fit=1648%2C1482&ssl=1\",\"width\":1648,\"height\":1482},{\"@type\":\"BreadcrumbList\",\"@id\":\"https:\\\/\\\/neos-music.com\\\/product\\\/charles-uzor-quartets-quintet\\\/#breadcrumb\",\"itemListElement\":[{\"@type\":\"ListItem\",\"position\":1,\"name\":\"Startseite\",\"item\":\"https:\\\/\\\/neos-music.com\\\/\"},{\"@type\":\"ListItem\",\"position\":2,\"name\":\"Produkte\",\"item\":\"https:\\\/\\\/neos-music.com\\\/shop__trashed\\\/\"},{\"@type\":\"ListItem\",\"position\":3,\"name\":\"Charles Uzor: Quartets\\\/Quintet\"}]},{\"@type\":\"WebSite\",\"@id\":\"https:\\\/\\\/neos-music.com\\\/#website\",\"url\":\"https:\\\/\\\/neos-music.com\\\/\",\"name\":\"NEOS Music\",\"description\":\"Dein Online Shop f\u00fcr zeitgen\u00f6ssische Musik, Jazz und Classics!\",\"publisher\":{\"@id\":\"https:\\\/\\\/neos-music.com\\\/#organization\"},\"potentialAction\":[{\"@type\":\"SearchAction\",\"target\":{\"@type\":\"EntryPoint\",\"urlTemplate\":\"https:\\\/\\\/neos-music.com\\\/?s={search_term_string}\"},\"query-input\":{\"@type\":\"PropertyValueSpecification\",\"valueRequired\":true,\"valueName\":\"search_term_string\"}}],\"inLanguage\":\"en-US\"},{\"@type\":\"Organization\",\"@id\":\"https:\\\/\\\/neos-music.com\\\/#organization\",\"name\":\"NEOS Music\",\"url\":\"https:\\\/\\\/neos-music.com\\\/\",\"logo\":{\"@type\":\"ImageObject\",\"inLanguage\":\"en-US\",\"@id\":\"https:\\\/\\\/neos-music.com\\\/#\\\/schema\\\/logo\\\/image\\\/\",\"url\":\"https:\\\/\\\/i0.wp.com\\\/neos-music.com\\\/wp-content\\\/uploads\\\/2025\\\/08\\\/NEOS-Logo-weiss.png?fit=800%2C203&ssl=1\",\"contentUrl\":\"https:\\\/\\\/i0.wp.com\\\/neos-music.com\\\/wp-content\\\/uploads\\\/2025\\\/08\\\/NEOS-Logo-weiss.png?fit=800%2C203&ssl=1\",\"width\":800,\"height\":203,\"caption\":\"NEOS Music\"},\"image\":{\"@id\":\"https:\\\/\\\/neos-music.com\\\/#\\\/schema\\\/logo\\\/image\\\/\"}}]}<\/script>\n<!-- \/ Yoast SEO plugin. -->","yoast_head_json":{"title":"Charles Uzor: Quartets\/Quintet - NEOS Music","robots":{"index":"index","follow":"follow","max-snippet":"max-snippet:-1","max-image-preview":"max-image-preview:large","max-video-preview":"max-video-preview:-1"},"canonical":"https:\/\/neos-music.com\/en_us\/product\/charles-uzor-quartets-quintet\/","og_locale":"en_US","og_type":"article","og_title":"Charles Uzor: Quartets\/Quintet - NEOS Music","og_description":"Infotext: In allen drei St\u00fccken, Gitarrenquartett, Streichquartett und Klarinettenquintett, ist die Melodie die tr\u00f6stende Hand, die vielleicht dem heiligen Augustin die Oase der Ruhe war. Wie seine Wahrnehmung, ersch\u00fcttert vom Aufprall mit dem Ich, wieder zur\u00fcck zum Wahrnehmungsinhalt wanderte, wandern die Melodien von Machaut zu mir und vielleicht zur\u00fcck \u2013 mehr melodische Masse als Zitat, [&hellip;]","og_url":"https:\/\/neos-music.com\/en_us\/product\/charles-uzor-quartets-quintet\/","og_site_name":"NEOS Music","article_modified_time":"2023-01-08T17:59:30+00:00","og_image":[{"width":1648,"height":1482,"url":"https:\/\/neos-music.com\/wp-content\/uploads\/2022\/11\/NEOS_10714_Charles_Uzor_Quartets_Quintet.jpeg","type":"image\/jpeg"}],"twitter_card":"summary_large_image","twitter_misc":{"Est. reading time":"4 minutes"},"schema":{"@context":"https:\/\/schema.org","@graph":[{"@type":"WebPage","@id":"https:\/\/neos-music.com\/product\/charles-uzor-quartets-quintet\/","url":"https:\/\/neos-music.com\/product\/charles-uzor-quartets-quintet\/","name":"Charles Uzor: Quartets\/Quintet - NEOS Music","isPartOf":{"@id":"https:\/\/neos-music.com\/#website"},"primaryImageOfPage":{"@id":"https:\/\/neos-music.com\/product\/charles-uzor-quartets-quintet\/#primaryimage"},"image":{"@id":"https:\/\/neos-music.com\/product\/charles-uzor-quartets-quintet\/#primaryimage"},"thumbnailUrl":"https:\/\/i0.wp.com\/neos-music.com\/wp-content\/uploads\/2022\/11\/NEOS_10714_Charles_Uzor_Quartets_Quintet.jpeg?fit=1648%2C1482&ssl=1","datePublished":"2007-08-30T14:44:57+00:00","dateModified":"2023-01-08T17:59:30+00:00","breadcrumb":{"@id":"https:\/\/neos-music.com\/product\/charles-uzor-quartets-quintet\/#breadcrumb"},"inLanguage":"en-US","potentialAction":[{"@type":"ReadAction","target":["https:\/\/neos-music.com\/product\/charles-uzor-quartets-quintet\/"]}]},{"@type":"ImageObject","inLanguage":"en-US","@id":"https:\/\/neos-music.com\/product\/charles-uzor-quartets-quintet\/#primaryimage","url":"https:\/\/i0.wp.com\/neos-music.com\/wp-content\/uploads\/2022\/11\/NEOS_10714_Charles_Uzor_Quartets_Quintet.jpeg?fit=1648%2C1482&ssl=1","contentUrl":"https:\/\/i0.wp.com\/neos-music.com\/wp-content\/uploads\/2022\/11\/NEOS_10714_Charles_Uzor_Quartets_Quintet.jpeg?fit=1648%2C1482&ssl=1","width":1648,"height":1482},{"@type":"BreadcrumbList","@id":"https:\/\/neos-music.com\/product\/charles-uzor-quartets-quintet\/#breadcrumb","itemListElement":[{"@type":"ListItem","position":1,"name":"Startseite","item":"https:\/\/neos-music.com\/"},{"@type":"ListItem","position":2,"name":"Produkte","item":"https:\/\/neos-music.com\/shop__trashed\/"},{"@type":"ListItem","position":3,"name":"Charles Uzor: Quartets\/Quintet"}]},{"@type":"WebSite","@id":"https:\/\/neos-music.com\/#website","url":"https:\/\/neos-music.com\/","name":"NEOS Music","description":"Dein Online Shop f\u00fcr zeitgen\u00f6ssische Musik, Jazz und Classics!","publisher":{"@id":"https:\/\/neos-music.com\/#organization"},"potentialAction":[{"@type":"SearchAction","target":{"@type":"EntryPoint","urlTemplate":"https:\/\/neos-music.com\/?s={search_term_string}"},"query-input":{"@type":"PropertyValueSpecification","valueRequired":true,"valueName":"search_term_string"}}],"inLanguage":"en-US"},{"@type":"Organization","@id":"https:\/\/neos-music.com\/#organization","name":"NEOS Music","url":"https:\/\/neos-music.com\/","logo":{"@type":"ImageObject","inLanguage":"en-US","@id":"https:\/\/neos-music.com\/#\/schema\/logo\/image\/","url":"https:\/\/i0.wp.com\/neos-music.com\/wp-content\/uploads\/2025\/08\/NEOS-Logo-weiss.png?fit=800%2C203&ssl=1","contentUrl":"https:\/\/i0.wp.com\/neos-music.com\/wp-content\/uploads\/2025\/08\/NEOS-Logo-weiss.png?fit=800%2C203&ssl=1","width":800,"height":203,"caption":"NEOS Music"},"image":{"@id":"https:\/\/neos-music.com\/#\/schema\/logo\/image\/"}}]}},"jetpack_sharing_enabled":true,"_links":{"self":[{"href":"https:\/\/neos-music.com\/en_us\/wp-json\/wp\/v2\/product\/3271","targetHints":{"allow":["GET"]}}],"collection":[{"href":"https:\/\/neos-music.com\/en_us\/wp-json\/wp\/v2\/product"}],"about":[{"href":"https:\/\/neos-music.com\/en_us\/wp-json\/wp\/v2\/types\/product"}],"version-history":[{"count":0,"href":"https:\/\/neos-music.com\/en_us\/wp-json\/wp\/v2\/product\/3271\/revisions"}],"wp:featuredmedia":[{"embeddable":true,"href":"https:\/\/neos-music.com\/en_us\/wp-json\/wp\/v2\/media\/3272"}],"wp:attachment":[{"href":"https:\/\/neos-music.com\/en_us\/wp-json\/wp\/v2\/media?parent=3271"}],"wp:term":[{"taxonomy":"product_brand","embeddable":true,"href":"https:\/\/neos-music.com\/en_us\/wp-json\/wp\/v2\/product_brand?post=3271"},{"taxonomy":"product_cat","embeddable":true,"href":"https:\/\/neos-music.com\/en_us\/wp-json\/wp\/v2\/product_cat?post=3271"},{"taxonomy":"product_tag","embeddable":true,"href":"https:\/\/neos-music.com\/en_us\/wp-json\/wp\/v2\/product_tag?post=3271"}],"curies":[{"name":"wp","href":"https:\/\/api.w.org\/{rel}","templated":true}]}}