{"id":3273,"date":"2007-08-30T14:47:52","date_gmt":"2007-08-30T14:47:52","guid":{"rendered":"https:\/\/neos-music.com\/?post_type=product&#038;p=3273"},"modified":"2022-11-20T14:50:07","modified_gmt":"2022-11-20T14:50:07","slug":"jens-joneleit-arbitrary-featuring-tom-schueler","status":"publish","type":"product","link":"https:\/\/neos-music.com\/en_us\/product\/jens-joneleit-arbitrary-featuring-tom-schueler\/","title":{"rendered":"Jens Joneleit: ARBITRARY featuring Tom Sch\u00fcler"},"content":{"rendered":"<p>Infotext:<\/p>\n<p>Das Wort &#8222;arbitrary&#8220; bedeutet frei, eigenm\u00e4chtig und willk\u00fcrlich &#8211; sprich, das m\u00fcsste Jazz vor allem zuerst sein. Improvisiert wird hier jedoch nicht mit musikalischem Kleinstmaterial wie Phrasen oder Themen, sondern mit musikalischen Auren.<\/p>\n<p>In Arbitrary &#8222;bem\u00e4chtigen&#8220; sich die Musiker mit klar und auf den Punkt zu bringenden Auren: haupts\u00e4chlich der Aura der Electric-Periode von Miles Davis in den Siebziger Jahrenund der &#8222;Wall of Sound&#8220; von Albert Aylers Rhythmus Section (Sunny Murray und Gary Peakcock).<\/p>\n<p>Eine derart willk\u00fcrlich kombinierte Zusammenstellung zweier so pr\u00e4genden und grundverschiedenen Jazz-\u00c4sthetiken birgt Gefahren, aber \u00f6ffnet dennoch und gerade eben wegen des eingegangenen Risikos neue Wahrnehmungen.<\/p>\n<p>Programm:<\/p>\n<p><b>ARBITRARY<\/b><br \/>\nfeaturing Tom Sch\u00fcler on trumpets<\/p>\n<p>[01] 02:05\u00a0at dawn<br \/>\n[02] 02:26\u00a0a candle lit<br \/>\n<span id=\"flash1\"><\/span><\/p>\n<p>[03] 01:57\u00a0another day imagined<br \/>\n[04] 02:38\u00a0amidst the flares<br \/>\n[05] 04:43\u00a0antics revealed<br \/>\n<span id=\"flash2\"><\/span><\/p>\n<p>[06]\u00a001:01\u00a0epilude<br \/>\n[07] 17:59\u00a0procession<br \/>\n[08] 18:24\u00a0arbitrary *<\/p>\n<p><b>total time\u00a0 51:17<\/b><\/p>\n<p>Tom Sch\u00fcler: trumpet and flugelhorn<br \/>\n<a class=\"arcoma_glossarylink\" href=\"https:\/\/neos-music.com\/output.php?content=Kuenstler\/Jens_Joneleit.php&amp;treplace=english%2Cgerman\" target=\"_self\" rel=\"noopener\">Jens Joneleit<\/a>: drums, bass, and electric piano \/ (* grand piano)<\/p>\n<p>Recorded using multitracking with each individual track recorded live, in June 2005 (drums and bass parts), in December 2006 (electric piano), tracking of all trumpet parts between January and February 2007.<br \/>\nRecorded and produced at Studio 1, Nieder-Roden, Hessen, Germany. Additional recordings (track 08: drums and grand piano) by Buzz Kemper, December 2004 at Audio for the Arts Studios, Madison, WI, USA.<br \/>\nComposed, recorded, mixed, edited, and mastered by Jens Joneleit<\/p>\n<p><img data-recalc-dims=\"1\" decoding=\"async\" src=\"https:\/\/i0.wp.com\/neos-music.com\/images\/neos\/40701_Joneleit_Digipac_inside.jpg?ssl=1\" \/><\/p>\n<p>Pressestimmen:<\/p>\n<p><b><img data-recalc-dims=\"1\" decoding=\"async\" src=\"https:\/\/i0.wp.com\/neos-music.com\/images\/news\/logo_westzeit.gif?ssl=1\" \/><br \/>\n<\/b>03\/2008<\/p>\n<p><img data-recalc-dims=\"1\" decoding=\"async\" src=\"https:\/\/i0.wp.com\/neos-music.com\/images\/news\/40701-05-Westzeit043.jpg?ssl=1\" \/><\/p>\n<p><b><br \/>\n<img data-recalc-dims=\"1\" decoding=\"async\" src=\"https:\/\/i0.wp.com\/neos-music.com\/images\/news\/Diverdi-Logo013.jpg?ssl=1\" \/><br \/>\n<\/b>11\/12 2007<\/p>\n<p><img data-recalc-dims=\"1\" decoding=\"async\" src=\"https:\/\/i0.wp.com\/neos-music.com\/images\/various\/40701_40702_Diverdi_11u1207.jpg?ssl=1\" \/><\/p>\n","protected":false},"excerpt":{"rendered":"<p>Infotext: Das Wort &#8222;arbitrary&#8220; bedeutet frei, eigenm\u00e4chtig und willk\u00fcrlich &#8211; sprich, das m\u00fcsste Jazz vor allem zuerst sein. Improvisiert wird hier jedoch nicht mit musikalischem Kleinstmaterial wie Phrasen oder Themen, sondern mit musikalischen Auren. In Arbitrary &#8222;bem\u00e4chtigen&#8220; sich die Musiker mit klar und auf den Punkt zu bringenden Auren: haupts\u00e4chlich der Aura der Electric-Periode von [&hellip;]<\/p>\n","protected":false},"featured_media":3274,"template":"","meta":{"site-sidebar-layout":"default","site-content-layout":"default","ast-site-content-layout":"default","site-content-style":"default","site-sidebar-style":"default","ast-global-header-display":"","ast-banner-title-visibility":"","ast-main-header-display":"","ast-hfb-above-header-display":"","ast-hfb-below-header-display":"","ast-hfb-mobile-header-display":"","site-post-title":"","ast-breadcrumbs-content":"","ast-featured-img":"","footer-sml-layout":"","theme-transparent-header-meta":"default","adv-header-id-meta":"","stick-header-meta":"","header-above-stick-meta":"","header-main-stick-meta":"","header-below-stick-meta":"","astra-migrate-meta-layouts":"default","ast-page-background-enabled":"default","ast-page-background-meta":{"desktop":{"background-color":"","background-image":"","background-repeat":"repeat","background-position":"center center","background-size":"auto","background-attachment":"scroll","background-type":"","background-media":"","overlay-type":"","overlay-color":"","overlay-opacity":"","overlay-gradient":""},"tablet":{"background-color":"","background-image":"","background-repeat":"repeat","background-position":"center center","background-size":"auto","background-attachment":"scroll","background-type":"","background-media":"","overlay-type":"","overlay-color":"","overlay-opacity":"","overlay-gradient":""},"mobile":{"background-color":"","background-image":"","background-repeat":"repeat","background-position":"center center","background-size":"auto","background-attachment":"scroll","background-type":"","background-media":"","overlay-type":"","overlay-color":"","overlay-opacity":"","overlay-gradient":""}},"ast-content-background-meta":{"desktop":{"background-color":"var(--ast-global-color-5)","background-image":"","background-repeat":"repeat","background-position":"center center","background-size":"auto","background-attachment":"scroll","background-type":"","background-media":"","overlay-type":"","overlay-color":"","overlay-opacity":"","overlay-gradient":""},"tablet":{"background-color":"var(--ast-global-color-5)","background-image":"","background-repeat":"repeat","background-position":"center center","background-size":"auto","background-attachment":"scroll","background-type":"","background-media":"","overlay-type":"","overlay-color":"","overlay-opacity":"","overlay-gradient":""},"mobile":{"background-color":"var(--ast-global-color-5)","background-image":"","background-repeat":"repeat","background-position":"center center","background-size":"auto","background-attachment":"scroll","background-type":"","background-media":"","overlay-type":"","overlay-color":"","overlay-opacity":"","overlay-gradient":""}}},"product_brand":[],"product_cat":[27],"product_tag":[],"class_list":{"0":"post-3273","1":"product","2":"type-product","3":"status-publish","4":"has-post-thumbnail","6":"product_cat-jazz","7":"pa_artikelnummer-neos-40701","8":"pa_brand-neos-music","9":"pa_ean-814","10":"desktop-align-left","11":"tablet-align-left","12":"mobile-align-left","14":"first","15":"instock","16":"taxable","17":"shipping-taxable","18":"purchasable","19":"product-type-simple"},"yoast_head":"<!-- This site is optimized with the Yoast SEO plugin v27.3 - https:\/\/yoast.com\/product\/yoast-seo-wordpress\/ -->\n<title>Jens Joneleit: ARBITRARY featuring Tom Sch\u00fcler - NEOS Music<\/title>\n<meta name=\"robots\" content=\"index, follow, max-snippet:-1, max-image-preview:large, max-video-preview:-1\" \/>\n<link rel=\"canonical\" href=\"https:\/\/neos-music.com\/en_us\/product\/jens-joneleit-arbitrary-featuring-tom-schueler\/\" \/>\n<meta property=\"og:locale\" content=\"en_US\" \/>\n<meta property=\"og:type\" content=\"article\" \/>\n<meta property=\"og:title\" content=\"Jens Joneleit: ARBITRARY featuring Tom Sch\u00fcler - NEOS Music\" \/>\n<meta property=\"og:description\" content=\"Infotext: Das Wort &#8222;arbitrary&#8220; bedeutet frei, eigenm\u00e4chtig und willk\u00fcrlich &#8211; sprich, das m\u00fcsste Jazz vor allem zuerst sein. Improvisiert wird hier jedoch nicht mit musikalischem Kleinstmaterial wie Phrasen oder Themen, sondern mit musikalischen Auren. In Arbitrary &#8222;bem\u00e4chtigen&#8220; sich die Musiker mit klar und auf den Punkt zu bringenden Auren: haupts\u00e4chlich der Aura der Electric-Periode von [&hellip;]\" \/>\n<meta property=\"og:url\" content=\"https:\/\/neos-music.com\/en_us\/product\/jens-joneleit-arbitrary-featuring-tom-schueler\/\" \/>\n<meta property=\"og:site_name\" content=\"NEOS Music\" \/>\n<meta property=\"article:modified_time\" content=\"2022-11-20T14:50:07+00:00\" \/>\n<meta property=\"og:image\" content=\"https:\/\/neos-music.com\/wp-content\/uploads\/2022\/11\/NEOS_40701_Jens_Joneleit_Arbitrary.jpeg\" \/>\n\t<meta property=\"og:image:width\" content=\"1648\" \/>\n\t<meta property=\"og:image:height\" content=\"1482\" \/>\n\t<meta property=\"og:image:type\" content=\"image\/jpeg\" \/>\n<meta name=\"twitter:card\" content=\"summary_large_image\" \/>\n<meta name=\"twitter:label1\" content=\"Est. reading time\" \/>\n\t<meta name=\"twitter:data1\" content=\"1 minute\" \/>\n<script type=\"application\/ld+json\" class=\"yoast-schema-graph\">{\"@context\":\"https:\\\/\\\/schema.org\",\"@graph\":[{\"@type\":\"WebPage\",\"@id\":\"https:\\\/\\\/neos-music.com\\\/product\\\/jens-joneleit-arbitrary-featuring-tom-schueler\\\/\",\"url\":\"https:\\\/\\\/neos-music.com\\\/product\\\/jens-joneleit-arbitrary-featuring-tom-schueler\\\/\",\"name\":\"Jens Joneleit: ARBITRARY featuring Tom Sch\u00fcler - NEOS Music\",\"isPartOf\":{\"@id\":\"https:\\\/\\\/neos-music.com\\\/#website\"},\"primaryImageOfPage\":{\"@id\":\"https:\\\/\\\/neos-music.com\\\/product\\\/jens-joneleit-arbitrary-featuring-tom-schueler\\\/#primaryimage\"},\"image\":{\"@id\":\"https:\\\/\\\/neos-music.com\\\/product\\\/jens-joneleit-arbitrary-featuring-tom-schueler\\\/#primaryimage\"},\"thumbnailUrl\":\"https:\\\/\\\/i0.wp.com\\\/neos-music.com\\\/wp-content\\\/uploads\\\/2022\\\/11\\\/NEOS_40701_Jens_Joneleit_Arbitrary.jpeg?fit=1648%2C1482&ssl=1\",\"datePublished\":\"2007-08-30T14:47:52+00:00\",\"dateModified\":\"2022-11-20T14:50:07+00:00\",\"breadcrumb\":{\"@id\":\"https:\\\/\\\/neos-music.com\\\/product\\\/jens-joneleit-arbitrary-featuring-tom-schueler\\\/#breadcrumb\"},\"inLanguage\":\"en-US\",\"potentialAction\":[{\"@type\":\"ReadAction\",\"target\":[\"https:\\\/\\\/neos-music.com\\\/product\\\/jens-joneleit-arbitrary-featuring-tom-schueler\\\/\"]}]},{\"@type\":\"ImageObject\",\"inLanguage\":\"en-US\",\"@id\":\"https:\\\/\\\/neos-music.com\\\/product\\\/jens-joneleit-arbitrary-featuring-tom-schueler\\\/#primaryimage\",\"url\":\"https:\\\/\\\/i0.wp.com\\\/neos-music.com\\\/wp-content\\\/uploads\\\/2022\\\/11\\\/NEOS_40701_Jens_Joneleit_Arbitrary.jpeg?fit=1648%2C1482&ssl=1\",\"contentUrl\":\"https:\\\/\\\/i0.wp.com\\\/neos-music.com\\\/wp-content\\\/uploads\\\/2022\\\/11\\\/NEOS_40701_Jens_Joneleit_Arbitrary.jpeg?fit=1648%2C1482&ssl=1\",\"width\":1648,\"height\":1482},{\"@type\":\"BreadcrumbList\",\"@id\":\"https:\\\/\\\/neos-music.com\\\/product\\\/jens-joneleit-arbitrary-featuring-tom-schueler\\\/#breadcrumb\",\"itemListElement\":[{\"@type\":\"ListItem\",\"position\":1,\"name\":\"Startseite\",\"item\":\"https:\\\/\\\/neos-music.com\\\/\"},{\"@type\":\"ListItem\",\"position\":2,\"name\":\"Produkte\",\"item\":\"https:\\\/\\\/neos-music.com\\\/shop__trashed\\\/\"},{\"@type\":\"ListItem\",\"position\":3,\"name\":\"Jens Joneleit: ARBITRARY featuring Tom Sch\u00fcler\"}]},{\"@type\":\"WebSite\",\"@id\":\"https:\\\/\\\/neos-music.com\\\/#website\",\"url\":\"https:\\\/\\\/neos-music.com\\\/\",\"name\":\"NEOS Music\",\"description\":\"Dein Online Shop f\u00fcr zeitgen\u00f6ssische Musik, Jazz und Classics!\",\"publisher\":{\"@id\":\"https:\\\/\\\/neos-music.com\\\/#organization\"},\"potentialAction\":[{\"@type\":\"SearchAction\",\"target\":{\"@type\":\"EntryPoint\",\"urlTemplate\":\"https:\\\/\\\/neos-music.com\\\/?s={search_term_string}\"},\"query-input\":{\"@type\":\"PropertyValueSpecification\",\"valueRequired\":true,\"valueName\":\"search_term_string\"}}],\"inLanguage\":\"en-US\"},{\"@type\":\"Organization\",\"@id\":\"https:\\\/\\\/neos-music.com\\\/#organization\",\"name\":\"NEOS Music\",\"url\":\"https:\\\/\\\/neos-music.com\\\/\",\"logo\":{\"@type\":\"ImageObject\",\"inLanguage\":\"en-US\",\"@id\":\"https:\\\/\\\/neos-music.com\\\/#\\\/schema\\\/logo\\\/image\\\/\",\"url\":\"https:\\\/\\\/i0.wp.com\\\/neos-music.com\\\/wp-content\\\/uploads\\\/2025\\\/08\\\/NEOS-Logo-weiss.png?fit=800%2C203&ssl=1\",\"contentUrl\":\"https:\\\/\\\/i0.wp.com\\\/neos-music.com\\\/wp-content\\\/uploads\\\/2025\\\/08\\\/NEOS-Logo-weiss.png?fit=800%2C203&ssl=1\",\"width\":800,\"height\":203,\"caption\":\"NEOS Music\"},\"image\":{\"@id\":\"https:\\\/\\\/neos-music.com\\\/#\\\/schema\\\/logo\\\/image\\\/\"}}]}<\/script>\n<!-- \/ Yoast SEO plugin. -->","yoast_head_json":{"title":"Jens Joneleit: ARBITRARY featuring Tom Sch\u00fcler - NEOS Music","robots":{"index":"index","follow":"follow","max-snippet":"max-snippet:-1","max-image-preview":"max-image-preview:large","max-video-preview":"max-video-preview:-1"},"canonical":"https:\/\/neos-music.com\/en_us\/product\/jens-joneleit-arbitrary-featuring-tom-schueler\/","og_locale":"en_US","og_type":"article","og_title":"Jens Joneleit: ARBITRARY featuring Tom Sch\u00fcler - NEOS Music","og_description":"Infotext: Das Wort &#8222;arbitrary&#8220; bedeutet frei, eigenm\u00e4chtig und willk\u00fcrlich &#8211; sprich, das m\u00fcsste Jazz vor allem zuerst sein. Improvisiert wird hier jedoch nicht mit musikalischem Kleinstmaterial wie Phrasen oder Themen, sondern mit musikalischen Auren. In Arbitrary &#8222;bem\u00e4chtigen&#8220; sich die Musiker mit klar und auf den Punkt zu bringenden Auren: haupts\u00e4chlich der Aura der Electric-Periode von [&hellip;]","og_url":"https:\/\/neos-music.com\/en_us\/product\/jens-joneleit-arbitrary-featuring-tom-schueler\/","og_site_name":"NEOS Music","article_modified_time":"2022-11-20T14:50:07+00:00","og_image":[{"width":1648,"height":1482,"url":"https:\/\/neos-music.com\/wp-content\/uploads\/2022\/11\/NEOS_40701_Jens_Joneleit_Arbitrary.jpeg","type":"image\/jpeg"}],"twitter_card":"summary_large_image","twitter_misc":{"Est. reading time":"1 minute"},"schema":{"@context":"https:\/\/schema.org","@graph":[{"@type":"WebPage","@id":"https:\/\/neos-music.com\/product\/jens-joneleit-arbitrary-featuring-tom-schueler\/","url":"https:\/\/neos-music.com\/product\/jens-joneleit-arbitrary-featuring-tom-schueler\/","name":"Jens Joneleit: ARBITRARY featuring Tom Sch\u00fcler - NEOS Music","isPartOf":{"@id":"https:\/\/neos-music.com\/#website"},"primaryImageOfPage":{"@id":"https:\/\/neos-music.com\/product\/jens-joneleit-arbitrary-featuring-tom-schueler\/#primaryimage"},"image":{"@id":"https:\/\/neos-music.com\/product\/jens-joneleit-arbitrary-featuring-tom-schueler\/#primaryimage"},"thumbnailUrl":"https:\/\/i0.wp.com\/neos-music.com\/wp-content\/uploads\/2022\/11\/NEOS_40701_Jens_Joneleit_Arbitrary.jpeg?fit=1648%2C1482&ssl=1","datePublished":"2007-08-30T14:47:52+00:00","dateModified":"2022-11-20T14:50:07+00:00","breadcrumb":{"@id":"https:\/\/neos-music.com\/product\/jens-joneleit-arbitrary-featuring-tom-schueler\/#breadcrumb"},"inLanguage":"en-US","potentialAction":[{"@type":"ReadAction","target":["https:\/\/neos-music.com\/product\/jens-joneleit-arbitrary-featuring-tom-schueler\/"]}]},{"@type":"ImageObject","inLanguage":"en-US","@id":"https:\/\/neos-music.com\/product\/jens-joneleit-arbitrary-featuring-tom-schueler\/#primaryimage","url":"https:\/\/i0.wp.com\/neos-music.com\/wp-content\/uploads\/2022\/11\/NEOS_40701_Jens_Joneleit_Arbitrary.jpeg?fit=1648%2C1482&ssl=1","contentUrl":"https:\/\/i0.wp.com\/neos-music.com\/wp-content\/uploads\/2022\/11\/NEOS_40701_Jens_Joneleit_Arbitrary.jpeg?fit=1648%2C1482&ssl=1","width":1648,"height":1482},{"@type":"BreadcrumbList","@id":"https:\/\/neos-music.com\/product\/jens-joneleit-arbitrary-featuring-tom-schueler\/#breadcrumb","itemListElement":[{"@type":"ListItem","position":1,"name":"Startseite","item":"https:\/\/neos-music.com\/"},{"@type":"ListItem","position":2,"name":"Produkte","item":"https:\/\/neos-music.com\/shop__trashed\/"},{"@type":"ListItem","position":3,"name":"Jens Joneleit: ARBITRARY featuring Tom Sch\u00fcler"}]},{"@type":"WebSite","@id":"https:\/\/neos-music.com\/#website","url":"https:\/\/neos-music.com\/","name":"NEOS Music","description":"Dein Online Shop f\u00fcr zeitgen\u00f6ssische Musik, Jazz und Classics!","publisher":{"@id":"https:\/\/neos-music.com\/#organization"},"potentialAction":[{"@type":"SearchAction","target":{"@type":"EntryPoint","urlTemplate":"https:\/\/neos-music.com\/?s={search_term_string}"},"query-input":{"@type":"PropertyValueSpecification","valueRequired":true,"valueName":"search_term_string"}}],"inLanguage":"en-US"},{"@type":"Organization","@id":"https:\/\/neos-music.com\/#organization","name":"NEOS Music","url":"https:\/\/neos-music.com\/","logo":{"@type":"ImageObject","inLanguage":"en-US","@id":"https:\/\/neos-music.com\/#\/schema\/logo\/image\/","url":"https:\/\/i0.wp.com\/neos-music.com\/wp-content\/uploads\/2025\/08\/NEOS-Logo-weiss.png?fit=800%2C203&ssl=1","contentUrl":"https:\/\/i0.wp.com\/neos-music.com\/wp-content\/uploads\/2025\/08\/NEOS-Logo-weiss.png?fit=800%2C203&ssl=1","width":800,"height":203,"caption":"NEOS Music"},"image":{"@id":"https:\/\/neos-music.com\/#\/schema\/logo\/image\/"}}]}},"jetpack_sharing_enabled":true,"_links":{"self":[{"href":"https:\/\/neos-music.com\/en_us\/wp-json\/wp\/v2\/product\/3273","targetHints":{"allow":["GET"]}}],"collection":[{"href":"https:\/\/neos-music.com\/en_us\/wp-json\/wp\/v2\/product"}],"about":[{"href":"https:\/\/neos-music.com\/en_us\/wp-json\/wp\/v2\/types\/product"}],"version-history":[{"count":0,"href":"https:\/\/neos-music.com\/en_us\/wp-json\/wp\/v2\/product\/3273\/revisions"}],"wp:featuredmedia":[{"embeddable":true,"href":"https:\/\/neos-music.com\/en_us\/wp-json\/wp\/v2\/media\/3274"}],"wp:attachment":[{"href":"https:\/\/neos-music.com\/en_us\/wp-json\/wp\/v2\/media?parent=3273"}],"wp:term":[{"taxonomy":"product_brand","embeddable":true,"href":"https:\/\/neos-music.com\/en_us\/wp-json\/wp\/v2\/product_brand?post=3273"},{"taxonomy":"product_cat","embeddable":true,"href":"https:\/\/neos-music.com\/en_us\/wp-json\/wp\/v2\/product_cat?post=3273"},{"taxonomy":"product_tag","embeddable":true,"href":"https:\/\/neos-music.com\/en_us\/wp-json\/wp\/v2\/product_tag?post=3273"}],"curies":[{"name":"wp","href":"https:\/\/api.w.org\/{rel}","templated":true}]}}