{"id":3275,"date":"2007-08-30T14:50:28","date_gmt":"2007-08-30T14:50:28","guid":{"rendered":"https:\/\/neos-music.com\/?post_type=product&#038;p=3275"},"modified":"2022-11-20T14:52:15","modified_gmt":"2022-11-20T14:52:15","slug":"elliott-sharp-tectonics-errata","status":"publish","type":"product","link":"https:\/\/neos-music.com\/en_us\/product\/elliott-sharp-tectonics-errata\/","title":{"rendered":"Elliott Sharp: Tectonics &#8211; ERRATA"},"content":{"rendered":"<p>Infotext:<\/p>\n<table border=\"0\" width=\"100%\" rules=\"none\" cellspacing=\"0\" cellpadding=\"0\">\n<tbody>\n<tr>\n<td class=\"bigcontent2\">\n<div id=\"infotext\">\n<p><b>Elliott Sharp: Tectonics &#8211; ERRATA<\/b><\/p>\n<p>Als Kind faszinierte mich alles, was futuristisch und elektronisch war. Mein Tectonics-Projekt hat hier vielleicht seine Wurzeln. Ich las von klein auf Science-Fiction-B\u00fccher und hatte vor, Wissenschaftler zu werden. Wer in den f\u00fcnfziger Jahren in den USA aufwuchs, auf den donnerte permanent und gewissenlos die Propaganda vom \u00bbwissenschaftlichen Fortschritt\u00ab ein. Mein Vater konstruierte Mikrofone und Lautsprecher, sie waren mir also t\u00e4glich vor Augen.<\/p>\n<p>Auch Musik war immer pr\u00e4sent: klassischer Klavierunterricht \u2013 da bin ich fast dran gestorben \u2013, sp\u00e4ter klassische Klarinette. Meine Klarinette verst\u00e4rkte ich dann mit selbstgebauten Fuzzbox-Verzerrern, und so ausgestattet spielte ich, bei ersten Band-Auftritten, Jeff-Beck-Solos.<\/p>\n<p>1968, mit siebzehn, kam ich mit einem Stipendium der National Science Foundation an die Carnegie-Mellon University Pittsburgh, um an Schaltsystemen f\u00fcr ein Projekt namens Spelltalk zu arbeiten (dabei wurden die Klangkurven von Phonemen auf Filme aufgezeichnet; eine opto-elektronische Vorrichtung \u00bblas\u00ab sie und \u00fcbersetzte sie in sprach\u00e4hnliche Kl\u00e4nge).<\/p>\n<p>Einen Gro\u00dfteil meiner Zeit verbrachte ich in der Werkstatt, machte Experimente auf einem siebenspurigen Ampex-Tonband und bastelte Fuzz-Boxen und Ringmodulatoren f\u00fcr die elektrische Gitarre, die ich mir gerade zugelegt hatte. Jede Nacht, zwischen Mitternacht und 4 Uhr fr\u00fch, arbeitete ich als DJ f\u00fcr den Radiosender der Hochschule, WRCT. Dank der gut best\u00fcckten Bibliothek, die ich dort fand, konnte ich meinen musikalischen Horizont \u00fcber Jimi Hendrix und Country-Blues hinaus erweitern, in Richtung Xenakis, Gamelan, Stockhausen, Indien, John Coltrane, Ba-Benjelle-Pygm\u00e4en, Ornette Coleman, Ligeti, Korea, Harry Partch, Albert Ayler und noch viel viel mehr.<\/p>\n<p>Als dann der Vietnamkrieg tobte und ein gro\u00dfer Teil der wissenschaftlichen Forschung in die Einflusssph\u00e4re des Verteidigungsministeriums driftete, wusste ich: Meine Berufung w\u00fcrde die Musik sein. W\u00e4hrend ich an der Universit\u00e4t von Cornell Anthropologie studierte, h\u00f6rte ich Robert Moogs Vorlesungen \u00fcber synthetische Klangerzeugung und spielte in verschiedenen Psychedelic-Bands und Free-Jazz-Formationen.<\/p>\n<p>Am Bard College und im weiterf\u00fchrenden Studium an der University of Buffalo arbeitete ich mit EML- und Moog-Synthesizern und der Programmiersprache Music IV. Ich fing an, Projekte zu entwickeln, in denen ich Analog-Sequenzer und synthetisches Schlagzeug kombinierte. Dazu mischte ich Improvisationen auf Gitarren und Klarinetten\/Saxophonen: hier konnte ich besondere Spieltechniken anwenden und den Klang dann noch mit Modulatoren, Filtern und Echo-Effekten weiterverarbeiten.<\/p>\n<p>\u00dcber diese Versuche kam ich auch dazu, neue Instrumente zu bauen: Slabs, Pantars und Violinoide, Gitarren ohne B\u00fcnde mit doppeltem Hals und achtsaitige Bassgitarren mit erweitertem Tonumfang. Im konzeptuellen Bereich habe ich f\u00fcr meine Musik die Chaostheorie und fraktale Geometrie in Anspruch genommen, algorithmische Versuche, Ph\u00e4nomene der Akustik \u2013 alles unter der Rubrik \u00bbIr\/Rationale Musik\u00ab.<\/p>\n<p>Bei meiner Ankunft in New York City 1979 begann ich, in Szenelokale wie Mudd Club, Tier 3 und Danceteria einzutauchen. Ich lebte quasi mit dem einen Ohr in einer avantgardistisch-formalistischen Welt und mit dem anderen in einer seltsamen Mischung aus No-Wave-Punkrock und dem, was ich in Latenight-Danceclubs h\u00f6rte. 1986, als man problemlos an einen Atari-ST-Computer und M-Software herankam, dachte ich mir mein Projekt Virtual Stance aus. Ich wollte grelle, schroffe Klanglandschaften kreieren, mit polyrhythmischen Synthesizer-Grooves, die stark an Techno erinnern.<\/p>\n<p>Bei Auff\u00fchrungen von Virtual Stance kombinierte ich damals die live-elektronische Verarbeitung von Samples und Sequenzen mit einer MIDI-gest\u00fctzten Bearbeitung meines Gitarren-, Saxophon- und Klarinettenspiels. Dokumentiert ist das auf der LP Virtual Stance (Ear-rational, 1988). Die zweite Folge von Virtual Stance hie\u00df Looppool (Ear-rational, 1988); sie bewegt sich gedanklich weiter in Rich-tung verfremdete Tanzrhythmen, au\u00dferirdische Atmosph\u00e4re und freie Improvisation. 1989 integrierte ich in mein Ger\u00e4te-System den Buchla Thunder, der es mir erlaubt, den Klang in Echtzeit massiv zu bearbeiten, und zwar buchst\u00e4blich mit den Fingerspitzen.<\/p>\n<p>1994 bekam das Projekt einen neuen Namen: Tectonics. Und, noch wichtiger, ich wechselte zu einem Apple-Rechner, der kleiner ist und mehr Leistung bringt. Die erste Tectonics-CD kam 1994 beim Label Atonal heraus. Der Bassist der Rollins Band, Melvin Gibbs, und die Vokalisten Dorit Chrysler und KJ Grant pr\u00e4sentierten sich hier mit aggressiven Elektro-Rhythmen und einem futuristischen, extrem schnellen Dub-Reggae.<\/p>\n<p>Das Projekt entfaltete sich weiter, und eine zweite Einspielung, Field &amp; Stream (Atonal &amp; Knitting Factory, 1996) bezog Jungle-Rhythmen und -Techniken ein, obwohl das Ausgangsmaterial, das ich benutzte, sehr weit von den typischen Breakbeats entfernt war. Bei den Live-Konzerten kam die achtsaitige Bassgitarre zum Einsatz, dazu diverse elektronisch adaptierte Blechblasinstrumente, und ein Powerbook mit den Programmen M und Cubase (sp\u00e4ter LiSa und Max \/ MSP).<\/p>\n<p>Die dritte Tectonics-CD, Errata (erstver\u00f6ffentlicht bei Knitting Factory, 1998) w\u00fchlt sich tief hinein in Chaos- und Glitch-Musik, verzerrte Klangfarben und irrsinnig verdrehte Rhythmen. Auff\u00fchrungen von Tectonics gab es bisher in Berlin, Tokio, Paris, Peking, Br\u00fcssel, Lyon, Z\u00fcrich, Kyoto, Ljubljana, Bern, Wien und Manaus (im brasilianischen Bundesstaat Amazonas).<\/p>\n<p>Elliott Sharp<br \/>\n\u00dcbersetzung: Michael Herrschel<\/p>\n<\/div>\n<\/td>\n<td><\/td>\n<\/tr>\n<\/tbody>\n<\/table>\n<p>Programm:<\/p>\n<p><b>Elliott Sharp Edition Vol. 1<\/b><\/p>\n<p><b>ERRATA<\/b><\/p>\n<p>[01] 03:57\u00a0spliny thicket<br \/>\n[02] 04:06\u00a0in tongues<\/p>\n<p>[03] 06:02\u00a0city of sand<br \/>\n[04] 05:04\u00a0which delta<br \/>\n[05] 07:24\u00a0calle siete<br \/>\n[06] 05:21\u00a0hotfoot<\/p>\n<p>[07] 05:30\u00a0noospheric<br \/>\n[08] 05:28\u00a0goomy<br \/>\n[09] 04:57\u00a0kargyraa<br \/>\n[10] 07:06\u00a0errataka<\/p>\n<p><b>total time 54:55<\/b><\/p>\n<p>Composed and performed by Elliott Sharp<\/p>\n<p>Instruments: 8-string guitarbass, console steel guitar, bass clarinet,<br \/>\ntenor and soprano saxophones, analog and digital synthesizers,<br \/>\ndrum programming and processing<br \/>\nRecorded at Studio zOaR New York City, 1998<br \/>\nThanks to Janene, Kurt Ralske, Lennart Staehle<\/p>\n<p>Published by zOaR \u2013 BMI \u2013 1999<br \/>\n<a class=\"arcoma_editor_link\" href=\"https:\/\/neos-music.com\/output.php?template=german-album-details.php&amp;content=Alben\/40702.php#\" target=\"_blank\" rel=\"noopener\">www.elliottsharp.com<\/a><\/p>\n<p><img data-recalc-dims=\"1\" decoding=\"async\" src=\"https:\/\/i0.wp.com\/neos-music.com\/images\/neos\/40702_Sharp_Digipac_inside.jpg?ssl=1\" \/><\/p>\n<p>Pressestimmen:<\/p>\n<p><img data-recalc-dims=\"1\" decoding=\"async\" src=\"https:\/\/i0.wp.com\/neos-music.com\/images\/news\/logo_jazzpodium.jpg?ssl=1\" \/><br \/>\n03\/2008<\/p>\n<p><img data-recalc-dims=\"1\" decoding=\"async\" src=\"https:\/\/i0.wp.com\/neos-music.com\/images\/news\/40702-04-Jazzpodium-0308046.jpg?ssl=1\" \/><\/p>\n<p><img data-recalc-dims=\"1\" decoding=\"async\" src=\"https:\/\/i0.wp.com\/neos-music.com\/images\/news\/Diverdi-Logo013.jpg?ssl=1\" \/><br \/>\n11-12\/2007<\/p>\n<p><img data-recalc-dims=\"1\" decoding=\"async\" src=\"https:\/\/i0.wp.com\/neos-music.com\/images\/news\/40701_40702_Diverdi_11u1207.jpg?ssl=1\" \/><\/p>\n","protected":false},"excerpt":{"rendered":"<p>Infotext: Elliott Sharp: Tectonics &#8211; ERRATA Als Kind faszinierte mich alles, was futuristisch und elektronisch war. Mein Tectonics-Projekt hat hier vielleicht seine Wurzeln. Ich las von klein auf Science-Fiction-B\u00fccher und hatte vor, Wissenschaftler zu werden. Wer in den f\u00fcnfziger Jahren in den USA aufwuchs, auf den donnerte permanent und gewissenlos die Propaganda vom \u00bbwissenschaftlichen Fortschritt\u00ab [&hellip;]<\/p>\n","protected":false},"featured_media":3276,"template":"","meta":{"site-sidebar-layout":"default","site-content-layout":"default","ast-site-content-layout":"default","site-content-style":"default","site-sidebar-style":"default","ast-global-header-display":"","ast-banner-title-visibility":"","ast-main-header-display":"","ast-hfb-above-header-display":"","ast-hfb-below-header-display":"","ast-hfb-mobile-header-display":"","site-post-title":"","ast-breadcrumbs-content":"","ast-featured-img":"","footer-sml-layout":"","theme-transparent-header-meta":"default","adv-header-id-meta":"","stick-header-meta":"","header-above-stick-meta":"","header-main-stick-meta":"","header-below-stick-meta":"","astra-migrate-meta-layouts":"default","ast-page-background-enabled":"default","ast-page-background-meta":{"desktop":{"background-color":"","background-image":"","background-repeat":"repeat","background-position":"center center","background-size":"auto","background-attachment":"scroll","background-type":"","background-media":"","overlay-type":"","overlay-color":"","overlay-opacity":"","overlay-gradient":""},"tablet":{"background-color":"","background-image":"","background-repeat":"repeat","background-position":"center center","background-size":"auto","background-attachment":"scroll","background-type":"","background-media":"","overlay-type":"","overlay-color":"","overlay-opacity":"","overlay-gradient":""},"mobile":{"background-color":"","background-image":"","background-repeat":"repeat","background-position":"center center","background-size":"auto","background-attachment":"scroll","background-type":"","background-media":"","overlay-type":"","overlay-color":"","overlay-opacity":"","overlay-gradient":""}},"ast-content-background-meta":{"desktop":{"background-color":"var(--ast-global-color-5)","background-image":"","background-repeat":"repeat","background-position":"center center","background-size":"auto","background-attachment":"scroll","background-type":"","background-media":"","overlay-type":"","overlay-color":"","overlay-opacity":"","overlay-gradient":""},"tablet":{"background-color":"var(--ast-global-color-5)","background-image":"","background-repeat":"repeat","background-position":"center center","background-size":"auto","background-attachment":"scroll","background-type":"","background-media":"","overlay-type":"","overlay-color":"","overlay-opacity":"","overlay-gradient":""},"mobile":{"background-color":"var(--ast-global-color-5)","background-image":"","background-repeat":"repeat","background-position":"center center","background-size":"auto","background-attachment":"scroll","background-type":"","background-media":"","overlay-type":"","overlay-color":"","overlay-opacity":"","overlay-gradient":""}}},"product_brand":[],"product_cat":[26],"product_tag":[],"class_list":{"0":"post-3275","1":"product","2":"type-product","3":"status-publish","4":"has-post-thumbnail","6":"product_cat-zeitgenossische-musik","7":"pa_artikelnummer-neos-40702","8":"pa_brand-neos-music","9":"pa_ean-816","10":"desktop-align-left","11":"tablet-align-left","12":"mobile-align-left","14":"first","15":"instock","16":"taxable","17":"shipping-taxable","18":"purchasable","19":"product-type-simple"},"yoast_head":"<!-- This site is optimized with the Yoast SEO plugin v27.3 - https:\/\/yoast.com\/product\/yoast-seo-wordpress\/ -->\n<title>Elliott Sharp: Tectonics - ERRATA - NEOS Music<\/title>\n<meta name=\"robots\" content=\"index, follow, max-snippet:-1, max-image-preview:large, max-video-preview:-1\" \/>\n<link rel=\"canonical\" href=\"https:\/\/neos-music.com\/en_us\/product\/elliott-sharp-tectonics-errata\/\" \/>\n<meta property=\"og:locale\" content=\"en_US\" \/>\n<meta property=\"og:type\" content=\"article\" \/>\n<meta property=\"og:title\" content=\"Elliott Sharp: Tectonics - ERRATA - NEOS Music\" \/>\n<meta property=\"og:description\" content=\"Infotext: Elliott Sharp: Tectonics &#8211; ERRATA Als Kind faszinierte mich alles, was futuristisch und elektronisch war. Mein Tectonics-Projekt hat hier vielleicht seine Wurzeln. Ich las von klein auf Science-Fiction-B\u00fccher und hatte vor, Wissenschaftler zu werden. Wer in den f\u00fcnfziger Jahren in den USA aufwuchs, auf den donnerte permanent und gewissenlos die Propaganda vom \u00bbwissenschaftlichen Fortschritt\u00ab [&hellip;]\" \/>\n<meta property=\"og:url\" content=\"https:\/\/neos-music.com\/en_us\/product\/elliott-sharp-tectonics-errata\/\" \/>\n<meta property=\"og:site_name\" content=\"NEOS Music\" \/>\n<meta property=\"article:modified_time\" content=\"2022-11-20T14:52:15+00:00\" \/>\n<meta property=\"og:image\" content=\"https:\/\/neos-music.com\/wp-content\/uploads\/2022\/11\/NEOS_40702_Elliott_Sharp_Errata.jpeg\" \/>\n\t<meta property=\"og:image:width\" content=\"1648\" \/>\n\t<meta property=\"og:image:height\" content=\"1482\" \/>\n\t<meta property=\"og:image:type\" content=\"image\/jpeg\" \/>\n<meta name=\"twitter:card\" content=\"summary_large_image\" \/>\n<meta name=\"twitter:label1\" content=\"Est. reading time\" \/>\n\t<meta name=\"twitter:data1\" content=\"4 minutes\" \/>\n<script type=\"application\/ld+json\" class=\"yoast-schema-graph\">{\"@context\":\"https:\\\/\\\/schema.org\",\"@graph\":[{\"@type\":\"WebPage\",\"@id\":\"https:\\\/\\\/neos-music.com\\\/product\\\/elliott-sharp-tectonics-errata\\\/\",\"url\":\"https:\\\/\\\/neos-music.com\\\/product\\\/elliott-sharp-tectonics-errata\\\/\",\"name\":\"Elliott Sharp: Tectonics - ERRATA - NEOS Music\",\"isPartOf\":{\"@id\":\"https:\\\/\\\/neos-music.com\\\/#website\"},\"primaryImageOfPage\":{\"@id\":\"https:\\\/\\\/neos-music.com\\\/product\\\/elliott-sharp-tectonics-errata\\\/#primaryimage\"},\"image\":{\"@id\":\"https:\\\/\\\/neos-music.com\\\/product\\\/elliott-sharp-tectonics-errata\\\/#primaryimage\"},\"thumbnailUrl\":\"https:\\\/\\\/i0.wp.com\\\/neos-music.com\\\/wp-content\\\/uploads\\\/2022\\\/11\\\/NEOS_40702_Elliott_Sharp_Errata.jpeg?fit=1648%2C1482&ssl=1\",\"datePublished\":\"2007-08-30T14:50:28+00:00\",\"dateModified\":\"2022-11-20T14:52:15+00:00\",\"breadcrumb\":{\"@id\":\"https:\\\/\\\/neos-music.com\\\/product\\\/elliott-sharp-tectonics-errata\\\/#breadcrumb\"},\"inLanguage\":\"en-US\",\"potentialAction\":[{\"@type\":\"ReadAction\",\"target\":[\"https:\\\/\\\/neos-music.com\\\/product\\\/elliott-sharp-tectonics-errata\\\/\"]}]},{\"@type\":\"ImageObject\",\"inLanguage\":\"en-US\",\"@id\":\"https:\\\/\\\/neos-music.com\\\/product\\\/elliott-sharp-tectonics-errata\\\/#primaryimage\",\"url\":\"https:\\\/\\\/i0.wp.com\\\/neos-music.com\\\/wp-content\\\/uploads\\\/2022\\\/11\\\/NEOS_40702_Elliott_Sharp_Errata.jpeg?fit=1648%2C1482&ssl=1\",\"contentUrl\":\"https:\\\/\\\/i0.wp.com\\\/neos-music.com\\\/wp-content\\\/uploads\\\/2022\\\/11\\\/NEOS_40702_Elliott_Sharp_Errata.jpeg?fit=1648%2C1482&ssl=1\",\"width\":1648,\"height\":1482},{\"@type\":\"BreadcrumbList\",\"@id\":\"https:\\\/\\\/neos-music.com\\\/product\\\/elliott-sharp-tectonics-errata\\\/#breadcrumb\",\"itemListElement\":[{\"@type\":\"ListItem\",\"position\":1,\"name\":\"Startseite\",\"item\":\"https:\\\/\\\/neos-music.com\\\/\"},{\"@type\":\"ListItem\",\"position\":2,\"name\":\"Produkte\",\"item\":\"https:\\\/\\\/neos-music.com\\\/shop__trashed\\\/\"},{\"@type\":\"ListItem\",\"position\":3,\"name\":\"Elliott Sharp: Tectonics &#8211; ERRATA\"}]},{\"@type\":\"WebSite\",\"@id\":\"https:\\\/\\\/neos-music.com\\\/#website\",\"url\":\"https:\\\/\\\/neos-music.com\\\/\",\"name\":\"NEOS Music\",\"description\":\"Dein Online Shop f\u00fcr zeitgen\u00f6ssische Musik, Jazz und Classics!\",\"publisher\":{\"@id\":\"https:\\\/\\\/neos-music.com\\\/#organization\"},\"potentialAction\":[{\"@type\":\"SearchAction\",\"target\":{\"@type\":\"EntryPoint\",\"urlTemplate\":\"https:\\\/\\\/neos-music.com\\\/?s={search_term_string}\"},\"query-input\":{\"@type\":\"PropertyValueSpecification\",\"valueRequired\":true,\"valueName\":\"search_term_string\"}}],\"inLanguage\":\"en-US\"},{\"@type\":\"Organization\",\"@id\":\"https:\\\/\\\/neos-music.com\\\/#organization\",\"name\":\"NEOS Music\",\"url\":\"https:\\\/\\\/neos-music.com\\\/\",\"logo\":{\"@type\":\"ImageObject\",\"inLanguage\":\"en-US\",\"@id\":\"https:\\\/\\\/neos-music.com\\\/#\\\/schema\\\/logo\\\/image\\\/\",\"url\":\"https:\\\/\\\/i0.wp.com\\\/neos-music.com\\\/wp-content\\\/uploads\\\/2025\\\/08\\\/NEOS-Logo-weiss.png?fit=800%2C203&ssl=1\",\"contentUrl\":\"https:\\\/\\\/i0.wp.com\\\/neos-music.com\\\/wp-content\\\/uploads\\\/2025\\\/08\\\/NEOS-Logo-weiss.png?fit=800%2C203&ssl=1\",\"width\":800,\"height\":203,\"caption\":\"NEOS Music\"},\"image\":{\"@id\":\"https:\\\/\\\/neos-music.com\\\/#\\\/schema\\\/logo\\\/image\\\/\"}}]}<\/script>\n<!-- \/ Yoast SEO plugin. -->","yoast_head_json":{"title":"Elliott Sharp: Tectonics - ERRATA - NEOS Music","robots":{"index":"index","follow":"follow","max-snippet":"max-snippet:-1","max-image-preview":"max-image-preview:large","max-video-preview":"max-video-preview:-1"},"canonical":"https:\/\/neos-music.com\/en_us\/product\/elliott-sharp-tectonics-errata\/","og_locale":"en_US","og_type":"article","og_title":"Elliott Sharp: Tectonics - ERRATA - NEOS Music","og_description":"Infotext: Elliott Sharp: Tectonics &#8211; ERRATA Als Kind faszinierte mich alles, was futuristisch und elektronisch war. Mein Tectonics-Projekt hat hier vielleicht seine Wurzeln. Ich las von klein auf Science-Fiction-B\u00fccher und hatte vor, Wissenschaftler zu werden. Wer in den f\u00fcnfziger Jahren in den USA aufwuchs, auf den donnerte permanent und gewissenlos die Propaganda vom \u00bbwissenschaftlichen Fortschritt\u00ab [&hellip;]","og_url":"https:\/\/neos-music.com\/en_us\/product\/elliott-sharp-tectonics-errata\/","og_site_name":"NEOS Music","article_modified_time":"2022-11-20T14:52:15+00:00","og_image":[{"width":1648,"height":1482,"url":"https:\/\/neos-music.com\/wp-content\/uploads\/2022\/11\/NEOS_40702_Elliott_Sharp_Errata.jpeg","type":"image\/jpeg"}],"twitter_card":"summary_large_image","twitter_misc":{"Est. reading time":"4 minutes"},"schema":{"@context":"https:\/\/schema.org","@graph":[{"@type":"WebPage","@id":"https:\/\/neos-music.com\/product\/elliott-sharp-tectonics-errata\/","url":"https:\/\/neos-music.com\/product\/elliott-sharp-tectonics-errata\/","name":"Elliott Sharp: Tectonics - ERRATA - NEOS Music","isPartOf":{"@id":"https:\/\/neos-music.com\/#website"},"primaryImageOfPage":{"@id":"https:\/\/neos-music.com\/product\/elliott-sharp-tectonics-errata\/#primaryimage"},"image":{"@id":"https:\/\/neos-music.com\/product\/elliott-sharp-tectonics-errata\/#primaryimage"},"thumbnailUrl":"https:\/\/i0.wp.com\/neos-music.com\/wp-content\/uploads\/2022\/11\/NEOS_40702_Elliott_Sharp_Errata.jpeg?fit=1648%2C1482&ssl=1","datePublished":"2007-08-30T14:50:28+00:00","dateModified":"2022-11-20T14:52:15+00:00","breadcrumb":{"@id":"https:\/\/neos-music.com\/product\/elliott-sharp-tectonics-errata\/#breadcrumb"},"inLanguage":"en-US","potentialAction":[{"@type":"ReadAction","target":["https:\/\/neos-music.com\/product\/elliott-sharp-tectonics-errata\/"]}]},{"@type":"ImageObject","inLanguage":"en-US","@id":"https:\/\/neos-music.com\/product\/elliott-sharp-tectonics-errata\/#primaryimage","url":"https:\/\/i0.wp.com\/neos-music.com\/wp-content\/uploads\/2022\/11\/NEOS_40702_Elliott_Sharp_Errata.jpeg?fit=1648%2C1482&ssl=1","contentUrl":"https:\/\/i0.wp.com\/neos-music.com\/wp-content\/uploads\/2022\/11\/NEOS_40702_Elliott_Sharp_Errata.jpeg?fit=1648%2C1482&ssl=1","width":1648,"height":1482},{"@type":"BreadcrumbList","@id":"https:\/\/neos-music.com\/product\/elliott-sharp-tectonics-errata\/#breadcrumb","itemListElement":[{"@type":"ListItem","position":1,"name":"Startseite","item":"https:\/\/neos-music.com\/"},{"@type":"ListItem","position":2,"name":"Produkte","item":"https:\/\/neos-music.com\/shop__trashed\/"},{"@type":"ListItem","position":3,"name":"Elliott Sharp: Tectonics &#8211; ERRATA"}]},{"@type":"WebSite","@id":"https:\/\/neos-music.com\/#website","url":"https:\/\/neos-music.com\/","name":"NEOS Music","description":"Dein Online Shop f\u00fcr zeitgen\u00f6ssische Musik, Jazz und Classics!","publisher":{"@id":"https:\/\/neos-music.com\/#organization"},"potentialAction":[{"@type":"SearchAction","target":{"@type":"EntryPoint","urlTemplate":"https:\/\/neos-music.com\/?s={search_term_string}"},"query-input":{"@type":"PropertyValueSpecification","valueRequired":true,"valueName":"search_term_string"}}],"inLanguage":"en-US"},{"@type":"Organization","@id":"https:\/\/neos-music.com\/#organization","name":"NEOS Music","url":"https:\/\/neos-music.com\/","logo":{"@type":"ImageObject","inLanguage":"en-US","@id":"https:\/\/neos-music.com\/#\/schema\/logo\/image\/","url":"https:\/\/i0.wp.com\/neos-music.com\/wp-content\/uploads\/2025\/08\/NEOS-Logo-weiss.png?fit=800%2C203&ssl=1","contentUrl":"https:\/\/i0.wp.com\/neos-music.com\/wp-content\/uploads\/2025\/08\/NEOS-Logo-weiss.png?fit=800%2C203&ssl=1","width":800,"height":203,"caption":"NEOS Music"},"image":{"@id":"https:\/\/neos-music.com\/#\/schema\/logo\/image\/"}}]}},"jetpack_sharing_enabled":true,"_links":{"self":[{"href":"https:\/\/neos-music.com\/en_us\/wp-json\/wp\/v2\/product\/3275","targetHints":{"allow":["GET"]}}],"collection":[{"href":"https:\/\/neos-music.com\/en_us\/wp-json\/wp\/v2\/product"}],"about":[{"href":"https:\/\/neos-music.com\/en_us\/wp-json\/wp\/v2\/types\/product"}],"version-history":[{"count":0,"href":"https:\/\/neos-music.com\/en_us\/wp-json\/wp\/v2\/product\/3275\/revisions"}],"wp:featuredmedia":[{"embeddable":true,"href":"https:\/\/neos-music.com\/en_us\/wp-json\/wp\/v2\/media\/3276"}],"wp:attachment":[{"href":"https:\/\/neos-music.com\/en_us\/wp-json\/wp\/v2\/media?parent=3275"}],"wp:term":[{"taxonomy":"product_brand","embeddable":true,"href":"https:\/\/neos-music.com\/en_us\/wp-json\/wp\/v2\/product_brand?post=3275"},{"taxonomy":"product_cat","embeddable":true,"href":"https:\/\/neos-music.com\/en_us\/wp-json\/wp\/v2\/product_cat?post=3275"},{"taxonomy":"product_tag","embeddable":true,"href":"https:\/\/neos-music.com\/en_us\/wp-json\/wp\/v2\/product_tag?post=3275"}],"curies":[{"name":"wp","href":"https:\/\/api.w.org\/{rel}","templated":true}]}}