{"id":3277,"date":"2007-08-30T14:52:30","date_gmt":"2007-08-30T14:52:30","guid":{"rendered":"https:\/\/neos-music.com\/?post_type=product&#038;p=3277"},"modified":"2022-11-20T14:54:29","modified_gmt":"2022-11-20T14:54:29","slug":"elliott-sharp-orchestra-carbon-syndakit","status":"publish","type":"product","link":"https:\/\/neos-music.com\/en_us\/product\/elliott-sharp-orchestra-carbon-syndakit\/","title":{"rendered":"Elliott Sharp: Orchestra Carbon &#8211; SyndaKit"},"content":{"rendered":"<p>Infotext:<\/p>\n<table border=\"0\" width=\"100%\" rules=\"none\" cellspacing=\"0\" cellpadding=\"0\">\n<tbody>\n<tr>\n<td class=\"bigcontent2\">\n<div id=\"infotext\">\n<p><b>Elliott Sharp: SyndaKit<\/b><\/p>\n<p>SyndaKit schrieb ich 1998 f\u00fcr mein Ensemble Orchestra Carbon. Das St\u00fcck \u00fcbersetzt Bilder aus der Biologie ins Musikalische; es schafft einen dauernd ver\u00e4nderlichen N\u00e4hrboden von Rhythmen und Klangfarben. Es hat improvisatorischen Charakter und arbeitet mit Algorithmen, aber es ist keine Improvisation.<\/p>\n<p>SyndaKit ist prim\u00e4r ein sich ver\u00e4ndernder Organismus, bestehend aus 144 komponierten \u201eKernen\u201c auf zw\u00f6lf Notenbl\u00e4ttern, verteilt auf zw\u00f6lf Spieler. Ein paar einfache Spielregeln setzen Prozesse in Gang: Imitation, Addition, Neukombination, Transposition und Mutation. Diese Vorg\u00e4nge orientieren sich an Vorbildern: an V\u00f6geln, die sich zusammenscharen, an afrikanischen Trommelch\u00f6ren, zellul\u00e4ren Automaten (das sind mathematische Modelle), Jagdmeuten und rekombinanten Aminos\u00e4uren.<\/p>\n<p>Die Musiker verwandeln \u201eKerne\u201c in Ostinati, oder sie k\u00f6nnen sie als \u201eObjekte\u201c in den Spielfluss hineinwer-fen. Die vier T\u00f6ne C, G, As und A sind das Gravitationszentrum von SyndaKit, alle Klangereignisse sind auf sie konzentriert. Kerne werden entweder aus diesen T\u00f6nen oder aus Kl\u00e4ngen mit unbestimmter Tonh\u00f6he kompo-niert. Kerne mit bestimmter Tonh\u00f6he kann man beliebig oktavieren. Oder man kann sie, imitierend, um jedes beliebige Intervall transponieren.<\/p>\n<p>Die Spieler k\u00f6nnen einen ihrer Kerne einem anderen, der gerade als Ostinato gespielt wird, hinzuf\u00fcgen, so dass ein neues Ostinato entsteht \u2013 aber sie d\u00fcrfen ihre eigenen Kerne nicht anei-nanderreihen, bevor sie nicht jeweils an einen fremden Kern, der sich schon im allgemeinen Spielfluss befindet, angef\u00fcgt worden sind.<\/p>\n<p>Jeder Spieler kann jederzeit mit kurzen improvisierten Kommentaren \u201eherausplatzen\u201c und dann zum Spielfluss zur\u00fcckkehren. So ein \u201eHerausplatzen\u201c kann als Ausgangspunkt f\u00fcr neue Ostinati dienen \u2013 auf diese Weise bringt man frisches \u00bbgenetisches Material\u00ab ins Spiel. Ad libitum k\u00f6nnen sich einzelne Spieler in den Fluss hineinbegeben oder ihn verlassen.<\/p>\n<p>Theoretisch k\u00f6nnte SyndaKit komplett aufgef\u00fchrt werden, ohne dass die Spieler die notierten Kerne vorher studieren. Und eine \u201erichtige\u201c Auff\u00fchrung k\u00f6nnte m\u00f6glicherweise auch blo\u00df aus Unisono-Viertelnoten oder einem einzigen beliebig lang gehaltenen Ton bestehen. Klingt widerspr\u00fcch-lich\u2026 aber in diesem organischen Gebilde kommt es in erster Linie darauf an, rhythmische Zusammenkl\u00e4nge zu gestalten, die sich andauernd entwickeln und ihre Form, ihre Gestalt \u00e4ndern.<\/p>\n<p>\u00dcbersetzung: Michael Herrschel<\/p>\n<\/div>\n<\/td>\n<td><\/td>\n<\/tr>\n<\/tbody>\n<\/table>\n<p>Programm:<\/p>\n<p><b>Elliott Sharp Edition Vol. 2<\/b><\/p>\n<p>Orchestra Carbon<br \/>\n<b>SyndaKit<\/b><\/p>\n<p>[01] 11:27\u00a0SyndaKit Part 1<br \/>\n[02] 13:20 SyndaKit Part 2<br \/>\n[03] 17:16\u00a0SyndaKit Part 3<br \/>\n[04] 24:07\u00a0SyndaKit Part 4<\/p>\n<p><b>total time\u00a0 66:10<\/b><\/p>\n<p>Orchestra Carbon \u2013 Performers:<br \/>\nJudith Insell, viola\/Rea Mochiach, percussion\/Zeena Parkins, electric harp<br \/>\nJim Pugliese, percussion\/Ted Reichman, accordion\/Marc Sloan, electric bass<br \/>\nTim Smith, bass clarinet\/David Soldier, violin\/Evan Spritzer, bass clarinet<br \/>\nJoseph Trump, drums &amp; percussion\/David Weinstein, synthesizer and sampler<br \/>\nElliott Sharp, electroacoustic guitar<\/p>\n<p>Recorded at 74 Leonard St. NYC by Sascha van Oertzen, December 1998<br \/>\nMixed and mastered at Studio zOaR, NYC by Elliott Sharp, January 1999<\/p>\n<p>Published by zOaR \u2013 BMI \u2013 1999<br \/>\n<a class=\"arcoma_editor_link\" href=\"https:\/\/neos-music.com\/output.php?template=german-album-details.php&amp;content=Alben\/40703.php#\" target=\"_blank\" rel=\"noopener\">www.elliottsharp.com<\/a><\/p>\n<p><img data-recalc-dims=\"1\" decoding=\"async\" src=\"https:\/\/i0.wp.com\/neos-music.com\/images\/neos\/40703_Sharp_Digipac_inside.jpg?ssl=1\" \/><\/p>\n<p>Pressestimmen:<\/p>\n<p><img data-recalc-dims=\"1\" decoding=\"async\" src=\"https:\/\/i0.wp.com\/neos-music.com\/images\/news\/logo_Jazzthetik.jpg?ssl=1\" \/><br \/>\n04\/05.2008<\/p>\n<p><img data-recalc-dims=\"1\" decoding=\"async\" src=\"https:\/\/i0.wp.com\/neos-music.com\/images\/news\/40703-04-Jazzthetik042.jpg?ssl=1\" \/><\/p>\n<p><img data-recalc-dims=\"1\" decoding=\"async\" src=\"https:\/\/i0.wp.com\/neos-music.com\/images\/news\/logo_jazzpodium.jpg?ssl=1\" \/><br \/>\n03\/2008<\/p>\n<p><img data-recalc-dims=\"1\" decoding=\"async\" src=\"https:\/\/i0.wp.com\/neos-music.com\/images\/news\/40702-04-Jazzpodium-0308046.jpg?ssl=1\" \/><\/p>\n<p><img data-recalc-dims=\"1\" decoding=\"async\" src=\"https:\/\/i0.wp.com\/neos-music.com\/images\/news\/logo_Concerto.jpg?ssl=1\" \/><br \/>\n02\/03.2008<\/p>\n<p><img data-recalc-dims=\"1\" decoding=\"async\" src=\"https:\/\/i0.wp.com\/neos-music.com\/images\/news\/40703-04-Concerto-2-0308045.jpg?ssl=1\" \/><\/p>\n<p>&nbsp;<\/p>\n","protected":false},"excerpt":{"rendered":"<p>Infotext: Elliott Sharp: SyndaKit SyndaKit schrieb ich 1998 f\u00fcr mein Ensemble Orchestra Carbon. Das St\u00fcck \u00fcbersetzt Bilder aus der Biologie ins Musikalische; es schafft einen dauernd ver\u00e4nderlichen N\u00e4hrboden von Rhythmen und Klangfarben. Es hat improvisatorischen Charakter und arbeitet mit Algorithmen, aber es ist keine Improvisation. SyndaKit ist prim\u00e4r ein sich ver\u00e4ndernder Organismus, bestehend aus 144 [&hellip;]<\/p>\n","protected":false},"featured_media":3278,"template":"","meta":{"site-sidebar-layout":"default","site-content-layout":"default","ast-site-content-layout":"default","site-content-style":"default","site-sidebar-style":"default","ast-global-header-display":"","ast-banner-title-visibility":"","ast-main-header-display":"","ast-hfb-above-header-display":"","ast-hfb-below-header-display":"","ast-hfb-mobile-header-display":"","site-post-title":"","ast-breadcrumbs-content":"","ast-featured-img":"","footer-sml-layout":"","theme-transparent-header-meta":"default","adv-header-id-meta":"","stick-header-meta":"","header-above-stick-meta":"","header-main-stick-meta":"","header-below-stick-meta":"","astra-migrate-meta-layouts":"default","ast-page-background-enabled":"default","ast-page-background-meta":{"desktop":{"background-color":"","background-image":"","background-repeat":"repeat","background-position":"center center","background-size":"auto","background-attachment":"scroll","background-type":"","background-media":"","overlay-type":"","overlay-color":"","overlay-opacity":"","overlay-gradient":""},"tablet":{"background-color":"","background-image":"","background-repeat":"repeat","background-position":"center center","background-size":"auto","background-attachment":"scroll","background-type":"","background-media":"","overlay-type":"","overlay-color":"","overlay-opacity":"","overlay-gradient":""},"mobile":{"background-color":"","background-image":"","background-repeat":"repeat","background-position":"center center","background-size":"auto","background-attachment":"scroll","background-type":"","background-media":"","overlay-type":"","overlay-color":"","overlay-opacity":"","overlay-gradient":""}},"ast-content-background-meta":{"desktop":{"background-color":"var(--ast-global-color-5)","background-image":"","background-repeat":"repeat","background-position":"center center","background-size":"auto","background-attachment":"scroll","background-type":"","background-media":"","overlay-type":"","overlay-color":"","overlay-opacity":"","overlay-gradient":""},"tablet":{"background-color":"var(--ast-global-color-5)","background-image":"","background-repeat":"repeat","background-position":"center center","background-size":"auto","background-attachment":"scroll","background-type":"","background-media":"","overlay-type":"","overlay-color":"","overlay-opacity":"","overlay-gradient":""},"mobile":{"background-color":"var(--ast-global-color-5)","background-image":"","background-repeat":"repeat","background-position":"center center","background-size":"auto","background-attachment":"scroll","background-type":"","background-media":"","overlay-type":"","overlay-color":"","overlay-opacity":"","overlay-gradient":""}}},"product_brand":[],"product_cat":[27],"product_tag":[],"class_list":{"0":"post-3277","1":"product","2":"type-product","3":"status-publish","4":"has-post-thumbnail","6":"product_cat-jazz","7":"pa_artikelnummer-neos-40703","8":"pa_brand-neos-music","9":"pa_ean-818","10":"desktop-align-left","11":"tablet-align-left","12":"mobile-align-left","14":"first","15":"instock","16":"taxable","17":"shipping-taxable","18":"purchasable","19":"product-type-simple"},"yoast_head":"<!-- This site is optimized with the Yoast SEO plugin v27.3 - https:\/\/yoast.com\/product\/yoast-seo-wordpress\/ -->\n<title>Elliott Sharp: Orchestra Carbon - SyndaKit - NEOS Music<\/title>\n<meta name=\"robots\" content=\"index, follow, max-snippet:-1, max-image-preview:large, max-video-preview:-1\" \/>\n<link rel=\"canonical\" href=\"https:\/\/neos-music.com\/en_us\/product\/elliott-sharp-orchestra-carbon-syndakit\/\" \/>\n<meta property=\"og:locale\" content=\"en_US\" \/>\n<meta property=\"og:type\" content=\"article\" \/>\n<meta property=\"og:title\" content=\"Elliott Sharp: Orchestra Carbon - SyndaKit - NEOS Music\" \/>\n<meta property=\"og:description\" content=\"Infotext: Elliott Sharp: SyndaKit SyndaKit schrieb ich 1998 f\u00fcr mein Ensemble Orchestra Carbon. Das St\u00fcck \u00fcbersetzt Bilder aus der Biologie ins Musikalische; es schafft einen dauernd ver\u00e4nderlichen N\u00e4hrboden von Rhythmen und Klangfarben. Es hat improvisatorischen Charakter und arbeitet mit Algorithmen, aber es ist keine Improvisation. SyndaKit ist prim\u00e4r ein sich ver\u00e4ndernder Organismus, bestehend aus 144 [&hellip;]\" \/>\n<meta property=\"og:url\" content=\"https:\/\/neos-music.com\/en_us\/product\/elliott-sharp-orchestra-carbon-syndakit\/\" \/>\n<meta property=\"og:site_name\" content=\"NEOS Music\" \/>\n<meta property=\"article:modified_time\" content=\"2022-11-20T14:54:29+00:00\" \/>\n<meta property=\"og:image\" content=\"https:\/\/neos-music.com\/wp-content\/uploads\/2022\/11\/NEOS_40703_Elliott_Sharp_SyndaKit.jpeg\" \/>\n\t<meta property=\"og:image:width\" content=\"1648\" \/>\n\t<meta property=\"og:image:height\" content=\"1482\" \/>\n\t<meta property=\"og:image:type\" content=\"image\/jpeg\" \/>\n<meta name=\"twitter:card\" content=\"summary_large_image\" \/>\n<meta name=\"twitter:label1\" content=\"Est. reading time\" \/>\n\t<meta name=\"twitter:data1\" content=\"2 minutes\" \/>\n<script type=\"application\/ld+json\" class=\"yoast-schema-graph\">{\"@context\":\"https:\\\/\\\/schema.org\",\"@graph\":[{\"@type\":\"WebPage\",\"@id\":\"https:\\\/\\\/neos-music.com\\\/product\\\/elliott-sharp-orchestra-carbon-syndakit\\\/\",\"url\":\"https:\\\/\\\/neos-music.com\\\/product\\\/elliott-sharp-orchestra-carbon-syndakit\\\/\",\"name\":\"Elliott Sharp: Orchestra Carbon - SyndaKit - NEOS Music\",\"isPartOf\":{\"@id\":\"https:\\\/\\\/neos-music.com\\\/#website\"},\"primaryImageOfPage\":{\"@id\":\"https:\\\/\\\/neos-music.com\\\/product\\\/elliott-sharp-orchestra-carbon-syndakit\\\/#primaryimage\"},\"image\":{\"@id\":\"https:\\\/\\\/neos-music.com\\\/product\\\/elliott-sharp-orchestra-carbon-syndakit\\\/#primaryimage\"},\"thumbnailUrl\":\"https:\\\/\\\/i0.wp.com\\\/neos-music.com\\\/wp-content\\\/uploads\\\/2022\\\/11\\\/NEOS_40703_Elliott_Sharp_SyndaKit.jpeg?fit=1648%2C1482&ssl=1\",\"datePublished\":\"2007-08-30T14:52:30+00:00\",\"dateModified\":\"2022-11-20T14:54:29+00:00\",\"breadcrumb\":{\"@id\":\"https:\\\/\\\/neos-music.com\\\/product\\\/elliott-sharp-orchestra-carbon-syndakit\\\/#breadcrumb\"},\"inLanguage\":\"en-US\",\"potentialAction\":[{\"@type\":\"ReadAction\",\"target\":[\"https:\\\/\\\/neos-music.com\\\/product\\\/elliott-sharp-orchestra-carbon-syndakit\\\/\"]}]},{\"@type\":\"ImageObject\",\"inLanguage\":\"en-US\",\"@id\":\"https:\\\/\\\/neos-music.com\\\/product\\\/elliott-sharp-orchestra-carbon-syndakit\\\/#primaryimage\",\"url\":\"https:\\\/\\\/i0.wp.com\\\/neos-music.com\\\/wp-content\\\/uploads\\\/2022\\\/11\\\/NEOS_40703_Elliott_Sharp_SyndaKit.jpeg?fit=1648%2C1482&ssl=1\",\"contentUrl\":\"https:\\\/\\\/i0.wp.com\\\/neos-music.com\\\/wp-content\\\/uploads\\\/2022\\\/11\\\/NEOS_40703_Elliott_Sharp_SyndaKit.jpeg?fit=1648%2C1482&ssl=1\",\"width\":1648,\"height\":1482},{\"@type\":\"BreadcrumbList\",\"@id\":\"https:\\\/\\\/neos-music.com\\\/product\\\/elliott-sharp-orchestra-carbon-syndakit\\\/#breadcrumb\",\"itemListElement\":[{\"@type\":\"ListItem\",\"position\":1,\"name\":\"Startseite\",\"item\":\"https:\\\/\\\/neos-music.com\\\/\"},{\"@type\":\"ListItem\",\"position\":2,\"name\":\"Produkte\",\"item\":\"https:\\\/\\\/neos-music.com\\\/shop__trashed\\\/\"},{\"@type\":\"ListItem\",\"position\":3,\"name\":\"Elliott Sharp: Orchestra Carbon &#8211; SyndaKit\"}]},{\"@type\":\"WebSite\",\"@id\":\"https:\\\/\\\/neos-music.com\\\/#website\",\"url\":\"https:\\\/\\\/neos-music.com\\\/\",\"name\":\"NEOS Music\",\"description\":\"Dein Online Shop f\u00fcr zeitgen\u00f6ssische Musik, Jazz und Classics!\",\"publisher\":{\"@id\":\"https:\\\/\\\/neos-music.com\\\/#organization\"},\"potentialAction\":[{\"@type\":\"SearchAction\",\"target\":{\"@type\":\"EntryPoint\",\"urlTemplate\":\"https:\\\/\\\/neos-music.com\\\/?s={search_term_string}\"},\"query-input\":{\"@type\":\"PropertyValueSpecification\",\"valueRequired\":true,\"valueName\":\"search_term_string\"}}],\"inLanguage\":\"en-US\"},{\"@type\":\"Organization\",\"@id\":\"https:\\\/\\\/neos-music.com\\\/#organization\",\"name\":\"NEOS Music\",\"url\":\"https:\\\/\\\/neos-music.com\\\/\",\"logo\":{\"@type\":\"ImageObject\",\"inLanguage\":\"en-US\",\"@id\":\"https:\\\/\\\/neos-music.com\\\/#\\\/schema\\\/logo\\\/image\\\/\",\"url\":\"https:\\\/\\\/i0.wp.com\\\/neos-music.com\\\/wp-content\\\/uploads\\\/2025\\\/08\\\/NEOS-Logo-weiss.png?fit=800%2C203&ssl=1\",\"contentUrl\":\"https:\\\/\\\/i0.wp.com\\\/neos-music.com\\\/wp-content\\\/uploads\\\/2025\\\/08\\\/NEOS-Logo-weiss.png?fit=800%2C203&ssl=1\",\"width\":800,\"height\":203,\"caption\":\"NEOS Music\"},\"image\":{\"@id\":\"https:\\\/\\\/neos-music.com\\\/#\\\/schema\\\/logo\\\/image\\\/\"}}]}<\/script>\n<!-- \/ Yoast SEO plugin. -->","yoast_head_json":{"title":"Elliott Sharp: Orchestra Carbon - SyndaKit - NEOS Music","robots":{"index":"index","follow":"follow","max-snippet":"max-snippet:-1","max-image-preview":"max-image-preview:large","max-video-preview":"max-video-preview:-1"},"canonical":"https:\/\/neos-music.com\/en_us\/product\/elliott-sharp-orchestra-carbon-syndakit\/","og_locale":"en_US","og_type":"article","og_title":"Elliott Sharp: Orchestra Carbon - SyndaKit - NEOS Music","og_description":"Infotext: Elliott Sharp: SyndaKit SyndaKit schrieb ich 1998 f\u00fcr mein Ensemble Orchestra Carbon. Das St\u00fcck \u00fcbersetzt Bilder aus der Biologie ins Musikalische; es schafft einen dauernd ver\u00e4nderlichen N\u00e4hrboden von Rhythmen und Klangfarben. Es hat improvisatorischen Charakter und arbeitet mit Algorithmen, aber es ist keine Improvisation. SyndaKit ist prim\u00e4r ein sich ver\u00e4ndernder Organismus, bestehend aus 144 [&hellip;]","og_url":"https:\/\/neos-music.com\/en_us\/product\/elliott-sharp-orchestra-carbon-syndakit\/","og_site_name":"NEOS Music","article_modified_time":"2022-11-20T14:54:29+00:00","og_image":[{"width":1648,"height":1482,"url":"https:\/\/neos-music.com\/wp-content\/uploads\/2022\/11\/NEOS_40703_Elliott_Sharp_SyndaKit.jpeg","type":"image\/jpeg"}],"twitter_card":"summary_large_image","twitter_misc":{"Est. reading time":"2 minutes"},"schema":{"@context":"https:\/\/schema.org","@graph":[{"@type":"WebPage","@id":"https:\/\/neos-music.com\/product\/elliott-sharp-orchestra-carbon-syndakit\/","url":"https:\/\/neos-music.com\/product\/elliott-sharp-orchestra-carbon-syndakit\/","name":"Elliott Sharp: Orchestra Carbon - SyndaKit - NEOS Music","isPartOf":{"@id":"https:\/\/neos-music.com\/#website"},"primaryImageOfPage":{"@id":"https:\/\/neos-music.com\/product\/elliott-sharp-orchestra-carbon-syndakit\/#primaryimage"},"image":{"@id":"https:\/\/neos-music.com\/product\/elliott-sharp-orchestra-carbon-syndakit\/#primaryimage"},"thumbnailUrl":"https:\/\/i0.wp.com\/neos-music.com\/wp-content\/uploads\/2022\/11\/NEOS_40703_Elliott_Sharp_SyndaKit.jpeg?fit=1648%2C1482&ssl=1","datePublished":"2007-08-30T14:52:30+00:00","dateModified":"2022-11-20T14:54:29+00:00","breadcrumb":{"@id":"https:\/\/neos-music.com\/product\/elliott-sharp-orchestra-carbon-syndakit\/#breadcrumb"},"inLanguage":"en-US","potentialAction":[{"@type":"ReadAction","target":["https:\/\/neos-music.com\/product\/elliott-sharp-orchestra-carbon-syndakit\/"]}]},{"@type":"ImageObject","inLanguage":"en-US","@id":"https:\/\/neos-music.com\/product\/elliott-sharp-orchestra-carbon-syndakit\/#primaryimage","url":"https:\/\/i0.wp.com\/neos-music.com\/wp-content\/uploads\/2022\/11\/NEOS_40703_Elliott_Sharp_SyndaKit.jpeg?fit=1648%2C1482&ssl=1","contentUrl":"https:\/\/i0.wp.com\/neos-music.com\/wp-content\/uploads\/2022\/11\/NEOS_40703_Elliott_Sharp_SyndaKit.jpeg?fit=1648%2C1482&ssl=1","width":1648,"height":1482},{"@type":"BreadcrumbList","@id":"https:\/\/neos-music.com\/product\/elliott-sharp-orchestra-carbon-syndakit\/#breadcrumb","itemListElement":[{"@type":"ListItem","position":1,"name":"Startseite","item":"https:\/\/neos-music.com\/"},{"@type":"ListItem","position":2,"name":"Produkte","item":"https:\/\/neos-music.com\/shop__trashed\/"},{"@type":"ListItem","position":3,"name":"Elliott Sharp: Orchestra Carbon &#8211; SyndaKit"}]},{"@type":"WebSite","@id":"https:\/\/neos-music.com\/#website","url":"https:\/\/neos-music.com\/","name":"NEOS Music","description":"Dein Online Shop f\u00fcr zeitgen\u00f6ssische Musik, Jazz und Classics!","publisher":{"@id":"https:\/\/neos-music.com\/#organization"},"potentialAction":[{"@type":"SearchAction","target":{"@type":"EntryPoint","urlTemplate":"https:\/\/neos-music.com\/?s={search_term_string}"},"query-input":{"@type":"PropertyValueSpecification","valueRequired":true,"valueName":"search_term_string"}}],"inLanguage":"en-US"},{"@type":"Organization","@id":"https:\/\/neos-music.com\/#organization","name":"NEOS Music","url":"https:\/\/neos-music.com\/","logo":{"@type":"ImageObject","inLanguage":"en-US","@id":"https:\/\/neos-music.com\/#\/schema\/logo\/image\/","url":"https:\/\/i0.wp.com\/neos-music.com\/wp-content\/uploads\/2025\/08\/NEOS-Logo-weiss.png?fit=800%2C203&ssl=1","contentUrl":"https:\/\/i0.wp.com\/neos-music.com\/wp-content\/uploads\/2025\/08\/NEOS-Logo-weiss.png?fit=800%2C203&ssl=1","width":800,"height":203,"caption":"NEOS Music"},"image":{"@id":"https:\/\/neos-music.com\/#\/schema\/logo\/image\/"}}]}},"jetpack_sharing_enabled":true,"_links":{"self":[{"href":"https:\/\/neos-music.com\/en_us\/wp-json\/wp\/v2\/product\/3277","targetHints":{"allow":["GET"]}}],"collection":[{"href":"https:\/\/neos-music.com\/en_us\/wp-json\/wp\/v2\/product"}],"about":[{"href":"https:\/\/neos-music.com\/en_us\/wp-json\/wp\/v2\/types\/product"}],"version-history":[{"count":0,"href":"https:\/\/neos-music.com\/en_us\/wp-json\/wp\/v2\/product\/3277\/revisions"}],"wp:featuredmedia":[{"embeddable":true,"href":"https:\/\/neos-music.com\/en_us\/wp-json\/wp\/v2\/media\/3278"}],"wp:attachment":[{"href":"https:\/\/neos-music.com\/en_us\/wp-json\/wp\/v2\/media?parent=3277"}],"wp:term":[{"taxonomy":"product_brand","embeddable":true,"href":"https:\/\/neos-music.com\/en_us\/wp-json\/wp\/v2\/product_brand?post=3277"},{"taxonomy":"product_cat","embeddable":true,"href":"https:\/\/neos-music.com\/en_us\/wp-json\/wp\/v2\/product_cat?post=3277"},{"taxonomy":"product_tag","embeddable":true,"href":"https:\/\/neos-music.com\/en_us\/wp-json\/wp\/v2\/product_tag?post=3277"}],"curies":[{"name":"wp","href":"https:\/\/api.w.org\/{rel}","templated":true}]}}