{"id":3279,"date":"2007-08-30T14:54:37","date_gmt":"2007-08-30T14:54:37","guid":{"rendered":"https:\/\/neos-music.com\/?post_type=product&#038;p=3279"},"modified":"2022-11-20T14:56:44","modified_gmt":"2022-11-20T14:56:44","slug":"elliott-sharp-orchestra-carbon-larynx","status":"publish","type":"product","link":"https:\/\/neos-music.com\/en_us\/product\/elliott-sharp-orchestra-carbon-larynx\/","title":{"rendered":"Elliott Sharp: Orchestra Carbon &#8211; LARYNX"},"content":{"rendered":"<p>Infotext:<\/p>\n<table border=\"0\" width=\"100%\" rules=\"none\" cellspacing=\"0\" cellpadding=\"0\">\n<tbody>\n<tr>\n<td class=\"bigcontent2\">\n<div id=\"infotext\">\n<p><b>Elliott Sharp: Orchestra Carbon \u2013 Larynx<\/b><\/p>\n<p>Larynx ist eine Analogiebildung; das Orchester als Kehle. Ein Umkehrschluss aus der Tatsache, dass die Kehle auch ein Orchester sein kann: so in den Kehlenges\u00e4ngen der Inuit in der kanadischen Arktis, in den Kh\u00f6\u00f6mej-Ges\u00e4ngen der Mongolei, oder auch in der entfernt verwandten Mundh\u00f6hlen-Technik der Maultrommel, die man man \u00fcberall auf der Welt findet. Die Naturtonreihe ist die melodische Basis f\u00fcr viele dieser Musiken \u2013 und f\u00fcr weite Teile von Larynx.<\/p>\n<p>F\u00fcr die Stimmung der Streicher, Blechbl\u00e4ser, Slabs, Pantars und der Doppelhals-Bassgitarre leite ich Zahlenverh\u00e4ltnisse aus der Fibonacci-Folge ab; aus ihr bekomme ich auch melodisch-harmonisches Material f\u00fcr diese Instrumente und rhythmisches Material f\u00fcr das ganze Ensemble. F\u00fcr Inspiration und weiteres Basis-Material sorgen Gedanken aus der fraktalen Geometrie. Ich kn\u00fcpfe hier an Ordnungssysteme an, die ich schon in St\u00fccken wie Marco Polo\u2019s Argali, Self-Squared Dragon oder Tessalation Row verwendet habe. In einem vorgegebenen Abschnitt sollen einige der Musiker ausschlie\u00dflich diese Systeme auswerten, und andere sollen gleichzeitig ihre ganz individuellen Spielweisen entwickeln. Koordinierte Improvisationen werden \u00fcbereinandergelegt und mit auskomponierten Passagen verflochten \u2013 so k\u00f6nnen die Spieler das vorgegebene Material erweitern und auch frei kommentieren.<\/p>\n<p>1985 erfuhr ich durch einen Artikel im Scientific American von Beno\u00eet Man-delbrot und seiner fraktalen Geometrie, f\u00fcr die ich mich von da an immer mehr begeisterte. Es sprach mich an, wie Mandelbrot die Kurven von mathematischen Funktionen auf Naturph\u00e4nomene wie Turbulenz, Chaos oder scheinbare Zuf\u00e4l-ligkeit bezog, und ich sp\u00fcrte: eine \u00bbideale Musik\u00ab k\u00f6nnte auch etwas mit einem Durchdenken dieser Formen und Ph\u00e4nomene zu tun haben. Als ich auf meinem Atari-ST-Computer eine Entdeckungsreise durch die vielen Regionen einer Julia-Menge machte, glaubte ich ein Bildnis der Zeit anzuschauen \u2013 \u00fcberhaupt nicht linear, sondern zerkl\u00fcftet, mit Netzformen und Schleifen.<\/p>\n<p>F\u00fcr das Album Fraktal (1986) begann ich St\u00fccke zu konstruieren, die lose mit verschiedenen Aspekten der fraktalen Geometrie verbunden waren. In jedem St\u00fcck gab es ver-\u00e4nderliche Strukturelemente und koordinierte Improvisation, gab es Schichten, in denen Ordnung und Chaos ineinandergriffen. Was ich in der Mathematik suchte, war eine Beschleunigung meiner Ideen, waren inspirative, anspielungs-reiche Impulse. Ich hatte kein Interesse daran, fraktale Tabellen anzulegen, um musikalisches Material k\u00fcnstlich herzustellen \u2013 das w\u00e4re mir zu mechanistisch, zu akademisch gewesen.<\/p>\n<p>Damals habe ich auch zum ersten Mal \u2013 mit einem MIDI-Converter \u2013 den Gitarrenhals meines Doppel-Instruments (Gitarre\/Bassgitarre) an einen Sampler angeschlossen. Ich sampelte Kl\u00e4nge, Klangver-l\u00e4ufe und Phrasen, die auf ungew\u00f6hnlichen Spieltechniken basierten \u2013 sie sollten den klanglichen Kern meiner St\u00fccke bilden \u2013, und ich benutzte den Klang selbstgebauter Instrumente; dadurch konnte ich in der fertigen Mischung eine Ebene von R\u00fcckschau und Wiederkehr bewahren und zugleich meine Klangfar-benskala fantastisch erweitern.<\/p>\n<p>Ein wichtiges, ins Orchestra Carbon integriertes Ausdrucksorgan bei der Realisierung von Larynx, ist das Soldier String Quartet. Die rhythmische Durch-triebenheit dieser Vier und ihre Begeisterung f\u00fcr die besonderen Spieltechniken, die ich in der Komposition verlangte, machte die Arbeit mit ihnen zum Vergn\u00fc-gen. Ihre Instrumente wurden komplett auf Naturt\u00f6ne gestimmt, nach den \u2013 aus benachbarten Fibonacci-Zahlen gewonnenen \u2013 Verh\u00e4ltnissen 1:1, 3:2, 8:5 und 5:3 (in etwa C, G, As und A).<\/p>\n<p>Diese Stimmungen wurden auch auf die Slabs, Pantars und die Bassgitarre \u00fcbertragen. Damit die Intonation w\u00e4hrend des lan-gen St\u00fccks \u00bbrein\u00ab bleibt, werden auf all diesen Instrumenten nur leere Saiten mit den jeweiligen Obert\u00f6nen gespielt. \u00c4hnlich ist es bei den Blechbl\u00e4sern, sie spielen die entsprechenden Pedalt\u00f6ne plus Obert\u00f6ne. (Trotzdem gibt es in Larynx auch freie Stellen, an denen die Spieler verschiedenste system-unabh\u00e4ngige Kl\u00e4nge produzieren d\u00fcrfen.) \u00bbSlabs\u00ab sind horizontale Ba\u00dfinstrumente mit einem verschiebbaren Steg in der Mitte der aufgespannten Saite und mit Tonabnehmern an beiden Enden.<\/p>\n<p>Zum Spielen benutzt man leichte Metallst\u00e4be mit Gummispitzen. Um Obert\u00f6ne zu erzeugen, muss die bespielte Saitenh\u00e4lfte von Hand ged\u00e4mpft werden; auf diese Weise k\u00f6nnen zwei Personen an einem Slab spielen. Man kann Slabs auch mit einem Bogen streichen, oder Glissandi mit einem Bottleneck ausf\u00fchren. Die \u00bbPantars\u00ab sind Deckel von Metallf\u00e4ssern, jeweils ausgestattet mit vier stimmbaren Saiten, einem Tonabnehmer und einem Steg bzw. Resonator, der aus der Glocke eines Beckens herstellt ist. Pantars kann man zupfen, schlagen, streichen oder mit einem E-Bogen in Schwingung versetzen.<\/p>\n<p>Larynx besteht aus sechs gr\u00f6\u00dferen Teilen und f\u00fcnf Zwischenspielen. Im ers-ten und im letzten Teil spielen vier Schlagzeuger gemeinsam. In den Teilen dazwischen steht jeweils einer von ihnen als Solist im Mittelpunkt; die anderen spielen w\u00e4hrenddessen Slabs oder Samples. Die Solo-Drummer in den Teilen 2 bis 5 sind: Noyes, Previte, Bennett und Linton. Jeder von ihnen hat seinen ganz eigenen Stil entwickelt; ich mag die Kontraste zwischen ihnen, und ich mag es, wie sie das auffassen, was ich als Komponist ausdr\u00fccke. Das gilt f\u00fcr alle Musiker im Orchestra Carbon. Ich gebe ihnen f\u00fcr die verschiedenen Teile des St\u00fccks unterschiedlich genaue Anweisungen mit auf den Weg (das reicht von exakten rhythmischen oder spieltechnischen Vorgaben bis zu allgemeinen Gedanken in puncto Dichte und Struktur).<\/p>\n<p>Planm\u00e4\u00dfig werden auf jeden Teil dieselben algo-rithmischen Spielregeln angewandt; sie schaffen \u2013 obwohl sie jedes Mal radikal unterschiedliche Klangstrukturen hervorbringen \u2013 doch so etwas wie Querver-weise. Man gelangt durch ein Zwischenspiel in einen neuen Teil \u2013 der Boden, auf dem man sich bewegt, ist anders, aber trotzdem erkennt man, dass der neue Ort von seiner Funktion her mit dem vorigen identisch ist. Wie in der mathematischen Topologie: Ein Torus (\u00bbSchwimmreifen\u00ab) ist ein Torus ist ein Torus. Die Zwischenspiele verbinden die Hauptteile, bilden aber auch einen eigenst\u00e4n-digen Zyklus; darin werden nacheinander dieselben Verfahrensweisen auf Gruppen von Instrumenten angewandt, die deutlich unterscheidbar sind, aber gedanklich und strukturell \u00e4hnlich arbeiten k\u00f6nnen. In den Zwischenspielen h\u00f6rt man der Reihe nach: Blechbl\u00e4ser, Pantars, Streichquartett, Slabs, Bassgitarre.<\/p>\n<p>Larynx entstand im Auftrag der Brooklyn Academy of Music f\u00fcr das Festival \u00bbNext Wave\u00ab 1987; die Komposition war im Juni abgeschlossen, kurz vor Beginn der Aufnahme-Arbeiten. Im BC Studio in Brooklyn (New York) wurde das St\u00fcck von Juni bis Oktober 1987 eingespielt und gemischt; Toningenieur war Martin Bisi. Die Realisierung erfolgte in einzelnen Schichten und Abschnitten. Mein Budget war stark eingeschr\u00e4nkt; ich bezahlte die Aufnahme aus eigener Tasche. Immer, wenn ich es mir leisten konnte, Spieler zu holen und f\u00fcr ein paar Stunden das Studio zu mieten, stellte ich einen Teil fertig oder f\u00fcgte eine Ebene hinzu.<\/p>\n<p>Die Musiker arbeiteten so gut wie ohne Kontext: Sie spielten \u00fcber be-stimmte Passagen dr\u00fcber, die ich zur Orientierung vorher aufgenommen hatte \u2013 mit meiner Doppelhalsgitarre oder als Bl\u00e4ser zusammen mit den Schlagzeugern. Wie ihre Partien mit denen der anderen zusammenhingen, das konnten die Mu-siker erst beim H\u00f6ren der ganzen Einspielung nachvollziehen (sie war dann auch eine Hilfe f\u00fcr das Ensemble, als wir f\u00fcr die Live-Premiere probten). Erstmals erschienen ist die Studio-Einspielung 1988 bei dem bahnbrechenden kalifornischen Indie- \/ Punk-Rock-Label SST.<\/p>\n<p>Bei der Auff\u00fchrung in der Brooklyn Academy of Music (am 13.\/14. Novem-ber 1987) zeigte sich die ganz eigene musikalische Vitalit\u00e4t von Larynx \u2013 eine Kraft, die aus den inspirierten Beitr\u00e4gen aller Mitwirkenden kam. Leichtf\u00fc\u00dfig bewegt sich die Musik auf der schwebenden Grenze zwischen einer Geometrie, die von der harmonischen Fibonacci-Folge herstammt, und einer fraktalen Geometrie der Turbulenz, des Chaos, der Unordnung. Streng geordnete Bausteine sind in ein dichtes Feld von vielseitigen Entwicklungen eingebettet. \u00dcberall im St\u00fcck befinden sich melodische Mikro-Strukturen gleichzeitig in Bewegung; sie beeinflussen sich gegenseitig, verbinden sich miteinander, springen heraus und zeigen sich offen.<\/p>\n<p>Indem die Elemente sich verschieben, tauchen neue Land-schaften auf, und in ihnen kann die Entwicklung neue Richtungen einschlagen. Es ging mir nicht darum, stur meine musikalischen Parameter von fraktalen Ta-bellen abzuleiten oder mathematische Funktionen so zu behandeln, als seien sie Kunstprodukte. Die fraktale Geometrie, so wie ich sie benutze, soll ein geistiger Flammenwerfer sein, der konventionelle Vorstellungen von Struktur und Ent-wicklung wegbrennt \u2013 so dass es m\u00f6glich wird, Larynx auch als ein B\u00fcndel von au\u00dfermusikalischen Vorg\u00e4ngen wahrzunehmen. Es ist quasi ein klingendes Ho-logramm: Man kann es von verschiedenen Seiten h\u00f6rend betrachten; die Teile und das Ganze enth\u00fcllen sich gleichzeitig in dem Moment, wo ihre Form und Funktion sich neu definieren.<br \/>\n(Aufzeichnungen von 1987, revidiert 2007.)<\/p>\n<p>\u00dcbersetzung: Michael Herrschel<\/p>\n<\/div>\n<\/td>\n<td><\/td>\n<\/tr>\n<\/tbody>\n<\/table>\n<p>Programm:<\/p>\n<p><b>Elliott Sharp Edition Vol. 3<\/b><\/p>\n<p>Orchestra Carbon<br \/>\n<b>LARYNX<\/b><\/p>\n<p>[01] Larynx 1\u00a0 07:07<\/p>\n<p>[02] Larynx 2\u00a0 05:56<br \/>\n[03] Larynx 3\u00a0 06:05<br \/>\n[04] Larynx 4\u00a0 06:38<\/p>\n<p>[05] Larynx 5\u00a0 04:10<br \/>\n[06] Larynx 6\u00a0 09:16<\/p>\n<p><b>total time\u00a0 38:32<\/b><\/p>\n<p>Performed by:<br \/>\nSamm Bennett, drums &amp; percussion\/Lesli Dalaba, trumpet &amp; slab<br \/>\nDavid Fulton, trombone, slab, pantar\/Ken Heer, trombone, slab, pantar\/David Linton, drums<br \/>\nCharles K. Noyes, drums\/Bobby Previte, drums\/Jim Staley, trombone<\/p>\n<p>Soldier String Quartet:<br \/>\nLaura Seaton, violin\/David Soldier, violin<br \/>\nRon Lawrence, viola\/Mary Wooten, cello<\/p>\n<p>Elliott Sharp: doubleneck guitarbass, soprano sax, tenor sax, bass clarinet, and sampler<\/p>\n<p>Recorded and mixed at BC Studio, Brooklyn, New York, June\u2013October 1987<br \/>\nEngineered by Martin Bisi<\/p>\n<p>Published by zOaR \u2013 BMI \u2013 1987<br \/>\n<a class=\"arcoma_editor_link\" href=\"https:\/\/neos-music.com\/output.php?template=german-album-details.php&amp;content=Alben\/40704.php#\" target=\"_blank\" rel=\"noopener\">www.elliottsharp.com<\/a><\/p>\n<p><img data-recalc-dims=\"1\" decoding=\"async\" src=\"https:\/\/i0.wp.com\/neos-music.com\/images\/neos\/40704_Sharp_Digipac_inside.jpg?ssl=1\" \/><\/p>\n<p>Pressestimmen:<\/p>\n<p><img data-recalc-dims=\"1\" decoding=\"async\" src=\"https:\/\/i0.wp.com\/neos-music.com\/images\/news\/logo_Jazzthetik.jpg?ssl=1\" \/><br \/>\n04\/05.2008<\/p>\n<p><img data-recalc-dims=\"1\" decoding=\"async\" src=\"https:\/\/i0.wp.com\/neos-music.com\/images\/news\/40703-04-Jazzthetik042.jpg?ssl=1\" \/><\/p>\n<p><img data-recalc-dims=\"1\" decoding=\"async\" src=\"https:\/\/i0.wp.com\/neos-music.com\/images\/news\/logo_jazzpodium.jpg?ssl=1\" \/><br \/>\n03.2008<\/p>\n<p><img data-recalc-dims=\"1\" decoding=\"async\" src=\"https:\/\/i0.wp.com\/neos-music.com\/images\/news\/40702-04-Jazzpodium-0308046.jpg?ssl=1\" \/><\/p>\n<p><img data-recalc-dims=\"1\" decoding=\"async\" src=\"https:\/\/i0.wp.com\/neos-music.com\/images\/news\/logo_Concerto.jpg?ssl=1\" \/><br \/>\n02\/03.2008<\/p>\n<p><img data-recalc-dims=\"1\" decoding=\"async\" src=\"https:\/\/i0.wp.com\/neos-music.com\/images\/news\/40703-04-Concerto-2-0308045.jpg?ssl=1\" \/><\/p>\n","protected":false},"excerpt":{"rendered":"<p>Infotext: Elliott Sharp: Orchestra Carbon \u2013 Larynx Larynx ist eine Analogiebildung; das Orchester als Kehle. Ein Umkehrschluss aus der Tatsache, dass die Kehle auch ein Orchester sein kann: so in den Kehlenges\u00e4ngen der Inuit in der kanadischen Arktis, in den Kh\u00f6\u00f6mej-Ges\u00e4ngen der Mongolei, oder auch in der entfernt verwandten Mundh\u00f6hlen-Technik der Maultrommel, die man man [&hellip;]<\/p>\n","protected":false},"featured_media":3280,"template":"","meta":{"site-sidebar-layout":"default","site-content-layout":"default","ast-site-content-layout":"default","site-content-style":"default","site-sidebar-style":"default","ast-global-header-display":"","ast-banner-title-visibility":"","ast-main-header-display":"","ast-hfb-above-header-display":"","ast-hfb-below-header-display":"","ast-hfb-mobile-header-display":"","site-post-title":"","ast-breadcrumbs-content":"","ast-featured-img":"","footer-sml-layout":"","theme-transparent-header-meta":"default","adv-header-id-meta":"","stick-header-meta":"","header-above-stick-meta":"","header-main-stick-meta":"","header-below-stick-meta":"","astra-migrate-meta-layouts":"default","ast-page-background-enabled":"default","ast-page-background-meta":{"desktop":{"background-color":"","background-image":"","background-repeat":"repeat","background-position":"center center","background-size":"auto","background-attachment":"scroll","background-type":"","background-media":"","overlay-type":"","overlay-color":"","overlay-opacity":"","overlay-gradient":""},"tablet":{"background-color":"","background-image":"","background-repeat":"repeat","background-position":"center center","background-size":"auto","background-attachment":"scroll","background-type":"","background-media":"","overlay-type":"","overlay-color":"","overlay-opacity":"","overlay-gradient":""},"mobile":{"background-color":"","background-image":"","background-repeat":"repeat","background-position":"center center","background-size":"auto","background-attachment":"scroll","background-type":"","background-media":"","overlay-type":"","overlay-color":"","overlay-opacity":"","overlay-gradient":""}},"ast-content-background-meta":{"desktop":{"background-color":"var(--ast-global-color-5)","background-image":"","background-repeat":"repeat","background-position":"center center","background-size":"auto","background-attachment":"scroll","background-type":"","background-media":"","overlay-type":"","overlay-color":"","overlay-opacity":"","overlay-gradient":""},"tablet":{"background-color":"var(--ast-global-color-5)","background-image":"","background-repeat":"repeat","background-position":"center center","background-size":"auto","background-attachment":"scroll","background-type":"","background-media":"","overlay-type":"","overlay-color":"","overlay-opacity":"","overlay-gradient":""},"mobile":{"background-color":"var(--ast-global-color-5)","background-image":"","background-repeat":"repeat","background-position":"center center","background-size":"auto","background-attachment":"scroll","background-type":"","background-media":"","overlay-type":"","overlay-color":"","overlay-opacity":"","overlay-gradient":""}}},"product_brand":[],"product_cat":[27],"product_tag":[],"class_list":{"0":"post-3279","1":"product","2":"type-product","3":"status-publish","4":"has-post-thumbnail","6":"product_cat-jazz","7":"pa_artikelnummer-neos-40704","8":"pa_brand-neos-music","9":"pa_ean-820","10":"desktop-align-left","11":"tablet-align-left","12":"mobile-align-left","14":"first","15":"instock","16":"taxable","17":"shipping-taxable","18":"purchasable","19":"product-type-simple"},"yoast_head":"<!-- This site is optimized with the Yoast SEO plugin v27.3 - https:\/\/yoast.com\/product\/yoast-seo-wordpress\/ -->\n<title>Elliott Sharp: Orchestra Carbon - LARYNX - NEOS Music<\/title>\n<meta name=\"robots\" content=\"index, follow, max-snippet:-1, max-image-preview:large, max-video-preview:-1\" \/>\n<link rel=\"canonical\" href=\"https:\/\/neos-music.com\/en_us\/product\/elliott-sharp-orchestra-carbon-larynx\/\" \/>\n<meta property=\"og:locale\" content=\"en_US\" \/>\n<meta property=\"og:type\" content=\"article\" \/>\n<meta property=\"og:title\" content=\"Elliott Sharp: Orchestra Carbon - LARYNX - NEOS Music\" \/>\n<meta property=\"og:description\" content=\"Infotext: Elliott Sharp: Orchestra Carbon \u2013 Larynx Larynx ist eine Analogiebildung; das Orchester als Kehle. Ein Umkehrschluss aus der Tatsache, dass die Kehle auch ein Orchester sein kann: so in den Kehlenges\u00e4ngen der Inuit in der kanadischen Arktis, in den Kh\u00f6\u00f6mej-Ges\u00e4ngen der Mongolei, oder auch in der entfernt verwandten Mundh\u00f6hlen-Technik der Maultrommel, die man man [&hellip;]\" \/>\n<meta property=\"og:url\" content=\"https:\/\/neos-music.com\/en_us\/product\/elliott-sharp-orchestra-carbon-larynx\/\" \/>\n<meta property=\"og:site_name\" content=\"NEOS Music\" \/>\n<meta property=\"article:modified_time\" content=\"2022-11-20T14:56:44+00:00\" \/>\n<meta property=\"og:image\" content=\"https:\/\/neos-music.com\/wp-content\/uploads\/2022\/11\/NEOS_40704_Elloitt_Sharp_Larynx.jpeg\" \/>\n\t<meta property=\"og:image:width\" content=\"1649\" \/>\n\t<meta property=\"og:image:height\" content=\"1482\" \/>\n\t<meta property=\"og:image:type\" content=\"image\/jpeg\" \/>\n<meta name=\"twitter:card\" content=\"summary_large_image\" \/>\n<meta name=\"twitter:label1\" content=\"Est. reading time\" \/>\n\t<meta name=\"twitter:data1\" content=\"7 minutes\" \/>\n<script type=\"application\/ld+json\" class=\"yoast-schema-graph\">{\"@context\":\"https:\\\/\\\/schema.org\",\"@graph\":[{\"@type\":\"WebPage\",\"@id\":\"https:\\\/\\\/neos-music.com\\\/product\\\/elliott-sharp-orchestra-carbon-larynx\\\/\",\"url\":\"https:\\\/\\\/neos-music.com\\\/product\\\/elliott-sharp-orchestra-carbon-larynx\\\/\",\"name\":\"Elliott Sharp: Orchestra Carbon - LARYNX - NEOS Music\",\"isPartOf\":{\"@id\":\"https:\\\/\\\/neos-music.com\\\/#website\"},\"primaryImageOfPage\":{\"@id\":\"https:\\\/\\\/neos-music.com\\\/product\\\/elliott-sharp-orchestra-carbon-larynx\\\/#primaryimage\"},\"image\":{\"@id\":\"https:\\\/\\\/neos-music.com\\\/product\\\/elliott-sharp-orchestra-carbon-larynx\\\/#primaryimage\"},\"thumbnailUrl\":\"https:\\\/\\\/i0.wp.com\\\/neos-music.com\\\/wp-content\\\/uploads\\\/2022\\\/11\\\/NEOS_40704_Elloitt_Sharp_Larynx.jpeg?fit=1649%2C1482&ssl=1\",\"datePublished\":\"2007-08-30T14:54:37+00:00\",\"dateModified\":\"2022-11-20T14:56:44+00:00\",\"breadcrumb\":{\"@id\":\"https:\\\/\\\/neos-music.com\\\/product\\\/elliott-sharp-orchestra-carbon-larynx\\\/#breadcrumb\"},\"inLanguage\":\"en-US\",\"potentialAction\":[{\"@type\":\"ReadAction\",\"target\":[\"https:\\\/\\\/neos-music.com\\\/product\\\/elliott-sharp-orchestra-carbon-larynx\\\/\"]}]},{\"@type\":\"ImageObject\",\"inLanguage\":\"en-US\",\"@id\":\"https:\\\/\\\/neos-music.com\\\/product\\\/elliott-sharp-orchestra-carbon-larynx\\\/#primaryimage\",\"url\":\"https:\\\/\\\/i0.wp.com\\\/neos-music.com\\\/wp-content\\\/uploads\\\/2022\\\/11\\\/NEOS_40704_Elloitt_Sharp_Larynx.jpeg?fit=1649%2C1482&ssl=1\",\"contentUrl\":\"https:\\\/\\\/i0.wp.com\\\/neos-music.com\\\/wp-content\\\/uploads\\\/2022\\\/11\\\/NEOS_40704_Elloitt_Sharp_Larynx.jpeg?fit=1649%2C1482&ssl=1\",\"width\":1649,\"height\":1482},{\"@type\":\"BreadcrumbList\",\"@id\":\"https:\\\/\\\/neos-music.com\\\/product\\\/elliott-sharp-orchestra-carbon-larynx\\\/#breadcrumb\",\"itemListElement\":[{\"@type\":\"ListItem\",\"position\":1,\"name\":\"Startseite\",\"item\":\"https:\\\/\\\/neos-music.com\\\/\"},{\"@type\":\"ListItem\",\"position\":2,\"name\":\"Produkte\",\"item\":\"https:\\\/\\\/neos-music.com\\\/shop__trashed\\\/\"},{\"@type\":\"ListItem\",\"position\":3,\"name\":\"Elliott Sharp: Orchestra Carbon &#8211; LARYNX\"}]},{\"@type\":\"WebSite\",\"@id\":\"https:\\\/\\\/neos-music.com\\\/#website\",\"url\":\"https:\\\/\\\/neos-music.com\\\/\",\"name\":\"NEOS Music\",\"description\":\"Dein Online Shop f\u00fcr zeitgen\u00f6ssische Musik, Jazz und Classics!\",\"publisher\":{\"@id\":\"https:\\\/\\\/neos-music.com\\\/#organization\"},\"potentialAction\":[{\"@type\":\"SearchAction\",\"target\":{\"@type\":\"EntryPoint\",\"urlTemplate\":\"https:\\\/\\\/neos-music.com\\\/?s={search_term_string}\"},\"query-input\":{\"@type\":\"PropertyValueSpecification\",\"valueRequired\":true,\"valueName\":\"search_term_string\"}}],\"inLanguage\":\"en-US\"},{\"@type\":\"Organization\",\"@id\":\"https:\\\/\\\/neos-music.com\\\/#organization\",\"name\":\"NEOS Music\",\"url\":\"https:\\\/\\\/neos-music.com\\\/\",\"logo\":{\"@type\":\"ImageObject\",\"inLanguage\":\"en-US\",\"@id\":\"https:\\\/\\\/neos-music.com\\\/#\\\/schema\\\/logo\\\/image\\\/\",\"url\":\"https:\\\/\\\/i0.wp.com\\\/neos-music.com\\\/wp-content\\\/uploads\\\/2025\\\/08\\\/NEOS-Logo-weiss.png?fit=800%2C203&ssl=1\",\"contentUrl\":\"https:\\\/\\\/i0.wp.com\\\/neos-music.com\\\/wp-content\\\/uploads\\\/2025\\\/08\\\/NEOS-Logo-weiss.png?fit=800%2C203&ssl=1\",\"width\":800,\"height\":203,\"caption\":\"NEOS Music\"},\"image\":{\"@id\":\"https:\\\/\\\/neos-music.com\\\/#\\\/schema\\\/logo\\\/image\\\/\"}}]}<\/script>\n<!-- \/ Yoast SEO plugin. -->","yoast_head_json":{"title":"Elliott Sharp: Orchestra Carbon - LARYNX - NEOS Music","robots":{"index":"index","follow":"follow","max-snippet":"max-snippet:-1","max-image-preview":"max-image-preview:large","max-video-preview":"max-video-preview:-1"},"canonical":"https:\/\/neos-music.com\/en_us\/product\/elliott-sharp-orchestra-carbon-larynx\/","og_locale":"en_US","og_type":"article","og_title":"Elliott Sharp: Orchestra Carbon - LARYNX - NEOS Music","og_description":"Infotext: Elliott Sharp: Orchestra Carbon \u2013 Larynx Larynx ist eine Analogiebildung; das Orchester als Kehle. Ein Umkehrschluss aus der Tatsache, dass die Kehle auch ein Orchester sein kann: so in den Kehlenges\u00e4ngen der Inuit in der kanadischen Arktis, in den Kh\u00f6\u00f6mej-Ges\u00e4ngen der Mongolei, oder auch in der entfernt verwandten Mundh\u00f6hlen-Technik der Maultrommel, die man man [&hellip;]","og_url":"https:\/\/neos-music.com\/en_us\/product\/elliott-sharp-orchestra-carbon-larynx\/","og_site_name":"NEOS Music","article_modified_time":"2022-11-20T14:56:44+00:00","og_image":[{"width":1649,"height":1482,"url":"https:\/\/neos-music.com\/wp-content\/uploads\/2022\/11\/NEOS_40704_Elloitt_Sharp_Larynx.jpeg","type":"image\/jpeg"}],"twitter_card":"summary_large_image","twitter_misc":{"Est. reading time":"7 minutes"},"schema":{"@context":"https:\/\/schema.org","@graph":[{"@type":"WebPage","@id":"https:\/\/neos-music.com\/product\/elliott-sharp-orchestra-carbon-larynx\/","url":"https:\/\/neos-music.com\/product\/elliott-sharp-orchestra-carbon-larynx\/","name":"Elliott Sharp: Orchestra Carbon - LARYNX - NEOS Music","isPartOf":{"@id":"https:\/\/neos-music.com\/#website"},"primaryImageOfPage":{"@id":"https:\/\/neos-music.com\/product\/elliott-sharp-orchestra-carbon-larynx\/#primaryimage"},"image":{"@id":"https:\/\/neos-music.com\/product\/elliott-sharp-orchestra-carbon-larynx\/#primaryimage"},"thumbnailUrl":"https:\/\/i0.wp.com\/neos-music.com\/wp-content\/uploads\/2022\/11\/NEOS_40704_Elloitt_Sharp_Larynx.jpeg?fit=1649%2C1482&ssl=1","datePublished":"2007-08-30T14:54:37+00:00","dateModified":"2022-11-20T14:56:44+00:00","breadcrumb":{"@id":"https:\/\/neos-music.com\/product\/elliott-sharp-orchestra-carbon-larynx\/#breadcrumb"},"inLanguage":"en-US","potentialAction":[{"@type":"ReadAction","target":["https:\/\/neos-music.com\/product\/elliott-sharp-orchestra-carbon-larynx\/"]}]},{"@type":"ImageObject","inLanguage":"en-US","@id":"https:\/\/neos-music.com\/product\/elliott-sharp-orchestra-carbon-larynx\/#primaryimage","url":"https:\/\/i0.wp.com\/neos-music.com\/wp-content\/uploads\/2022\/11\/NEOS_40704_Elloitt_Sharp_Larynx.jpeg?fit=1649%2C1482&ssl=1","contentUrl":"https:\/\/i0.wp.com\/neos-music.com\/wp-content\/uploads\/2022\/11\/NEOS_40704_Elloitt_Sharp_Larynx.jpeg?fit=1649%2C1482&ssl=1","width":1649,"height":1482},{"@type":"BreadcrumbList","@id":"https:\/\/neos-music.com\/product\/elliott-sharp-orchestra-carbon-larynx\/#breadcrumb","itemListElement":[{"@type":"ListItem","position":1,"name":"Startseite","item":"https:\/\/neos-music.com\/"},{"@type":"ListItem","position":2,"name":"Produkte","item":"https:\/\/neos-music.com\/shop__trashed\/"},{"@type":"ListItem","position":3,"name":"Elliott Sharp: Orchestra Carbon &#8211; LARYNX"}]},{"@type":"WebSite","@id":"https:\/\/neos-music.com\/#website","url":"https:\/\/neos-music.com\/","name":"NEOS Music","description":"Dein Online Shop f\u00fcr zeitgen\u00f6ssische Musik, Jazz und Classics!","publisher":{"@id":"https:\/\/neos-music.com\/#organization"},"potentialAction":[{"@type":"SearchAction","target":{"@type":"EntryPoint","urlTemplate":"https:\/\/neos-music.com\/?s={search_term_string}"},"query-input":{"@type":"PropertyValueSpecification","valueRequired":true,"valueName":"search_term_string"}}],"inLanguage":"en-US"},{"@type":"Organization","@id":"https:\/\/neos-music.com\/#organization","name":"NEOS Music","url":"https:\/\/neos-music.com\/","logo":{"@type":"ImageObject","inLanguage":"en-US","@id":"https:\/\/neos-music.com\/#\/schema\/logo\/image\/","url":"https:\/\/i0.wp.com\/neos-music.com\/wp-content\/uploads\/2025\/08\/NEOS-Logo-weiss.png?fit=800%2C203&ssl=1","contentUrl":"https:\/\/i0.wp.com\/neos-music.com\/wp-content\/uploads\/2025\/08\/NEOS-Logo-weiss.png?fit=800%2C203&ssl=1","width":800,"height":203,"caption":"NEOS Music"},"image":{"@id":"https:\/\/neos-music.com\/#\/schema\/logo\/image\/"}}]}},"jetpack_sharing_enabled":true,"_links":{"self":[{"href":"https:\/\/neos-music.com\/en_us\/wp-json\/wp\/v2\/product\/3279","targetHints":{"allow":["GET"]}}],"collection":[{"href":"https:\/\/neos-music.com\/en_us\/wp-json\/wp\/v2\/product"}],"about":[{"href":"https:\/\/neos-music.com\/en_us\/wp-json\/wp\/v2\/types\/product"}],"version-history":[{"count":0,"href":"https:\/\/neos-music.com\/en_us\/wp-json\/wp\/v2\/product\/3279\/revisions"}],"wp:featuredmedia":[{"embeddable":true,"href":"https:\/\/neos-music.com\/en_us\/wp-json\/wp\/v2\/media\/3280"}],"wp:attachment":[{"href":"https:\/\/neos-music.com\/en_us\/wp-json\/wp\/v2\/media?parent=3279"}],"wp:term":[{"taxonomy":"product_brand","embeddable":true,"href":"https:\/\/neos-music.com\/en_us\/wp-json\/wp\/v2\/product_brand?post=3279"},{"taxonomy":"product_cat","embeddable":true,"href":"https:\/\/neos-music.com\/en_us\/wp-json\/wp\/v2\/product_cat?post=3279"},{"taxonomy":"product_tag","embeddable":true,"href":"https:\/\/neos-music.com\/en_us\/wp-json\/wp\/v2\/product_tag?post=3279"}],"curies":[{"name":"wp","href":"https:\/\/api.w.org\/{rel}","templated":true}]}}