{"id":3283,"date":"2007-07-19T15:23:08","date_gmt":"2007-07-19T15:23:08","guid":{"rendered":"https:\/\/neos-music.com\/?post_type=product&#038;p=3283"},"modified":"2023-01-09T17:34:44","modified_gmt":"2023-01-09T17:34:44","slug":"ladislav-kubik-songs-of-zhivago","status":"publish","type":"product","link":"https:\/\/neos-music.com\/en_us\/product\/ladislav-kubik-songs-of-zhivago\/","title":{"rendered":"Ladislav Kub\u00edk: Songs of Zhivago"},"content":{"rendered":"<p>Infotext:<\/p>\n<p>F\u00fcr seinen Roman Doktor Schiwago erhielt Boris Pasternak 1958 den Nobelpreis, den er jedoch, vom Regime gezwungen, ablehnen musste. Der in den USA lebende tschechische Komponist Ladislav Kub\u00edk versteht die Gedichte, die Pasternak an den Schluss seines Romans f\u00fcgte, als Portrait des Dichters und formte aus diesem Stoff sein Hauptwerk f\u00fcr Tenor und Orchester.<\/p>\n<p>Das Concerto breve f\u00fcr Klavier und Orchester (1998) folgt in seiner Anlage den Prinzipien des klassischen Konzerts, wenn auch in etwas verk\u00fcrzter Form. Drei Hauptteile entsprechen der \u00fcblichen Form schnell-langsam-schnell. Das Klavier spielt seine Rolle als Soloinstrument effektvoll aus, gibt sich aber nie \u00fcbervirtuos. F\u00fcr die Auseinandersetzung in Sachen Allgemeinverst\u00e4ndlichkeit von Neuer Musik stellt Kub\u00edk hier ein Werk von hoher Zug\u00e4nglichkeit, Direktheit und Emotionalit\u00e4t zur Diskussion.<\/p>\n<p>Die Sinfonietta Nr. 2 besteht aus drei miteinander verkn\u00fcpften S\u00e4tzen (attacca). W\u00e4hrend das einleitende Allegro agile und das darauf folgende Presto furioso haupts\u00e4chlich die Verwirrung und Brutalit\u00e4t der Welt darstellen, offeriert der Schlusssatz Andante, molto introspectivo eine geistige Katharsis. Kub\u00edk greift eine Episode aus dem Neuen Testament auf (das Gespr\u00e4ch Jesu mit einer Frau am Jakobsbrunnen) und schildert den Brunnen als Quelle des lebendigen Wassers, als Symbol heilender Kr\u00e4fte und wachsenden Glaubens an alles Reine und Wesentliche, das allein ewig andauert.<\/p>\n<p>Programm:<\/p>\n<p><b>Songs of Zhivago<\/b>\u00a0(2002\u20132005)<br \/>\nf\u00fcr Tenor und Orchester<br \/>\n<span id=\"flash1\"><\/span><\/p>\n<p>Spieldauer: 32:10<\/p>\n<p>[01] I. My Sister Life<br \/>\n[02] II. Winter Night<br \/>\n[03] III. Soul<br \/>\n[04] IV. Hamlet<br \/>\n[05] V. The Wind<br \/>\n[06] VI. Holy Week<\/p>\n<p><a class=\"arcoma_glossarylink\" href=\"https:\/\/neos-music.com\/output.php?content=Kuenstler\/Adrian_Thompson.php&amp;treplace=english%2Cgerman\" target=\"_self\" rel=\"noopener\">Adrian Thompson<\/a>, Tenor<br \/>\n<a class=\"arcoma_editor_link\" href=\"http:\/\/www.ceskafilharmonie.cz\/en\/index.php\" target=\"_blank\" rel=\"noopener\">Czech Philharmonic Orchestra<\/a><br \/>\n<a class=\"arcoma_glossarylink\" href=\"https:\/\/neos-music.com\/output.php?content=Kuenstler\/Ronald_Zollmann.php&amp;treplace=english%2Cgerman\" target=\"_self\" rel=\"noopener\">Ronald Zollman<\/a>, Dirigent<\/p>\n<p>[07]\u00a0<b>Concerto breve<\/b>\u00a0(1998)<br \/>\nf\u00fcr Klavier und Orchester<br \/>\n<span id=\"flash2\"><\/span><\/p>\n<p>Spieldauer: 08:02<\/p>\n<p><a class=\"arcoma_glossarylink\" href=\"https:\/\/neos-music.com\/output.php?content=Kuenstler\/Joanna_Sobkowska.php&amp;treplace=english%2Cgerman\" target=\"_self\" rel=\"noopener\">Joanna Sobkowska<\/a>, Klavier<br \/>\nPrague Radio Symphony Orchestra<br \/>\n<a class=\"arcoma_glossarylink\" href=\"https:\/\/neos-music.com\/output.php?content=Kuenstler\/Vladimir_Valek.php&amp;treplace=english%2Cgerman\" target=\"_self\" rel=\"noopener\">Vladim\u00edr V\u00e1lek<\/a>, Dirigent<\/p>\n<p><b>Sinfonietta No. 2 \u201cJacob\u2019s Well\u201d<\/b>\u00a0(1999)<br \/>\nf\u00fcr Orchester<br \/>\n<span id=\"flash3\"><\/span><\/p>\n<p>Spieldauer: 11:47<\/p>\n<p>[08] 03:54 I. Allegro agile<br \/>\n[09] 02:58 II. Presto furioso<br \/>\n[10] 04:58 III. Andante, molto introspectivo<\/p>\n<p>Prague Radio Symphony Orchestra<br \/>\n<a class=\"arcoma_glossarylink\" href=\"https:\/\/neos-music.com\/output.php?content=Kuenstler\/Vladimir_Valek.php&amp;treplace=english%2Cgerman\" target=\"_self\" rel=\"noopener\">Vladim\u00edr V\u00e1lek<\/a>, Dirigent<\/p>\n<p><b>Gesamt:\u00a051:59<\/b><\/p>\n<p>Pressestimmen:<\/p>\n<p><b><img data-recalc-dims=\"1\" decoding=\"async\" src=\"https:\/\/i0.wp.com\/neos-music.com\/images\/news\/logo_fermate.jpg?ssl=1\" \/><br \/>\n<\/b>04-06.2008<\/p>\n<p><img data-recalc-dims=\"1\" decoding=\"async\" src=\"https:\/\/i0.wp.com\/neos-music.com\/images\/news\/10711-Fermate-II08.jpg?ssl=1\" \/><\/p>\n<p><img data-recalc-dims=\"1\" decoding=\"async\" src=\"https:\/\/i0.wp.com\/neos-music.com\/images\/news\/Diverdi-Logo013.jpg?ssl=1\" \/><br \/>\n11\/12 2007<\/p>\n<p><img data-recalc-dims=\"1\" decoding=\"async\" src=\"https:\/\/i0.wp.com\/neos-music.com\/images\/various\/10711_Diverdi_11_1207.jpg?ssl=1\" \/><\/p>\n<p>&nbsp;<\/p>\n<p><img data-recalc-dims=\"1\" decoding=\"async\" src=\"https:\/\/i0.wp.com\/neos-music.com\/images\/news\/klassikcom.gif?ssl=1\" \/><br \/>\n26.11.2007<\/p>\n<p><b>Doktor Schiwago auf Tschechisch<\/b><\/p>\n<p>Interpretation:\u00a0<img data-recalc-dims=\"1\" decoding=\"async\" src=\"https:\/\/i0.wp.com\/neos-music.com\/images\/news\/stars4.gif?ssl=1\" \/><br \/>\nKlangqualit\u00e4t:\u00a0<img data-recalc-dims=\"1\" decoding=\"async\" src=\"https:\/\/i0.wp.com\/neos-music.com\/images\/news\/stars4.gif?ssl=1\" \/><br \/>\nRepertoirewert:\u00a0<img data-recalc-dims=\"1\" decoding=\"async\" src=\"https:\/\/i0.wp.com\/neos-music.com\/images\/news\/stars3.gif?ssl=1\" \/><br \/>\nBooklet:\u00a0<img data-recalc-dims=\"1\" decoding=\"async\" src=\"https:\/\/i0.wp.com\/neos-music.com\/images\/news\/stars3.gif?ssl=1\" \/><\/p>\n<p>Von 2002 bis 2005 entstand im Auftrag der \u2018Florida State University\u2019 Ladislav Kubiks Liederzyklus \u2018Songs of Zhivago\u2019, in dem er Gedichte von Pasternak vertont, die der russische Autor seinem Romanhelden Dr. Schiwago zuschreibt. Sie sind ein indirektes Portrait des Protagonisten und bekommen dadurch eine ganz eigene Bedeutung, auch wenn sie nur im Anhang des Romans erscheinen. Er\u00f6ffnet wird der Zyklus von \u2018My Sister Life\u2019, welches Kubik dazu nutzt, symbolische Spannungsb\u00f6gen durch die exponierte Verwendung einzelner T\u00f6ne zu erzeugen. Das Gedicht \u2018Soul\u2019, das Pasternak nach Beendigung von \u2018Dr. Schiwago\u2019 schrieb, und in dem er die letzten vierzig Jahre seines Lebens verarbeitet, vertont Kubik mit einer alles umklammernden Ostinatobegleitung, welche die Kontinuit\u00e4t des Lebens spiegelt. In \u2018The Wind\u2019 setzt Kubik hingegen auf ein klangmalerisches, wiegendes Vorspiel, das deutlich kantable Z\u00fcge tr\u00e4gt. \u00dcberhaupt bleibt Kubik traditionellen Kompositionsformen auch in seinem \u2018Concerto breve f\u00fcr Klavier und Orchester\u2019 (1998) verhaftet. So verwendet er die klassische Dreiteilung in einzelne S\u00e4tze, die dem Schema schnell-langsam-schnell folgt. Er m\u00f6chte damit zeigen, dass zeitgen\u00f6ssische Musik ebenso zug\u00e4nglich, direkt und verst\u00e4ndlich sein kann wie die Musik vergangener Jahrhunderte.<br \/>\nDer belgische Dirigent Ronald Zollman hat den Zyklus mit dem tschechischen \u2018Philharmonic Orchestra\u2019 bei NEOS neu eingespielt. Der Tenor Adrian Thompson gestaltet dabei die Solopartie im Schiwago-Zyklus. Er singt mit sch\u00f6nem kr\u00e4ftigen Timbre, doch fehlt seinen Phrasierungen etwas die gro\u00dfe Linie, als dass er wirklich \u00fcberzeugen k\u00f6nnte. Das routiniert spielende Orchester geht gut auf die feinen Nuancen der Partitur weitestgehend ein. Zollman findet dabei einen ausgewogenen Mittelweg zwischen harten Akzenten und melismatischen Ausschm\u00fcckungen. Von geradezu urt\u00fcmlicher Kraft ist die Einleitung zum letzten Lied \u2018Holy Week\u2019, in der Zollman die tiefen Orchesterregister stark \u00fcberzeichnet und dadurch eine ersch\u00fctternde Wirkung erzielt.<br \/>\nDas Klavierkonzert und die Sinfonietta Nr.2 (1999) sind von Vladimir Valec und dem Prager Radio Sinfonie Orchester im Jahr 2001 aufgenommen worden. Von NEOS dem Liederzyklus zur Seite gestellt, bilden sie eine gute Einheit, die das Schaffen von Kubik exemplarisch darstellt. Als Solistin im Klavierkonzert agiert Joanna Sobkowska mit souver\u00e4ner Sicherheit, die sich auch in ihren klug gew\u00e4hlten Phrasierungen zeigt. Sie bildet logische Sinneinheiten, die Struktur und Linie in die Komposition bringen. Die spieltechnischen Anforderungen meistert sie virtuos und entschlossen. Der Orchesterklang wird durch massive Blechbl\u00e4serkl\u00e4nge gepr\u00e4gt; manchmal d\u00fcrften die Streicher vordergr\u00fcndiger sein. Das Holz begn\u00fcgt sich leider eher mit einer Statistenrolle, so dass das Gesamtergebnis der Ensembleleistung differenzierter sein k\u00f6nnte. Die Sinfonietta Nr. 2 mit dem Titel \u2018Jacob&#8217;s Well\u2019 wird in der Interpretation von Valek getragen von einer stark rhythmischen Struktur, die an Stravinskys \u2018Sacre\u2019 erinnert. Valek betont ferner die pl\u00f6tzlichen Dynamikwechsel innerhalb des Werkes, was zur Folge hat, dass die Komposition an Geschlossenheit verliert.<\/p>\n<p>Christiane Bayer<\/p>\n<p><a title=\"ZIP-Archiv document, 4,7 MB\" href=\"https:\/\/neos-music.com\/downloads\/album-infos\/NEOS_10711.zip\" target=\"_blank\" rel=\"noopener\">Infopaket f\u00fcr Presse und Vertriebe\u00a0\u00bb<\/a><br \/>\n(ZIP-Archiv, 4,7 MB)<\/p>\n","protected":false},"excerpt":{"rendered":"<p>Infotext: F\u00fcr seinen Roman Doktor Schiwago erhielt Boris Pasternak 1958 den Nobelpreis, den er jedoch, vom Regime gezwungen, ablehnen musste. Der in den USA lebende tschechische Komponist Ladislav Kub\u00edk versteht die Gedichte, die Pasternak an den Schluss seines Romans f\u00fcgte, als Portrait des Dichters und formte aus diesem Stoff sein Hauptwerk f\u00fcr Tenor und Orchester. [&hellip;]<\/p>\n","protected":false},"featured_media":3284,"template":"","meta":{"site-sidebar-layout":"default","site-content-layout":"default","ast-site-content-layout":"default","site-content-style":"default","site-sidebar-style":"default","ast-global-header-display":"","ast-banner-title-visibility":"","ast-main-header-display":"","ast-hfb-above-header-display":"","ast-hfb-below-header-display":"","ast-hfb-mobile-header-display":"","site-post-title":"","ast-breadcrumbs-content":"","ast-featured-img":"","footer-sml-layout":"","theme-transparent-header-meta":"default","adv-header-id-meta":"","stick-header-meta":"","header-above-stick-meta":"","header-main-stick-meta":"","header-below-stick-meta":"","astra-migrate-meta-layouts":"default","ast-page-background-enabled":"default","ast-page-background-meta":{"desktop":{"background-color":"","background-image":"","background-repeat":"repeat","background-position":"center center","background-size":"auto","background-attachment":"scroll","background-type":"","background-media":"","overlay-type":"","overlay-color":"","overlay-opacity":"","overlay-gradient":""},"tablet":{"background-color":"","background-image":"","background-repeat":"repeat","background-position":"center center","background-size":"auto","background-attachment":"scroll","background-type":"","background-media":"","overlay-type":"","overlay-color":"","overlay-opacity":"","overlay-gradient":""},"mobile":{"background-color":"","background-image":"","background-repeat":"repeat","background-position":"center center","background-size":"auto","background-attachment":"scroll","background-type":"","background-media":"","overlay-type":"","overlay-color":"","overlay-opacity":"","overlay-gradient":""}},"ast-content-background-meta":{"desktop":{"background-color":"var(--ast-global-color-5)","background-image":"","background-repeat":"repeat","background-position":"center center","background-size":"auto","background-attachment":"scroll","background-type":"","background-media":"","overlay-type":"","overlay-color":"","overlay-opacity":"","overlay-gradient":""},"tablet":{"background-color":"var(--ast-global-color-5)","background-image":"","background-repeat":"repeat","background-position":"center center","background-size":"auto","background-attachment":"scroll","background-type":"","background-media":"","overlay-type":"","overlay-color":"","overlay-opacity":"","overlay-gradient":""},"mobile":{"background-color":"var(--ast-global-color-5)","background-image":"","background-repeat":"repeat","background-position":"center center","background-size":"auto","background-attachment":"scroll","background-type":"","background-media":"","overlay-type":"","overlay-color":"","overlay-opacity":"","overlay-gradient":""}}},"product_brand":[],"product_cat":[882,26],"product_tag":[],"class_list":{"0":"post-3283","1":"product","2":"type-product","3":"status-publish","4":"has-post-thumbnail","6":"product_cat-klavier","7":"product_cat-zeitgenossische-musik","8":"pa_artikelnummer-neos-10711","9":"pa_brand-neos-music","10":"pa_ean-824","11":"desktop-align-left","12":"tablet-align-left","13":"mobile-align-left","15":"first","16":"instock","17":"taxable","18":"shipping-taxable","19":"purchasable","20":"product-type-simple"},"yoast_head":"<!-- This site is optimized with the Yoast SEO plugin v27.4 - https:\/\/yoast.com\/product\/yoast-seo-wordpress\/ -->\n<title>Ladislav Kub\u00edk: Songs of Zhivago - NEOS Music<\/title>\n<meta name=\"robots\" content=\"index, follow, max-snippet:-1, max-image-preview:large, max-video-preview:-1\" \/>\n<link rel=\"canonical\" href=\"https:\/\/neos-music.com\/en_us\/product\/ladislav-kubik-songs-of-zhivago\/\" \/>\n<meta property=\"og:locale\" content=\"en_US\" \/>\n<meta property=\"og:type\" content=\"article\" \/>\n<meta property=\"og:title\" content=\"Ladislav Kub\u00edk: Songs of Zhivago - NEOS Music\" \/>\n<meta property=\"og:description\" content=\"Infotext: F\u00fcr seinen Roman Doktor Schiwago erhielt Boris Pasternak 1958 den Nobelpreis, den er jedoch, vom Regime gezwungen, ablehnen musste. Der in den USA lebende tschechische Komponist Ladislav Kub\u00edk versteht die Gedichte, die Pasternak an den Schluss seines Romans f\u00fcgte, als Portrait des Dichters und formte aus diesem Stoff sein Hauptwerk f\u00fcr Tenor und Orchester. [&hellip;]\" \/>\n<meta property=\"og:url\" content=\"https:\/\/neos-music.com\/en_us\/product\/ladislav-kubik-songs-of-zhivago\/\" \/>\n<meta property=\"og:site_name\" content=\"NEOS Music\" \/>\n<meta property=\"article:modified_time\" content=\"2023-01-09T17:34:44+00:00\" \/>\n<meta property=\"og:image\" content=\"https:\/\/neos-music.com\/wp-content\/uploads\/2022\/11\/NEOS_10711_Ladislav_Kubik_Songs_of_Zhivago.jpeg\" \/>\n\t<meta property=\"og:image:width\" content=\"1648\" \/>\n\t<meta property=\"og:image:height\" content=\"1482\" \/>\n\t<meta property=\"og:image:type\" content=\"image\/jpeg\" \/>\n<meta name=\"twitter:card\" content=\"summary_large_image\" \/>\n<meta name=\"twitter:label1\" content=\"Est. reading time\" \/>\n\t<meta name=\"twitter:data1\" content=\"4 minutes\" \/>\n<script type=\"application\/ld+json\" class=\"yoast-schema-graph\">{\"@context\":\"https:\\\/\\\/schema.org\",\"@graph\":[{\"@type\":\"WebPage\",\"@id\":\"https:\\\/\\\/neos-music.com\\\/product\\\/ladislav-kubik-songs-of-zhivago\\\/\",\"url\":\"https:\\\/\\\/neos-music.com\\\/product\\\/ladislav-kubik-songs-of-zhivago\\\/\",\"name\":\"Ladislav Kub\u00edk: Songs of Zhivago - NEOS Music\",\"isPartOf\":{\"@id\":\"https:\\\/\\\/neos-music.com\\\/#website\"},\"primaryImageOfPage\":{\"@id\":\"https:\\\/\\\/neos-music.com\\\/product\\\/ladislav-kubik-songs-of-zhivago\\\/#primaryimage\"},\"image\":{\"@id\":\"https:\\\/\\\/neos-music.com\\\/product\\\/ladislav-kubik-songs-of-zhivago\\\/#primaryimage\"},\"thumbnailUrl\":\"https:\\\/\\\/i0.wp.com\\\/neos-music.com\\\/wp-content\\\/uploads\\\/2022\\\/11\\\/NEOS_10711_Ladislav_Kubik_Songs_of_Zhivago.jpeg?fit=1648%2C1482&ssl=1\",\"datePublished\":\"2007-07-19T15:23:08+00:00\",\"dateModified\":\"2023-01-09T17:34:44+00:00\",\"breadcrumb\":{\"@id\":\"https:\\\/\\\/neos-music.com\\\/product\\\/ladislav-kubik-songs-of-zhivago\\\/#breadcrumb\"},\"inLanguage\":\"en-US\",\"potentialAction\":[{\"@type\":\"ReadAction\",\"target\":[\"https:\\\/\\\/neos-music.com\\\/product\\\/ladislav-kubik-songs-of-zhivago\\\/\"]}]},{\"@type\":\"ImageObject\",\"inLanguage\":\"en-US\",\"@id\":\"https:\\\/\\\/neos-music.com\\\/product\\\/ladislav-kubik-songs-of-zhivago\\\/#primaryimage\",\"url\":\"https:\\\/\\\/i0.wp.com\\\/neos-music.com\\\/wp-content\\\/uploads\\\/2022\\\/11\\\/NEOS_10711_Ladislav_Kubik_Songs_of_Zhivago.jpeg?fit=1648%2C1482&ssl=1\",\"contentUrl\":\"https:\\\/\\\/i0.wp.com\\\/neos-music.com\\\/wp-content\\\/uploads\\\/2022\\\/11\\\/NEOS_10711_Ladislav_Kubik_Songs_of_Zhivago.jpeg?fit=1648%2C1482&ssl=1\",\"width\":1648,\"height\":1482},{\"@type\":\"BreadcrumbList\",\"@id\":\"https:\\\/\\\/neos-music.com\\\/product\\\/ladislav-kubik-songs-of-zhivago\\\/#breadcrumb\",\"itemListElement\":[{\"@type\":\"ListItem\",\"position\":1,\"name\":\"Startseite\",\"item\":\"https:\\\/\\\/neos-music.com\\\/\"},{\"@type\":\"ListItem\",\"position\":2,\"name\":\"Produkte\",\"item\":\"https:\\\/\\\/neos-music.com\\\/shop__trashed\\\/\"},{\"@type\":\"ListItem\",\"position\":3,\"name\":\"Ladislav Kub\u00edk: Songs of Zhivago\"}]},{\"@type\":\"WebSite\",\"@id\":\"https:\\\/\\\/neos-music.com\\\/#website\",\"url\":\"https:\\\/\\\/neos-music.com\\\/\",\"name\":\"NEOS Music\",\"description\":\"Dein Online Shop f\u00fcr zeitgen\u00f6ssische Musik, Jazz und Classics!\",\"publisher\":{\"@id\":\"https:\\\/\\\/neos-music.com\\\/#organization\"},\"potentialAction\":[{\"@type\":\"SearchAction\",\"target\":{\"@type\":\"EntryPoint\",\"urlTemplate\":\"https:\\\/\\\/neos-music.com\\\/?s={search_term_string}\"},\"query-input\":{\"@type\":\"PropertyValueSpecification\",\"valueRequired\":true,\"valueName\":\"search_term_string\"}}],\"inLanguage\":\"en-US\"},{\"@type\":\"Organization\",\"@id\":\"https:\\\/\\\/neos-music.com\\\/#organization\",\"name\":\"NEOS Music\",\"url\":\"https:\\\/\\\/neos-music.com\\\/\",\"logo\":{\"@type\":\"ImageObject\",\"inLanguage\":\"en-US\",\"@id\":\"https:\\\/\\\/neos-music.com\\\/#\\\/schema\\\/logo\\\/image\\\/\",\"url\":\"https:\\\/\\\/i0.wp.com\\\/neos-music.com\\\/wp-content\\\/uploads\\\/2025\\\/08\\\/NEOS-Logo-weiss.png?fit=800%2C203&ssl=1\",\"contentUrl\":\"https:\\\/\\\/i0.wp.com\\\/neos-music.com\\\/wp-content\\\/uploads\\\/2025\\\/08\\\/NEOS-Logo-weiss.png?fit=800%2C203&ssl=1\",\"width\":800,\"height\":203,\"caption\":\"NEOS Music\"},\"image\":{\"@id\":\"https:\\\/\\\/neos-music.com\\\/#\\\/schema\\\/logo\\\/image\\\/\"}}]}<\/script>\n<!-- \/ Yoast SEO plugin. -->","yoast_head_json":{"title":"Ladislav Kub\u00edk: Songs of Zhivago - NEOS Music","robots":{"index":"index","follow":"follow","max-snippet":"max-snippet:-1","max-image-preview":"max-image-preview:large","max-video-preview":"max-video-preview:-1"},"canonical":"https:\/\/neos-music.com\/en_us\/product\/ladislav-kubik-songs-of-zhivago\/","og_locale":"en_US","og_type":"article","og_title":"Ladislav Kub\u00edk: Songs of Zhivago - NEOS Music","og_description":"Infotext: F\u00fcr seinen Roman Doktor Schiwago erhielt Boris Pasternak 1958 den Nobelpreis, den er jedoch, vom Regime gezwungen, ablehnen musste. Der in den USA lebende tschechische Komponist Ladislav Kub\u00edk versteht die Gedichte, die Pasternak an den Schluss seines Romans f\u00fcgte, als Portrait des Dichters und formte aus diesem Stoff sein Hauptwerk f\u00fcr Tenor und Orchester. [&hellip;]","og_url":"https:\/\/neos-music.com\/en_us\/product\/ladislav-kubik-songs-of-zhivago\/","og_site_name":"NEOS Music","article_modified_time":"2023-01-09T17:34:44+00:00","og_image":[{"width":1648,"height":1482,"url":"https:\/\/neos-music.com\/wp-content\/uploads\/2022\/11\/NEOS_10711_Ladislav_Kubik_Songs_of_Zhivago.jpeg","type":"image\/jpeg"}],"twitter_card":"summary_large_image","twitter_misc":{"Est. reading time":"4 minutes"},"schema":{"@context":"https:\/\/schema.org","@graph":[{"@type":"WebPage","@id":"https:\/\/neos-music.com\/product\/ladislav-kubik-songs-of-zhivago\/","url":"https:\/\/neos-music.com\/product\/ladislav-kubik-songs-of-zhivago\/","name":"Ladislav Kub\u00edk: Songs of Zhivago - NEOS Music","isPartOf":{"@id":"https:\/\/neos-music.com\/#website"},"primaryImageOfPage":{"@id":"https:\/\/neos-music.com\/product\/ladislav-kubik-songs-of-zhivago\/#primaryimage"},"image":{"@id":"https:\/\/neos-music.com\/product\/ladislav-kubik-songs-of-zhivago\/#primaryimage"},"thumbnailUrl":"https:\/\/i0.wp.com\/neos-music.com\/wp-content\/uploads\/2022\/11\/NEOS_10711_Ladislav_Kubik_Songs_of_Zhivago.jpeg?fit=1648%2C1482&ssl=1","datePublished":"2007-07-19T15:23:08+00:00","dateModified":"2023-01-09T17:34:44+00:00","breadcrumb":{"@id":"https:\/\/neos-music.com\/product\/ladislav-kubik-songs-of-zhivago\/#breadcrumb"},"inLanguage":"en-US","potentialAction":[{"@type":"ReadAction","target":["https:\/\/neos-music.com\/product\/ladislav-kubik-songs-of-zhivago\/"]}]},{"@type":"ImageObject","inLanguage":"en-US","@id":"https:\/\/neos-music.com\/product\/ladislav-kubik-songs-of-zhivago\/#primaryimage","url":"https:\/\/i0.wp.com\/neos-music.com\/wp-content\/uploads\/2022\/11\/NEOS_10711_Ladislav_Kubik_Songs_of_Zhivago.jpeg?fit=1648%2C1482&ssl=1","contentUrl":"https:\/\/i0.wp.com\/neos-music.com\/wp-content\/uploads\/2022\/11\/NEOS_10711_Ladislav_Kubik_Songs_of_Zhivago.jpeg?fit=1648%2C1482&ssl=1","width":1648,"height":1482},{"@type":"BreadcrumbList","@id":"https:\/\/neos-music.com\/product\/ladislav-kubik-songs-of-zhivago\/#breadcrumb","itemListElement":[{"@type":"ListItem","position":1,"name":"Startseite","item":"https:\/\/neos-music.com\/"},{"@type":"ListItem","position":2,"name":"Produkte","item":"https:\/\/neos-music.com\/shop__trashed\/"},{"@type":"ListItem","position":3,"name":"Ladislav Kub\u00edk: Songs of Zhivago"}]},{"@type":"WebSite","@id":"https:\/\/neos-music.com\/#website","url":"https:\/\/neos-music.com\/","name":"NEOS Music","description":"Dein Online Shop f\u00fcr zeitgen\u00f6ssische Musik, Jazz und Classics!","publisher":{"@id":"https:\/\/neos-music.com\/#organization"},"potentialAction":[{"@type":"SearchAction","target":{"@type":"EntryPoint","urlTemplate":"https:\/\/neos-music.com\/?s={search_term_string}"},"query-input":{"@type":"PropertyValueSpecification","valueRequired":true,"valueName":"search_term_string"}}],"inLanguage":"en-US"},{"@type":"Organization","@id":"https:\/\/neos-music.com\/#organization","name":"NEOS Music","url":"https:\/\/neos-music.com\/","logo":{"@type":"ImageObject","inLanguage":"en-US","@id":"https:\/\/neos-music.com\/#\/schema\/logo\/image\/","url":"https:\/\/i0.wp.com\/neos-music.com\/wp-content\/uploads\/2025\/08\/NEOS-Logo-weiss.png?fit=800%2C203&ssl=1","contentUrl":"https:\/\/i0.wp.com\/neos-music.com\/wp-content\/uploads\/2025\/08\/NEOS-Logo-weiss.png?fit=800%2C203&ssl=1","width":800,"height":203,"caption":"NEOS Music"},"image":{"@id":"https:\/\/neos-music.com\/#\/schema\/logo\/image\/"}}]}},"jetpack_sharing_enabled":true,"_links":{"self":[{"href":"https:\/\/neos-music.com\/en_us\/wp-json\/wp\/v2\/product\/3283","targetHints":{"allow":["GET"]}}],"collection":[{"href":"https:\/\/neos-music.com\/en_us\/wp-json\/wp\/v2\/product"}],"about":[{"href":"https:\/\/neos-music.com\/en_us\/wp-json\/wp\/v2\/types\/product"}],"version-history":[{"count":0,"href":"https:\/\/neos-music.com\/en_us\/wp-json\/wp\/v2\/product\/3283\/revisions"}],"wp:featuredmedia":[{"embeddable":true,"href":"https:\/\/neos-music.com\/en_us\/wp-json\/wp\/v2\/media\/3284"}],"wp:attachment":[{"href":"https:\/\/neos-music.com\/en_us\/wp-json\/wp\/v2\/media?parent=3283"}],"wp:term":[{"taxonomy":"product_brand","embeddable":true,"href":"https:\/\/neos-music.com\/en_us\/wp-json\/wp\/v2\/product_brand?post=3283"},{"taxonomy":"product_cat","embeddable":true,"href":"https:\/\/neos-music.com\/en_us\/wp-json\/wp\/v2\/product_cat?post=3283"},{"taxonomy":"product_tag","embeddable":true,"href":"https:\/\/neos-music.com\/en_us\/wp-json\/wp\/v2\/product_tag?post=3283"}],"curies":[{"name":"wp","href":"https:\/\/api.w.org\/{rel}","templated":true}]}}