{"id":3290,"date":"2007-05-15T15:29:40","date_gmt":"2007-05-15T15:29:40","guid":{"rendered":"https:\/\/neos-music.com\/?post_type=product&#038;p=3290"},"modified":"2023-05-22T23:11:52","modified_gmt":"2023-05-22T23:11:52","slug":"nikolaus-brass-orchestral-works-vol-1","status":"publish","type":"product","link":"https:\/\/neos-music.com\/en_us\/product\/nikolaus-brass-orchestral-works-vol-1\/","title":{"rendered":"Nikolaus Brass: Orchestral Works Vol. 1"},"content":{"rendered":"<p>Infotext:<\/p>\n<table border=\"0\" width=\"100%\" rules=\"none\" cellspacing=\"0\" cellpadding=\"0\">\n<tbody>\n<tr>\n<td class=\"bigcontent2\">\n<div id=\"infotext\">\n<p>Selten finden sich Komponisten, die mit Kl\u00e4ngen erz\u00e4hlen k\u00f6nnen von absoluter Leere und denen es umgekehrt gelingt, an Stellen virtueller Stille etwas ahnen zu lassen von der F\u00fclle \u00fcbergeordneter Entit\u00e4ten. Nikolaus Brass, 1949 in Lindau am Bodensee geboren, ist solch ein K\u00fcnstler \u2013 ein ruhiger, nachdenklicher und im tiefen Sinne des Wortes freundlicher Mann. Weil er nie im Zentrum tonangebender Szenen gestanden hat, konnte er unverzeihlicher Weise auch von jenen kaum wahrgenommen werden, denen er Essenzielles zu bieten hat. Seine Musik will nicht artistisch gl\u00e4nzen, sondern ist Ergebnis einer so wahrhaftig wie intensiv sch\u00fcrfenden Suche im Wesenskern der Dinge.<\/p>\n<p>Nikolaus Brass begann fr\u00fch mit dem Komponieren. Neben seinem Medizinstudium, der langj\u00e4hrigen T\u00e4tigkeit als Arzt in einem Krankenhaus, dem Brotberuf als Redakteur einer medizinischen Zeitschrift verlor er die k\u00fcnstlerischen Horizonte nie aus dem Blick, konnte sein eigentlicher Weg nie wirklich eingeengt werden. Eher im Gegenteil: denn die konkrete Konfrontation mit der existenziellen Zerbrechlichkeit des menschlichen Daseins, mit Aufbruch und Gl\u00fcck, aber auch Schmerz, Siechtum und Tod fungierte wie ein Kompass bei der Suche nach Ausdruck.<\/p>\n<p>Am nachhaltigsten wirkte in den fr\u00fchen 1980er Jahren die intensive, ja geradezu identifikatorische Begegnung mit Morton Feldman. Da war pl\u00f6tzlich einer, der schrieb Musik, gespeist aus einer metaphysischen Quelle. Brass erlebte die beiderseits empfundene N\u00e4he als pr\u00e4gend. Auch Stile anderer Komponisten \u2013 etwa von Luigi Nono oder Giacinto Scelsi, nat\u00fcrlich von Helmut Lachenmann oder Gy\u00f6rgy Ligeti \u2013 sind ihm als ein Bewusstseinsraum pr\u00e4sent, als in der Arbeit leise nachhallende Weisen musikalischen Denkens. Doch konnte er sich aus allen Kraftfeldern l\u00f6sen und die n\u00f6tige Distanz schaffen, um ganz das wirklich Eigene zu kultivieren.<\/p>\n<p><b>VOID II:<\/b>\u00a0Ein Besuch im damals noch leer stehenden Erweiterungsbau des J\u00fcdischen Museums zu Berlin hatte Nikolaus Brass existenziell ber\u00fchrt; 1999 \u2013 im vorletzten Jahr eines Jahrhunderts der Schrecken. Von den bizarren, das schiere Nichts bergenden Gelassen und den totwinklig konzipierten Nischen im Inneren des dekonstruktivistisch inspirierten Baus lie\u00df er sich anregen zur Komposition seines St\u00fcckes \u201eVOID\u201d f\u00fcr Klavier solo. Den Resonanzen im Stummen und stumm Machenden nachsp\u00fcrend und wissend, dass es etwas wie eine F\u00fclle der Leere gibt, hat Brass sein Klavierst\u00fcck 2001 \u2013 im ersten Jahr des neuen Jahrhunderts \u2013 erweitert zu \u201eVOID II\u201d, einem konzertanten Werk f\u00fcr Saxophon, Klavier, Schlagzeug und Orchester.<\/p>\n<p><b>the structures of echo \u2013 lindauer beweinung:<\/b>\u00a0Verwandt mit \u201eVOID II\u201d und in seiner Eigenst\u00e4ndigkeit zugleich ein dialektisches Gegenst\u00fcck dazu ist die 2002 entstandene Komposition \u201ethe structures of echo \u2013 lindauer beweinung\u201d f\u00fcr 32 Stimmen und Orchester. Das Werk ist inspiriert vom Ausdruck und der Bedeutung eines sp\u00e4tgotischen Tafelbildes, das den geschundenen Christus zeigt: die um 1420 entstandene \u201eLindauer Beweinung\u201d.<\/p>\n<\/div>\n<\/td>\n<td><\/td>\n<\/tr>\n<\/tbody>\n<\/table>\n<p>Programm:<\/p>\n<p><b>the structures of echo \u2013 lindauer beweinung<\/b>\u00a0(2002)<br \/>\nSt\u00fcck f\u00fcr 32 Stimmen und Orchester<br \/>\nSpieldauer: 27:00<br \/>\n<span id=\"flash1\"><\/span><\/p>\n<p>[01] 08:32\u00a0<b>I.<br \/>\n<\/b>[02] 09:30\u00a0<b>II.<br \/>\n<\/b>[03] 08:59\u00a0<b>III.<\/b><\/p>\n<p>SWR Radio-Sinfonieorchester Stuttgart<br \/>\n<a class=\"arcoma_glossarylink\" href=\"https:\/\/neos-music.com\/output.php?content=Kuenstler\/SWR_Vokalensemble_Stuttgart.php&amp;treplace=english%2Cgerman\" target=\"_self\" rel=\"noopener\">SWR Vokalensemble Stuttgart<\/a><br \/>\n<a class=\"arcoma_glossarylink\" href=\"https:\/\/neos-music.com\/output.php?content=Kuenstler\/Rupert_Huber.php&amp;treplace=english%2Cgerman\" target=\"_self\" rel=\"noopener\">Rupert Huber<\/a>, Dirigent<\/p>\n<p><b><\/b><\/p>\n<p><b>VOID II<\/b>\u00a0(2001)<br \/>\nMusik f\u00fcr Klavier, Saxophon, Percussion und Orchester<br \/>\nSpieldauer: 36:29<br \/>\n<span id=\"flash2\"><\/span><\/p>\n<p>[04] 10:26\u00a0<b>I.<br \/>\n<\/b>[05] 06:01\u00a0<b>II.<\/b><br \/>\n[06] 13:49\u00a0<b>III.<\/b><br \/>\n[07] 06:14\u00a0<b>IV.<\/b><\/p>\n<p><a class=\"arcoma_glossarylink\" href=\"https:\/\/neos-music.com\/output.php?content=Kuenstler\/Benjamin_Kobler.php&amp;treplace=english%2Cgerman\" target=\"_self\" rel=\"noopener\">Benjamin Kobler<\/a>, Klavier<br \/>\n<a class=\"arcoma_glossarylink\" href=\"https:\/\/neos-music.com\/output.php?content=Kuenstler\/Sascha_Armbruster.php&amp;treplace=english%2Cgerman\" target=\"_self\" rel=\"noopener\">Sascha Armbruster<\/a>, Saxophon<br \/>\n<a class=\"arcoma_glossarylink\" href=\"https:\/\/neos-music.com\/output.php?content=Kuenstler\/Pascal_Pons.php&amp;treplace=english%2Cgerman\" target=\"_self\" rel=\"noopener\">Pascal Pons<\/a>, Percussion<br \/>\nRundfunk-Sinfonieorchester Berlin<br \/>\n<a class=\"arcoma_glossarylink\" href=\"https:\/\/neos-music.com\/output.php?content=Kuenstler\/Roland_Kluttig.php&amp;treplace=english%2Cgerman\" target=\"_self\" rel=\"noopener\">Roland Kluttig<\/a>, Dirigent<\/p>\n<p>&nbsp;<\/p>\n<p><b>Gesamt: 63:39<\/b><\/p>\n<p>Pressestimmen:<\/p>\n<p><img data-recalc-dims=\"1\" decoding=\"async\" src=\"https:\/\/i0.wp.com\/neos-music.com\/wp-content\/uploads\/2023\/05\/logo_sueddeutsche.jpg?ssl=1\" alt=\"\" \/><br \/>\n14.06.2012<\/p>\n<p><img data-recalc-dims=\"1\" decoding=\"async\" src=\"https:\/\/i0.wp.com\/neos-music.com\/wp-content\/uploads\/2023\/05\/10702_SZ_2012_06_14.jpg?ssl=1\" alt=\"\" \/><\/p>\n<p>&nbsp;<\/p>\n<p>&nbsp;<\/p>\n<p><img data-recalc-dims=\"1\" decoding=\"async\" src=\"https:\/\/i0.wp.com\/neos-music.com\/wp-content\/uploads\/2023\/05\/logo_sueddeutsche.jpg?ssl=1\" alt=\"\" \/><br \/>\n13.12.2007<\/p>\n<p><img data-recalc-dims=\"1\" decoding=\"async\" src=\"https:\/\/i0.wp.com\/neos-music.com\/wp-content\/uploads\/2023\/05\/10702_SZ_2007_12_13.jpg?ssl=1\" alt=\"\" \/><\/p>\n<p>&nbsp;<br \/>\n<img data-recalc-dims=\"1\" decoding=\"async\" src=\"https:\/\/i0.wp.com\/neos-music.com\/wp-content\/uploads\/2023\/05\/logo_FAZ.NET_.jpg?ssl=1\" alt=\"\" \/><br \/>\n25.08.2007<\/p>\n<p><b>Ein neues Label pr\u00e4sentiert Werke von Nikolaus Brass<\/p>\n<p>Pfeifen, Glei\u00dfen<\/b><\/p>\n<p>Man muss Karlheinz Stockhausen nicht immer zustimmen, doch seine These, dass die Konzentration auf Interpretation von Musik der Vergangenheit das Symptom einer unkreativen Epoche sei, ist triftig. Zur Kunst-Sterilit\u00e4t kommt das \u00f6konomische Schw\u00e4cheln, die Majorlabels der Klassikplattenindustrie klagen \u00fcber sinkende Ums\u00e4tze, viel zu wenige wollen die soundsovielte Fassung der Standard-Serien kaufen; unverst\u00e4ndlich ist das nicht. Wie es anders geht, zeigen kleinere Firmen: Abseits von Stargepr\u00e4nge und Repertoire-Einerlei l\u00e4sst sich nicht nur leben, sondern dies sogar auch auf eine k\u00fcnstlerisch profitable Art. Sogar Label-Neugr\u00fcndungen sind zu bestaunen. Gerade hat Wulf Weinmann das Label &#8222;col legno&#8220; verkauft und daf\u00fcr &#8222;Neos&#8220; lanciert. Wobei &#8211; nomen est omen &#8211; das griechische Wort f\u00fcr &#8222;neu&#8220; sowohl den Markt-Frischling als auch das avancierte Programm charakterisiert.<\/p>\n<p>Weder bei &#8222;col legno&#8220; noch jetzt bei &#8222;Neos&#8220; stand und steht Weinmann ein f\u00fcrs Bequem-Gef\u00e4llige. Bezeichnenderweise hat er bei seinem alten wie neuen Label je ein Album mit Musik von Nikolaus Brass produziert und damit erneut den Blick auf einen Komponisten gelenkt, der in einiger Distanz zum etablierten Betrieb seinen ganz eigenen Weg geht, in \u00fcbergreifender Weise. Brass ist n\u00e4mlich Arzt, arbeitet als Fachzeitschrift-Redakteur, er muss und will nicht vom Komponieren leben, auch nicht vom Unterrichten. Als quasi Freizeit-Komponist ist Brass bei Mahler und Ives in bester Gesellschaft. Und der problembewusste Zug seines Schaffens verleiht den Werken ihr je eigenes Gesicht: diese Musik ist von einer radikal individuellen Expressivit\u00e4t.<\/p>\n<p>Nichts aber l\u00e4ge Brass ferner als der ungenierte R\u00fcckgriff auf die t\u00f6nenden Gef\u00fchlskonglomerate des 19. Jahrhunderts. Seine St\u00fccke zeugen von Schmerz, Verunsicherung. Ein Materialfetischist ist er nicht; um so gr\u00f6\u00dfer die Abneigung gegen das strukturell Ungef\u00e4hre, gerade weil er sich gern von visuellen Eindr\u00fccken bewegen l\u00e4sst. Diese Doppelperspektive belegt eindringlich schon der Titel &#8222;the structures of echo &#8211; lindauer beweinung&#8220;, der sich auf ein ergreifendes gotisches Christusbild aus dem Jahr 1420 bezieht, doch als Threnodie alles plakativ sakral Aufget\u00fcnchte vermeidet, vielmehr Klage als &#8222;wechselseitigen inneren Widerhall&#8220; thematisiert, Chor und Orchester schier osmotisch im Sinne permanenten Echos die Rollen tauschen l\u00e4sst: Dem vokalen Ich folgt die instrumentale Antwort und umgekehrt, beides aber simultan. Pfeifen und Glei\u00dfen changieren ineinander, schroffe Klavierschl\u00e4ge setzen fast rituelle Akzente. Es ist dies eine herbe, bei allem Mikro- und Oberton-Oszillieren k\u00f6rperlich erfahrbare, haptische Musik.<\/p>\n<p>So unterschiedlich die Brassschen Werke auch sind, es lassen sich doch Materialanalogien entdecken. &#8222;VOID II&#8220;, angeregt durch das noch leere J\u00fcdische Museum von Libeskind in Berlin, lebt vom Widerspiel des Leisen, erst allm\u00e4hlich Entstehenden und krasseren Klangverfremdungen. Die Stuttgarter und Berliner Aufnahmen unter Rupert Huber und Roland Kluttig sind vorz\u00fcglich. Noch bei &#8222;col legno&#8220; erschienen ist eine ebenfalls fabelhafte CD des M\u00fcnchner Auritus-Quartetts mit drei Brass-Quartetten (1994-2004). Am 14. Dezember wird Hans Zender in der M\u00fcnchner musica viva sein &#8222;L&#8217;inferno&#8220; dirigieren. Dann wird man noch mehr \u00fcber Brass wissen.<\/p>\n<p>GERHARD R. KOCH<\/p>\n<p><img data-recalc-dims=\"1\" decoding=\"async\" src=\"https:\/\/i0.wp.com\/neos-music.com\/wp-content\/uploads\/2023\/05\/logo_FonoForum.gif?ssl=1\" alt=\"\" \/><br \/>\n08\/2007<\/p>\n<p><img data-recalc-dims=\"1\" decoding=\"async\" src=\"https:\/\/i0.wp.com\/neos-music.com\/wp-content\/uploads\/2023\/05\/10702_Brass_FF_08_2007.jpg?ssl=1\" alt=\"\" \/><\/p>\n","protected":false},"excerpt":{"rendered":"<p>Infotext: Selten finden sich Komponisten, die mit Kl\u00e4ngen erz\u00e4hlen k\u00f6nnen von absoluter Leere und denen es umgekehrt gelingt, an Stellen virtueller Stille etwas ahnen zu lassen von der F\u00fclle \u00fcbergeordneter Entit\u00e4ten. Nikolaus Brass, 1949 in Lindau am Bodensee geboren, ist solch ein K\u00fcnstler \u2013 ein ruhiger, nachdenklicher und im tiefen Sinne des Wortes freundlicher Mann. [&hellip;]<\/p>\n","protected":false},"featured_media":3291,"template":"","meta":{"site-sidebar-layout":"default","site-content-layout":"default","ast-site-content-layout":"default","site-content-style":"default","site-sidebar-style":"default","ast-global-header-display":"","ast-banner-title-visibility":"","ast-main-header-display":"","ast-hfb-above-header-display":"","ast-hfb-below-header-display":"","ast-hfb-mobile-header-display":"","site-post-title":"","ast-breadcrumbs-content":"","ast-featured-img":"","footer-sml-layout":"","theme-transparent-header-meta":"default","adv-header-id-meta":"","stick-header-meta":"","header-above-stick-meta":"","header-main-stick-meta":"","header-below-stick-meta":"","astra-migrate-meta-layouts":"default","ast-page-background-enabled":"default","ast-page-background-meta":{"desktop":{"background-color":"","background-image":"","background-repeat":"repeat","background-position":"center center","background-size":"auto","background-attachment":"scroll","background-type":"","background-media":"","overlay-type":"","overlay-color":"","overlay-opacity":"","overlay-gradient":""},"tablet":{"background-color":"","background-image":"","background-repeat":"repeat","background-position":"center center","background-size":"auto","background-attachment":"scroll","background-type":"","background-media":"","overlay-type":"","overlay-color":"","overlay-opacity":"","overlay-gradient":""},"mobile":{"background-color":"","background-image":"","background-repeat":"repeat","background-position":"center center","background-size":"auto","background-attachment":"scroll","background-type":"","background-media":"","overlay-type":"","overlay-color":"","overlay-opacity":"","overlay-gradient":""}},"ast-content-background-meta":{"desktop":{"background-color":"var(--ast-global-color-5)","background-image":"","background-repeat":"repeat","background-position":"center center","background-size":"auto","background-attachment":"scroll","background-type":"","background-media":"","overlay-type":"","overlay-color":"","overlay-opacity":"","overlay-gradient":""},"tablet":{"background-color":"var(--ast-global-color-5)","background-image":"","background-repeat":"repeat","background-position":"center center","background-size":"auto","background-attachment":"scroll","background-type":"","background-media":"","overlay-type":"","overlay-color":"","overlay-opacity":"","overlay-gradient":""},"mobile":{"background-color":"var(--ast-global-color-5)","background-image":"","background-repeat":"repeat","background-position":"center center","background-size":"auto","background-attachment":"scroll","background-type":"","background-media":"","overlay-type":"","overlay-color":"","overlay-opacity":"","overlay-gradient":""}}},"product_brand":[],"product_cat":[883,26],"product_tag":[],"class_list":{"0":"post-3290","1":"product","2":"type-product","3":"status-publish","4":"has-post-thumbnail","6":"product_cat-orchester","7":"product_cat-zeitgenossische-musik","8":"pa_artikelnummer-neos-10702","9":"pa_brand-neos-music","10":"pa_ean-830","11":"desktop-align-left","12":"tablet-align-left","13":"mobile-align-left","15":"first","16":"instock","17":"taxable","18":"shipping-taxable","19":"purchasable","20":"product-type-simple"},"yoast_head":"<!-- This site is optimized with the Yoast SEO plugin v27.3 - https:\/\/yoast.com\/product\/yoast-seo-wordpress\/ -->\n<title>Nikolaus Brass: Orchestral Works Vol. 1 - NEOS Music<\/title>\n<meta name=\"robots\" content=\"index, follow, max-snippet:-1, max-image-preview:large, max-video-preview:-1\" \/>\n<link rel=\"canonical\" href=\"https:\/\/neos-music.com\/en_us\/product\/nikolaus-brass-orchestral-works-vol-1\/\" \/>\n<meta property=\"og:locale\" content=\"en_US\" \/>\n<meta property=\"og:type\" content=\"article\" \/>\n<meta property=\"og:title\" content=\"Nikolaus Brass: Orchestral Works Vol. 1 - NEOS Music\" \/>\n<meta property=\"og:description\" content=\"Infotext: Selten finden sich Komponisten, die mit Kl\u00e4ngen erz\u00e4hlen k\u00f6nnen von absoluter Leere und denen es umgekehrt gelingt, an Stellen virtueller Stille etwas ahnen zu lassen von der F\u00fclle \u00fcbergeordneter Entit\u00e4ten. Nikolaus Brass, 1949 in Lindau am Bodensee geboren, ist solch ein K\u00fcnstler \u2013 ein ruhiger, nachdenklicher und im tiefen Sinne des Wortes freundlicher Mann. [&hellip;]\" \/>\n<meta property=\"og:url\" content=\"https:\/\/neos-music.com\/en_us\/product\/nikolaus-brass-orchestral-works-vol-1\/\" \/>\n<meta property=\"og:site_name\" content=\"NEOS Music\" \/>\n<meta property=\"article:modified_time\" content=\"2023-05-22T23:11:52+00:00\" \/>\n<meta property=\"og:image\" content=\"https:\/\/neos-music.com\/wp-content\/uploads\/2022\/11\/NEOS_10702_Nikolaus_Brass_Orchestral_Works_1.jpeg\" \/>\n\t<meta property=\"og:image:width\" content=\"1648\" \/>\n\t<meta property=\"og:image:height\" content=\"1482\" \/>\n\t<meta property=\"og:image:type\" content=\"image\/jpeg\" \/>\n<meta name=\"twitter:card\" content=\"summary_large_image\" \/>\n<meta name=\"twitter:label1\" content=\"Est. reading time\" \/>\n\t<meta name=\"twitter:data1\" content=\"7 minutes\" \/>\n<script type=\"application\/ld+json\" class=\"yoast-schema-graph\">{\"@context\":\"https:\\\/\\\/schema.org\",\"@graph\":[{\"@type\":\"WebPage\",\"@id\":\"https:\\\/\\\/neos-music.com\\\/product\\\/nikolaus-brass-orchestral-works-vol-1\\\/\",\"url\":\"https:\\\/\\\/neos-music.com\\\/product\\\/nikolaus-brass-orchestral-works-vol-1\\\/\",\"name\":\"Nikolaus Brass: Orchestral Works Vol. 1 - NEOS Music\",\"isPartOf\":{\"@id\":\"https:\\\/\\\/neos-music.com\\\/#website\"},\"primaryImageOfPage\":{\"@id\":\"https:\\\/\\\/neos-music.com\\\/product\\\/nikolaus-brass-orchestral-works-vol-1\\\/#primaryimage\"},\"image\":{\"@id\":\"https:\\\/\\\/neos-music.com\\\/product\\\/nikolaus-brass-orchestral-works-vol-1\\\/#primaryimage\"},\"thumbnailUrl\":\"https:\\\/\\\/i0.wp.com\\\/neos-music.com\\\/wp-content\\\/uploads\\\/2022\\\/11\\\/NEOS_10702_Nikolaus_Brass_Orchestral_Works_1.jpeg?fit=1648%2C1482&ssl=1\",\"datePublished\":\"2007-05-15T15:29:40+00:00\",\"dateModified\":\"2023-05-22T23:11:52+00:00\",\"breadcrumb\":{\"@id\":\"https:\\\/\\\/neos-music.com\\\/product\\\/nikolaus-brass-orchestral-works-vol-1\\\/#breadcrumb\"},\"inLanguage\":\"en-US\",\"potentialAction\":[{\"@type\":\"ReadAction\",\"target\":[\"https:\\\/\\\/neos-music.com\\\/product\\\/nikolaus-brass-orchestral-works-vol-1\\\/\"]}]},{\"@type\":\"ImageObject\",\"inLanguage\":\"en-US\",\"@id\":\"https:\\\/\\\/neos-music.com\\\/product\\\/nikolaus-brass-orchestral-works-vol-1\\\/#primaryimage\",\"url\":\"https:\\\/\\\/i0.wp.com\\\/neos-music.com\\\/wp-content\\\/uploads\\\/2022\\\/11\\\/NEOS_10702_Nikolaus_Brass_Orchestral_Works_1.jpeg?fit=1648%2C1482&ssl=1\",\"contentUrl\":\"https:\\\/\\\/i0.wp.com\\\/neos-music.com\\\/wp-content\\\/uploads\\\/2022\\\/11\\\/NEOS_10702_Nikolaus_Brass_Orchestral_Works_1.jpeg?fit=1648%2C1482&ssl=1\",\"width\":1648,\"height\":1482},{\"@type\":\"BreadcrumbList\",\"@id\":\"https:\\\/\\\/neos-music.com\\\/product\\\/nikolaus-brass-orchestral-works-vol-1\\\/#breadcrumb\",\"itemListElement\":[{\"@type\":\"ListItem\",\"position\":1,\"name\":\"Startseite\",\"item\":\"https:\\\/\\\/neos-music.com\\\/\"},{\"@type\":\"ListItem\",\"position\":2,\"name\":\"Produkte\",\"item\":\"https:\\\/\\\/neos-music.com\\\/shop__trashed\\\/\"},{\"@type\":\"ListItem\",\"position\":3,\"name\":\"Nikolaus Brass: Orchestral Works Vol. 1\"}]},{\"@type\":\"WebSite\",\"@id\":\"https:\\\/\\\/neos-music.com\\\/#website\",\"url\":\"https:\\\/\\\/neos-music.com\\\/\",\"name\":\"NEOS Music\",\"description\":\"Dein Online Shop f\u00fcr zeitgen\u00f6ssische Musik, Jazz und Classics!\",\"publisher\":{\"@id\":\"https:\\\/\\\/neos-music.com\\\/#organization\"},\"potentialAction\":[{\"@type\":\"SearchAction\",\"target\":{\"@type\":\"EntryPoint\",\"urlTemplate\":\"https:\\\/\\\/neos-music.com\\\/?s={search_term_string}\"},\"query-input\":{\"@type\":\"PropertyValueSpecification\",\"valueRequired\":true,\"valueName\":\"search_term_string\"}}],\"inLanguage\":\"en-US\"},{\"@type\":\"Organization\",\"@id\":\"https:\\\/\\\/neos-music.com\\\/#organization\",\"name\":\"NEOS Music\",\"url\":\"https:\\\/\\\/neos-music.com\\\/\",\"logo\":{\"@type\":\"ImageObject\",\"inLanguage\":\"en-US\",\"@id\":\"https:\\\/\\\/neos-music.com\\\/#\\\/schema\\\/logo\\\/image\\\/\",\"url\":\"https:\\\/\\\/i0.wp.com\\\/neos-music.com\\\/wp-content\\\/uploads\\\/2025\\\/08\\\/NEOS-Logo-weiss.png?fit=800%2C203&ssl=1\",\"contentUrl\":\"https:\\\/\\\/i0.wp.com\\\/neos-music.com\\\/wp-content\\\/uploads\\\/2025\\\/08\\\/NEOS-Logo-weiss.png?fit=800%2C203&ssl=1\",\"width\":800,\"height\":203,\"caption\":\"NEOS Music\"},\"image\":{\"@id\":\"https:\\\/\\\/neos-music.com\\\/#\\\/schema\\\/logo\\\/image\\\/\"}}]}<\/script>\n<!-- \/ Yoast SEO plugin. -->","yoast_head_json":{"title":"Nikolaus Brass: Orchestral Works Vol. 1 - NEOS Music","robots":{"index":"index","follow":"follow","max-snippet":"max-snippet:-1","max-image-preview":"max-image-preview:large","max-video-preview":"max-video-preview:-1"},"canonical":"https:\/\/neos-music.com\/en_us\/product\/nikolaus-brass-orchestral-works-vol-1\/","og_locale":"en_US","og_type":"article","og_title":"Nikolaus Brass: Orchestral Works Vol. 1 - NEOS Music","og_description":"Infotext: Selten finden sich Komponisten, die mit Kl\u00e4ngen erz\u00e4hlen k\u00f6nnen von absoluter Leere und denen es umgekehrt gelingt, an Stellen virtueller Stille etwas ahnen zu lassen von der F\u00fclle \u00fcbergeordneter Entit\u00e4ten. Nikolaus Brass, 1949 in Lindau am Bodensee geboren, ist solch ein K\u00fcnstler \u2013 ein ruhiger, nachdenklicher und im tiefen Sinne des Wortes freundlicher Mann. [&hellip;]","og_url":"https:\/\/neos-music.com\/en_us\/product\/nikolaus-brass-orchestral-works-vol-1\/","og_site_name":"NEOS Music","article_modified_time":"2023-05-22T23:11:52+00:00","og_image":[{"width":1648,"height":1482,"url":"https:\/\/neos-music.com\/wp-content\/uploads\/2022\/11\/NEOS_10702_Nikolaus_Brass_Orchestral_Works_1.jpeg","type":"image\/jpeg"}],"twitter_card":"summary_large_image","twitter_misc":{"Est. reading time":"7 minutes"},"schema":{"@context":"https:\/\/schema.org","@graph":[{"@type":"WebPage","@id":"https:\/\/neos-music.com\/product\/nikolaus-brass-orchestral-works-vol-1\/","url":"https:\/\/neos-music.com\/product\/nikolaus-brass-orchestral-works-vol-1\/","name":"Nikolaus Brass: Orchestral Works Vol. 1 - NEOS Music","isPartOf":{"@id":"https:\/\/neos-music.com\/#website"},"primaryImageOfPage":{"@id":"https:\/\/neos-music.com\/product\/nikolaus-brass-orchestral-works-vol-1\/#primaryimage"},"image":{"@id":"https:\/\/neos-music.com\/product\/nikolaus-brass-orchestral-works-vol-1\/#primaryimage"},"thumbnailUrl":"https:\/\/i0.wp.com\/neos-music.com\/wp-content\/uploads\/2022\/11\/NEOS_10702_Nikolaus_Brass_Orchestral_Works_1.jpeg?fit=1648%2C1482&ssl=1","datePublished":"2007-05-15T15:29:40+00:00","dateModified":"2023-05-22T23:11:52+00:00","breadcrumb":{"@id":"https:\/\/neos-music.com\/product\/nikolaus-brass-orchestral-works-vol-1\/#breadcrumb"},"inLanguage":"en-US","potentialAction":[{"@type":"ReadAction","target":["https:\/\/neos-music.com\/product\/nikolaus-brass-orchestral-works-vol-1\/"]}]},{"@type":"ImageObject","inLanguage":"en-US","@id":"https:\/\/neos-music.com\/product\/nikolaus-brass-orchestral-works-vol-1\/#primaryimage","url":"https:\/\/i0.wp.com\/neos-music.com\/wp-content\/uploads\/2022\/11\/NEOS_10702_Nikolaus_Brass_Orchestral_Works_1.jpeg?fit=1648%2C1482&ssl=1","contentUrl":"https:\/\/i0.wp.com\/neos-music.com\/wp-content\/uploads\/2022\/11\/NEOS_10702_Nikolaus_Brass_Orchestral_Works_1.jpeg?fit=1648%2C1482&ssl=1","width":1648,"height":1482},{"@type":"BreadcrumbList","@id":"https:\/\/neos-music.com\/product\/nikolaus-brass-orchestral-works-vol-1\/#breadcrumb","itemListElement":[{"@type":"ListItem","position":1,"name":"Startseite","item":"https:\/\/neos-music.com\/"},{"@type":"ListItem","position":2,"name":"Produkte","item":"https:\/\/neos-music.com\/shop__trashed\/"},{"@type":"ListItem","position":3,"name":"Nikolaus Brass: Orchestral Works Vol. 1"}]},{"@type":"WebSite","@id":"https:\/\/neos-music.com\/#website","url":"https:\/\/neos-music.com\/","name":"NEOS Music","description":"Dein Online Shop f\u00fcr zeitgen\u00f6ssische Musik, Jazz und Classics!","publisher":{"@id":"https:\/\/neos-music.com\/#organization"},"potentialAction":[{"@type":"SearchAction","target":{"@type":"EntryPoint","urlTemplate":"https:\/\/neos-music.com\/?s={search_term_string}"},"query-input":{"@type":"PropertyValueSpecification","valueRequired":true,"valueName":"search_term_string"}}],"inLanguage":"en-US"},{"@type":"Organization","@id":"https:\/\/neos-music.com\/#organization","name":"NEOS Music","url":"https:\/\/neos-music.com\/","logo":{"@type":"ImageObject","inLanguage":"en-US","@id":"https:\/\/neos-music.com\/#\/schema\/logo\/image\/","url":"https:\/\/i0.wp.com\/neos-music.com\/wp-content\/uploads\/2025\/08\/NEOS-Logo-weiss.png?fit=800%2C203&ssl=1","contentUrl":"https:\/\/i0.wp.com\/neos-music.com\/wp-content\/uploads\/2025\/08\/NEOS-Logo-weiss.png?fit=800%2C203&ssl=1","width":800,"height":203,"caption":"NEOS Music"},"image":{"@id":"https:\/\/neos-music.com\/#\/schema\/logo\/image\/"}}]}},"jetpack_sharing_enabled":true,"_links":{"self":[{"href":"https:\/\/neos-music.com\/en_us\/wp-json\/wp\/v2\/product\/3290","targetHints":{"allow":["GET"]}}],"collection":[{"href":"https:\/\/neos-music.com\/en_us\/wp-json\/wp\/v2\/product"}],"about":[{"href":"https:\/\/neos-music.com\/en_us\/wp-json\/wp\/v2\/types\/product"}],"version-history":[{"count":0,"href":"https:\/\/neos-music.com\/en_us\/wp-json\/wp\/v2\/product\/3290\/revisions"}],"wp:featuredmedia":[{"embeddable":true,"href":"https:\/\/neos-music.com\/en_us\/wp-json\/wp\/v2\/media\/3291"}],"wp:attachment":[{"href":"https:\/\/neos-music.com\/en_us\/wp-json\/wp\/v2\/media?parent=3290"}],"wp:term":[{"taxonomy":"product_brand","embeddable":true,"href":"https:\/\/neos-music.com\/en_us\/wp-json\/wp\/v2\/product_brand?post=3290"},{"taxonomy":"product_cat","embeddable":true,"href":"https:\/\/neos-music.com\/en_us\/wp-json\/wp\/v2\/product_cat?post=3290"},{"taxonomy":"product_tag","embeddable":true,"href":"https:\/\/neos-music.com\/en_us\/wp-json\/wp\/v2\/product_tag?post=3290"}],"curies":[{"name":"wp","href":"https:\/\/api.w.org\/{rel}","templated":true}]}}