{"id":3298,"date":"2007-05-15T16:03:24","date_gmt":"2007-05-15T16:03:24","guid":{"rendered":"https:\/\/neos-music.com\/?post_type=product&#038;p=3298"},"modified":"2023-05-22T21:52:57","modified_gmt":"2023-05-22T21:52:57","slug":"gyoergy-kurtag-joerg-widmann-botschaften-des-verstorbenen-fraeuleins-r-v-trussowa-umduestert","status":"publish","type":"product","link":"https:\/\/neos-music.com\/en_us\/product\/gyoergy-kurtag-joerg-widmann-botschaften-des-verstorbenen-fraeuleins-r-v-trussowa-umduestert\/","title":{"rendered":"Gy\u00f6rgy Kurt\u00e1g, J\u00f6rg Widmann: Botschaften des verstorbenen Fr\u00e4uleins R.V. Trussowa \/ &#8230; umd\u00fcstert &#8230;"},"content":{"rendered":"<p>Infotext:<\/p>\n<p>Auf jeweils individuelle Art l\u00e4sst sich das Komponieren von\u00a0<a class=\"arcoma_glossarylink\" href=\"https:\/\/neos-music.com\/output.php?content=Kuenstler\/Gyoergy_Kurtag.php&amp;treplace=english%2Cgerman\" target=\"_self\" rel=\"noopener\">Gy\u00f6rgy Kurt\u00e1g<\/a>\u00a0und\u00a0<a class=\"arcoma_glossarylink\" href=\"https:\/\/neos-music.com\/output.php?content=Kuenstler\/Joerg_Widmann.php&amp;treplace=english%2Cgerman\" target=\"_self\" rel=\"noopener\">J\u00f6rg Widmann<\/a>\u00a0als st\u00e4ndiger produktiver Dialog mit musikalischen Anregungen aus der Vergangenheit begreifen.<\/p>\n<p>In Kurt\u00e1gs Schaffen entspricht dem die gro\u00dfe Bandbreite der verwendeten Gestaltungmittel, die sich vom traditionellen Dreiklang \u00fcber kanonische Techniken bis hin zur Handhabung von Ger\u00e4uschtexturen erstreckt und ihre ideale Auspr\u00e4gung in der fragmenthaften Miniatur oder in dem aus Miniaturen zusammengef\u00fcgten Zyklus findet.<\/p>\n<p>Demgegen\u00fcber f\u00fchlt sich Widmann vielfach von den Ausdruckshaltungen der Romantik angezogen und verbindet deren Expressivit\u00e4t mit einer sehr pers\u00f6nlichen Erkundung von Kl\u00e4ngen.<\/p>\n<p>Mit den \u201eBotschaften des verstorbenen Fr\u00e4uleins R.V. Trussowa\u201d f\u00fcr Sopran und Kammerensemble op. 17 (1976-80) schuf Kurt\u00e1g eine Komposition, deren Texte \u2013 basierend auf Gedichten der Russin Rimma Dalos \u2013 vom Scheitern menschlicher Beziehungen sprechen. In einer ebenso grotesken wie drastischen Sprache schildern sie die \u00c4u\u00dferungen einer Frau \u00fcber Einsamkeit, Exhibitionismus und Entbl\u00f6\u00dfung bis an die Grenzen der Selbstachtung.<\/p>\n<p>Widmann stellt dagegen die Modellierung des Klanges in den Mittelpunkt: Einzelne instrumentale Texturen mit variabler Dichte l\u00f6sen einander ab und bringen dadurch einen Prozess des Ineinandergleitens verschiedener Klangqualit\u00e4ten in Gang, der am Ende immer weiter ausged\u00fcnnt wird und schlie\u00dflich in leise Fragmente zerf\u00e4llt. Angesichts dieses auskomponierten Verl\u00f6schens l\u00e4sst sich die Titelgebung mit der h\u00e4ufig in romantischer Literatur gebrauchten Wortbildung \u201eumd\u00fcstert\u201d als Hinweis auf einen existenziellen Bezugshorizont der Musik lesen.<\/p>\n<p>Programm:<\/p>\n<p><b>Gy\u00f6rgy Kurt\u00e1g<\/b><br \/>\n<b>Botschaften des verstorbenen Fr\u00e4uleins R.V. Trussowa<\/b>\u00a0op. 17 (1976\/1980)<br \/>\nSpieldauer: 26:33<\/p>\n<p>&nbsp;<\/p>\n<p>21 St\u00fccke f\u00fcr Sopran und Kammerorchester, basierend auf russischen Gedichten von Rimma Dalos<\/p>\n<p><b>I. Odino\u00e8estvo [Einsamkeit]<br \/>\n<\/b>01. V prostranstve [In einem Raum]<br \/>\n02. Den&#8216; upal [Der Tag fiel]<\/p>\n<p><b>II. Nemnogo eroti\u00e8eskoe [Etwas Erotisches]<br \/>\n<\/b>01. \u017dar [Fieber]<br \/>\n02. Dva splet\u00ebnnych [Zwei Verflochtene]<br \/>\n03. Po\u00e8emu mne ne viz\u017eat&#8216; svin&#8217;ej [Warum sollte ich nicht wie ein Schwein quieken]<br \/>\n04. \u00c8astu\u0161ka [Tschastuschka]<\/p>\n<p><b>III. Gor\u2019kij opyt \u2013 sladost\u2019 i gore [Bittere Erfahrung \u2013 S\u00fc\u00dfe und Kummer]<br \/>\n<\/b>01. Ty vynul [Du nahmst das Herz]<br \/>\n02. Velikaja beda [Gro\u00dfe Not]<br \/>\n03. Kame\u0161ki [Kiesel]<br \/>\n04. Tonkaja igla [Die d\u00fcnne Nadel]<br \/>\n05. Znaju, ljubimomu [Ich wei\u00df, mein Geliebter]<br \/>\n06. Cvetov osennich uvjaden\u2019e [Welken von herbstlichen Blumen]<br \/>\n07. V tebe svo\u00eb spasenie i\u0161\u00e8u [Ich suche in dir meine Rettung]<br \/>\n08. Tvoi is\u00e8eznoven\u2019ja [Dein h\u00e4ufiges Verschwinden]<br \/>\n09. Ja bez tebja [Ich ohne dich]<br \/>\n10. Ljubi menja [Liebe mich]<br \/>\n11. Rasplata [Vergeltung]<br \/>\n12. Igru\u0161ka [Spielzeug]<br \/>\n13. Za\u00e8em ty proizn\u00ebs [Warum sagtest du]<br \/>\n14. V livne [Im Schauer]<br \/>\n15. Za vs\u00eb [F\u00fcr alles (Epilog)]<\/p>\n<p><a class=\"arcoma_glossarylink\" href=\"https:\/\/neos-music.com\/output.php?content=Kuenstler\/Claudia_Barainsky.php&amp;treplace=english%2Cgerman\" target=\"_self\" rel=\"noopener\">Claudia Barainsky<\/a>, Sopran<br \/>\n<a class=\"arcoma_glossarylink\" href=\"https:\/\/neos-music.com\/output.php?content=Kuenstler\/Ruediger_Bohn.php&amp;treplace=english%2Cgerman\" target=\"_self\" rel=\"noopener\">R\u00fcdiger Bohn<\/a>, Dirigent<br \/>\n<a class=\"arcoma_glossarylink\" href=\"https:\/\/neos-music.com\/output.php?content=Kuenstler\/OENM.php&amp;treplace=english%2Cgerman\" target=\"_self\" rel=\"noopener\">\u0153nm . \u00f6sterreichisches ensemble f\u00fcr neue musik<\/a><\/p>\n<p><b><\/b><\/p>\n<p><b>J\u00f6rg Widmann<\/b><br \/>\n<b>\u2026 umd\u00fcstert \u2026<\/b>\u00a0(1999\/2000)<br \/>\nf\u00fcr Kammerorchester<br \/>\nSpieldauer: 22:33<\/p>\n<p>&nbsp;<\/p>\n<p><a class=\"arcoma_glossarylink\" href=\"https:\/\/neos-music.com\/output.php?content=Kuenstler\/OENM.php&amp;treplace=english%2Cgerman\" target=\"_self\" rel=\"noopener\">\u0153nm . \u00f6sterreichisches ensemble f\u00fcr neue musik<\/a><\/p>\n<p><b><\/b><\/p>\n<p><b>gesamt:\u00a049:14<\/b><\/p>\n<p><b><\/b><\/p>\n<p><img data-recalc-dims=\"1\" decoding=\"async\" src=\"https:\/\/i0.wp.com\/neos-music.com\/wp-content\/uploads\/2023\/05\/307_Kurtag_Widmann_small.jpg?ssl=1\" alt=\"\" \/><\/p>\n<p>Pressestimmen:<\/p>\n<p><img data-recalc-dims=\"1\" decoding=\"async\" src=\"https:\/\/i0.wp.com\/neos-music.com\/wp-content\/uploads\/2023\/05\/guardian-logo.gif?ssl=1\" alt=\"\" \/><br \/>\n04.10.2008<\/p>\n<p>Launched last summer by the former owner of the col legno label, NEOS is the latest arrival to disprove the notion that the classical-record industry is in its death throes. Initially released in Germany, the first batch of NEOS recordings has just arrived in Britain, and shows the same commitment to the wide range of contemporary music that has characterised col legno&#8217;s output.<\/p>\n<p>Naturally enough for a German-based company, there is an emphasis on central European composers, some of whom remain little known in Britain. But this pairing of Gy\u00f6rgy Kurt\u00e1g&#8217;s best-known work with an ensemble piece from 2000 by J\u00f6rg Widmann (born in 1973) deserves to travel farther.<\/p>\n<p>Messages of the Late Miss RV Troussova, 21 settings of poems by Rimma Dalos, was the piece that cemented Kurt\u00e1g&#8217;s international reputation. Its fiercely concentrated aphoristic world, obviously indebted to Schoenberg&#8217;s Pierrot Lunaire, still packs a punch, especially when sung with the dramatic panache Claudia Barainsky brings to it.<\/p>\n<p>Widmann&#8217;s &#8230; umd\u00fcstert &#8230;, meanwhile, is a study in continuous textural change that uses its instrumental resources with great fluency.<\/p>\n<p>Andrew Clements<\/p>\n<p><img data-recalc-dims=\"1\" decoding=\"async\" src=\"https:\/\/i0.wp.com\/neos-music.com\/wp-content\/uploads\/2023\/05\/Diverdi-Logo013.jpg?ssl=1\" alt=\"\" \/><br \/>\n11.2007<\/p>\n<p><img data-recalc-dims=\"1\" decoding=\"async\" src=\"https:\/\/i0.wp.com\/neos-music.com\/wp-content\/uploads\/2023\/05\/10708_Diverdi_bolet.jpg?ssl=1\" alt=\"\" \/><\/p>\n<p><img data-recalc-dims=\"1\" decoding=\"async\" src=\"https:\/\/i0.wp.com\/neos-music.com\/wp-content\/uploads\/2023\/05\/logo_Jupiter_Distribuzione.jpg?ssl=1\" alt=\"\" \/><br \/>\n07.2007<\/p>\n<p><img data-recalc-dims=\"1\" decoding=\"async\" src=\"https:\/\/i0.wp.com\/neos-music.com\/wp-content\/uploads\/2023\/05\/10708_JN_Luglio_2007-10.jpg?ssl=1\" alt=\"\" \/><\/p>\n","protected":false},"excerpt":{"rendered":"<p>Infotext: Auf jeweils individuelle Art l\u00e4sst sich das Komponieren von\u00a0Gy\u00f6rgy Kurt\u00e1g\u00a0und\u00a0J\u00f6rg Widmann\u00a0als st\u00e4ndiger produktiver Dialog mit musikalischen Anregungen aus der Vergangenheit begreifen. In Kurt\u00e1gs Schaffen entspricht dem die gro\u00dfe Bandbreite der verwendeten Gestaltungmittel, die sich vom traditionellen Dreiklang \u00fcber kanonische Techniken bis hin zur Handhabung von Ger\u00e4uschtexturen erstreckt und ihre ideale Auspr\u00e4gung in der fragmenthaften [&hellip;]<\/p>\n","protected":false},"featured_media":3299,"template":"","meta":{"site-sidebar-layout":"default","site-content-layout":"default","ast-site-content-layout":"default","site-content-style":"default","site-sidebar-style":"default","ast-global-header-display":"","ast-banner-title-visibility":"","ast-main-header-display":"","ast-hfb-above-header-display":"","ast-hfb-below-header-display":"","ast-hfb-mobile-header-display":"","site-post-title":"","ast-breadcrumbs-content":"","ast-featured-img":"","footer-sml-layout":"","theme-transparent-header-meta":"default","adv-header-id-meta":"","stick-header-meta":"","header-above-stick-meta":"","header-main-stick-meta":"","header-below-stick-meta":"","astra-migrate-meta-layouts":"default","ast-page-background-enabled":"default","ast-page-background-meta":{"desktop":{"background-color":"","background-image":"","background-repeat":"repeat","background-position":"center center","background-size":"auto","background-attachment":"scroll","background-type":"","background-media":"","overlay-type":"","overlay-color":"","overlay-opacity":"","overlay-gradient":""},"tablet":{"background-color":"","background-image":"","background-repeat":"repeat","background-position":"center center","background-size":"auto","background-attachment":"scroll","background-type":"","background-media":"","overlay-type":"","overlay-color":"","overlay-opacity":"","overlay-gradient":""},"mobile":{"background-color":"","background-image":"","background-repeat":"repeat","background-position":"center center","background-size":"auto","background-attachment":"scroll","background-type":"","background-media":"","overlay-type":"","overlay-color":"","overlay-opacity":"","overlay-gradient":""}},"ast-content-background-meta":{"desktop":{"background-color":"var(--ast-global-color-5)","background-image":"","background-repeat":"repeat","background-position":"center center","background-size":"auto","background-attachment":"scroll","background-type":"","background-media":"","overlay-type":"","overlay-color":"","overlay-opacity":"","overlay-gradient":""},"tablet":{"background-color":"var(--ast-global-color-5)","background-image":"","background-repeat":"repeat","background-position":"center center","background-size":"auto","background-attachment":"scroll","background-type":"","background-media":"","overlay-type":"","overlay-color":"","overlay-opacity":"","overlay-gradient":""},"mobile":{"background-color":"var(--ast-global-color-5)","background-image":"","background-repeat":"repeat","background-position":"center center","background-size":"auto","background-attachment":"scroll","background-type":"","background-media":"","overlay-type":"","overlay-color":"","overlay-opacity":"","overlay-gradient":""}}},"product_brand":[],"product_cat":[26],"product_tag":[],"class_list":{"0":"post-3298","1":"product","2":"type-product","3":"status-publish","4":"has-post-thumbnail","6":"product_cat-zeitgenossische-musik","7":"pa_artikelnummer-neos-10708","8":"pa_brand-neos-music","9":"pa_ean-838","10":"desktop-align-left","11":"tablet-align-left","12":"mobile-align-left","14":"first","15":"instock","16":"taxable","17":"shipping-taxable","18":"purchasable","19":"product-type-simple"},"yoast_head":"<!-- This site is optimized with the Yoast SEO plugin v27.3 - https:\/\/yoast.com\/product\/yoast-seo-wordpress\/ -->\n<title>Gy\u00f6rgy Kurt\u00e1g, J\u00f6rg Widmann: Botschaften des verstorbenen Fr\u00e4uleins R.V. Trussowa \/ ... umd\u00fcstert ... - NEOS Music<\/title>\n<meta name=\"robots\" content=\"index, follow, max-snippet:-1, max-image-preview:large, max-video-preview:-1\" \/>\n<link rel=\"canonical\" href=\"https:\/\/neos-music.com\/en_us\/product\/gyoergy-kurtag-joerg-widmann-botschaften-des-verstorbenen-fraeuleins-r-v-trussowa-umduestert\/\" \/>\n<meta property=\"og:locale\" content=\"en_US\" \/>\n<meta property=\"og:type\" content=\"article\" \/>\n<meta property=\"og:title\" content=\"Gy\u00f6rgy Kurt\u00e1g, J\u00f6rg Widmann: Botschaften des verstorbenen Fr\u00e4uleins R.V. Trussowa \/ ... umd\u00fcstert ... - NEOS Music\" \/>\n<meta property=\"og:description\" content=\"Infotext: Auf jeweils individuelle Art l\u00e4sst sich das Komponieren von\u00a0Gy\u00f6rgy Kurt\u00e1g\u00a0und\u00a0J\u00f6rg Widmann\u00a0als st\u00e4ndiger produktiver Dialog mit musikalischen Anregungen aus der Vergangenheit begreifen. In Kurt\u00e1gs Schaffen entspricht dem die gro\u00dfe Bandbreite der verwendeten Gestaltungmittel, die sich vom traditionellen Dreiklang \u00fcber kanonische Techniken bis hin zur Handhabung von Ger\u00e4uschtexturen erstreckt und ihre ideale Auspr\u00e4gung in der fragmenthaften [&hellip;]\" \/>\n<meta property=\"og:url\" content=\"https:\/\/neos-music.com\/en_us\/product\/gyoergy-kurtag-joerg-widmann-botschaften-des-verstorbenen-fraeuleins-r-v-trussowa-umduestert\/\" \/>\n<meta property=\"og:site_name\" content=\"NEOS Music\" \/>\n<meta property=\"article:modified_time\" content=\"2023-05-22T21:52:57+00:00\" \/>\n<meta property=\"og:image\" content=\"https:\/\/neos-music.com\/wp-content\/uploads\/2022\/11\/NEOS_10708_Botschaften_des_verstorbenen_Fr_RV_Trussowa.jpeg\" \/>\n\t<meta property=\"og:image:width\" content=\"1648\" \/>\n\t<meta property=\"og:image:height\" content=\"1482\" \/>\n\t<meta property=\"og:image:type\" content=\"image\/jpeg\" \/>\n<meta name=\"twitter:card\" content=\"summary_large_image\" \/>\n<meta name=\"twitter:label1\" content=\"Est. reading time\" \/>\n\t<meta name=\"twitter:data1\" content=\"5 minutes\" \/>\n<script type=\"application\/ld+json\" class=\"yoast-schema-graph\">{\"@context\":\"https:\\\/\\\/schema.org\",\"@graph\":[{\"@type\":\"WebPage\",\"@id\":\"https:\\\/\\\/neos-music.com\\\/product\\\/gyoergy-kurtag-joerg-widmann-botschaften-des-verstorbenen-fraeuleins-r-v-trussowa-umduestert\\\/\",\"url\":\"https:\\\/\\\/neos-music.com\\\/product\\\/gyoergy-kurtag-joerg-widmann-botschaften-des-verstorbenen-fraeuleins-r-v-trussowa-umduestert\\\/\",\"name\":\"Gy\u00f6rgy Kurt\u00e1g, J\u00f6rg Widmann: Botschaften des verstorbenen Fr\u00e4uleins R.V. Trussowa \\\/ ... umd\u00fcstert ... - NEOS Music\",\"isPartOf\":{\"@id\":\"https:\\\/\\\/neos-music.com\\\/#website\"},\"primaryImageOfPage\":{\"@id\":\"https:\\\/\\\/neos-music.com\\\/product\\\/gyoergy-kurtag-joerg-widmann-botschaften-des-verstorbenen-fraeuleins-r-v-trussowa-umduestert\\\/#primaryimage\"},\"image\":{\"@id\":\"https:\\\/\\\/neos-music.com\\\/product\\\/gyoergy-kurtag-joerg-widmann-botschaften-des-verstorbenen-fraeuleins-r-v-trussowa-umduestert\\\/#primaryimage\"},\"thumbnailUrl\":\"https:\\\/\\\/i0.wp.com\\\/neos-music.com\\\/wp-content\\\/uploads\\\/2022\\\/11\\\/NEOS_10708_Botschaften_des_verstorbenen_Fr_RV_Trussowa.jpeg?fit=1648%2C1482&ssl=1\",\"datePublished\":\"2007-05-15T16:03:24+00:00\",\"dateModified\":\"2023-05-22T21:52:57+00:00\",\"breadcrumb\":{\"@id\":\"https:\\\/\\\/neos-music.com\\\/product\\\/gyoergy-kurtag-joerg-widmann-botschaften-des-verstorbenen-fraeuleins-r-v-trussowa-umduestert\\\/#breadcrumb\"},\"inLanguage\":\"en-US\",\"potentialAction\":[{\"@type\":\"ReadAction\",\"target\":[\"https:\\\/\\\/neos-music.com\\\/product\\\/gyoergy-kurtag-joerg-widmann-botschaften-des-verstorbenen-fraeuleins-r-v-trussowa-umduestert\\\/\"]}]},{\"@type\":\"ImageObject\",\"inLanguage\":\"en-US\",\"@id\":\"https:\\\/\\\/neos-music.com\\\/product\\\/gyoergy-kurtag-joerg-widmann-botschaften-des-verstorbenen-fraeuleins-r-v-trussowa-umduestert\\\/#primaryimage\",\"url\":\"https:\\\/\\\/i0.wp.com\\\/neos-music.com\\\/wp-content\\\/uploads\\\/2022\\\/11\\\/NEOS_10708_Botschaften_des_verstorbenen_Fr_RV_Trussowa.jpeg?fit=1648%2C1482&ssl=1\",\"contentUrl\":\"https:\\\/\\\/i0.wp.com\\\/neos-music.com\\\/wp-content\\\/uploads\\\/2022\\\/11\\\/NEOS_10708_Botschaften_des_verstorbenen_Fr_RV_Trussowa.jpeg?fit=1648%2C1482&ssl=1\",\"width\":1648,\"height\":1482},{\"@type\":\"BreadcrumbList\",\"@id\":\"https:\\\/\\\/neos-music.com\\\/product\\\/gyoergy-kurtag-joerg-widmann-botschaften-des-verstorbenen-fraeuleins-r-v-trussowa-umduestert\\\/#breadcrumb\",\"itemListElement\":[{\"@type\":\"ListItem\",\"position\":1,\"name\":\"Startseite\",\"item\":\"https:\\\/\\\/neos-music.com\\\/\"},{\"@type\":\"ListItem\",\"position\":2,\"name\":\"Produkte\",\"item\":\"https:\\\/\\\/neos-music.com\\\/shop__trashed\\\/\"},{\"@type\":\"ListItem\",\"position\":3,\"name\":\"Gy\u00f6rgy Kurt\u00e1g, J\u00f6rg Widmann: Botschaften des verstorbenen Fr\u00e4uleins R.V. Trussowa \\\/ &#8230; umd\u00fcstert &#8230;\"}]},{\"@type\":\"WebSite\",\"@id\":\"https:\\\/\\\/neos-music.com\\\/#website\",\"url\":\"https:\\\/\\\/neos-music.com\\\/\",\"name\":\"NEOS Music\",\"description\":\"Dein Online Shop f\u00fcr zeitgen\u00f6ssische Musik, Jazz und Classics!\",\"publisher\":{\"@id\":\"https:\\\/\\\/neos-music.com\\\/#organization\"},\"potentialAction\":[{\"@type\":\"SearchAction\",\"target\":{\"@type\":\"EntryPoint\",\"urlTemplate\":\"https:\\\/\\\/neos-music.com\\\/?s={search_term_string}\"},\"query-input\":{\"@type\":\"PropertyValueSpecification\",\"valueRequired\":true,\"valueName\":\"search_term_string\"}}],\"inLanguage\":\"en-US\"},{\"@type\":\"Organization\",\"@id\":\"https:\\\/\\\/neos-music.com\\\/#organization\",\"name\":\"NEOS Music\",\"url\":\"https:\\\/\\\/neos-music.com\\\/\",\"logo\":{\"@type\":\"ImageObject\",\"inLanguage\":\"en-US\",\"@id\":\"https:\\\/\\\/neos-music.com\\\/#\\\/schema\\\/logo\\\/image\\\/\",\"url\":\"https:\\\/\\\/i0.wp.com\\\/neos-music.com\\\/wp-content\\\/uploads\\\/2025\\\/08\\\/NEOS-Logo-weiss.png?fit=800%2C203&ssl=1\",\"contentUrl\":\"https:\\\/\\\/i0.wp.com\\\/neos-music.com\\\/wp-content\\\/uploads\\\/2025\\\/08\\\/NEOS-Logo-weiss.png?fit=800%2C203&ssl=1\",\"width\":800,\"height\":203,\"caption\":\"NEOS Music\"},\"image\":{\"@id\":\"https:\\\/\\\/neos-music.com\\\/#\\\/schema\\\/logo\\\/image\\\/\"}}]}<\/script>\n<!-- \/ Yoast SEO plugin. -->","yoast_head_json":{"title":"Gy\u00f6rgy Kurt\u00e1g, J\u00f6rg Widmann: Botschaften des verstorbenen Fr\u00e4uleins R.V. Trussowa \/ ... umd\u00fcstert ... - NEOS Music","robots":{"index":"index","follow":"follow","max-snippet":"max-snippet:-1","max-image-preview":"max-image-preview:large","max-video-preview":"max-video-preview:-1"},"canonical":"https:\/\/neos-music.com\/en_us\/product\/gyoergy-kurtag-joerg-widmann-botschaften-des-verstorbenen-fraeuleins-r-v-trussowa-umduestert\/","og_locale":"en_US","og_type":"article","og_title":"Gy\u00f6rgy Kurt\u00e1g, J\u00f6rg Widmann: Botschaften des verstorbenen Fr\u00e4uleins R.V. Trussowa \/ ... umd\u00fcstert ... - NEOS Music","og_description":"Infotext: Auf jeweils individuelle Art l\u00e4sst sich das Komponieren von\u00a0Gy\u00f6rgy Kurt\u00e1g\u00a0und\u00a0J\u00f6rg Widmann\u00a0als st\u00e4ndiger produktiver Dialog mit musikalischen Anregungen aus der Vergangenheit begreifen. In Kurt\u00e1gs Schaffen entspricht dem die gro\u00dfe Bandbreite der verwendeten Gestaltungmittel, die sich vom traditionellen Dreiklang \u00fcber kanonische Techniken bis hin zur Handhabung von Ger\u00e4uschtexturen erstreckt und ihre ideale Auspr\u00e4gung in der fragmenthaften [&hellip;]","og_url":"https:\/\/neos-music.com\/en_us\/product\/gyoergy-kurtag-joerg-widmann-botschaften-des-verstorbenen-fraeuleins-r-v-trussowa-umduestert\/","og_site_name":"NEOS Music","article_modified_time":"2023-05-22T21:52:57+00:00","og_image":[{"width":1648,"height":1482,"url":"https:\/\/neos-music.com\/wp-content\/uploads\/2022\/11\/NEOS_10708_Botschaften_des_verstorbenen_Fr_RV_Trussowa.jpeg","type":"image\/jpeg"}],"twitter_card":"summary_large_image","twitter_misc":{"Est. reading time":"5 minutes"},"schema":{"@context":"https:\/\/schema.org","@graph":[{"@type":"WebPage","@id":"https:\/\/neos-music.com\/product\/gyoergy-kurtag-joerg-widmann-botschaften-des-verstorbenen-fraeuleins-r-v-trussowa-umduestert\/","url":"https:\/\/neos-music.com\/product\/gyoergy-kurtag-joerg-widmann-botschaften-des-verstorbenen-fraeuleins-r-v-trussowa-umduestert\/","name":"Gy\u00f6rgy Kurt\u00e1g, J\u00f6rg Widmann: Botschaften des verstorbenen Fr\u00e4uleins R.V. Trussowa \/ ... umd\u00fcstert ... - NEOS Music","isPartOf":{"@id":"https:\/\/neos-music.com\/#website"},"primaryImageOfPage":{"@id":"https:\/\/neos-music.com\/product\/gyoergy-kurtag-joerg-widmann-botschaften-des-verstorbenen-fraeuleins-r-v-trussowa-umduestert\/#primaryimage"},"image":{"@id":"https:\/\/neos-music.com\/product\/gyoergy-kurtag-joerg-widmann-botschaften-des-verstorbenen-fraeuleins-r-v-trussowa-umduestert\/#primaryimage"},"thumbnailUrl":"https:\/\/i0.wp.com\/neos-music.com\/wp-content\/uploads\/2022\/11\/NEOS_10708_Botschaften_des_verstorbenen_Fr_RV_Trussowa.jpeg?fit=1648%2C1482&ssl=1","datePublished":"2007-05-15T16:03:24+00:00","dateModified":"2023-05-22T21:52:57+00:00","breadcrumb":{"@id":"https:\/\/neos-music.com\/product\/gyoergy-kurtag-joerg-widmann-botschaften-des-verstorbenen-fraeuleins-r-v-trussowa-umduestert\/#breadcrumb"},"inLanguage":"en-US","potentialAction":[{"@type":"ReadAction","target":["https:\/\/neos-music.com\/product\/gyoergy-kurtag-joerg-widmann-botschaften-des-verstorbenen-fraeuleins-r-v-trussowa-umduestert\/"]}]},{"@type":"ImageObject","inLanguage":"en-US","@id":"https:\/\/neos-music.com\/product\/gyoergy-kurtag-joerg-widmann-botschaften-des-verstorbenen-fraeuleins-r-v-trussowa-umduestert\/#primaryimage","url":"https:\/\/i0.wp.com\/neos-music.com\/wp-content\/uploads\/2022\/11\/NEOS_10708_Botschaften_des_verstorbenen_Fr_RV_Trussowa.jpeg?fit=1648%2C1482&ssl=1","contentUrl":"https:\/\/i0.wp.com\/neos-music.com\/wp-content\/uploads\/2022\/11\/NEOS_10708_Botschaften_des_verstorbenen_Fr_RV_Trussowa.jpeg?fit=1648%2C1482&ssl=1","width":1648,"height":1482},{"@type":"BreadcrumbList","@id":"https:\/\/neos-music.com\/product\/gyoergy-kurtag-joerg-widmann-botschaften-des-verstorbenen-fraeuleins-r-v-trussowa-umduestert\/#breadcrumb","itemListElement":[{"@type":"ListItem","position":1,"name":"Startseite","item":"https:\/\/neos-music.com\/"},{"@type":"ListItem","position":2,"name":"Produkte","item":"https:\/\/neos-music.com\/shop__trashed\/"},{"@type":"ListItem","position":3,"name":"Gy\u00f6rgy Kurt\u00e1g, J\u00f6rg Widmann: Botschaften des verstorbenen Fr\u00e4uleins R.V. Trussowa \/ &#8230; umd\u00fcstert &#8230;"}]},{"@type":"WebSite","@id":"https:\/\/neos-music.com\/#website","url":"https:\/\/neos-music.com\/","name":"NEOS Music","description":"Dein Online Shop f\u00fcr zeitgen\u00f6ssische Musik, Jazz und Classics!","publisher":{"@id":"https:\/\/neos-music.com\/#organization"},"potentialAction":[{"@type":"SearchAction","target":{"@type":"EntryPoint","urlTemplate":"https:\/\/neos-music.com\/?s={search_term_string}"},"query-input":{"@type":"PropertyValueSpecification","valueRequired":true,"valueName":"search_term_string"}}],"inLanguage":"en-US"},{"@type":"Organization","@id":"https:\/\/neos-music.com\/#organization","name":"NEOS Music","url":"https:\/\/neos-music.com\/","logo":{"@type":"ImageObject","inLanguage":"en-US","@id":"https:\/\/neos-music.com\/#\/schema\/logo\/image\/","url":"https:\/\/i0.wp.com\/neos-music.com\/wp-content\/uploads\/2025\/08\/NEOS-Logo-weiss.png?fit=800%2C203&ssl=1","contentUrl":"https:\/\/i0.wp.com\/neos-music.com\/wp-content\/uploads\/2025\/08\/NEOS-Logo-weiss.png?fit=800%2C203&ssl=1","width":800,"height":203,"caption":"NEOS Music"},"image":{"@id":"https:\/\/neos-music.com\/#\/schema\/logo\/image\/"}}]}},"jetpack_sharing_enabled":true,"_links":{"self":[{"href":"https:\/\/neos-music.com\/en_us\/wp-json\/wp\/v2\/product\/3298","targetHints":{"allow":["GET"]}}],"collection":[{"href":"https:\/\/neos-music.com\/en_us\/wp-json\/wp\/v2\/product"}],"about":[{"href":"https:\/\/neos-music.com\/en_us\/wp-json\/wp\/v2\/types\/product"}],"version-history":[{"count":0,"href":"https:\/\/neos-music.com\/en_us\/wp-json\/wp\/v2\/product\/3298\/revisions"}],"wp:featuredmedia":[{"embeddable":true,"href":"https:\/\/neos-music.com\/en_us\/wp-json\/wp\/v2\/media\/3299"}],"wp:attachment":[{"href":"https:\/\/neos-music.com\/en_us\/wp-json\/wp\/v2\/media?parent=3298"}],"wp:term":[{"taxonomy":"product_brand","embeddable":true,"href":"https:\/\/neos-music.com\/en_us\/wp-json\/wp\/v2\/product_brand?post=3298"},{"taxonomy":"product_cat","embeddable":true,"href":"https:\/\/neos-music.com\/en_us\/wp-json\/wp\/v2\/product_cat?post=3298"},{"taxonomy":"product_tag","embeddable":true,"href":"https:\/\/neos-music.com\/en_us\/wp-json\/wp\/v2\/product_tag?post=3298"}],"curies":[{"name":"wp","href":"https:\/\/api.w.org\/{rel}","templated":true}]}}