{"id":3300,"date":"2007-05-14T16:06:01","date_gmt":"2007-05-14T16:06:01","guid":{"rendered":"https:\/\/neos-music.com\/?post_type=product&#038;p=3300"},"modified":"2023-05-22T23:24:46","modified_gmt":"2023-05-22T23:24:46","slug":"minas-borboudakis-piano-works","status":"publish","type":"product","link":"https:\/\/neos-music.com\/en_us\/product\/minas-borboudakis-piano-works\/","title":{"rendered":"Minas Borboudakis: Piano Works"},"content":{"rendered":"<p>Infotext:<\/p>\n<p><b>Borboudakis:<\/b>\u00a0Ich sehe mich noch immer in einer Tradition von Klaviermusik, ohne mich mit Chopin oder Schumann vergleichen zu wollen. F\u00fcr mich pers\u00f6nlich ist der Blick zur\u00fcck auf die Musikgeschichte sehr wichtig, aber ich suche dabei nicht nach interpretatorischen oder kompositorischen Dogmen.<\/p>\n<p>Ich brauche das Klavier sehr stark als Komponist \u2013 nicht um etwas auszuprobieren, sondern als B\u00fchne, als spielender Komponist. Es geht mir vor allem darum, eine gelungene Proportion zwischen Fingerfertigkeit im Sinne technischer Perfektion und intellektuellem \u00dcberbau zu finden. Dar\u00fcber hinaus bin ich begeistert vom athletischen Aspekt der Virtuosit\u00e4t.<\/p>\n<p>Einen Bogen zur Tradition im weitesten Sinne schl\u00e4gt \u201eKatharsis\u201d, eine Konfrontation von Gegenwelten und starken Konflikten, die sich an Dantes \u201eG\u00f6ttlicher Kom\u00f6die\u201d orientiert \u2013 ebenso an der Klanggestik von Franz Liszt: deutlich h\u00f6rbar in den h\u00e4mmernden Es-Dur-Schlussakkorden. Die elektronischen St\u00fccke reflektieren weniger die Klavierst\u00fccke, auch wenn sich Erinnerungen nicht vermeiden lassen. Aber mit dem Computer kann ich mehr M\u00f6glichkeiten realisieren \u2013 das war f\u00fcr mich der Reiz, Sounds aufzunehmen, in x-beliebiger Geschwindigkeit explodieren zu lassen und schlie\u00dflich in Extreme zu treiben.<\/p>\n<p>Programm:<\/p>\n<p>[01] 01:24\u00a0<b>Metal Mechanics I<\/b>\u00a0(2006)*<br \/>\n<span id=\"flash1\"><\/span><\/p>\n<p>[02] 13:17\u00a0<b>Zykloiden I<\/b>\u00a0(2006) im Auftrag des Deutschlandfunk<br \/>\n<small>senza misura [1] \u2219 elastico [1] \u2219 intermezzo [1] \u2219 funky bass [1] \u2219 dizzy chords [1] \u2219 dizzy chords [2] \u2219 funky bass [2] \u2219 intermezzo [2] fluido \u2219 elastico [2] \u2219 senza misura [2] \u2219 senza misura [3] \u2219 elastico [3] \u2219 intermezzo [3] fluido \u2219 vertical [funky bass 3] \u2219 dizzy chords [3\/4] \u2219 vertical [funky bass 4] \u2219 intermezzo [4]\/elastico [4] \u2219 senza misura [4]<br \/>\n<\/small><small><span id=\"flash2\"><\/span><\/small><\/p>\n<p><small><\/small>[03] 02:34\u00a0<b>Metal Mechanics II<\/b>\u00a0(2006)*<br \/>\n<span id=\"flash3\"><\/span><\/p>\n<p>[04] 07:34\u00a0<b>Palindromia<\/b>\u00a0(2004)<br \/>\n<span id=\"flash4\"><\/span><\/p>\n<p>[05] 02:32\u00a0<b>Metal Mechanics III<\/b>\u00a0(2006)*<br \/>\n<span id=\"flash5\"><\/span><\/p>\n<p><b>Sechs Gedanken<\/b>\u00a0(2002\/2003)<br \/>\n<span id=\"flash6\"><\/span><br \/>\n[06] 02:45 hommage \u00e0 p.m. hamel<br \/>\n[07] 00:52 random permutations I<br \/>\n[08] 00:40 vielleicht \u2026<br \/>\n[09] 00:59 blau (dunkel wie der anfang der nacht)<br \/>\n[10] 00:47 random permutations II<br \/>\n[11] 01:57 allegorie<\/p>\n<p>[12] 04:40\u00a0<b>Metal Mechanics IV<\/b>\u00a0(2006*<br \/>\n[13] 05:49\u00a0<b>Katharsis<\/b>\u00a0(2002)<br \/>\n<span id=\"flash7\"><\/span><br \/>\n[14] 02:20\u00a0<b>Metal Mechanics V<\/b>\u00a0(2006)*<\/p>\n<p>[15] 12:43\u00a0<b>1945. Nachkl\u00e4nge der Vergangenheit<\/b>\u00a0(1995)<br \/>\nsonnenaufgang, unruhe, elegie<br \/>\n<span id=\"flash8\"><\/span><\/p>\n<p>[16] 01:22\u00a0<b>Metal Mechanics I<\/b>\u00a0(2006)*<\/p>\n<p><b>gesamt: 62:17<\/b><\/p>\n<p>* electronic intermezzo<\/p>\n<p><a class=\"arcoma_glossarylink\" href=\"https:\/\/neos-music.com\/output.php?content=Kuenstler\/Minas_Borboudakis.php&amp;treplace=english%2Cgerman\" target=\"_self\" rel=\"noopener\">Minas Borboudakis<\/a>, Piano und Tonband<\/p>\n<p>Pressestimmen:<\/p>\n<p><b><img data-recalc-dims=\"1\" decoding=\"async\" src=\"https:\/\/i0.wp.com\/neos-music.com\/wp-content\/uploads\/2023\/05\/NeueZeitschriftMusik.gif?ssl=1\" alt=\"\" \/><br \/>\n09-10\/07<\/b><\/p>\n<p><b><img data-recalc-dims=\"1\" decoding=\"async\" src=\"https:\/\/i0.wp.com\/neos-music.com\/wp-content\/uploads\/2023\/05\/10701_NZfM_09u1007.jpg?ssl=1\" alt=\"\" \/><\/b><\/p>\n<p><b><img data-recalc-dims=\"1\" decoding=\"async\" src=\"https:\/\/i0.wp.com\/neos-music.com\/wp-content\/uploads\/2023\/05\/logo_wiwo.de_.jpg?ssl=1\" alt=\"\" \/><br \/>\n<\/b>06.08.2007<\/p>\n<p><img data-recalc-dims=\"1\" decoding=\"async\" src=\"https:\/\/i0.wp.com\/neos-music.com\/wp-content\/uploads\/2023\/05\/10701_Borboudakis_wiwo.jpg?ssl=1\" alt=\"\" \/><\/p>\n<p><img data-recalc-dims=\"1\" decoding=\"async\" src=\"https:\/\/i0.wp.com\/neos-music.com\/wp-content\/uploads\/2023\/05\/logo_FonoForum.gif?ssl=1\" alt=\"\" \/><br \/>\n08\/2007<\/p>\n<p><img data-recalc-dims=\"1\" decoding=\"async\" src=\"https:\/\/i0.wp.com\/neos-music.com\/wp-content\/uploads\/2023\/05\/10701_Borboudak_FF_08_07.jpg?ssl=1\" alt=\"\" \/><\/p>\n<p><img data-recalc-dims=\"1\" decoding=\"async\" src=\"https:\/\/i0.wp.com\/neos-music.com\/wp-content\/uploads\/2023\/05\/logo_Applaus_Kultur_Magazin.jpg?ssl=1\" alt=\"\" \/><br \/>\n07-08\/2007<\/p>\n<p><img data-recalc-dims=\"1\" decoding=\"async\" src=\"https:\/\/i0.wp.com\/neos-music.com\/wp-content\/uploads\/2023\/05\/10701_Borboudakis_applaus.jpg?ssl=1\" alt=\"\" \/><br \/>\n<b><br \/>\n<\/b><b>Classical Music 6\/2008<\/b><\/p>\n<p><img data-recalc-dims=\"1\" decoding=\"async\" src=\"https:\/\/i0.wp.com\/neos-music.com\/wp-content\/uploads\/2023\/05\/10701_ClassMusic_0608.jpg?ssl=1\" alt=\"\" \/><\/p>\n","protected":false},"excerpt":{"rendered":"<p>Infotext: Borboudakis:\u00a0Ich sehe mich noch immer in einer Tradition von Klaviermusik, ohne mich mit Chopin oder Schumann vergleichen zu wollen. F\u00fcr mich pers\u00f6nlich ist der Blick zur\u00fcck auf die Musikgeschichte sehr wichtig, aber ich suche dabei nicht nach interpretatorischen oder kompositorischen Dogmen. Ich brauche das Klavier sehr stark als Komponist \u2013 nicht um etwas auszuprobieren, [&hellip;]<\/p>\n","protected":false},"featured_media":3301,"template":"","meta":{"site-sidebar-layout":"default","site-content-layout":"default","ast-site-content-layout":"default","site-content-style":"default","site-sidebar-style":"default","ast-global-header-display":"","ast-banner-title-visibility":"","ast-main-header-display":"","ast-hfb-above-header-display":"","ast-hfb-below-header-display":"","ast-hfb-mobile-header-display":"","site-post-title":"","ast-breadcrumbs-content":"","ast-featured-img":"","footer-sml-layout":"","theme-transparent-header-meta":"default","adv-header-id-meta":"","stick-header-meta":"","header-above-stick-meta":"","header-main-stick-meta":"","header-below-stick-meta":"","astra-migrate-meta-layouts":"default","ast-page-background-enabled":"default","ast-page-background-meta":{"desktop":{"background-color":"","background-image":"","background-repeat":"repeat","background-position":"center center","background-size":"auto","background-attachment":"scroll","background-type":"","background-media":"","overlay-type":"","overlay-color":"","overlay-opacity":"","overlay-gradient":""},"tablet":{"background-color":"","background-image":"","background-repeat":"repeat","background-position":"center center","background-size":"auto","background-attachment":"scroll","background-type":"","background-media":"","overlay-type":"","overlay-color":"","overlay-opacity":"","overlay-gradient":""},"mobile":{"background-color":"","background-image":"","background-repeat":"repeat","background-position":"center center","background-size":"auto","background-attachment":"scroll","background-type":"","background-media":"","overlay-type":"","overlay-color":"","overlay-opacity":"","overlay-gradient":""}},"ast-content-background-meta":{"desktop":{"background-color":"var(--ast-global-color-5)","background-image":"","background-repeat":"repeat","background-position":"center center","background-size":"auto","background-attachment":"scroll","background-type":"","background-media":"","overlay-type":"","overlay-color":"","overlay-opacity":"","overlay-gradient":""},"tablet":{"background-color":"var(--ast-global-color-5)","background-image":"","background-repeat":"repeat","background-position":"center center","background-size":"auto","background-attachment":"scroll","background-type":"","background-media":"","overlay-type":"","overlay-color":"","overlay-opacity":"","overlay-gradient":""},"mobile":{"background-color":"var(--ast-global-color-5)","background-image":"","background-repeat":"repeat","background-position":"center center","background-size":"auto","background-attachment":"scroll","background-type":"","background-media":"","overlay-type":"","overlay-color":"","overlay-opacity":"","overlay-gradient":""}}},"product_brand":[],"product_cat":[882,26],"product_tag":[],"class_list":{"0":"post-3300","1":"product","2":"type-product","3":"status-publish","4":"has-post-thumbnail","6":"product_cat-klavier","7":"product_cat-zeitgenossische-musik","8":"pa_artikelnummer-neos-10701","9":"pa_brand-neos-music","10":"pa_ean-840","11":"desktop-align-left","12":"tablet-align-left","13":"mobile-align-left","15":"first","16":"instock","17":"taxable","18":"shipping-taxable","19":"purchasable","20":"product-type-simple"},"yoast_head":"<!-- This site is optimized with the Yoast SEO plugin v27.4 - https:\/\/yoast.com\/product\/yoast-seo-wordpress\/ -->\n<title>Minas Borboudakis: Piano Works - NEOS Music<\/title>\n<meta name=\"robots\" content=\"index, follow, max-snippet:-1, max-image-preview:large, max-video-preview:-1\" \/>\n<link rel=\"canonical\" href=\"https:\/\/neos-music.com\/en_us\/product\/minas-borboudakis-piano-works\/\" \/>\n<meta property=\"og:locale\" content=\"en_US\" \/>\n<meta property=\"og:type\" content=\"article\" \/>\n<meta property=\"og:title\" content=\"Minas Borboudakis: Piano Works - NEOS Music\" \/>\n<meta property=\"og:description\" content=\"Infotext: Borboudakis:\u00a0Ich sehe mich noch immer in einer Tradition von Klaviermusik, ohne mich mit Chopin oder Schumann vergleichen zu wollen. F\u00fcr mich pers\u00f6nlich ist der Blick zur\u00fcck auf die Musikgeschichte sehr wichtig, aber ich suche dabei nicht nach interpretatorischen oder kompositorischen Dogmen. Ich brauche das Klavier sehr stark als Komponist \u2013 nicht um etwas auszuprobieren, [&hellip;]\" \/>\n<meta property=\"og:url\" content=\"https:\/\/neos-music.com\/en_us\/product\/minas-borboudakis-piano-works\/\" \/>\n<meta property=\"og:site_name\" content=\"NEOS Music\" \/>\n<meta property=\"article:modified_time\" content=\"2023-05-22T23:24:46+00:00\" \/>\n<meta property=\"og:image\" content=\"https:\/\/neos-music.com\/wp-content\/uploads\/2022\/11\/NEOS_10701_Minas_Borboudakis_Piano_Works.jpeg\" \/>\n\t<meta property=\"og:image:width\" content=\"1648\" \/>\n\t<meta property=\"og:image:height\" content=\"1482\" \/>\n\t<meta property=\"og:image:type\" content=\"image\/jpeg\" \/>\n<meta name=\"twitter:card\" content=\"summary_large_image\" \/>\n<meta name=\"twitter:label1\" content=\"Est. reading time\" \/>\n\t<meta name=\"twitter:data1\" content=\"4 minutes\" \/>\n<script type=\"application\/ld+json\" class=\"yoast-schema-graph\">{\"@context\":\"https:\\\/\\\/schema.org\",\"@graph\":[{\"@type\":\"WebPage\",\"@id\":\"https:\\\/\\\/neos-music.com\\\/product\\\/minas-borboudakis-piano-works\\\/\",\"url\":\"https:\\\/\\\/neos-music.com\\\/product\\\/minas-borboudakis-piano-works\\\/\",\"name\":\"Minas Borboudakis: Piano Works - NEOS Music\",\"isPartOf\":{\"@id\":\"https:\\\/\\\/neos-music.com\\\/#website\"},\"primaryImageOfPage\":{\"@id\":\"https:\\\/\\\/neos-music.com\\\/product\\\/minas-borboudakis-piano-works\\\/#primaryimage\"},\"image\":{\"@id\":\"https:\\\/\\\/neos-music.com\\\/product\\\/minas-borboudakis-piano-works\\\/#primaryimage\"},\"thumbnailUrl\":\"https:\\\/\\\/i0.wp.com\\\/neos-music.com\\\/wp-content\\\/uploads\\\/2022\\\/11\\\/NEOS_10701_Minas_Borboudakis_Piano_Works.jpeg?fit=1648%2C1482&ssl=1\",\"datePublished\":\"2007-05-14T16:06:01+00:00\",\"dateModified\":\"2023-05-22T23:24:46+00:00\",\"breadcrumb\":{\"@id\":\"https:\\\/\\\/neos-music.com\\\/product\\\/minas-borboudakis-piano-works\\\/#breadcrumb\"},\"inLanguage\":\"en-US\",\"potentialAction\":[{\"@type\":\"ReadAction\",\"target\":[\"https:\\\/\\\/neos-music.com\\\/product\\\/minas-borboudakis-piano-works\\\/\"]}]},{\"@type\":\"ImageObject\",\"inLanguage\":\"en-US\",\"@id\":\"https:\\\/\\\/neos-music.com\\\/product\\\/minas-borboudakis-piano-works\\\/#primaryimage\",\"url\":\"https:\\\/\\\/i0.wp.com\\\/neos-music.com\\\/wp-content\\\/uploads\\\/2022\\\/11\\\/NEOS_10701_Minas_Borboudakis_Piano_Works.jpeg?fit=1648%2C1482&ssl=1\",\"contentUrl\":\"https:\\\/\\\/i0.wp.com\\\/neos-music.com\\\/wp-content\\\/uploads\\\/2022\\\/11\\\/NEOS_10701_Minas_Borboudakis_Piano_Works.jpeg?fit=1648%2C1482&ssl=1\",\"width\":1648,\"height\":1482},{\"@type\":\"BreadcrumbList\",\"@id\":\"https:\\\/\\\/neos-music.com\\\/product\\\/minas-borboudakis-piano-works\\\/#breadcrumb\",\"itemListElement\":[{\"@type\":\"ListItem\",\"position\":1,\"name\":\"Startseite\",\"item\":\"https:\\\/\\\/neos-music.com\\\/\"},{\"@type\":\"ListItem\",\"position\":2,\"name\":\"Produkte\",\"item\":\"https:\\\/\\\/neos-music.com\\\/shop__trashed\\\/\"},{\"@type\":\"ListItem\",\"position\":3,\"name\":\"Minas Borboudakis: Piano Works\"}]},{\"@type\":\"WebSite\",\"@id\":\"https:\\\/\\\/neos-music.com\\\/#website\",\"url\":\"https:\\\/\\\/neos-music.com\\\/\",\"name\":\"NEOS Music\",\"description\":\"Dein Online Shop f\u00fcr zeitgen\u00f6ssische Musik, Jazz und Classics!\",\"publisher\":{\"@id\":\"https:\\\/\\\/neos-music.com\\\/#organization\"},\"potentialAction\":[{\"@type\":\"SearchAction\",\"target\":{\"@type\":\"EntryPoint\",\"urlTemplate\":\"https:\\\/\\\/neos-music.com\\\/?s={search_term_string}\"},\"query-input\":{\"@type\":\"PropertyValueSpecification\",\"valueRequired\":true,\"valueName\":\"search_term_string\"}}],\"inLanguage\":\"en-US\"},{\"@type\":\"Organization\",\"@id\":\"https:\\\/\\\/neos-music.com\\\/#organization\",\"name\":\"NEOS Music\",\"url\":\"https:\\\/\\\/neos-music.com\\\/\",\"logo\":{\"@type\":\"ImageObject\",\"inLanguage\":\"en-US\",\"@id\":\"https:\\\/\\\/neos-music.com\\\/#\\\/schema\\\/logo\\\/image\\\/\",\"url\":\"https:\\\/\\\/i0.wp.com\\\/neos-music.com\\\/wp-content\\\/uploads\\\/2025\\\/08\\\/NEOS-Logo-weiss.png?fit=800%2C203&ssl=1\",\"contentUrl\":\"https:\\\/\\\/i0.wp.com\\\/neos-music.com\\\/wp-content\\\/uploads\\\/2025\\\/08\\\/NEOS-Logo-weiss.png?fit=800%2C203&ssl=1\",\"width\":800,\"height\":203,\"caption\":\"NEOS Music\"},\"image\":{\"@id\":\"https:\\\/\\\/neos-music.com\\\/#\\\/schema\\\/logo\\\/image\\\/\"}}]}<\/script>\n<!-- \/ Yoast SEO plugin. -->","yoast_head_json":{"title":"Minas Borboudakis: Piano Works - NEOS Music","robots":{"index":"index","follow":"follow","max-snippet":"max-snippet:-1","max-image-preview":"max-image-preview:large","max-video-preview":"max-video-preview:-1"},"canonical":"https:\/\/neos-music.com\/en_us\/product\/minas-borboudakis-piano-works\/","og_locale":"en_US","og_type":"article","og_title":"Minas Borboudakis: Piano Works - NEOS Music","og_description":"Infotext: Borboudakis:\u00a0Ich sehe mich noch immer in einer Tradition von Klaviermusik, ohne mich mit Chopin oder Schumann vergleichen zu wollen. F\u00fcr mich pers\u00f6nlich ist der Blick zur\u00fcck auf die Musikgeschichte sehr wichtig, aber ich suche dabei nicht nach interpretatorischen oder kompositorischen Dogmen. Ich brauche das Klavier sehr stark als Komponist \u2013 nicht um etwas auszuprobieren, [&hellip;]","og_url":"https:\/\/neos-music.com\/en_us\/product\/minas-borboudakis-piano-works\/","og_site_name":"NEOS Music","article_modified_time":"2023-05-22T23:24:46+00:00","og_image":[{"width":1648,"height":1482,"url":"https:\/\/neos-music.com\/wp-content\/uploads\/2022\/11\/NEOS_10701_Minas_Borboudakis_Piano_Works.jpeg","type":"image\/jpeg"}],"twitter_card":"summary_large_image","twitter_misc":{"Est. reading time":"4 minutes"},"schema":{"@context":"https:\/\/schema.org","@graph":[{"@type":"WebPage","@id":"https:\/\/neos-music.com\/product\/minas-borboudakis-piano-works\/","url":"https:\/\/neos-music.com\/product\/minas-borboudakis-piano-works\/","name":"Minas Borboudakis: Piano Works - NEOS Music","isPartOf":{"@id":"https:\/\/neos-music.com\/#website"},"primaryImageOfPage":{"@id":"https:\/\/neos-music.com\/product\/minas-borboudakis-piano-works\/#primaryimage"},"image":{"@id":"https:\/\/neos-music.com\/product\/minas-borboudakis-piano-works\/#primaryimage"},"thumbnailUrl":"https:\/\/i0.wp.com\/neos-music.com\/wp-content\/uploads\/2022\/11\/NEOS_10701_Minas_Borboudakis_Piano_Works.jpeg?fit=1648%2C1482&ssl=1","datePublished":"2007-05-14T16:06:01+00:00","dateModified":"2023-05-22T23:24:46+00:00","breadcrumb":{"@id":"https:\/\/neos-music.com\/product\/minas-borboudakis-piano-works\/#breadcrumb"},"inLanguage":"en-US","potentialAction":[{"@type":"ReadAction","target":["https:\/\/neos-music.com\/product\/minas-borboudakis-piano-works\/"]}]},{"@type":"ImageObject","inLanguage":"en-US","@id":"https:\/\/neos-music.com\/product\/minas-borboudakis-piano-works\/#primaryimage","url":"https:\/\/i0.wp.com\/neos-music.com\/wp-content\/uploads\/2022\/11\/NEOS_10701_Minas_Borboudakis_Piano_Works.jpeg?fit=1648%2C1482&ssl=1","contentUrl":"https:\/\/i0.wp.com\/neos-music.com\/wp-content\/uploads\/2022\/11\/NEOS_10701_Minas_Borboudakis_Piano_Works.jpeg?fit=1648%2C1482&ssl=1","width":1648,"height":1482},{"@type":"BreadcrumbList","@id":"https:\/\/neos-music.com\/product\/minas-borboudakis-piano-works\/#breadcrumb","itemListElement":[{"@type":"ListItem","position":1,"name":"Startseite","item":"https:\/\/neos-music.com\/"},{"@type":"ListItem","position":2,"name":"Produkte","item":"https:\/\/neos-music.com\/shop__trashed\/"},{"@type":"ListItem","position":3,"name":"Minas Borboudakis: Piano Works"}]},{"@type":"WebSite","@id":"https:\/\/neos-music.com\/#website","url":"https:\/\/neos-music.com\/","name":"NEOS Music","description":"Dein Online Shop f\u00fcr zeitgen\u00f6ssische Musik, Jazz und Classics!","publisher":{"@id":"https:\/\/neos-music.com\/#organization"},"potentialAction":[{"@type":"SearchAction","target":{"@type":"EntryPoint","urlTemplate":"https:\/\/neos-music.com\/?s={search_term_string}"},"query-input":{"@type":"PropertyValueSpecification","valueRequired":true,"valueName":"search_term_string"}}],"inLanguage":"en-US"},{"@type":"Organization","@id":"https:\/\/neos-music.com\/#organization","name":"NEOS Music","url":"https:\/\/neos-music.com\/","logo":{"@type":"ImageObject","inLanguage":"en-US","@id":"https:\/\/neos-music.com\/#\/schema\/logo\/image\/","url":"https:\/\/i0.wp.com\/neos-music.com\/wp-content\/uploads\/2025\/08\/NEOS-Logo-weiss.png?fit=800%2C203&ssl=1","contentUrl":"https:\/\/i0.wp.com\/neos-music.com\/wp-content\/uploads\/2025\/08\/NEOS-Logo-weiss.png?fit=800%2C203&ssl=1","width":800,"height":203,"caption":"NEOS Music"},"image":{"@id":"https:\/\/neos-music.com\/#\/schema\/logo\/image\/"}}]}},"jetpack_sharing_enabled":true,"_links":{"self":[{"href":"https:\/\/neos-music.com\/en_us\/wp-json\/wp\/v2\/product\/3300","targetHints":{"allow":["GET"]}}],"collection":[{"href":"https:\/\/neos-music.com\/en_us\/wp-json\/wp\/v2\/product"}],"about":[{"href":"https:\/\/neos-music.com\/en_us\/wp-json\/wp\/v2\/types\/product"}],"version-history":[{"count":0,"href":"https:\/\/neos-music.com\/en_us\/wp-json\/wp\/v2\/product\/3300\/revisions"}],"wp:featuredmedia":[{"embeddable":true,"href":"https:\/\/neos-music.com\/en_us\/wp-json\/wp\/v2\/media\/3301"}],"wp:attachment":[{"href":"https:\/\/neos-music.com\/en_us\/wp-json\/wp\/v2\/media?parent=3300"}],"wp:term":[{"taxonomy":"product_brand","embeddable":true,"href":"https:\/\/neos-music.com\/en_us\/wp-json\/wp\/v2\/product_brand?post=3300"},{"taxonomy":"product_cat","embeddable":true,"href":"https:\/\/neos-music.com\/en_us\/wp-json\/wp\/v2\/product_cat?post=3300"},{"taxonomy":"product_tag","embeddable":true,"href":"https:\/\/neos-music.com\/en_us\/wp-json\/wp\/v2\/product_tag?post=3300"}],"curies":[{"name":"wp","href":"https:\/\/api.w.org\/{rel}","templated":true}]}}