{"id":4236,"date":"2022-12-16T11:00:57","date_gmt":"2022-12-16T11:00:57","guid":{"rendered":"https:\/\/neos-music.com\/?post_type=product&#038;p=4236"},"modified":"2023-03-05T10:52:52","modified_gmt":"2023-03-05T10:52:52","slug":"ernst-helmuth-flammer-electroacoustic-works","status":"publish","type":"product","link":"https:\/\/neos-music.com\/en_us\/product\/ernst-helmuth-flammer-electroacoustic-works\/","title":{"rendered":"Ernst Helmuth Flammer: Electroacoustic Works"},"content":{"rendered":"<p>Infotext:<\/p>\n<p>Wenn Ernst Helmuth Flammer in seinen Werken Elektronik einsetzt, legt er gro\u00dfen Wert darauf, als klangliches Ausgangsmaterial von Musikern eingespieltes Material zu verwenden. Das Ergebnis dieses Verzichts auf synthetisch generierte Kl\u00e4nge nennt er \u00bbatmende Elektronik\u00ab. Die meisten der Werke w\u00e4ren auch live-elektronisch umsetzbar, was bei manchen auch geschehen ist. Jedoch sch\u00e4tzt Flammer die Arbeit im Studio, da sie ihm als Komponisten letztlich mehr Kontrolle \u00fcber das klangliche Ergebnis bietet, weshalb f\u00fcr Wiederauff\u00fchrungen sowie f\u00fcr die Aufnahmen auf den Einsatz von Live-Elektonik verzichtet wurde.<\/p>\n<p>So finden sich hier drei Werke f\u00fcr Solo-Instrument mit Zuspielung, alle in den 1990er-Jahren entstanden, zwei davon f\u00fcr den Bratscher Marurizio Barbetti: nach vorn II \u2026 und diskursiv \u2013 mit dr\u00e4ngender Entgegnung, wobei letzteres auch ausschlie\u00dflich Viola-Kl\u00e4nge als Ausgangsmaterial f\u00fcr die Elektronik verwendet.<\/p>\n<p>Panoptikum \u2013 ein Klangmobil f\u00fcr Sopransaxophon und 4-Kanal-Tonband war urspr\u00fcnglich als Performance bei den Salzburger Festspielen konzipiert; die Studio- bzw. Konzertversion entstand sp\u00e4ter und wurde von Simone Ehinger f\u00fcr die vorliegende Edition eigens eingespielt.<\/p>\n<p>Programm:<\/p>\n<p>[01] nach vorn II \u2026 f\u00fcr Viola und Tonband (1998\/99) 25:06<\/p>\n<p>Maurizio Barbetti, viola<\/p>\n<p>[02] \u2026 diskursiv \u2013 mit dr\u00e4ngender Entgegnung f\u00fcr Tonband auf der Basis von Viola-Kl\u00e4ngen(1999) 13:57<\/p>\n<p>Maurizio Barbetti, viola<\/p>\n<p>[03] Panoptikum \u2013 ein Klangmobil f\u00fcr Sopransaxophon und vierkanaliges Zuspielband (1992\/93) 24:11<\/p>\n<p>Simone Ehinger, Sopransaxophon<\/p>\n<p>Gesamtspielzeit: 63:24<\/p>\n<p>Ersteinspielungen<\/p>\n","protected":false},"excerpt":{"rendered":"<p>Infotext: Wenn Ernst Helmuth Flammer in seinen Werken Elektronik einsetzt, legt er gro\u00dfen Wert darauf, als klangliches Ausgangsmaterial von Musikern eingespieltes Material zu verwenden. Das Ergebnis dieses Verzichts auf synthetisch generierte Kl\u00e4nge nennt er \u00bbatmende Elektronik\u00ab. Die meisten der Werke w\u00e4ren auch live-elektronisch umsetzbar, was bei manchen auch geschehen ist. Jedoch sch\u00e4tzt Flammer die Arbeit [&hellip;]<\/p>\n","protected":false},"featured_media":4237,"template":"","meta":{"site-sidebar-layout":"default","site-content-layout":"default","ast-site-content-layout":"default","site-content-style":"default","site-sidebar-style":"default","ast-global-header-display":"","ast-banner-title-visibility":"","ast-main-header-display":"","ast-hfb-above-header-display":"","ast-hfb-below-header-display":"","ast-hfb-mobile-header-display":"","site-post-title":"","ast-breadcrumbs-content":"","ast-featured-img":"","footer-sml-layout":"","theme-transparent-header-meta":"default","adv-header-id-meta":"","stick-header-meta":"","header-above-stick-meta":"","header-main-stick-meta":"","header-below-stick-meta":"","astra-migrate-meta-layouts":"default","ast-page-background-enabled":"default","ast-page-background-meta":{"desktop":{"background-color":"","background-image":"","background-repeat":"repeat","background-position":"center center","background-size":"auto","background-attachment":"scroll","background-type":"","background-media":"","overlay-type":"","overlay-color":"","overlay-opacity":"","overlay-gradient":""},"tablet":{"background-color":"","background-image":"","background-repeat":"repeat","background-position":"center center","background-size":"auto","background-attachment":"scroll","background-type":"","background-media":"","overlay-type":"","overlay-color":"","overlay-opacity":"","overlay-gradient":""},"mobile":{"background-color":"","background-image":"","background-repeat":"repeat","background-position":"center center","background-size":"auto","background-attachment":"scroll","background-type":"","background-media":"","overlay-type":"","overlay-color":"","overlay-opacity":"","overlay-gradient":""}},"ast-content-background-meta":{"desktop":{"background-color":"var(--ast-global-color-5)","background-image":"","background-repeat":"repeat","background-position":"center center","background-size":"auto","background-attachment":"scroll","background-type":"","background-media":"","overlay-type":"","overlay-color":"","overlay-opacity":"","overlay-gradient":""},"tablet":{"background-color":"var(--ast-global-color-5)","background-image":"","background-repeat":"repeat","background-position":"center center","background-size":"auto","background-attachment":"scroll","background-type":"","background-media":"","overlay-type":"","overlay-color":"","overlay-opacity":"","overlay-gradient":""},"mobile":{"background-color":"var(--ast-global-color-5)","background-image":"","background-repeat":"repeat","background-position":"center center","background-size":"auto","background-attachment":"scroll","background-type":"","background-media":"","overlay-type":"","overlay-color":"","overlay-opacity":"","overlay-gradient":""}}},"product_brand":[],"product_cat":[26],"product_tag":[],"class_list":{"0":"post-4236","1":"product","2":"type-product","3":"status-publish","4":"has-post-thumbnail","6":"product_cat-zeitgenossische-musik","7":"pa_artikelnummer-neos-12218","8":"pa_brand-neos-music","9":"pa_ean-870","10":"desktop-align-left","11":"tablet-align-left","12":"mobile-align-left","14":"first","15":"instock","16":"taxable","17":"shipping-taxable","18":"purchasable","19":"product-type-simple"},"yoast_head":"<!-- This site is optimized with the Yoast SEO plugin v27.4 - https:\/\/yoast.com\/product\/yoast-seo-wordpress\/ -->\n<title>Ernst Helmuth Flammer: Electroacoustic Works - NEOS Music<\/title>\n<meta name=\"robots\" content=\"index, follow, max-snippet:-1, max-image-preview:large, max-video-preview:-1\" \/>\n<link rel=\"canonical\" href=\"https:\/\/neos-music.com\/en_us\/product\/ernst-helmuth-flammer-electroacoustic-works\/\" \/>\n<meta property=\"og:locale\" content=\"en_US\" \/>\n<meta property=\"og:type\" content=\"article\" \/>\n<meta property=\"og:title\" content=\"Ernst Helmuth Flammer: Electroacoustic Works - NEOS Music\" \/>\n<meta property=\"og:description\" content=\"Infotext: Wenn Ernst Helmuth Flammer in seinen Werken Elektronik einsetzt, legt er gro\u00dfen Wert darauf, als klangliches Ausgangsmaterial von Musikern eingespieltes Material zu verwenden. Das Ergebnis dieses Verzichts auf synthetisch generierte Kl\u00e4nge nennt er \u00bbatmende Elektronik\u00ab. Die meisten der Werke w\u00e4ren auch live-elektronisch umsetzbar, was bei manchen auch geschehen ist. Jedoch sch\u00e4tzt Flammer die Arbeit [&hellip;]\" \/>\n<meta property=\"og:url\" content=\"https:\/\/neos-music.com\/en_us\/product\/ernst-helmuth-flammer-electroacoustic-works\/\" \/>\n<meta property=\"og:site_name\" content=\"NEOS Music\" \/>\n<meta property=\"article:modified_time\" content=\"2023-03-05T10:52:52+00:00\" \/>\n<meta property=\"og:image\" content=\"https:\/\/neos-music.com\/wp-content\/uploads\/2022\/12\/NEOS_12218_Flammer.jpeg\" \/>\n\t<meta property=\"og:image:width\" content=\"1649\" \/>\n\t<meta property=\"og:image:height\" content=\"1483\" \/>\n\t<meta property=\"og:image:type\" content=\"image\/jpeg\" \/>\n<meta name=\"twitter:card\" content=\"summary_large_image\" \/>\n<meta name=\"twitter:label1\" content=\"Est. reading time\" \/>\n\t<meta name=\"twitter:data1\" content=\"2 minutes\" \/>\n<script type=\"application\/ld+json\" class=\"yoast-schema-graph\">{\"@context\":\"https:\\\/\\\/schema.org\",\"@graph\":[{\"@type\":\"WebPage\",\"@id\":\"https:\\\/\\\/neos-music.com\\\/product\\\/ernst-helmuth-flammer-electroacoustic-works\\\/\",\"url\":\"https:\\\/\\\/neos-music.com\\\/product\\\/ernst-helmuth-flammer-electroacoustic-works\\\/\",\"name\":\"Ernst Helmuth Flammer: Electroacoustic Works - NEOS Music\",\"isPartOf\":{\"@id\":\"https:\\\/\\\/neos-music.com\\\/#website\"},\"primaryImageOfPage\":{\"@id\":\"https:\\\/\\\/neos-music.com\\\/product\\\/ernst-helmuth-flammer-electroacoustic-works\\\/#primaryimage\"},\"image\":{\"@id\":\"https:\\\/\\\/neos-music.com\\\/product\\\/ernst-helmuth-flammer-electroacoustic-works\\\/#primaryimage\"},\"thumbnailUrl\":\"https:\\\/\\\/i0.wp.com\\\/neos-music.com\\\/wp-content\\\/uploads\\\/2022\\\/12\\\/NEOS_12218_Flammer.jpeg?fit=1649%2C1483&ssl=1\",\"datePublished\":\"2022-12-16T11:00:57+00:00\",\"dateModified\":\"2023-03-05T10:52:52+00:00\",\"breadcrumb\":{\"@id\":\"https:\\\/\\\/neos-music.com\\\/product\\\/ernst-helmuth-flammer-electroacoustic-works\\\/#breadcrumb\"},\"inLanguage\":\"en-US\",\"potentialAction\":[{\"@type\":\"ReadAction\",\"target\":[\"https:\\\/\\\/neos-music.com\\\/product\\\/ernst-helmuth-flammer-electroacoustic-works\\\/\"]}]},{\"@type\":\"ImageObject\",\"inLanguage\":\"en-US\",\"@id\":\"https:\\\/\\\/neos-music.com\\\/product\\\/ernst-helmuth-flammer-electroacoustic-works\\\/#primaryimage\",\"url\":\"https:\\\/\\\/i0.wp.com\\\/neos-music.com\\\/wp-content\\\/uploads\\\/2022\\\/12\\\/NEOS_12218_Flammer.jpeg?fit=1649%2C1483&ssl=1\",\"contentUrl\":\"https:\\\/\\\/i0.wp.com\\\/neos-music.com\\\/wp-content\\\/uploads\\\/2022\\\/12\\\/NEOS_12218_Flammer.jpeg?fit=1649%2C1483&ssl=1\",\"width\":1649,\"height\":1483},{\"@type\":\"BreadcrumbList\",\"@id\":\"https:\\\/\\\/neos-music.com\\\/product\\\/ernst-helmuth-flammer-electroacoustic-works\\\/#breadcrumb\",\"itemListElement\":[{\"@type\":\"ListItem\",\"position\":1,\"name\":\"Startseite\",\"item\":\"https:\\\/\\\/neos-music.com\\\/\"},{\"@type\":\"ListItem\",\"position\":2,\"name\":\"Produkte\",\"item\":\"https:\\\/\\\/neos-music.com\\\/shop__trashed\\\/\"},{\"@type\":\"ListItem\",\"position\":3,\"name\":\"Ernst Helmuth Flammer: Electroacoustic Works\"}]},{\"@type\":\"WebSite\",\"@id\":\"https:\\\/\\\/neos-music.com\\\/#website\",\"url\":\"https:\\\/\\\/neos-music.com\\\/\",\"name\":\"NEOS Music\",\"description\":\"Dein Online Shop f\u00fcr zeitgen\u00f6ssische Musik, Jazz und Classics!\",\"publisher\":{\"@id\":\"https:\\\/\\\/neos-music.com\\\/#organization\"},\"potentialAction\":[{\"@type\":\"SearchAction\",\"target\":{\"@type\":\"EntryPoint\",\"urlTemplate\":\"https:\\\/\\\/neos-music.com\\\/?s={search_term_string}\"},\"query-input\":{\"@type\":\"PropertyValueSpecification\",\"valueRequired\":true,\"valueName\":\"search_term_string\"}}],\"inLanguage\":\"en-US\"},{\"@type\":\"Organization\",\"@id\":\"https:\\\/\\\/neos-music.com\\\/#organization\",\"name\":\"NEOS Music\",\"url\":\"https:\\\/\\\/neos-music.com\\\/\",\"logo\":{\"@type\":\"ImageObject\",\"inLanguage\":\"en-US\",\"@id\":\"https:\\\/\\\/neos-music.com\\\/#\\\/schema\\\/logo\\\/image\\\/\",\"url\":\"https:\\\/\\\/i0.wp.com\\\/neos-music.com\\\/wp-content\\\/uploads\\\/2025\\\/08\\\/NEOS-Logo-weiss.png?fit=800%2C203&ssl=1\",\"contentUrl\":\"https:\\\/\\\/i0.wp.com\\\/neos-music.com\\\/wp-content\\\/uploads\\\/2025\\\/08\\\/NEOS-Logo-weiss.png?fit=800%2C203&ssl=1\",\"width\":800,\"height\":203,\"caption\":\"NEOS Music\"},\"image\":{\"@id\":\"https:\\\/\\\/neos-music.com\\\/#\\\/schema\\\/logo\\\/image\\\/\"}}]}<\/script>\n<!-- \/ Yoast SEO plugin. -->","yoast_head_json":{"title":"Ernst Helmuth Flammer: Electroacoustic Works - NEOS Music","robots":{"index":"index","follow":"follow","max-snippet":"max-snippet:-1","max-image-preview":"max-image-preview:large","max-video-preview":"max-video-preview:-1"},"canonical":"https:\/\/neos-music.com\/en_us\/product\/ernst-helmuth-flammer-electroacoustic-works\/","og_locale":"en_US","og_type":"article","og_title":"Ernst Helmuth Flammer: Electroacoustic Works - NEOS Music","og_description":"Infotext: Wenn Ernst Helmuth Flammer in seinen Werken Elektronik einsetzt, legt er gro\u00dfen Wert darauf, als klangliches Ausgangsmaterial von Musikern eingespieltes Material zu verwenden. Das Ergebnis dieses Verzichts auf synthetisch generierte Kl\u00e4nge nennt er \u00bbatmende Elektronik\u00ab. Die meisten der Werke w\u00e4ren auch live-elektronisch umsetzbar, was bei manchen auch geschehen ist. Jedoch sch\u00e4tzt Flammer die Arbeit [&hellip;]","og_url":"https:\/\/neos-music.com\/en_us\/product\/ernst-helmuth-flammer-electroacoustic-works\/","og_site_name":"NEOS Music","article_modified_time":"2023-03-05T10:52:52+00:00","og_image":[{"width":1649,"height":1483,"url":"https:\/\/neos-music.com\/wp-content\/uploads\/2022\/12\/NEOS_12218_Flammer.jpeg","type":"image\/jpeg"}],"twitter_card":"summary_large_image","twitter_misc":{"Est. reading time":"2 minutes"},"schema":{"@context":"https:\/\/schema.org","@graph":[{"@type":"WebPage","@id":"https:\/\/neos-music.com\/product\/ernst-helmuth-flammer-electroacoustic-works\/","url":"https:\/\/neos-music.com\/product\/ernst-helmuth-flammer-electroacoustic-works\/","name":"Ernst Helmuth Flammer: Electroacoustic Works - NEOS Music","isPartOf":{"@id":"https:\/\/neos-music.com\/#website"},"primaryImageOfPage":{"@id":"https:\/\/neos-music.com\/product\/ernst-helmuth-flammer-electroacoustic-works\/#primaryimage"},"image":{"@id":"https:\/\/neos-music.com\/product\/ernst-helmuth-flammer-electroacoustic-works\/#primaryimage"},"thumbnailUrl":"https:\/\/i0.wp.com\/neos-music.com\/wp-content\/uploads\/2022\/12\/NEOS_12218_Flammer.jpeg?fit=1649%2C1483&ssl=1","datePublished":"2022-12-16T11:00:57+00:00","dateModified":"2023-03-05T10:52:52+00:00","breadcrumb":{"@id":"https:\/\/neos-music.com\/product\/ernst-helmuth-flammer-electroacoustic-works\/#breadcrumb"},"inLanguage":"en-US","potentialAction":[{"@type":"ReadAction","target":["https:\/\/neos-music.com\/product\/ernst-helmuth-flammer-electroacoustic-works\/"]}]},{"@type":"ImageObject","inLanguage":"en-US","@id":"https:\/\/neos-music.com\/product\/ernst-helmuth-flammer-electroacoustic-works\/#primaryimage","url":"https:\/\/i0.wp.com\/neos-music.com\/wp-content\/uploads\/2022\/12\/NEOS_12218_Flammer.jpeg?fit=1649%2C1483&ssl=1","contentUrl":"https:\/\/i0.wp.com\/neos-music.com\/wp-content\/uploads\/2022\/12\/NEOS_12218_Flammer.jpeg?fit=1649%2C1483&ssl=1","width":1649,"height":1483},{"@type":"BreadcrumbList","@id":"https:\/\/neos-music.com\/product\/ernst-helmuth-flammer-electroacoustic-works\/#breadcrumb","itemListElement":[{"@type":"ListItem","position":1,"name":"Startseite","item":"https:\/\/neos-music.com\/"},{"@type":"ListItem","position":2,"name":"Produkte","item":"https:\/\/neos-music.com\/shop__trashed\/"},{"@type":"ListItem","position":3,"name":"Ernst Helmuth Flammer: Electroacoustic Works"}]},{"@type":"WebSite","@id":"https:\/\/neos-music.com\/#website","url":"https:\/\/neos-music.com\/","name":"NEOS Music","description":"Dein Online Shop f\u00fcr zeitgen\u00f6ssische Musik, Jazz und Classics!","publisher":{"@id":"https:\/\/neos-music.com\/#organization"},"potentialAction":[{"@type":"SearchAction","target":{"@type":"EntryPoint","urlTemplate":"https:\/\/neos-music.com\/?s={search_term_string}"},"query-input":{"@type":"PropertyValueSpecification","valueRequired":true,"valueName":"search_term_string"}}],"inLanguage":"en-US"},{"@type":"Organization","@id":"https:\/\/neos-music.com\/#organization","name":"NEOS Music","url":"https:\/\/neos-music.com\/","logo":{"@type":"ImageObject","inLanguage":"en-US","@id":"https:\/\/neos-music.com\/#\/schema\/logo\/image\/","url":"https:\/\/i0.wp.com\/neos-music.com\/wp-content\/uploads\/2025\/08\/NEOS-Logo-weiss.png?fit=800%2C203&ssl=1","contentUrl":"https:\/\/i0.wp.com\/neos-music.com\/wp-content\/uploads\/2025\/08\/NEOS-Logo-weiss.png?fit=800%2C203&ssl=1","width":800,"height":203,"caption":"NEOS Music"},"image":{"@id":"https:\/\/neos-music.com\/#\/schema\/logo\/image\/"}}]}},"jetpack_sharing_enabled":true,"_links":{"self":[{"href":"https:\/\/neos-music.com\/en_us\/wp-json\/wp\/v2\/product\/4236","targetHints":{"allow":["GET"]}}],"collection":[{"href":"https:\/\/neos-music.com\/en_us\/wp-json\/wp\/v2\/product"}],"about":[{"href":"https:\/\/neos-music.com\/en_us\/wp-json\/wp\/v2\/types\/product"}],"version-history":[{"count":0,"href":"https:\/\/neos-music.com\/en_us\/wp-json\/wp\/v2\/product\/4236\/revisions"}],"wp:featuredmedia":[{"embeddable":true,"href":"https:\/\/neos-music.com\/en_us\/wp-json\/wp\/v2\/media\/4237"}],"wp:attachment":[{"href":"https:\/\/neos-music.com\/en_us\/wp-json\/wp\/v2\/media?parent=4236"}],"wp:term":[{"taxonomy":"product_brand","embeddable":true,"href":"https:\/\/neos-music.com\/en_us\/wp-json\/wp\/v2\/product_brand?post=4236"},{"taxonomy":"product_cat","embeddable":true,"href":"https:\/\/neos-music.com\/en_us\/wp-json\/wp\/v2\/product_cat?post=4236"},{"taxonomy":"product_tag","embeddable":true,"href":"https:\/\/neos-music.com\/en_us\/wp-json\/wp\/v2\/product_tag?post=4236"}],"curies":[{"name":"wp","href":"https:\/\/api.w.org\/{rel}","templated":true}]}}