{"id":4382,"date":"2023-01-13T16:24:33","date_gmt":"2023-01-13T16:24:33","guid":{"rendered":"https:\/\/neos-music.com\/?post_type=product&#038;p=4382"},"modified":"2023-05-22T13:40:05","modified_gmt":"2023-05-22T13:40:05","slug":"david-gorton-farnabyes-maske","status":"publish","type":"product","link":"https:\/\/neos-music.com\/en_us\/product\/david-gorton-farnabyes-maske\/","title":{"rendered":"David Gorton: Farnabye&#8217;s Maske"},"content":{"rendered":"<p>Infotext:<\/p>\n<p>Diese CD mit Werken des britischen Komponisten David Gorton dreht sich um Musik des 17. Jahrhunderts \u2013 nicht im Sinne einer geschichtlichen Darstellung, sondern vielmehr im Sinne einer Reise: einer pers\u00f6nlichen Erforschung der Musik aus jener Zeit. Anstatt sie zu spielen, spielt Gorton \u201emit\u201c dieser Musik, wie er selbst es formuliert. Seine Werke sind weder reine Bearbeitung noch reine Komposition, sondern dazwischen angesiedelt. Die urspr\u00fcnglichen Quellen sind stets pr\u00e4sent, werden aber in etwas Unvertrautes verwandelt. Es ist geradezu ideal, dass alle Interpret:innen auf diesen Aufnahmen sowohl im Umgang mit Neuer als auch mit Alter Musik versiert sind.<br \/>\nDavid Gorton lebt in London und wurde dort mit dem Kompositionspreis der Royal Philharmonic Society ausgezeichnet. Er schrieb gro\u00dfangelegte Werke u.a. f\u00fcr das BBC Symphony Orchestra, die London Sinfonietta, das Ensemble Expos\u00e9 und CHROMA. Seine Kompositionsprojekte sind stilistisch vielf\u00e4ltig und reichen von Erforschungen der Mikrotonalit\u00e4t hin zu musikalischen Spielen und offenen Formen, programmatischen Portr\u00e4ts der Landschaften Ostangliens oder Bearbeitungen von Material aus dem 16. und 17. Jahrhundert. David Gorton studierte an der Durham University, am King\u2019s College London und an der Royal Academy of Music Komposition bei Harrison Birtwistle und Simon Bainbridge. Seit 2006 lehrt er an der Royal Academy of Music und ist Professor an der University of London. Seine Musik erscheint im Verlag Neue Musik in Berlin.<\/p>\n<p>Programm:<\/p>\n<p>Concerto per flauto a becco e violino su temi Torelli<br \/>\nf\u00fcr Blockfl\u00f6te Solo, Violine Solo und Streichorchester (2018) 21:12<br \/>\n[01] I. Largo \u2013 Presto \u2013 Largo 08:30<br \/>\n[02] II. Adagio 07:22<br \/>\n[03] III. Allegro \u2013 Adagio \u2013 Allegro \u2013 Adagio \u2013 Allegro 05:20<br \/>\nOlwen Foulkes, Blockfl\u00f6te<br \/>\nPeter Sheppard Sk\u00e6rved, Violine\u2009\/\u2009Dirigent<br \/>\nLongbow<\/p>\n<p>[04] Farnabye\u2019s Maske f\u00fcr Klavier (2016) 08:09<br \/>\nDaniel-Ben Pienaar, Klavier<\/p>\n<p>For some friends (after Matthew Locke) f\u00fcr Violine und Klavier (2020) 13:31<\/p>\n<p>[05] a. Pavan (Quiet: the towne grows very sickly, and people to be afeard of it) 04:36<br \/>\n[06] b. Courante 00:46<br \/>\n[07] c. Saraband 00:42<br \/>\n[08] d. Fantazie (Slow and quiet: the streets very empty, and most shops shut) 03:20<br \/>\n[09] e. Courante 00:59<br \/>\n[10] f. Saraband 00:53<br \/>\n[11] g. Jigg \u2013 Conclude thus, with head akeing with too much thoughts 02:15<br \/>\nPeter Sheppard Sk\u00e6rved, Violine<br \/>\nDaniel-Ben Pienaar, Klavier<\/p>\n<p>Consort Set in Five Parts (after William Lawes)<br \/>\nf\u00fcr gebrochenes Consort mit obligatem Continuo (2019) 22:34<br \/>\n[12] I. Fantazy: a.5. for ye Violls (Lawes arr. Gorton) 04:21<br \/>\n[13] II. Aire (Gorton after Lawes) 07:08<br \/>\n[14] III. Fantazia: a.5. (Lawes arr. Gorton) 03:11<br \/>\n[15] IV. Paven (Gorton after Lawes) 05:48<br \/>\n[16] V. Aire: a.5. (Lawes arr. Gorton) 02:06<br \/>\nStefan \u00d6stersj\u00f6, Elfsaitige Altgitarre<br \/>\nLongbow<\/p>\n<p>Gesamtspielzeit: 65:38<\/p>\n<p>Longbow<br \/>\n[01\u201303]<br \/>\nViolinen: Alice Barron, Nazrin Rashidova, Salom\u00e9 Rateau, Tanya Sweiry<br \/>\nViola: Daniel Shilladay<br \/>\nVioloncello: Valerie Welbanks<br \/>\nKontrabass: Rachel Meerloo<br \/>\n[12\u201316]<br \/>\nVioline\u2009\/\u2009Dirigent: Peter Sheppard Sk\u00e6rved<br \/>\nAltblockfl\u00f6te \/\u2009Tenorblockfl\u00f6te: Olwen Foulkes<br \/>\nViola: Diana Mathews<br \/>\nBassgambe: Harry Buckoke<br \/>\nVioloncello: Evie Littlefair<\/p>\n<p>Ersteinspielungen<\/p>\n","protected":false},"excerpt":{"rendered":"<p>Infotext: Diese CD mit Werken des britischen Komponisten David Gorton dreht sich um Musik des 17. Jahrhunderts \u2013 nicht im Sinne einer geschichtlichen Darstellung, sondern vielmehr im Sinne einer Reise: einer pers\u00f6nlichen Erforschung der Musik aus jener Zeit. Anstatt sie zu spielen, spielt Gorton \u201emit\u201c dieser Musik, wie er selbst es formuliert. Seine Werke sind [&hellip;]<\/p>\n","protected":false},"featured_media":4384,"template":"","meta":{"site-sidebar-layout":"default","site-content-layout":"default","ast-site-content-layout":"default","site-content-style":"default","site-sidebar-style":"default","ast-global-header-display":"","ast-banner-title-visibility":"","ast-main-header-display":"","ast-hfb-above-header-display":"","ast-hfb-below-header-display":"","ast-hfb-mobile-header-display":"","site-post-title":"","ast-breadcrumbs-content":"","ast-featured-img":"","footer-sml-layout":"","theme-transparent-header-meta":"default","adv-header-id-meta":"","stick-header-meta":"","header-above-stick-meta":"","header-main-stick-meta":"","header-below-stick-meta":"","astra-migrate-meta-layouts":"default","ast-page-background-enabled":"default","ast-page-background-meta":{"desktop":{"background-color":"","background-image":"","background-repeat":"repeat","background-position":"center center","background-size":"auto","background-attachment":"scroll","background-type":"","background-media":"","overlay-type":"","overlay-color":"","overlay-opacity":"","overlay-gradient":""},"tablet":{"background-color":"","background-image":"","background-repeat":"repeat","background-position":"center center","background-size":"auto","background-attachment":"scroll","background-type":"","background-media":"","overlay-type":"","overlay-color":"","overlay-opacity":"","overlay-gradient":""},"mobile":{"background-color":"","background-image":"","background-repeat":"repeat","background-position":"center center","background-size":"auto","background-attachment":"scroll","background-type":"","background-media":"","overlay-type":"","overlay-color":"","overlay-opacity":"","overlay-gradient":""}},"ast-content-background-meta":{"desktop":{"background-color":"var(--ast-global-color-5)","background-image":"","background-repeat":"repeat","background-position":"center center","background-size":"auto","background-attachment":"scroll","background-type":"","background-media":"","overlay-type":"","overlay-color":"","overlay-opacity":"","overlay-gradient":""},"tablet":{"background-color":"var(--ast-global-color-5)","background-image":"","background-repeat":"repeat","background-position":"center center","background-size":"auto","background-attachment":"scroll","background-type":"","background-media":"","overlay-type":"","overlay-color":"","overlay-opacity":"","overlay-gradient":""},"mobile":{"background-color":"var(--ast-global-color-5)","background-image":"","background-repeat":"repeat","background-position":"center center","background-size":"auto","background-attachment":"scroll","background-type":"","background-media":"","overlay-type":"","overlay-color":"","overlay-opacity":"","overlay-gradient":""}}},"product_brand":[],"product_cat":[26],"product_tag":[],"class_list":{"0":"post-4382","1":"product","2":"type-product","3":"status-publish","4":"has-post-thumbnail","6":"product_cat-zeitgenossische-musik","7":"pa_artikelnummer-neos-12223","8":"pa_brand-neos-music","9":"pa_ean-873","10":"desktop-align-left","11":"tablet-align-left","12":"mobile-align-left","14":"first","15":"instock","16":"taxable","17":"shipping-taxable","18":"purchasable","19":"product-type-simple"},"yoast_head":"<!-- This site is optimized with the Yoast SEO plugin v27.4 - https:\/\/yoast.com\/product\/yoast-seo-wordpress\/ -->\n<title>David Gorton: Farnabye&#039;s Maske - NEOS Music<\/title>\n<meta name=\"robots\" content=\"index, follow, max-snippet:-1, max-image-preview:large, max-video-preview:-1\" \/>\n<link rel=\"canonical\" href=\"https:\/\/neos-music.com\/en_us\/product\/david-gorton-farnabyes-maske\/\" \/>\n<meta property=\"og:locale\" content=\"en_US\" \/>\n<meta property=\"og:type\" content=\"article\" \/>\n<meta property=\"og:title\" content=\"David Gorton: Farnabye&#039;s Maske - NEOS Music\" \/>\n<meta property=\"og:description\" content=\"Infotext: Diese CD mit Werken des britischen Komponisten David Gorton dreht sich um Musik des 17. Jahrhunderts \u2013 nicht im Sinne einer geschichtlichen Darstellung, sondern vielmehr im Sinne einer Reise: einer pers\u00f6nlichen Erforschung der Musik aus jener Zeit. Anstatt sie zu spielen, spielt Gorton \u201emit\u201c dieser Musik, wie er selbst es formuliert. Seine Werke sind [&hellip;]\" \/>\n<meta property=\"og:url\" content=\"https:\/\/neos-music.com\/en_us\/product\/david-gorton-farnabyes-maske\/\" \/>\n<meta property=\"og:site_name\" content=\"NEOS Music\" \/>\n<meta property=\"article:modified_time\" content=\"2023-05-22T13:40:05+00:00\" \/>\n<meta property=\"og:image\" content=\"https:\/\/neos-music.com\/wp-content\/uploads\/2022\/12\/NEOS_12223_Gorton.jpeg\" \/>\n\t<meta property=\"og:image:width\" content=\"1649\" \/>\n\t<meta property=\"og:image:height\" content=\"1482\" \/>\n\t<meta property=\"og:image:type\" content=\"image\/jpeg\" \/>\n<meta name=\"twitter:card\" content=\"summary_large_image\" \/>\n<meta name=\"twitter:label1\" content=\"Est. reading time\" \/>\n\t<meta name=\"twitter:data1\" content=\"3 minutes\" \/>\n<script type=\"application\/ld+json\" class=\"yoast-schema-graph\">{\"@context\":\"https:\\\/\\\/schema.org\",\"@graph\":[{\"@type\":\"WebPage\",\"@id\":\"https:\\\/\\\/neos-music.com\\\/product\\\/david-gorton-farnabyes-maske\\\/\",\"url\":\"https:\\\/\\\/neos-music.com\\\/product\\\/david-gorton-farnabyes-maske\\\/\",\"name\":\"David Gorton: Farnabye's Maske - NEOS Music\",\"isPartOf\":{\"@id\":\"https:\\\/\\\/neos-music.com\\\/#website\"},\"primaryImageOfPage\":{\"@id\":\"https:\\\/\\\/neos-music.com\\\/product\\\/david-gorton-farnabyes-maske\\\/#primaryimage\"},\"image\":{\"@id\":\"https:\\\/\\\/neos-music.com\\\/product\\\/david-gorton-farnabyes-maske\\\/#primaryimage\"},\"thumbnailUrl\":\"https:\\\/\\\/i0.wp.com\\\/neos-music.com\\\/wp-content\\\/uploads\\\/2022\\\/12\\\/NEOS_12223_Gorton.jpeg?fit=1649%2C1482&ssl=1\",\"datePublished\":\"2023-01-13T16:24:33+00:00\",\"dateModified\":\"2023-05-22T13:40:05+00:00\",\"breadcrumb\":{\"@id\":\"https:\\\/\\\/neos-music.com\\\/product\\\/david-gorton-farnabyes-maske\\\/#breadcrumb\"},\"inLanguage\":\"en-US\",\"potentialAction\":[{\"@type\":\"ReadAction\",\"target\":[\"https:\\\/\\\/neos-music.com\\\/product\\\/david-gorton-farnabyes-maske\\\/\"]}]},{\"@type\":\"ImageObject\",\"inLanguage\":\"en-US\",\"@id\":\"https:\\\/\\\/neos-music.com\\\/product\\\/david-gorton-farnabyes-maske\\\/#primaryimage\",\"url\":\"https:\\\/\\\/i0.wp.com\\\/neos-music.com\\\/wp-content\\\/uploads\\\/2022\\\/12\\\/NEOS_12223_Gorton.jpeg?fit=1649%2C1482&ssl=1\",\"contentUrl\":\"https:\\\/\\\/i0.wp.com\\\/neos-music.com\\\/wp-content\\\/uploads\\\/2022\\\/12\\\/NEOS_12223_Gorton.jpeg?fit=1649%2C1482&ssl=1\",\"width\":1649,\"height\":1482},{\"@type\":\"BreadcrumbList\",\"@id\":\"https:\\\/\\\/neos-music.com\\\/product\\\/david-gorton-farnabyes-maske\\\/#breadcrumb\",\"itemListElement\":[{\"@type\":\"ListItem\",\"position\":1,\"name\":\"Startseite\",\"item\":\"https:\\\/\\\/neos-music.com\\\/\"},{\"@type\":\"ListItem\",\"position\":2,\"name\":\"Produkte\",\"item\":\"https:\\\/\\\/neos-music.com\\\/shop__trashed\\\/\"},{\"@type\":\"ListItem\",\"position\":3,\"name\":\"David Gorton: Farnabye&#8217;s Maske\"}]},{\"@type\":\"WebSite\",\"@id\":\"https:\\\/\\\/neos-music.com\\\/#website\",\"url\":\"https:\\\/\\\/neos-music.com\\\/\",\"name\":\"NEOS Music\",\"description\":\"Dein Online Shop f\u00fcr zeitgen\u00f6ssische Musik, Jazz und Classics!\",\"publisher\":{\"@id\":\"https:\\\/\\\/neos-music.com\\\/#organization\"},\"potentialAction\":[{\"@type\":\"SearchAction\",\"target\":{\"@type\":\"EntryPoint\",\"urlTemplate\":\"https:\\\/\\\/neos-music.com\\\/?s={search_term_string}\"},\"query-input\":{\"@type\":\"PropertyValueSpecification\",\"valueRequired\":true,\"valueName\":\"search_term_string\"}}],\"inLanguage\":\"en-US\"},{\"@type\":\"Organization\",\"@id\":\"https:\\\/\\\/neos-music.com\\\/#organization\",\"name\":\"NEOS Music\",\"url\":\"https:\\\/\\\/neos-music.com\\\/\",\"logo\":{\"@type\":\"ImageObject\",\"inLanguage\":\"en-US\",\"@id\":\"https:\\\/\\\/neos-music.com\\\/#\\\/schema\\\/logo\\\/image\\\/\",\"url\":\"https:\\\/\\\/i0.wp.com\\\/neos-music.com\\\/wp-content\\\/uploads\\\/2025\\\/08\\\/NEOS-Logo-weiss.png?fit=800%2C203&ssl=1\",\"contentUrl\":\"https:\\\/\\\/i0.wp.com\\\/neos-music.com\\\/wp-content\\\/uploads\\\/2025\\\/08\\\/NEOS-Logo-weiss.png?fit=800%2C203&ssl=1\",\"width\":800,\"height\":203,\"caption\":\"NEOS Music\"},\"image\":{\"@id\":\"https:\\\/\\\/neos-music.com\\\/#\\\/schema\\\/logo\\\/image\\\/\"}}]}<\/script>\n<!-- \/ Yoast SEO plugin. -->","yoast_head_json":{"title":"David Gorton: Farnabye's Maske - NEOS Music","robots":{"index":"index","follow":"follow","max-snippet":"max-snippet:-1","max-image-preview":"max-image-preview:large","max-video-preview":"max-video-preview:-1"},"canonical":"https:\/\/neos-music.com\/en_us\/product\/david-gorton-farnabyes-maske\/","og_locale":"en_US","og_type":"article","og_title":"David Gorton: Farnabye's Maske - NEOS Music","og_description":"Infotext: Diese CD mit Werken des britischen Komponisten David Gorton dreht sich um Musik des 17. Jahrhunderts \u2013 nicht im Sinne einer geschichtlichen Darstellung, sondern vielmehr im Sinne einer Reise: einer pers\u00f6nlichen Erforschung der Musik aus jener Zeit. Anstatt sie zu spielen, spielt Gorton \u201emit\u201c dieser Musik, wie er selbst es formuliert. Seine Werke sind [&hellip;]","og_url":"https:\/\/neos-music.com\/en_us\/product\/david-gorton-farnabyes-maske\/","og_site_name":"NEOS Music","article_modified_time":"2023-05-22T13:40:05+00:00","og_image":[{"width":1649,"height":1482,"url":"https:\/\/neos-music.com\/wp-content\/uploads\/2022\/12\/NEOS_12223_Gorton.jpeg","type":"image\/jpeg"}],"twitter_card":"summary_large_image","twitter_misc":{"Est. reading time":"3 minutes"},"schema":{"@context":"https:\/\/schema.org","@graph":[{"@type":"WebPage","@id":"https:\/\/neos-music.com\/product\/david-gorton-farnabyes-maske\/","url":"https:\/\/neos-music.com\/product\/david-gorton-farnabyes-maske\/","name":"David Gorton: Farnabye's Maske - NEOS Music","isPartOf":{"@id":"https:\/\/neos-music.com\/#website"},"primaryImageOfPage":{"@id":"https:\/\/neos-music.com\/product\/david-gorton-farnabyes-maske\/#primaryimage"},"image":{"@id":"https:\/\/neos-music.com\/product\/david-gorton-farnabyes-maske\/#primaryimage"},"thumbnailUrl":"https:\/\/i0.wp.com\/neos-music.com\/wp-content\/uploads\/2022\/12\/NEOS_12223_Gorton.jpeg?fit=1649%2C1482&ssl=1","datePublished":"2023-01-13T16:24:33+00:00","dateModified":"2023-05-22T13:40:05+00:00","breadcrumb":{"@id":"https:\/\/neos-music.com\/product\/david-gorton-farnabyes-maske\/#breadcrumb"},"inLanguage":"en-US","potentialAction":[{"@type":"ReadAction","target":["https:\/\/neos-music.com\/product\/david-gorton-farnabyes-maske\/"]}]},{"@type":"ImageObject","inLanguage":"en-US","@id":"https:\/\/neos-music.com\/product\/david-gorton-farnabyes-maske\/#primaryimage","url":"https:\/\/i0.wp.com\/neos-music.com\/wp-content\/uploads\/2022\/12\/NEOS_12223_Gorton.jpeg?fit=1649%2C1482&ssl=1","contentUrl":"https:\/\/i0.wp.com\/neos-music.com\/wp-content\/uploads\/2022\/12\/NEOS_12223_Gorton.jpeg?fit=1649%2C1482&ssl=1","width":1649,"height":1482},{"@type":"BreadcrumbList","@id":"https:\/\/neos-music.com\/product\/david-gorton-farnabyes-maske\/#breadcrumb","itemListElement":[{"@type":"ListItem","position":1,"name":"Startseite","item":"https:\/\/neos-music.com\/"},{"@type":"ListItem","position":2,"name":"Produkte","item":"https:\/\/neos-music.com\/shop__trashed\/"},{"@type":"ListItem","position":3,"name":"David Gorton: Farnabye&#8217;s Maske"}]},{"@type":"WebSite","@id":"https:\/\/neos-music.com\/#website","url":"https:\/\/neos-music.com\/","name":"NEOS Music","description":"Dein Online Shop f\u00fcr zeitgen\u00f6ssische Musik, Jazz und Classics!","publisher":{"@id":"https:\/\/neos-music.com\/#organization"},"potentialAction":[{"@type":"SearchAction","target":{"@type":"EntryPoint","urlTemplate":"https:\/\/neos-music.com\/?s={search_term_string}"},"query-input":{"@type":"PropertyValueSpecification","valueRequired":true,"valueName":"search_term_string"}}],"inLanguage":"en-US"},{"@type":"Organization","@id":"https:\/\/neos-music.com\/#organization","name":"NEOS Music","url":"https:\/\/neos-music.com\/","logo":{"@type":"ImageObject","inLanguage":"en-US","@id":"https:\/\/neos-music.com\/#\/schema\/logo\/image\/","url":"https:\/\/i0.wp.com\/neos-music.com\/wp-content\/uploads\/2025\/08\/NEOS-Logo-weiss.png?fit=800%2C203&ssl=1","contentUrl":"https:\/\/i0.wp.com\/neos-music.com\/wp-content\/uploads\/2025\/08\/NEOS-Logo-weiss.png?fit=800%2C203&ssl=1","width":800,"height":203,"caption":"NEOS Music"},"image":{"@id":"https:\/\/neos-music.com\/#\/schema\/logo\/image\/"}}]}},"jetpack_sharing_enabled":true,"_links":{"self":[{"href":"https:\/\/neos-music.com\/en_us\/wp-json\/wp\/v2\/product\/4382","targetHints":{"allow":["GET"]}}],"collection":[{"href":"https:\/\/neos-music.com\/en_us\/wp-json\/wp\/v2\/product"}],"about":[{"href":"https:\/\/neos-music.com\/en_us\/wp-json\/wp\/v2\/types\/product"}],"version-history":[{"count":0,"href":"https:\/\/neos-music.com\/en_us\/wp-json\/wp\/v2\/product\/4382\/revisions"}],"wp:featuredmedia":[{"embeddable":true,"href":"https:\/\/neos-music.com\/en_us\/wp-json\/wp\/v2\/media\/4384"}],"wp:attachment":[{"href":"https:\/\/neos-music.com\/en_us\/wp-json\/wp\/v2\/media?parent=4382"}],"wp:term":[{"taxonomy":"product_brand","embeddable":true,"href":"https:\/\/neos-music.com\/en_us\/wp-json\/wp\/v2\/product_brand?post=4382"},{"taxonomy":"product_cat","embeddable":true,"href":"https:\/\/neos-music.com\/en_us\/wp-json\/wp\/v2\/product_cat?post=4382"},{"taxonomy":"product_tag","embeddable":true,"href":"https:\/\/neos-music.com\/en_us\/wp-json\/wp\/v2\/product_tag?post=4382"}],"curies":[{"name":"wp","href":"https:\/\/api.w.org\/{rel}","templated":true}]}}