{"id":4388,"date":"2023-01-27T16:52:42","date_gmt":"2023-01-27T16:52:42","guid":{"rendered":"https:\/\/neos-music.com\/?post_type=product&#038;p=4388"},"modified":"2024-01-17T13:02:02","modified_gmt":"2024-01-17T12:02:02","slug":"archon-works-for-violin-percussion-and-machine-learning-environment","status":"publish","type":"product","link":"https:\/\/neos-music.com\/en_us\/product\/archon-works-for-violin-percussion-and-machine-learning-environment\/","title":{"rendered":"Archon: Works for violin, percussion, and machine learning environment"},"content":{"rendered":"<p><iframe style=\"border-radius:12px\" src=\"https:\/\/open.spotify.com\/embed\/album\/73SIPmnzDUmCpl9D9eAa7i?utm_source=generator\" width=\"100%\" height=\"152\" frameBorder=\"0\" allowfullscreen=\"\" allow=\"autoplay; clipboard-write; encrypted-media; fullscreen; picture-in-picture\" loading=\"lazy\"><\/iframe>&nbsp;<\/p>\n<p>Infotext:<\/p>\n<p>Archon ist eine Open-Source-Datenschnittstelle. Es bietet eine interaktive Ebene f\u00fcr Demiurge, eine Deep-Learning-Audiosynthese-Engine, die von Marek Poliks und Roberto Alonso entwickelt wurde. Archon, das mit Demiurge zusammenarbeitet, macht den Gro\u00dfteil der Musik auf diesem Album aus.<\/p>\n<p>Archon wurde in der \u00dcberzeugung entwickelt, dass die Zukunft der Musik Instrumente und Instrumentalit\u00e4t durch algorithmische Vertikalit\u00e4ten ersetzen wird (und dies bereits tut), die in der Lage sind, die buchst\u00e4bliche historische Gesamtheit der aufgezeichneten Audiodaten entsprechend affektbasierter Makrokategorien einzusetzen und neu zu kombinieren. Das Musizieren wird sich von einer Echtzeit-Erfahrung zu auf Eingabeaufforderungen basierender Audio-Erzeugung, Ergebnisverwaltung und vorgefertigten konformit\u00e4tsgesteuerten Verfeinerungsoperationen ver\u00e4ndern m\u00fcssen. Als Antwort darauf erm\u00f6glicht Archon eine dynamische, verhaltensangepasste, interpretierende Beziehung zwischen einem Musiker und einer Dateneinheit \u2013 und bringt damit Intimit\u00e4t, N\u00e4he und Instrumentalit\u00e4t in die \u00fcbergeordneten Datenmanagement-Aktivit\u00e4ten ein, die die Zukunft des Musikmachens ausmachen werden.<\/p>\n<p>Archon ist in Python und Supercollider geschrieben. Demiurge ist in Python geschrieben.<\/p>\n<p>Alle im Artwork zu dieser CD verwendeten Bilder sowie die meisten Texte wurden mit Hilfe von KI-Modellen erstellt. Es handelt sich um verschiedene Darstellungen von Archon und, im Falle der Texte, um Archon, das \u00fcber sich selbst spricht \u2013 Archon, das zu beschreiben versucht, was Archon ist.<\/p>\n<p>Programm:<\/p>\n<p>Archon (*2022)<br \/>\nWerke f\u00fcr Violine, Schlagzeug und Machine-Learning-Environment<\/p>\n<p>[01] Crossing the Iron Ocean 38:24<\/p>\n<p>[02] Mist-Crawler 20:49<\/p>\n<p>total playing time: 59:13<\/p>\n<p>Roberto Alonso (Violine \u2013 01\u2009&amp; 02)<br \/>\nChristian Smith (Schlagzeug \u2013 02)<br \/>\nMachine-Learning-Environment (Archon \/ Marek Poliks \/ Roberto Alonso)<\/p>\n<p>Ersteinspielungen<\/p>\n","protected":false},"excerpt":{"rendered":"<p>&nbsp; Infotext: Archon ist eine Open-Source-Datenschnittstelle. Es bietet eine interaktive Ebene f\u00fcr Demiurge, eine Deep-Learning-Audiosynthese-Engine, die von Marek Poliks und Roberto Alonso entwickelt wurde. Archon, das mit Demiurge zusammenarbeitet, macht den Gro\u00dfteil der Musik auf diesem Album aus. Archon wurde in der \u00dcberzeugung entwickelt, dass die Zukunft der Musik Instrumente und Instrumentalit\u00e4t durch algorithmische Vertikalit\u00e4ten [&hellip;]<\/p>\n","protected":false},"featured_media":4389,"template":"","meta":{"site-sidebar-layout":"default","site-content-layout":"default","ast-site-content-layout":"default","site-content-style":"default","site-sidebar-style":"default","ast-global-header-display":"","ast-banner-title-visibility":"","ast-main-header-display":"","ast-hfb-above-header-display":"","ast-hfb-below-header-display":"","ast-hfb-mobile-header-display":"","site-post-title":"","ast-breadcrumbs-content":"","ast-featured-img":"","footer-sml-layout":"","theme-transparent-header-meta":"default","adv-header-id-meta":"","stick-header-meta":"","header-above-stick-meta":"","header-main-stick-meta":"","header-below-stick-meta":"","astra-migrate-meta-layouts":"set","ast-page-background-enabled":"default","ast-page-background-meta":{"desktop":{"background-color":"","background-image":"","background-repeat":"repeat","background-position":"center center","background-size":"auto","background-attachment":"scroll","background-type":"","background-media":"","overlay-type":"","overlay-color":"","overlay-opacity":"","overlay-gradient":""},"tablet":{"background-color":"","background-image":"","background-repeat":"repeat","background-position":"center center","background-size":"auto","background-attachment":"scroll","background-type":"","background-media":"","overlay-type":"","overlay-color":"","overlay-opacity":"","overlay-gradient":""},"mobile":{"background-color":"","background-image":"","background-repeat":"repeat","background-position":"center center","background-size":"auto","background-attachment":"scroll","background-type":"","background-media":"","overlay-type":"","overlay-color":"","overlay-opacity":"","overlay-gradient":""}},"ast-content-background-meta":{"desktop":{"background-color":"var(--ast-global-color-5)","background-image":"","background-repeat":"repeat","background-position":"center center","background-size":"auto","background-attachment":"scroll","background-type":"","background-media":"","overlay-type":"","overlay-color":"","overlay-opacity":"","overlay-gradient":""},"tablet":{"background-color":"var(--ast-global-color-5)","background-image":"","background-repeat":"repeat","background-position":"center center","background-size":"auto","background-attachment":"scroll","background-type":"","background-media":"","overlay-type":"","overlay-color":"","overlay-opacity":"","overlay-gradient":""},"mobile":{"background-color":"var(--ast-global-color-5)","background-image":"","background-repeat":"repeat","background-position":"center center","background-size":"auto","background-attachment":"scroll","background-type":"","background-media":"","overlay-type":"","overlay-color":"","overlay-opacity":"","overlay-gradient":""}}},"product_brand":[],"product_cat":[26],"product_tag":[],"class_list":{"0":"post-4388","1":"product","2":"type-product","3":"status-publish","4":"has-post-thumbnail","6":"product_cat-zeitgenossische-musik","7":"pa_artikelnummer-neos-12312","8":"pa_brand-neos-music","9":"pa_ean-875","10":"desktop-align-left","11":"tablet-align-left","12":"mobile-align-left","14":"first","15":"instock","16":"taxable","17":"shipping-taxable","18":"purchasable","19":"product-type-simple"},"yoast_head":"<!-- This site is optimized with the Yoast SEO plugin v27.4 - https:\/\/yoast.com\/product\/yoast-seo-wordpress\/ -->\n<title>Archon: Works for violin, percussion, and machine learning environment - NEOS Music<\/title>\n<meta name=\"robots\" content=\"index, follow, max-snippet:-1, max-image-preview:large, max-video-preview:-1\" \/>\n<link rel=\"canonical\" href=\"https:\/\/neos-music.com\/en_us\/product\/archon-works-for-violin-percussion-and-machine-learning-environment\/\" \/>\n<meta property=\"og:locale\" content=\"en_US\" \/>\n<meta property=\"og:type\" content=\"article\" \/>\n<meta property=\"og:title\" content=\"Archon: Works for violin, percussion, and machine learning environment - NEOS Music\" \/>\n<meta property=\"og:description\" content=\"&nbsp; Infotext: Archon ist eine Open-Source-Datenschnittstelle. Es bietet eine interaktive Ebene f\u00fcr Demiurge, eine Deep-Learning-Audiosynthese-Engine, die von Marek Poliks und Roberto Alonso entwickelt wurde. Archon, das mit Demiurge zusammenarbeitet, macht den Gro\u00dfteil der Musik auf diesem Album aus. Archon wurde in der \u00dcberzeugung entwickelt, dass die Zukunft der Musik Instrumente und Instrumentalit\u00e4t durch algorithmische Vertikalit\u00e4ten [&hellip;]\" \/>\n<meta property=\"og:url\" content=\"https:\/\/neos-music.com\/en_us\/product\/archon-works-for-violin-percussion-and-machine-learning-environment\/\" \/>\n<meta property=\"og:site_name\" content=\"NEOS Music\" \/>\n<meta property=\"article:modified_time\" content=\"2024-01-17T12:02:02+00:00\" \/>\n<meta property=\"og:image\" content=\"https:\/\/neos-music.com\/wp-content\/uploads\/2022\/12\/NEOS_12312_Archon.jpeg\" \/>\n\t<meta property=\"og:image:width\" content=\"1648\" \/>\n\t<meta property=\"og:image:height\" content=\"1482\" \/>\n\t<meta property=\"og:image:type\" content=\"image\/jpeg\" \/>\n<meta name=\"twitter:card\" content=\"summary_large_image\" \/>\n<meta name=\"twitter:label1\" content=\"Est. reading time\" \/>\n\t<meta name=\"twitter:data1\" content=\"2 minutes\" \/>\n<script type=\"application\/ld+json\" class=\"yoast-schema-graph\">{\"@context\":\"https:\\\/\\\/schema.org\",\"@graph\":[{\"@type\":\"WebPage\",\"@id\":\"https:\\\/\\\/neos-music.com\\\/product\\\/archon-works-for-violin-percussion-and-machine-learning-environment\\\/\",\"url\":\"https:\\\/\\\/neos-music.com\\\/product\\\/archon-works-for-violin-percussion-and-machine-learning-environment\\\/\",\"name\":\"Archon: Works for violin, percussion, and machine learning environment - NEOS Music\",\"isPartOf\":{\"@id\":\"https:\\\/\\\/neos-music.com\\\/#website\"},\"primaryImageOfPage\":{\"@id\":\"https:\\\/\\\/neos-music.com\\\/product\\\/archon-works-for-violin-percussion-and-machine-learning-environment\\\/#primaryimage\"},\"image\":{\"@id\":\"https:\\\/\\\/neos-music.com\\\/product\\\/archon-works-for-violin-percussion-and-machine-learning-environment\\\/#primaryimage\"},\"thumbnailUrl\":\"https:\\\/\\\/i0.wp.com\\\/neos-music.com\\\/wp-content\\\/uploads\\\/2022\\\/12\\\/NEOS_12312_Archon.jpeg?fit=1648%2C1482&ssl=1\",\"datePublished\":\"2023-01-27T16:52:42+00:00\",\"dateModified\":\"2024-01-17T12:02:02+00:00\",\"breadcrumb\":{\"@id\":\"https:\\\/\\\/neos-music.com\\\/product\\\/archon-works-for-violin-percussion-and-machine-learning-environment\\\/#breadcrumb\"},\"inLanguage\":\"en-US\",\"potentialAction\":[{\"@type\":\"ReadAction\",\"target\":[\"https:\\\/\\\/neos-music.com\\\/product\\\/archon-works-for-violin-percussion-and-machine-learning-environment\\\/\"]}]},{\"@type\":\"ImageObject\",\"inLanguage\":\"en-US\",\"@id\":\"https:\\\/\\\/neos-music.com\\\/product\\\/archon-works-for-violin-percussion-and-machine-learning-environment\\\/#primaryimage\",\"url\":\"https:\\\/\\\/i0.wp.com\\\/neos-music.com\\\/wp-content\\\/uploads\\\/2022\\\/12\\\/NEOS_12312_Archon.jpeg?fit=1648%2C1482&ssl=1\",\"contentUrl\":\"https:\\\/\\\/i0.wp.com\\\/neos-music.com\\\/wp-content\\\/uploads\\\/2022\\\/12\\\/NEOS_12312_Archon.jpeg?fit=1648%2C1482&ssl=1\",\"width\":1648,\"height\":1482},{\"@type\":\"BreadcrumbList\",\"@id\":\"https:\\\/\\\/neos-music.com\\\/product\\\/archon-works-for-violin-percussion-and-machine-learning-environment\\\/#breadcrumb\",\"itemListElement\":[{\"@type\":\"ListItem\",\"position\":1,\"name\":\"Startseite\",\"item\":\"https:\\\/\\\/neos-music.com\\\/\"},{\"@type\":\"ListItem\",\"position\":2,\"name\":\"Produkte\",\"item\":\"https:\\\/\\\/neos-music.com\\\/shop__trashed\\\/\"},{\"@type\":\"ListItem\",\"position\":3,\"name\":\"Archon: Works for violin, percussion, and machine learning environment\"}]},{\"@type\":\"WebSite\",\"@id\":\"https:\\\/\\\/neos-music.com\\\/#website\",\"url\":\"https:\\\/\\\/neos-music.com\\\/\",\"name\":\"NEOS Music\",\"description\":\"Dein Online Shop f\u00fcr zeitgen\u00f6ssische Musik, Jazz und Classics!\",\"publisher\":{\"@id\":\"https:\\\/\\\/neos-music.com\\\/#organization\"},\"potentialAction\":[{\"@type\":\"SearchAction\",\"target\":{\"@type\":\"EntryPoint\",\"urlTemplate\":\"https:\\\/\\\/neos-music.com\\\/?s={search_term_string}\"},\"query-input\":{\"@type\":\"PropertyValueSpecification\",\"valueRequired\":true,\"valueName\":\"search_term_string\"}}],\"inLanguage\":\"en-US\"},{\"@type\":\"Organization\",\"@id\":\"https:\\\/\\\/neos-music.com\\\/#organization\",\"name\":\"NEOS Music\",\"url\":\"https:\\\/\\\/neos-music.com\\\/\",\"logo\":{\"@type\":\"ImageObject\",\"inLanguage\":\"en-US\",\"@id\":\"https:\\\/\\\/neos-music.com\\\/#\\\/schema\\\/logo\\\/image\\\/\",\"url\":\"https:\\\/\\\/i0.wp.com\\\/neos-music.com\\\/wp-content\\\/uploads\\\/2025\\\/08\\\/NEOS-Logo-weiss.png?fit=800%2C203&ssl=1\",\"contentUrl\":\"https:\\\/\\\/i0.wp.com\\\/neos-music.com\\\/wp-content\\\/uploads\\\/2025\\\/08\\\/NEOS-Logo-weiss.png?fit=800%2C203&ssl=1\",\"width\":800,\"height\":203,\"caption\":\"NEOS Music\"},\"image\":{\"@id\":\"https:\\\/\\\/neos-music.com\\\/#\\\/schema\\\/logo\\\/image\\\/\"}}]}<\/script>\n<!-- \/ Yoast SEO plugin. -->","yoast_head_json":{"title":"Archon: Works for violin, percussion, and machine learning environment - NEOS Music","robots":{"index":"index","follow":"follow","max-snippet":"max-snippet:-1","max-image-preview":"max-image-preview:large","max-video-preview":"max-video-preview:-1"},"canonical":"https:\/\/neos-music.com\/en_us\/product\/archon-works-for-violin-percussion-and-machine-learning-environment\/","og_locale":"en_US","og_type":"article","og_title":"Archon: Works for violin, percussion, and machine learning environment - NEOS Music","og_description":"&nbsp; Infotext: Archon ist eine Open-Source-Datenschnittstelle. Es bietet eine interaktive Ebene f\u00fcr Demiurge, eine Deep-Learning-Audiosynthese-Engine, die von Marek Poliks und Roberto Alonso entwickelt wurde. Archon, das mit Demiurge zusammenarbeitet, macht den Gro\u00dfteil der Musik auf diesem Album aus. Archon wurde in der \u00dcberzeugung entwickelt, dass die Zukunft der Musik Instrumente und Instrumentalit\u00e4t durch algorithmische Vertikalit\u00e4ten [&hellip;]","og_url":"https:\/\/neos-music.com\/en_us\/product\/archon-works-for-violin-percussion-and-machine-learning-environment\/","og_site_name":"NEOS Music","article_modified_time":"2024-01-17T12:02:02+00:00","og_image":[{"width":1648,"height":1482,"url":"https:\/\/neos-music.com\/wp-content\/uploads\/2022\/12\/NEOS_12312_Archon.jpeg","type":"image\/jpeg"}],"twitter_card":"summary_large_image","twitter_misc":{"Est. reading time":"2 minutes"},"schema":{"@context":"https:\/\/schema.org","@graph":[{"@type":"WebPage","@id":"https:\/\/neos-music.com\/product\/archon-works-for-violin-percussion-and-machine-learning-environment\/","url":"https:\/\/neos-music.com\/product\/archon-works-for-violin-percussion-and-machine-learning-environment\/","name":"Archon: Works for violin, percussion, and machine learning environment - NEOS Music","isPartOf":{"@id":"https:\/\/neos-music.com\/#website"},"primaryImageOfPage":{"@id":"https:\/\/neos-music.com\/product\/archon-works-for-violin-percussion-and-machine-learning-environment\/#primaryimage"},"image":{"@id":"https:\/\/neos-music.com\/product\/archon-works-for-violin-percussion-and-machine-learning-environment\/#primaryimage"},"thumbnailUrl":"https:\/\/i0.wp.com\/neos-music.com\/wp-content\/uploads\/2022\/12\/NEOS_12312_Archon.jpeg?fit=1648%2C1482&ssl=1","datePublished":"2023-01-27T16:52:42+00:00","dateModified":"2024-01-17T12:02:02+00:00","breadcrumb":{"@id":"https:\/\/neos-music.com\/product\/archon-works-for-violin-percussion-and-machine-learning-environment\/#breadcrumb"},"inLanguage":"en-US","potentialAction":[{"@type":"ReadAction","target":["https:\/\/neos-music.com\/product\/archon-works-for-violin-percussion-and-machine-learning-environment\/"]}]},{"@type":"ImageObject","inLanguage":"en-US","@id":"https:\/\/neos-music.com\/product\/archon-works-for-violin-percussion-and-machine-learning-environment\/#primaryimage","url":"https:\/\/i0.wp.com\/neos-music.com\/wp-content\/uploads\/2022\/12\/NEOS_12312_Archon.jpeg?fit=1648%2C1482&ssl=1","contentUrl":"https:\/\/i0.wp.com\/neos-music.com\/wp-content\/uploads\/2022\/12\/NEOS_12312_Archon.jpeg?fit=1648%2C1482&ssl=1","width":1648,"height":1482},{"@type":"BreadcrumbList","@id":"https:\/\/neos-music.com\/product\/archon-works-for-violin-percussion-and-machine-learning-environment\/#breadcrumb","itemListElement":[{"@type":"ListItem","position":1,"name":"Startseite","item":"https:\/\/neos-music.com\/"},{"@type":"ListItem","position":2,"name":"Produkte","item":"https:\/\/neos-music.com\/shop__trashed\/"},{"@type":"ListItem","position":3,"name":"Archon: Works for violin, percussion, and machine learning environment"}]},{"@type":"WebSite","@id":"https:\/\/neos-music.com\/#website","url":"https:\/\/neos-music.com\/","name":"NEOS Music","description":"Dein Online Shop f\u00fcr zeitgen\u00f6ssische Musik, Jazz und Classics!","publisher":{"@id":"https:\/\/neos-music.com\/#organization"},"potentialAction":[{"@type":"SearchAction","target":{"@type":"EntryPoint","urlTemplate":"https:\/\/neos-music.com\/?s={search_term_string}"},"query-input":{"@type":"PropertyValueSpecification","valueRequired":true,"valueName":"search_term_string"}}],"inLanguage":"en-US"},{"@type":"Organization","@id":"https:\/\/neos-music.com\/#organization","name":"NEOS Music","url":"https:\/\/neos-music.com\/","logo":{"@type":"ImageObject","inLanguage":"en-US","@id":"https:\/\/neos-music.com\/#\/schema\/logo\/image\/","url":"https:\/\/i0.wp.com\/neos-music.com\/wp-content\/uploads\/2025\/08\/NEOS-Logo-weiss.png?fit=800%2C203&ssl=1","contentUrl":"https:\/\/i0.wp.com\/neos-music.com\/wp-content\/uploads\/2025\/08\/NEOS-Logo-weiss.png?fit=800%2C203&ssl=1","width":800,"height":203,"caption":"NEOS Music"},"image":{"@id":"https:\/\/neos-music.com\/#\/schema\/logo\/image\/"}}]}},"jetpack_sharing_enabled":true,"_links":{"self":[{"href":"https:\/\/neos-music.com\/en_us\/wp-json\/wp\/v2\/product\/4388","targetHints":{"allow":["GET"]}}],"collection":[{"href":"https:\/\/neos-music.com\/en_us\/wp-json\/wp\/v2\/product"}],"about":[{"href":"https:\/\/neos-music.com\/en_us\/wp-json\/wp\/v2\/types\/product"}],"version-history":[{"count":1,"href":"https:\/\/neos-music.com\/en_us\/wp-json\/wp\/v2\/product\/4388\/revisions"}],"predecessor-version":[{"id":8089,"href":"https:\/\/neos-music.com\/en_us\/wp-json\/wp\/v2\/product\/4388\/revisions\/8089"}],"wp:featuredmedia":[{"embeddable":true,"href":"https:\/\/neos-music.com\/en_us\/wp-json\/wp\/v2\/media\/4389"}],"wp:attachment":[{"href":"https:\/\/neos-music.com\/en_us\/wp-json\/wp\/v2\/media?parent=4388"}],"wp:term":[{"taxonomy":"product_brand","embeddable":true,"href":"https:\/\/neos-music.com\/en_us\/wp-json\/wp\/v2\/product_brand?post=4388"},{"taxonomy":"product_cat","embeddable":true,"href":"https:\/\/neos-music.com\/en_us\/wp-json\/wp\/v2\/product_cat?post=4388"},{"taxonomy":"product_tag","embeddable":true,"href":"https:\/\/neos-music.com\/en_us\/wp-json\/wp\/v2\/product_tag?post=4388"}],"curies":[{"name":"wp","href":"https:\/\/api.w.org\/{rel}","templated":true}]}}