{"id":6759,"date":"2023-02-24T17:44:16","date_gmt":"2023-02-24T17:44:16","guid":{"rendered":"https:\/\/neos-music.com\/?post_type=product&#038;p=6759"},"modified":"2023-05-22T13:39:44","modified_gmt":"2023-05-22T13:39:44","slug":"ernst-helmut-flammen-music-with-flutes","status":"publish","type":"product","link":"https:\/\/neos-music.com\/en_us\/product\/ernst-helmut-flammen-music-with-flutes\/","title":{"rendered":"Ernst Helmuth Flammer: Music with Flutes"},"content":{"rendered":"<p>Infotext:<\/p>\n<table border=\"0\" width=\"100%\" rules=\"none\" cellspacing=\"0\" cellpadding=\"0\">\n<tbody>\n<tr>\n<td class=\"bigcontent2\">\n<div id=\"infotext\">\n<p>Seit jeher steht f\u00fcr Ernst Helmuth Flammer die Besch\u00e4ftigung mit Sein und Zeit, Zeit und Raum in ihren verschiedenen Aggregatszust\u00e4nden, in ihren verschiedenen Graden von Materialisierung und Gegenst\u00e4ndlichkeit im Mittelpunkt seines Komponierens, auch deren Ende, verbunden mit dem, was danach kommt. Dies gilt umso mehr f\u00fcr die Kompositionen, in denen die Fl\u00f6teninstrumente im Mittelpunkt stehen. Da diese Werke \u00fcber einen gro\u00dfen Zeitraum entstanden sind, bilden diese auch ein Kaleidoskop seines Komponierens \u00fcber einen langen Zeitraum ab.<\/p>\n<p><i><b>Styx<\/b> <\/i>f\u00fcr Fl\u00f6te und Kammerorchester, komponiert 1979\u2009\/\u20091980, mit Carin Levine und dem Ensemble K\u00f6ln unter der Leitung von Robert HP Platz, ist noch weitgehend einer seriellen Tradition verpflichtet.<\/p>\n<p><b><i>Se mettre en route vers l\u2019infini \u2026 il faut traverser \u2026<\/i><\/b> (1995\u20131997) ist eine Studie f\u00fcr Oktobass-Fl\u00f6te, gespielt von Pierre-Yves Artaud, deren Stimmlage jener des Kontrabasses entspricht, sowie f\u00fcr Klavier, gespielt von Pi-hsien Chen, und Elektronik.<\/p>\n<p><i><b>Interludium VII<\/b> <\/i>(2003) f\u00fcr Solo-Fl\u00f6te, eingespielt vom Carin Levine, ist ein Zwischenspiel aus einem kritischen Zyklus f\u00fcr Bigband und Soloinstrumente, der Kolonialismus, ethnische \u00dcberfremdung, Fremdherrschaft und kulturelle Vereinnahmung reflektiert. Nicht zuletzt deshalb ist dieses St\u00fcck stark von Swing- und Jazzelementen durchsetzt.<\/p>\n<p>Das ebenfalls von Carin Levine eingespielte Werk K\u012bpuka (2020\u2009\/\u20092021) bezeichnet Flammer eine Hommage an Klaus K. H\u00fcbler, den viel zu fr\u00fch von uns gegangenen bedeutenden Komponisten, an den Freund.<\/p>\n<\/div>\n<\/td>\n<\/tr>\n<\/tbody>\n<\/table>\n<p>Programm:<\/p>\n<table border=\"0\" width=\"100%\" rules=\"none\" cellspacing=\"0\" cellpadding=\"0\">\n<tbody>\n<tr>\n<td class=\"bigcontent2\">\n<div id=\"tracks\">\n<p>[01] <b>K\u012bpuka<\/b> f\u00fcr Fl\u00f6te (2020\/2021) <b>17:45<br \/>\n<\/b><i>Hommage \u00e0 Klaus K. H\u00fcbler\u00a0<\/i><\/p>\n<p><a href=\"https:\/\/neos-music.com\/carin-levine\/\">Carin Levine<\/a>, Fl\u00f6te<\/p>\n<p>[02] <b>Se mettre en route vers l\u2019infini \u2026 il faut traverser \u2026<\/b>f\u00fcr Oktobass-Fl\u00f6te und Klavier mit Tonband (1995\u20131997) <b>26:04<br \/>\n<\/b><br \/>\nPierre-Yves Artaud, Oktobass-Fl\u00f6te<br \/>\nPi-hsien Chen, Klavier<\/p>\n<p>[03] <b>Interludium VII<\/b>\u00a0f\u00fcr Fl\u00f6te (2003) <b>06:16<\/b><\/p>\n<p><a href=\"https:\/\/neos-music.com\/carin-levine\/\">Carin Levine<\/a>, Fl\u00f6te<\/p>\n<p>[04] <b>Styx<\/b>\u00a0f\u00fcr Fl\u00f6te und Kammerorchester (1979\/1980) <b>21:11<br \/>\n<\/b><\/p>\n<p><a href=\"https:\/\/neos-music.com\/carin-levine\/\">Carin Levine<\/a>, Fl\u00f6te<br \/>\nEnsemble K\u00f6ln<br \/>\n<a class=\"arcoma_glossarylink\" href=\"https:\/\/neos-music.com\/robert-hp-platz\/\" target=\"_self\" rel=\"noopener\">Robert HP Platz<\/a>, Dirigent<\/p>\n<p>Gesamtspielzeit: 71:16<\/p>\n<p><i>Ersteinspielungen<\/i><\/p>\n<\/div>\n<\/td>\n<\/tr>\n<\/tbody>\n<\/table>\n<p>&nbsp;<\/p>\n<p>&nbsp;<\/p>\n","protected":false},"excerpt":{"rendered":"<p>Infotext: Seit jeher steht f\u00fcr Ernst Helmuth Flammer die Besch\u00e4ftigung mit Sein und Zeit, Zeit und Raum in ihren verschiedenen Aggregatszust\u00e4nden, in ihren verschiedenen Graden von Materialisierung und Gegenst\u00e4ndlichkeit im Mittelpunkt seines Komponierens, auch deren Ende, verbunden mit dem, was danach kommt. Dies gilt umso mehr f\u00fcr die Kompositionen, in denen die Fl\u00f6teninstrumente im Mittelpunkt [&hellip;]<\/p>\n","protected":false},"featured_media":6770,"template":"","meta":{"site-sidebar-layout":"default","site-content-layout":"default","ast-site-content-layout":"default","site-content-style":"default","site-sidebar-style":"default","ast-global-header-display":"","ast-banner-title-visibility":"","ast-main-header-display":"","ast-hfb-above-header-display":"","ast-hfb-below-header-display":"","ast-hfb-mobile-header-display":"","site-post-title":"","ast-breadcrumbs-content":"","ast-featured-img":"","footer-sml-layout":"","theme-transparent-header-meta":"default","adv-header-id-meta":"","stick-header-meta":"","header-above-stick-meta":"","header-main-stick-meta":"","header-below-stick-meta":"","astra-migrate-meta-layouts":"default","ast-page-background-enabled":"default","ast-page-background-meta":{"desktop":{"background-color":"","background-image":"","background-repeat":"repeat","background-position":"center center","background-size":"auto","background-attachment":"scroll","background-type":"","background-media":"","overlay-type":"","overlay-color":"","overlay-opacity":"","overlay-gradient":""},"tablet":{"background-color":"","background-image":"","background-repeat":"repeat","background-position":"center center","background-size":"auto","background-attachment":"scroll","background-type":"","background-media":"","overlay-type":"","overlay-color":"","overlay-opacity":"","overlay-gradient":""},"mobile":{"background-color":"","background-image":"","background-repeat":"repeat","background-position":"center center","background-size":"auto","background-attachment":"scroll","background-type":"","background-media":"","overlay-type":"","overlay-color":"","overlay-opacity":"","overlay-gradient":""}},"ast-content-background-meta":{"desktop":{"background-color":"var(--ast-global-color-5)","background-image":"","background-repeat":"repeat","background-position":"center center","background-size":"auto","background-attachment":"scroll","background-type":"","background-media":"","overlay-type":"","overlay-color":"","overlay-opacity":"","overlay-gradient":""},"tablet":{"background-color":"var(--ast-global-color-5)","background-image":"","background-repeat":"repeat","background-position":"center center","background-size":"auto","background-attachment":"scroll","background-type":"","background-media":"","overlay-type":"","overlay-color":"","overlay-opacity":"","overlay-gradient":""},"mobile":{"background-color":"var(--ast-global-color-5)","background-image":"","background-repeat":"repeat","background-position":"center center","background-size":"auto","background-attachment":"scroll","background-type":"","background-media":"","overlay-type":"","overlay-color":"","overlay-opacity":"","overlay-gradient":""}}},"product_brand":[],"product_cat":[26],"product_tag":[],"class_list":{"0":"post-6759","1":"product","2":"type-product","3":"status-publish","4":"has-post-thumbnail","6":"product_cat-zeitgenossische-musik","7":"pa_artikelnummer-neos-12224","8":"pa_brand-neos-music","9":"pa_ean-885","10":"desktop-align-left","11":"tablet-align-left","12":"mobile-align-left","14":"first","15":"instock","16":"taxable","17":"shipping-taxable","18":"purchasable","19":"product-type-simple"},"yoast_head":"<!-- This site is optimized with the Yoast SEO plugin v27.4 - https:\/\/yoast.com\/product\/yoast-seo-wordpress\/ -->\n<title>Ernst Helmuth Flammer: Music with Flutes - NEOS Music<\/title>\n<meta name=\"robots\" content=\"index, follow, max-snippet:-1, max-image-preview:large, max-video-preview:-1\" \/>\n<link rel=\"canonical\" href=\"https:\/\/neos-music.com\/en_us\/product\/ernst-helmut-flammen-music-with-flutes\/\" \/>\n<meta property=\"og:locale\" content=\"en_US\" \/>\n<meta property=\"og:type\" content=\"article\" \/>\n<meta property=\"og:title\" content=\"Ernst Helmuth Flammer: Music with Flutes - NEOS Music\" \/>\n<meta property=\"og:description\" content=\"Infotext: Seit jeher steht f\u00fcr Ernst Helmuth Flammer die Besch\u00e4ftigung mit Sein und Zeit, Zeit und Raum in ihren verschiedenen Aggregatszust\u00e4nden, in ihren verschiedenen Graden von Materialisierung und Gegenst\u00e4ndlichkeit im Mittelpunkt seines Komponierens, auch deren Ende, verbunden mit dem, was danach kommt. Dies gilt umso mehr f\u00fcr die Kompositionen, in denen die Fl\u00f6teninstrumente im Mittelpunkt [&hellip;]\" \/>\n<meta property=\"og:url\" content=\"https:\/\/neos-music.com\/en_us\/product\/ernst-helmut-flammen-music-with-flutes\/\" \/>\n<meta property=\"og:site_name\" content=\"NEOS Music\" \/>\n<meta property=\"article:modified_time\" content=\"2023-05-22T13:39:44+00:00\" \/>\n<meta property=\"og:image\" content=\"https:\/\/neos-music.com\/wp-content\/uploads\/2023\/01\/NEOS_12224_Flammer.jpg\" \/>\n\t<meta property=\"og:image:width\" content=\"1647\" \/>\n\t<meta property=\"og:image:height\" content=\"1483\" \/>\n\t<meta property=\"og:image:type\" content=\"image\/jpeg\" \/>\n<meta name=\"twitter:card\" content=\"summary_large_image\" \/>\n<meta name=\"twitter:label1\" content=\"Est. reading time\" \/>\n\t<meta name=\"twitter:data1\" content=\"2 minutes\" \/>\n<script type=\"application\/ld+json\" class=\"yoast-schema-graph\">{\"@context\":\"https:\\\/\\\/schema.org\",\"@graph\":[{\"@type\":\"WebPage\",\"@id\":\"https:\\\/\\\/neos-music.com\\\/product\\\/ernst-helmut-flammen-music-with-flutes\\\/\",\"url\":\"https:\\\/\\\/neos-music.com\\\/product\\\/ernst-helmut-flammen-music-with-flutes\\\/\",\"name\":\"Ernst Helmuth Flammer: Music with Flutes - NEOS Music\",\"isPartOf\":{\"@id\":\"https:\\\/\\\/neos-music.com\\\/#website\"},\"primaryImageOfPage\":{\"@id\":\"https:\\\/\\\/neos-music.com\\\/product\\\/ernst-helmut-flammen-music-with-flutes\\\/#primaryimage\"},\"image\":{\"@id\":\"https:\\\/\\\/neos-music.com\\\/product\\\/ernst-helmut-flammen-music-with-flutes\\\/#primaryimage\"},\"thumbnailUrl\":\"https:\\\/\\\/i0.wp.com\\\/neos-music.com\\\/wp-content\\\/uploads\\\/2023\\\/01\\\/NEOS_12224_Flammer.jpg?fit=1647%2C1483&ssl=1\",\"datePublished\":\"2023-02-24T17:44:16+00:00\",\"dateModified\":\"2023-05-22T13:39:44+00:00\",\"breadcrumb\":{\"@id\":\"https:\\\/\\\/neos-music.com\\\/product\\\/ernst-helmut-flammen-music-with-flutes\\\/#breadcrumb\"},\"inLanguage\":\"en-US\",\"potentialAction\":[{\"@type\":\"ReadAction\",\"target\":[\"https:\\\/\\\/neos-music.com\\\/product\\\/ernst-helmut-flammen-music-with-flutes\\\/\"]}]},{\"@type\":\"ImageObject\",\"inLanguage\":\"en-US\",\"@id\":\"https:\\\/\\\/neos-music.com\\\/product\\\/ernst-helmut-flammen-music-with-flutes\\\/#primaryimage\",\"url\":\"https:\\\/\\\/i0.wp.com\\\/neos-music.com\\\/wp-content\\\/uploads\\\/2023\\\/01\\\/NEOS_12224_Flammer.jpg?fit=1647%2C1483&ssl=1\",\"contentUrl\":\"https:\\\/\\\/i0.wp.com\\\/neos-music.com\\\/wp-content\\\/uploads\\\/2023\\\/01\\\/NEOS_12224_Flammer.jpg?fit=1647%2C1483&ssl=1\",\"width\":1647,\"height\":1483},{\"@type\":\"BreadcrumbList\",\"@id\":\"https:\\\/\\\/neos-music.com\\\/product\\\/ernst-helmut-flammen-music-with-flutes\\\/#breadcrumb\",\"itemListElement\":[{\"@type\":\"ListItem\",\"position\":1,\"name\":\"Startseite\",\"item\":\"https:\\\/\\\/neos-music.com\\\/\"},{\"@type\":\"ListItem\",\"position\":2,\"name\":\"Produkte\",\"item\":\"https:\\\/\\\/neos-music.com\\\/shop__trashed\\\/\"},{\"@type\":\"ListItem\",\"position\":3,\"name\":\"Ernst Helmuth Flammer: Music with Flutes\"}]},{\"@type\":\"WebSite\",\"@id\":\"https:\\\/\\\/neos-music.com\\\/#website\",\"url\":\"https:\\\/\\\/neos-music.com\\\/\",\"name\":\"NEOS Music\",\"description\":\"Dein Online Shop f\u00fcr zeitgen\u00f6ssische Musik, Jazz und Classics!\",\"publisher\":{\"@id\":\"https:\\\/\\\/neos-music.com\\\/#organization\"},\"potentialAction\":[{\"@type\":\"SearchAction\",\"target\":{\"@type\":\"EntryPoint\",\"urlTemplate\":\"https:\\\/\\\/neos-music.com\\\/?s={search_term_string}\"},\"query-input\":{\"@type\":\"PropertyValueSpecification\",\"valueRequired\":true,\"valueName\":\"search_term_string\"}}],\"inLanguage\":\"en-US\"},{\"@type\":\"Organization\",\"@id\":\"https:\\\/\\\/neos-music.com\\\/#organization\",\"name\":\"NEOS Music\",\"url\":\"https:\\\/\\\/neos-music.com\\\/\",\"logo\":{\"@type\":\"ImageObject\",\"inLanguage\":\"en-US\",\"@id\":\"https:\\\/\\\/neos-music.com\\\/#\\\/schema\\\/logo\\\/image\\\/\",\"url\":\"https:\\\/\\\/i0.wp.com\\\/neos-music.com\\\/wp-content\\\/uploads\\\/2025\\\/08\\\/NEOS-Logo-weiss.png?fit=800%2C203&ssl=1\",\"contentUrl\":\"https:\\\/\\\/i0.wp.com\\\/neos-music.com\\\/wp-content\\\/uploads\\\/2025\\\/08\\\/NEOS-Logo-weiss.png?fit=800%2C203&ssl=1\",\"width\":800,\"height\":203,\"caption\":\"NEOS Music\"},\"image\":{\"@id\":\"https:\\\/\\\/neos-music.com\\\/#\\\/schema\\\/logo\\\/image\\\/\"}}]}<\/script>\n<!-- \/ Yoast SEO plugin. -->","yoast_head_json":{"title":"Ernst Helmuth Flammer: Music with Flutes - NEOS Music","robots":{"index":"index","follow":"follow","max-snippet":"max-snippet:-1","max-image-preview":"max-image-preview:large","max-video-preview":"max-video-preview:-1"},"canonical":"https:\/\/neos-music.com\/en_us\/product\/ernst-helmut-flammen-music-with-flutes\/","og_locale":"en_US","og_type":"article","og_title":"Ernst Helmuth Flammer: Music with Flutes - NEOS Music","og_description":"Infotext: Seit jeher steht f\u00fcr Ernst Helmuth Flammer die Besch\u00e4ftigung mit Sein und Zeit, Zeit und Raum in ihren verschiedenen Aggregatszust\u00e4nden, in ihren verschiedenen Graden von Materialisierung und Gegenst\u00e4ndlichkeit im Mittelpunkt seines Komponierens, auch deren Ende, verbunden mit dem, was danach kommt. Dies gilt umso mehr f\u00fcr die Kompositionen, in denen die Fl\u00f6teninstrumente im Mittelpunkt [&hellip;]","og_url":"https:\/\/neos-music.com\/en_us\/product\/ernst-helmut-flammen-music-with-flutes\/","og_site_name":"NEOS Music","article_modified_time":"2023-05-22T13:39:44+00:00","og_image":[{"width":1647,"height":1483,"url":"https:\/\/neos-music.com\/wp-content\/uploads\/2023\/01\/NEOS_12224_Flammer.jpg","type":"image\/jpeg"}],"twitter_card":"summary_large_image","twitter_misc":{"Est. reading time":"2 minutes"},"schema":{"@context":"https:\/\/schema.org","@graph":[{"@type":"WebPage","@id":"https:\/\/neos-music.com\/product\/ernst-helmut-flammen-music-with-flutes\/","url":"https:\/\/neos-music.com\/product\/ernst-helmut-flammen-music-with-flutes\/","name":"Ernst Helmuth Flammer: Music with Flutes - NEOS Music","isPartOf":{"@id":"https:\/\/neos-music.com\/#website"},"primaryImageOfPage":{"@id":"https:\/\/neos-music.com\/product\/ernst-helmut-flammen-music-with-flutes\/#primaryimage"},"image":{"@id":"https:\/\/neos-music.com\/product\/ernst-helmut-flammen-music-with-flutes\/#primaryimage"},"thumbnailUrl":"https:\/\/i0.wp.com\/neos-music.com\/wp-content\/uploads\/2023\/01\/NEOS_12224_Flammer.jpg?fit=1647%2C1483&ssl=1","datePublished":"2023-02-24T17:44:16+00:00","dateModified":"2023-05-22T13:39:44+00:00","breadcrumb":{"@id":"https:\/\/neos-music.com\/product\/ernst-helmut-flammen-music-with-flutes\/#breadcrumb"},"inLanguage":"en-US","potentialAction":[{"@type":"ReadAction","target":["https:\/\/neos-music.com\/product\/ernst-helmut-flammen-music-with-flutes\/"]}]},{"@type":"ImageObject","inLanguage":"en-US","@id":"https:\/\/neos-music.com\/product\/ernst-helmut-flammen-music-with-flutes\/#primaryimage","url":"https:\/\/i0.wp.com\/neos-music.com\/wp-content\/uploads\/2023\/01\/NEOS_12224_Flammer.jpg?fit=1647%2C1483&ssl=1","contentUrl":"https:\/\/i0.wp.com\/neos-music.com\/wp-content\/uploads\/2023\/01\/NEOS_12224_Flammer.jpg?fit=1647%2C1483&ssl=1","width":1647,"height":1483},{"@type":"BreadcrumbList","@id":"https:\/\/neos-music.com\/product\/ernst-helmut-flammen-music-with-flutes\/#breadcrumb","itemListElement":[{"@type":"ListItem","position":1,"name":"Startseite","item":"https:\/\/neos-music.com\/"},{"@type":"ListItem","position":2,"name":"Produkte","item":"https:\/\/neos-music.com\/shop__trashed\/"},{"@type":"ListItem","position":3,"name":"Ernst Helmuth Flammer: Music with Flutes"}]},{"@type":"WebSite","@id":"https:\/\/neos-music.com\/#website","url":"https:\/\/neos-music.com\/","name":"NEOS Music","description":"Dein Online Shop f\u00fcr zeitgen\u00f6ssische Musik, Jazz und Classics!","publisher":{"@id":"https:\/\/neos-music.com\/#organization"},"potentialAction":[{"@type":"SearchAction","target":{"@type":"EntryPoint","urlTemplate":"https:\/\/neos-music.com\/?s={search_term_string}"},"query-input":{"@type":"PropertyValueSpecification","valueRequired":true,"valueName":"search_term_string"}}],"inLanguage":"en-US"},{"@type":"Organization","@id":"https:\/\/neos-music.com\/#organization","name":"NEOS Music","url":"https:\/\/neos-music.com\/","logo":{"@type":"ImageObject","inLanguage":"en-US","@id":"https:\/\/neos-music.com\/#\/schema\/logo\/image\/","url":"https:\/\/i0.wp.com\/neos-music.com\/wp-content\/uploads\/2025\/08\/NEOS-Logo-weiss.png?fit=800%2C203&ssl=1","contentUrl":"https:\/\/i0.wp.com\/neos-music.com\/wp-content\/uploads\/2025\/08\/NEOS-Logo-weiss.png?fit=800%2C203&ssl=1","width":800,"height":203,"caption":"NEOS Music"},"image":{"@id":"https:\/\/neos-music.com\/#\/schema\/logo\/image\/"}}]}},"jetpack_sharing_enabled":true,"_links":{"self":[{"href":"https:\/\/neos-music.com\/en_us\/wp-json\/wp\/v2\/product\/6759","targetHints":{"allow":["GET"]}}],"collection":[{"href":"https:\/\/neos-music.com\/en_us\/wp-json\/wp\/v2\/product"}],"about":[{"href":"https:\/\/neos-music.com\/en_us\/wp-json\/wp\/v2\/types\/product"}],"version-history":[{"count":0,"href":"https:\/\/neos-music.com\/en_us\/wp-json\/wp\/v2\/product\/6759\/revisions"}],"wp:featuredmedia":[{"embeddable":true,"href":"https:\/\/neos-music.com\/en_us\/wp-json\/wp\/v2\/media\/6770"}],"wp:attachment":[{"href":"https:\/\/neos-music.com\/en_us\/wp-json\/wp\/v2\/media?parent=6759"}],"wp:term":[{"taxonomy":"product_brand","embeddable":true,"href":"https:\/\/neos-music.com\/en_us\/wp-json\/wp\/v2\/product_brand?post=6759"},{"taxonomy":"product_cat","embeddable":true,"href":"https:\/\/neos-music.com\/en_us\/wp-json\/wp\/v2\/product_cat?post=6759"},{"taxonomy":"product_tag","embeddable":true,"href":"https:\/\/neos-music.com\/en_us\/wp-json\/wp\/v2\/product_tag?post=6759"}],"curies":[{"name":"wp","href":"https:\/\/api.w.org\/{rel}","templated":true}]}}