{"id":6808,"date":"2023-02-24T19:43:35","date_gmt":"2023-02-24T19:43:35","guid":{"rendered":"https:\/\/neos-music.com\/?post_type=product&#038;p=6808"},"modified":"2023-06-28T14:42:48","modified_gmt":"2023-06-28T14:42:48","slug":"laura-vega-luz-de-tinieblas-chamber-music","status":"publish","type":"product","link":"https:\/\/neos-music.com\/en_us\/product\/laura-vega-luz-de-tinieblas-chamber-music\/","title":{"rendered":"Laura Vega: Luz de tinieblas &#8211; Chamber Music"},"content":{"rendered":"<p>Infotext:<\/p>\n<table border=\"0\" width=\"100%\" rules=\"none\" cellspacing=\"0\" cellpadding=\"0\">\n<tbody>\n<tr>\n<td class=\"bigcontent2\">\n<div id=\"infotext\">\n<p><b>LICHTE FINSTERNIS<\/b><\/p>\n<p>Diese CD geh\u00f6rt zu den Projekten, die mich in meiner beruflichen Laufbahn am meisten begl\u00fcckt haben. Es begann mit dem Treffen der Auswahl, was f\u00fcr mich eine Wiederbegegnung mit meinen Werken und auch eine Auseinandersetzung mit meinem Weg als K\u00fcnstlerin bedeutet hat. Ich habe vor allem solche Werke ausgesucht, die f\u00fcr mich Wegmarken sind, im musikalischen Sinn, aber auch bez\u00fcglich der Lebensumst\u00e4nde, unter denen sie entstanden, und der Interpreten, denen sie gewidmet sind.<\/p>\n<p>Insgesamt habe ich acht kammermusikalische Werke zusammengestellt, die ich zwischen 2007 und 2019 f\u00fcr verschiedene Besetzungen geschrieben habe, wobei das Klavier jeweils den Ausgangspunkt bildet, zu dem Klarinette, Schlagzeug und vor allem Streichinstrumente hinzukommen; Letztere entsprechen meiner Sensibilit\u00e4t und dem, was ich ausdr\u00fccken will in besonderer Weise.<\/p>\n<p>Die Aufnahmen fanden von M\u00e4rz bis Juni 2022 im Auditorio Alfredo Kraus in Las Palmas de Gran Canaria statt, und ich danke dem Kulturverein Taller L\u00edrico de Canarias, dem Instituto Canario de Desarrollo Cultural del Gobierno de Canarias, dem Orquesta Filarm\u00f3nica de Gran Canaria und dem Auditorio Alfredo Kraus f\u00fcr die Zusammenarbeit. Und besonders danke ich den Interpreten, die meine musikalischen Ideen mit so viel Liebe und Hingabe umgesetzt haben, sowie all jenen, die ihr Bestes gegeben haben, um dieses Projekt Wirklichkeit werden zu lassen: Antonio Miranda, Gonzalo Angulo, Nicole Mart\u00edn Medina, \u00c1ngel Luis Aldai, Juan Pedro Le\u00f3n, Wulf Weinmann und dem gesamten NEOS-Team.<\/p>\n<p>1.\u00a0<b>Viaje al silencio<\/b>\u00a0(Reise in die Stille)<br \/>\nf\u00fcr Klarinette, Violoncello, Schlagzeug und Klavier<\/p>\n<p>Ich habe das St\u00fcck 2012 anl\u00e4sslich meiner Aufnahme in die K\u00f6nigliche Akademie der Sch\u00f6nen K\u00fcnste der Kanarischen Inseln geschrieben. Inspiration f\u00fcr dieses Werk gab mir das Buch\u00a0<i>A Book of Silence<\/i>\u00a0der britischen Schriftstellerin Sara Maitland. Sie versteht Stille nicht als Abwesenheit oder Leere, sondern als etwas, das wir in uns finden. Ich lehne mich auch an das an, was die Zen-Meisterin und Expertin f\u00fcr Meditation Berta Meneses sagt. Stille bedeutet f\u00fcr sie nicht Passivit\u00e4t oder die Abwesenheit von Ger\u00e4uschen, vielmehr geht es laut ihr darum, auf dem Weg zur Weisheit den Raum unseres Bewusstseins erfahren zu lernen. In der stillen Besinnung mit uns finden wir unser wahres Selbst, wir kommen zu einem inneren Gleichgewicht. Die Musik l\u00e4dt den H\u00f6rer zu einer Reise in sein Inneres ein, zu einer Reise in die Stille \u2026<\/p>\n<p>2.\u00a0<b>Cuatro miradas a un infinito limitado<\/b>\u00a0(Vier Blicke auf eine begrenzte Unendlichkeit)<br \/>\nf\u00fcr Klarinette, Violoncello und Klavier<\/p>\n<p>Dieses St\u00fcck ist 2016 im Auftrag der Fundaci\u00f3n MAPFRE Guanarteme entstanden, im Rahmen des Seminars \u00bbDie Stadt geh\u00f6rt\u00ab. Es sollten neue Kompositionen vorgestellt werden, die die Stadt Las Palmas de Gran Canaria als Impuls haben. Die Landschaft von La Isleta, betrachtet an vier Momenten (Farben) des Tages, in der Morgend\u00e4mmerung, am Nachmittag, in der Nacht und am fr\u00fchen Morgen, bildet den r\u00e4umlichen und zeitlichen Rahmen, innerhalb dessen dieses Werk entstand. Neben der Landschaft habe ich auch in dem Gedicht\u00a0<i>Los amantes del mar<\/i>\u00a0(Die Geliebten des Meeres) von Selena Millares Inspiration gefunden.<\/p>\n<p>3.\u00a0<b>De un lejano amor<\/b>\u00a0(Von einer fernen Liebe)<br \/>\nf\u00fcr Violoncello und Klavier<\/p>\n<p>Dieses St\u00fcck habe ich 2013 f\u00fcr die Preistr\u00e4ger des Kammermusikpreises Mar\u00eda Or\u00e1n der Fundaci\u00f3n CajaCanarias komponiert, f\u00fcr Saulo Guerra (Klarinette) und Jos\u00e9 Luis Castillo (Klavier). Dem St\u00fcck zugrunde liegt das gleichnamige Gedicht des in Villa de Moya auf Gran Canaria geborenen Tom\u00e1s Morales (1884\u20131921). Das Gedicht findet sich in dem Band\u00a0<i>Poemas de la Gloria, del Amor y del Mar<\/i>, und Oswaldo Guerra schreibt dazu: \u00bbDieser Band versammelt intime Gedichte mit eindeutig romantischem Charakter, in denen die Erinnerung als sch\u00f6pferische Kraft auftritt.\u00ab Die Fassung f\u00fcr Violoncello und Klavier entstand im Jahr darauf.<\/p>\n<p>Die Verse der ersten Strophe schaffen eine schwebende Atmosph\u00e4re von dunklem, melancholischem Klang: \u00bbLiebe, Liebe, Liebe \u2026 Wo bist du hingegangen? \u2026 Verloren habe ich die Liebe! \u2026 In angenehmer Ruhe schlief ich in der Stille meiner Seele, eine jugendliche Tr\u00e4umerei, und ich habe sie verloren \u2026\u00ab<\/p>\n<p>Das St\u00fcck ist gekennzeichnet von einer gro\u00dfen formalen Freiheit, es setzt sich aus Klangebenen zusammen, wobei die verschiedenen Register des Klaviers \u00fcber ihre Resonanzen verbunden werden. Das Pianissimo und die dunkle Klangfarbe der Klarinette schaffen eine innige Atmosph\u00e4re.<\/p>\n<p>4.\u00a0<b>Luz de tinieblas<\/b>\u00a0(Lichte Finsternis)<br \/>\nf\u00fcr zwei Violoncelli, zwei Kontrab\u00e4sse und Klavier<\/p>\n<p>Dieses Werk wurde 2012 im Auditorio de la Fundaci\u00f3n Canal als Auftragswerk f\u00fcr das Orquesta de la Comunidad de Madrid uraufgef\u00fchrt. Nach den Worten des Pianisten Jos\u00e9 Luis Castillo \u00bbl\u00e4dt uns diese Musik ein, in unserer eigenen Dunkelheit nach Licht zu suchen.\u00ab Die Sehnsucht des Menschen nach spirituellem Trost findet am Ende des St\u00fccks Ausdruck im Zitat eines Fragments aus der Arie\u00a0<i>Erbarme dich<\/i>\u00a0von J.\u2009S. Bach. Die Musik durchschreitet einen Weg von Dunkelheit und Chaos hin zu Heiterkeit und Frieden.<\/p>\n<p>5.\u00a0<b>P\u00e1ginas de arena<\/b>\u00a0(Seiten aus Sand)<br \/>\nf\u00fcr Violoncello und Klavier<\/p>\n<p>Das Werk ist meiner Nichte Paula Torres Vega gewidmet und wurde 2015 im Auftrag des CNDM komponiert und im Auditorio 400 des Museo Nacional Centro de Arte Reina Sof\u00eda (MNCARS) in Madrid uraufgef\u00fchrt. Es ist inspiriert von zwei Gedichten der kanarischen Autorin Selena Millares mit den Titeln\u00a0<i>Oc\u00e9ano de sombra<\/i>\u00a0(Ozean aus Schatten) und\u00a0<i>Tu nombre<\/i>\u00a0(Dein Name). Der rhapsodische Charakter des Werks entsteht durch die Verwendung von Texturen, die das Nicht-Greifbare einer traum\u00e4hnlichen Welt klanglich umsetzen. Die f\u00fcnf Abschnitte lauten:\u00a0<i>Soliloquio I Preludio<\/i>,\u00a0<i>Oc\u00e9ano de sombra<\/i>\u00a0(Ozean aus Schatten),\u00a0<i>Soliloquio II Interludio<\/i>,\u00a0<i>Tu nombre de aire<\/i>\u00a0(Dein Name aus Luft) und\u00a0<i>Soliloquio III Postludio<\/i>.<\/p>\n<p>6.\u00a0<b>Homenajes II<\/b>\u00a0(Widmungen II)<br \/>\nf\u00fcr Viola und Klavier<\/p>\n<p>Das Werk ist als \u00bbwork in progress\u00ab konzipiert, je nach Besetzung sind unterschiedliche Versionen entstanden: 2005 habe ich es zun\u00e4chst f\u00fcr Klavier geschrieben, 2007 f\u00fcr Bratsche und Klavier sowie f\u00fcr Trompete, Cello und Klaviertrio. Wie bei einem Gem\u00e4lde, das immer wieder \u00fcbermalt wird, werden auf eine urspr\u00fcngliche Leinwand (Klavier) \u00bbFarbschichten\u00ab (andere Instrumente) gelegt, die dem Werk andere Facetten hinzuf\u00fcgen und neue Texturen schaffen, was es erm\u00f6glicht, dieselbe Idee unterschiedlichen Sichtweisen zu unterziehen.<\/p>\n<p>Das St\u00fcck entstand als Hommage an verschiedene Komponisten; Motive aus Werken von Alb\u00e9niz, Beethoven, Schubert, Schumann und Takemitsu sind frei miteinander verwoben, dabei klingen Melancholie und Nostalgie an.<\/p>\n<p>7.\u00a0<b>Ni neu<\/b>\u00a0(Ich selbst)<br \/>\nf\u00fcr Klarinette, Violine und Klavier<\/p>\n<p><i>Ni neu<\/i>, geschrieben im Jahr 2018, ist all den Frauen gewidmet, die im Lauf der Geschichte um ihr \u00dcberleben gek\u00e4mpft und es gewagt haben, ihre Gedanken und Gef\u00fchle durch Kunst auszudr\u00fccken und damit ihre Frustrationen und \u00c4ngste zu bannen. Der Titel stammt aus der Gedichtsammlung<i>\u00a0Ni neu<\/i>, die die Erzieherin Inma Arroyo w\u00e4hrend ihrer Krebsbehandlung geschrieben hat.<\/p>\n<p>Es ist aus einem fr\u00fcheren Werk mit dem Titel\u00a0<i>Alone<\/i>\u00a0(2014) hervorgegangen. Dieses St\u00fcck f\u00fcr Solovioline war als Meditation konzipiert, das einen in einen Zustand spiritueller Besinnung versetzen und zur Begegnung mit sich selbst einladen soll. Inspiriert war es von Pablo d\u2019Ors\u2019 Meditationsbuch\u00a0<i>Biograf\u00eda del silencio<\/i>\u00a0(Biografie der Stille), darin schreibt er unter anderem, dass wir im Moment der Wahrheit allein sind, dass wir auf unserer Suche nach Weisheit ins Leere blicken, uns in uns versenken und unserer inneren Stille lauschen sollen. Au\u00dferdem wird ein musikalisches Motiv aus dem Werk\u00a0<i>Vieille pri\u00e8re bouddhique<\/i>\u00a0von Lili Boulanger (1893\u20131918) zitiert, als Hommage an diese gro\u00dfartige Komponistin zu ihrem hundertsten Todestag.<\/p>\n<p>8.\u00a0<b>Para\u00edsos perdidos III<\/b>\u00a0(Verlorene Paradiese III)<br \/>\nf\u00fcr Violine, Viola, Violoncello und Klavier<\/p>\n<p>Auch dieses St\u00fcck ist als \u00bbwork in progress\u00ab entstanden, in immer wieder neuen Versionen. Urspr\u00fcnglich war es vom Gem\u00e4lde\u00a0<i>El rayo verde<\/i>\u00a0(Der gr\u00fcne Strahl) des Malers Antonio Padr\u00f3n inspiriert. Das Werk ist in kontrastierende Abschnitte gegliedert, worin man die verschiedenen Landschaften der kanarischen Geografie (die Paradiese) abgebildet sehen kann, nach denen sich die Auswanderer, die ihr Land verlassen mussten, sehnen. Musikalisch ist das Werk gepr\u00e4gt von Anleihen bei der kanarischen Folklore, wie dem melodischen Motiv des\u00a0<i>Arrorr\u00f3<\/i>\u00a0(Schlaflied) und perkussiven Elementen, die den Klang der Ch\u00e1caras und der Gomero-Trommel imitieren, und das verleiht dem St\u00fcck einen ausgepr\u00e4gten nostalgischen Charakter.<\/p>\n<p>Laura Vega<br \/>\n<i>\u00dcbersetzung aus dem Spanischen: Stefanie Gerhold<\/i><\/p>\n<\/div>\n<\/td>\n<td><\/td>\n<\/tr>\n<\/tbody>\n<\/table>\n<p>Programm:<\/p>\n<p>[01]<b>\u00a0Viaje al silencio<\/b>\u00a0f\u00fcr Klarinette, Violoncello, Schlagzeug und Klavier (2012)\u00a0<b>08:58<\/b><\/p>\n<p>[02]\u00a0<b>Cuatro miradas a un infinito limitado<\/b>\u00a0f\u00fcr Klarinette, Violoncello und Klavier (2016)\u00a0<b>08:33<\/b><\/p>\n<p>[03]<b>\u00a0De un lejano amor<\/b>\u00a0f\u00fcr Violoncello und Klavier (2013)\u00a0<b>06:41<\/b><\/p>\n<p>[04]\u00a0<b>Luz de tinieblas<\/b>\u00a0f\u00fcr zwei Violoncelli, zwei Kontrab\u00e4sse und Klavier\u00a0(2012)\u00a0<b>09:55<\/b><\/p>\n<p>[05]\u00a0<b>P\u00e1ginas de arena<\/b>\u00a0f\u00fcr Violoncello und Klavier (2015)\u00a0<b>12:59<\/b><\/p>\n<p>[06]<b>\u00a0Homenajes II<\/b>\u00a0f\u00fcr Viola und Klavier (2005\/2007)\u00a0<b>07:28<\/b><\/p>\n<p>[07]\u00a0<b>Ni neu<\/b>\u00a0f\u00fcr Klarinette, Violine und Klavier (2018)\u00a0<b>09:33<\/b><\/p>\n<p>[08]\u00a0<b>Para\u00edsos perdidos III<\/b>\u00a0f\u00fcr Violine, Viola, Violoncello und Klavier (2019)\u00a0<b>06:19<\/b><\/p>\n<p>Gesamtspielzeit: 70:43<\/p>\n<p>Laura S\u00e1nchez, Klarinette [01, 02]<br \/>\nDiego D\u00edaz Koury, Klarinette [07]<br \/>\nN\u00e9stor Henr\u00edquez, Violine<br \/>\nAdriana IIieva, Viola<br \/>\nCarlos Rivero, Violoncello [01, 02, 04, 08]<br \/>\nJuan Pablo Alem\u00e1n, Violoncello [03, 04, 05]<br \/>\nRoman Mosler &amp; J\u00fcrgen Faller, Kontrabass<br \/>\nDavid Hern\u00e1ndez, Schlagzeug<br \/>\nJos\u00e9 Luis Castillo, Klavier<br \/>\nCarmen Brito, Dirigentin[04]<\/p>\n<p>&nbsp;<\/p>\n<p><i>Ersteinspielungen<\/i><\/p>\n","protected":false},"excerpt":{"rendered":"<p>1 CD<\/p>","protected":false},"featured_media":6809,"template":"","meta":{"site-sidebar-layout":"default","site-content-layout":"default","ast-site-content-layout":"default","site-content-style":"default","site-sidebar-style":"default","ast-global-header-display":"","ast-banner-title-visibility":"","ast-main-header-display":"","ast-hfb-above-header-display":"","ast-hfb-below-header-display":"","ast-hfb-mobile-header-display":"","site-post-title":"","ast-breadcrumbs-content":"","ast-featured-img":"","footer-sml-layout":"","theme-transparent-header-meta":"default","adv-header-id-meta":"","stick-header-meta":"","header-above-stick-meta":"","header-main-stick-meta":"","header-below-stick-meta":"","astra-migrate-meta-layouts":"default","ast-page-background-enabled":"default","ast-page-background-meta":{"desktop":{"background-color":"","background-image":"","background-repeat":"repeat","background-position":"center center","background-size":"auto","background-attachment":"scroll","background-type":"","background-media":"","overlay-type":"","overlay-color":"","overlay-opacity":"","overlay-gradient":""},"tablet":{"background-color":"","background-image":"","background-repeat":"repeat","background-position":"center center","background-size":"auto","background-attachment":"scroll","background-type":"","background-media":"","overlay-type":"","overlay-color":"","overlay-opacity":"","overlay-gradient":""},"mobile":{"background-color":"","background-image":"","background-repeat":"repeat","background-position":"center center","background-size":"auto","background-attachment":"scroll","background-type":"","background-media":"","overlay-type":"","overlay-color":"","overlay-opacity":"","overlay-gradient":""}},"ast-content-background-meta":{"desktop":{"background-color":"var(--ast-global-color-5)","background-image":"","background-repeat":"repeat","background-position":"center center","background-size":"auto","background-attachment":"scroll","background-type":"","background-media":"","overlay-type":"","overlay-color":"","overlay-opacity":"","overlay-gradient":""},"tablet":{"background-color":"var(--ast-global-color-5)","background-image":"","background-repeat":"repeat","background-position":"center center","background-size":"auto","background-attachment":"scroll","background-type":"","background-media":"","overlay-type":"","overlay-color":"","overlay-opacity":"","overlay-gradient":""},"mobile":{"background-color":"var(--ast-global-color-5)","background-image":"","background-repeat":"repeat","background-position":"center center","background-size":"auto","background-attachment":"scroll","background-type":"","background-media":"","overlay-type":"","overlay-color":"","overlay-opacity":"","overlay-gradient":""}}},"product_brand":[],"product_cat":[26],"product_tag":[876],"class_list":{"0":"post-6808","1":"product","2":"type-product","3":"status-publish","4":"has-post-thumbnail","6":"product_cat-zeitgenossische-musik","7":"product_tag-neuveroeffentlichungen","8":"pa_artikelnummer-neos-12310","9":"pa_brand-neos-music","10":"pa_ean-887","11":"desktop-align-left","12":"tablet-align-left","13":"mobile-align-left","15":"first","16":"instock","17":"taxable","18":"shipping-taxable","19":"purchasable","20":"product-type-simple"},"yoast_head":"<!-- This site is optimized with the Yoast SEO plugin v27.4 - https:\/\/yoast.com\/product\/yoast-seo-wordpress\/ -->\n<title>Laura Vega: Luz de tinieblas - Chamber Music - NEOS Music<\/title>\n<meta name=\"robots\" content=\"index, follow, max-snippet:-1, max-image-preview:large, max-video-preview:-1\" \/>\n<link rel=\"canonical\" href=\"https:\/\/neos-music.com\/en_us\/product\/laura-vega-luz-de-tinieblas-chamber-music\/\" \/>\n<meta property=\"og:locale\" content=\"en_US\" \/>\n<meta property=\"og:type\" content=\"article\" \/>\n<meta property=\"og:title\" content=\"Laura Vega: Luz de tinieblas - Chamber Music - NEOS Music\" \/>\n<meta property=\"og:description\" content=\"1 CD\" \/>\n<meta property=\"og:url\" content=\"https:\/\/neos-music.com\/en_us\/product\/laura-vega-luz-de-tinieblas-chamber-music\/\" \/>\n<meta property=\"og:site_name\" content=\"NEOS Music\" \/>\n<meta property=\"article:modified_time\" content=\"2023-06-28T14:42:48+00:00\" \/>\n<meta property=\"og:image\" content=\"https:\/\/neos-music.com\/wp-content\/uploads\/2023\/02\/NEOS_12310_Vega.jpeg\" \/>\n\t<meta property=\"og:image:width\" content=\"1647\" \/>\n\t<meta property=\"og:image:height\" content=\"1482\" \/>\n\t<meta property=\"og:image:type\" content=\"image\/jpeg\" \/>\n<meta name=\"twitter:card\" content=\"summary_large_image\" \/>\n<meta name=\"twitter:label1\" content=\"Est. reading time\" \/>\n\t<meta name=\"twitter:data1\" content=\"8 minutes\" \/>\n<script type=\"application\/ld+json\" class=\"yoast-schema-graph\">{\"@context\":\"https:\\\/\\\/schema.org\",\"@graph\":[{\"@type\":\"WebPage\",\"@id\":\"https:\\\/\\\/neos-music.com\\\/product\\\/laura-vega-luz-de-tinieblas-chamber-music\\\/\",\"url\":\"https:\\\/\\\/neos-music.com\\\/product\\\/laura-vega-luz-de-tinieblas-chamber-music\\\/\",\"name\":\"Laura Vega: Luz de tinieblas - Chamber Music - NEOS Music\",\"isPartOf\":{\"@id\":\"https:\\\/\\\/neos-music.com\\\/#website\"},\"primaryImageOfPage\":{\"@id\":\"https:\\\/\\\/neos-music.com\\\/product\\\/laura-vega-luz-de-tinieblas-chamber-music\\\/#primaryimage\"},\"image\":{\"@id\":\"https:\\\/\\\/neos-music.com\\\/product\\\/laura-vega-luz-de-tinieblas-chamber-music\\\/#primaryimage\"},\"thumbnailUrl\":\"https:\\\/\\\/i0.wp.com\\\/neos-music.com\\\/wp-content\\\/uploads\\\/2023\\\/02\\\/NEOS_12310_Vega.jpeg?fit=1647%2C1482&ssl=1\",\"datePublished\":\"2023-02-24T19:43:35+00:00\",\"dateModified\":\"2023-06-28T14:42:48+00:00\",\"breadcrumb\":{\"@id\":\"https:\\\/\\\/neos-music.com\\\/product\\\/laura-vega-luz-de-tinieblas-chamber-music\\\/#breadcrumb\"},\"inLanguage\":\"en-US\",\"potentialAction\":[{\"@type\":\"ReadAction\",\"target\":[\"https:\\\/\\\/neos-music.com\\\/product\\\/laura-vega-luz-de-tinieblas-chamber-music\\\/\"]}]},{\"@type\":\"ImageObject\",\"inLanguage\":\"en-US\",\"@id\":\"https:\\\/\\\/neos-music.com\\\/product\\\/laura-vega-luz-de-tinieblas-chamber-music\\\/#primaryimage\",\"url\":\"https:\\\/\\\/i0.wp.com\\\/neos-music.com\\\/wp-content\\\/uploads\\\/2023\\\/02\\\/NEOS_12310_Vega.jpeg?fit=1647%2C1482&ssl=1\",\"contentUrl\":\"https:\\\/\\\/i0.wp.com\\\/neos-music.com\\\/wp-content\\\/uploads\\\/2023\\\/02\\\/NEOS_12310_Vega.jpeg?fit=1647%2C1482&ssl=1\",\"width\":1647,\"height\":1482},{\"@type\":\"BreadcrumbList\",\"@id\":\"https:\\\/\\\/neos-music.com\\\/product\\\/laura-vega-luz-de-tinieblas-chamber-music\\\/#breadcrumb\",\"itemListElement\":[{\"@type\":\"ListItem\",\"position\":1,\"name\":\"Startseite\",\"item\":\"https:\\\/\\\/neos-music.com\\\/\"},{\"@type\":\"ListItem\",\"position\":2,\"name\":\"Produkte\",\"item\":\"https:\\\/\\\/neos-music.com\\\/shop__trashed\\\/\"},{\"@type\":\"ListItem\",\"position\":3,\"name\":\"Laura Vega: Luz de tinieblas &#8211; Chamber Music\"}]},{\"@type\":\"WebSite\",\"@id\":\"https:\\\/\\\/neos-music.com\\\/#website\",\"url\":\"https:\\\/\\\/neos-music.com\\\/\",\"name\":\"NEOS Music\",\"description\":\"Dein Online Shop f\u00fcr zeitgen\u00f6ssische Musik, Jazz und Classics!\",\"publisher\":{\"@id\":\"https:\\\/\\\/neos-music.com\\\/#organization\"},\"potentialAction\":[{\"@type\":\"SearchAction\",\"target\":{\"@type\":\"EntryPoint\",\"urlTemplate\":\"https:\\\/\\\/neos-music.com\\\/?s={search_term_string}\"},\"query-input\":{\"@type\":\"PropertyValueSpecification\",\"valueRequired\":true,\"valueName\":\"search_term_string\"}}],\"inLanguage\":\"en-US\"},{\"@type\":\"Organization\",\"@id\":\"https:\\\/\\\/neos-music.com\\\/#organization\",\"name\":\"NEOS Music\",\"url\":\"https:\\\/\\\/neos-music.com\\\/\",\"logo\":{\"@type\":\"ImageObject\",\"inLanguage\":\"en-US\",\"@id\":\"https:\\\/\\\/neos-music.com\\\/#\\\/schema\\\/logo\\\/image\\\/\",\"url\":\"https:\\\/\\\/i0.wp.com\\\/neos-music.com\\\/wp-content\\\/uploads\\\/2025\\\/08\\\/NEOS-Logo-weiss.png?fit=800%2C203&ssl=1\",\"contentUrl\":\"https:\\\/\\\/i0.wp.com\\\/neos-music.com\\\/wp-content\\\/uploads\\\/2025\\\/08\\\/NEOS-Logo-weiss.png?fit=800%2C203&ssl=1\",\"width\":800,\"height\":203,\"caption\":\"NEOS Music\"},\"image\":{\"@id\":\"https:\\\/\\\/neos-music.com\\\/#\\\/schema\\\/logo\\\/image\\\/\"}}]}<\/script>\n<!-- \/ Yoast SEO plugin. -->","yoast_head_json":{"title":"Laura Vega: Luz de tinieblas - Chamber Music - NEOS Music","robots":{"index":"index","follow":"follow","max-snippet":"max-snippet:-1","max-image-preview":"max-image-preview:large","max-video-preview":"max-video-preview:-1"},"canonical":"https:\/\/neos-music.com\/en_us\/product\/laura-vega-luz-de-tinieblas-chamber-music\/","og_locale":"en_US","og_type":"article","og_title":"Laura Vega: Luz de tinieblas - Chamber Music - NEOS Music","og_description":"1 CD","og_url":"https:\/\/neos-music.com\/en_us\/product\/laura-vega-luz-de-tinieblas-chamber-music\/","og_site_name":"NEOS Music","article_modified_time":"2023-06-28T14:42:48+00:00","og_image":[{"width":1647,"height":1482,"url":"https:\/\/neos-music.com\/wp-content\/uploads\/2023\/02\/NEOS_12310_Vega.jpeg","type":"image\/jpeg"}],"twitter_card":"summary_large_image","twitter_misc":{"Est. reading time":"8 minutes"},"schema":{"@context":"https:\/\/schema.org","@graph":[{"@type":"WebPage","@id":"https:\/\/neos-music.com\/product\/laura-vega-luz-de-tinieblas-chamber-music\/","url":"https:\/\/neos-music.com\/product\/laura-vega-luz-de-tinieblas-chamber-music\/","name":"Laura Vega: Luz de tinieblas - Chamber Music - NEOS Music","isPartOf":{"@id":"https:\/\/neos-music.com\/#website"},"primaryImageOfPage":{"@id":"https:\/\/neos-music.com\/product\/laura-vega-luz-de-tinieblas-chamber-music\/#primaryimage"},"image":{"@id":"https:\/\/neos-music.com\/product\/laura-vega-luz-de-tinieblas-chamber-music\/#primaryimage"},"thumbnailUrl":"https:\/\/i0.wp.com\/neos-music.com\/wp-content\/uploads\/2023\/02\/NEOS_12310_Vega.jpeg?fit=1647%2C1482&ssl=1","datePublished":"2023-02-24T19:43:35+00:00","dateModified":"2023-06-28T14:42:48+00:00","breadcrumb":{"@id":"https:\/\/neos-music.com\/product\/laura-vega-luz-de-tinieblas-chamber-music\/#breadcrumb"},"inLanguage":"en-US","potentialAction":[{"@type":"ReadAction","target":["https:\/\/neos-music.com\/product\/laura-vega-luz-de-tinieblas-chamber-music\/"]}]},{"@type":"ImageObject","inLanguage":"en-US","@id":"https:\/\/neos-music.com\/product\/laura-vega-luz-de-tinieblas-chamber-music\/#primaryimage","url":"https:\/\/i0.wp.com\/neos-music.com\/wp-content\/uploads\/2023\/02\/NEOS_12310_Vega.jpeg?fit=1647%2C1482&ssl=1","contentUrl":"https:\/\/i0.wp.com\/neos-music.com\/wp-content\/uploads\/2023\/02\/NEOS_12310_Vega.jpeg?fit=1647%2C1482&ssl=1","width":1647,"height":1482},{"@type":"BreadcrumbList","@id":"https:\/\/neos-music.com\/product\/laura-vega-luz-de-tinieblas-chamber-music\/#breadcrumb","itemListElement":[{"@type":"ListItem","position":1,"name":"Startseite","item":"https:\/\/neos-music.com\/"},{"@type":"ListItem","position":2,"name":"Produkte","item":"https:\/\/neos-music.com\/shop__trashed\/"},{"@type":"ListItem","position":3,"name":"Laura Vega: Luz de tinieblas &#8211; Chamber Music"}]},{"@type":"WebSite","@id":"https:\/\/neos-music.com\/#website","url":"https:\/\/neos-music.com\/","name":"NEOS Music","description":"Dein Online Shop f\u00fcr zeitgen\u00f6ssische Musik, Jazz und Classics!","publisher":{"@id":"https:\/\/neos-music.com\/#organization"},"potentialAction":[{"@type":"SearchAction","target":{"@type":"EntryPoint","urlTemplate":"https:\/\/neos-music.com\/?s={search_term_string}"},"query-input":{"@type":"PropertyValueSpecification","valueRequired":true,"valueName":"search_term_string"}}],"inLanguage":"en-US"},{"@type":"Organization","@id":"https:\/\/neos-music.com\/#organization","name":"NEOS Music","url":"https:\/\/neos-music.com\/","logo":{"@type":"ImageObject","inLanguage":"en-US","@id":"https:\/\/neos-music.com\/#\/schema\/logo\/image\/","url":"https:\/\/i0.wp.com\/neos-music.com\/wp-content\/uploads\/2025\/08\/NEOS-Logo-weiss.png?fit=800%2C203&ssl=1","contentUrl":"https:\/\/i0.wp.com\/neos-music.com\/wp-content\/uploads\/2025\/08\/NEOS-Logo-weiss.png?fit=800%2C203&ssl=1","width":800,"height":203,"caption":"NEOS Music"},"image":{"@id":"https:\/\/neos-music.com\/#\/schema\/logo\/image\/"}}]}},"jetpack_sharing_enabled":true,"_links":{"self":[{"href":"https:\/\/neos-music.com\/en_us\/wp-json\/wp\/v2\/product\/6808","targetHints":{"allow":["GET"]}}],"collection":[{"href":"https:\/\/neos-music.com\/en_us\/wp-json\/wp\/v2\/product"}],"about":[{"href":"https:\/\/neos-music.com\/en_us\/wp-json\/wp\/v2\/types\/product"}],"version-history":[{"count":0,"href":"https:\/\/neos-music.com\/en_us\/wp-json\/wp\/v2\/product\/6808\/revisions"}],"wp:featuredmedia":[{"embeddable":true,"href":"https:\/\/neos-music.com\/en_us\/wp-json\/wp\/v2\/media\/6809"}],"wp:attachment":[{"href":"https:\/\/neos-music.com\/en_us\/wp-json\/wp\/v2\/media?parent=6808"}],"wp:term":[{"taxonomy":"product_brand","embeddable":true,"href":"https:\/\/neos-music.com\/en_us\/wp-json\/wp\/v2\/product_brand?post=6808"},{"taxonomy":"product_cat","embeddable":true,"href":"https:\/\/neos-music.com\/en_us\/wp-json\/wp\/v2\/product_cat?post=6808"},{"taxonomy":"product_tag","embeddable":true,"href":"https:\/\/neos-music.com\/en_us\/wp-json\/wp\/v2\/product_tag?post=6808"}],"curies":[{"name":"wp","href":"https:\/\/api.w.org\/{rel}","templated":true}]}}