{"id":7440,"date":"2023-05-25T00:00:46","date_gmt":"2023-05-25T00:00:46","guid":{"rendered":"https:\/\/neos-music.com\/?post_type=product&#038;p=7440"},"modified":"2026-01-30T15:51:11","modified_gmt":"2026-01-30T14:51:11","slug":"juerg-daehler-%c2%b7-viola-concertos-signatures-of-life-live","status":"publish","type":"product","link":"https:\/\/neos-music.com\/en_us\/product\/juerg-daehler-%c2%b7-viola-concertos-signatures-of-life-live\/","title":{"rendered":"J\u00fcrg D\u00e4hler \u00b7 Viola Concertos \/ Signatures of Life \u2013 LIVE!"},"content":{"rendered":"<p>\u201eWie jede Dokumentation vergleichbarer Art ist auch diese Doppel-CD ein Versuch, der eigenen Verg\u00e4nglichkeit zu entwischen, mit Kompetenz und \u00dcberzeugung Geleistetes in Stein zu mei\u00dfeln. Mag er gelingen oder nicht, f\u00fcr alle k\u00fcnstlerisch Interessierten ist er eine Art musikalische Autobiografie, auch Protokoll eines drei\u00dfigj\u00e4hrigen Lebenswegs, der seit 1993 im Rahmen des Musikkollegium Winterthur ganz in den Dienst der zeitgen\u00f6ssischen Musik gestellt war. Viele neue Werke f\u00fcr Solobratsche und Orchester sind dabei aus der Taufe gehoben oder zum ersten Mal in der Schweiz live h\u00f6rbar geworden.<\/p>\n<p>[\u2026]<\/p>\n<p>Au\u00dfer mit Morton Feldman und mit Gija Kantscheli habe ich zu allen in dieser CD-Produktion vertretenen Komponisten ein sehr pers\u00f6nliches und vertrauliches Verh\u00e4ltnis gefunden, das weit \u00fcber die hier vorgestellte Musik hinausgeht. Zumeist waren es f\u00fcr mich komponierte oder durch mich uraufgef\u00fchrte Solo- und Kammermusikwerke, die in der Folge zu einer gr\u00f6\u00dferen Zusammenarbeit mit mir als Solisten und dem Musikkollegium Winterthur gef\u00fchrt haben. Die CD 1 pr\u00e4sentiert vier Urauff\u00fchrungen, die CD 2 drei Schweizer Erstauff\u00fchrungen. Es handelt sich dabei, das Werk von Hans Ulrich Lehmann ausgenommen, ausschlie\u00dflich um Live-Aufnahmen.\u201c<\/p>\n<p><em>\u00a0<\/em><em style=\"font-weight: 400;\">J\u00fcrg D\u00e4hler<\/em><\/p>\n","protected":false},"excerpt":{"rendered":"<p>2 CDs<\/p>","protected":false},"featured_media":7441,"template":"","meta":{"site-sidebar-layout":"default","site-content-layout":"default","ast-site-content-layout":"default","site-content-style":"default","site-sidebar-style":"default","ast-global-header-display":"","ast-banner-title-visibility":"","ast-main-header-display":"","ast-hfb-above-header-display":"","ast-hfb-below-header-display":"","ast-hfb-mobile-header-display":"","site-post-title":"","ast-breadcrumbs-content":"","ast-featured-img":"","footer-sml-layout":"","theme-transparent-header-meta":"default","adv-header-id-meta":"","stick-header-meta":"","header-above-stick-meta":"","header-main-stick-meta":"","header-below-stick-meta":"","astra-migrate-meta-layouts":"set","ast-page-background-enabled":"default","ast-page-background-meta":{"desktop":{"background-color":"","background-image":"","background-repeat":"repeat","background-position":"center center","background-size":"auto","background-attachment":"scroll","background-type":"","background-media":"","overlay-type":"","overlay-color":"","overlay-opacity":"","overlay-gradient":""},"tablet":{"background-color":"","background-image":"","background-repeat":"repeat","background-position":"center center","background-size":"auto","background-attachment":"scroll","background-type":"","background-media":"","overlay-type":"","overlay-color":"","overlay-opacity":"","overlay-gradient":""},"mobile":{"background-color":"","background-image":"","background-repeat":"repeat","background-position":"center center","background-size":"auto","background-attachment":"scroll","background-type":"","background-media":"","overlay-type":"","overlay-color":"","overlay-opacity":"","overlay-gradient":""}},"ast-content-background-meta":{"desktop":{"background-color":"var(--ast-global-color-5)","background-image":"","background-repeat":"repeat","background-position":"center center","background-size":"auto","background-attachment":"scroll","background-type":"","background-media":"","overlay-type":"","overlay-color":"","overlay-opacity":"","overlay-gradient":""},"tablet":{"background-color":"var(--ast-global-color-5)","background-image":"","background-repeat":"repeat","background-position":"center center","background-size":"auto","background-attachment":"scroll","background-type":"","background-media":"","overlay-type":"","overlay-color":"","overlay-opacity":"","overlay-gradient":""},"mobile":{"background-color":"var(--ast-global-color-5)","background-image":"","background-repeat":"repeat","background-position":"center center","background-size":"auto","background-attachment":"scroll","background-type":"","background-media":"","overlay-type":"","overlay-color":"","overlay-opacity":"","overlay-gradient":""}}},"product_brand":[],"product_cat":[26],"product_tag":[876],"class_list":{"0":"post-7440","1":"product","2":"type-product","3":"status-publish","4":"has-post-thumbnail","6":"product_cat-zeitgenossische-musik","7":"product_tag-neuveroeffentlichungen","8":"pa_artikelnummer-neos-12313-14","9":"pa_brand-neos-music","10":"pa_ean-899","11":"desktop-align-left","12":"tablet-align-left","13":"mobile-align-left","15":"first","16":"instock","17":"taxable","18":"shipping-taxable","19":"purchasable","20":"product-type-simple"},"yoast_head":"<!-- This site is optimized with the Yoast SEO plugin v27.4 - https:\/\/yoast.com\/product\/yoast-seo-wordpress\/ -->\n<title>J\u00fcrg D\u00e4hler \u00b7 Viola Concertos \/ Signatures of Life \u2013 LIVE! - NEOS Music<\/title>\n<meta name=\"robots\" content=\"index, follow, max-snippet:-1, max-image-preview:large, max-video-preview:-1\" \/>\n<link rel=\"canonical\" href=\"https:\/\/neos-music.com\/en_us\/product\/juerg-daehler-\u00b7-viola-concertos-signatures-of-life-live\/\" \/>\n<meta property=\"og:locale\" content=\"en_US\" \/>\n<meta property=\"og:type\" content=\"article\" \/>\n<meta property=\"og:title\" content=\"J\u00fcrg D\u00e4hler \u00b7 Viola Concertos \/ Signatures of Life \u2013 LIVE! - NEOS Music\" \/>\n<meta property=\"og:description\" content=\"2 CDs\" \/>\n<meta property=\"og:url\" content=\"https:\/\/neos-music.com\/en_us\/product\/juerg-daehler-\u00b7-viola-concertos-signatures-of-life-live\/\" \/>\n<meta property=\"og:site_name\" content=\"NEOS Music\" \/>\n<meta property=\"article:modified_time\" content=\"2026-01-30T14:51:11+00:00\" \/>\n<meta property=\"og:image\" content=\"https:\/\/neos-music.com\/wp-content\/uploads\/2023\/05\/NEOS-12313-14-Daehler-Cover.jpg\" \/>\n\t<meta property=\"og:image:width\" content=\"1648\" \/>\n\t<meta property=\"og:image:height\" content=\"1483\" \/>\n\t<meta property=\"og:image:type\" content=\"image\/jpeg\" \/>\n<meta name=\"twitter:card\" content=\"summary_large_image\" \/>\n<meta name=\"twitter:label1\" content=\"Est. reading time\" \/>\n\t<meta name=\"twitter:data1\" content=\"2 minutes\" \/>\n<script type=\"application\/ld+json\" class=\"yoast-schema-graph\">{\"@context\":\"https:\\\/\\\/schema.org\",\"@graph\":[{\"@type\":\"WebPage\",\"@id\":\"https:\\\/\\\/neos-music.com\\\/product\\\/juerg-daehler-%c2%b7-viola-concertos-signatures-of-life-live\\\/\",\"url\":\"https:\\\/\\\/neos-music.com\\\/product\\\/juerg-daehler-%c2%b7-viola-concertos-signatures-of-life-live\\\/\",\"name\":\"J\u00fcrg D\u00e4hler \u00b7 Viola Concertos \\\/ Signatures of Life \u2013 LIVE! - NEOS Music\",\"isPartOf\":{\"@id\":\"https:\\\/\\\/neos-music.com\\\/#website\"},\"primaryImageOfPage\":{\"@id\":\"https:\\\/\\\/neos-music.com\\\/product\\\/juerg-daehler-%c2%b7-viola-concertos-signatures-of-life-live\\\/#primaryimage\"},\"image\":{\"@id\":\"https:\\\/\\\/neos-music.com\\\/product\\\/juerg-daehler-%c2%b7-viola-concertos-signatures-of-life-live\\\/#primaryimage\"},\"thumbnailUrl\":\"https:\\\/\\\/i0.wp.com\\\/neos-music.com\\\/wp-content\\\/uploads\\\/2023\\\/05\\\/NEOS-12313-14-Daehler-Cover.jpg?fit=1648%2C1483&ssl=1\",\"datePublished\":\"2023-05-25T00:00:46+00:00\",\"dateModified\":\"2026-01-30T14:51:11+00:00\",\"breadcrumb\":{\"@id\":\"https:\\\/\\\/neos-music.com\\\/product\\\/juerg-daehler-%c2%b7-viola-concertos-signatures-of-life-live\\\/#breadcrumb\"},\"inLanguage\":\"en-US\",\"potentialAction\":[{\"@type\":\"ReadAction\",\"target\":[\"https:\\\/\\\/neos-music.com\\\/product\\\/juerg-daehler-%c2%b7-viola-concertos-signatures-of-life-live\\\/\"]}]},{\"@type\":\"ImageObject\",\"inLanguage\":\"en-US\",\"@id\":\"https:\\\/\\\/neos-music.com\\\/product\\\/juerg-daehler-%c2%b7-viola-concertos-signatures-of-life-live\\\/#primaryimage\",\"url\":\"https:\\\/\\\/i0.wp.com\\\/neos-music.com\\\/wp-content\\\/uploads\\\/2023\\\/05\\\/NEOS-12313-14-Daehler-Cover.jpg?fit=1648%2C1483&ssl=1\",\"contentUrl\":\"https:\\\/\\\/i0.wp.com\\\/neos-music.com\\\/wp-content\\\/uploads\\\/2023\\\/05\\\/NEOS-12313-14-Daehler-Cover.jpg?fit=1648%2C1483&ssl=1\",\"width\":1648,\"height\":1483},{\"@type\":\"BreadcrumbList\",\"@id\":\"https:\\\/\\\/neos-music.com\\\/product\\\/juerg-daehler-%c2%b7-viola-concertos-signatures-of-life-live\\\/#breadcrumb\",\"itemListElement\":[{\"@type\":\"ListItem\",\"position\":1,\"name\":\"Startseite\",\"item\":\"https:\\\/\\\/neos-music.com\\\/\"},{\"@type\":\"ListItem\",\"position\":2,\"name\":\"Produkte\",\"item\":\"https:\\\/\\\/neos-music.com\\\/shop__trashed\\\/\"},{\"@type\":\"ListItem\",\"position\":3,\"name\":\"J\u00fcrg D\u00e4hler \u00b7 Viola Concertos \\\/ Signatures of Life \u2013 LIVE!\"}]},{\"@type\":\"WebSite\",\"@id\":\"https:\\\/\\\/neos-music.com\\\/#website\",\"url\":\"https:\\\/\\\/neos-music.com\\\/\",\"name\":\"NEOS Music\",\"description\":\"Dein Online Shop f\u00fcr zeitgen\u00f6ssische Musik, Jazz und Classics!\",\"publisher\":{\"@id\":\"https:\\\/\\\/neos-music.com\\\/#organization\"},\"potentialAction\":[{\"@type\":\"SearchAction\",\"target\":{\"@type\":\"EntryPoint\",\"urlTemplate\":\"https:\\\/\\\/neos-music.com\\\/?s={search_term_string}\"},\"query-input\":{\"@type\":\"PropertyValueSpecification\",\"valueRequired\":true,\"valueName\":\"search_term_string\"}}],\"inLanguage\":\"en-US\"},{\"@type\":\"Organization\",\"@id\":\"https:\\\/\\\/neos-music.com\\\/#organization\",\"name\":\"NEOS Music\",\"url\":\"https:\\\/\\\/neos-music.com\\\/\",\"logo\":{\"@type\":\"ImageObject\",\"inLanguage\":\"en-US\",\"@id\":\"https:\\\/\\\/neos-music.com\\\/#\\\/schema\\\/logo\\\/image\\\/\",\"url\":\"https:\\\/\\\/i0.wp.com\\\/neos-music.com\\\/wp-content\\\/uploads\\\/2025\\\/08\\\/NEOS-Logo-weiss.png?fit=800%2C203&ssl=1\",\"contentUrl\":\"https:\\\/\\\/i0.wp.com\\\/neos-music.com\\\/wp-content\\\/uploads\\\/2025\\\/08\\\/NEOS-Logo-weiss.png?fit=800%2C203&ssl=1\",\"width\":800,\"height\":203,\"caption\":\"NEOS Music\"},\"image\":{\"@id\":\"https:\\\/\\\/neos-music.com\\\/#\\\/schema\\\/logo\\\/image\\\/\"}}]}<\/script>\n<!-- \/ Yoast SEO plugin. -->","yoast_head_json":{"title":"J\u00fcrg D\u00e4hler \u00b7 Viola Concertos \/ Signatures of Life \u2013 LIVE! - NEOS Music","robots":{"index":"index","follow":"follow","max-snippet":"max-snippet:-1","max-image-preview":"max-image-preview:large","max-video-preview":"max-video-preview:-1"},"canonical":"https:\/\/neos-music.com\/en_us\/product\/juerg-daehler-\u00b7-viola-concertos-signatures-of-life-live\/","og_locale":"en_US","og_type":"article","og_title":"J\u00fcrg D\u00e4hler \u00b7 Viola Concertos \/ Signatures of Life \u2013 LIVE! - NEOS Music","og_description":"2 CDs","og_url":"https:\/\/neos-music.com\/en_us\/product\/juerg-daehler-\u00b7-viola-concertos-signatures-of-life-live\/","og_site_name":"NEOS Music","article_modified_time":"2026-01-30T14:51:11+00:00","og_image":[{"width":1648,"height":1483,"url":"https:\/\/neos-music.com\/wp-content\/uploads\/2023\/05\/NEOS-12313-14-Daehler-Cover.jpg","type":"image\/jpeg"}],"twitter_card":"summary_large_image","twitter_misc":{"Est. reading time":"2 minutes"},"schema":{"@context":"https:\/\/schema.org","@graph":[{"@type":"WebPage","@id":"https:\/\/neos-music.com\/product\/juerg-daehler-%c2%b7-viola-concertos-signatures-of-life-live\/","url":"https:\/\/neos-music.com\/product\/juerg-daehler-%c2%b7-viola-concertos-signatures-of-life-live\/","name":"J\u00fcrg D\u00e4hler \u00b7 Viola Concertos \/ Signatures of Life \u2013 LIVE! - NEOS Music","isPartOf":{"@id":"https:\/\/neos-music.com\/#website"},"primaryImageOfPage":{"@id":"https:\/\/neos-music.com\/product\/juerg-daehler-%c2%b7-viola-concertos-signatures-of-life-live\/#primaryimage"},"image":{"@id":"https:\/\/neos-music.com\/product\/juerg-daehler-%c2%b7-viola-concertos-signatures-of-life-live\/#primaryimage"},"thumbnailUrl":"https:\/\/i0.wp.com\/neos-music.com\/wp-content\/uploads\/2023\/05\/NEOS-12313-14-Daehler-Cover.jpg?fit=1648%2C1483&ssl=1","datePublished":"2023-05-25T00:00:46+00:00","dateModified":"2026-01-30T14:51:11+00:00","breadcrumb":{"@id":"https:\/\/neos-music.com\/product\/juerg-daehler-%c2%b7-viola-concertos-signatures-of-life-live\/#breadcrumb"},"inLanguage":"en-US","potentialAction":[{"@type":"ReadAction","target":["https:\/\/neos-music.com\/product\/juerg-daehler-%c2%b7-viola-concertos-signatures-of-life-live\/"]}]},{"@type":"ImageObject","inLanguage":"en-US","@id":"https:\/\/neos-music.com\/product\/juerg-daehler-%c2%b7-viola-concertos-signatures-of-life-live\/#primaryimage","url":"https:\/\/i0.wp.com\/neos-music.com\/wp-content\/uploads\/2023\/05\/NEOS-12313-14-Daehler-Cover.jpg?fit=1648%2C1483&ssl=1","contentUrl":"https:\/\/i0.wp.com\/neos-music.com\/wp-content\/uploads\/2023\/05\/NEOS-12313-14-Daehler-Cover.jpg?fit=1648%2C1483&ssl=1","width":1648,"height":1483},{"@type":"BreadcrumbList","@id":"https:\/\/neos-music.com\/product\/juerg-daehler-%c2%b7-viola-concertos-signatures-of-life-live\/#breadcrumb","itemListElement":[{"@type":"ListItem","position":1,"name":"Startseite","item":"https:\/\/neos-music.com\/"},{"@type":"ListItem","position":2,"name":"Produkte","item":"https:\/\/neos-music.com\/shop__trashed\/"},{"@type":"ListItem","position":3,"name":"J\u00fcrg D\u00e4hler \u00b7 Viola Concertos \/ Signatures of Life \u2013 LIVE!"}]},{"@type":"WebSite","@id":"https:\/\/neos-music.com\/#website","url":"https:\/\/neos-music.com\/","name":"NEOS Music","description":"Dein Online Shop f\u00fcr zeitgen\u00f6ssische Musik, Jazz und Classics!","publisher":{"@id":"https:\/\/neos-music.com\/#organization"},"potentialAction":[{"@type":"SearchAction","target":{"@type":"EntryPoint","urlTemplate":"https:\/\/neos-music.com\/?s={search_term_string}"},"query-input":{"@type":"PropertyValueSpecification","valueRequired":true,"valueName":"search_term_string"}}],"inLanguage":"en-US"},{"@type":"Organization","@id":"https:\/\/neos-music.com\/#organization","name":"NEOS Music","url":"https:\/\/neos-music.com\/","logo":{"@type":"ImageObject","inLanguage":"en-US","@id":"https:\/\/neos-music.com\/#\/schema\/logo\/image\/","url":"https:\/\/i0.wp.com\/neos-music.com\/wp-content\/uploads\/2025\/08\/NEOS-Logo-weiss.png?fit=800%2C203&ssl=1","contentUrl":"https:\/\/i0.wp.com\/neos-music.com\/wp-content\/uploads\/2025\/08\/NEOS-Logo-weiss.png?fit=800%2C203&ssl=1","width":800,"height":203,"caption":"NEOS Music"},"image":{"@id":"https:\/\/neos-music.com\/#\/schema\/logo\/image\/"}}]}},"jetpack_sharing_enabled":true,"_links":{"self":[{"href":"https:\/\/neos-music.com\/en_us\/wp-json\/wp\/v2\/product\/7440","targetHints":{"allow":["GET"]}}],"collection":[{"href":"https:\/\/neos-music.com\/en_us\/wp-json\/wp\/v2\/product"}],"about":[{"href":"https:\/\/neos-music.com\/en_us\/wp-json\/wp\/v2\/types\/product"}],"version-history":[{"count":1,"href":"https:\/\/neos-music.com\/en_us\/wp-json\/wp\/v2\/product\/7440\/revisions"}],"predecessor-version":[{"id":10376,"href":"https:\/\/neos-music.com\/en_us\/wp-json\/wp\/v2\/product\/7440\/revisions\/10376"}],"wp:featuredmedia":[{"embeddable":true,"href":"https:\/\/neos-music.com\/en_us\/wp-json\/wp\/v2\/media\/7441"}],"wp:attachment":[{"href":"https:\/\/neos-music.com\/en_us\/wp-json\/wp\/v2\/media?parent=7440"}],"wp:term":[{"taxonomy":"product_brand","embeddable":true,"href":"https:\/\/neos-music.com\/en_us\/wp-json\/wp\/v2\/product_brand?post=7440"},{"taxonomy":"product_cat","embeddable":true,"href":"https:\/\/neos-music.com\/en_us\/wp-json\/wp\/v2\/product_cat?post=7440"},{"taxonomy":"product_tag","embeddable":true,"href":"https:\/\/neos-music.com\/en_us\/wp-json\/wp\/v2\/product_tag?post=7440"}],"curies":[{"name":"wp","href":"https:\/\/api.w.org\/{rel}","templated":true}]}}