{"id":7630,"date":"2023-09-01T12:53:53","date_gmt":"2023-09-01T12:53:53","guid":{"rendered":"https:\/\/neos-music.com\/?post_type=product&#038;p=7630"},"modified":"2026-01-30T14:24:28","modified_gmt":"2026-01-30T13:24:28","slug":"fazil-say-troy-sonata-%c2%b7-3-ballads-%c2%b7-black-earth-nataliya-tkachenko","status":"publish","type":"product","link":"https:\/\/neos-music.com\/en_us\/product\/fazil-say-troy-sonata-%c2%b7-3-ballads-%c2%b7-black-earth-nataliya-tkachenko\/","title":{"rendered":"Faz\u0131l Say: Troy Sonata \u00b7 3 Ballads \u00b7 Black Earth"},"content":{"rendered":"<p><iframe title=\"YouTube video player\" src=\"https:\/\/www.youtube.com\/embed\/D0sY_IHOu9o?si=Kw6xcqohKtXYE5BA\" width=\"560\" height=\"315\" frameborder=\"0\" allowfullscreen=\"allowfullscreen\"><\/iframe><\/p>\n<p>&nbsp;<\/p>\n<p><iframe style=\"border-radius: 12px;\" src=\"https:\/\/open.spotify.com\/embed\/album\/7jF5XwBiFErWQlKo8lvsBH?utm_source=generator\" width=\"100%\" height=\"352\" frameborder=\"0\" allowfullscreen=\"allowfullscreen\"><\/iframe><\/p>\n<p>&nbsp;<\/p>\n<p><strong>Ein Mythos, belebt<\/strong><\/p>\n<p>Die Geschichte ist alt. Sehr alt. Wir kennen sie aus Homers <i>Ilias<\/i>. Troja. Das Pferd. Der Krieg. Und seine Folgen. Wie das alles klingt, erfahren wir in der <em><b>Troja-Sonate<\/b><\/em> von Faz\u0131l Say. In diesem St\u00fcck kann man h\u00f6ren, dass die Geschichte des trojanischen Kriegs, abseits aller Grausamkeit, auch eine Geschichte von Glaube, Hoffnung, Liebe ist. In ihr liegt, auch wenn man das nicht vermuten w\u00fcrde, utopisches Potenzial, ein Hauch von metaphysischer Sinnlichkeit. M\u00f6glich macht dies die Dialektik von Leben und Tod; sie bildet sich in Says Sonate ab. Schon beim ersten fl\u00fcchtigen H\u00f6ren wird man der Antagonismen gewahr, die in diesem klingenden Dekalog aufeinanderprallen. Der Komponist lie\u00df sich dabei vor allem von den Epen Homers inspirieren, nutzte aber auch andere literarische Quellen, um das \u00bbPh\u00e4nomen\u00ab Troja in poetisch eindr\u00fcckliche Klangbilder zu \u00fcbersetzen \u2013 die so plastisch sind, dass man einige der Helden sogar sehen, zumindest sp\u00fcren kann: Da ist Paris, jener junge Mann, dem man unterstellte, die sch\u00f6ne Helena geraubt zu haben. Dann Menelaos, der geh\u00f6rnte Gatte, Agamemnon, der Kriegsstratege, Achill, der (scheinbar) Unbesiegbare, und Hektor, der (hingeschlachtete) Schl\u00e4chter. Sogar der Dichter selbst tritt gleich im ersten Satz, der seinen Namen tr\u00e4gt, vor den Vorhang und erhebt das Wort. Neben den bekannten mythischen Gestalten, die ihre musikalische Entsprechung in plastisch formulierten Themen oder (Leit-)Motiven finden, betreten weitere Protagonisten die imagin\u00e4re B\u00fchne. Tyche sehen wir, und vereinzelt blinzelt die Sonne durch die T\u00f6ne hindurch. Nur die G\u00f6tter, die fehlen. Die Musik schafft sie im Moment ihres Erklingens ab. Und obwohl es sich bei diesem \u00fcberw\u00e4ltigenden Werk um absolute Musik handelt, sind es letztlich Menschen, die, vom Komponisten begleitet, ihren Weg durchs trojanische Dickicht suchen \u2013 und auch ein winziges St\u00fcck vom Gl\u00fcck. [\u2026]<\/p>\n<p><b>Sch\u00f6nheit wird die Welt retten<\/b><\/p>\n<p>Die erste der <em><b>3 Balladen<\/b><\/em>, ein introvertiert-kantables St\u00fcck, schrieb Faz\u0131l Say als Hommage an den Dichter Nazim Hikmet. Die zweite Ballade <em>Kumru<\/em> (Taube) ist ein zart dahinstr\u00f6mendes Andante. Von unvergleichlicher Zartheit und Sch\u00f6nheit ist auch die dritte Ballade \u2013 kein Wunder, bedeutet ihr Titel <em>Sevenlere dair<\/em> auf Deutsch \u00bbF\u00fcr die Liebenden\u00ab. Auf ein mildt\u00f6nendes Andante folgt ein leidenschaftliches, aber im pianissimo gehaltenes Allegro. Wie eine Erinnerung an die sch\u00f6nsten Stunden klingt danach der zweite Andante-Teil, an dessen Ende die Liebenden in die L\u00fcfte entschweben.<\/p>\n<p>Aus Ariels Armen f\u00fchrt der Weg direkt auf die Totalit\u00e4t des Seins. <em><b>Black Earth<\/b><\/em> ist das bekannteste Klavierst\u00fcck Faz\u0131l Says, es basiert auf dem in der T\u00fcrkei popul\u00e4ren Lied <em>Kara Toprak<\/em> des blinden Volksdichters A\u015fik Veysel, darin der Poet den Verlust des Lebens beklagt. Die dreiteilige Ballade verwendet Mikrot\u00f6ne ebenso wie modale Wendungen, Jazz-Partikel \u2013 sowie pr\u00e4parierte Tasten, die den Klang der traditionellen Laute Saz nachahmen. H\u00f6rt man diese Musik, muss man unweigerlich an Rilkes Gedicht <i>Der Panther<\/i> denken, an die Einsamkeit, die sich in diesen Worten ausdr\u00fcckt und die dennoch magisch ist.<\/p>\n<p><em>J\u00fcrgen Otten<\/em><\/p>\n","protected":false},"excerpt":{"rendered":"<p>1 CD<\/p>","protected":false},"featured_media":7633,"template":"","meta":{"site-sidebar-layout":"default","site-content-layout":"default","ast-site-content-layout":"default","site-content-style":"default","site-sidebar-style":"default","ast-global-header-display":"","ast-banner-title-visibility":"","ast-main-header-display":"","ast-hfb-above-header-display":"","ast-hfb-below-header-display":"","ast-hfb-mobile-header-display":"","site-post-title":"","ast-breadcrumbs-content":"","ast-featured-img":"","footer-sml-layout":"","theme-transparent-header-meta":"default","adv-header-id-meta":"","stick-header-meta":"","header-above-stick-meta":"","header-main-stick-meta":"","header-below-stick-meta":"","astra-migrate-meta-layouts":"set","ast-page-background-enabled":"default","ast-page-background-meta":{"desktop":{"background-color":"","background-image":"","background-repeat":"repeat","background-position":"center center","background-size":"auto","background-attachment":"scroll","background-type":"","background-media":"","overlay-type":"","overlay-color":"","overlay-opacity":"","overlay-gradient":""},"tablet":{"background-color":"","background-image":"","background-repeat":"repeat","background-position":"center center","background-size":"auto","background-attachment":"scroll","background-type":"","background-media":"","overlay-type":"","overlay-color":"","overlay-opacity":"","overlay-gradient":""},"mobile":{"background-color":"","background-image":"","background-repeat":"repeat","background-position":"center center","background-size":"auto","background-attachment":"scroll","background-type":"","background-media":"","overlay-type":"","overlay-color":"","overlay-opacity":"","overlay-gradient":""}},"ast-content-background-meta":{"desktop":{"background-color":"var(--ast-global-color-5)","background-image":"","background-repeat":"repeat","background-position":"center center","background-size":"auto","background-attachment":"scroll","background-type":"","background-media":"","overlay-type":"","overlay-color":"","overlay-opacity":"","overlay-gradient":""},"tablet":{"background-color":"var(--ast-global-color-5)","background-image":"","background-repeat":"repeat","background-position":"center center","background-size":"auto","background-attachment":"scroll","background-type":"","background-media":"","overlay-type":"","overlay-color":"","overlay-opacity":"","overlay-gradient":""},"mobile":{"background-color":"var(--ast-global-color-5)","background-image":"","background-repeat":"repeat","background-position":"center center","background-size":"auto","background-attachment":"scroll","background-type":"","background-media":"","overlay-type":"","overlay-color":"","overlay-opacity":"","overlay-gradient":""}}},"product_brand":[],"product_cat":[26],"product_tag":[916,924,918,876,925,917,923,922,919,920,921],"class_list":{"0":"post-7630","1":"product","2":"type-product","3":"status-publish","4":"has-post-thumbnail","6":"product_cat-zeitgenossische-musik","7":"product_tag-fazil","8":"product_tag-klavier","9":"product_tag-nataliya","10":"product_tag-neuveroeffentlichungen","11":"product_tag-piano","12":"product_tag-say","13":"product_tag-sonata","14":"product_tag-sonate","15":"product_tag-tkachenko","16":"product_tag-troy","17":"product_tag-troya","18":"desktop-align-left","19":"tablet-align-left","20":"mobile-align-left","22":"first","23":"instock","24":"taxable","25":"shipping-taxable","26":"purchasable","27":"product-type-simple"},"yoast_head":"<!-- This site is optimized with the Yoast SEO plugin v27.3 - https:\/\/yoast.com\/product\/yoast-seo-wordpress\/ -->\n<title>Faz\u0131l Say: Troy Sonata \u00b7 3 Ballads \u00b7 Black Earth - NEOS Music<\/title>\n<meta name=\"description\" content=\"Die ukrainische Pianistin Nataliya Tkachenko hat die Werke &quot;Troy Sonata&quot;, &quot;3 Ballads&quot; und &quot;Black Earth&quot; von Faz\u0131l Say neu eingespielt\" \/>\n<meta name=\"robots\" content=\"index, follow, max-snippet:-1, max-image-preview:large, max-video-preview:-1\" \/>\n<link rel=\"canonical\" href=\"https:\/\/neos-music.com\/en_us\/product\/fazil-say-troy-sonata-\u00b7-3-ballads-\u00b7-black-earth-nataliya-tkachenko\/\" \/>\n<meta property=\"og:locale\" content=\"en_US\" \/>\n<meta property=\"og:type\" content=\"article\" \/>\n<meta property=\"og:title\" content=\"Faz\u0131l Say: Troy Sonata \u00b7 3 Ballads \u00b7 Black Earth - NEOS Music\" \/>\n<meta property=\"og:description\" content=\"Die ukrainische Pianistin Nataliya Tkachenko hat die Werke &quot;Troy Sonata&quot;, &quot;3 Ballads&quot; und &quot;Black Earth&quot; von Faz\u0131l Say neu eingespielt\" \/>\n<meta property=\"og:url\" content=\"https:\/\/neos-music.com\/en_us\/product\/fazil-say-troy-sonata-\u00b7-3-ballads-\u00b7-black-earth-nataliya-tkachenko\/\" \/>\n<meta property=\"og:site_name\" content=\"NEOS Music\" \/>\n<meta property=\"article:modified_time\" content=\"2026-01-30T13:24:28+00:00\" \/>\n<meta property=\"og:image\" content=\"https:\/\/neos-music.com\/wp-content\/uploads\/2023\/07\/NEOS-12319-Say-Cover.jpg\" \/>\n\t<meta property=\"og:image:width\" content=\"1647\" \/>\n\t<meta property=\"og:image:height\" content=\"1482\" \/>\n\t<meta property=\"og:image:type\" content=\"image\/jpeg\" \/>\n<meta name=\"twitter:card\" content=\"summary_large_image\" \/>\n<meta name=\"twitter:label1\" content=\"Est. reading time\" \/>\n\t<meta name=\"twitter:data1\" content=\"3 minutes\" \/>\n<script type=\"application\/ld+json\" class=\"yoast-schema-graph\">{\"@context\":\"https:\\\/\\\/schema.org\",\"@graph\":[{\"@type\":\"WebPage\",\"@id\":\"https:\\\/\\\/neos-music.com\\\/product\\\/fazil-say-troy-sonata-%c2%b7-3-ballads-%c2%b7-black-earth-nataliya-tkachenko\\\/\",\"url\":\"https:\\\/\\\/neos-music.com\\\/product\\\/fazil-say-troy-sonata-%c2%b7-3-ballads-%c2%b7-black-earth-nataliya-tkachenko\\\/\",\"name\":\"Faz\u0131l Say: Troy Sonata \u00b7 3 Ballads \u00b7 Black Earth - NEOS Music\",\"isPartOf\":{\"@id\":\"https:\\\/\\\/neos-music.com\\\/#website\"},\"primaryImageOfPage\":{\"@id\":\"https:\\\/\\\/neos-music.com\\\/product\\\/fazil-say-troy-sonata-%c2%b7-3-ballads-%c2%b7-black-earth-nataliya-tkachenko\\\/#primaryimage\"},\"image\":{\"@id\":\"https:\\\/\\\/neos-music.com\\\/product\\\/fazil-say-troy-sonata-%c2%b7-3-ballads-%c2%b7-black-earth-nataliya-tkachenko\\\/#primaryimage\"},\"thumbnailUrl\":\"https:\\\/\\\/i0.wp.com\\\/neos-music.com\\\/wp-content\\\/uploads\\\/2023\\\/07\\\/NEOS-12319-Say-Cover.jpg?fit=1647%2C1482&ssl=1\",\"datePublished\":\"2023-09-01T12:53:53+00:00\",\"dateModified\":\"2026-01-30T13:24:28+00:00\",\"description\":\"Die ukrainische Pianistin Nataliya Tkachenko hat die Werke \\\"Troy Sonata\\\", \\\"3 Ballads\\\" und \\\"Black Earth\\\" von Faz\u0131l Say neu eingespielt\",\"breadcrumb\":{\"@id\":\"https:\\\/\\\/neos-music.com\\\/product\\\/fazil-say-troy-sonata-%c2%b7-3-ballads-%c2%b7-black-earth-nataliya-tkachenko\\\/#breadcrumb\"},\"inLanguage\":\"en-US\",\"potentialAction\":[{\"@type\":\"ReadAction\",\"target\":[\"https:\\\/\\\/neos-music.com\\\/product\\\/fazil-say-troy-sonata-%c2%b7-3-ballads-%c2%b7-black-earth-nataliya-tkachenko\\\/\"]}]},{\"@type\":\"ImageObject\",\"inLanguage\":\"en-US\",\"@id\":\"https:\\\/\\\/neos-music.com\\\/product\\\/fazil-say-troy-sonata-%c2%b7-3-ballads-%c2%b7-black-earth-nataliya-tkachenko\\\/#primaryimage\",\"url\":\"https:\\\/\\\/i0.wp.com\\\/neos-music.com\\\/wp-content\\\/uploads\\\/2023\\\/07\\\/NEOS-12319-Say-Cover.jpg?fit=1647%2C1482&ssl=1\",\"contentUrl\":\"https:\\\/\\\/i0.wp.com\\\/neos-music.com\\\/wp-content\\\/uploads\\\/2023\\\/07\\\/NEOS-12319-Say-Cover.jpg?fit=1647%2C1482&ssl=1\",\"width\":1647,\"height\":1482},{\"@type\":\"BreadcrumbList\",\"@id\":\"https:\\\/\\\/neos-music.com\\\/product\\\/fazil-say-troy-sonata-%c2%b7-3-ballads-%c2%b7-black-earth-nataliya-tkachenko\\\/#breadcrumb\",\"itemListElement\":[{\"@type\":\"ListItem\",\"position\":1,\"name\":\"Startseite\",\"item\":\"https:\\\/\\\/neos-music.com\\\/\"},{\"@type\":\"ListItem\",\"position\":2,\"name\":\"Produkte\",\"item\":\"https:\\\/\\\/neos-music.com\\\/shop__trashed\\\/\"},{\"@type\":\"ListItem\",\"position\":3,\"name\":\"Faz\u0131l Say: Troy Sonata \u00b7 3 Ballads \u00b7 Black Earth\"}]},{\"@type\":\"WebSite\",\"@id\":\"https:\\\/\\\/neos-music.com\\\/#website\",\"url\":\"https:\\\/\\\/neos-music.com\\\/\",\"name\":\"NEOS Music\",\"description\":\"Dein Online Shop f\u00fcr zeitgen\u00f6ssische Musik, Jazz und Classics!\",\"publisher\":{\"@id\":\"https:\\\/\\\/neos-music.com\\\/#organization\"},\"potentialAction\":[{\"@type\":\"SearchAction\",\"target\":{\"@type\":\"EntryPoint\",\"urlTemplate\":\"https:\\\/\\\/neos-music.com\\\/?s={search_term_string}\"},\"query-input\":{\"@type\":\"PropertyValueSpecification\",\"valueRequired\":true,\"valueName\":\"search_term_string\"}}],\"inLanguage\":\"en-US\"},{\"@type\":\"Organization\",\"@id\":\"https:\\\/\\\/neos-music.com\\\/#organization\",\"name\":\"NEOS Music\",\"url\":\"https:\\\/\\\/neos-music.com\\\/\",\"logo\":{\"@type\":\"ImageObject\",\"inLanguage\":\"en-US\",\"@id\":\"https:\\\/\\\/neos-music.com\\\/#\\\/schema\\\/logo\\\/image\\\/\",\"url\":\"https:\\\/\\\/i0.wp.com\\\/neos-music.com\\\/wp-content\\\/uploads\\\/2025\\\/08\\\/NEOS-Logo-weiss.png?fit=800%2C203&ssl=1\",\"contentUrl\":\"https:\\\/\\\/i0.wp.com\\\/neos-music.com\\\/wp-content\\\/uploads\\\/2025\\\/08\\\/NEOS-Logo-weiss.png?fit=800%2C203&ssl=1\",\"width\":800,\"height\":203,\"caption\":\"NEOS Music\"},\"image\":{\"@id\":\"https:\\\/\\\/neos-music.com\\\/#\\\/schema\\\/logo\\\/image\\\/\"}}]}<\/script>\n<!-- \/ Yoast SEO plugin. -->","yoast_head_json":{"title":"Faz\u0131l Say: Troy Sonata \u00b7 3 Ballads \u00b7 Black Earth - NEOS Music","description":"Die ukrainische Pianistin Nataliya Tkachenko hat die Werke \"Troy Sonata\", \"3 Ballads\" und \"Black Earth\" von Faz\u0131l Say neu eingespielt","robots":{"index":"index","follow":"follow","max-snippet":"max-snippet:-1","max-image-preview":"max-image-preview:large","max-video-preview":"max-video-preview:-1"},"canonical":"https:\/\/neos-music.com\/en_us\/product\/fazil-say-troy-sonata-\u00b7-3-ballads-\u00b7-black-earth-nataliya-tkachenko\/","og_locale":"en_US","og_type":"article","og_title":"Faz\u0131l Say: Troy Sonata \u00b7 3 Ballads \u00b7 Black Earth - NEOS Music","og_description":"Die ukrainische Pianistin Nataliya Tkachenko hat die Werke \"Troy Sonata\", \"3 Ballads\" und \"Black Earth\" von Faz\u0131l Say neu eingespielt","og_url":"https:\/\/neos-music.com\/en_us\/product\/fazil-say-troy-sonata-\u00b7-3-ballads-\u00b7-black-earth-nataliya-tkachenko\/","og_site_name":"NEOS Music","article_modified_time":"2026-01-30T13:24:28+00:00","og_image":[{"width":1647,"height":1482,"url":"https:\/\/neos-music.com\/wp-content\/uploads\/2023\/07\/NEOS-12319-Say-Cover.jpg","type":"image\/jpeg"}],"twitter_card":"summary_large_image","twitter_misc":{"Est. reading time":"3 minutes"},"schema":{"@context":"https:\/\/schema.org","@graph":[{"@type":"WebPage","@id":"https:\/\/neos-music.com\/product\/fazil-say-troy-sonata-%c2%b7-3-ballads-%c2%b7-black-earth-nataliya-tkachenko\/","url":"https:\/\/neos-music.com\/product\/fazil-say-troy-sonata-%c2%b7-3-ballads-%c2%b7-black-earth-nataliya-tkachenko\/","name":"Faz\u0131l Say: Troy Sonata \u00b7 3 Ballads \u00b7 Black Earth - NEOS Music","isPartOf":{"@id":"https:\/\/neos-music.com\/#website"},"primaryImageOfPage":{"@id":"https:\/\/neos-music.com\/product\/fazil-say-troy-sonata-%c2%b7-3-ballads-%c2%b7-black-earth-nataliya-tkachenko\/#primaryimage"},"image":{"@id":"https:\/\/neos-music.com\/product\/fazil-say-troy-sonata-%c2%b7-3-ballads-%c2%b7-black-earth-nataliya-tkachenko\/#primaryimage"},"thumbnailUrl":"https:\/\/i0.wp.com\/neos-music.com\/wp-content\/uploads\/2023\/07\/NEOS-12319-Say-Cover.jpg?fit=1647%2C1482&ssl=1","datePublished":"2023-09-01T12:53:53+00:00","dateModified":"2026-01-30T13:24:28+00:00","description":"Die ukrainische Pianistin Nataliya Tkachenko hat die Werke \"Troy Sonata\", \"3 Ballads\" und \"Black Earth\" von Faz\u0131l Say neu eingespielt","breadcrumb":{"@id":"https:\/\/neos-music.com\/product\/fazil-say-troy-sonata-%c2%b7-3-ballads-%c2%b7-black-earth-nataliya-tkachenko\/#breadcrumb"},"inLanguage":"en-US","potentialAction":[{"@type":"ReadAction","target":["https:\/\/neos-music.com\/product\/fazil-say-troy-sonata-%c2%b7-3-ballads-%c2%b7-black-earth-nataliya-tkachenko\/"]}]},{"@type":"ImageObject","inLanguage":"en-US","@id":"https:\/\/neos-music.com\/product\/fazil-say-troy-sonata-%c2%b7-3-ballads-%c2%b7-black-earth-nataliya-tkachenko\/#primaryimage","url":"https:\/\/i0.wp.com\/neos-music.com\/wp-content\/uploads\/2023\/07\/NEOS-12319-Say-Cover.jpg?fit=1647%2C1482&ssl=1","contentUrl":"https:\/\/i0.wp.com\/neos-music.com\/wp-content\/uploads\/2023\/07\/NEOS-12319-Say-Cover.jpg?fit=1647%2C1482&ssl=1","width":1647,"height":1482},{"@type":"BreadcrumbList","@id":"https:\/\/neos-music.com\/product\/fazil-say-troy-sonata-%c2%b7-3-ballads-%c2%b7-black-earth-nataliya-tkachenko\/#breadcrumb","itemListElement":[{"@type":"ListItem","position":1,"name":"Startseite","item":"https:\/\/neos-music.com\/"},{"@type":"ListItem","position":2,"name":"Produkte","item":"https:\/\/neos-music.com\/shop__trashed\/"},{"@type":"ListItem","position":3,"name":"Faz\u0131l Say: Troy Sonata \u00b7 3 Ballads \u00b7 Black Earth"}]},{"@type":"WebSite","@id":"https:\/\/neos-music.com\/#website","url":"https:\/\/neos-music.com\/","name":"NEOS Music","description":"Dein Online Shop f\u00fcr zeitgen\u00f6ssische Musik, Jazz und Classics!","publisher":{"@id":"https:\/\/neos-music.com\/#organization"},"potentialAction":[{"@type":"SearchAction","target":{"@type":"EntryPoint","urlTemplate":"https:\/\/neos-music.com\/?s={search_term_string}"},"query-input":{"@type":"PropertyValueSpecification","valueRequired":true,"valueName":"search_term_string"}}],"inLanguage":"en-US"},{"@type":"Organization","@id":"https:\/\/neos-music.com\/#organization","name":"NEOS Music","url":"https:\/\/neos-music.com\/","logo":{"@type":"ImageObject","inLanguage":"en-US","@id":"https:\/\/neos-music.com\/#\/schema\/logo\/image\/","url":"https:\/\/i0.wp.com\/neos-music.com\/wp-content\/uploads\/2025\/08\/NEOS-Logo-weiss.png?fit=800%2C203&ssl=1","contentUrl":"https:\/\/i0.wp.com\/neos-music.com\/wp-content\/uploads\/2025\/08\/NEOS-Logo-weiss.png?fit=800%2C203&ssl=1","width":800,"height":203,"caption":"NEOS Music"},"image":{"@id":"https:\/\/neos-music.com\/#\/schema\/logo\/image\/"}}]}},"jetpack_sharing_enabled":true,"_links":{"self":[{"href":"https:\/\/neos-music.com\/en_us\/wp-json\/wp\/v2\/product\/7630","targetHints":{"allow":["GET"]}}],"collection":[{"href":"https:\/\/neos-music.com\/en_us\/wp-json\/wp\/v2\/product"}],"about":[{"href":"https:\/\/neos-music.com\/en_us\/wp-json\/wp\/v2\/types\/product"}],"version-history":[{"count":9,"href":"https:\/\/neos-music.com\/en_us\/wp-json\/wp\/v2\/product\/7630\/revisions"}],"predecessor-version":[{"id":10366,"href":"https:\/\/neos-music.com\/en_us\/wp-json\/wp\/v2\/product\/7630\/revisions\/10366"}],"wp:featuredmedia":[{"embeddable":true,"href":"https:\/\/neos-music.com\/en_us\/wp-json\/wp\/v2\/media\/7633"}],"wp:attachment":[{"href":"https:\/\/neos-music.com\/en_us\/wp-json\/wp\/v2\/media?parent=7630"}],"wp:term":[{"taxonomy":"product_brand","embeddable":true,"href":"https:\/\/neos-music.com\/en_us\/wp-json\/wp\/v2\/product_brand?post=7630"},{"taxonomy":"product_cat","embeddable":true,"href":"https:\/\/neos-music.com\/en_us\/wp-json\/wp\/v2\/product_cat?post=7630"},{"taxonomy":"product_tag","embeddable":true,"href":"https:\/\/neos-music.com\/en_us\/wp-json\/wp\/v2\/product_tag?post=7630"}],"curies":[{"name":"wp","href":"https:\/\/api.w.org\/{rel}","templated":true}]}}