{"id":7701,"date":"2023-08-24T10:15:36","date_gmt":"2023-08-24T10:15:36","guid":{"rendered":"https:\/\/neos-music.com\/?post_type=product&#038;p=7701"},"modified":"2026-01-30T15:18:08","modified_gmt":"2026-01-30T14:18:08","slug":"rene-wohlhauser-die-fragmentierte-wahrnehmung","status":"publish","type":"product","link":"https:\/\/neos-music.com\/en_us\/product\/rene-wohlhauser-die-fragmentierte-wahrnehmung\/","title":{"rendered":"Ren\u00e9 Wohlhauser: Die fragmentierte Wahrnehmung"},"content":{"rendered":"<p style=\"font-weight: 400;\"><strong>Works for various chamber music ensembles<\/strong><\/p>\n<p style=\"font-weight: 400;\">\"Die fragmentierte Wahrnehmung\", the tenth CD in the Wohlhauser Edition released by NEOS, contains eight works for various chamber music ensembles.<\/p>\n<p style=\"font-weight: 400;\" class=\"translation-block\">The three works with the largest ensembles are the title work <em>Die fragmentierte Wahrnehmung&lt;\/em, <em>Concertino Nr. 1 f\u00fcr Fl\u00f6te und Ensemble<\/em>, and <em>Concertino Nr. 2 f\u00fcr Klarinette und Ensemble<\/em>. This CD also includes Piano Trio No. 2, Trios for Soprano, Violin, and Piano No. 1 and No. 2, and Duo for Flute and Violoncello No. 2. The CD concludes with the solo work <em>Marmamorais<\/em>, dedicated to flutist Claudia Weissbarth, who also recorded it for this CD.<\/p>\n<p style=\"font-weight: 400;\" class=\"translation-block\">In <em>Die fragmentierte Wahrnehmung<\/em> and the two trios, Ren\u00e9 Wohlhauser set his own poems to music.<\/p>","protected":false},"excerpt":{"rendered":"<p>1 CD<\/p>","protected":false},"featured_media":7704,"template":"","meta":{"site-sidebar-layout":"default","site-content-layout":"default","ast-site-content-layout":"default","site-content-style":"default","site-sidebar-style":"default","ast-global-header-display":"","ast-banner-title-visibility":"","ast-main-header-display":"","ast-hfb-above-header-display":"","ast-hfb-below-header-display":"","ast-hfb-mobile-header-display":"","site-post-title":"","ast-breadcrumbs-content":"","ast-featured-img":"","footer-sml-layout":"","theme-transparent-header-meta":"default","adv-header-id-meta":"","stick-header-meta":"","header-above-stick-meta":"","header-main-stick-meta":"","header-below-stick-meta":"","astra-migrate-meta-layouts":"set","ast-page-background-enabled":"default","ast-page-background-meta":{"desktop":{"background-color":"","background-image":"","background-repeat":"repeat","background-position":"center center","background-size":"auto","background-attachment":"scroll","background-type":"","background-media":"","overlay-type":"","overlay-color":"","overlay-opacity":"","overlay-gradient":""},"tablet":{"background-color":"","background-image":"","background-repeat":"repeat","background-position":"center center","background-size":"auto","background-attachment":"scroll","background-type":"","background-media":"","overlay-type":"","overlay-color":"","overlay-opacity":"","overlay-gradient":""},"mobile":{"background-color":"","background-image":"","background-repeat":"repeat","background-position":"center center","background-size":"auto","background-attachment":"scroll","background-type":"","background-media":"","overlay-type":"","overlay-color":"","overlay-opacity":"","overlay-gradient":""}},"ast-content-background-meta":{"desktop":{"background-color":"var(--ast-global-color-5)","background-image":"","background-repeat":"repeat","background-position":"center center","background-size":"auto","background-attachment":"scroll","background-type":"","background-media":"","overlay-type":"","overlay-color":"","overlay-opacity":"","overlay-gradient":""},"tablet":{"background-color":"var(--ast-global-color-5)","background-image":"","background-repeat":"repeat","background-position":"center center","background-size":"auto","background-attachment":"scroll","background-type":"","background-media":"","overlay-type":"","overlay-color":"","overlay-opacity":"","overlay-gradient":""},"mobile":{"background-color":"var(--ast-global-color-5)","background-image":"","background-repeat":"repeat","background-position":"center center","background-size":"auto","background-attachment":"scroll","background-type":"","background-media":"","overlay-type":"","overlay-color":"","overlay-opacity":"","overlay-gradient":""}}},"product_brand":[],"product_cat":[26],"product_tag":[876],"class_list":{"0":"post-7701","1":"product","2":"type-product","3":"status-publish","4":"has-post-thumbnail","6":"product_cat-zeitgenossische-musik","7":"product_tag-neuveroeffentlichungen","8":"desktop-align-left","9":"tablet-align-left","10":"mobile-align-left","12":"first","13":"instock","14":"taxable","15":"shipping-taxable","16":"purchasable","17":"product-type-simple"},"yoast_head":"<!-- This site is optimized with the Yoast SEO plugin v27.3 - https:\/\/yoast.com\/product\/yoast-seo-wordpress\/ -->\n<title>Ren\u00e9 Wohlhauser: Die fragmentierte Wahrnehmung - NEOS Music<\/title>\n<meta name=\"description\" content=\"\u201eDie fragmentierte Wahrnehmung\u201c, die zehnte CD der Wohlhauser Edition bei NEOS, beinhaltet acht Werke f\u00fcr verschiedene kammermusikalische Besetzungen. Die drei Werke mit der gr\u00f6\u00dften Besetzung sind das titelgebende Werk &quot;Die fragmentierte Wahrnehmung&quot;, das &quot;Concertino Nr. 1 f\u00fcr Fl\u00f6te und Ensemble&quot; und das &quot;Concertino Nr. 2 f\u00fcr Klarinette und Ensemble&quot;. Zudem finden sich auf dieser CD das &quot;Klaviertrio Nr. 2&quot;, die &quot;Trios f\u00fcr Sopran, Violine und Klavier Nr. 1 und Nr. 2&quot; sowie das &quot;Duo f\u00fcr Fl\u00f6te und Violoncello Nr. 2&quot;. Den Abschluss bildet das der Fl\u00f6tistin Claudia Weissbarth gewidmete Solo-Werk &quot;Marmamorais&quot;, welches auch von ihr f\u00fcr diese CD eingespielt wurde. Bei &quot;Die fragmentierte Wahrnehmung&quot; und den beiden Trios hat Ren\u00e9 Wohlhauser eigene Gedichte vertont.\" \/>\n<meta name=\"robots\" content=\"index, follow, max-snippet:-1, max-image-preview:large, max-video-preview:-1\" \/>\n<link rel=\"canonical\" href=\"https:\/\/neos-music.com\/en_us\/product\/rene-wohlhauser-die-fragmentierte-wahrnehmung\/\" \/>\n<meta property=\"og:locale\" content=\"en_US\" \/>\n<meta property=\"og:type\" content=\"article\" \/>\n<meta property=\"og:title\" content=\"Ren\u00e9 Wohlhauser: Die fragmentierte Wahrnehmung - NEOS Music\" \/>\n<meta property=\"og:description\" content=\"\u201eDie fragmentierte Wahrnehmung\u201c, die zehnte CD der Wohlhauser Edition bei NEOS, beinhaltet acht Werke f\u00fcr verschiedene kammermusikalische Besetzungen. Die drei Werke mit der gr\u00f6\u00dften Besetzung sind das titelgebende Werk &quot;Die fragmentierte Wahrnehmung&quot;, das &quot;Concertino Nr. 1 f\u00fcr Fl\u00f6te und Ensemble&quot; und das &quot;Concertino Nr. 2 f\u00fcr Klarinette und Ensemble&quot;. Zudem finden sich auf dieser CD das &quot;Klaviertrio Nr. 2&quot;, die &quot;Trios f\u00fcr Sopran, Violine und Klavier Nr. 1 und Nr. 2&quot; sowie das &quot;Duo f\u00fcr Fl\u00f6te und Violoncello Nr. 2&quot;. Den Abschluss bildet das der Fl\u00f6tistin Claudia Weissbarth gewidmete Solo-Werk &quot;Marmamorais&quot;, welches auch von ihr f\u00fcr diese CD eingespielt wurde. Bei &quot;Die fragmentierte Wahrnehmung&quot; und den beiden Trios hat Ren\u00e9 Wohlhauser eigene Gedichte vertont.\" \/>\n<meta property=\"og:url\" content=\"https:\/\/neos-music.com\/en_us\/product\/rene-wohlhauser-die-fragmentierte-wahrnehmung\/\" \/>\n<meta property=\"og:site_name\" content=\"NEOS Music\" \/>\n<meta property=\"article:modified_time\" content=\"2026-01-30T14:18:08+00:00\" \/>\n<meta property=\"og:image\" content=\"https:\/\/neos-music.com\/wp-content\/uploads\/2023\/08\/NEOS-12329-Wohlhauser-10-Cover.jpg\" \/>\n\t<meta property=\"og:image:width\" content=\"1648\" \/>\n\t<meta property=\"og:image:height\" content=\"1482\" \/>\n\t<meta property=\"og:image:type\" content=\"image\/jpeg\" \/>\n<meta name=\"twitter:card\" content=\"summary_large_image\" \/>\n<meta name=\"twitter:label1\" content=\"Est. reading time\" \/>\n\t<meta name=\"twitter:data1\" content=\"1 minute\" \/>\n<script type=\"application\/ld+json\" class=\"yoast-schema-graph\">{\"@context\":\"https:\\\/\\\/schema.org\",\"@graph\":[{\"@type\":\"WebPage\",\"@id\":\"https:\\\/\\\/neos-music.com\\\/product\\\/rene-wohlhauser-die-fragmentierte-wahrnehmung\\\/\",\"url\":\"https:\\\/\\\/neos-music.com\\\/product\\\/rene-wohlhauser-die-fragmentierte-wahrnehmung\\\/\",\"name\":\"Ren\u00e9 Wohlhauser: Die fragmentierte Wahrnehmung - NEOS Music\",\"isPartOf\":{\"@id\":\"https:\\\/\\\/neos-music.com\\\/#website\"},\"primaryImageOfPage\":{\"@id\":\"https:\\\/\\\/neos-music.com\\\/product\\\/rene-wohlhauser-die-fragmentierte-wahrnehmung\\\/#primaryimage\"},\"image\":{\"@id\":\"https:\\\/\\\/neos-music.com\\\/product\\\/rene-wohlhauser-die-fragmentierte-wahrnehmung\\\/#primaryimage\"},\"thumbnailUrl\":\"https:\\\/\\\/i0.wp.com\\\/neos-music.com\\\/wp-content\\\/uploads\\\/2023\\\/08\\\/NEOS-12329-Wohlhauser-10-Cover.jpg?fit=1648%2C1482&ssl=1\",\"datePublished\":\"2023-08-24T10:15:36+00:00\",\"dateModified\":\"2026-01-30T14:18:08+00:00\",\"description\":\"\u201eDie fragmentierte Wahrnehmung\u201c, die zehnte CD der Wohlhauser Edition bei NEOS, beinhaltet acht Werke f\u00fcr verschiedene kammermusikalische Besetzungen. Die drei Werke mit der gr\u00f6\u00dften Besetzung sind das titelgebende Werk \\\"Die fragmentierte Wahrnehmung\\\", das \\\"Concertino Nr. 1 f\u00fcr Fl\u00f6te und Ensemble\\\" und das \\\"Concertino Nr. 2 f\u00fcr Klarinette und Ensemble\\\". Zudem finden sich auf dieser CD das \\\"Klaviertrio Nr. 2\\\", die \\\"Trios f\u00fcr Sopran, Violine und Klavier Nr. 1 und Nr. 2\\\" sowie das \\\"Duo f\u00fcr Fl\u00f6te und Violoncello Nr. 2\\\". Den Abschluss bildet das der Fl\u00f6tistin Claudia Weissbarth gewidmete Solo-Werk \\\"Marmamorais\\\", welches auch von ihr f\u00fcr diese CD eingespielt wurde. Bei \\\"Die fragmentierte Wahrnehmung\\\" und den beiden Trios hat Ren\u00e9 Wohlhauser eigene Gedichte vertont.\",\"breadcrumb\":{\"@id\":\"https:\\\/\\\/neos-music.com\\\/product\\\/rene-wohlhauser-die-fragmentierte-wahrnehmung\\\/#breadcrumb\"},\"inLanguage\":\"en-US\",\"potentialAction\":[{\"@type\":\"ReadAction\",\"target\":[\"https:\\\/\\\/neos-music.com\\\/product\\\/rene-wohlhauser-die-fragmentierte-wahrnehmung\\\/\"]}]},{\"@type\":\"ImageObject\",\"inLanguage\":\"en-US\",\"@id\":\"https:\\\/\\\/neos-music.com\\\/product\\\/rene-wohlhauser-die-fragmentierte-wahrnehmung\\\/#primaryimage\",\"url\":\"https:\\\/\\\/i0.wp.com\\\/neos-music.com\\\/wp-content\\\/uploads\\\/2023\\\/08\\\/NEOS-12329-Wohlhauser-10-Cover.jpg?fit=1648%2C1482&ssl=1\",\"contentUrl\":\"https:\\\/\\\/i0.wp.com\\\/neos-music.com\\\/wp-content\\\/uploads\\\/2023\\\/08\\\/NEOS-12329-Wohlhauser-10-Cover.jpg?fit=1648%2C1482&ssl=1\",\"width\":1648,\"height\":1482},{\"@type\":\"BreadcrumbList\",\"@id\":\"https:\\\/\\\/neos-music.com\\\/product\\\/rene-wohlhauser-die-fragmentierte-wahrnehmung\\\/#breadcrumb\",\"itemListElement\":[{\"@type\":\"ListItem\",\"position\":1,\"name\":\"Startseite\",\"item\":\"https:\\\/\\\/neos-music.com\\\/\"},{\"@type\":\"ListItem\",\"position\":2,\"name\":\"Produkte\",\"item\":\"https:\\\/\\\/neos-music.com\\\/shop__trashed\\\/\"},{\"@type\":\"ListItem\",\"position\":3,\"name\":\"Ren\u00e9 Wohlhauser: Die fragmentierte Wahrnehmung\"}]},{\"@type\":\"WebSite\",\"@id\":\"https:\\\/\\\/neos-music.com\\\/#website\",\"url\":\"https:\\\/\\\/neos-music.com\\\/\",\"name\":\"NEOS Music\",\"description\":\"Dein Online Shop f\u00fcr zeitgen\u00f6ssische Musik, Jazz und Classics!\",\"publisher\":{\"@id\":\"https:\\\/\\\/neos-music.com\\\/#organization\"},\"potentialAction\":[{\"@type\":\"SearchAction\",\"target\":{\"@type\":\"EntryPoint\",\"urlTemplate\":\"https:\\\/\\\/neos-music.com\\\/?s={search_term_string}\"},\"query-input\":{\"@type\":\"PropertyValueSpecification\",\"valueRequired\":true,\"valueName\":\"search_term_string\"}}],\"inLanguage\":\"en-US\"},{\"@type\":\"Organization\",\"@id\":\"https:\\\/\\\/neos-music.com\\\/#organization\",\"name\":\"NEOS Music\",\"url\":\"https:\\\/\\\/neos-music.com\\\/\",\"logo\":{\"@type\":\"ImageObject\",\"inLanguage\":\"en-US\",\"@id\":\"https:\\\/\\\/neos-music.com\\\/#\\\/schema\\\/logo\\\/image\\\/\",\"url\":\"https:\\\/\\\/i0.wp.com\\\/neos-music.com\\\/wp-content\\\/uploads\\\/2025\\\/08\\\/NEOS-Logo-weiss.png?fit=800%2C203&ssl=1\",\"contentUrl\":\"https:\\\/\\\/i0.wp.com\\\/neos-music.com\\\/wp-content\\\/uploads\\\/2025\\\/08\\\/NEOS-Logo-weiss.png?fit=800%2C203&ssl=1\",\"width\":800,\"height\":203,\"caption\":\"NEOS Music\"},\"image\":{\"@id\":\"https:\\\/\\\/neos-music.com\\\/#\\\/schema\\\/logo\\\/image\\\/\"}}]}<\/script>\n<!-- \/ Yoast SEO plugin. -->","yoast_head_json":{"title":"Ren\u00e9 Wohlhauser: Die fragmentierte Wahrnehmung - NEOS Music","description":"\u201eDie fragmentierte Wahrnehmung\u201c, die zehnte CD der Wohlhauser Edition bei NEOS, beinhaltet acht Werke f\u00fcr verschiedene kammermusikalische Besetzungen. Die drei Werke mit der gr\u00f6\u00dften Besetzung sind das titelgebende Werk \"Die fragmentierte Wahrnehmung\", das \"Concertino Nr. 1 f\u00fcr Fl\u00f6te und Ensemble\" und das \"Concertino Nr. 2 f\u00fcr Klarinette und Ensemble\". Zudem finden sich auf dieser CD das \"Klaviertrio Nr. 2\", die \"Trios f\u00fcr Sopran, Violine und Klavier Nr. 1 und Nr. 2\" sowie das \"Duo f\u00fcr Fl\u00f6te und Violoncello Nr. 2\". Den Abschluss bildet das der Fl\u00f6tistin Claudia Weissbarth gewidmete Solo-Werk \"Marmamorais\", welches auch von ihr f\u00fcr diese CD eingespielt wurde. Bei \"Die fragmentierte Wahrnehmung\" und den beiden Trios hat Ren\u00e9 Wohlhauser eigene Gedichte vertont.","robots":{"index":"index","follow":"follow","max-snippet":"max-snippet:-1","max-image-preview":"max-image-preview:large","max-video-preview":"max-video-preview:-1"},"canonical":"https:\/\/neos-music.com\/en_us\/product\/rene-wohlhauser-die-fragmentierte-wahrnehmung\/","og_locale":"en_US","og_type":"article","og_title":"Ren\u00e9 Wohlhauser: Die fragmentierte Wahrnehmung - NEOS Music","og_description":"\u201eDie fragmentierte Wahrnehmung\u201c, die zehnte CD der Wohlhauser Edition bei NEOS, beinhaltet acht Werke f\u00fcr verschiedene kammermusikalische Besetzungen. Die drei Werke mit der gr\u00f6\u00dften Besetzung sind das titelgebende Werk \"Die fragmentierte Wahrnehmung\", das \"Concertino Nr. 1 f\u00fcr Fl\u00f6te und Ensemble\" und das \"Concertino Nr. 2 f\u00fcr Klarinette und Ensemble\". Zudem finden sich auf dieser CD das \"Klaviertrio Nr. 2\", die \"Trios f\u00fcr Sopran, Violine und Klavier Nr. 1 und Nr. 2\" sowie das \"Duo f\u00fcr Fl\u00f6te und Violoncello Nr. 2\". Den Abschluss bildet das der Fl\u00f6tistin Claudia Weissbarth gewidmete Solo-Werk \"Marmamorais\", welches auch von ihr f\u00fcr diese CD eingespielt wurde. Bei \"Die fragmentierte Wahrnehmung\" und den beiden Trios hat Ren\u00e9 Wohlhauser eigene Gedichte vertont.","og_url":"https:\/\/neos-music.com\/en_us\/product\/rene-wohlhauser-die-fragmentierte-wahrnehmung\/","og_site_name":"NEOS Music","article_modified_time":"2026-01-30T14:18:08+00:00","og_image":[{"width":1648,"height":1482,"url":"https:\/\/neos-music.com\/wp-content\/uploads\/2023\/08\/NEOS-12329-Wohlhauser-10-Cover.jpg","type":"image\/jpeg"}],"twitter_card":"summary_large_image","twitter_misc":{"Est. reading time":"1 minute"},"schema":{"@context":"https:\/\/schema.org","@graph":[{"@type":"WebPage","@id":"https:\/\/neos-music.com\/product\/rene-wohlhauser-die-fragmentierte-wahrnehmung\/","url":"https:\/\/neos-music.com\/product\/rene-wohlhauser-die-fragmentierte-wahrnehmung\/","name":"Ren\u00e9 Wohlhauser: Die fragmentierte Wahrnehmung - NEOS Music","isPartOf":{"@id":"https:\/\/neos-music.com\/#website"},"primaryImageOfPage":{"@id":"https:\/\/neos-music.com\/product\/rene-wohlhauser-die-fragmentierte-wahrnehmung\/#primaryimage"},"image":{"@id":"https:\/\/neos-music.com\/product\/rene-wohlhauser-die-fragmentierte-wahrnehmung\/#primaryimage"},"thumbnailUrl":"https:\/\/i0.wp.com\/neos-music.com\/wp-content\/uploads\/2023\/08\/NEOS-12329-Wohlhauser-10-Cover.jpg?fit=1648%2C1482&ssl=1","datePublished":"2023-08-24T10:15:36+00:00","dateModified":"2026-01-30T14:18:08+00:00","description":"\u201eDie fragmentierte Wahrnehmung\u201c, die zehnte CD der Wohlhauser Edition bei NEOS, beinhaltet acht Werke f\u00fcr verschiedene kammermusikalische Besetzungen. Die drei Werke mit der gr\u00f6\u00dften Besetzung sind das titelgebende Werk \"Die fragmentierte Wahrnehmung\", das \"Concertino Nr. 1 f\u00fcr Fl\u00f6te und Ensemble\" und das \"Concertino Nr. 2 f\u00fcr Klarinette und Ensemble\". Zudem finden sich auf dieser CD das \"Klaviertrio Nr. 2\", die \"Trios f\u00fcr Sopran, Violine und Klavier Nr. 1 und Nr. 2\" sowie das \"Duo f\u00fcr Fl\u00f6te und Violoncello Nr. 2\". Den Abschluss bildet das der Fl\u00f6tistin Claudia Weissbarth gewidmete Solo-Werk \"Marmamorais\", welches auch von ihr f\u00fcr diese CD eingespielt wurde. Bei \"Die fragmentierte Wahrnehmung\" und den beiden Trios hat Ren\u00e9 Wohlhauser eigene Gedichte vertont.","breadcrumb":{"@id":"https:\/\/neos-music.com\/product\/rene-wohlhauser-die-fragmentierte-wahrnehmung\/#breadcrumb"},"inLanguage":"en-US","potentialAction":[{"@type":"ReadAction","target":["https:\/\/neos-music.com\/product\/rene-wohlhauser-die-fragmentierte-wahrnehmung\/"]}]},{"@type":"ImageObject","inLanguage":"en-US","@id":"https:\/\/neos-music.com\/product\/rene-wohlhauser-die-fragmentierte-wahrnehmung\/#primaryimage","url":"https:\/\/i0.wp.com\/neos-music.com\/wp-content\/uploads\/2023\/08\/NEOS-12329-Wohlhauser-10-Cover.jpg?fit=1648%2C1482&ssl=1","contentUrl":"https:\/\/i0.wp.com\/neos-music.com\/wp-content\/uploads\/2023\/08\/NEOS-12329-Wohlhauser-10-Cover.jpg?fit=1648%2C1482&ssl=1","width":1648,"height":1482},{"@type":"BreadcrumbList","@id":"https:\/\/neos-music.com\/product\/rene-wohlhauser-die-fragmentierte-wahrnehmung\/#breadcrumb","itemListElement":[{"@type":"ListItem","position":1,"name":"Startseite","item":"https:\/\/neos-music.com\/"},{"@type":"ListItem","position":2,"name":"Produkte","item":"https:\/\/neos-music.com\/shop__trashed\/"},{"@type":"ListItem","position":3,"name":"Ren\u00e9 Wohlhauser: Die fragmentierte Wahrnehmung"}]},{"@type":"WebSite","@id":"https:\/\/neos-music.com\/#website","url":"https:\/\/neos-music.com\/","name":"NEOS Music","description":"Dein Online Shop f\u00fcr zeitgen\u00f6ssische Musik, Jazz und Classics!","publisher":{"@id":"https:\/\/neos-music.com\/#organization"},"potentialAction":[{"@type":"SearchAction","target":{"@type":"EntryPoint","urlTemplate":"https:\/\/neos-music.com\/?s={search_term_string}"},"query-input":{"@type":"PropertyValueSpecification","valueRequired":true,"valueName":"search_term_string"}}],"inLanguage":"en-US"},{"@type":"Organization","@id":"https:\/\/neos-music.com\/#organization","name":"NEOS Music","url":"https:\/\/neos-music.com\/","logo":{"@type":"ImageObject","inLanguage":"en-US","@id":"https:\/\/neos-music.com\/#\/schema\/logo\/image\/","url":"https:\/\/i0.wp.com\/neos-music.com\/wp-content\/uploads\/2025\/08\/NEOS-Logo-weiss.png?fit=800%2C203&ssl=1","contentUrl":"https:\/\/i0.wp.com\/neos-music.com\/wp-content\/uploads\/2025\/08\/NEOS-Logo-weiss.png?fit=800%2C203&ssl=1","width":800,"height":203,"caption":"NEOS Music"},"image":{"@id":"https:\/\/neos-music.com\/#\/schema\/logo\/image\/"}}]}},"jetpack_sharing_enabled":true,"_links":{"self":[{"href":"https:\/\/neos-music.com\/en_us\/wp-json\/wp\/v2\/product\/7701","targetHints":{"allow":["GET"]}}],"collection":[{"href":"https:\/\/neos-music.com\/en_us\/wp-json\/wp\/v2\/product"}],"about":[{"href":"https:\/\/neos-music.com\/en_us\/wp-json\/wp\/v2\/types\/product"}],"version-history":[{"count":6,"href":"https:\/\/neos-music.com\/en_us\/wp-json\/wp\/v2\/product\/7701\/revisions"}],"predecessor-version":[{"id":10370,"href":"https:\/\/neos-music.com\/en_us\/wp-json\/wp\/v2\/product\/7701\/revisions\/10370"}],"wp:featuredmedia":[{"embeddable":true,"href":"https:\/\/neos-music.com\/en_us\/wp-json\/wp\/v2\/media\/7704"}],"wp:attachment":[{"href":"https:\/\/neos-music.com\/en_us\/wp-json\/wp\/v2\/media?parent=7701"}],"wp:term":[{"taxonomy":"product_brand","embeddable":true,"href":"https:\/\/neos-music.com\/en_us\/wp-json\/wp\/v2\/product_brand?post=7701"},{"taxonomy":"product_cat","embeddable":true,"href":"https:\/\/neos-music.com\/en_us\/wp-json\/wp\/v2\/product_cat?post=7701"},{"taxonomy":"product_tag","embeddable":true,"href":"https:\/\/neos-music.com\/en_us\/wp-json\/wp\/v2\/product_tag?post=7701"}],"curies":[{"name":"wp","href":"https:\/\/api.w.org\/{rel}","templated":true}]}}