{"id":7739,"date":"2023-09-15T07:19:54","date_gmt":"2023-09-15T07:19:54","guid":{"rendered":"https:\/\/neos-music.com\/?post_type=product&#038;p=7739"},"modified":"2026-01-30T14:04:59","modified_gmt":"2026-01-30T13:04:59","slug":"claude-lenners-insect-hotel","status":"publish","type":"product","link":"https:\/\/neos-music.com\/en_us\/product\/claude-lenners-insect-hotel\/","title":{"rendered":"Claude Lenners: Insect Hotel"},"content":{"rendered":"<p style=\"font-weight: 400;\" class=\"translation-block\">The <strong>Insect Hotel<\/strong> project is not limited to a single theme. It covers four different areas, so to speak. In addition to the central aspect of contemporary music, which goes hand in hand with poetry and literature as a form of musical art, it also deals with the world of insects. Very early on, a game developed that consisted of choosing a different language for each setting, for each number in the cycle.<\/p>\n<p style=\"font-weight: 400;\">Given the large number of languages worldwide, the cycle proves to be rather modest. With twenty-four settings of texts, each in a different language, it does not in any way claim to be exhaustive. Rather, it is a collection of scores and texts with the central theme of \u201cinsects,\u201d with many variations that illuminate the species \u201cinsect\u201d from different angles.<\/p>\n<p style=\"font-weight: 400;\">The project takes us through a world where languages and insect species are rapidly dying out. It is an adventure journey with countless diary entries and numerous overnight stays in insect hotels, where one can listen to the rustling of the creatures.<\/p>\n<p style=\"font-weight: 400;\">The 116-page booklet (in German, English, and French) contains all the texts set to music in all 24 languages with their respective translations.<\/p>","protected":false},"excerpt":{"rendered":"<p>1 CD<\/p>","protected":false},"featured_media":7742,"template":"","meta":{"site-sidebar-layout":"default","site-content-layout":"default","ast-site-content-layout":"default","site-content-style":"default","site-sidebar-style":"default","ast-global-header-display":"","ast-banner-title-visibility":"","ast-main-header-display":"","ast-hfb-above-header-display":"","ast-hfb-below-header-display":"","ast-hfb-mobile-header-display":"","site-post-title":"","ast-breadcrumbs-content":"","ast-featured-img":"","footer-sml-layout":"","theme-transparent-header-meta":"default","adv-header-id-meta":"","stick-header-meta":"","header-above-stick-meta":"","header-main-stick-meta":"","header-below-stick-meta":"","astra-migrate-meta-layouts":"set","ast-page-background-enabled":"default","ast-page-background-meta":{"desktop":{"background-color":"","background-image":"","background-repeat":"repeat","background-position":"center center","background-size":"auto","background-attachment":"scroll","background-type":"","background-media":"","overlay-type":"","overlay-color":"","overlay-opacity":"","overlay-gradient":""},"tablet":{"background-color":"","background-image":"","background-repeat":"repeat","background-position":"center center","background-size":"auto","background-attachment":"scroll","background-type":"","background-media":"","overlay-type":"","overlay-color":"","overlay-opacity":"","overlay-gradient":""},"mobile":{"background-color":"","background-image":"","background-repeat":"repeat","background-position":"center center","background-size":"auto","background-attachment":"scroll","background-type":"","background-media":"","overlay-type":"","overlay-color":"","overlay-opacity":"","overlay-gradient":""}},"ast-content-background-meta":{"desktop":{"background-color":"var(--ast-global-color-5)","background-image":"","background-repeat":"repeat","background-position":"center center","background-size":"auto","background-attachment":"scroll","background-type":"","background-media":"","overlay-type":"","overlay-color":"","overlay-opacity":"","overlay-gradient":""},"tablet":{"background-color":"var(--ast-global-color-5)","background-image":"","background-repeat":"repeat","background-position":"center center","background-size":"auto","background-attachment":"scroll","background-type":"","background-media":"","overlay-type":"","overlay-color":"","overlay-opacity":"","overlay-gradient":""},"mobile":{"background-color":"var(--ast-global-color-5)","background-image":"","background-repeat":"repeat","background-position":"center center","background-size":"auto","background-attachment":"scroll","background-type":"","background-media":"","overlay-type":"","overlay-color":"","overlay-opacity":"","overlay-gradient":""}}},"product_brand":[],"product_cat":[26],"product_tag":[876],"class_list":{"0":"post-7739","1":"product","2":"type-product","3":"status-publish","4":"has-post-thumbnail","6":"product_cat-zeitgenossische-musik","7":"product_tag-neuveroeffentlichungen","8":"desktop-align-left","9":"tablet-align-left","10":"mobile-align-left","12":"first","13":"instock","14":"taxable","15":"shipping-taxable","16":"purchasable","17":"product-type-simple"},"yoast_head":"<!-- This site is optimized with the Yoast SEO plugin v27.4 - https:\/\/yoast.com\/product\/yoast-seo-wordpress\/ -->\n<title>Claude Lenners: Insect Hotel - NEOS Music<\/title>\n<meta name=\"description\" content=\"Das Projekt \u201eInsektenhotel\u201c beschr\u00e4nkt sich nicht nur auf ein einziges Thema. Es erstreckt sich gewisserma\u00dfen auf vier verschiedene Gebiete. Au\u00dfer dem im Mittelpunkt stehenden Aspekt von zeitgen\u00f6ssischer Musik, die als Vertonungskunst mit der Poetik und Literatur einhergeht, geht es auch um die Welt der Insekten. Sehr fr\u00fch hatte sich ein Spiel entwickelt, das darin bestand, f\u00fcr jede Vertonung, f\u00fcr jede Nummer im Zyklus eine andere Sprache zu w\u00e4hlen.\" \/>\n<meta name=\"robots\" content=\"index, follow, max-snippet:-1, max-image-preview:large, max-video-preview:-1\" \/>\n<link rel=\"canonical\" href=\"https:\/\/neos-music.com\/en_us\/product\/claude-lenners-insect-hotel\/\" \/>\n<meta property=\"og:locale\" content=\"en_US\" \/>\n<meta property=\"og:type\" content=\"article\" \/>\n<meta property=\"og:title\" content=\"Claude Lenners: Insect Hotel - NEOS Music\" \/>\n<meta property=\"og:description\" content=\"Das Projekt \u201eInsektenhotel\u201c beschr\u00e4nkt sich nicht nur auf ein einziges Thema. Es erstreckt sich gewisserma\u00dfen auf vier verschiedene Gebiete. Au\u00dfer dem im Mittelpunkt stehenden Aspekt von zeitgen\u00f6ssischer Musik, die als Vertonungskunst mit der Poetik und Literatur einhergeht, geht es auch um die Welt der Insekten. Sehr fr\u00fch hatte sich ein Spiel entwickelt, das darin bestand, f\u00fcr jede Vertonung, f\u00fcr jede Nummer im Zyklus eine andere Sprache zu w\u00e4hlen.\" \/>\n<meta property=\"og:url\" content=\"https:\/\/neos-music.com\/en_us\/product\/claude-lenners-insect-hotel\/\" \/>\n<meta property=\"og:site_name\" content=\"NEOS Music\" \/>\n<meta property=\"article:modified_time\" content=\"2026-01-30T13:04:59+00:00\" \/>\n<meta property=\"og:image\" content=\"https:\/\/neos-music.com\/wp-content\/uploads\/2023\/09\/NEOS-12307-Lenners-Cover.jpg\" \/>\n\t<meta property=\"og:image:width\" content=\"1650\" \/>\n\t<meta property=\"og:image:height\" content=\"1477\" \/>\n\t<meta property=\"og:image:type\" content=\"image\/jpeg\" \/>\n<meta name=\"twitter:card\" content=\"summary_large_image\" \/>\n<meta name=\"twitter:label1\" content=\"Est. reading time\" \/>\n\t<meta name=\"twitter:data1\" content=\"2 minutes\" \/>\n<script type=\"application\/ld+json\" class=\"yoast-schema-graph\">{\"@context\":\"https:\\\/\\\/schema.org\",\"@graph\":[{\"@type\":\"WebPage\",\"@id\":\"https:\\\/\\\/neos-music.com\\\/product\\\/claude-lenners-insect-hotel\\\/\",\"url\":\"https:\\\/\\\/neos-music.com\\\/product\\\/claude-lenners-insect-hotel\\\/\",\"name\":\"Claude Lenners: Insect Hotel - NEOS Music\",\"isPartOf\":{\"@id\":\"https:\\\/\\\/neos-music.com\\\/#website\"},\"primaryImageOfPage\":{\"@id\":\"https:\\\/\\\/neos-music.com\\\/product\\\/claude-lenners-insect-hotel\\\/#primaryimage\"},\"image\":{\"@id\":\"https:\\\/\\\/neos-music.com\\\/product\\\/claude-lenners-insect-hotel\\\/#primaryimage\"},\"thumbnailUrl\":\"https:\\\/\\\/i0.wp.com\\\/neos-music.com\\\/wp-content\\\/uploads\\\/2023\\\/09\\\/NEOS-12307-Lenners-Cover.jpg?fit=1650%2C1477&ssl=1\",\"datePublished\":\"2023-09-15T07:19:54+00:00\",\"dateModified\":\"2026-01-30T13:04:59+00:00\",\"description\":\"Das Projekt \u201eInsektenhotel\u201c beschr\u00e4nkt sich nicht nur auf ein einziges Thema. Es erstreckt sich gewisserma\u00dfen auf vier verschiedene Gebiete. Au\u00dfer dem im Mittelpunkt stehenden Aspekt von zeitgen\u00f6ssischer Musik, die als Vertonungskunst mit der Poetik und Literatur einhergeht, geht es auch um die Welt der Insekten. Sehr fr\u00fch hatte sich ein Spiel entwickelt, das darin bestand, f\u00fcr jede Vertonung, f\u00fcr jede Nummer im Zyklus eine andere Sprache zu w\u00e4hlen.\",\"breadcrumb\":{\"@id\":\"https:\\\/\\\/neos-music.com\\\/product\\\/claude-lenners-insect-hotel\\\/#breadcrumb\"},\"inLanguage\":\"en-US\",\"potentialAction\":[{\"@type\":\"ReadAction\",\"target\":[\"https:\\\/\\\/neos-music.com\\\/product\\\/claude-lenners-insect-hotel\\\/\"]}]},{\"@type\":\"ImageObject\",\"inLanguage\":\"en-US\",\"@id\":\"https:\\\/\\\/neos-music.com\\\/product\\\/claude-lenners-insect-hotel\\\/#primaryimage\",\"url\":\"https:\\\/\\\/i0.wp.com\\\/neos-music.com\\\/wp-content\\\/uploads\\\/2023\\\/09\\\/NEOS-12307-Lenners-Cover.jpg?fit=1650%2C1477&ssl=1\",\"contentUrl\":\"https:\\\/\\\/i0.wp.com\\\/neos-music.com\\\/wp-content\\\/uploads\\\/2023\\\/09\\\/NEOS-12307-Lenners-Cover.jpg?fit=1650%2C1477&ssl=1\",\"width\":1650,\"height\":1477},{\"@type\":\"BreadcrumbList\",\"@id\":\"https:\\\/\\\/neos-music.com\\\/product\\\/claude-lenners-insect-hotel\\\/#breadcrumb\",\"itemListElement\":[{\"@type\":\"ListItem\",\"position\":1,\"name\":\"Startseite\",\"item\":\"https:\\\/\\\/neos-music.com\\\/\"},{\"@type\":\"ListItem\",\"position\":2,\"name\":\"Produkte\",\"item\":\"https:\\\/\\\/neos-music.com\\\/shop__trashed\\\/\"},{\"@type\":\"ListItem\",\"position\":3,\"name\":\"Claude Lenners: Insect Hotel\"}]},{\"@type\":\"WebSite\",\"@id\":\"https:\\\/\\\/neos-music.com\\\/#website\",\"url\":\"https:\\\/\\\/neos-music.com\\\/\",\"name\":\"NEOS Music\",\"description\":\"Dein Online Shop f\u00fcr zeitgen\u00f6ssische Musik, Jazz und Classics!\",\"publisher\":{\"@id\":\"https:\\\/\\\/neos-music.com\\\/#organization\"},\"potentialAction\":[{\"@type\":\"SearchAction\",\"target\":{\"@type\":\"EntryPoint\",\"urlTemplate\":\"https:\\\/\\\/neos-music.com\\\/?s={search_term_string}\"},\"query-input\":{\"@type\":\"PropertyValueSpecification\",\"valueRequired\":true,\"valueName\":\"search_term_string\"}}],\"inLanguage\":\"en-US\"},{\"@type\":\"Organization\",\"@id\":\"https:\\\/\\\/neos-music.com\\\/#organization\",\"name\":\"NEOS Music\",\"url\":\"https:\\\/\\\/neos-music.com\\\/\",\"logo\":{\"@type\":\"ImageObject\",\"inLanguage\":\"en-US\",\"@id\":\"https:\\\/\\\/neos-music.com\\\/#\\\/schema\\\/logo\\\/image\\\/\",\"url\":\"https:\\\/\\\/i0.wp.com\\\/neos-music.com\\\/wp-content\\\/uploads\\\/2025\\\/08\\\/NEOS-Logo-weiss.png?fit=800%2C203&ssl=1\",\"contentUrl\":\"https:\\\/\\\/i0.wp.com\\\/neos-music.com\\\/wp-content\\\/uploads\\\/2025\\\/08\\\/NEOS-Logo-weiss.png?fit=800%2C203&ssl=1\",\"width\":800,\"height\":203,\"caption\":\"NEOS Music\"},\"image\":{\"@id\":\"https:\\\/\\\/neos-music.com\\\/#\\\/schema\\\/logo\\\/image\\\/\"}}]}<\/script>\n<!-- \/ Yoast SEO plugin. -->","yoast_head_json":{"title":"Claude Lenners: Insect Hotel - NEOS Music","description":"Das Projekt \u201eInsektenhotel\u201c beschr\u00e4nkt sich nicht nur auf ein einziges Thema. Es erstreckt sich gewisserma\u00dfen auf vier verschiedene Gebiete. Au\u00dfer dem im Mittelpunkt stehenden Aspekt von zeitgen\u00f6ssischer Musik, die als Vertonungskunst mit der Poetik und Literatur einhergeht, geht es auch um die Welt der Insekten. Sehr fr\u00fch hatte sich ein Spiel entwickelt, das darin bestand, f\u00fcr jede Vertonung, f\u00fcr jede Nummer im Zyklus eine andere Sprache zu w\u00e4hlen.","robots":{"index":"index","follow":"follow","max-snippet":"max-snippet:-1","max-image-preview":"max-image-preview:large","max-video-preview":"max-video-preview:-1"},"canonical":"https:\/\/neos-music.com\/en_us\/product\/claude-lenners-insect-hotel\/","og_locale":"en_US","og_type":"article","og_title":"Claude Lenners: Insect Hotel - NEOS Music","og_description":"Das Projekt \u201eInsektenhotel\u201c beschr\u00e4nkt sich nicht nur auf ein einziges Thema. Es erstreckt sich gewisserma\u00dfen auf vier verschiedene Gebiete. Au\u00dfer dem im Mittelpunkt stehenden Aspekt von zeitgen\u00f6ssischer Musik, die als Vertonungskunst mit der Poetik und Literatur einhergeht, geht es auch um die Welt der Insekten. Sehr fr\u00fch hatte sich ein Spiel entwickelt, das darin bestand, f\u00fcr jede Vertonung, f\u00fcr jede Nummer im Zyklus eine andere Sprache zu w\u00e4hlen.","og_url":"https:\/\/neos-music.com\/en_us\/product\/claude-lenners-insect-hotel\/","og_site_name":"NEOS Music","article_modified_time":"2026-01-30T13:04:59+00:00","og_image":[{"width":1650,"height":1477,"url":"https:\/\/neos-music.com\/wp-content\/uploads\/2023\/09\/NEOS-12307-Lenners-Cover.jpg","type":"image\/jpeg"}],"twitter_card":"summary_large_image","twitter_misc":{"Est. reading time":"2 minutes"},"schema":{"@context":"https:\/\/schema.org","@graph":[{"@type":"WebPage","@id":"https:\/\/neos-music.com\/product\/claude-lenners-insect-hotel\/","url":"https:\/\/neos-music.com\/product\/claude-lenners-insect-hotel\/","name":"Claude Lenners: Insect Hotel - NEOS Music","isPartOf":{"@id":"https:\/\/neos-music.com\/#website"},"primaryImageOfPage":{"@id":"https:\/\/neos-music.com\/product\/claude-lenners-insect-hotel\/#primaryimage"},"image":{"@id":"https:\/\/neos-music.com\/product\/claude-lenners-insect-hotel\/#primaryimage"},"thumbnailUrl":"https:\/\/i0.wp.com\/neos-music.com\/wp-content\/uploads\/2023\/09\/NEOS-12307-Lenners-Cover.jpg?fit=1650%2C1477&ssl=1","datePublished":"2023-09-15T07:19:54+00:00","dateModified":"2026-01-30T13:04:59+00:00","description":"Das Projekt \u201eInsektenhotel\u201c beschr\u00e4nkt sich nicht nur auf ein einziges Thema. Es erstreckt sich gewisserma\u00dfen auf vier verschiedene Gebiete. Au\u00dfer dem im Mittelpunkt stehenden Aspekt von zeitgen\u00f6ssischer Musik, die als Vertonungskunst mit der Poetik und Literatur einhergeht, geht es auch um die Welt der Insekten. Sehr fr\u00fch hatte sich ein Spiel entwickelt, das darin bestand, f\u00fcr jede Vertonung, f\u00fcr jede Nummer im Zyklus eine andere Sprache zu w\u00e4hlen.","breadcrumb":{"@id":"https:\/\/neos-music.com\/product\/claude-lenners-insect-hotel\/#breadcrumb"},"inLanguage":"en-US","potentialAction":[{"@type":"ReadAction","target":["https:\/\/neos-music.com\/product\/claude-lenners-insect-hotel\/"]}]},{"@type":"ImageObject","inLanguage":"en-US","@id":"https:\/\/neos-music.com\/product\/claude-lenners-insect-hotel\/#primaryimage","url":"https:\/\/i0.wp.com\/neos-music.com\/wp-content\/uploads\/2023\/09\/NEOS-12307-Lenners-Cover.jpg?fit=1650%2C1477&ssl=1","contentUrl":"https:\/\/i0.wp.com\/neos-music.com\/wp-content\/uploads\/2023\/09\/NEOS-12307-Lenners-Cover.jpg?fit=1650%2C1477&ssl=1","width":1650,"height":1477},{"@type":"BreadcrumbList","@id":"https:\/\/neos-music.com\/product\/claude-lenners-insect-hotel\/#breadcrumb","itemListElement":[{"@type":"ListItem","position":1,"name":"Startseite","item":"https:\/\/neos-music.com\/"},{"@type":"ListItem","position":2,"name":"Produkte","item":"https:\/\/neos-music.com\/shop__trashed\/"},{"@type":"ListItem","position":3,"name":"Claude Lenners: Insect Hotel"}]},{"@type":"WebSite","@id":"https:\/\/neos-music.com\/#website","url":"https:\/\/neos-music.com\/","name":"NEOS Music","description":"Dein Online Shop f\u00fcr zeitgen\u00f6ssische Musik, Jazz und Classics!","publisher":{"@id":"https:\/\/neos-music.com\/#organization"},"potentialAction":[{"@type":"SearchAction","target":{"@type":"EntryPoint","urlTemplate":"https:\/\/neos-music.com\/?s={search_term_string}"},"query-input":{"@type":"PropertyValueSpecification","valueRequired":true,"valueName":"search_term_string"}}],"inLanguage":"en-US"},{"@type":"Organization","@id":"https:\/\/neos-music.com\/#organization","name":"NEOS Music","url":"https:\/\/neos-music.com\/","logo":{"@type":"ImageObject","inLanguage":"en-US","@id":"https:\/\/neos-music.com\/#\/schema\/logo\/image\/","url":"https:\/\/i0.wp.com\/neos-music.com\/wp-content\/uploads\/2025\/08\/NEOS-Logo-weiss.png?fit=800%2C203&ssl=1","contentUrl":"https:\/\/i0.wp.com\/neos-music.com\/wp-content\/uploads\/2025\/08\/NEOS-Logo-weiss.png?fit=800%2C203&ssl=1","width":800,"height":203,"caption":"NEOS Music"},"image":{"@id":"https:\/\/neos-music.com\/#\/schema\/logo\/image\/"}}]}},"jetpack_sharing_enabled":true,"_links":{"self":[{"href":"https:\/\/neos-music.com\/en_us\/wp-json\/wp\/v2\/product\/7739","targetHints":{"allow":["GET"]}}],"collection":[{"href":"https:\/\/neos-music.com\/en_us\/wp-json\/wp\/v2\/product"}],"about":[{"href":"https:\/\/neos-music.com\/en_us\/wp-json\/wp\/v2\/types\/product"}],"version-history":[{"count":4,"href":"https:\/\/neos-music.com\/en_us\/wp-json\/wp\/v2\/product\/7739\/revisions"}],"predecessor-version":[{"id":10357,"href":"https:\/\/neos-music.com\/en_us\/wp-json\/wp\/v2\/product\/7739\/revisions\/10357"}],"wp:featuredmedia":[{"embeddable":true,"href":"https:\/\/neos-music.com\/en_us\/wp-json\/wp\/v2\/media\/7742"}],"wp:attachment":[{"href":"https:\/\/neos-music.com\/en_us\/wp-json\/wp\/v2\/media?parent=7739"}],"wp:term":[{"taxonomy":"product_brand","embeddable":true,"href":"https:\/\/neos-music.com\/en_us\/wp-json\/wp\/v2\/product_brand?post=7739"},{"taxonomy":"product_cat","embeddable":true,"href":"https:\/\/neos-music.com\/en_us\/wp-json\/wp\/v2\/product_cat?post=7739"},{"taxonomy":"product_tag","embeddable":true,"href":"https:\/\/neos-music.com\/en_us\/wp-json\/wp\/v2\/product_tag?post=7739"}],"curies":[{"name":"wp","href":"https:\/\/api.w.org\/{rel}","templated":true}]}}