{"id":7787,"date":"2023-10-19T07:44:19","date_gmt":"2023-10-19T07:44:19","guid":{"rendered":"https:\/\/neos-music.com\/?post_type=product&#038;p=7787"},"modified":"2026-01-29T22:13:58","modified_gmt":"2026-01-29T21:13:58","slug":"plastic-love","status":"publish","type":"product","link":"https:\/\/neos-music.com\/en_us\/product\/plastic-love\/","title":{"rendered":"plastic love &#8211; lovemusic &#038; Santiago D\u00edez Fischer"},"content":{"rendered":"<p><iframe style=\"border-radius: 12px;\" src=\"https:\/\/open.spotify.com\/embed\/album\/5ZyU2bW7qhzznUA5yQOGtf?utm_source=generator\" width=\"100%\" height=\"152\" frameborder=\"0\" allowfullscreen=\"allowfullscreen\"><\/iframe><\/p>\n<p class=\"translation-block\">This album is the result of a five-year collaboration with Santiago D\u00edez Fischer, which represents a wonderful symbiosis. lovemusic had already performed <em>s\u00f3lo ver\u00e1s ahora<\/em> (2014) (which was enthusiastically received by the audience) and <em>no son m\u00e1s silenciosos los espejos<\/em> (2010) (the first piece that made Emiliano enjoy playing the piccolo!), after which we decided to commission a new piece for wind trio for a concert in Strasbourg. The result was <em>plastic love<\/em> (2020). For us, the essence and joy of creating music with Santiago lies in simplicity\u2014the starting point is not a complicated or intellectual idea that the music then tries to imitate or maintain, but something simple that changes and evolves in the course of the collaborative creative process. The premiere of <em>plastic love<\/em> was a plastic party \u2013 plastic clothes, plastic cubes, plastic curtains, and of course Santiago's beloved boxes. During a break while rehearsing plastic love with Santiago, we began improvising, using the instruments like pressure valves and creating air sounds. Santiago joined in to explore the possibilities and parameters of what we were doing (this became <em>intermezzo ii<\/em> on this album). From then on, it was clear that we valued the collaboration and that further projects would follow.<\/p>\n<p>&nbsp;<\/p>\n<p>This initial collaboration has developed into a creative process: Santiago proposes an initial idea and asks us to record some samples. Sometimes he is looking for a particular timbre, sometimes a specific pitch that he wants to know how we can manipulate with effects or mix with the other instruments, and sometimes a sequence of events. Santiago begins to shape the music based on these recordings. And it really feels more like \u201cshaping\u201d than \u201cwriting\u201d: something that belongs more to the world of plastic arts than to a written form, something that is not rigid but curved and organic, i.e., malleable. The title and concept of this album also refer to this, which fits in with the general philosophy behind this project, which we have viewed more as an object than as a collection of pieces.<\/p>\n<p>&nbsp;<\/p>\n<p><em>lovemusic<\/em><\/p>","protected":false},"excerpt":{"rendered":"<p>1 CD<\/p>","protected":false},"featured_media":7790,"template":"","meta":{"site-sidebar-layout":"default","site-content-layout":"default","ast-site-content-layout":"default","site-content-style":"default","site-sidebar-style":"default","ast-global-header-display":"","ast-banner-title-visibility":"","ast-main-header-display":"","ast-hfb-above-header-display":"","ast-hfb-below-header-display":"","ast-hfb-mobile-header-display":"","site-post-title":"","ast-breadcrumbs-content":"","ast-featured-img":"","footer-sml-layout":"","theme-transparent-header-meta":"default","adv-header-id-meta":"","stick-header-meta":"","header-above-stick-meta":"","header-main-stick-meta":"","header-below-stick-meta":"","astra-migrate-meta-layouts":"set","ast-page-background-enabled":"default","ast-page-background-meta":{"desktop":{"background-color":"","background-image":"","background-repeat":"repeat","background-position":"center center","background-size":"auto","background-attachment":"scroll","background-type":"","background-media":"","overlay-type":"","overlay-color":"","overlay-opacity":"","overlay-gradient":""},"tablet":{"background-color":"","background-image":"","background-repeat":"repeat","background-position":"center center","background-size":"auto","background-attachment":"scroll","background-type":"","background-media":"","overlay-type":"","overlay-color":"","overlay-opacity":"","overlay-gradient":""},"mobile":{"background-color":"","background-image":"","background-repeat":"repeat","background-position":"center center","background-size":"auto","background-attachment":"scroll","background-type":"","background-media":"","overlay-type":"","overlay-color":"","overlay-opacity":"","overlay-gradient":""}},"ast-content-background-meta":{"desktop":{"background-color":"var(--ast-global-color-5)","background-image":"","background-repeat":"repeat","background-position":"center center","background-size":"auto","background-attachment":"scroll","background-type":"","background-media":"","overlay-type":"","overlay-color":"","overlay-opacity":"","overlay-gradient":""},"tablet":{"background-color":"var(--ast-global-color-5)","background-image":"","background-repeat":"repeat","background-position":"center center","background-size":"auto","background-attachment":"scroll","background-type":"","background-media":"","overlay-type":"","overlay-color":"","overlay-opacity":"","overlay-gradient":""},"mobile":{"background-color":"var(--ast-global-color-5)","background-image":"","background-repeat":"repeat","background-position":"center center","background-size":"auto","background-attachment":"scroll","background-type":"","background-media":"","overlay-type":"","overlay-color":"","overlay-opacity":"","overlay-gradient":""}}},"product_brand":[],"product_cat":[26],"product_tag":[876],"class_list":{"0":"post-7787","1":"product","2":"type-product","3":"status-publish","4":"has-post-thumbnail","6":"product_cat-zeitgenossische-musik","7":"product_tag-neuveroeffentlichungen","8":"desktop-align-left","9":"tablet-align-left","10":"mobile-align-left","12":"first","13":"instock","14":"taxable","15":"shipping-taxable","16":"purchasable","17":"product-type-simple"},"yoast_head":"<!-- This site is optimized with the Yoast SEO plugin v27.4 - https:\/\/yoast.com\/product\/yoast-seo-wordpress\/ -->\n<title>plastic love - lovemusic &amp; Santiago D\u00edez Fischer - NEOS Music<\/title>\n<meta name=\"description\" content=\"Dieses Album ist das Ergebnis einer f\u00fcnfj\u00e4hrigen Zusammenarbeit des Kollektiv lovemusic mit Santiago D\u00edez Fischer, die eine wunderbare Symbiose darstellt.\" \/>\n<meta name=\"robots\" content=\"index, follow, max-snippet:-1, max-image-preview:large, max-video-preview:-1\" \/>\n<link rel=\"canonical\" href=\"https:\/\/neos-music.com\/en_us\/product\/plastic-love\/\" \/>\n<meta property=\"og:locale\" content=\"en_US\" \/>\n<meta property=\"og:type\" content=\"article\" \/>\n<meta property=\"og:title\" content=\"plastic love - lovemusic &amp; Santiago D\u00edez Fischer - NEOS Music\" \/>\n<meta property=\"og:description\" content=\"Dieses Album ist das Ergebnis einer f\u00fcnfj\u00e4hrigen Zusammenarbeit des Kollektiv lovemusic mit Santiago D\u00edez Fischer, die eine wunderbare Symbiose darstellt.\" \/>\n<meta property=\"og:url\" content=\"https:\/\/neos-music.com\/en_us\/product\/plastic-love\/\" \/>\n<meta property=\"og:site_name\" content=\"NEOS Music\" \/>\n<meta property=\"article:modified_time\" content=\"2026-01-29T21:13:58+00:00\" \/>\n<meta property=\"og:image\" content=\"https:\/\/neos-music.com\/wp-content\/uploads\/2023\/10\/NEOS-12311-plastic-love-Cover.jpg\" \/>\n\t<meta property=\"og:image:width\" content=\"1648\" \/>\n\t<meta property=\"og:image:height\" content=\"1481\" \/>\n\t<meta property=\"og:image:type\" content=\"image\/jpeg\" \/>\n<meta name=\"twitter:card\" content=\"summary_large_image\" \/>\n<meta name=\"twitter:label1\" content=\"Est. reading time\" \/>\n\t<meta name=\"twitter:data1\" content=\"3 minutes\" \/>\n<script type=\"application\/ld+json\" class=\"yoast-schema-graph\">{\"@context\":\"https:\\\/\\\/schema.org\",\"@graph\":[{\"@type\":\"WebPage\",\"@id\":\"https:\\\/\\\/neos-music.com\\\/product\\\/plastic-love\\\/\",\"url\":\"https:\\\/\\\/neos-music.com\\\/product\\\/plastic-love\\\/\",\"name\":\"plastic love - lovemusic & Santiago D\u00edez Fischer - NEOS Music\",\"isPartOf\":{\"@id\":\"https:\\\/\\\/neos-music.com\\\/#website\"},\"primaryImageOfPage\":{\"@id\":\"https:\\\/\\\/neos-music.com\\\/product\\\/plastic-love\\\/#primaryimage\"},\"image\":{\"@id\":\"https:\\\/\\\/neos-music.com\\\/product\\\/plastic-love\\\/#primaryimage\"},\"thumbnailUrl\":\"https:\\\/\\\/i0.wp.com\\\/neos-music.com\\\/wp-content\\\/uploads\\\/2023\\\/10\\\/NEOS-12311-plastic-love-Cover.jpg?fit=1648%2C1481&ssl=1\",\"datePublished\":\"2023-10-19T07:44:19+00:00\",\"dateModified\":\"2026-01-29T21:13:58+00:00\",\"description\":\"Dieses Album ist das Ergebnis einer f\u00fcnfj\u00e4hrigen Zusammenarbeit des Kollektiv lovemusic mit Santiago D\u00edez Fischer, die eine wunderbare Symbiose darstellt.\",\"breadcrumb\":{\"@id\":\"https:\\\/\\\/neos-music.com\\\/product\\\/plastic-love\\\/#breadcrumb\"},\"inLanguage\":\"en-US\",\"potentialAction\":[{\"@type\":\"ReadAction\",\"target\":[\"https:\\\/\\\/neos-music.com\\\/product\\\/plastic-love\\\/\"]}]},{\"@type\":\"ImageObject\",\"inLanguage\":\"en-US\",\"@id\":\"https:\\\/\\\/neos-music.com\\\/product\\\/plastic-love\\\/#primaryimage\",\"url\":\"https:\\\/\\\/i0.wp.com\\\/neos-music.com\\\/wp-content\\\/uploads\\\/2023\\\/10\\\/NEOS-12311-plastic-love-Cover.jpg?fit=1648%2C1481&ssl=1\",\"contentUrl\":\"https:\\\/\\\/i0.wp.com\\\/neos-music.com\\\/wp-content\\\/uploads\\\/2023\\\/10\\\/NEOS-12311-plastic-love-Cover.jpg?fit=1648%2C1481&ssl=1\",\"width\":1648,\"height\":1481},{\"@type\":\"BreadcrumbList\",\"@id\":\"https:\\\/\\\/neos-music.com\\\/product\\\/plastic-love\\\/#breadcrumb\",\"itemListElement\":[{\"@type\":\"ListItem\",\"position\":1,\"name\":\"Startseite\",\"item\":\"https:\\\/\\\/neos-music.com\\\/\"},{\"@type\":\"ListItem\",\"position\":2,\"name\":\"Produkte\",\"item\":\"https:\\\/\\\/neos-music.com\\\/shop__trashed\\\/\"},{\"@type\":\"ListItem\",\"position\":3,\"name\":\"plastic love &#8211; lovemusic &#038; Santiago D\u00edez Fischer\"}]},{\"@type\":\"WebSite\",\"@id\":\"https:\\\/\\\/neos-music.com\\\/#website\",\"url\":\"https:\\\/\\\/neos-music.com\\\/\",\"name\":\"NEOS Music\",\"description\":\"Dein Online Shop f\u00fcr zeitgen\u00f6ssische Musik, Jazz und Classics!\",\"publisher\":{\"@id\":\"https:\\\/\\\/neos-music.com\\\/#organization\"},\"potentialAction\":[{\"@type\":\"SearchAction\",\"target\":{\"@type\":\"EntryPoint\",\"urlTemplate\":\"https:\\\/\\\/neos-music.com\\\/?s={search_term_string}\"},\"query-input\":{\"@type\":\"PropertyValueSpecification\",\"valueRequired\":true,\"valueName\":\"search_term_string\"}}],\"inLanguage\":\"en-US\"},{\"@type\":\"Organization\",\"@id\":\"https:\\\/\\\/neos-music.com\\\/#organization\",\"name\":\"NEOS Music\",\"url\":\"https:\\\/\\\/neos-music.com\\\/\",\"logo\":{\"@type\":\"ImageObject\",\"inLanguage\":\"en-US\",\"@id\":\"https:\\\/\\\/neos-music.com\\\/#\\\/schema\\\/logo\\\/image\\\/\",\"url\":\"https:\\\/\\\/i0.wp.com\\\/neos-music.com\\\/wp-content\\\/uploads\\\/2025\\\/08\\\/NEOS-Logo-weiss.png?fit=800%2C203&ssl=1\",\"contentUrl\":\"https:\\\/\\\/i0.wp.com\\\/neos-music.com\\\/wp-content\\\/uploads\\\/2025\\\/08\\\/NEOS-Logo-weiss.png?fit=800%2C203&ssl=1\",\"width\":800,\"height\":203,\"caption\":\"NEOS Music\"},\"image\":{\"@id\":\"https:\\\/\\\/neos-music.com\\\/#\\\/schema\\\/logo\\\/image\\\/\"}}]}<\/script>\n<!-- \/ Yoast SEO plugin. -->","yoast_head_json":{"title":"plastic love - lovemusic & Santiago D\u00edez Fischer - NEOS Music","description":"Dieses Album ist das Ergebnis einer f\u00fcnfj\u00e4hrigen Zusammenarbeit des Kollektiv lovemusic mit Santiago D\u00edez Fischer, die eine wunderbare Symbiose darstellt.","robots":{"index":"index","follow":"follow","max-snippet":"max-snippet:-1","max-image-preview":"max-image-preview:large","max-video-preview":"max-video-preview:-1"},"canonical":"https:\/\/neos-music.com\/en_us\/product\/plastic-love\/","og_locale":"en_US","og_type":"article","og_title":"plastic love - lovemusic & Santiago D\u00edez Fischer - NEOS Music","og_description":"Dieses Album ist das Ergebnis einer f\u00fcnfj\u00e4hrigen Zusammenarbeit des Kollektiv lovemusic mit Santiago D\u00edez Fischer, die eine wunderbare Symbiose darstellt.","og_url":"https:\/\/neos-music.com\/en_us\/product\/plastic-love\/","og_site_name":"NEOS Music","article_modified_time":"2026-01-29T21:13:58+00:00","og_image":[{"width":1648,"height":1481,"url":"https:\/\/neos-music.com\/wp-content\/uploads\/2023\/10\/NEOS-12311-plastic-love-Cover.jpg","type":"image\/jpeg"}],"twitter_card":"summary_large_image","twitter_misc":{"Est. reading time":"3 minutes"},"schema":{"@context":"https:\/\/schema.org","@graph":[{"@type":"WebPage","@id":"https:\/\/neos-music.com\/product\/plastic-love\/","url":"https:\/\/neos-music.com\/product\/plastic-love\/","name":"plastic love - lovemusic & Santiago D\u00edez Fischer - NEOS Music","isPartOf":{"@id":"https:\/\/neos-music.com\/#website"},"primaryImageOfPage":{"@id":"https:\/\/neos-music.com\/product\/plastic-love\/#primaryimage"},"image":{"@id":"https:\/\/neos-music.com\/product\/plastic-love\/#primaryimage"},"thumbnailUrl":"https:\/\/i0.wp.com\/neos-music.com\/wp-content\/uploads\/2023\/10\/NEOS-12311-plastic-love-Cover.jpg?fit=1648%2C1481&ssl=1","datePublished":"2023-10-19T07:44:19+00:00","dateModified":"2026-01-29T21:13:58+00:00","description":"Dieses Album ist das Ergebnis einer f\u00fcnfj\u00e4hrigen Zusammenarbeit des Kollektiv lovemusic mit Santiago D\u00edez Fischer, die eine wunderbare Symbiose darstellt.","breadcrumb":{"@id":"https:\/\/neos-music.com\/product\/plastic-love\/#breadcrumb"},"inLanguage":"en-US","potentialAction":[{"@type":"ReadAction","target":["https:\/\/neos-music.com\/product\/plastic-love\/"]}]},{"@type":"ImageObject","inLanguage":"en-US","@id":"https:\/\/neos-music.com\/product\/plastic-love\/#primaryimage","url":"https:\/\/i0.wp.com\/neos-music.com\/wp-content\/uploads\/2023\/10\/NEOS-12311-plastic-love-Cover.jpg?fit=1648%2C1481&ssl=1","contentUrl":"https:\/\/i0.wp.com\/neos-music.com\/wp-content\/uploads\/2023\/10\/NEOS-12311-plastic-love-Cover.jpg?fit=1648%2C1481&ssl=1","width":1648,"height":1481},{"@type":"BreadcrumbList","@id":"https:\/\/neos-music.com\/product\/plastic-love\/#breadcrumb","itemListElement":[{"@type":"ListItem","position":1,"name":"Startseite","item":"https:\/\/neos-music.com\/"},{"@type":"ListItem","position":2,"name":"Produkte","item":"https:\/\/neos-music.com\/shop__trashed\/"},{"@type":"ListItem","position":3,"name":"plastic love &#8211; lovemusic &#038; Santiago D\u00edez Fischer"}]},{"@type":"WebSite","@id":"https:\/\/neos-music.com\/#website","url":"https:\/\/neos-music.com\/","name":"NEOS Music","description":"Dein Online Shop f\u00fcr zeitgen\u00f6ssische Musik, Jazz und Classics!","publisher":{"@id":"https:\/\/neos-music.com\/#organization"},"potentialAction":[{"@type":"SearchAction","target":{"@type":"EntryPoint","urlTemplate":"https:\/\/neos-music.com\/?s={search_term_string}"},"query-input":{"@type":"PropertyValueSpecification","valueRequired":true,"valueName":"search_term_string"}}],"inLanguage":"en-US"},{"@type":"Organization","@id":"https:\/\/neos-music.com\/#organization","name":"NEOS Music","url":"https:\/\/neos-music.com\/","logo":{"@type":"ImageObject","inLanguage":"en-US","@id":"https:\/\/neos-music.com\/#\/schema\/logo\/image\/","url":"https:\/\/i0.wp.com\/neos-music.com\/wp-content\/uploads\/2025\/08\/NEOS-Logo-weiss.png?fit=800%2C203&ssl=1","contentUrl":"https:\/\/i0.wp.com\/neos-music.com\/wp-content\/uploads\/2025\/08\/NEOS-Logo-weiss.png?fit=800%2C203&ssl=1","width":800,"height":203,"caption":"NEOS Music"},"image":{"@id":"https:\/\/neos-music.com\/#\/schema\/logo\/image\/"}}]}},"jetpack_sharing_enabled":true,"_links":{"self":[{"href":"https:\/\/neos-music.com\/en_us\/wp-json\/wp\/v2\/product\/7787","targetHints":{"allow":["GET"]}}],"collection":[{"href":"https:\/\/neos-music.com\/en_us\/wp-json\/wp\/v2\/product"}],"about":[{"href":"https:\/\/neos-music.com\/en_us\/wp-json\/wp\/v2\/types\/product"}],"version-history":[{"count":4,"href":"https:\/\/neos-music.com\/en_us\/wp-json\/wp\/v2\/product\/7787\/revisions"}],"predecessor-version":[{"id":10325,"href":"https:\/\/neos-music.com\/en_us\/wp-json\/wp\/v2\/product\/7787\/revisions\/10325"}],"wp:featuredmedia":[{"embeddable":true,"href":"https:\/\/neos-music.com\/en_us\/wp-json\/wp\/v2\/media\/7790"}],"wp:attachment":[{"href":"https:\/\/neos-music.com\/en_us\/wp-json\/wp\/v2\/media?parent=7787"}],"wp:term":[{"taxonomy":"product_brand","embeddable":true,"href":"https:\/\/neos-music.com\/en_us\/wp-json\/wp\/v2\/product_brand?post=7787"},{"taxonomy":"product_cat","embeddable":true,"href":"https:\/\/neos-music.com\/en_us\/wp-json\/wp\/v2\/product_cat?post=7787"},{"taxonomy":"product_tag","embeddable":true,"href":"https:\/\/neos-music.com\/en_us\/wp-json\/wp\/v2\/product_tag?post=7787"}],"curies":[{"name":"wp","href":"https:\/\/api.w.org\/{rel}","templated":true}]}}