{"id":7797,"date":"2023-12-01T09:08:43","date_gmt":"2023-12-01T09:08:43","guid":{"rendered":"https:\/\/neos-music.com\/?post_type=product&#038;p=7797"},"modified":"2024-05-24T15:11:11","modified_gmt":"2024-05-24T13:11:11","slug":"gloria-coates-time-frozen","status":"publish","type":"product","link":"https:\/\/neos-music.com\/en_us\/product\/gloria-coates-time-frozen\/","title":{"rendered":"Gloria Coates: Time Frozen \u2013 Works for Chamber Orchestra"},"content":{"rendered":"<p><iframe style=\"border-radius: 12px;\" src=\"https:\/\/open.spotify.com\/embed\/album\/28BaqzZXRCW4PvovQ8O1G0?utm_source=generator\" width=\"100%\" height=\"152\" frameborder=\"0\" allowfullscreen=\"allowfullscreen\"><\/iframe><\/p>\n<p>&nbsp;<\/p>\n<p>Im Jahr 1978 sorgte beim Festival Warschauer Herbst das klanglich bahnbrechende Opus einer Komponistin f\u00fcr Aufsehen, das den sachlich beschreibenden Titel Music on Open Strings trug: Musik auf leeren, also nicht gegriffenen Saiten. Zur damaligen Zeit machte es f\u00fcr die k\u00fcnstlerische Laufbahn noch einen eminenten Unterschied, eine Frau zu sein. Als Gloria Coates 1980 in M\u00fcnchen mit diesem Werk auf dem Spielplan der musica viva erschien, war es das erste Werk einer Komponistin, das in dieser 1946 gegr\u00fcndeten Konzertreihe aufgef\u00fchrt wurde. Music on Open Strings ist ein besonders gelungenes Beispiel f\u00fcr den radikalen Weg, den die amerikanische Komponistin eingeschlagen hat, und bis heute eines ihrer bekanntesten Werke. [\u2026]<\/p>\n<p>&nbsp;<\/p>\n<p>Auch f\u00fcr die beiden 1988 vollendeten Vokalwerke &#8222;Wir t\u00f6nen allein&#8220; und &#8222;Cette blanche agonie&#8220; gibt es ein historisches Vorbild: das Orchesterlied. Dabei nimmt die Mallarm\u00e9-Vertonung durch den Einbezug eines fast durchweg virtuos geforderten Bl\u00e4sersolisten auch konzertanten Charakter an. Coates w\u00e4hlt f\u00fcr ihre Orchesterlieder mit posthum ver\u00f6ffentlichten, sp\u00e4ten Gedichten von Paul Celan (1920\u20131970) und St\u00e9phane Mallarm\u00e9 (1842\u20131898) Texte zweier zu ihrer Zeit als radikal geltenden Dichter, die in ihrem teils kryptisch anmutenden Gehalt zu vielerlei Deutungsversuchen einladen. [\u2026]<\/p>\n<p>&nbsp;<\/p>\n<p>Coates\u2019 &#8222;16. Symphonie&#8220; war zun\u00e4chst au\u00dferhalb der Werkreihe ihrer Symphonien angesiedelt. Als &#8222;Time Frozen&#8220; f\u00fcr Kammerorchester war es anl\u00e4sslich des 25-j\u00e4hrigen Jubil\u00e4ums der Hamburger<br \/>\nKonzertreihe \u00bbdas neue werk\u00ab entstanden. Nach sp\u00e4terer Revision, die unter anderem neue Satztitel erbrachte, avancierte das St\u00fcck zu ihrem letzten Gattungsbeitrag. Auch wenn sich Musik als Zeitkunst der Idee des Einfrierens, also des Stillstands letztlich entzieht, so l\u00e4sst sich doch musikalisch sinnf\u00e4llig mit unterschiedlichen Zeitvorstellungen spielen. [\u2026]<\/p>\n<p>&nbsp;<\/p>\n<p><em>Michael Zwenzner<\/em><\/p>\n","protected":false},"excerpt":{"rendered":"<p>1 CD<\/p>","protected":false},"featured_media":7801,"template":"","meta":{"site-sidebar-layout":"default","site-content-layout":"default","ast-site-content-layout":"default","site-content-style":"default","site-sidebar-style":"default","ast-global-header-display":"","ast-banner-title-visibility":"","ast-main-header-display":"","ast-hfb-above-header-display":"","ast-hfb-below-header-display":"","ast-hfb-mobile-header-display":"","site-post-title":"","ast-breadcrumbs-content":"","ast-featured-img":"","footer-sml-layout":"","theme-transparent-header-meta":"default","adv-header-id-meta":"","stick-header-meta":"","header-above-stick-meta":"","header-main-stick-meta":"","header-below-stick-meta":"","astra-migrate-meta-layouts":"set","ast-page-background-enabled":"default","ast-page-background-meta":{"desktop":{"background-color":"","background-image":"","background-repeat":"repeat","background-position":"center center","background-size":"auto","background-attachment":"scroll","background-type":"","background-media":"","overlay-type":"","overlay-color":"","overlay-opacity":"","overlay-gradient":""},"tablet":{"background-color":"","background-image":"","background-repeat":"repeat","background-position":"center center","background-size":"auto","background-attachment":"scroll","background-type":"","background-media":"","overlay-type":"","overlay-color":"","overlay-opacity":"","overlay-gradient":""},"mobile":{"background-color":"","background-image":"","background-repeat":"repeat","background-position":"center center","background-size":"auto","background-attachment":"scroll","background-type":"","background-media":"","overlay-type":"","overlay-color":"","overlay-opacity":"","overlay-gradient":""}},"ast-content-background-meta":{"desktop":{"background-color":"var(--ast-global-color-5)","background-image":"","background-repeat":"repeat","background-position":"center center","background-size":"auto","background-attachment":"scroll","background-type":"","background-media":"","overlay-type":"","overlay-color":"","overlay-opacity":"","overlay-gradient":""},"tablet":{"background-color":"var(--ast-global-color-5)","background-image":"","background-repeat":"repeat","background-position":"center center","background-size":"auto","background-attachment":"scroll","background-type":"","background-media":"","overlay-type":"","overlay-color":"","overlay-opacity":"","overlay-gradient":""},"mobile":{"background-color":"var(--ast-global-color-5)","background-image":"","background-repeat":"repeat","background-position":"center center","background-size":"auto","background-attachment":"scroll","background-type":"","background-media":"","overlay-type":"","overlay-color":"","overlay-opacity":"","overlay-gradient":""}}},"product_brand":[],"product_cat":[26],"product_tag":[876],"class_list":{"0":"post-7797","1":"product","2":"type-product","3":"status-publish","4":"has-post-thumbnail","6":"product_cat-zeitgenossische-musik","7":"product_tag-neuveroeffentlichungen","8":"desktop-align-left","9":"tablet-align-left","10":"mobile-align-left","12":"first","13":"instock","14":"taxable","15":"shipping-taxable","16":"purchasable","17":"product-type-simple"},"yoast_head":"<!-- This site is optimized with the Yoast SEO plugin v27.4 - https:\/\/yoast.com\/product\/yoast-seo-wordpress\/ -->\n<title>Gloria Coates: Time Frozen \u2013 Works for Chamber Orchestra - NEOS Music<\/title>\n<meta name=\"description\" content=\"Gloria Coates wurde 1933 in Wausau (Wisconsin, USA) geboren und starb am 19. August 2023 in M\u00fcnchen. Das M\u00fcnchener Kammerorchester hat 2022 vier ihrer Werke eingespielt.\" \/>\n<meta name=\"robots\" content=\"index, follow, max-snippet:-1, max-image-preview:large, max-video-preview:-1\" \/>\n<link rel=\"canonical\" href=\"https:\/\/neos-music.com\/en_us\/product\/gloria-coates-time-frozen\/\" \/>\n<meta property=\"og:locale\" content=\"en_US\" \/>\n<meta property=\"og:type\" content=\"article\" \/>\n<meta property=\"og:title\" content=\"Gloria Coates: Time Frozen \u2013 Works for Chamber Orchestra - NEOS Music\" \/>\n<meta property=\"og:description\" content=\"Gloria Coates wurde 1933 in Wausau (Wisconsin, USA) geboren und starb am 19. August 2023 in M\u00fcnchen. Das M\u00fcnchener Kammerorchester hat 2022 vier ihrer Werke eingespielt.\" \/>\n<meta property=\"og:url\" content=\"https:\/\/neos-music.com\/en_us\/product\/gloria-coates-time-frozen\/\" \/>\n<meta property=\"og:site_name\" content=\"NEOS Music\" \/>\n<meta property=\"article:modified_time\" content=\"2024-05-24T13:11:11+00:00\" \/>\n<meta property=\"og:image\" content=\"https:\/\/neos-music.com\/wp-content\/uploads\/2023\/10\/NEOS-12315-Coates-Cover.jpg\" \/>\n\t<meta property=\"og:image:width\" content=\"1648\" \/>\n\t<meta property=\"og:image:height\" content=\"1482\" \/>\n\t<meta property=\"og:image:type\" content=\"image\/jpeg\" \/>\n<meta name=\"twitter:card\" content=\"summary_large_image\" \/>\n<meta name=\"twitter:label1\" content=\"Est. reading time\" \/>\n\t<meta name=\"twitter:data1\" content=\"2 minutes\" \/>\n<script type=\"application\/ld+json\" class=\"yoast-schema-graph\">{\"@context\":\"https:\\\/\\\/schema.org\",\"@graph\":[{\"@type\":\"WebPage\",\"@id\":\"https:\\\/\\\/neos-music.com\\\/product\\\/gloria-coates-time-frozen\\\/\",\"url\":\"https:\\\/\\\/neos-music.com\\\/product\\\/gloria-coates-time-frozen\\\/\",\"name\":\"Gloria Coates: Time Frozen \u2013 Works for Chamber Orchestra - NEOS Music\",\"isPartOf\":{\"@id\":\"https:\\\/\\\/neos-music.com\\\/#website\"},\"primaryImageOfPage\":{\"@id\":\"https:\\\/\\\/neos-music.com\\\/product\\\/gloria-coates-time-frozen\\\/#primaryimage\"},\"image\":{\"@id\":\"https:\\\/\\\/neos-music.com\\\/product\\\/gloria-coates-time-frozen\\\/#primaryimage\"},\"thumbnailUrl\":\"https:\\\/\\\/i0.wp.com\\\/neos-music.com\\\/wp-content\\\/uploads\\\/2023\\\/10\\\/NEOS-12315-Coates-Cover.jpg?fit=1648%2C1482&ssl=1\",\"datePublished\":\"2023-12-01T09:08:43+00:00\",\"dateModified\":\"2024-05-24T13:11:11+00:00\",\"description\":\"Gloria Coates wurde 1933 in Wausau (Wisconsin, USA) geboren und starb am 19. August 2023 in M\u00fcnchen. Das M\u00fcnchener Kammerorchester hat 2022 vier ihrer Werke eingespielt.\",\"breadcrumb\":{\"@id\":\"https:\\\/\\\/neos-music.com\\\/product\\\/gloria-coates-time-frozen\\\/#breadcrumb\"},\"inLanguage\":\"en-US\",\"potentialAction\":[{\"@type\":\"ReadAction\",\"target\":[\"https:\\\/\\\/neos-music.com\\\/product\\\/gloria-coates-time-frozen\\\/\"]}]},{\"@type\":\"ImageObject\",\"inLanguage\":\"en-US\",\"@id\":\"https:\\\/\\\/neos-music.com\\\/product\\\/gloria-coates-time-frozen\\\/#primaryimage\",\"url\":\"https:\\\/\\\/i0.wp.com\\\/neos-music.com\\\/wp-content\\\/uploads\\\/2023\\\/10\\\/NEOS-12315-Coates-Cover.jpg?fit=1648%2C1482&ssl=1\",\"contentUrl\":\"https:\\\/\\\/i0.wp.com\\\/neos-music.com\\\/wp-content\\\/uploads\\\/2023\\\/10\\\/NEOS-12315-Coates-Cover.jpg?fit=1648%2C1482&ssl=1\",\"width\":1648,\"height\":1482},{\"@type\":\"BreadcrumbList\",\"@id\":\"https:\\\/\\\/neos-music.com\\\/product\\\/gloria-coates-time-frozen\\\/#breadcrumb\",\"itemListElement\":[{\"@type\":\"ListItem\",\"position\":1,\"name\":\"Startseite\",\"item\":\"https:\\\/\\\/neos-music.com\\\/\"},{\"@type\":\"ListItem\",\"position\":2,\"name\":\"Produkte\",\"item\":\"https:\\\/\\\/neos-music.com\\\/shop__trashed\\\/\"},{\"@type\":\"ListItem\",\"position\":3,\"name\":\"Gloria Coates: Time Frozen \u2013 Works for Chamber Orchestra\"}]},{\"@type\":\"WebSite\",\"@id\":\"https:\\\/\\\/neos-music.com\\\/#website\",\"url\":\"https:\\\/\\\/neos-music.com\\\/\",\"name\":\"NEOS Music\",\"description\":\"Dein Online Shop f\u00fcr zeitgen\u00f6ssische Musik, Jazz und Classics!\",\"publisher\":{\"@id\":\"https:\\\/\\\/neos-music.com\\\/#organization\"},\"potentialAction\":[{\"@type\":\"SearchAction\",\"target\":{\"@type\":\"EntryPoint\",\"urlTemplate\":\"https:\\\/\\\/neos-music.com\\\/?s={search_term_string}\"},\"query-input\":{\"@type\":\"PropertyValueSpecification\",\"valueRequired\":true,\"valueName\":\"search_term_string\"}}],\"inLanguage\":\"en-US\"},{\"@type\":\"Organization\",\"@id\":\"https:\\\/\\\/neos-music.com\\\/#organization\",\"name\":\"NEOS Music\",\"url\":\"https:\\\/\\\/neos-music.com\\\/\",\"logo\":{\"@type\":\"ImageObject\",\"inLanguage\":\"en-US\",\"@id\":\"https:\\\/\\\/neos-music.com\\\/#\\\/schema\\\/logo\\\/image\\\/\",\"url\":\"https:\\\/\\\/i0.wp.com\\\/neos-music.com\\\/wp-content\\\/uploads\\\/2025\\\/08\\\/NEOS-Logo-weiss.png?fit=800%2C203&ssl=1\",\"contentUrl\":\"https:\\\/\\\/i0.wp.com\\\/neos-music.com\\\/wp-content\\\/uploads\\\/2025\\\/08\\\/NEOS-Logo-weiss.png?fit=800%2C203&ssl=1\",\"width\":800,\"height\":203,\"caption\":\"NEOS Music\"},\"image\":{\"@id\":\"https:\\\/\\\/neos-music.com\\\/#\\\/schema\\\/logo\\\/image\\\/\"}}]}<\/script>\n<!-- \/ Yoast SEO plugin. -->","yoast_head_json":{"title":"Gloria Coates: Time Frozen \u2013 Works for Chamber Orchestra - NEOS Music","description":"Gloria Coates wurde 1933 in Wausau (Wisconsin, USA) geboren und starb am 19. August 2023 in M\u00fcnchen. Das M\u00fcnchener Kammerorchester hat 2022 vier ihrer Werke eingespielt.","robots":{"index":"index","follow":"follow","max-snippet":"max-snippet:-1","max-image-preview":"max-image-preview:large","max-video-preview":"max-video-preview:-1"},"canonical":"https:\/\/neos-music.com\/en_us\/product\/gloria-coates-time-frozen\/","og_locale":"en_US","og_type":"article","og_title":"Gloria Coates: Time Frozen \u2013 Works for Chamber Orchestra - NEOS Music","og_description":"Gloria Coates wurde 1933 in Wausau (Wisconsin, USA) geboren und starb am 19. August 2023 in M\u00fcnchen. Das M\u00fcnchener Kammerorchester hat 2022 vier ihrer Werke eingespielt.","og_url":"https:\/\/neos-music.com\/en_us\/product\/gloria-coates-time-frozen\/","og_site_name":"NEOS Music","article_modified_time":"2024-05-24T13:11:11+00:00","og_image":[{"width":1648,"height":1482,"url":"https:\/\/neos-music.com\/wp-content\/uploads\/2023\/10\/NEOS-12315-Coates-Cover.jpg","type":"image\/jpeg"}],"twitter_card":"summary_large_image","twitter_misc":{"Est. reading time":"2 minutes"},"schema":{"@context":"https:\/\/schema.org","@graph":[{"@type":"WebPage","@id":"https:\/\/neos-music.com\/product\/gloria-coates-time-frozen\/","url":"https:\/\/neos-music.com\/product\/gloria-coates-time-frozen\/","name":"Gloria Coates: Time Frozen \u2013 Works for Chamber Orchestra - NEOS Music","isPartOf":{"@id":"https:\/\/neos-music.com\/#website"},"primaryImageOfPage":{"@id":"https:\/\/neos-music.com\/product\/gloria-coates-time-frozen\/#primaryimage"},"image":{"@id":"https:\/\/neos-music.com\/product\/gloria-coates-time-frozen\/#primaryimage"},"thumbnailUrl":"https:\/\/i0.wp.com\/neos-music.com\/wp-content\/uploads\/2023\/10\/NEOS-12315-Coates-Cover.jpg?fit=1648%2C1482&ssl=1","datePublished":"2023-12-01T09:08:43+00:00","dateModified":"2024-05-24T13:11:11+00:00","description":"Gloria Coates wurde 1933 in Wausau (Wisconsin, USA) geboren und starb am 19. August 2023 in M\u00fcnchen. Das M\u00fcnchener Kammerorchester hat 2022 vier ihrer Werke eingespielt.","breadcrumb":{"@id":"https:\/\/neos-music.com\/product\/gloria-coates-time-frozen\/#breadcrumb"},"inLanguage":"en-US","potentialAction":[{"@type":"ReadAction","target":["https:\/\/neos-music.com\/product\/gloria-coates-time-frozen\/"]}]},{"@type":"ImageObject","inLanguage":"en-US","@id":"https:\/\/neos-music.com\/product\/gloria-coates-time-frozen\/#primaryimage","url":"https:\/\/i0.wp.com\/neos-music.com\/wp-content\/uploads\/2023\/10\/NEOS-12315-Coates-Cover.jpg?fit=1648%2C1482&ssl=1","contentUrl":"https:\/\/i0.wp.com\/neos-music.com\/wp-content\/uploads\/2023\/10\/NEOS-12315-Coates-Cover.jpg?fit=1648%2C1482&ssl=1","width":1648,"height":1482},{"@type":"BreadcrumbList","@id":"https:\/\/neos-music.com\/product\/gloria-coates-time-frozen\/#breadcrumb","itemListElement":[{"@type":"ListItem","position":1,"name":"Startseite","item":"https:\/\/neos-music.com\/"},{"@type":"ListItem","position":2,"name":"Produkte","item":"https:\/\/neos-music.com\/shop__trashed\/"},{"@type":"ListItem","position":3,"name":"Gloria Coates: Time Frozen \u2013 Works for Chamber Orchestra"}]},{"@type":"WebSite","@id":"https:\/\/neos-music.com\/#website","url":"https:\/\/neos-music.com\/","name":"NEOS Music","description":"Dein Online Shop f\u00fcr zeitgen\u00f6ssische Musik, Jazz und Classics!","publisher":{"@id":"https:\/\/neos-music.com\/#organization"},"potentialAction":[{"@type":"SearchAction","target":{"@type":"EntryPoint","urlTemplate":"https:\/\/neos-music.com\/?s={search_term_string}"},"query-input":{"@type":"PropertyValueSpecification","valueRequired":true,"valueName":"search_term_string"}}],"inLanguage":"en-US"},{"@type":"Organization","@id":"https:\/\/neos-music.com\/#organization","name":"NEOS Music","url":"https:\/\/neos-music.com\/","logo":{"@type":"ImageObject","inLanguage":"en-US","@id":"https:\/\/neos-music.com\/#\/schema\/logo\/image\/","url":"https:\/\/i0.wp.com\/neos-music.com\/wp-content\/uploads\/2025\/08\/NEOS-Logo-weiss.png?fit=800%2C203&ssl=1","contentUrl":"https:\/\/i0.wp.com\/neos-music.com\/wp-content\/uploads\/2025\/08\/NEOS-Logo-weiss.png?fit=800%2C203&ssl=1","width":800,"height":203,"caption":"NEOS Music"},"image":{"@id":"https:\/\/neos-music.com\/#\/schema\/logo\/image\/"}}]}},"jetpack_sharing_enabled":true,"_links":{"self":[{"href":"https:\/\/neos-music.com\/en_us\/wp-json\/wp\/v2\/product\/7797","targetHints":{"allow":["GET"]}}],"collection":[{"href":"https:\/\/neos-music.com\/en_us\/wp-json\/wp\/v2\/product"}],"about":[{"href":"https:\/\/neos-music.com\/en_us\/wp-json\/wp\/v2\/types\/product"}],"version-history":[{"count":4,"href":"https:\/\/neos-music.com\/en_us\/wp-json\/wp\/v2\/product\/7797\/revisions"}],"predecessor-version":[{"id":8406,"href":"https:\/\/neos-music.com\/en_us\/wp-json\/wp\/v2\/product\/7797\/revisions\/8406"}],"wp:featuredmedia":[{"embeddable":true,"href":"https:\/\/neos-music.com\/en_us\/wp-json\/wp\/v2\/media\/7801"}],"wp:attachment":[{"href":"https:\/\/neos-music.com\/en_us\/wp-json\/wp\/v2\/media?parent=7797"}],"wp:term":[{"taxonomy":"product_brand","embeddable":true,"href":"https:\/\/neos-music.com\/en_us\/wp-json\/wp\/v2\/product_brand?post=7797"},{"taxonomy":"product_cat","embeddable":true,"href":"https:\/\/neos-music.com\/en_us\/wp-json\/wp\/v2\/product_cat?post=7797"},{"taxonomy":"product_tag","embeddable":true,"href":"https:\/\/neos-music.com\/en_us\/wp-json\/wp\/v2\/product_tag?post=7797"}],"curies":[{"name":"wp","href":"https:\/\/api.w.org\/{rel}","templated":true}]}}