{"id":7915,"date":"2023-12-07T11:14:01","date_gmt":"2023-12-07T11:14:01","guid":{"rendered":"https:\/\/neos-music.com\/?post_type=product&#038;p=7915"},"modified":"2024-03-27T17:40:46","modified_gmt":"2024-03-27T16:40:46","slug":"simone-santi-gubini-the-black-exposition","status":"publish","type":"product","link":"https:\/\/neos-music.com\/en_us\/product\/simone-santi-gubini-the-black-exposition\/","title":{"rendered":"Simone Santi Gubini: The Black Exposition"},"content":{"rendered":"<p><iframe style=\"border-radius: 12px;\" src=\"https:\/\/open.spotify.com\/embed\/album\/0aPxHHfT819DqohnTYoBjQ?utm_source=generator&amp;theme=0\" width=\"100%\" height=\"152\" frameborder=\"0\" allowfullscreen=\"allowfullscreen\"><span data-mce-type=\"bookmark\" style=\"display: inline-block; width: 0px; overflow: hidden; line-height: 0;\" class=\"mce_SELRES_start\"><\/span><\/iframe><\/p>\n<p>&nbsp;<\/p>\n<p style=\"font-weight: 400;\"><strong>About the album<\/strong><\/p>\n<p>The 21st century has been marked by a wide range of innovations in the field of classical music: intensive exploration of extended playing techniques, acoustic principles, and the newly discovered complexity of timbres has enabled a small number of mostly European composers to redefine the concept of \u201csonic excess.\u201d The exploration of frequencies has made it possible to combine the tonal extremes of the scores with both the concept of energetic overexposure and the physical presence of the materials. It is essentially the materials that need to change.<\/p>\n<p>The tonal and aesthetic context in which Simone Santi Gubini's work is situated is based precisely on these considerations. When one experiences the \u201ctonal excess\u201d in its depth, the originality of his vision becomes apparent: the creation of a genuine psycho-acoustic shock, the immediacy of which strikes the listener from the very first hearing. Although his composition focuses on the rules of timbre, it offers scope for a reformulation of musical parameters, both in terms of their conventional treatment and in terms of the application of tonal material. Furthermore, it is striking how detailed his work with the instruments is, using flageolets, multiphonics, and sound clusters, something that requires long preparation on the part of the musicians and, in any case, competence and the highest level of skill.<\/p>\n<p>Considering Santi Gubini's inventive contribution to contemporary classical composition, one could say that he probably laid the foundation for something unique in music history when he conducted his personal acoustic research into the validity of the erratic state of sound, ignoring today's conventions of notation. In doing so, Santi Gubini found confirmation and clear evidence of his studies on acoustics and instrumentation, which he had conducted in relation to the instability of sound and its defectiveness.<\/p>\n<p>This monograph shows us Santi Gubini's development on his artistic path and his desire for new insights.<\/p>\n<p><a title=\"http:\/\/www.simonesantigubini.com\/\" contenteditable=\"false\" href=\"http:\/\/www.simonesantigubini.com\/\" target=\"_blank\" rel=\"noopener\">www.simonesantigubini.com<\/a><\/p>","protected":false},"excerpt":{"rendered":"<p>1 CD<\/p>","protected":false},"featured_media":7918,"template":"","meta":{"site-sidebar-layout":"default","site-content-layout":"default","ast-site-content-layout":"default","site-content-style":"default","site-sidebar-style":"default","ast-global-header-display":"","ast-banner-title-visibility":"","ast-main-header-display":"","ast-hfb-above-header-display":"","ast-hfb-below-header-display":"","ast-hfb-mobile-header-display":"","site-post-title":"","ast-breadcrumbs-content":"","ast-featured-img":"","footer-sml-layout":"","theme-transparent-header-meta":"default","adv-header-id-meta":"","stick-header-meta":"","header-above-stick-meta":"","header-main-stick-meta":"","header-below-stick-meta":"","astra-migrate-meta-layouts":"set","ast-page-background-enabled":"default","ast-page-background-meta":{"desktop":{"background-color":"","background-image":"","background-repeat":"repeat","background-position":"center center","background-size":"auto","background-attachment":"scroll","background-type":"","background-media":"","overlay-type":"","overlay-color":"","overlay-opacity":"","overlay-gradient":""},"tablet":{"background-color":"","background-image":"","background-repeat":"repeat","background-position":"center center","background-size":"auto","background-attachment":"scroll","background-type":"","background-media":"","overlay-type":"","overlay-color":"","overlay-opacity":"","overlay-gradient":""},"mobile":{"background-color":"","background-image":"","background-repeat":"repeat","background-position":"center center","background-size":"auto","background-attachment":"scroll","background-type":"","background-media":"","overlay-type":"","overlay-color":"","overlay-opacity":"","overlay-gradient":""}},"ast-content-background-meta":{"desktop":{"background-color":"var(--ast-global-color-5)","background-image":"","background-repeat":"repeat","background-position":"center center","background-size":"auto","background-attachment":"scroll","background-type":"","background-media":"","overlay-type":"","overlay-color":"","overlay-opacity":"","overlay-gradient":""},"tablet":{"background-color":"var(--ast-global-color-5)","background-image":"","background-repeat":"repeat","background-position":"center center","background-size":"auto","background-attachment":"scroll","background-type":"","background-media":"","overlay-type":"","overlay-color":"","overlay-opacity":"","overlay-gradient":""},"mobile":{"background-color":"var(--ast-global-color-5)","background-image":"","background-repeat":"repeat","background-position":"center center","background-size":"auto","background-attachment":"scroll","background-type":"","background-media":"","overlay-type":"","overlay-color":"","overlay-opacity":"","overlay-gradient":""}}},"product_brand":[],"product_cat":[26],"product_tag":[876],"class_list":{"0":"post-7915","1":"product","2":"type-product","3":"status-publish","4":"has-post-thumbnail","6":"product_cat-zeitgenossische-musik","7":"product_tag-neuveroeffentlichungen","8":"desktop-align-left","9":"tablet-align-left","10":"mobile-align-left","12":"first","13":"instock","14":"taxable","15":"shipping-taxable","16":"purchasable","17":"product-type-simple"},"yoast_head":"<!-- This site is optimized with the Yoast SEO plugin v27.5 - https:\/\/yoast.com\/product\/yoast-seo-wordpress\/ -->\n<title>Simone Santi Gubini: The Black Exposition - NEOS Music<\/title>\n<meta name=\"description\" content=\"Betrachtet man den erfinderischen Beitrag Santi Gubinis zur zeitgen\u00f6ssischen klassischen Komposition, dann k\u00f6nnte man sagen, dass er wahrscheinlich den Grundstein f\u00fcr ein Unikum in der Musikgeschichte gelegt hat, als er seine pers\u00f6nliche akustische Forschung \u00fcber die G\u00fcltigkeit des erratischen Zustands des Klanges anstellte, wobei er heutige Gewohnheiten der Notation ignorierte.\" \/>\n<meta name=\"robots\" content=\"index, follow, max-snippet:-1, max-image-preview:large, max-video-preview:-1\" \/>\n<link rel=\"canonical\" href=\"https:\/\/neos-music.com\/en_us\/product\/simone-santi-gubini-the-black-exposition\/\" \/>\n<meta property=\"og:locale\" content=\"en_US\" \/>\n<meta property=\"og:type\" content=\"article\" \/>\n<meta property=\"og:title\" content=\"Simone Santi Gubini: The Black Exposition - NEOS Music\" \/>\n<meta property=\"og:description\" content=\"Betrachtet man den erfinderischen Beitrag Santi Gubinis zur zeitgen\u00f6ssischen klassischen Komposition, dann k\u00f6nnte man sagen, dass er wahrscheinlich den Grundstein f\u00fcr ein Unikum in der Musikgeschichte gelegt hat, als er seine pers\u00f6nliche akustische Forschung \u00fcber die G\u00fcltigkeit des erratischen Zustands des Klanges anstellte, wobei er heutige Gewohnheiten der Notation ignorierte.\" \/>\n<meta property=\"og:url\" content=\"https:\/\/neos-music.com\/en_us\/product\/simone-santi-gubini-the-black-exposition\/\" \/>\n<meta property=\"og:site_name\" content=\"NEOS Music\" \/>\n<meta property=\"article:modified_time\" content=\"2024-03-27T16:40:46+00:00\" \/>\n<meta property=\"og:image\" content=\"https:\/\/neos-music.com\/wp-content\/uploads\/2023\/12\/NEOS-12403-Gubini-Cover.jpg\" \/>\n\t<meta property=\"og:image:width\" content=\"1646\" \/>\n\t<meta property=\"og:image:height\" content=\"1481\" \/>\n\t<meta property=\"og:image:type\" content=\"image\/jpeg\" \/>\n<meta name=\"twitter:card\" content=\"summary_large_image\" \/>\n<meta name=\"twitter:label1\" content=\"Est. reading time\" \/>\n\t<meta name=\"twitter:data1\" content=\"2 minutes\" \/>\n<script type=\"application\/ld+json\" class=\"yoast-schema-graph\">{\"@context\":\"https:\\\/\\\/schema.org\",\"@graph\":[{\"@type\":\"WebPage\",\"@id\":\"https:\\\/\\\/neos-music.com\\\/product\\\/simone-santi-gubini-the-black-exposition\\\/\",\"url\":\"https:\\\/\\\/neos-music.com\\\/product\\\/simone-santi-gubini-the-black-exposition\\\/\",\"name\":\"Simone Santi Gubini: The Black Exposition - NEOS Music\",\"isPartOf\":{\"@id\":\"https:\\\/\\\/neos-music.com\\\/#website\"},\"primaryImageOfPage\":{\"@id\":\"https:\\\/\\\/neos-music.com\\\/product\\\/simone-santi-gubini-the-black-exposition\\\/#primaryimage\"},\"image\":{\"@id\":\"https:\\\/\\\/neos-music.com\\\/product\\\/simone-santi-gubini-the-black-exposition\\\/#primaryimage\"},\"thumbnailUrl\":\"https:\\\/\\\/i0.wp.com\\\/neos-music.com\\\/wp-content\\\/uploads\\\/2023\\\/12\\\/NEOS-12403-Gubini-Cover.jpg?fit=1646%2C1481&ssl=1\",\"datePublished\":\"2023-12-07T11:14:01+00:00\",\"dateModified\":\"2024-03-27T16:40:46+00:00\",\"description\":\"Betrachtet man den erfinderischen Beitrag Santi Gubinis zur zeitgen\u00f6ssischen klassischen Komposition, dann k\u00f6nnte man sagen, dass er wahrscheinlich den Grundstein f\u00fcr ein Unikum in der Musikgeschichte gelegt hat, als er seine pers\u00f6nliche akustische Forschung \u00fcber die G\u00fcltigkeit des erratischen Zustands des Klanges anstellte, wobei er heutige Gewohnheiten der Notation ignorierte.\",\"breadcrumb\":{\"@id\":\"https:\\\/\\\/neos-music.com\\\/product\\\/simone-santi-gubini-the-black-exposition\\\/#breadcrumb\"},\"inLanguage\":\"en-US\",\"potentialAction\":[{\"@type\":\"ReadAction\",\"target\":[\"https:\\\/\\\/neos-music.com\\\/product\\\/simone-santi-gubini-the-black-exposition\\\/\"]}]},{\"@type\":\"ImageObject\",\"inLanguage\":\"en-US\",\"@id\":\"https:\\\/\\\/neos-music.com\\\/product\\\/simone-santi-gubini-the-black-exposition\\\/#primaryimage\",\"url\":\"https:\\\/\\\/i0.wp.com\\\/neos-music.com\\\/wp-content\\\/uploads\\\/2023\\\/12\\\/NEOS-12403-Gubini-Cover.jpg?fit=1646%2C1481&ssl=1\",\"contentUrl\":\"https:\\\/\\\/i0.wp.com\\\/neos-music.com\\\/wp-content\\\/uploads\\\/2023\\\/12\\\/NEOS-12403-Gubini-Cover.jpg?fit=1646%2C1481&ssl=1\",\"width\":1646,\"height\":1481},{\"@type\":\"BreadcrumbList\",\"@id\":\"https:\\\/\\\/neos-music.com\\\/product\\\/simone-santi-gubini-the-black-exposition\\\/#breadcrumb\",\"itemListElement\":[{\"@type\":\"ListItem\",\"position\":1,\"name\":\"Startseite\",\"item\":\"https:\\\/\\\/neos-music.com\\\/\"},{\"@type\":\"ListItem\",\"position\":2,\"name\":\"Produkte\",\"item\":\"https:\\\/\\\/neos-music.com\\\/shop__trashed\\\/\"},{\"@type\":\"ListItem\",\"position\":3,\"name\":\"Simone Santi Gubini: The Black Exposition\"}]},{\"@type\":\"WebSite\",\"@id\":\"https:\\\/\\\/neos-music.com\\\/#website\",\"url\":\"https:\\\/\\\/neos-music.com\\\/\",\"name\":\"NEOS Music\",\"description\":\"Dein Online Shop f\u00fcr zeitgen\u00f6ssische Musik, Jazz und Classics!\",\"publisher\":{\"@id\":\"https:\\\/\\\/neos-music.com\\\/#organization\"},\"potentialAction\":[{\"@type\":\"SearchAction\",\"target\":{\"@type\":\"EntryPoint\",\"urlTemplate\":\"https:\\\/\\\/neos-music.com\\\/?s={search_term_string}\"},\"query-input\":{\"@type\":\"PropertyValueSpecification\",\"valueRequired\":true,\"valueName\":\"search_term_string\"}}],\"inLanguage\":\"en-US\"},{\"@type\":\"Organization\",\"@id\":\"https:\\\/\\\/neos-music.com\\\/#organization\",\"name\":\"NEOS Music\",\"url\":\"https:\\\/\\\/neos-music.com\\\/\",\"logo\":{\"@type\":\"ImageObject\",\"inLanguage\":\"en-US\",\"@id\":\"https:\\\/\\\/neos-music.com\\\/#\\\/schema\\\/logo\\\/image\\\/\",\"url\":\"https:\\\/\\\/i0.wp.com\\\/neos-music.com\\\/wp-content\\\/uploads\\\/2025\\\/08\\\/NEOS-Logo-weiss.png?fit=800%2C203&ssl=1\",\"contentUrl\":\"https:\\\/\\\/i0.wp.com\\\/neos-music.com\\\/wp-content\\\/uploads\\\/2025\\\/08\\\/NEOS-Logo-weiss.png?fit=800%2C203&ssl=1\",\"width\":800,\"height\":203,\"caption\":\"NEOS Music\"},\"image\":{\"@id\":\"https:\\\/\\\/neos-music.com\\\/#\\\/schema\\\/logo\\\/image\\\/\"}}]}<\/script>\n<!-- \/ Yoast SEO plugin. -->","yoast_head_json":{"title":"Simone Santi Gubini: The Black Exposition - NEOS Music","description":"Betrachtet man den erfinderischen Beitrag Santi Gubinis zur zeitgen\u00f6ssischen klassischen Komposition, dann k\u00f6nnte man sagen, dass er wahrscheinlich den Grundstein f\u00fcr ein Unikum in der Musikgeschichte gelegt hat, als er seine pers\u00f6nliche akustische Forschung \u00fcber die G\u00fcltigkeit des erratischen Zustands des Klanges anstellte, wobei er heutige Gewohnheiten der Notation ignorierte.","robots":{"index":"index","follow":"follow","max-snippet":"max-snippet:-1","max-image-preview":"max-image-preview:large","max-video-preview":"max-video-preview:-1"},"canonical":"https:\/\/neos-music.com\/en_us\/product\/simone-santi-gubini-the-black-exposition\/","og_locale":"en_US","og_type":"article","og_title":"Simone Santi Gubini: The Black Exposition - NEOS Music","og_description":"Betrachtet man den erfinderischen Beitrag Santi Gubinis zur zeitgen\u00f6ssischen klassischen Komposition, dann k\u00f6nnte man sagen, dass er wahrscheinlich den Grundstein f\u00fcr ein Unikum in der Musikgeschichte gelegt hat, als er seine pers\u00f6nliche akustische Forschung \u00fcber die G\u00fcltigkeit des erratischen Zustands des Klanges anstellte, wobei er heutige Gewohnheiten der Notation ignorierte.","og_url":"https:\/\/neos-music.com\/en_us\/product\/simone-santi-gubini-the-black-exposition\/","og_site_name":"NEOS Music","article_modified_time":"2024-03-27T16:40:46+00:00","og_image":[{"width":1646,"height":1481,"url":"https:\/\/neos-music.com\/wp-content\/uploads\/2023\/12\/NEOS-12403-Gubini-Cover.jpg","type":"image\/jpeg"}],"twitter_card":"summary_large_image","twitter_misc":{"Est. reading time":"2 minutes"},"schema":{"@context":"https:\/\/schema.org","@graph":[{"@type":"WebPage","@id":"https:\/\/neos-music.com\/product\/simone-santi-gubini-the-black-exposition\/","url":"https:\/\/neos-music.com\/product\/simone-santi-gubini-the-black-exposition\/","name":"Simone Santi Gubini: The Black Exposition - NEOS Music","isPartOf":{"@id":"https:\/\/neos-music.com\/#website"},"primaryImageOfPage":{"@id":"https:\/\/neos-music.com\/product\/simone-santi-gubini-the-black-exposition\/#primaryimage"},"image":{"@id":"https:\/\/neos-music.com\/product\/simone-santi-gubini-the-black-exposition\/#primaryimage"},"thumbnailUrl":"https:\/\/i0.wp.com\/neos-music.com\/wp-content\/uploads\/2023\/12\/NEOS-12403-Gubini-Cover.jpg?fit=1646%2C1481&ssl=1","datePublished":"2023-12-07T11:14:01+00:00","dateModified":"2024-03-27T16:40:46+00:00","description":"Betrachtet man den erfinderischen Beitrag Santi Gubinis zur zeitgen\u00f6ssischen klassischen Komposition, dann k\u00f6nnte man sagen, dass er wahrscheinlich den Grundstein f\u00fcr ein Unikum in der Musikgeschichte gelegt hat, als er seine pers\u00f6nliche akustische Forschung \u00fcber die G\u00fcltigkeit des erratischen Zustands des Klanges anstellte, wobei er heutige Gewohnheiten der Notation ignorierte.","breadcrumb":{"@id":"https:\/\/neos-music.com\/product\/simone-santi-gubini-the-black-exposition\/#breadcrumb"},"inLanguage":"en-US","potentialAction":[{"@type":"ReadAction","target":["https:\/\/neos-music.com\/product\/simone-santi-gubini-the-black-exposition\/"]}]},{"@type":"ImageObject","inLanguage":"en-US","@id":"https:\/\/neos-music.com\/product\/simone-santi-gubini-the-black-exposition\/#primaryimage","url":"https:\/\/i0.wp.com\/neos-music.com\/wp-content\/uploads\/2023\/12\/NEOS-12403-Gubini-Cover.jpg?fit=1646%2C1481&ssl=1","contentUrl":"https:\/\/i0.wp.com\/neos-music.com\/wp-content\/uploads\/2023\/12\/NEOS-12403-Gubini-Cover.jpg?fit=1646%2C1481&ssl=1","width":1646,"height":1481},{"@type":"BreadcrumbList","@id":"https:\/\/neos-music.com\/product\/simone-santi-gubini-the-black-exposition\/#breadcrumb","itemListElement":[{"@type":"ListItem","position":1,"name":"Startseite","item":"https:\/\/neos-music.com\/"},{"@type":"ListItem","position":2,"name":"Produkte","item":"https:\/\/neos-music.com\/shop__trashed\/"},{"@type":"ListItem","position":3,"name":"Simone Santi Gubini: The Black Exposition"}]},{"@type":"WebSite","@id":"https:\/\/neos-music.com\/#website","url":"https:\/\/neos-music.com\/","name":"NEOS Music","description":"Dein Online Shop f\u00fcr zeitgen\u00f6ssische Musik, Jazz und Classics!","publisher":{"@id":"https:\/\/neos-music.com\/#organization"},"potentialAction":[{"@type":"SearchAction","target":{"@type":"EntryPoint","urlTemplate":"https:\/\/neos-music.com\/?s={search_term_string}"},"query-input":{"@type":"PropertyValueSpecification","valueRequired":true,"valueName":"search_term_string"}}],"inLanguage":"en-US"},{"@type":"Organization","@id":"https:\/\/neos-music.com\/#organization","name":"NEOS Music","url":"https:\/\/neos-music.com\/","logo":{"@type":"ImageObject","inLanguage":"en-US","@id":"https:\/\/neos-music.com\/#\/schema\/logo\/image\/","url":"https:\/\/i0.wp.com\/neos-music.com\/wp-content\/uploads\/2025\/08\/NEOS-Logo-weiss.png?fit=800%2C203&ssl=1","contentUrl":"https:\/\/i0.wp.com\/neos-music.com\/wp-content\/uploads\/2025\/08\/NEOS-Logo-weiss.png?fit=800%2C203&ssl=1","width":800,"height":203,"caption":"NEOS Music"},"image":{"@id":"https:\/\/neos-music.com\/#\/schema\/logo\/image\/"}}]}},"jetpack_sharing_enabled":true,"_links":{"self":[{"href":"https:\/\/neos-music.com\/en_us\/wp-json\/wp\/v2\/product\/7915","targetHints":{"allow":["GET"]}}],"collection":[{"href":"https:\/\/neos-music.com\/en_us\/wp-json\/wp\/v2\/product"}],"about":[{"href":"https:\/\/neos-music.com\/en_us\/wp-json\/wp\/v2\/types\/product"}],"version-history":[{"count":5,"href":"https:\/\/neos-music.com\/en_us\/wp-json\/wp\/v2\/product\/7915\/revisions"}],"predecessor-version":[{"id":8110,"href":"https:\/\/neos-music.com\/en_us\/wp-json\/wp\/v2\/product\/7915\/revisions\/8110"}],"wp:featuredmedia":[{"embeddable":true,"href":"https:\/\/neos-music.com\/en_us\/wp-json\/wp\/v2\/media\/7918"}],"wp:attachment":[{"href":"https:\/\/neos-music.com\/en_us\/wp-json\/wp\/v2\/media?parent=7915"}],"wp:term":[{"taxonomy":"product_brand","embeddable":true,"href":"https:\/\/neos-music.com\/en_us\/wp-json\/wp\/v2\/product_brand?post=7915"},{"taxonomy":"product_cat","embeddable":true,"href":"https:\/\/neos-music.com\/en_us\/wp-json\/wp\/v2\/product_cat?post=7915"},{"taxonomy":"product_tag","embeddable":true,"href":"https:\/\/neos-music.com\/en_us\/wp-json\/wp\/v2\/product_tag?post=7915"}],"curies":[{"name":"wp","href":"https:\/\/api.w.org\/{rel}","templated":true}]}}