{"id":8133,"date":"2024-05-06T11:56:19","date_gmt":"2024-05-06T09:56:19","guid":{"rendered":"https:\/\/neos-music.com\/?post_type=product&#038;p=8133"},"modified":"2026-01-27T17:09:15","modified_gmt":"2026-01-27T16:09:15","slug":"liao-lin-ni-bagatelles","status":"publish","type":"product","link":"https:\/\/neos-music.com\/en_us\/product\/liao-lin-ni-bagatelles\/","title":{"rendered":"LIAO Lin-Ni: Bagatelles"},"content":{"rendered":"<p><iframe style=\"border-radius: 12px;\" src=\"https:\/\/open.spotify.com\/embed\/album\/3a7rOrAnJ2Ra4wkURJhDsW?utm_source=generator\" width=\"100%\" height=\"152\" frameborder=\"0\" allowfullscreen=\"allowfullscreen\"><\/iframe><\/p>\n<p>&nbsp;<\/p>\n<p>The exceptional artist LIAO Lin-Ni brings silence to life and gives us something we have never heard before.<\/p>\n<div>\n<p class=\"KeinAbsatzformat\"><i>\"The luminosity, clarity, tenderness, and humor of Emily Dickinson's poetry, which inspired these compositions, are messages that allow me to go beyond the living silence of the earth and our inner world, which never dies...<\/i><\/p>\n<\/div>\n<div>\n<p class=\"KeinAbsatzformat\"><i>These works express the relationship between the morphology of sound and light, sound and physical gesture. The writing of light and shadow coexists in several pieces with that of the instrumental. Both are inseparable and live within each other. They unite in physical light and spatialized sound.\"<\/i><\/p>\n<\/div>\n<div>\n<p class=\"KeinAbsatzformat\"><i><span lang=\"EN-US\">LIAO Lin-Ni<\/span><\/i><\/p>\n<\/div>\n<p><span style=\"font-size: 16px;\">This album was produced with the support of:<br \/>\n<\/span>Maison de la Musique Contemporaine, France &amp; National Culture and Arts Foundation, Taiwan<\/p>\n<p><a href=\"https:\/\/maison-ona.com\/composer-Liao\">maison-ona.com\/composer-Liao<\/a><\/p>\n<p>&nbsp;<\/p>\n<p><iframe title=\"YouTube video player\" src=\"https:\/\/www.youtube.com\/embed\/9rRbJ6O4lzQ?si=2UnDuw9XuEnipjkk\" width=\"392\" height=\"220\" frameborder=\"0\" allowfullscreen=\"allowfullscreen\"><span data-mce-type=\"bookmark\" style=\"display: inline-block; width: 0px; overflow: hidden; line-height: 0;\" class=\"mce_SELRES_start\"><\/span><span data-mce-type=\"bookmark\" style=\"display: inline-block; width: 0px; overflow: hidden; line-height: 0;\" class=\"mce_SELRES_start\"><\/span><\/iframe><\/p>","protected":false},"excerpt":{"rendered":"<p>1 CD<\/p>","protected":false},"featured_media":8260,"template":"","meta":{"site-sidebar-layout":"default","site-content-layout":"default","ast-site-content-layout":"default","site-content-style":"default","site-sidebar-style":"default","ast-global-header-display":"","ast-banner-title-visibility":"","ast-main-header-display":"","ast-hfb-above-header-display":"","ast-hfb-below-header-display":"","ast-hfb-mobile-header-display":"","site-post-title":"","ast-breadcrumbs-content":"","ast-featured-img":"","footer-sml-layout":"","theme-transparent-header-meta":"default","adv-header-id-meta":"","stick-header-meta":"","header-above-stick-meta":"","header-main-stick-meta":"","header-below-stick-meta":"","astra-migrate-meta-layouts":"set","ast-page-background-enabled":"default","ast-page-background-meta":{"desktop":{"background-color":"","background-image":"","background-repeat":"repeat","background-position":"center center","background-size":"auto","background-attachment":"scroll","background-type":"","background-media":"","overlay-type":"","overlay-color":"","overlay-opacity":"","overlay-gradient":""},"tablet":{"background-color":"","background-image":"","background-repeat":"repeat","background-position":"center center","background-size":"auto","background-attachment":"scroll","background-type":"","background-media":"","overlay-type":"","overlay-color":"","overlay-opacity":"","overlay-gradient":""},"mobile":{"background-color":"","background-image":"","background-repeat":"repeat","background-position":"center center","background-size":"auto","background-attachment":"scroll","background-type":"","background-media":"","overlay-type":"","overlay-color":"","overlay-opacity":"","overlay-gradient":""}},"ast-content-background-meta":{"desktop":{"background-color":"var(--ast-global-color-5)","background-image":"","background-repeat":"repeat","background-position":"center center","background-size":"auto","background-attachment":"scroll","background-type":"","background-media":"","overlay-type":"","overlay-color":"","overlay-opacity":"","overlay-gradient":""},"tablet":{"background-color":"var(--ast-global-color-5)","background-image":"","background-repeat":"repeat","background-position":"center center","background-size":"auto","background-attachment":"scroll","background-type":"","background-media":"","overlay-type":"","overlay-color":"","overlay-opacity":"","overlay-gradient":""},"mobile":{"background-color":"var(--ast-global-color-5)","background-image":"","background-repeat":"repeat","background-position":"center center","background-size":"auto","background-attachment":"scroll","background-type":"","background-media":"","overlay-type":"","overlay-color":"","overlay-opacity":"","overlay-gradient":""}}},"product_brand":[],"product_cat":[26],"product_tag":[929,876],"class_list":{"0":"post-8133","1":"product","2":"type-product","3":"status-publish","4":"has-post-thumbnail","6":"product_cat-zeitgenossische-musik","7":"product_tag-neu","8":"product_tag-neuveroeffentlichungen","9":"desktop-align-left","10":"tablet-align-left","11":"mobile-align-left","13":"first","14":"instock","15":"taxable","16":"shipping-taxable","17":"purchasable","18":"product-type-simple"},"yoast_head":"<!-- This site is optimized with the Yoast SEO plugin v27.4 - https:\/\/yoast.com\/product\/yoast-seo-wordpress\/ -->\n<title>LIAO Lin-Ni: Bagatelles - NEOS Music<\/title>\n<meta name=\"description\" content=\"Die Ausnahmek\u00fcnstlerin LIAO Lin-Ni erweckt die Stille zum Leben und schenkt uns etwas bisher Ungeh\u00f6rtes. Ihre Musik ist das Ergebnis einer Syn\u00e4sthesie mit dem Licht, die die Noblesse des Atmens hervorruft. Ihre Werke beschw\u00f6ren die Natur in Symbiose mit Zeit und Raum. Sie existieren zwischen physischen und musikalischen Gesten, zwischen dem Visuellen und dem Auditiven..\" \/>\n<meta name=\"robots\" content=\"index, follow, max-snippet:-1, max-image-preview:large, max-video-preview:-1\" \/>\n<link rel=\"canonical\" href=\"https:\/\/neos-music.com\/en_us\/product\/liao-lin-ni-bagatelles\/\" \/>\n<meta property=\"og:locale\" content=\"en_US\" \/>\n<meta property=\"og:type\" content=\"article\" \/>\n<meta property=\"og:title\" content=\"LIAO Lin-Ni: Bagatelles - NEOS Music\" \/>\n<meta property=\"og:description\" content=\"Die Ausnahmek\u00fcnstlerin LIAO Lin-Ni erweckt die Stille zum Leben und schenkt uns etwas bisher Ungeh\u00f6rtes. Ihre Musik ist das Ergebnis einer Syn\u00e4sthesie mit dem Licht, die die Noblesse des Atmens hervorruft. Ihre Werke beschw\u00f6ren die Natur in Symbiose mit Zeit und Raum. Sie existieren zwischen physischen und musikalischen Gesten, zwischen dem Visuellen und dem Auditiven..\" \/>\n<meta property=\"og:url\" content=\"https:\/\/neos-music.com\/en_us\/product\/liao-lin-ni-bagatelles\/\" \/>\n<meta property=\"og:site_name\" content=\"NEOS Music\" \/>\n<meta property=\"article:modified_time\" content=\"2026-01-27T16:09:15+00:00\" \/>\n<meta property=\"og:image\" content=\"https:\/\/neos-music.com\/wp-content\/uploads\/2024\/02\/NEOS-12418-Liao-Cover.jpg\" \/>\n\t<meta property=\"og:image:width\" content=\"1646\" \/>\n\t<meta property=\"og:image:height\" content=\"1483\" \/>\n\t<meta property=\"og:image:type\" content=\"image\/jpeg\" \/>\n<meta name=\"twitter:card\" content=\"summary_large_image\" \/>\n<meta name=\"twitter:label1\" content=\"Est. reading time\" \/>\n\t<meta name=\"twitter:data1\" content=\"1 minute\" \/>\n<script type=\"application\/ld+json\" class=\"yoast-schema-graph\">{\"@context\":\"https:\\\/\\\/schema.org\",\"@graph\":[{\"@type\":\"WebPage\",\"@id\":\"https:\\\/\\\/neos-music.com\\\/product\\\/liao-lin-ni-bagatelles\\\/\",\"url\":\"https:\\\/\\\/neos-music.com\\\/product\\\/liao-lin-ni-bagatelles\\\/\",\"name\":\"LIAO Lin-Ni: Bagatelles - NEOS Music\",\"isPartOf\":{\"@id\":\"https:\\\/\\\/neos-music.com\\\/#website\"},\"primaryImageOfPage\":{\"@id\":\"https:\\\/\\\/neos-music.com\\\/product\\\/liao-lin-ni-bagatelles\\\/#primaryimage\"},\"image\":{\"@id\":\"https:\\\/\\\/neos-music.com\\\/product\\\/liao-lin-ni-bagatelles\\\/#primaryimage\"},\"thumbnailUrl\":\"https:\\\/\\\/i0.wp.com\\\/neos-music.com\\\/wp-content\\\/uploads\\\/2024\\\/02\\\/NEOS-12418-Liao-Cover.jpg?fit=1646%2C1483&ssl=1\",\"datePublished\":\"2024-05-06T09:56:19+00:00\",\"dateModified\":\"2026-01-27T16:09:15+00:00\",\"description\":\"Die Ausnahmek\u00fcnstlerin LIAO Lin-Ni erweckt die Stille zum Leben und schenkt uns etwas bisher Ungeh\u00f6rtes. Ihre Musik ist das Ergebnis einer Syn\u00e4sthesie mit dem Licht, die die Noblesse des Atmens hervorruft. Ihre Werke beschw\u00f6ren die Natur in Symbiose mit Zeit und Raum. Sie existieren zwischen physischen und musikalischen Gesten, zwischen dem Visuellen und dem Auditiven..\",\"breadcrumb\":{\"@id\":\"https:\\\/\\\/neos-music.com\\\/product\\\/liao-lin-ni-bagatelles\\\/#breadcrumb\"},\"inLanguage\":\"en-US\",\"potentialAction\":[{\"@type\":\"ReadAction\",\"target\":[\"https:\\\/\\\/neos-music.com\\\/product\\\/liao-lin-ni-bagatelles\\\/\"]}]},{\"@type\":\"ImageObject\",\"inLanguage\":\"en-US\",\"@id\":\"https:\\\/\\\/neos-music.com\\\/product\\\/liao-lin-ni-bagatelles\\\/#primaryimage\",\"url\":\"https:\\\/\\\/i0.wp.com\\\/neos-music.com\\\/wp-content\\\/uploads\\\/2024\\\/02\\\/NEOS-12418-Liao-Cover.jpg?fit=1646%2C1483&ssl=1\",\"contentUrl\":\"https:\\\/\\\/i0.wp.com\\\/neos-music.com\\\/wp-content\\\/uploads\\\/2024\\\/02\\\/NEOS-12418-Liao-Cover.jpg?fit=1646%2C1483&ssl=1\",\"width\":1646,\"height\":1483},{\"@type\":\"BreadcrumbList\",\"@id\":\"https:\\\/\\\/neos-music.com\\\/product\\\/liao-lin-ni-bagatelles\\\/#breadcrumb\",\"itemListElement\":[{\"@type\":\"ListItem\",\"position\":1,\"name\":\"Startseite\",\"item\":\"https:\\\/\\\/neos-music.com\\\/\"},{\"@type\":\"ListItem\",\"position\":2,\"name\":\"Produkte\",\"item\":\"https:\\\/\\\/neos-music.com\\\/shop__trashed\\\/\"},{\"@type\":\"ListItem\",\"position\":3,\"name\":\"LIAO Lin-Ni: Bagatelles\"}]},{\"@type\":\"WebSite\",\"@id\":\"https:\\\/\\\/neos-music.com\\\/#website\",\"url\":\"https:\\\/\\\/neos-music.com\\\/\",\"name\":\"NEOS Music\",\"description\":\"Dein Online Shop f\u00fcr zeitgen\u00f6ssische Musik, Jazz und Classics!\",\"publisher\":{\"@id\":\"https:\\\/\\\/neos-music.com\\\/#organization\"},\"potentialAction\":[{\"@type\":\"SearchAction\",\"target\":{\"@type\":\"EntryPoint\",\"urlTemplate\":\"https:\\\/\\\/neos-music.com\\\/?s={search_term_string}\"},\"query-input\":{\"@type\":\"PropertyValueSpecification\",\"valueRequired\":true,\"valueName\":\"search_term_string\"}}],\"inLanguage\":\"en-US\"},{\"@type\":\"Organization\",\"@id\":\"https:\\\/\\\/neos-music.com\\\/#organization\",\"name\":\"NEOS Music\",\"url\":\"https:\\\/\\\/neos-music.com\\\/\",\"logo\":{\"@type\":\"ImageObject\",\"inLanguage\":\"en-US\",\"@id\":\"https:\\\/\\\/neos-music.com\\\/#\\\/schema\\\/logo\\\/image\\\/\",\"url\":\"https:\\\/\\\/i0.wp.com\\\/neos-music.com\\\/wp-content\\\/uploads\\\/2025\\\/08\\\/NEOS-Logo-weiss.png?fit=800%2C203&ssl=1\",\"contentUrl\":\"https:\\\/\\\/i0.wp.com\\\/neos-music.com\\\/wp-content\\\/uploads\\\/2025\\\/08\\\/NEOS-Logo-weiss.png?fit=800%2C203&ssl=1\",\"width\":800,\"height\":203,\"caption\":\"NEOS Music\"},\"image\":{\"@id\":\"https:\\\/\\\/neos-music.com\\\/#\\\/schema\\\/logo\\\/image\\\/\"}}]}<\/script>\n<!-- \/ Yoast SEO plugin. -->","yoast_head_json":{"title":"LIAO Lin-Ni: Bagatelles - NEOS Music","description":"Die Ausnahmek\u00fcnstlerin LIAO Lin-Ni erweckt die Stille zum Leben und schenkt uns etwas bisher Ungeh\u00f6rtes. Ihre Musik ist das Ergebnis einer Syn\u00e4sthesie mit dem Licht, die die Noblesse des Atmens hervorruft. Ihre Werke beschw\u00f6ren die Natur in Symbiose mit Zeit und Raum. Sie existieren zwischen physischen und musikalischen Gesten, zwischen dem Visuellen und dem Auditiven..","robots":{"index":"index","follow":"follow","max-snippet":"max-snippet:-1","max-image-preview":"max-image-preview:large","max-video-preview":"max-video-preview:-1"},"canonical":"https:\/\/neos-music.com\/en_us\/product\/liao-lin-ni-bagatelles\/","og_locale":"en_US","og_type":"article","og_title":"LIAO Lin-Ni: Bagatelles - NEOS Music","og_description":"Die Ausnahmek\u00fcnstlerin LIAO Lin-Ni erweckt die Stille zum Leben und schenkt uns etwas bisher Ungeh\u00f6rtes. Ihre Musik ist das Ergebnis einer Syn\u00e4sthesie mit dem Licht, die die Noblesse des Atmens hervorruft. Ihre Werke beschw\u00f6ren die Natur in Symbiose mit Zeit und Raum. Sie existieren zwischen physischen und musikalischen Gesten, zwischen dem Visuellen und dem Auditiven..","og_url":"https:\/\/neos-music.com\/en_us\/product\/liao-lin-ni-bagatelles\/","og_site_name":"NEOS Music","article_modified_time":"2026-01-27T16:09:15+00:00","og_image":[{"width":1646,"height":1483,"url":"https:\/\/neos-music.com\/wp-content\/uploads\/2024\/02\/NEOS-12418-Liao-Cover.jpg","type":"image\/jpeg"}],"twitter_card":"summary_large_image","twitter_misc":{"Est. reading time":"1 minute"},"schema":{"@context":"https:\/\/schema.org","@graph":[{"@type":"WebPage","@id":"https:\/\/neos-music.com\/product\/liao-lin-ni-bagatelles\/","url":"https:\/\/neos-music.com\/product\/liao-lin-ni-bagatelles\/","name":"LIAO Lin-Ni: Bagatelles - NEOS Music","isPartOf":{"@id":"https:\/\/neos-music.com\/#website"},"primaryImageOfPage":{"@id":"https:\/\/neos-music.com\/product\/liao-lin-ni-bagatelles\/#primaryimage"},"image":{"@id":"https:\/\/neos-music.com\/product\/liao-lin-ni-bagatelles\/#primaryimage"},"thumbnailUrl":"https:\/\/i0.wp.com\/neos-music.com\/wp-content\/uploads\/2024\/02\/NEOS-12418-Liao-Cover.jpg?fit=1646%2C1483&ssl=1","datePublished":"2024-05-06T09:56:19+00:00","dateModified":"2026-01-27T16:09:15+00:00","description":"Die Ausnahmek\u00fcnstlerin LIAO Lin-Ni erweckt die Stille zum Leben und schenkt uns etwas bisher Ungeh\u00f6rtes. Ihre Musik ist das Ergebnis einer Syn\u00e4sthesie mit dem Licht, die die Noblesse des Atmens hervorruft. Ihre Werke beschw\u00f6ren die Natur in Symbiose mit Zeit und Raum. Sie existieren zwischen physischen und musikalischen Gesten, zwischen dem Visuellen und dem Auditiven..","breadcrumb":{"@id":"https:\/\/neos-music.com\/product\/liao-lin-ni-bagatelles\/#breadcrumb"},"inLanguage":"en-US","potentialAction":[{"@type":"ReadAction","target":["https:\/\/neos-music.com\/product\/liao-lin-ni-bagatelles\/"]}]},{"@type":"ImageObject","inLanguage":"en-US","@id":"https:\/\/neos-music.com\/product\/liao-lin-ni-bagatelles\/#primaryimage","url":"https:\/\/i0.wp.com\/neos-music.com\/wp-content\/uploads\/2024\/02\/NEOS-12418-Liao-Cover.jpg?fit=1646%2C1483&ssl=1","contentUrl":"https:\/\/i0.wp.com\/neos-music.com\/wp-content\/uploads\/2024\/02\/NEOS-12418-Liao-Cover.jpg?fit=1646%2C1483&ssl=1","width":1646,"height":1483},{"@type":"BreadcrumbList","@id":"https:\/\/neos-music.com\/product\/liao-lin-ni-bagatelles\/#breadcrumb","itemListElement":[{"@type":"ListItem","position":1,"name":"Startseite","item":"https:\/\/neos-music.com\/"},{"@type":"ListItem","position":2,"name":"Produkte","item":"https:\/\/neos-music.com\/shop__trashed\/"},{"@type":"ListItem","position":3,"name":"LIAO Lin-Ni: Bagatelles"}]},{"@type":"WebSite","@id":"https:\/\/neos-music.com\/#website","url":"https:\/\/neos-music.com\/","name":"NEOS Music","description":"Dein Online Shop f\u00fcr zeitgen\u00f6ssische Musik, Jazz und Classics!","publisher":{"@id":"https:\/\/neos-music.com\/#organization"},"potentialAction":[{"@type":"SearchAction","target":{"@type":"EntryPoint","urlTemplate":"https:\/\/neos-music.com\/?s={search_term_string}"},"query-input":{"@type":"PropertyValueSpecification","valueRequired":true,"valueName":"search_term_string"}}],"inLanguage":"en-US"},{"@type":"Organization","@id":"https:\/\/neos-music.com\/#organization","name":"NEOS Music","url":"https:\/\/neos-music.com\/","logo":{"@type":"ImageObject","inLanguage":"en-US","@id":"https:\/\/neos-music.com\/#\/schema\/logo\/image\/","url":"https:\/\/i0.wp.com\/neos-music.com\/wp-content\/uploads\/2025\/08\/NEOS-Logo-weiss.png?fit=800%2C203&ssl=1","contentUrl":"https:\/\/i0.wp.com\/neos-music.com\/wp-content\/uploads\/2025\/08\/NEOS-Logo-weiss.png?fit=800%2C203&ssl=1","width":800,"height":203,"caption":"NEOS Music"},"image":{"@id":"https:\/\/neos-music.com\/#\/schema\/logo\/image\/"}}]}},"jetpack_sharing_enabled":true,"_links":{"self":[{"href":"https:\/\/neos-music.com\/en_us\/wp-json\/wp\/v2\/product\/8133","targetHints":{"allow":["GET"]}}],"collection":[{"href":"https:\/\/neos-music.com\/en_us\/wp-json\/wp\/v2\/product"}],"about":[{"href":"https:\/\/neos-music.com\/en_us\/wp-json\/wp\/v2\/types\/product"}],"version-history":[{"count":13,"href":"https:\/\/neos-music.com\/en_us\/wp-json\/wp\/v2\/product\/8133\/revisions"}],"predecessor-version":[{"id":10311,"href":"https:\/\/neos-music.com\/en_us\/wp-json\/wp\/v2\/product\/8133\/revisions\/10311"}],"wp:featuredmedia":[{"embeddable":true,"href":"https:\/\/neos-music.com\/en_us\/wp-json\/wp\/v2\/media\/8260"}],"wp:attachment":[{"href":"https:\/\/neos-music.com\/en_us\/wp-json\/wp\/v2\/media?parent=8133"}],"wp:term":[{"taxonomy":"product_brand","embeddable":true,"href":"https:\/\/neos-music.com\/en_us\/wp-json\/wp\/v2\/product_brand?post=8133"},{"taxonomy":"product_cat","embeddable":true,"href":"https:\/\/neos-music.com\/en_us\/wp-json\/wp\/v2\/product_cat?post=8133"},{"taxonomy":"product_tag","embeddable":true,"href":"https:\/\/neos-music.com\/en_us\/wp-json\/wp\/v2\/product_tag?post=8133"}],"curies":[{"name":"wp","href":"https:\/\/api.w.org\/{rel}","templated":true}]}}