{"id":8139,"date":"2024-02-14T17:19:30","date_gmt":"2024-02-14T16:19:30","guid":{"rendered":"https:\/\/neos-music.com\/?post_type=product&#038;p=8139"},"modified":"2026-01-28T20:38:48","modified_gmt":"2026-01-28T19:38:48","slug":"guenter-schwarze-chamber-music","status":"publish","type":"product","link":"https:\/\/neos-music.com\/en_us\/product\/guenter-schwarze-chamber-music\/","title":{"rendered":"G\u00fcnter Schwarze: Chamber Music"},"content":{"rendered":"<p style=\"font-weight: 400;\"><strong>About the album<\/strong><\/p>\n<p>&nbsp;<\/p>\n<div>\n<p class=\"KeinAbsatzformat\"><span style=\"font-family: helvetica; font-size: 16px;\">Michael Quell once described G\u00fcnter Schwarze's composing and his understanding of not only music but also his life motto in an extremely apt and clever way as a search for \u201cfreedom in the context of collective suppression.\u201d Formulated concisely and precisely, this is the key to understanding this composer. He was only able to maintain his inner resistance to collectivist coercion through his quiet but all the more deeply held faith, which gave him the strength to remain \u201csilent,\u201d to maintain his stance, to refuse to be corrupted throughout his life (similar to Georg Katzer in this respect, as well as in his choice of compositional means of expression), but not foolishly running into the arms of a superior opponent and thus surrendering himself to him. As a result, he always lives his religiosity quietly, it unfolds discreetly in his music. It does not seek to impose itself on anyone, and his \u201cservice,\u201d his immense social competence, which he acquired over the years in various functions, such as church cantor and university professor, is nourished by it. His understanding of culture, his extremely respectful treatment of different cultural circles and their artistic means, also shaped his composing throughout his life.<\/span><\/p>\n<p class=\"KeinAbsatzformat\"><span style=\"font-size: 16px; font-family: helvetica;\">Modi, in the tradition of leitmotifs, generates Bach-like provenance through letters assigned to intervals, forming a musically commentary-like contrast against a cleverly arranged illustrative backdrop, especially in Schwarz's oratorical works. His \u201cquiet\u201d composing, his unpretentious manner, not only in music, correlates with his fondness for porcelain chimes and glass chimes, for whose musical development and subsequent renaissance in public life he was the decisive promoter.<\/span><\/p>\n<\/div>","protected":false},"excerpt":{"rendered":"<p>1 CD<\/p>","protected":false},"featured_media":8142,"template":"","meta":{"site-sidebar-layout":"default","site-content-layout":"default","ast-site-content-layout":"default","site-content-style":"default","site-sidebar-style":"default","ast-global-header-display":"","ast-banner-title-visibility":"","ast-main-header-display":"","ast-hfb-above-header-display":"","ast-hfb-below-header-display":"","ast-hfb-mobile-header-display":"","site-post-title":"","ast-breadcrumbs-content":"","ast-featured-img":"","footer-sml-layout":"","theme-transparent-header-meta":"default","adv-header-id-meta":"","stick-header-meta":"","header-above-stick-meta":"","header-main-stick-meta":"","header-below-stick-meta":"","astra-migrate-meta-layouts":"set","ast-page-background-enabled":"default","ast-page-background-meta":{"desktop":{"background-color":"","background-image":"","background-repeat":"repeat","background-position":"center center","background-size":"auto","background-attachment":"scroll","background-type":"","background-media":"","overlay-type":"","overlay-color":"","overlay-opacity":"","overlay-gradient":""},"tablet":{"background-color":"","background-image":"","background-repeat":"repeat","background-position":"center center","background-size":"auto","background-attachment":"scroll","background-type":"","background-media":"","overlay-type":"","overlay-color":"","overlay-opacity":"","overlay-gradient":""},"mobile":{"background-color":"","background-image":"","background-repeat":"repeat","background-position":"center center","background-size":"auto","background-attachment":"scroll","background-type":"","background-media":"","overlay-type":"","overlay-color":"","overlay-opacity":"","overlay-gradient":""}},"ast-content-background-meta":{"desktop":{"background-color":"var(--ast-global-color-5)","background-image":"","background-repeat":"repeat","background-position":"center center","background-size":"auto","background-attachment":"scroll","background-type":"","background-media":"","overlay-type":"","overlay-color":"","overlay-opacity":"","overlay-gradient":""},"tablet":{"background-color":"var(--ast-global-color-5)","background-image":"","background-repeat":"repeat","background-position":"center center","background-size":"auto","background-attachment":"scroll","background-type":"","background-media":"","overlay-type":"","overlay-color":"","overlay-opacity":"","overlay-gradient":""},"mobile":{"background-color":"var(--ast-global-color-5)","background-image":"","background-repeat":"repeat","background-position":"center center","background-size":"auto","background-attachment":"scroll","background-type":"","background-media":"","overlay-type":"","overlay-color":"","overlay-opacity":"","overlay-gradient":""}}},"product_brand":[],"product_cat":[26],"product_tag":[876],"class_list":{"0":"post-8139","1":"product","2":"type-product","3":"status-publish","4":"has-post-thumbnail","6":"product_cat-zeitgenossische-musik","7":"product_tag-neuveroeffentlichungen","8":"desktop-align-left","9":"tablet-align-left","10":"mobile-align-left","12":"first","13":"instock","14":"taxable","15":"shipping-taxable","16":"purchasable","17":"product-type-simple"},"yoast_head":"<!-- This site is optimized with the Yoast SEO plugin v27.4 - https:\/\/yoast.com\/product\/yoast-seo-wordpress\/ -->\n<title>G\u00fcnter Schwarze: Chamber Music - NEOS Music<\/title>\n<meta name=\"description\" content=\"Als Suche nach der &quot;Freiheit im Kontext kollektiver Suppression&quot; hat Michael Quell G\u00fcnter Schwarzes Komponieren und dessen nicht nur musikalisches Verst\u00e4ndnis, sondern weitergreifend sein Lebensmotto einmal so \u00fcberaus trefflich und klug umschrieben.\" \/>\n<meta name=\"robots\" content=\"index, follow, max-snippet:-1, max-image-preview:large, max-video-preview:-1\" \/>\n<link rel=\"canonical\" href=\"https:\/\/neos-music.com\/en_us\/product\/guenter-schwarze-chamber-music\/\" \/>\n<meta property=\"og:locale\" content=\"en_US\" \/>\n<meta property=\"og:type\" content=\"article\" \/>\n<meta property=\"og:title\" content=\"G\u00fcnter Schwarze: Chamber Music - NEOS Music\" \/>\n<meta property=\"og:description\" content=\"Als Suche nach der &quot;Freiheit im Kontext kollektiver Suppression&quot; hat Michael Quell G\u00fcnter Schwarzes Komponieren und dessen nicht nur musikalisches Verst\u00e4ndnis, sondern weitergreifend sein Lebensmotto einmal so \u00fcberaus trefflich und klug umschrieben.\" \/>\n<meta property=\"og:url\" content=\"https:\/\/neos-music.com\/en_us\/product\/guenter-schwarze-chamber-music\/\" \/>\n<meta property=\"og:site_name\" content=\"NEOS Music\" \/>\n<meta property=\"article:modified_time\" content=\"2026-01-28T19:38:48+00:00\" \/>\n<meta property=\"og:image\" content=\"https:\/\/neos-music.com\/wp-content\/uploads\/2024\/02\/NEOS-12331-Schwarze-Cover.jpg\" \/>\n\t<meta property=\"og:image:width\" content=\"1648\" \/>\n\t<meta property=\"og:image:height\" content=\"1482\" \/>\n\t<meta property=\"og:image:type\" content=\"image\/jpeg\" \/>\n<meta name=\"twitter:card\" content=\"summary_large_image\" \/>\n<meta name=\"twitter:label1\" content=\"Est. reading time\" \/>\n\t<meta name=\"twitter:data1\" content=\"2 minutes\" \/>\n<script type=\"application\/ld+json\" class=\"yoast-schema-graph\">{\"@context\":\"https:\\\/\\\/schema.org\",\"@graph\":[{\"@type\":\"WebPage\",\"@id\":\"https:\\\/\\\/neos-music.com\\\/product\\\/guenter-schwarze-chamber-music\\\/\",\"url\":\"https:\\\/\\\/neos-music.com\\\/product\\\/guenter-schwarze-chamber-music\\\/\",\"name\":\"G\u00fcnter Schwarze: Chamber Music - NEOS Music\",\"isPartOf\":{\"@id\":\"https:\\\/\\\/neos-music.com\\\/#website\"},\"primaryImageOfPage\":{\"@id\":\"https:\\\/\\\/neos-music.com\\\/product\\\/guenter-schwarze-chamber-music\\\/#primaryimage\"},\"image\":{\"@id\":\"https:\\\/\\\/neos-music.com\\\/product\\\/guenter-schwarze-chamber-music\\\/#primaryimage\"},\"thumbnailUrl\":\"https:\\\/\\\/i0.wp.com\\\/neos-music.com\\\/wp-content\\\/uploads\\\/2024\\\/02\\\/NEOS-12331-Schwarze-Cover.jpg?fit=1648%2C1482&ssl=1\",\"datePublished\":\"2024-02-14T16:19:30+00:00\",\"dateModified\":\"2026-01-28T19:38:48+00:00\",\"description\":\"Als Suche nach der \\\"Freiheit im Kontext kollektiver Suppression\\\" hat Michael Quell G\u00fcnter Schwarzes Komponieren und dessen nicht nur musikalisches Verst\u00e4ndnis, sondern weitergreifend sein Lebensmotto einmal so \u00fcberaus trefflich und klug umschrieben.\",\"breadcrumb\":{\"@id\":\"https:\\\/\\\/neos-music.com\\\/product\\\/guenter-schwarze-chamber-music\\\/#breadcrumb\"},\"inLanguage\":\"en-US\",\"potentialAction\":[{\"@type\":\"ReadAction\",\"target\":[\"https:\\\/\\\/neos-music.com\\\/product\\\/guenter-schwarze-chamber-music\\\/\"]}]},{\"@type\":\"ImageObject\",\"inLanguage\":\"en-US\",\"@id\":\"https:\\\/\\\/neos-music.com\\\/product\\\/guenter-schwarze-chamber-music\\\/#primaryimage\",\"url\":\"https:\\\/\\\/i0.wp.com\\\/neos-music.com\\\/wp-content\\\/uploads\\\/2024\\\/02\\\/NEOS-12331-Schwarze-Cover.jpg?fit=1648%2C1482&ssl=1\",\"contentUrl\":\"https:\\\/\\\/i0.wp.com\\\/neos-music.com\\\/wp-content\\\/uploads\\\/2024\\\/02\\\/NEOS-12331-Schwarze-Cover.jpg?fit=1648%2C1482&ssl=1\",\"width\":1648,\"height\":1482},{\"@type\":\"BreadcrumbList\",\"@id\":\"https:\\\/\\\/neos-music.com\\\/product\\\/guenter-schwarze-chamber-music\\\/#breadcrumb\",\"itemListElement\":[{\"@type\":\"ListItem\",\"position\":1,\"name\":\"Startseite\",\"item\":\"https:\\\/\\\/neos-music.com\\\/\"},{\"@type\":\"ListItem\",\"position\":2,\"name\":\"Produkte\",\"item\":\"https:\\\/\\\/neos-music.com\\\/shop__trashed\\\/\"},{\"@type\":\"ListItem\",\"position\":3,\"name\":\"G\u00fcnter Schwarze: Chamber Music\"}]},{\"@type\":\"WebSite\",\"@id\":\"https:\\\/\\\/neos-music.com\\\/#website\",\"url\":\"https:\\\/\\\/neos-music.com\\\/\",\"name\":\"NEOS Music\",\"description\":\"Dein Online Shop f\u00fcr zeitgen\u00f6ssische Musik, Jazz und Classics!\",\"publisher\":{\"@id\":\"https:\\\/\\\/neos-music.com\\\/#organization\"},\"potentialAction\":[{\"@type\":\"SearchAction\",\"target\":{\"@type\":\"EntryPoint\",\"urlTemplate\":\"https:\\\/\\\/neos-music.com\\\/?s={search_term_string}\"},\"query-input\":{\"@type\":\"PropertyValueSpecification\",\"valueRequired\":true,\"valueName\":\"search_term_string\"}}],\"inLanguage\":\"en-US\"},{\"@type\":\"Organization\",\"@id\":\"https:\\\/\\\/neos-music.com\\\/#organization\",\"name\":\"NEOS Music\",\"url\":\"https:\\\/\\\/neos-music.com\\\/\",\"logo\":{\"@type\":\"ImageObject\",\"inLanguage\":\"en-US\",\"@id\":\"https:\\\/\\\/neos-music.com\\\/#\\\/schema\\\/logo\\\/image\\\/\",\"url\":\"https:\\\/\\\/i0.wp.com\\\/neos-music.com\\\/wp-content\\\/uploads\\\/2025\\\/08\\\/NEOS-Logo-weiss.png?fit=800%2C203&ssl=1\",\"contentUrl\":\"https:\\\/\\\/i0.wp.com\\\/neos-music.com\\\/wp-content\\\/uploads\\\/2025\\\/08\\\/NEOS-Logo-weiss.png?fit=800%2C203&ssl=1\",\"width\":800,\"height\":203,\"caption\":\"NEOS Music\"},\"image\":{\"@id\":\"https:\\\/\\\/neos-music.com\\\/#\\\/schema\\\/logo\\\/image\\\/\"}}]}<\/script>\n<!-- \/ Yoast SEO plugin. -->","yoast_head_json":{"title":"G\u00fcnter Schwarze: Chamber Music - NEOS Music","description":"Als Suche nach der \"Freiheit im Kontext kollektiver Suppression\" hat Michael Quell G\u00fcnter Schwarzes Komponieren und dessen nicht nur musikalisches Verst\u00e4ndnis, sondern weitergreifend sein Lebensmotto einmal so \u00fcberaus trefflich und klug umschrieben.","robots":{"index":"index","follow":"follow","max-snippet":"max-snippet:-1","max-image-preview":"max-image-preview:large","max-video-preview":"max-video-preview:-1"},"canonical":"https:\/\/neos-music.com\/en_us\/product\/guenter-schwarze-chamber-music\/","og_locale":"en_US","og_type":"article","og_title":"G\u00fcnter Schwarze: Chamber Music - NEOS Music","og_description":"Als Suche nach der \"Freiheit im Kontext kollektiver Suppression\" hat Michael Quell G\u00fcnter Schwarzes Komponieren und dessen nicht nur musikalisches Verst\u00e4ndnis, sondern weitergreifend sein Lebensmotto einmal so \u00fcberaus trefflich und klug umschrieben.","og_url":"https:\/\/neos-music.com\/en_us\/product\/guenter-schwarze-chamber-music\/","og_site_name":"NEOS Music","article_modified_time":"2026-01-28T19:38:48+00:00","og_image":[{"width":1648,"height":1482,"url":"https:\/\/neos-music.com\/wp-content\/uploads\/2024\/02\/NEOS-12331-Schwarze-Cover.jpg","type":"image\/jpeg"}],"twitter_card":"summary_large_image","twitter_misc":{"Est. reading time":"2 minutes"},"schema":{"@context":"https:\/\/schema.org","@graph":[{"@type":"WebPage","@id":"https:\/\/neos-music.com\/product\/guenter-schwarze-chamber-music\/","url":"https:\/\/neos-music.com\/product\/guenter-schwarze-chamber-music\/","name":"G\u00fcnter Schwarze: Chamber Music - NEOS Music","isPartOf":{"@id":"https:\/\/neos-music.com\/#website"},"primaryImageOfPage":{"@id":"https:\/\/neos-music.com\/product\/guenter-schwarze-chamber-music\/#primaryimage"},"image":{"@id":"https:\/\/neos-music.com\/product\/guenter-schwarze-chamber-music\/#primaryimage"},"thumbnailUrl":"https:\/\/i0.wp.com\/neos-music.com\/wp-content\/uploads\/2024\/02\/NEOS-12331-Schwarze-Cover.jpg?fit=1648%2C1482&ssl=1","datePublished":"2024-02-14T16:19:30+00:00","dateModified":"2026-01-28T19:38:48+00:00","description":"Als Suche nach der \"Freiheit im Kontext kollektiver Suppression\" hat Michael Quell G\u00fcnter Schwarzes Komponieren und dessen nicht nur musikalisches Verst\u00e4ndnis, sondern weitergreifend sein Lebensmotto einmal so \u00fcberaus trefflich und klug umschrieben.","breadcrumb":{"@id":"https:\/\/neos-music.com\/product\/guenter-schwarze-chamber-music\/#breadcrumb"},"inLanguage":"en-US","potentialAction":[{"@type":"ReadAction","target":["https:\/\/neos-music.com\/product\/guenter-schwarze-chamber-music\/"]}]},{"@type":"ImageObject","inLanguage":"en-US","@id":"https:\/\/neos-music.com\/product\/guenter-schwarze-chamber-music\/#primaryimage","url":"https:\/\/i0.wp.com\/neos-music.com\/wp-content\/uploads\/2024\/02\/NEOS-12331-Schwarze-Cover.jpg?fit=1648%2C1482&ssl=1","contentUrl":"https:\/\/i0.wp.com\/neos-music.com\/wp-content\/uploads\/2024\/02\/NEOS-12331-Schwarze-Cover.jpg?fit=1648%2C1482&ssl=1","width":1648,"height":1482},{"@type":"BreadcrumbList","@id":"https:\/\/neos-music.com\/product\/guenter-schwarze-chamber-music\/#breadcrumb","itemListElement":[{"@type":"ListItem","position":1,"name":"Startseite","item":"https:\/\/neos-music.com\/"},{"@type":"ListItem","position":2,"name":"Produkte","item":"https:\/\/neos-music.com\/shop__trashed\/"},{"@type":"ListItem","position":3,"name":"G\u00fcnter Schwarze: Chamber Music"}]},{"@type":"WebSite","@id":"https:\/\/neos-music.com\/#website","url":"https:\/\/neos-music.com\/","name":"NEOS Music","description":"Dein Online Shop f\u00fcr zeitgen\u00f6ssische Musik, Jazz und Classics!","publisher":{"@id":"https:\/\/neos-music.com\/#organization"},"potentialAction":[{"@type":"SearchAction","target":{"@type":"EntryPoint","urlTemplate":"https:\/\/neos-music.com\/?s={search_term_string}"},"query-input":{"@type":"PropertyValueSpecification","valueRequired":true,"valueName":"search_term_string"}}],"inLanguage":"en-US"},{"@type":"Organization","@id":"https:\/\/neos-music.com\/#organization","name":"NEOS Music","url":"https:\/\/neos-music.com\/","logo":{"@type":"ImageObject","inLanguage":"en-US","@id":"https:\/\/neos-music.com\/#\/schema\/logo\/image\/","url":"https:\/\/i0.wp.com\/neos-music.com\/wp-content\/uploads\/2025\/08\/NEOS-Logo-weiss.png?fit=800%2C203&ssl=1","contentUrl":"https:\/\/i0.wp.com\/neos-music.com\/wp-content\/uploads\/2025\/08\/NEOS-Logo-weiss.png?fit=800%2C203&ssl=1","width":800,"height":203,"caption":"NEOS Music"},"image":{"@id":"https:\/\/neos-music.com\/#\/schema\/logo\/image\/"}}]}},"jetpack_sharing_enabled":true,"_links":{"self":[{"href":"https:\/\/neos-music.com\/en_us\/wp-json\/wp\/v2\/product\/8139","targetHints":{"allow":["GET"]}}],"collection":[{"href":"https:\/\/neos-music.com\/en_us\/wp-json\/wp\/v2\/product"}],"about":[{"href":"https:\/\/neos-music.com\/en_us\/wp-json\/wp\/v2\/types\/product"}],"version-history":[{"count":4,"href":"https:\/\/neos-music.com\/en_us\/wp-json\/wp\/v2\/product\/8139\/revisions"}],"predecessor-version":[{"id":10321,"href":"https:\/\/neos-music.com\/en_us\/wp-json\/wp\/v2\/product\/8139\/revisions\/10321"}],"wp:featuredmedia":[{"embeddable":true,"href":"https:\/\/neos-music.com\/en_us\/wp-json\/wp\/v2\/media\/8142"}],"wp:attachment":[{"href":"https:\/\/neos-music.com\/en_us\/wp-json\/wp\/v2\/media?parent=8139"}],"wp:term":[{"taxonomy":"product_brand","embeddable":true,"href":"https:\/\/neos-music.com\/en_us\/wp-json\/wp\/v2\/product_brand?post=8139"},{"taxonomy":"product_cat","embeddable":true,"href":"https:\/\/neos-music.com\/en_us\/wp-json\/wp\/v2\/product_cat?post=8139"},{"taxonomy":"product_tag","embeddable":true,"href":"https:\/\/neos-music.com\/en_us\/wp-json\/wp\/v2\/product_tag?post=8139"}],"curies":[{"name":"wp","href":"https:\/\/api.w.org\/{rel}","templated":true}]}}