{"id":8369,"date":"2024-05-06T11:42:15","date_gmt":"2024-05-06T09:42:15","guid":{"rendered":"https:\/\/neos-music.com\/?post_type=product&#038;p=8369"},"modified":"2026-01-28T17:42:15","modified_gmt":"2026-01-28T16:42:15","slug":"kevin-juillerat-daemmerung","status":"publish","type":"product","link":"https:\/\/neos-music.com\/en_us\/product\/kevin-juillerat-daemmerung\/","title":{"rendered":"Kevin Juillerat: <span class=\"notranslate\">D\u00e4mmerung (f\u00fcnf Sonaten ohne Interludien)<\/span>"},"content":{"rendered":"<p><iframe style=\"border-radius: 12px;\" src=\"https:\/\/open.spotify.com\/embed\/album\/5ZsbThQd5QsXhSx7xuu1Rp?utm_source=generator\" width=\"100%\" height=\"152\" frameborder=\"0\" allowfullscreen=\"allowfullscreen\"><\/iframe><\/p>\n<p>&nbsp;<\/p>\n<p><strong>In brief:<\/strong><\/p>\n<p class=\"translation-block\"><em>D\u00e4mmerung<\/em> is a true odyssey of sound and drama. It is an exploration of a new piano, transformed by various preparations and enhanced by an electronic device that literally turns it into a loudspeaker. The work is the result of several years of collaboration between French-Swiss pianist C\u00e9dric Pescia and Swiss composer Kevin Juillerat. It was written in 2020 during a 6-month artist residency in Berlin and premiered on May 20, 2022, in Lausanne (CH).<\/p>\n<p>&nbsp;<\/p>\n<p><strong>Prepared piano:<\/strong><\/p>\n<p>A prepared piano is a piano that has been altered by adding various objects and materials (screws, coins, Blu-Tack, pieces of rubber, etc.) to or between the strings of the instrument. This technique was invented in the 1940s by the American composer John Cage. This led to the development of an exciting repertoire that C\u00e9dric Pescia has been playing for many years.<\/p>\n<p>After learning about Cage's methods of preparation, Kevin Juillerat developed his own techniques\u2014using different objects and placing them in different ways. The different types of preparation create zones with different harmonies and timbres, which are explored throughout the piece: a long journey from noisy and distorted sounds to the ordinary sound of the few remaining unprepared notes.<\/p>\n<p>&nbsp;<\/p>\n<p><strong>Electronics:<\/strong><\/p>\n<p>The preparation is complemented by an electronic device that enables a further level of metamorphosis of the instrument. Transducers are installed in the piano: these small contact speakers are glued to the soundboard, through which all electronic sounds are filtered and diffused. This creates an extraordinary mixture of timbres and homogeneity. These sounds were generated from prepared piano samples\u2014transformed, stretched, or enriched. In this way, acoustic and electronic sounds merge through the play of apparent resonances, false R<\/p>\n<p>&nbsp;<\/p>\n<p><strong><span class=\"notranslate\">D\u00e4mmerung<\/span>:<\/strong><\/p>\n<p class=\"translation-block\">The title <em>D\u00e4mmerung<\/em> refers to an \u201cin-between\u201d and an uncertain state of transition. Music between light and shadow. A piano that is not really a piano, whose tones are altered by the preparation and the unreal sounds of the electronics that permeate it. But also the circumstances of the composition of the piece: on the one hand, Berlin, where it was written, a city that has undergone many changes throughout history (World War II, the Wall, reunification, extreme neoliberalism, etc.); and on the other hand, 2020, the year it was written, which was heavily influenced by the COVID-19 pandemic\u2014a strange time of waiting for a hoped-for return to normality or a hypothetical change in our society.<\/p>\n<p>&nbsp;<\/p>\n<p>Kevin Juillerat<\/p>","protected":false},"excerpt":{"rendered":"<p>1 CD<\/p>","protected":false},"featured_media":8371,"template":"","meta":{"site-sidebar-layout":"default","site-content-layout":"default","ast-site-content-layout":"default","site-content-style":"default","site-sidebar-style":"default","ast-global-header-display":"","ast-banner-title-visibility":"","ast-main-header-display":"","ast-hfb-above-header-display":"","ast-hfb-below-header-display":"","ast-hfb-mobile-header-display":"","site-post-title":"","ast-breadcrumbs-content":"","ast-featured-img":"","footer-sml-layout":"","theme-transparent-header-meta":"default","adv-header-id-meta":"","stick-header-meta":"","header-above-stick-meta":"","header-main-stick-meta":"","header-below-stick-meta":"","astra-migrate-meta-layouts":"set","ast-page-background-enabled":"default","ast-page-background-meta":{"desktop":{"background-color":"","background-image":"","background-repeat":"repeat","background-position":"center center","background-size":"auto","background-attachment":"scroll","background-type":"","background-media":"","overlay-type":"","overlay-color":"","overlay-opacity":"","overlay-gradient":""},"tablet":{"background-color":"","background-image":"","background-repeat":"repeat","background-position":"center center","background-size":"auto","background-attachment":"scroll","background-type":"","background-media":"","overlay-type":"","overlay-color":"","overlay-opacity":"","overlay-gradient":""},"mobile":{"background-color":"","background-image":"","background-repeat":"repeat","background-position":"center center","background-size":"auto","background-attachment":"scroll","background-type":"","background-media":"","overlay-type":"","overlay-color":"","overlay-opacity":"","overlay-gradient":""}},"ast-content-background-meta":{"desktop":{"background-color":"var(--ast-global-color-5)","background-image":"","background-repeat":"repeat","background-position":"center center","background-size":"auto","background-attachment":"scroll","background-type":"","background-media":"","overlay-type":"","overlay-color":"","overlay-opacity":"","overlay-gradient":""},"tablet":{"background-color":"var(--ast-global-color-5)","background-image":"","background-repeat":"repeat","background-position":"center center","background-size":"auto","background-attachment":"scroll","background-type":"","background-media":"","overlay-type":"","overlay-color":"","overlay-opacity":"","overlay-gradient":""},"mobile":{"background-color":"var(--ast-global-color-5)","background-image":"","background-repeat":"repeat","background-position":"center center","background-size":"auto","background-attachment":"scroll","background-type":"","background-media":"","overlay-type":"","overlay-color":"","overlay-opacity":"","overlay-gradient":""}}},"product_brand":[],"product_cat":[26],"product_tag":[929,876],"class_list":{"0":"post-8369","1":"product","2":"type-product","3":"status-publish","4":"has-post-thumbnail","6":"product_cat-zeitgenossische-musik","7":"product_tag-neu","8":"product_tag-neuveroeffentlichungen","9":"desktop-align-left","10":"tablet-align-left","11":"mobile-align-left","13":"first","14":"instock","15":"taxable","16":"shipping-taxable","17":"purchasable","18":"product-type-simple"},"yoast_head":"<!-- This site is optimized with the Yoast SEO plugin v27.4 - https:\/\/yoast.com\/product\/yoast-seo-wordpress\/ -->\n<title>Kevin Juillerat: D\u00e4mmerung (f\u00fcnf Sonaten ohne Interludien) - NEOS Music<\/title>\n<meta name=\"description\" content=\"D\u00e4mmerung ist eine wahre Odyssee aus Klang und Dramatik. Es ist die Erkundung eines neuen Klaviers, das durch verschiedene Pr\u00e4parationen verwandelt und durch ein elektronisches Ger\u00e4t, das es buchst\u00e4blich in einen Lautsprecher verwandelt, erweitert wird.\" \/>\n<meta name=\"robots\" content=\"index, follow, max-snippet:-1, max-image-preview:large, max-video-preview:-1\" \/>\n<link rel=\"canonical\" href=\"https:\/\/neos-music.com\/en_us\/product\/kevin-juillerat-daemmerung\/\" \/>\n<meta property=\"og:locale\" content=\"en_US\" \/>\n<meta property=\"og:type\" content=\"article\" \/>\n<meta property=\"og:title\" content=\"Kevin Juillerat: D\u00e4mmerung (f\u00fcnf Sonaten ohne Interludien) - NEOS Music\" \/>\n<meta property=\"og:description\" content=\"D\u00e4mmerung ist eine wahre Odyssee aus Klang und Dramatik. Es ist die Erkundung eines neuen Klaviers, das durch verschiedene Pr\u00e4parationen verwandelt und durch ein elektronisches Ger\u00e4t, das es buchst\u00e4blich in einen Lautsprecher verwandelt, erweitert wird.\" \/>\n<meta property=\"og:url\" content=\"https:\/\/neos-music.com\/en_us\/product\/kevin-juillerat-daemmerung\/\" \/>\n<meta property=\"og:site_name\" content=\"NEOS Music\" \/>\n<meta property=\"article:modified_time\" content=\"2026-01-28T16:42:15+00:00\" \/>\n<meta property=\"og:image\" content=\"https:\/\/neos-music.com\/wp-content\/uploads\/2024\/05\/NEOS-12402-Juillerat-Cover.jpg\" \/>\n\t<meta property=\"og:image:width\" content=\"1647\" \/>\n\t<meta property=\"og:image:height\" content=\"1482\" \/>\n\t<meta property=\"og:image:type\" content=\"image\/webp\" \/>\n<meta name=\"twitter:card\" content=\"summary_large_image\" \/>\n<meta name=\"twitter:label1\" content=\"Est. reading time\" \/>\n\t<meta name=\"twitter:data1\" content=\"3 minutes\" \/>\n<script type=\"application\/ld+json\" class=\"yoast-schema-graph\">{\"@context\":\"https:\\\/\\\/schema.org\",\"@graph\":[{\"@type\":\"WebPage\",\"@id\":\"https:\\\/\\\/neos-music.com\\\/product\\\/kevin-juillerat-daemmerung\\\/\",\"url\":\"https:\\\/\\\/neos-music.com\\\/product\\\/kevin-juillerat-daemmerung\\\/\",\"name\":\"Kevin Juillerat: D\u00e4mmerung (f\u00fcnf Sonaten ohne Interludien) - NEOS Music\",\"isPartOf\":{\"@id\":\"https:\\\/\\\/neos-music.com\\\/#website\"},\"primaryImageOfPage\":{\"@id\":\"https:\\\/\\\/neos-music.com\\\/product\\\/kevin-juillerat-daemmerung\\\/#primaryimage\"},\"image\":{\"@id\":\"https:\\\/\\\/neos-music.com\\\/product\\\/kevin-juillerat-daemmerung\\\/#primaryimage\"},\"thumbnailUrl\":\"https:\\\/\\\/i0.wp.com\\\/neos-music.com\\\/wp-content\\\/uploads\\\/2024\\\/05\\\/NEOS-12402-Juillerat-Cover.jpg?fit=1647%2C1482&ssl=1\",\"datePublished\":\"2024-05-06T09:42:15+00:00\",\"dateModified\":\"2026-01-28T16:42:15+00:00\",\"description\":\"D\u00e4mmerung ist eine wahre Odyssee aus Klang und Dramatik. Es ist die Erkundung eines neuen Klaviers, das durch verschiedene Pr\u00e4parationen verwandelt und durch ein elektronisches Ger\u00e4t, das es buchst\u00e4blich in einen Lautsprecher verwandelt, erweitert wird.\",\"breadcrumb\":{\"@id\":\"https:\\\/\\\/neos-music.com\\\/product\\\/kevin-juillerat-daemmerung\\\/#breadcrumb\"},\"inLanguage\":\"en-US\",\"potentialAction\":[{\"@type\":\"ReadAction\",\"target\":[\"https:\\\/\\\/neos-music.com\\\/product\\\/kevin-juillerat-daemmerung\\\/\"]}]},{\"@type\":\"ImageObject\",\"inLanguage\":\"en-US\",\"@id\":\"https:\\\/\\\/neos-music.com\\\/product\\\/kevin-juillerat-daemmerung\\\/#primaryimage\",\"url\":\"https:\\\/\\\/i0.wp.com\\\/neos-music.com\\\/wp-content\\\/uploads\\\/2024\\\/05\\\/NEOS-12402-Juillerat-Cover.jpg?fit=1647%2C1482&ssl=1\",\"contentUrl\":\"https:\\\/\\\/i0.wp.com\\\/neos-music.com\\\/wp-content\\\/uploads\\\/2024\\\/05\\\/NEOS-12402-Juillerat-Cover.jpg?fit=1647%2C1482&ssl=1\",\"width\":1647,\"height\":1482},{\"@type\":\"BreadcrumbList\",\"@id\":\"https:\\\/\\\/neos-music.com\\\/product\\\/kevin-juillerat-daemmerung\\\/#breadcrumb\",\"itemListElement\":[{\"@type\":\"ListItem\",\"position\":1,\"name\":\"Startseite\",\"item\":\"https:\\\/\\\/neos-music.com\\\/\"},{\"@type\":\"ListItem\",\"position\":2,\"name\":\"Produkte\",\"item\":\"https:\\\/\\\/neos-music.com\\\/shop__trashed\\\/\"},{\"@type\":\"ListItem\",\"position\":3,\"name\":\"Kevin Juillerat: D\u00e4mmerung (f\u00fcnf Sonaten ohne Interludien)\"}]},{\"@type\":\"WebSite\",\"@id\":\"https:\\\/\\\/neos-music.com\\\/#website\",\"url\":\"https:\\\/\\\/neos-music.com\\\/\",\"name\":\"NEOS Music\",\"description\":\"Dein Online Shop f\u00fcr zeitgen\u00f6ssische Musik, Jazz und Classics!\",\"publisher\":{\"@id\":\"https:\\\/\\\/neos-music.com\\\/#organization\"},\"potentialAction\":[{\"@type\":\"SearchAction\",\"target\":{\"@type\":\"EntryPoint\",\"urlTemplate\":\"https:\\\/\\\/neos-music.com\\\/?s={search_term_string}\"},\"query-input\":{\"@type\":\"PropertyValueSpecification\",\"valueRequired\":true,\"valueName\":\"search_term_string\"}}],\"inLanguage\":\"en-US\"},{\"@type\":\"Organization\",\"@id\":\"https:\\\/\\\/neos-music.com\\\/#organization\",\"name\":\"NEOS Music\",\"url\":\"https:\\\/\\\/neos-music.com\\\/\",\"logo\":{\"@type\":\"ImageObject\",\"inLanguage\":\"en-US\",\"@id\":\"https:\\\/\\\/neos-music.com\\\/#\\\/schema\\\/logo\\\/image\\\/\",\"url\":\"https:\\\/\\\/i0.wp.com\\\/neos-music.com\\\/wp-content\\\/uploads\\\/2025\\\/08\\\/NEOS-Logo-weiss.png?fit=800%2C203&ssl=1\",\"contentUrl\":\"https:\\\/\\\/i0.wp.com\\\/neos-music.com\\\/wp-content\\\/uploads\\\/2025\\\/08\\\/NEOS-Logo-weiss.png?fit=800%2C203&ssl=1\",\"width\":800,\"height\":203,\"caption\":\"NEOS Music\"},\"image\":{\"@id\":\"https:\\\/\\\/neos-music.com\\\/#\\\/schema\\\/logo\\\/image\\\/\"}}]}<\/script>\n<!-- \/ Yoast SEO plugin. -->","yoast_head_json":{"title":"Kevin Juillerat: D\u00e4mmerung (f\u00fcnf Sonaten ohne Interludien) - NEOS Music","description":"D\u00e4mmerung ist eine wahre Odyssee aus Klang und Dramatik. Es ist die Erkundung eines neuen Klaviers, das durch verschiedene Pr\u00e4parationen verwandelt und durch ein elektronisches Ger\u00e4t, das es buchst\u00e4blich in einen Lautsprecher verwandelt, erweitert wird.","robots":{"index":"index","follow":"follow","max-snippet":"max-snippet:-1","max-image-preview":"max-image-preview:large","max-video-preview":"max-video-preview:-1"},"canonical":"https:\/\/neos-music.com\/en_us\/product\/kevin-juillerat-daemmerung\/","og_locale":"en_US","og_type":"article","og_title":"Kevin Juillerat: D\u00e4mmerung (f\u00fcnf Sonaten ohne Interludien) - NEOS Music","og_description":"D\u00e4mmerung ist eine wahre Odyssee aus Klang und Dramatik. Es ist die Erkundung eines neuen Klaviers, das durch verschiedene Pr\u00e4parationen verwandelt und durch ein elektronisches Ger\u00e4t, das es buchst\u00e4blich in einen Lautsprecher verwandelt, erweitert wird.","og_url":"https:\/\/neos-music.com\/en_us\/product\/kevin-juillerat-daemmerung\/","og_site_name":"NEOS Music","article_modified_time":"2026-01-28T16:42:15+00:00","og_image":[{"width":1647,"height":1482,"url":"https:\/\/neos-music.com\/wp-content\/uploads\/2024\/05\/NEOS-12402-Juillerat-Cover.jpg","type":"image\/webp"}],"twitter_card":"summary_large_image","twitter_misc":{"Est. reading time":"3 minutes"},"schema":{"@context":"https:\/\/schema.org","@graph":[{"@type":"WebPage","@id":"https:\/\/neos-music.com\/product\/kevin-juillerat-daemmerung\/","url":"https:\/\/neos-music.com\/product\/kevin-juillerat-daemmerung\/","name":"Kevin Juillerat: D\u00e4mmerung (f\u00fcnf Sonaten ohne Interludien) - NEOS Music","isPartOf":{"@id":"https:\/\/neos-music.com\/#website"},"primaryImageOfPage":{"@id":"https:\/\/neos-music.com\/product\/kevin-juillerat-daemmerung\/#primaryimage"},"image":{"@id":"https:\/\/neos-music.com\/product\/kevin-juillerat-daemmerung\/#primaryimage"},"thumbnailUrl":"https:\/\/i0.wp.com\/neos-music.com\/wp-content\/uploads\/2024\/05\/NEOS-12402-Juillerat-Cover.jpg?fit=1647%2C1482&ssl=1","datePublished":"2024-05-06T09:42:15+00:00","dateModified":"2026-01-28T16:42:15+00:00","description":"D\u00e4mmerung ist eine wahre Odyssee aus Klang und Dramatik. Es ist die Erkundung eines neuen Klaviers, das durch verschiedene Pr\u00e4parationen verwandelt und durch ein elektronisches Ger\u00e4t, das es buchst\u00e4blich in einen Lautsprecher verwandelt, erweitert wird.","breadcrumb":{"@id":"https:\/\/neos-music.com\/product\/kevin-juillerat-daemmerung\/#breadcrumb"},"inLanguage":"en-US","potentialAction":[{"@type":"ReadAction","target":["https:\/\/neos-music.com\/product\/kevin-juillerat-daemmerung\/"]}]},{"@type":"ImageObject","inLanguage":"en-US","@id":"https:\/\/neos-music.com\/product\/kevin-juillerat-daemmerung\/#primaryimage","url":"https:\/\/i0.wp.com\/neos-music.com\/wp-content\/uploads\/2024\/05\/NEOS-12402-Juillerat-Cover.jpg?fit=1647%2C1482&ssl=1","contentUrl":"https:\/\/i0.wp.com\/neos-music.com\/wp-content\/uploads\/2024\/05\/NEOS-12402-Juillerat-Cover.jpg?fit=1647%2C1482&ssl=1","width":1647,"height":1482},{"@type":"BreadcrumbList","@id":"https:\/\/neos-music.com\/product\/kevin-juillerat-daemmerung\/#breadcrumb","itemListElement":[{"@type":"ListItem","position":1,"name":"Startseite","item":"https:\/\/neos-music.com\/"},{"@type":"ListItem","position":2,"name":"Produkte","item":"https:\/\/neos-music.com\/shop__trashed\/"},{"@type":"ListItem","position":3,"name":"Kevin Juillerat: D\u00e4mmerung (f\u00fcnf Sonaten ohne Interludien)"}]},{"@type":"WebSite","@id":"https:\/\/neos-music.com\/#website","url":"https:\/\/neos-music.com\/","name":"NEOS Music","description":"Dein Online Shop f\u00fcr zeitgen\u00f6ssische Musik, Jazz und Classics!","publisher":{"@id":"https:\/\/neos-music.com\/#organization"},"potentialAction":[{"@type":"SearchAction","target":{"@type":"EntryPoint","urlTemplate":"https:\/\/neos-music.com\/?s={search_term_string}"},"query-input":{"@type":"PropertyValueSpecification","valueRequired":true,"valueName":"search_term_string"}}],"inLanguage":"en-US"},{"@type":"Organization","@id":"https:\/\/neos-music.com\/#organization","name":"NEOS Music","url":"https:\/\/neos-music.com\/","logo":{"@type":"ImageObject","inLanguage":"en-US","@id":"https:\/\/neos-music.com\/#\/schema\/logo\/image\/","url":"https:\/\/i0.wp.com\/neos-music.com\/wp-content\/uploads\/2025\/08\/NEOS-Logo-weiss.png?fit=800%2C203&ssl=1","contentUrl":"https:\/\/i0.wp.com\/neos-music.com\/wp-content\/uploads\/2025\/08\/NEOS-Logo-weiss.png?fit=800%2C203&ssl=1","width":800,"height":203,"caption":"NEOS Music"},"image":{"@id":"https:\/\/neos-music.com\/#\/schema\/logo\/image\/"}}]}},"jetpack_sharing_enabled":true,"_links":{"self":[{"href":"https:\/\/neos-music.com\/en_us\/wp-json\/wp\/v2\/product\/8369","targetHints":{"allow":["GET"]}}],"collection":[{"href":"https:\/\/neos-music.com\/en_us\/wp-json\/wp\/v2\/product"}],"about":[{"href":"https:\/\/neos-music.com\/en_us\/wp-json\/wp\/v2\/types\/product"}],"version-history":[{"count":11,"href":"https:\/\/neos-music.com\/en_us\/wp-json\/wp\/v2\/product\/8369\/revisions"}],"predecessor-version":[{"id":10315,"href":"https:\/\/neos-music.com\/en_us\/wp-json\/wp\/v2\/product\/8369\/revisions\/10315"}],"wp:featuredmedia":[{"embeddable":true,"href":"https:\/\/neos-music.com\/en_us\/wp-json\/wp\/v2\/media\/8371"}],"wp:attachment":[{"href":"https:\/\/neos-music.com\/en_us\/wp-json\/wp\/v2\/media?parent=8369"}],"wp:term":[{"taxonomy":"product_brand","embeddable":true,"href":"https:\/\/neos-music.com\/en_us\/wp-json\/wp\/v2\/product_brand?post=8369"},{"taxonomy":"product_cat","embeddable":true,"href":"https:\/\/neos-music.com\/en_us\/wp-json\/wp\/v2\/product_cat?post=8369"},{"taxonomy":"product_tag","embeddable":true,"href":"https:\/\/neos-music.com\/en_us\/wp-json\/wp\/v2\/product_tag?post=8369"}],"curies":[{"name":"wp","href":"https:\/\/api.w.org\/{rel}","templated":true}]}}