{"id":8464,"date":"2024-06-20T17:21:36","date_gmt":"2024-06-20T15:21:36","guid":{"rendered":"https:\/\/neos-music.com\/?post_type=product&#038;p=8464"},"modified":"2024-11-05T16:32:42","modified_gmt":"2024-11-05T15:32:42","slug":"nikolaus-brass-works-for-ensemble","status":"publish","type":"product","link":"https:\/\/neos-music.com\/en_us\/product\/nikolaus-brass-works-for-ensemble\/","title":{"rendered":"<span class=\"notranslate\">Nikolaus Brass: Works for Ensemble<\/span>"},"content":{"rendered":"<p><iframe style=\"border-radius: 12px;\" src=\"https:\/\/open.spotify.com\/embed\/album\/7wAXev0beLysbVob2HBpp3?utm_source=generator\" width=\"100%\" height=\"352\" frameborder=\"0\" allowfullscreen=\"allowfullscreen\"><\/iframe><\/p>\n<table style=\"font-weight: 400;\" width=\"703\">\n<tbody>\n<tr>\n<td width=\"378\">Nikolaus Brass hat f\u00fcr diese Produktion eng mit Peter Tilling und seinem ensemble risonanze erranti zusammengearbeitet. So hat Brass das Werk <em>for Tilling \u2013 Capriccio f\u00fcr Cello und kleines Orchester<\/em> eigens f\u00fcr Peter Tilling als Dirigent und Cellist komponiert.<\/p>\n<p>&nbsp;<\/p>\n<p><em>Nikolaus Brass: <\/em>Man k\u00f6nnte sagen, dass St\u00fccke wie <em>Capriccio<\/em> und <em>last verses<\/em> Gegenpole auf einer Skala von m\u00f6glichen kompositorischen Haltungen darstellen. \u00dcber die vielen Jahre der Entstehung der vier St\u00fccke, die wir jetzt aufgenommen haben, hinweg gibt es aber doch deutliche Verbindungen. Immer tauchen Regionen auf, die ich jetzt, in Verlegenheit f\u00fcr einen besseren Ausdruck, \u00bbmusikalische Vakua\u00ab nennen m\u00f6chte, die den Bau des St\u00fcckes quasi durchl\u00f6chern. Momente der Stille, die alles in Frage zu stellen scheinen, wie in <em>Riss \u2013 Schatten \u2013 Sturz. <\/em>[\u2026]<\/p>\n<p>Das j\u00fcngste Werk auf dieser CD ist \u2013 wie im Titel angedeutet \u2013 das Resultat einer doppelten \u00dcberschreibung. Wieder gab es eine \u00e4ltere Vorlage, eine <em>1. Abschrift<\/em>, die nun durch das neue St\u00fcck \u00bbausgel\u00f6scht\u00ab ist. Dieser <em>1. Abschrift<\/em> liegt ein fr\u00fches Duo f\u00fcr Violine und Viola <em>(Dialoghi d\u2019amore II)<\/em> zugrunde. In der im Jahr 2020 komponierten <em>2. Abschrift<\/em> ist dieses Duo mehr als geistiger, denn als musikalischer Bezugspunkt vorhanden. Entstanden ist ein sehr spezieller Klangk\u00f6rper mit einer aus zwei Solisten gebildeten \u00bbBratschen-Geige\u00ab oder \u00bbGeigen-Bratsche\u00ab und einem Ensemble mit Fl\u00f6te, Klarinette, Posaune und Streichquintett. Was mir vorschwebte war wirklich, dass aus den beiden Solo-Instrumenten <em>ein<\/em> Instrument w\u00fcrde. Und aus diesem Hybrid sollte dann der Ensembleklang entstehen.<\/p>\n<p><em>\u00a0<\/em><\/p>\n<p><em>Peter Tilling: <\/em>Meine Vorstellung von Ensemblemusik geht aus von den Werken der 1910er-, 1920er-Jahre, von Sch\u00f6nberg, Hindemith, Krenek, also der Entstehungszeit des \u00bbEnsembles\u00ab. Mit der Gr\u00fcndung unseres ensemble risonanze erranti wollte ich mich konkret auf diese historischen Wurzeln beziehen, was den Klang und die Form betrifft, also auf eine Tradition der geschlossenen Form. Vor allem war es mein Ziel, einen neuen, \u00bbsymphonischen\u00ab Ensembleklang zu kreieren, durchaus im Gegensatz zur aktuellen <span style=\"font-size: 16px; font-family: inherit;\">Ensemble-\u00c4sthetik. Das zeigt sich auch in unserer Besetzung, bei welcher Harfe, Celesta und tiefe Instrumente wie Altfl\u00f6te, Englischhorn und Bassklarinette eine zentrale Rolle spielen. Die Neue Musik liebt die hohen Register, mit den tiefen Kl\u00e4ngen setzen sich die wenigsten auseinander. Seit unserer Gr\u00fcndung habe ich bei der Vergabe von Kompositionsauftr\u00e4gen immer wieder die Komponistinnen und Komponisten dazu animiert, sich diesem Klangbild zu widmen, in welchem die Instrumentalfarben integriert und ausgeh\u00f6rt sind.<\/span><\/p>\n<div>\n<p class=\"KeinAbsatzformat\"><i>\u00a0<\/i><\/p>\n<\/div>\n<div><i>(Aus einem Gespr\u00e4ch f\u00fcr das CD-Booklet zwischen Nikolaus Brass und Peter Tilling.)<\/i><\/div>\n<\/td>\n<\/tr>\n<\/tbody>\n<\/table>\n","protected":false},"excerpt":{"rendered":"<p>1 CD<\/p>","protected":false},"featured_media":8466,"template":"","meta":{"site-sidebar-layout":"default","site-content-layout":"default","ast-site-content-layout":"default","site-content-style":"default","site-sidebar-style":"default","ast-global-header-display":"","ast-banner-title-visibility":"","ast-main-header-display":"","ast-hfb-above-header-display":"","ast-hfb-below-header-display":"","ast-hfb-mobile-header-display":"","site-post-title":"","ast-breadcrumbs-content":"","ast-featured-img":"","footer-sml-layout":"","theme-transparent-header-meta":"default","adv-header-id-meta":"","stick-header-meta":"","header-above-stick-meta":"","header-main-stick-meta":"","header-below-stick-meta":"","astra-migrate-meta-layouts":"set","ast-page-background-enabled":"default","ast-page-background-meta":{"desktop":{"background-color":"","background-image":"","background-repeat":"repeat","background-position":"center center","background-size":"auto","background-attachment":"scroll","background-type":"","background-media":"","overlay-type":"","overlay-color":"","overlay-opacity":"","overlay-gradient":""},"tablet":{"background-color":"","background-image":"","background-repeat":"repeat","background-position":"center center","background-size":"auto","background-attachment":"scroll","background-type":"","background-media":"","overlay-type":"","overlay-color":"","overlay-opacity":"","overlay-gradient":""},"mobile":{"background-color":"","background-image":"","background-repeat":"repeat","background-position":"center center","background-size":"auto","background-attachment":"scroll","background-type":"","background-media":"","overlay-type":"","overlay-color":"","overlay-opacity":"","overlay-gradient":""}},"ast-content-background-meta":{"desktop":{"background-color":"var(--ast-global-color-5)","background-image":"","background-repeat":"repeat","background-position":"center center","background-size":"auto","background-attachment":"scroll","background-type":"","background-media":"","overlay-type":"","overlay-color":"","overlay-opacity":"","overlay-gradient":""},"tablet":{"background-color":"var(--ast-global-color-5)","background-image":"","background-repeat":"repeat","background-position":"center center","background-size":"auto","background-attachment":"scroll","background-type":"","background-media":"","overlay-type":"","overlay-color":"","overlay-opacity":"","overlay-gradient":""},"mobile":{"background-color":"var(--ast-global-color-5)","background-image":"","background-repeat":"repeat","background-position":"center center","background-size":"auto","background-attachment":"scroll","background-type":"","background-media":"","overlay-type":"","overlay-color":"","overlay-opacity":"","overlay-gradient":""}}},"product_brand":[],"product_cat":[26],"product_tag":[876],"class_list":{"0":"post-8464","1":"product","2":"type-product","3":"status-publish","4":"has-post-thumbnail","6":"product_cat-zeitgenossische-musik","7":"product_tag-neuveroeffentlichungen","8":"desktop-align-left","9":"tablet-align-left","10":"mobile-align-left","12":"first","13":"instock","14":"taxable","15":"shipping-taxable","16":"purchasable","17":"product-type-simple"},"yoast_head":"<!-- This site is optimized with the Yoast SEO plugin v27.4 - https:\/\/yoast.com\/product\/yoast-seo-wordpress\/ -->\n<title>Nikolaus Brass: Works for Ensemble - NEOS Music<\/title>\n<meta name=\"description\" content=\"Nikolaus Brass hat f\u00fcr diese Produktion eng mit Peter Tilling und seinem ensemble risonanze erranti zusammengearbeitet. So hat Brass das Werk for Tilling \u2013 Capriccio f\u00fcr Cello und kleines Orchester eigens f\u00fcr Peter Tilling als Dirigent und Cellist komponiert.\" \/>\n<meta name=\"robots\" content=\"index, follow, max-snippet:-1, max-image-preview:large, max-video-preview:-1\" \/>\n<link rel=\"canonical\" href=\"https:\/\/neos-music.com\/en_us\/product\/nikolaus-brass-works-for-ensemble\/\" \/>\n<meta property=\"og:locale\" content=\"en_US\" \/>\n<meta property=\"og:type\" content=\"article\" \/>\n<meta property=\"og:title\" content=\"Nikolaus Brass: Works for Ensemble - NEOS Music\" \/>\n<meta property=\"og:description\" content=\"Nikolaus Brass hat f\u00fcr diese Produktion eng mit Peter Tilling und seinem ensemble risonanze erranti zusammengearbeitet. So hat Brass das Werk for Tilling \u2013 Capriccio f\u00fcr Cello und kleines Orchester eigens f\u00fcr Peter Tilling als Dirigent und Cellist komponiert.\" \/>\n<meta property=\"og:url\" content=\"https:\/\/neos-music.com\/en_us\/product\/nikolaus-brass-works-for-ensemble\/\" \/>\n<meta property=\"og:site_name\" content=\"NEOS Music\" \/>\n<meta property=\"article:modified_time\" content=\"2024-11-05T15:32:42+00:00\" \/>\n<meta property=\"og:image\" content=\"https:\/\/neos-music.com\/wp-content\/uploads\/2024\/06\/NEOS-12421-Brass-Cover.jpg\" \/>\n\t<meta property=\"og:image:width\" content=\"1649\" \/>\n\t<meta property=\"og:image:height\" content=\"1483\" \/>\n\t<meta property=\"og:image:type\" content=\"image\/webp\" \/>\n<meta name=\"twitter:card\" content=\"summary_large_image\" \/>\n<meta name=\"twitter:label1\" content=\"Est. reading time\" \/>\n\t<meta name=\"twitter:data1\" content=\"3 minutes\" \/>\n<script type=\"application\/ld+json\" class=\"yoast-schema-graph\">{\"@context\":\"https:\\\/\\\/schema.org\",\"@graph\":[{\"@type\":\"WebPage\",\"@id\":\"https:\\\/\\\/neos-music.com\\\/product\\\/nikolaus-brass-works-for-ensemble\\\/\",\"url\":\"https:\\\/\\\/neos-music.com\\\/product\\\/nikolaus-brass-works-for-ensemble\\\/\",\"name\":\"Nikolaus Brass: Works for Ensemble - NEOS Music\",\"isPartOf\":{\"@id\":\"https:\\\/\\\/neos-music.com\\\/#website\"},\"primaryImageOfPage\":{\"@id\":\"https:\\\/\\\/neos-music.com\\\/product\\\/nikolaus-brass-works-for-ensemble\\\/#primaryimage\"},\"image\":{\"@id\":\"https:\\\/\\\/neos-music.com\\\/product\\\/nikolaus-brass-works-for-ensemble\\\/#primaryimage\"},\"thumbnailUrl\":\"https:\\\/\\\/i0.wp.com\\\/neos-music.com\\\/wp-content\\\/uploads\\\/2024\\\/06\\\/NEOS-12421-Brass-Cover.jpg?fit=1649%2C1483&ssl=1\",\"datePublished\":\"2024-06-20T15:21:36+00:00\",\"dateModified\":\"2024-11-05T15:32:42+00:00\",\"description\":\"Nikolaus Brass hat f\u00fcr diese Produktion eng mit Peter Tilling und seinem ensemble risonanze erranti zusammengearbeitet. So hat Brass das Werk for Tilling \u2013 Capriccio f\u00fcr Cello und kleines Orchester eigens f\u00fcr Peter Tilling als Dirigent und Cellist komponiert.\",\"breadcrumb\":{\"@id\":\"https:\\\/\\\/neos-music.com\\\/product\\\/nikolaus-brass-works-for-ensemble\\\/#breadcrumb\"},\"inLanguage\":\"en-US\",\"potentialAction\":[{\"@type\":\"ReadAction\",\"target\":[\"https:\\\/\\\/neos-music.com\\\/product\\\/nikolaus-brass-works-for-ensemble\\\/\"]}]},{\"@type\":\"ImageObject\",\"inLanguage\":\"en-US\",\"@id\":\"https:\\\/\\\/neos-music.com\\\/product\\\/nikolaus-brass-works-for-ensemble\\\/#primaryimage\",\"url\":\"https:\\\/\\\/i0.wp.com\\\/neos-music.com\\\/wp-content\\\/uploads\\\/2024\\\/06\\\/NEOS-12421-Brass-Cover.jpg?fit=1649%2C1483&ssl=1\",\"contentUrl\":\"https:\\\/\\\/i0.wp.com\\\/neos-music.com\\\/wp-content\\\/uploads\\\/2024\\\/06\\\/NEOS-12421-Brass-Cover.jpg?fit=1649%2C1483&ssl=1\",\"width\":1649,\"height\":1483},{\"@type\":\"BreadcrumbList\",\"@id\":\"https:\\\/\\\/neos-music.com\\\/product\\\/nikolaus-brass-works-for-ensemble\\\/#breadcrumb\",\"itemListElement\":[{\"@type\":\"ListItem\",\"position\":1,\"name\":\"Startseite\",\"item\":\"https:\\\/\\\/neos-music.com\\\/\"},{\"@type\":\"ListItem\",\"position\":2,\"name\":\"Produkte\",\"item\":\"https:\\\/\\\/neos-music.com\\\/shop__trashed\\\/\"},{\"@type\":\"ListItem\",\"position\":3,\"name\":\"Nikolaus Brass: Works for Ensemble\"}]},{\"@type\":\"WebSite\",\"@id\":\"https:\\\/\\\/neos-music.com\\\/#website\",\"url\":\"https:\\\/\\\/neos-music.com\\\/\",\"name\":\"NEOS Music\",\"description\":\"Dein Online Shop f\u00fcr zeitgen\u00f6ssische Musik, Jazz und Classics!\",\"publisher\":{\"@id\":\"https:\\\/\\\/neos-music.com\\\/#organization\"},\"potentialAction\":[{\"@type\":\"SearchAction\",\"target\":{\"@type\":\"EntryPoint\",\"urlTemplate\":\"https:\\\/\\\/neos-music.com\\\/?s={search_term_string}\"},\"query-input\":{\"@type\":\"PropertyValueSpecification\",\"valueRequired\":true,\"valueName\":\"search_term_string\"}}],\"inLanguage\":\"en-US\"},{\"@type\":\"Organization\",\"@id\":\"https:\\\/\\\/neos-music.com\\\/#organization\",\"name\":\"NEOS Music\",\"url\":\"https:\\\/\\\/neos-music.com\\\/\",\"logo\":{\"@type\":\"ImageObject\",\"inLanguage\":\"en-US\",\"@id\":\"https:\\\/\\\/neos-music.com\\\/#\\\/schema\\\/logo\\\/image\\\/\",\"url\":\"https:\\\/\\\/i0.wp.com\\\/neos-music.com\\\/wp-content\\\/uploads\\\/2025\\\/08\\\/NEOS-Logo-weiss.png?fit=800%2C203&ssl=1\",\"contentUrl\":\"https:\\\/\\\/i0.wp.com\\\/neos-music.com\\\/wp-content\\\/uploads\\\/2025\\\/08\\\/NEOS-Logo-weiss.png?fit=800%2C203&ssl=1\",\"width\":800,\"height\":203,\"caption\":\"NEOS Music\"},\"image\":{\"@id\":\"https:\\\/\\\/neos-music.com\\\/#\\\/schema\\\/logo\\\/image\\\/\"}}]}<\/script>\n<!-- \/ Yoast SEO plugin. -->","yoast_head_json":{"title":"Nikolaus Brass: Works for Ensemble - NEOS Music","description":"Nikolaus Brass hat f\u00fcr diese Produktion eng mit Peter Tilling und seinem ensemble risonanze erranti zusammengearbeitet. So hat Brass das Werk for Tilling \u2013 Capriccio f\u00fcr Cello und kleines Orchester eigens f\u00fcr Peter Tilling als Dirigent und Cellist komponiert.","robots":{"index":"index","follow":"follow","max-snippet":"max-snippet:-1","max-image-preview":"max-image-preview:large","max-video-preview":"max-video-preview:-1"},"canonical":"https:\/\/neos-music.com\/en_us\/product\/nikolaus-brass-works-for-ensemble\/","og_locale":"en_US","og_type":"article","og_title":"Nikolaus Brass: Works for Ensemble - NEOS Music","og_description":"Nikolaus Brass hat f\u00fcr diese Produktion eng mit Peter Tilling und seinem ensemble risonanze erranti zusammengearbeitet. So hat Brass das Werk for Tilling \u2013 Capriccio f\u00fcr Cello und kleines Orchester eigens f\u00fcr Peter Tilling als Dirigent und Cellist komponiert.","og_url":"https:\/\/neos-music.com\/en_us\/product\/nikolaus-brass-works-for-ensemble\/","og_site_name":"NEOS Music","article_modified_time":"2024-11-05T15:32:42+00:00","og_image":[{"width":1649,"height":1483,"url":"https:\/\/neos-music.com\/wp-content\/uploads\/2024\/06\/NEOS-12421-Brass-Cover.jpg","type":"image\/webp"}],"twitter_card":"summary_large_image","twitter_misc":{"Est. reading time":"3 minutes"},"schema":{"@context":"https:\/\/schema.org","@graph":[{"@type":"WebPage","@id":"https:\/\/neos-music.com\/product\/nikolaus-brass-works-for-ensemble\/","url":"https:\/\/neos-music.com\/product\/nikolaus-brass-works-for-ensemble\/","name":"Nikolaus Brass: Works for Ensemble - NEOS Music","isPartOf":{"@id":"https:\/\/neos-music.com\/#website"},"primaryImageOfPage":{"@id":"https:\/\/neos-music.com\/product\/nikolaus-brass-works-for-ensemble\/#primaryimage"},"image":{"@id":"https:\/\/neos-music.com\/product\/nikolaus-brass-works-for-ensemble\/#primaryimage"},"thumbnailUrl":"https:\/\/i0.wp.com\/neos-music.com\/wp-content\/uploads\/2024\/06\/NEOS-12421-Brass-Cover.jpg?fit=1649%2C1483&ssl=1","datePublished":"2024-06-20T15:21:36+00:00","dateModified":"2024-11-05T15:32:42+00:00","description":"Nikolaus Brass hat f\u00fcr diese Produktion eng mit Peter Tilling und seinem ensemble risonanze erranti zusammengearbeitet. So hat Brass das Werk for Tilling \u2013 Capriccio f\u00fcr Cello und kleines Orchester eigens f\u00fcr Peter Tilling als Dirigent und Cellist komponiert.","breadcrumb":{"@id":"https:\/\/neos-music.com\/product\/nikolaus-brass-works-for-ensemble\/#breadcrumb"},"inLanguage":"en-US","potentialAction":[{"@type":"ReadAction","target":["https:\/\/neos-music.com\/product\/nikolaus-brass-works-for-ensemble\/"]}]},{"@type":"ImageObject","inLanguage":"en-US","@id":"https:\/\/neos-music.com\/product\/nikolaus-brass-works-for-ensemble\/#primaryimage","url":"https:\/\/i0.wp.com\/neos-music.com\/wp-content\/uploads\/2024\/06\/NEOS-12421-Brass-Cover.jpg?fit=1649%2C1483&ssl=1","contentUrl":"https:\/\/i0.wp.com\/neos-music.com\/wp-content\/uploads\/2024\/06\/NEOS-12421-Brass-Cover.jpg?fit=1649%2C1483&ssl=1","width":1649,"height":1483},{"@type":"BreadcrumbList","@id":"https:\/\/neos-music.com\/product\/nikolaus-brass-works-for-ensemble\/#breadcrumb","itemListElement":[{"@type":"ListItem","position":1,"name":"Startseite","item":"https:\/\/neos-music.com\/"},{"@type":"ListItem","position":2,"name":"Produkte","item":"https:\/\/neos-music.com\/shop__trashed\/"},{"@type":"ListItem","position":3,"name":"Nikolaus Brass: Works for Ensemble"}]},{"@type":"WebSite","@id":"https:\/\/neos-music.com\/#website","url":"https:\/\/neos-music.com\/","name":"NEOS Music","description":"Dein Online Shop f\u00fcr zeitgen\u00f6ssische Musik, Jazz und Classics!","publisher":{"@id":"https:\/\/neos-music.com\/#organization"},"potentialAction":[{"@type":"SearchAction","target":{"@type":"EntryPoint","urlTemplate":"https:\/\/neos-music.com\/?s={search_term_string}"},"query-input":{"@type":"PropertyValueSpecification","valueRequired":true,"valueName":"search_term_string"}}],"inLanguage":"en-US"},{"@type":"Organization","@id":"https:\/\/neos-music.com\/#organization","name":"NEOS Music","url":"https:\/\/neos-music.com\/","logo":{"@type":"ImageObject","inLanguage":"en-US","@id":"https:\/\/neos-music.com\/#\/schema\/logo\/image\/","url":"https:\/\/i0.wp.com\/neos-music.com\/wp-content\/uploads\/2025\/08\/NEOS-Logo-weiss.png?fit=800%2C203&ssl=1","contentUrl":"https:\/\/i0.wp.com\/neos-music.com\/wp-content\/uploads\/2025\/08\/NEOS-Logo-weiss.png?fit=800%2C203&ssl=1","width":800,"height":203,"caption":"NEOS Music"},"image":{"@id":"https:\/\/neos-music.com\/#\/schema\/logo\/image\/"}}]}},"jetpack_sharing_enabled":true,"_links":{"self":[{"href":"https:\/\/neos-music.com\/en_us\/wp-json\/wp\/v2\/product\/8464","targetHints":{"allow":["GET"]}}],"collection":[{"href":"https:\/\/neos-music.com\/en_us\/wp-json\/wp\/v2\/product"}],"about":[{"href":"https:\/\/neos-music.com\/en_us\/wp-json\/wp\/v2\/types\/product"}],"version-history":[{"count":4,"href":"https:\/\/neos-music.com\/en_us\/wp-json\/wp\/v2\/product\/8464\/revisions"}],"predecessor-version":[{"id":8814,"href":"https:\/\/neos-music.com\/en_us\/wp-json\/wp\/v2\/product\/8464\/revisions\/8814"}],"wp:featuredmedia":[{"embeddable":true,"href":"https:\/\/neos-music.com\/en_us\/wp-json\/wp\/v2\/media\/8466"}],"wp:attachment":[{"href":"https:\/\/neos-music.com\/en_us\/wp-json\/wp\/v2\/media?parent=8464"}],"wp:term":[{"taxonomy":"product_brand","embeddable":true,"href":"https:\/\/neos-music.com\/en_us\/wp-json\/wp\/v2\/product_brand?post=8464"},{"taxonomy":"product_cat","embeddable":true,"href":"https:\/\/neos-music.com\/en_us\/wp-json\/wp\/v2\/product_cat?post=8464"},{"taxonomy":"product_tag","embeddable":true,"href":"https:\/\/neos-music.com\/en_us\/wp-json\/wp\/v2\/product_tag?post=8464"}],"curies":[{"name":"wp","href":"https:\/\/api.w.org\/{rel}","templated":true}]}}