{"id":8470,"date":"2024-06-20T17:20:30","date_gmt":"2024-06-20T15:20:30","guid":{"rendered":"https:\/\/neos-music.com\/?post_type=product&#038;p=8470"},"modified":"2024-07-26T11:41:19","modified_gmt":"2024-07-26T09:41:19","slug":"ernst-helmuth-flammer-string-quartets-nos-2-3-7","status":"publish","type":"product","link":"https:\/\/neos-music.com\/en_us\/product\/ernst-helmuth-flammer-string-quartets-nos-2-3-7\/","title":{"rendered":"<span class=\"notranslate\">Ernst Helmuth Flammer: String Quartets Nos. 2, 3 &#038; 7<\/span>"},"content":{"rendered":"<p class=\"translation-block\">&lt;emString Quartets Nos. 2, 3<\/em> and <em>7<\/em> span a large period of time in my compositional activity, which might suggest diversity as a result of the large time gap. But they are not so different. It is only in the diversity of the shaping of time that they are perceived differently. What all the works have in common is that they have a clear architectural form, which is only obscured by the simultaneity of different layers of time and their different speeds of progression. This layering creates a structural complexity that eludes immediate listening. All these string quartets are also similar in that they mark the end of respective sections of work or even creative periods. As the supreme discipline of all musical genres, their perfection allows for the highest quality aesthetic expression of a musical idea. The string quartet completely rejects the primarily and foremost zeitgeist-oriented formulation of musical processes based solely on quantity. \n Composing for a string quartet is necessarily heterogeneous and discontinuous, rather than linearly redundant and abbreviated. Beethoven's <em>Great Fugue<\/em> is paradigmatic for this \u201cfinal\u201d finding. As a composer, I have made use of this insight and pursued it as a guideline for an empathetic discourse when composing string quartets in a discipline that continues to fascinate me.<\/p>\n<p class=\"translation-block\"><em>String Quartet No. 7<\/em> is a commission from the NeoQuartet in Gda\u0144sk, financed by the Ernst von Siemens Music Foundation. It is dedicated to the excellent NeoQuartet.<\/p>\n<p><em><em>Ernst Helmuth Flammer<\/em><\/em><\/p>","protected":false},"excerpt":{"rendered":"<p>1 CD<\/p>","protected":false},"featured_media":8472,"template":"","meta":{"site-sidebar-layout":"default","site-content-layout":"default","ast-site-content-layout":"default","site-content-style":"default","site-sidebar-style":"default","ast-global-header-display":"","ast-banner-title-visibility":"","ast-main-header-display":"","ast-hfb-above-header-display":"","ast-hfb-below-header-display":"","ast-hfb-mobile-header-display":"","site-post-title":"","ast-breadcrumbs-content":"","ast-featured-img":"","footer-sml-layout":"","theme-transparent-header-meta":"default","adv-header-id-meta":"","stick-header-meta":"","header-above-stick-meta":"","header-main-stick-meta":"","header-below-stick-meta":"","astra-migrate-meta-layouts":"set","ast-page-background-enabled":"default","ast-page-background-meta":{"desktop":{"background-color":"","background-image":"","background-repeat":"repeat","background-position":"center center","background-size":"auto","background-attachment":"scroll","background-type":"","background-media":"","overlay-type":"","overlay-color":"","overlay-opacity":"","overlay-gradient":""},"tablet":{"background-color":"","background-image":"","background-repeat":"repeat","background-position":"center center","background-size":"auto","background-attachment":"scroll","background-type":"","background-media":"","overlay-type":"","overlay-color":"","overlay-opacity":"","overlay-gradient":""},"mobile":{"background-color":"","background-image":"","background-repeat":"repeat","background-position":"center center","background-size":"auto","background-attachment":"scroll","background-type":"","background-media":"","overlay-type":"","overlay-color":"","overlay-opacity":"","overlay-gradient":""}},"ast-content-background-meta":{"desktop":{"background-color":"var(--ast-global-color-5)","background-image":"","background-repeat":"repeat","background-position":"center center","background-size":"auto","background-attachment":"scroll","background-type":"","background-media":"","overlay-type":"","overlay-color":"","overlay-opacity":"","overlay-gradient":""},"tablet":{"background-color":"var(--ast-global-color-5)","background-image":"","background-repeat":"repeat","background-position":"center center","background-size":"auto","background-attachment":"scroll","background-type":"","background-media":"","overlay-type":"","overlay-color":"","overlay-opacity":"","overlay-gradient":""},"mobile":{"background-color":"var(--ast-global-color-5)","background-image":"","background-repeat":"repeat","background-position":"center center","background-size":"auto","background-attachment":"scroll","background-type":"","background-media":"","overlay-type":"","overlay-color":"","overlay-opacity":"","overlay-gradient":""}}},"product_brand":[],"product_cat":[26],"product_tag":[876],"class_list":{"0":"post-8470","1":"product","2":"type-product","3":"status-publish","4":"has-post-thumbnail","6":"product_cat-zeitgenossische-musik","7":"product_tag-neuveroeffentlichungen","8":"desktop-align-left","9":"tablet-align-left","10":"mobile-align-left","12":"first","13":"instock","14":"taxable","15":"shipping-taxable","16":"purchasable","17":"product-type-simple"},"yoast_head":"<!-- This site is optimized with the Yoast SEO plugin v27.4 - https:\/\/yoast.com\/product\/yoast-seo-wordpress\/ -->\n<title>Ernst Helmuth Flammer: String Quartets Nos. 2, 3 &amp; 7 - NEOS Music<\/title>\n<meta name=\"description\" content=\"Die Streichquartette Nr. 2, 3 und 7 umspannen einen gro\u00dfen zeitlichen Schaffensbereich in meiner kompositorischen T\u00e4tigkeit, was Verschiedenheit in Folge des gro\u00dfen Zeitsprungs mutma\u00dfen lie\u00dfe. Doch so verschieden sind sie gar nicht.\" \/>\n<meta name=\"robots\" content=\"index, follow, max-snippet:-1, max-image-preview:large, max-video-preview:-1\" \/>\n<link rel=\"canonical\" href=\"https:\/\/neos-music.com\/en_us\/product\/ernst-helmuth-flammer-string-quartets-nos-2-3-7\/\" \/>\n<meta property=\"og:locale\" content=\"en_US\" \/>\n<meta property=\"og:type\" content=\"article\" \/>\n<meta property=\"og:title\" content=\"Ernst Helmuth Flammer: String Quartets Nos. 2, 3 &amp; 7 - NEOS Music\" \/>\n<meta property=\"og:description\" content=\"Die Streichquartette Nr. 2, 3 und 7 umspannen einen gro\u00dfen zeitlichen Schaffensbereich in meiner kompositorischen T\u00e4tigkeit, was Verschiedenheit in Folge des gro\u00dfen Zeitsprungs mutma\u00dfen lie\u00dfe. Doch so verschieden sind sie gar nicht.\" \/>\n<meta property=\"og:url\" content=\"https:\/\/neos-music.com\/en_us\/product\/ernst-helmuth-flammer-string-quartets-nos-2-3-7\/\" \/>\n<meta property=\"og:site_name\" content=\"NEOS Music\" \/>\n<meta property=\"article:modified_time\" content=\"2024-07-26T09:41:19+00:00\" \/>\n<meta property=\"og:image\" content=\"https:\/\/neos-music.com\/wp-content\/uploads\/2024\/06\/NEOS-12420-Flammer-Cover.jpg\" \/>\n\t<meta property=\"og:image:width\" content=\"1649\" \/>\n\t<meta property=\"og:image:height\" content=\"1483\" \/>\n\t<meta property=\"og:image:type\" content=\"image\/webp\" \/>\n<meta name=\"twitter:card\" content=\"summary_large_image\" \/>\n<meta name=\"twitter:label1\" content=\"Est. reading time\" \/>\n\t<meta name=\"twitter:data1\" content=\"2 minutes\" \/>\n<script type=\"application\/ld+json\" class=\"yoast-schema-graph\">{\"@context\":\"https:\\\/\\\/schema.org\",\"@graph\":[{\"@type\":\"WebPage\",\"@id\":\"https:\\\/\\\/neos-music.com\\\/product\\\/ernst-helmuth-flammer-string-quartets-nos-2-3-7\\\/\",\"url\":\"https:\\\/\\\/neos-music.com\\\/product\\\/ernst-helmuth-flammer-string-quartets-nos-2-3-7\\\/\",\"name\":\"Ernst Helmuth Flammer: String Quartets Nos. 2, 3 & 7 - NEOS Music\",\"isPartOf\":{\"@id\":\"https:\\\/\\\/neos-music.com\\\/#website\"},\"primaryImageOfPage\":{\"@id\":\"https:\\\/\\\/neos-music.com\\\/product\\\/ernst-helmuth-flammer-string-quartets-nos-2-3-7\\\/#primaryimage\"},\"image\":{\"@id\":\"https:\\\/\\\/neos-music.com\\\/product\\\/ernst-helmuth-flammer-string-quartets-nos-2-3-7\\\/#primaryimage\"},\"thumbnailUrl\":\"https:\\\/\\\/i0.wp.com\\\/neos-music.com\\\/wp-content\\\/uploads\\\/2024\\\/06\\\/NEOS-12420-Flammer-Cover.jpg?fit=1649%2C1483&ssl=1\",\"datePublished\":\"2024-06-20T15:20:30+00:00\",\"dateModified\":\"2024-07-26T09:41:19+00:00\",\"description\":\"Die Streichquartette Nr. 2, 3 und 7 umspannen einen gro\u00dfen zeitlichen Schaffensbereich in meiner kompositorischen T\u00e4tigkeit, was Verschiedenheit in Folge des gro\u00dfen Zeitsprungs mutma\u00dfen lie\u00dfe. Doch so verschieden sind sie gar nicht.\",\"breadcrumb\":{\"@id\":\"https:\\\/\\\/neos-music.com\\\/product\\\/ernst-helmuth-flammer-string-quartets-nos-2-3-7\\\/#breadcrumb\"},\"inLanguage\":\"en-US\",\"potentialAction\":[{\"@type\":\"ReadAction\",\"target\":[\"https:\\\/\\\/neos-music.com\\\/product\\\/ernst-helmuth-flammer-string-quartets-nos-2-3-7\\\/\"]}]},{\"@type\":\"ImageObject\",\"inLanguage\":\"en-US\",\"@id\":\"https:\\\/\\\/neos-music.com\\\/product\\\/ernst-helmuth-flammer-string-quartets-nos-2-3-7\\\/#primaryimage\",\"url\":\"https:\\\/\\\/i0.wp.com\\\/neos-music.com\\\/wp-content\\\/uploads\\\/2024\\\/06\\\/NEOS-12420-Flammer-Cover.jpg?fit=1649%2C1483&ssl=1\",\"contentUrl\":\"https:\\\/\\\/i0.wp.com\\\/neos-music.com\\\/wp-content\\\/uploads\\\/2024\\\/06\\\/NEOS-12420-Flammer-Cover.jpg?fit=1649%2C1483&ssl=1\",\"width\":1649,\"height\":1483},{\"@type\":\"BreadcrumbList\",\"@id\":\"https:\\\/\\\/neos-music.com\\\/product\\\/ernst-helmuth-flammer-string-quartets-nos-2-3-7\\\/#breadcrumb\",\"itemListElement\":[{\"@type\":\"ListItem\",\"position\":1,\"name\":\"Startseite\",\"item\":\"https:\\\/\\\/neos-music.com\\\/\"},{\"@type\":\"ListItem\",\"position\":2,\"name\":\"Produkte\",\"item\":\"https:\\\/\\\/neos-music.com\\\/shop__trashed\\\/\"},{\"@type\":\"ListItem\",\"position\":3,\"name\":\"Ernst Helmuth Flammer: String Quartets Nos. 2, 3 &#038; 7\"}]},{\"@type\":\"WebSite\",\"@id\":\"https:\\\/\\\/neos-music.com\\\/#website\",\"url\":\"https:\\\/\\\/neos-music.com\\\/\",\"name\":\"NEOS Music\",\"description\":\"Dein Online Shop f\u00fcr zeitgen\u00f6ssische Musik, Jazz und Classics!\",\"publisher\":{\"@id\":\"https:\\\/\\\/neos-music.com\\\/#organization\"},\"potentialAction\":[{\"@type\":\"SearchAction\",\"target\":{\"@type\":\"EntryPoint\",\"urlTemplate\":\"https:\\\/\\\/neos-music.com\\\/?s={search_term_string}\"},\"query-input\":{\"@type\":\"PropertyValueSpecification\",\"valueRequired\":true,\"valueName\":\"search_term_string\"}}],\"inLanguage\":\"en-US\"},{\"@type\":\"Organization\",\"@id\":\"https:\\\/\\\/neos-music.com\\\/#organization\",\"name\":\"NEOS Music\",\"url\":\"https:\\\/\\\/neos-music.com\\\/\",\"logo\":{\"@type\":\"ImageObject\",\"inLanguage\":\"en-US\",\"@id\":\"https:\\\/\\\/neos-music.com\\\/#\\\/schema\\\/logo\\\/image\\\/\",\"url\":\"https:\\\/\\\/i0.wp.com\\\/neos-music.com\\\/wp-content\\\/uploads\\\/2025\\\/08\\\/NEOS-Logo-weiss.png?fit=800%2C203&ssl=1\",\"contentUrl\":\"https:\\\/\\\/i0.wp.com\\\/neos-music.com\\\/wp-content\\\/uploads\\\/2025\\\/08\\\/NEOS-Logo-weiss.png?fit=800%2C203&ssl=1\",\"width\":800,\"height\":203,\"caption\":\"NEOS Music\"},\"image\":{\"@id\":\"https:\\\/\\\/neos-music.com\\\/#\\\/schema\\\/logo\\\/image\\\/\"}}]}<\/script>\n<!-- \/ Yoast SEO plugin. -->","yoast_head_json":{"title":"Ernst Helmuth Flammer: String Quartets Nos. 2, 3 & 7 - NEOS Music","description":"Die Streichquartette Nr. 2, 3 und 7 umspannen einen gro\u00dfen zeitlichen Schaffensbereich in meiner kompositorischen T\u00e4tigkeit, was Verschiedenheit in Folge des gro\u00dfen Zeitsprungs mutma\u00dfen lie\u00dfe. Doch so verschieden sind sie gar nicht.","robots":{"index":"index","follow":"follow","max-snippet":"max-snippet:-1","max-image-preview":"max-image-preview:large","max-video-preview":"max-video-preview:-1"},"canonical":"https:\/\/neos-music.com\/en_us\/product\/ernst-helmuth-flammer-string-quartets-nos-2-3-7\/","og_locale":"en_US","og_type":"article","og_title":"Ernst Helmuth Flammer: String Quartets Nos. 2, 3 & 7 - NEOS Music","og_description":"Die Streichquartette Nr. 2, 3 und 7 umspannen einen gro\u00dfen zeitlichen Schaffensbereich in meiner kompositorischen T\u00e4tigkeit, was Verschiedenheit in Folge des gro\u00dfen Zeitsprungs mutma\u00dfen lie\u00dfe. Doch so verschieden sind sie gar nicht.","og_url":"https:\/\/neos-music.com\/en_us\/product\/ernst-helmuth-flammer-string-quartets-nos-2-3-7\/","og_site_name":"NEOS Music","article_modified_time":"2024-07-26T09:41:19+00:00","og_image":[{"width":1649,"height":1483,"url":"https:\/\/neos-music.com\/wp-content\/uploads\/2024\/06\/NEOS-12420-Flammer-Cover.jpg","type":"image\/webp"}],"twitter_card":"summary_large_image","twitter_misc":{"Est. reading time":"2 minutes"},"schema":{"@context":"https:\/\/schema.org","@graph":[{"@type":"WebPage","@id":"https:\/\/neos-music.com\/product\/ernst-helmuth-flammer-string-quartets-nos-2-3-7\/","url":"https:\/\/neos-music.com\/product\/ernst-helmuth-flammer-string-quartets-nos-2-3-7\/","name":"Ernst Helmuth Flammer: String Quartets Nos. 2, 3 & 7 - NEOS Music","isPartOf":{"@id":"https:\/\/neos-music.com\/#website"},"primaryImageOfPage":{"@id":"https:\/\/neos-music.com\/product\/ernst-helmuth-flammer-string-quartets-nos-2-3-7\/#primaryimage"},"image":{"@id":"https:\/\/neos-music.com\/product\/ernst-helmuth-flammer-string-quartets-nos-2-3-7\/#primaryimage"},"thumbnailUrl":"https:\/\/i0.wp.com\/neos-music.com\/wp-content\/uploads\/2024\/06\/NEOS-12420-Flammer-Cover.jpg?fit=1649%2C1483&ssl=1","datePublished":"2024-06-20T15:20:30+00:00","dateModified":"2024-07-26T09:41:19+00:00","description":"Die Streichquartette Nr. 2, 3 und 7 umspannen einen gro\u00dfen zeitlichen Schaffensbereich in meiner kompositorischen T\u00e4tigkeit, was Verschiedenheit in Folge des gro\u00dfen Zeitsprungs mutma\u00dfen lie\u00dfe. Doch so verschieden sind sie gar nicht.","breadcrumb":{"@id":"https:\/\/neos-music.com\/product\/ernst-helmuth-flammer-string-quartets-nos-2-3-7\/#breadcrumb"},"inLanguage":"en-US","potentialAction":[{"@type":"ReadAction","target":["https:\/\/neos-music.com\/product\/ernst-helmuth-flammer-string-quartets-nos-2-3-7\/"]}]},{"@type":"ImageObject","inLanguage":"en-US","@id":"https:\/\/neos-music.com\/product\/ernst-helmuth-flammer-string-quartets-nos-2-3-7\/#primaryimage","url":"https:\/\/i0.wp.com\/neos-music.com\/wp-content\/uploads\/2024\/06\/NEOS-12420-Flammer-Cover.jpg?fit=1649%2C1483&ssl=1","contentUrl":"https:\/\/i0.wp.com\/neos-music.com\/wp-content\/uploads\/2024\/06\/NEOS-12420-Flammer-Cover.jpg?fit=1649%2C1483&ssl=1","width":1649,"height":1483},{"@type":"BreadcrumbList","@id":"https:\/\/neos-music.com\/product\/ernst-helmuth-flammer-string-quartets-nos-2-3-7\/#breadcrumb","itemListElement":[{"@type":"ListItem","position":1,"name":"Startseite","item":"https:\/\/neos-music.com\/"},{"@type":"ListItem","position":2,"name":"Produkte","item":"https:\/\/neos-music.com\/shop__trashed\/"},{"@type":"ListItem","position":3,"name":"Ernst Helmuth Flammer: String Quartets Nos. 2, 3 &#038; 7"}]},{"@type":"WebSite","@id":"https:\/\/neos-music.com\/#website","url":"https:\/\/neos-music.com\/","name":"NEOS Music","description":"Dein Online Shop f\u00fcr zeitgen\u00f6ssische Musik, Jazz und Classics!","publisher":{"@id":"https:\/\/neos-music.com\/#organization"},"potentialAction":[{"@type":"SearchAction","target":{"@type":"EntryPoint","urlTemplate":"https:\/\/neos-music.com\/?s={search_term_string}"},"query-input":{"@type":"PropertyValueSpecification","valueRequired":true,"valueName":"search_term_string"}}],"inLanguage":"en-US"},{"@type":"Organization","@id":"https:\/\/neos-music.com\/#organization","name":"NEOS Music","url":"https:\/\/neos-music.com\/","logo":{"@type":"ImageObject","inLanguage":"en-US","@id":"https:\/\/neos-music.com\/#\/schema\/logo\/image\/","url":"https:\/\/i0.wp.com\/neos-music.com\/wp-content\/uploads\/2025\/08\/NEOS-Logo-weiss.png?fit=800%2C203&ssl=1","contentUrl":"https:\/\/i0.wp.com\/neos-music.com\/wp-content\/uploads\/2025\/08\/NEOS-Logo-weiss.png?fit=800%2C203&ssl=1","width":800,"height":203,"caption":"NEOS Music"},"image":{"@id":"https:\/\/neos-music.com\/#\/schema\/logo\/image\/"}}]}},"jetpack_sharing_enabled":true,"_links":{"self":[{"href":"https:\/\/neos-music.com\/en_us\/wp-json\/wp\/v2\/product\/8470","targetHints":{"allow":["GET"]}}],"collection":[{"href":"https:\/\/neos-music.com\/en_us\/wp-json\/wp\/v2\/product"}],"about":[{"href":"https:\/\/neos-music.com\/en_us\/wp-json\/wp\/v2\/types\/product"}],"version-history":[{"count":2,"href":"https:\/\/neos-music.com\/en_us\/wp-json\/wp\/v2\/product\/8470\/revisions"}],"predecessor-version":[{"id":8474,"href":"https:\/\/neos-music.com\/en_us\/wp-json\/wp\/v2\/product\/8470\/revisions\/8474"}],"wp:featuredmedia":[{"embeddable":true,"href":"https:\/\/neos-music.com\/en_us\/wp-json\/wp\/v2\/media\/8472"}],"wp:attachment":[{"href":"https:\/\/neos-music.com\/en_us\/wp-json\/wp\/v2\/media?parent=8470"}],"wp:term":[{"taxonomy":"product_brand","embeddable":true,"href":"https:\/\/neos-music.com\/en_us\/wp-json\/wp\/v2\/product_brand?post=8470"},{"taxonomy":"product_cat","embeddable":true,"href":"https:\/\/neos-music.com\/en_us\/wp-json\/wp\/v2\/product_cat?post=8470"},{"taxonomy":"product_tag","embeddable":true,"href":"https:\/\/neos-music.com\/en_us\/wp-json\/wp\/v2\/product_tag?post=8470"}],"curies":[{"name":"wp","href":"https:\/\/api.w.org\/{rel}","templated":true}]}}