{"id":8557,"date":"2024-06-21T12:00:55","date_gmt":"2024-06-21T10:00:55","guid":{"rendered":"https:\/\/neos-music.com\/?post_type=product&#038;p=8557"},"modified":"2026-01-26T23:47:24","modified_gmt":"2026-01-26T22:47:24","slug":"19-piano-etudes","status":"publish","type":"product","link":"https:\/\/neos-music.com\/en_us\/product\/19-piano-etudes\/","title":{"rendered":"<span class=\"notranslate\">19 Piano Etudes<\/span>"},"content":{"rendered":"<div>\n<div>\n<p class=\"KeinAbsatzformat\">The German-Greek pianist and harpsichordist Andreas Skouras was born in Thessaloniki, Greece, in 1972. He studied piano with Prof. Franz Massinger and harpsichord with Prof. Lars Ulrik Mortensen at the University of Music and Performing Arts Munich. Skouras has worked with major orchestras and ensembles (including Vienna Philharmonic, Bavarian State Orchestra, ASKO Ensemble, Mozarteum Orchestra Salzburg, Munich Chamber Orchestra, Ensemble intercontemporain) under conductors such as Peter E\u00f6tv\u00f6s, Susanna M\u00e4lkki, Lucas Vis, Ralf Goth\u00f3ni, Constantinos Carydis, Markus Poschner, Christoph Poppen, Dirk Kaftan, and Jac van Steen. His enormous repertoire spans five centuries of music, and his skills are documented in numerous recordings. Andreas Skouras has been awarded the City of Munich Music Scholarship and the Bavarian Art Promotion Prize, among others.<\/p>\n<\/div>\n<div>\n<p class=\"KeinAbsatzformat\">\n<\/div>\n<div>\n<p class=\"KeinAbsatzformat translation-block\">On this CD, Andreas Skouras devotes himself to \u00e9tudes for piano by a wide variety of composers. In addition to one exemplary example each of the better-known \u00e9tudes by Gy\u00f6rgy Ligeti and Pascal Dusapin, Skouras has included B\u00e9la Bart\u00f3k's <em>Three Studies, Op. 18<\/em>, the <em>Drei Et\u00fcden Op. 23<\/em>, by Ligeti's student Wolfgang von Schweinitz, the <em>6 \u00c9tudes sur des rythmes populaires grecs<\/em> by Greek composer Yannis Constantinidis, and the <em>piano etudes<\/em> by Siemens Prize winner Unsuk Chin.<\/p>\n<\/div>\n<p class=\"KeinAbsatzformat\">The result is a varied collection of piano pieces in which Andreas Skouras demonstrates his great skill.<\/p>\n<\/div>","protected":false},"excerpt":{"rendered":"<p>1 CD<\/p>","protected":false},"featured_media":8559,"template":"","meta":{"site-sidebar-layout":"default","site-content-layout":"default","ast-site-content-layout":"default","site-content-style":"default","site-sidebar-style":"default","ast-global-header-display":"","ast-banner-title-visibility":"","ast-main-header-display":"","ast-hfb-above-header-display":"","ast-hfb-below-header-display":"","ast-hfb-mobile-header-display":"","site-post-title":"","ast-breadcrumbs-content":"","ast-featured-img":"","footer-sml-layout":"","theme-transparent-header-meta":"default","adv-header-id-meta":"","stick-header-meta":"","header-above-stick-meta":"","header-main-stick-meta":"","header-below-stick-meta":"","astra-migrate-meta-layouts":"set","ast-page-background-enabled":"default","ast-page-background-meta":{"desktop":{"background-color":"","background-image":"","background-repeat":"repeat","background-position":"center center","background-size":"auto","background-attachment":"scroll","background-type":"","background-media":"","overlay-type":"","overlay-color":"","overlay-opacity":"","overlay-gradient":""},"tablet":{"background-color":"","background-image":"","background-repeat":"repeat","background-position":"center center","background-size":"auto","background-attachment":"scroll","background-type":"","background-media":"","overlay-type":"","overlay-color":"","overlay-opacity":"","overlay-gradient":""},"mobile":{"background-color":"","background-image":"","background-repeat":"repeat","background-position":"center center","background-size":"auto","background-attachment":"scroll","background-type":"","background-media":"","overlay-type":"","overlay-color":"","overlay-opacity":"","overlay-gradient":""}},"ast-content-background-meta":{"desktop":{"background-color":"var(--ast-global-color-5)","background-image":"","background-repeat":"repeat","background-position":"center center","background-size":"auto","background-attachment":"scroll","background-type":"","background-media":"","overlay-type":"","overlay-color":"","overlay-opacity":"","overlay-gradient":""},"tablet":{"background-color":"var(--ast-global-color-5)","background-image":"","background-repeat":"repeat","background-position":"center center","background-size":"auto","background-attachment":"scroll","background-type":"","background-media":"","overlay-type":"","overlay-color":"","overlay-opacity":"","overlay-gradient":""},"mobile":{"background-color":"var(--ast-global-color-5)","background-image":"","background-repeat":"repeat","background-position":"center center","background-size":"auto","background-attachment":"scroll","background-type":"","background-media":"","overlay-type":"","overlay-color":"","overlay-opacity":"","overlay-gradient":""}}},"product_brand":[],"product_cat":[26],"product_tag":[876],"class_list":{"0":"post-8557","1":"product","2":"type-product","3":"status-publish","4":"has-post-thumbnail","6":"product_cat-zeitgenossische-musik","7":"product_tag-neuveroeffentlichungen","8":"desktop-align-left","9":"tablet-align-left","10":"mobile-align-left","12":"first","13":"instock","14":"taxable","15":"shipping-taxable","16":"purchasable","17":"product-type-simple"},"yoast_head":"<!-- This site is optimized with the Yoast SEO plugin v27.4 - https:\/\/yoast.com\/product\/yoast-seo-wordpress\/ -->\n<title>19 Piano Etudes - NEOS Music<\/title>\n<meta name=\"description\" content=\"Auf dieser CD spielt Andreas Skouras neben je einem exemplarischen Beispiel der bekannteren Et\u00fcden von Gy\u00f6rgy Ligeti und Pascal Dusapin, &quot;Drei Et\u00fcden op. 18&quot; von B\u00e9la Bart\u00f3k, &quot;Drei Et\u00fcden op. 23&quot; von Wolfgang von Schweinitz, &quot;6 \u00c9tudes sur des rythmes populaires grecs&quot; von Yannis Constantinidis sowie &quot;Klavieret\u00fcden&quot; von Unsuk Chin.\" \/>\n<meta name=\"robots\" content=\"index, follow, max-snippet:-1, max-image-preview:large, max-video-preview:-1\" \/>\n<link rel=\"canonical\" href=\"https:\/\/neos-music.com\/en_us\/product\/19-piano-etudes\/\" \/>\n<meta property=\"og:locale\" content=\"en_US\" \/>\n<meta property=\"og:type\" content=\"article\" \/>\n<meta property=\"og:title\" content=\"19 Piano Etudes - NEOS Music\" \/>\n<meta property=\"og:description\" content=\"Auf dieser CD spielt Andreas Skouras neben je einem exemplarischen Beispiel der bekannteren Et\u00fcden von Gy\u00f6rgy Ligeti und Pascal Dusapin, &quot;Drei Et\u00fcden op. 18&quot; von B\u00e9la Bart\u00f3k, &quot;Drei Et\u00fcden op. 23&quot; von Wolfgang von Schweinitz, &quot;6 \u00c9tudes sur des rythmes populaires grecs&quot; von Yannis Constantinidis sowie &quot;Klavieret\u00fcden&quot; von Unsuk Chin.\" \/>\n<meta property=\"og:url\" content=\"https:\/\/neos-music.com\/en_us\/product\/19-piano-etudes\/\" \/>\n<meta property=\"og:site_name\" content=\"NEOS Music\" \/>\n<meta property=\"article:modified_time\" content=\"2026-01-26T22:47:24+00:00\" \/>\n<meta property=\"og:image\" content=\"https:\/\/neos-music.com\/wp-content\/uploads\/2024\/07\/NEOS-12424-19-Piano-Etudes-Cover.jpg\" \/>\n\t<meta property=\"og:image:width\" content=\"1646\" \/>\n\t<meta property=\"og:image:height\" content=\"1483\" \/>\n\t<meta property=\"og:image:type\" content=\"image\/webp\" \/>\n<meta name=\"twitter:card\" content=\"summary_large_image\" \/>\n<meta name=\"twitter:label1\" content=\"Est. reading time\" \/>\n\t<meta name=\"twitter:data1\" content=\"2 minutes\" \/>\n<script type=\"application\/ld+json\" class=\"yoast-schema-graph\">{\"@context\":\"https:\\\/\\\/schema.org\",\"@graph\":[{\"@type\":\"WebPage\",\"@id\":\"https:\\\/\\\/neos-music.com\\\/product\\\/19-piano-etudes\\\/\",\"url\":\"https:\\\/\\\/neos-music.com\\\/product\\\/19-piano-etudes\\\/\",\"name\":\"19 Piano Etudes - NEOS Music\",\"isPartOf\":{\"@id\":\"https:\\\/\\\/neos-music.com\\\/#website\"},\"primaryImageOfPage\":{\"@id\":\"https:\\\/\\\/neos-music.com\\\/product\\\/19-piano-etudes\\\/#primaryimage\"},\"image\":{\"@id\":\"https:\\\/\\\/neos-music.com\\\/product\\\/19-piano-etudes\\\/#primaryimage\"},\"thumbnailUrl\":\"https:\\\/\\\/i0.wp.com\\\/neos-music.com\\\/wp-content\\\/uploads\\\/2024\\\/07\\\/NEOS-12424-19-Piano-Etudes-Cover.jpg?fit=1646%2C1483&ssl=1\",\"datePublished\":\"2024-06-21T10:00:55+00:00\",\"dateModified\":\"2026-01-26T22:47:24+00:00\",\"description\":\"Auf dieser CD spielt Andreas Skouras neben je einem exemplarischen Beispiel der bekannteren Et\u00fcden von Gy\u00f6rgy Ligeti und Pascal Dusapin, \\\"Drei Et\u00fcden op. 18\\\" von B\u00e9la Bart\u00f3k, \\\"Drei Et\u00fcden op. 23\\\" von Wolfgang von Schweinitz, \\\"6 \u00c9tudes sur des rythmes populaires grecs\\\" von Yannis Constantinidis sowie \\\"Klavieret\u00fcden\\\" von Unsuk Chin.\",\"breadcrumb\":{\"@id\":\"https:\\\/\\\/neos-music.com\\\/product\\\/19-piano-etudes\\\/#breadcrumb\"},\"inLanguage\":\"en-US\",\"potentialAction\":[{\"@type\":\"ReadAction\",\"target\":[\"https:\\\/\\\/neos-music.com\\\/product\\\/19-piano-etudes\\\/\"]}]},{\"@type\":\"ImageObject\",\"inLanguage\":\"en-US\",\"@id\":\"https:\\\/\\\/neos-music.com\\\/product\\\/19-piano-etudes\\\/#primaryimage\",\"url\":\"https:\\\/\\\/i0.wp.com\\\/neos-music.com\\\/wp-content\\\/uploads\\\/2024\\\/07\\\/NEOS-12424-19-Piano-Etudes-Cover.jpg?fit=1646%2C1483&ssl=1\",\"contentUrl\":\"https:\\\/\\\/i0.wp.com\\\/neos-music.com\\\/wp-content\\\/uploads\\\/2024\\\/07\\\/NEOS-12424-19-Piano-Etudes-Cover.jpg?fit=1646%2C1483&ssl=1\",\"width\":1646,\"height\":1483},{\"@type\":\"BreadcrumbList\",\"@id\":\"https:\\\/\\\/neos-music.com\\\/product\\\/19-piano-etudes\\\/#breadcrumb\",\"itemListElement\":[{\"@type\":\"ListItem\",\"position\":1,\"name\":\"Startseite\",\"item\":\"https:\\\/\\\/neos-music.com\\\/\"},{\"@type\":\"ListItem\",\"position\":2,\"name\":\"Produkte\",\"item\":\"https:\\\/\\\/neos-music.com\\\/shop__trashed\\\/\"},{\"@type\":\"ListItem\",\"position\":3,\"name\":\"19 Piano Etudes\"}]},{\"@type\":\"WebSite\",\"@id\":\"https:\\\/\\\/neos-music.com\\\/#website\",\"url\":\"https:\\\/\\\/neos-music.com\\\/\",\"name\":\"NEOS Music\",\"description\":\"Dein Online Shop f\u00fcr zeitgen\u00f6ssische Musik, Jazz und Classics!\",\"publisher\":{\"@id\":\"https:\\\/\\\/neos-music.com\\\/#organization\"},\"potentialAction\":[{\"@type\":\"SearchAction\",\"target\":{\"@type\":\"EntryPoint\",\"urlTemplate\":\"https:\\\/\\\/neos-music.com\\\/?s={search_term_string}\"},\"query-input\":{\"@type\":\"PropertyValueSpecification\",\"valueRequired\":true,\"valueName\":\"search_term_string\"}}],\"inLanguage\":\"en-US\"},{\"@type\":\"Organization\",\"@id\":\"https:\\\/\\\/neos-music.com\\\/#organization\",\"name\":\"NEOS Music\",\"url\":\"https:\\\/\\\/neos-music.com\\\/\",\"logo\":{\"@type\":\"ImageObject\",\"inLanguage\":\"en-US\",\"@id\":\"https:\\\/\\\/neos-music.com\\\/#\\\/schema\\\/logo\\\/image\\\/\",\"url\":\"https:\\\/\\\/i0.wp.com\\\/neos-music.com\\\/wp-content\\\/uploads\\\/2025\\\/08\\\/NEOS-Logo-weiss.png?fit=800%2C203&ssl=1\",\"contentUrl\":\"https:\\\/\\\/i0.wp.com\\\/neos-music.com\\\/wp-content\\\/uploads\\\/2025\\\/08\\\/NEOS-Logo-weiss.png?fit=800%2C203&ssl=1\",\"width\":800,\"height\":203,\"caption\":\"NEOS Music\"},\"image\":{\"@id\":\"https:\\\/\\\/neos-music.com\\\/#\\\/schema\\\/logo\\\/image\\\/\"}}]}<\/script>\n<!-- \/ Yoast SEO plugin. -->","yoast_head_json":{"title":"19 Piano Etudes - NEOS Music","description":"Auf dieser CD spielt Andreas Skouras neben je einem exemplarischen Beispiel der bekannteren Et\u00fcden von Gy\u00f6rgy Ligeti und Pascal Dusapin, \"Drei Et\u00fcden op. 18\" von B\u00e9la Bart\u00f3k, \"Drei Et\u00fcden op. 23\" von Wolfgang von Schweinitz, \"6 \u00c9tudes sur des rythmes populaires grecs\" von Yannis Constantinidis sowie \"Klavieret\u00fcden\" von Unsuk Chin.","robots":{"index":"index","follow":"follow","max-snippet":"max-snippet:-1","max-image-preview":"max-image-preview:large","max-video-preview":"max-video-preview:-1"},"canonical":"https:\/\/neos-music.com\/en_us\/product\/19-piano-etudes\/","og_locale":"en_US","og_type":"article","og_title":"19 Piano Etudes - NEOS Music","og_description":"Auf dieser CD spielt Andreas Skouras neben je einem exemplarischen Beispiel der bekannteren Et\u00fcden von Gy\u00f6rgy Ligeti und Pascal Dusapin, \"Drei Et\u00fcden op. 18\" von B\u00e9la Bart\u00f3k, \"Drei Et\u00fcden op. 23\" von Wolfgang von Schweinitz, \"6 \u00c9tudes sur des rythmes populaires grecs\" von Yannis Constantinidis sowie \"Klavieret\u00fcden\" von Unsuk Chin.","og_url":"https:\/\/neos-music.com\/en_us\/product\/19-piano-etudes\/","og_site_name":"NEOS Music","article_modified_time":"2026-01-26T22:47:24+00:00","og_image":[{"width":1646,"height":1483,"url":"https:\/\/neos-music.com\/wp-content\/uploads\/2024\/07\/NEOS-12424-19-Piano-Etudes-Cover.jpg","type":"image\/webp"}],"twitter_card":"summary_large_image","twitter_misc":{"Est. reading time":"2 minutes"},"schema":{"@context":"https:\/\/schema.org","@graph":[{"@type":"WebPage","@id":"https:\/\/neos-music.com\/product\/19-piano-etudes\/","url":"https:\/\/neos-music.com\/product\/19-piano-etudes\/","name":"19 Piano Etudes - NEOS Music","isPartOf":{"@id":"https:\/\/neos-music.com\/#website"},"primaryImageOfPage":{"@id":"https:\/\/neos-music.com\/product\/19-piano-etudes\/#primaryimage"},"image":{"@id":"https:\/\/neos-music.com\/product\/19-piano-etudes\/#primaryimage"},"thumbnailUrl":"https:\/\/i0.wp.com\/neos-music.com\/wp-content\/uploads\/2024\/07\/NEOS-12424-19-Piano-Etudes-Cover.jpg?fit=1646%2C1483&ssl=1","datePublished":"2024-06-21T10:00:55+00:00","dateModified":"2026-01-26T22:47:24+00:00","description":"Auf dieser CD spielt Andreas Skouras neben je einem exemplarischen Beispiel der bekannteren Et\u00fcden von Gy\u00f6rgy Ligeti und Pascal Dusapin, \"Drei Et\u00fcden op. 18\" von B\u00e9la Bart\u00f3k, \"Drei Et\u00fcden op. 23\" von Wolfgang von Schweinitz, \"6 \u00c9tudes sur des rythmes populaires grecs\" von Yannis Constantinidis sowie \"Klavieret\u00fcden\" von Unsuk Chin.","breadcrumb":{"@id":"https:\/\/neos-music.com\/product\/19-piano-etudes\/#breadcrumb"},"inLanguage":"en-US","potentialAction":[{"@type":"ReadAction","target":["https:\/\/neos-music.com\/product\/19-piano-etudes\/"]}]},{"@type":"ImageObject","inLanguage":"en-US","@id":"https:\/\/neos-music.com\/product\/19-piano-etudes\/#primaryimage","url":"https:\/\/i0.wp.com\/neos-music.com\/wp-content\/uploads\/2024\/07\/NEOS-12424-19-Piano-Etudes-Cover.jpg?fit=1646%2C1483&ssl=1","contentUrl":"https:\/\/i0.wp.com\/neos-music.com\/wp-content\/uploads\/2024\/07\/NEOS-12424-19-Piano-Etudes-Cover.jpg?fit=1646%2C1483&ssl=1","width":1646,"height":1483},{"@type":"BreadcrumbList","@id":"https:\/\/neos-music.com\/product\/19-piano-etudes\/#breadcrumb","itemListElement":[{"@type":"ListItem","position":1,"name":"Startseite","item":"https:\/\/neos-music.com\/"},{"@type":"ListItem","position":2,"name":"Produkte","item":"https:\/\/neos-music.com\/shop__trashed\/"},{"@type":"ListItem","position":3,"name":"19 Piano Etudes"}]},{"@type":"WebSite","@id":"https:\/\/neos-music.com\/#website","url":"https:\/\/neos-music.com\/","name":"NEOS Music","description":"Dein Online Shop f\u00fcr zeitgen\u00f6ssische Musik, Jazz und Classics!","publisher":{"@id":"https:\/\/neos-music.com\/#organization"},"potentialAction":[{"@type":"SearchAction","target":{"@type":"EntryPoint","urlTemplate":"https:\/\/neos-music.com\/?s={search_term_string}"},"query-input":{"@type":"PropertyValueSpecification","valueRequired":true,"valueName":"search_term_string"}}],"inLanguage":"en-US"},{"@type":"Organization","@id":"https:\/\/neos-music.com\/#organization","name":"NEOS Music","url":"https:\/\/neos-music.com\/","logo":{"@type":"ImageObject","inLanguage":"en-US","@id":"https:\/\/neos-music.com\/#\/schema\/logo\/image\/","url":"https:\/\/i0.wp.com\/neos-music.com\/wp-content\/uploads\/2025\/08\/NEOS-Logo-weiss.png?fit=800%2C203&ssl=1","contentUrl":"https:\/\/i0.wp.com\/neos-music.com\/wp-content\/uploads\/2025\/08\/NEOS-Logo-weiss.png?fit=800%2C203&ssl=1","width":800,"height":203,"caption":"NEOS Music"},"image":{"@id":"https:\/\/neos-music.com\/#\/schema\/logo\/image\/"}}]}},"jetpack_sharing_enabled":true,"_links":{"self":[{"href":"https:\/\/neos-music.com\/en_us\/wp-json\/wp\/v2\/product\/8557","targetHints":{"allow":["GET"]}}],"collection":[{"href":"https:\/\/neos-music.com\/en_us\/wp-json\/wp\/v2\/product"}],"about":[{"href":"https:\/\/neos-music.com\/en_us\/wp-json\/wp\/v2\/types\/product"}],"version-history":[{"count":3,"href":"https:\/\/neos-music.com\/en_us\/wp-json\/wp\/v2\/product\/8557\/revisions"}],"predecessor-version":[{"id":10301,"href":"https:\/\/neos-music.com\/en_us\/wp-json\/wp\/v2\/product\/8557\/revisions\/10301"}],"wp:featuredmedia":[{"embeddable":true,"href":"https:\/\/neos-music.com\/en_us\/wp-json\/wp\/v2\/media\/8559"}],"wp:attachment":[{"href":"https:\/\/neos-music.com\/en_us\/wp-json\/wp\/v2\/media?parent=8557"}],"wp:term":[{"taxonomy":"product_brand","embeddable":true,"href":"https:\/\/neos-music.com\/en_us\/wp-json\/wp\/v2\/product_brand?post=8557"},{"taxonomy":"product_cat","embeddable":true,"href":"https:\/\/neos-music.com\/en_us\/wp-json\/wp\/v2\/product_cat?post=8557"},{"taxonomy":"product_tag","embeddable":true,"href":"https:\/\/neos-music.com\/en_us\/wp-json\/wp\/v2\/product_tag?post=8557"}],"curies":[{"name":"wp","href":"https:\/\/api.w.org\/{rel}","templated":true}]}}