{"id":8599,"date":"2024-08-28T13:08:32","date_gmt":"2024-08-28T11:08:32","guid":{"rendered":"https:\/\/neos-music.com\/?post_type=product&#038;p=8599"},"modified":"2025-02-02T18:16:46","modified_gmt":"2025-02-02T17:16:46","slug":"atac-sezer-garden-in-eden","status":"publish","type":"product","link":"https:\/\/neos-music.com\/en_us\/product\/atac-sezer-garden-in-eden\/","title":{"rendered":"<span class=\"notranslate\">Ata\u00e7 Sezer: Garden in Eden<\/span>"},"content":{"rendered":"<p><iframe style=\"border-radius: 12px;\" src=\"https:\/\/open.spotify.com\/embed\/album\/0s2MtmAJWE86xvYgaTJpzY?utm_source=generator&amp;theme=0\" width=\"100%\" height=\"352\" frameborder=\"0\" allowfullscreen=\"allowfullscreen\"><\/iframe><\/p>\n<div>\n<p class=\"translation-block\">The compositional and aesthetic questions that <a href=\"https:\/\/neos-music.com\/en_us\/atac-sezer\/\" target=\"_self\">Ata\u00e7 Sezer<\/a> has been exploring since then are, as it were, a logical consequence of the complexity and diversity of these experiences. On the one hand, Sezer engages in a systematic, discursive examination of the modal tone systems of the Arab world; on the other hand, he reflects on the possibilities of microtonal and electronic music from a European perspective. On the other hand, Sezer systematically explores the techniques and sounds of Ottoman-Turkish instruments such as the long-necked flute ney and the bowed box-neck lute kemen\u00e7e, alongside his exploration of new notation systems and playing techniques for European instruments.<\/p>\n<p>&nbsp;<\/p>\n<p class=\"translation-block\">The Ottoman-Turkish and European cultural spheres, with their artistic and compositional practices, form the dual framework for <a href=\"https:\/\/neos-music.com\/en_us\/atac-sezer\/\" target=\"_self\">Ata\u00e7 Sezer<\/a>'s work. However, in terms of composition and performance practice, they constitute little more than a material basis, which Sezer masters with great knowledge and virtuosity and from which he advances to an individual musical style. The composition <em>Peschrev-Pr\u00e4ludium<\/em> for ney, electric bass, and electronics from 2008 formulated this in a paradigmatic way for the first time. The traditional elements do not end up in a false synthesis or symbiosis in which one or the other appears as an exotic, picturesque addition, but rather enter into a mode of mutual reflection and interpenetration. Sezer thus formulates a critical and at the same time independent artistic-aesthetic position in the discourse on new music, which opposes the postcolonialist perspective on classical music from the Arab or Asian world that often prevails today.<\/p>\n<p>&nbsp;<\/p>\n<p class=\"translation-block\"><a href=\"https:\/\/neos-music.com\/en_us\/atac-sezer\/\" target=\"_self\">Ata\u00e7 Sezer<\/a>'s work is dominated by the primacy of the new, in the literal sense: unheard-of sound. Systematically and on the basis of comprehensive compositional expertise, Sezer develops his ideas in a series of works that explore this dimension of sound in a wide variety of instrumentations. The recordings on the CD \u201cGarden in Eden\u201d bear eloquent witness to this.<\/p>\n<\/div>","protected":false},"excerpt":{"rendered":"<p>1 CD<\/p>","protected":false},"featured_media":8601,"template":"","meta":{"site-sidebar-layout":"default","site-content-layout":"default","ast-site-content-layout":"default","site-content-style":"default","site-sidebar-style":"default","ast-global-header-display":"","ast-banner-title-visibility":"","ast-main-header-display":"","ast-hfb-above-header-display":"","ast-hfb-below-header-display":"","ast-hfb-mobile-header-display":"","site-post-title":"","ast-breadcrumbs-content":"","ast-featured-img":"","footer-sml-layout":"","theme-transparent-header-meta":"default","adv-header-id-meta":"","stick-header-meta":"","header-above-stick-meta":"","header-main-stick-meta":"","header-below-stick-meta":"","astra-migrate-meta-layouts":"set","ast-page-background-enabled":"default","ast-page-background-meta":{"desktop":{"background-color":"","background-image":"","background-repeat":"repeat","background-position":"center center","background-size":"auto","background-attachment":"scroll","background-type":"","background-media":"","overlay-type":"","overlay-color":"","overlay-opacity":"","overlay-gradient":""},"tablet":{"background-color":"","background-image":"","background-repeat":"repeat","background-position":"center center","background-size":"auto","background-attachment":"scroll","background-type":"","background-media":"","overlay-type":"","overlay-color":"","overlay-opacity":"","overlay-gradient":""},"mobile":{"background-color":"","background-image":"","background-repeat":"repeat","background-position":"center center","background-size":"auto","background-attachment":"scroll","background-type":"","background-media":"","overlay-type":"","overlay-color":"","overlay-opacity":"","overlay-gradient":""}},"ast-content-background-meta":{"desktop":{"background-color":"var(--ast-global-color-5)","background-image":"","background-repeat":"repeat","background-position":"center center","background-size":"auto","background-attachment":"scroll","background-type":"","background-media":"","overlay-type":"","overlay-color":"","overlay-opacity":"","overlay-gradient":""},"tablet":{"background-color":"var(--ast-global-color-5)","background-image":"","background-repeat":"repeat","background-position":"center center","background-size":"auto","background-attachment":"scroll","background-type":"","background-media":"","overlay-type":"","overlay-color":"","overlay-opacity":"","overlay-gradient":""},"mobile":{"background-color":"var(--ast-global-color-5)","background-image":"","background-repeat":"repeat","background-position":"center center","background-size":"auto","background-attachment":"scroll","background-type":"","background-media":"","overlay-type":"","overlay-color":"","overlay-opacity":"","overlay-gradient":""}}},"product_brand":[],"product_cat":[26],"product_tag":[876],"class_list":{"0":"post-8599","1":"product","2":"type-product","3":"status-publish","4":"has-post-thumbnail","6":"product_cat-zeitgenossische-musik","7":"product_tag-neuveroeffentlichungen","8":"desktop-align-left","9":"tablet-align-left","10":"mobile-align-left","12":"first","13":"instock","14":"taxable","15":"shipping-taxable","16":"purchasable","17":"product-type-simple"},"yoast_head":"<!-- This site is optimized with the Yoast SEO plugin v27.3 - https:\/\/yoast.com\/product\/yoast-seo-wordpress\/ -->\n<title>Ata\u00e7 Sezer: Garden in Eden - NEOS Music<\/title>\n<meta name=\"description\" content=\"Ata\u00e7 Sezers Werk steht unter dem Primat des neuen, im Wortsinn: unerh\u00f6rten Klangs. Systematisch und auf der Grundlage einer umfassenden kompositorischen Expertise entfaltet Sezer seine \u00dcberlegungen in einer Werkfolge, die die unterschiedlichsten Besetzungen auf diese Dimension des Klanglichen hin befragt. Davon legen die Einspielungen der CD \u00bbGarden in Eden\u00ab beredt Zeugnis ab.\" \/>\n<meta name=\"robots\" content=\"index, follow, max-snippet:-1, max-image-preview:large, max-video-preview:-1\" \/>\n<link rel=\"canonical\" href=\"https:\/\/neos-music.com\/en_us\/product\/atac-sezer-garden-in-eden\/\" \/>\n<meta property=\"og:locale\" content=\"en_US\" \/>\n<meta property=\"og:type\" content=\"article\" \/>\n<meta property=\"og:title\" content=\"Ata\u00e7 Sezer: Garden in Eden - NEOS Music\" \/>\n<meta property=\"og:description\" content=\"Ata\u00e7 Sezers Werk steht unter dem Primat des neuen, im Wortsinn: unerh\u00f6rten Klangs. Systematisch und auf der Grundlage einer umfassenden kompositorischen Expertise entfaltet Sezer seine \u00dcberlegungen in einer Werkfolge, die die unterschiedlichsten Besetzungen auf diese Dimension des Klanglichen hin befragt. Davon legen die Einspielungen der CD \u00bbGarden in Eden\u00ab beredt Zeugnis ab.\" \/>\n<meta property=\"og:url\" content=\"https:\/\/neos-music.com\/en_us\/product\/atac-sezer-garden-in-eden\/\" \/>\n<meta property=\"og:site_name\" content=\"NEOS Music\" \/>\n<meta property=\"article:modified_time\" content=\"2025-02-02T17:16:46+00:00\" \/>\n<meta property=\"og:image\" content=\"https:\/\/neos-music.com\/wp-content\/uploads\/2024\/08\/NEOS-12405-Sezer-Cover.jpg\" \/>\n\t<meta property=\"og:image:width\" content=\"1648\" \/>\n\t<meta property=\"og:image:height\" content=\"1484\" \/>\n\t<meta property=\"og:image:type\" content=\"image\/webp\" \/>\n<meta name=\"twitter:card\" content=\"summary_large_image\" \/>\n<meta name=\"twitter:label1\" content=\"Est. reading time\" \/>\n\t<meta name=\"twitter:data1\" content=\"2 minutes\" \/>\n<script type=\"application\/ld+json\" class=\"yoast-schema-graph\">{\"@context\":\"https:\\\/\\\/schema.org\",\"@graph\":[{\"@type\":\"WebPage\",\"@id\":\"https:\\\/\\\/neos-music.com\\\/product\\\/atac-sezer-garden-in-eden\\\/\",\"url\":\"https:\\\/\\\/neos-music.com\\\/product\\\/atac-sezer-garden-in-eden\\\/\",\"name\":\"Ata\u00e7 Sezer: Garden in Eden - NEOS Music\",\"isPartOf\":{\"@id\":\"https:\\\/\\\/neos-music.com\\\/#website\"},\"primaryImageOfPage\":{\"@id\":\"https:\\\/\\\/neos-music.com\\\/product\\\/atac-sezer-garden-in-eden\\\/#primaryimage\"},\"image\":{\"@id\":\"https:\\\/\\\/neos-music.com\\\/product\\\/atac-sezer-garden-in-eden\\\/#primaryimage\"},\"thumbnailUrl\":\"https:\\\/\\\/i0.wp.com\\\/neos-music.com\\\/wp-content\\\/uploads\\\/2024\\\/08\\\/NEOS-12405-Sezer-Cover.jpg?fit=1648%2C1484&ssl=1\",\"datePublished\":\"2024-08-28T11:08:32+00:00\",\"dateModified\":\"2025-02-02T17:16:46+00:00\",\"description\":\"Ata\u00e7 Sezers Werk steht unter dem Primat des neuen, im Wortsinn: unerh\u00f6rten Klangs. Systematisch und auf der Grundlage einer umfassenden kompositorischen Expertise entfaltet Sezer seine \u00dcberlegungen in einer Werkfolge, die die unterschiedlichsten Besetzungen auf diese Dimension des Klanglichen hin befragt. Davon legen die Einspielungen der CD \u00bbGarden in Eden\u00ab beredt Zeugnis ab.\",\"breadcrumb\":{\"@id\":\"https:\\\/\\\/neos-music.com\\\/product\\\/atac-sezer-garden-in-eden\\\/#breadcrumb\"},\"inLanguage\":\"en-US\",\"potentialAction\":[{\"@type\":\"ReadAction\",\"target\":[\"https:\\\/\\\/neos-music.com\\\/product\\\/atac-sezer-garden-in-eden\\\/\"]}]},{\"@type\":\"ImageObject\",\"inLanguage\":\"en-US\",\"@id\":\"https:\\\/\\\/neos-music.com\\\/product\\\/atac-sezer-garden-in-eden\\\/#primaryimage\",\"url\":\"https:\\\/\\\/i0.wp.com\\\/neos-music.com\\\/wp-content\\\/uploads\\\/2024\\\/08\\\/NEOS-12405-Sezer-Cover.jpg?fit=1648%2C1484&ssl=1\",\"contentUrl\":\"https:\\\/\\\/i0.wp.com\\\/neos-music.com\\\/wp-content\\\/uploads\\\/2024\\\/08\\\/NEOS-12405-Sezer-Cover.jpg?fit=1648%2C1484&ssl=1\",\"width\":1648,\"height\":1484},{\"@type\":\"BreadcrumbList\",\"@id\":\"https:\\\/\\\/neos-music.com\\\/product\\\/atac-sezer-garden-in-eden\\\/#breadcrumb\",\"itemListElement\":[{\"@type\":\"ListItem\",\"position\":1,\"name\":\"Startseite\",\"item\":\"https:\\\/\\\/neos-music.com\\\/\"},{\"@type\":\"ListItem\",\"position\":2,\"name\":\"Produkte\",\"item\":\"https:\\\/\\\/neos-music.com\\\/shop__trashed\\\/\"},{\"@type\":\"ListItem\",\"position\":3,\"name\":\"Ata\u00e7 Sezer: Garden in Eden\"}]},{\"@type\":\"WebSite\",\"@id\":\"https:\\\/\\\/neos-music.com\\\/#website\",\"url\":\"https:\\\/\\\/neos-music.com\\\/\",\"name\":\"NEOS Music\",\"description\":\"Dein Online Shop f\u00fcr zeitgen\u00f6ssische Musik, Jazz und Classics!\",\"publisher\":{\"@id\":\"https:\\\/\\\/neos-music.com\\\/#organization\"},\"potentialAction\":[{\"@type\":\"SearchAction\",\"target\":{\"@type\":\"EntryPoint\",\"urlTemplate\":\"https:\\\/\\\/neos-music.com\\\/?s={search_term_string}\"},\"query-input\":{\"@type\":\"PropertyValueSpecification\",\"valueRequired\":true,\"valueName\":\"search_term_string\"}}],\"inLanguage\":\"en-US\"},{\"@type\":\"Organization\",\"@id\":\"https:\\\/\\\/neos-music.com\\\/#organization\",\"name\":\"NEOS Music\",\"url\":\"https:\\\/\\\/neos-music.com\\\/\",\"logo\":{\"@type\":\"ImageObject\",\"inLanguage\":\"en-US\",\"@id\":\"https:\\\/\\\/neos-music.com\\\/#\\\/schema\\\/logo\\\/image\\\/\",\"url\":\"https:\\\/\\\/i0.wp.com\\\/neos-music.com\\\/wp-content\\\/uploads\\\/2025\\\/08\\\/NEOS-Logo-weiss.png?fit=800%2C203&ssl=1\",\"contentUrl\":\"https:\\\/\\\/i0.wp.com\\\/neos-music.com\\\/wp-content\\\/uploads\\\/2025\\\/08\\\/NEOS-Logo-weiss.png?fit=800%2C203&ssl=1\",\"width\":800,\"height\":203,\"caption\":\"NEOS Music\"},\"image\":{\"@id\":\"https:\\\/\\\/neos-music.com\\\/#\\\/schema\\\/logo\\\/image\\\/\"}}]}<\/script>\n<!-- \/ Yoast SEO plugin. -->","yoast_head_json":{"title":"Ata\u00e7 Sezer: Garden in Eden - NEOS Music","description":"Ata\u00e7 Sezers Werk steht unter dem Primat des neuen, im Wortsinn: unerh\u00f6rten Klangs. Systematisch und auf der Grundlage einer umfassenden kompositorischen Expertise entfaltet Sezer seine \u00dcberlegungen in einer Werkfolge, die die unterschiedlichsten Besetzungen auf diese Dimension des Klanglichen hin befragt. Davon legen die Einspielungen der CD \u00bbGarden in Eden\u00ab beredt Zeugnis ab.","robots":{"index":"index","follow":"follow","max-snippet":"max-snippet:-1","max-image-preview":"max-image-preview:large","max-video-preview":"max-video-preview:-1"},"canonical":"https:\/\/neos-music.com\/en_us\/product\/atac-sezer-garden-in-eden\/","og_locale":"en_US","og_type":"article","og_title":"Ata\u00e7 Sezer: Garden in Eden - NEOS Music","og_description":"Ata\u00e7 Sezers Werk steht unter dem Primat des neuen, im Wortsinn: unerh\u00f6rten Klangs. Systematisch und auf der Grundlage einer umfassenden kompositorischen Expertise entfaltet Sezer seine \u00dcberlegungen in einer Werkfolge, die die unterschiedlichsten Besetzungen auf diese Dimension des Klanglichen hin befragt. Davon legen die Einspielungen der CD \u00bbGarden in Eden\u00ab beredt Zeugnis ab.","og_url":"https:\/\/neos-music.com\/en_us\/product\/atac-sezer-garden-in-eden\/","og_site_name":"NEOS Music","article_modified_time":"2025-02-02T17:16:46+00:00","og_image":[{"width":1648,"height":1484,"url":"https:\/\/neos-music.com\/wp-content\/uploads\/2024\/08\/NEOS-12405-Sezer-Cover.jpg","type":"image\/webp"}],"twitter_card":"summary_large_image","twitter_misc":{"Est. reading time":"2 minutes"},"schema":{"@context":"https:\/\/schema.org","@graph":[{"@type":"WebPage","@id":"https:\/\/neos-music.com\/product\/atac-sezer-garden-in-eden\/","url":"https:\/\/neos-music.com\/product\/atac-sezer-garden-in-eden\/","name":"Ata\u00e7 Sezer: Garden in Eden - NEOS Music","isPartOf":{"@id":"https:\/\/neos-music.com\/#website"},"primaryImageOfPage":{"@id":"https:\/\/neos-music.com\/product\/atac-sezer-garden-in-eden\/#primaryimage"},"image":{"@id":"https:\/\/neos-music.com\/product\/atac-sezer-garden-in-eden\/#primaryimage"},"thumbnailUrl":"https:\/\/i0.wp.com\/neos-music.com\/wp-content\/uploads\/2024\/08\/NEOS-12405-Sezer-Cover.jpg?fit=1648%2C1484&ssl=1","datePublished":"2024-08-28T11:08:32+00:00","dateModified":"2025-02-02T17:16:46+00:00","description":"Ata\u00e7 Sezers Werk steht unter dem Primat des neuen, im Wortsinn: unerh\u00f6rten Klangs. Systematisch und auf der Grundlage einer umfassenden kompositorischen Expertise entfaltet Sezer seine \u00dcberlegungen in einer Werkfolge, die die unterschiedlichsten Besetzungen auf diese Dimension des Klanglichen hin befragt. Davon legen die Einspielungen der CD \u00bbGarden in Eden\u00ab beredt Zeugnis ab.","breadcrumb":{"@id":"https:\/\/neos-music.com\/product\/atac-sezer-garden-in-eden\/#breadcrumb"},"inLanguage":"en-US","potentialAction":[{"@type":"ReadAction","target":["https:\/\/neos-music.com\/product\/atac-sezer-garden-in-eden\/"]}]},{"@type":"ImageObject","inLanguage":"en-US","@id":"https:\/\/neos-music.com\/product\/atac-sezer-garden-in-eden\/#primaryimage","url":"https:\/\/i0.wp.com\/neos-music.com\/wp-content\/uploads\/2024\/08\/NEOS-12405-Sezer-Cover.jpg?fit=1648%2C1484&ssl=1","contentUrl":"https:\/\/i0.wp.com\/neos-music.com\/wp-content\/uploads\/2024\/08\/NEOS-12405-Sezer-Cover.jpg?fit=1648%2C1484&ssl=1","width":1648,"height":1484},{"@type":"BreadcrumbList","@id":"https:\/\/neos-music.com\/product\/atac-sezer-garden-in-eden\/#breadcrumb","itemListElement":[{"@type":"ListItem","position":1,"name":"Startseite","item":"https:\/\/neos-music.com\/"},{"@type":"ListItem","position":2,"name":"Produkte","item":"https:\/\/neos-music.com\/shop__trashed\/"},{"@type":"ListItem","position":3,"name":"Ata\u00e7 Sezer: Garden in Eden"}]},{"@type":"WebSite","@id":"https:\/\/neos-music.com\/#website","url":"https:\/\/neos-music.com\/","name":"NEOS Music","description":"Dein Online Shop f\u00fcr zeitgen\u00f6ssische Musik, Jazz und Classics!","publisher":{"@id":"https:\/\/neos-music.com\/#organization"},"potentialAction":[{"@type":"SearchAction","target":{"@type":"EntryPoint","urlTemplate":"https:\/\/neos-music.com\/?s={search_term_string}"},"query-input":{"@type":"PropertyValueSpecification","valueRequired":true,"valueName":"search_term_string"}}],"inLanguage":"en-US"},{"@type":"Organization","@id":"https:\/\/neos-music.com\/#organization","name":"NEOS Music","url":"https:\/\/neos-music.com\/","logo":{"@type":"ImageObject","inLanguage":"en-US","@id":"https:\/\/neos-music.com\/#\/schema\/logo\/image\/","url":"https:\/\/i0.wp.com\/neos-music.com\/wp-content\/uploads\/2025\/08\/NEOS-Logo-weiss.png?fit=800%2C203&ssl=1","contentUrl":"https:\/\/i0.wp.com\/neos-music.com\/wp-content\/uploads\/2025\/08\/NEOS-Logo-weiss.png?fit=800%2C203&ssl=1","width":800,"height":203,"caption":"NEOS Music"},"image":{"@id":"https:\/\/neos-music.com\/#\/schema\/logo\/image\/"}}]}},"jetpack_sharing_enabled":true,"_links":{"self":[{"href":"https:\/\/neos-music.com\/en_us\/wp-json\/wp\/v2\/product\/8599","targetHints":{"allow":["GET"]}}],"collection":[{"href":"https:\/\/neos-music.com\/en_us\/wp-json\/wp\/v2\/product"}],"about":[{"href":"https:\/\/neos-music.com\/en_us\/wp-json\/wp\/v2\/types\/product"}],"version-history":[{"count":7,"href":"https:\/\/neos-music.com\/en_us\/wp-json\/wp\/v2\/product\/8599\/revisions"}],"predecessor-version":[{"id":8959,"href":"https:\/\/neos-music.com\/en_us\/wp-json\/wp\/v2\/product\/8599\/revisions\/8959"}],"wp:featuredmedia":[{"embeddable":true,"href":"https:\/\/neos-music.com\/en_us\/wp-json\/wp\/v2\/media\/8601"}],"wp:attachment":[{"href":"https:\/\/neos-music.com\/en_us\/wp-json\/wp\/v2\/media?parent=8599"}],"wp:term":[{"taxonomy":"product_brand","embeddable":true,"href":"https:\/\/neos-music.com\/en_us\/wp-json\/wp\/v2\/product_brand?post=8599"},{"taxonomy":"product_cat","embeddable":true,"href":"https:\/\/neos-music.com\/en_us\/wp-json\/wp\/v2\/product_cat?post=8599"},{"taxonomy":"product_tag","embeddable":true,"href":"https:\/\/neos-music.com\/en_us\/wp-json\/wp\/v2\/product_tag?post=8599"}],"curies":[{"name":"wp","href":"https:\/\/api.w.org\/{rel}","templated":true}]}}