{"id":8615,"date":"2024-08-28T14:10:00","date_gmt":"2024-08-28T12:10:00","guid":{"rendered":"https:\/\/neos-music.com\/?post_type=product&#038;p=8615"},"modified":"2024-09-06T08:52:08","modified_gmt":"2024-09-06T06:52:08","slug":"john-palmer-other-places","status":"publish","type":"product","link":"https:\/\/neos-music.com\/en_us\/product\/john-palmer-other-places\/","title":{"rendered":"<span class=\"notranslate\">John Palmer: Other Places<\/span>"},"content":{"rendered":"<p>Music is predestined to penetrate the boundaries of perception and consciousness. Its fleeting appearance as a temporal art form naturally reflects existential dimensions\u2014its becoming and passing away are inscribed in its propagation from moment to moment, from sound to sound. For John Palmer, mental and spiritual energy and inner feelings are central aspects of his imagination, which nevertheless ignites in a productive tension with non-musical phenomena. His CD project Other Places is a prime example of this. <i>Other Places<\/i> steht exemplarisch daf\u00fcr.<\/p>\n<p>In these \u201cother places,\u201d imaginary and real spaces, thoughts, memories, and experiences of a composer who is often inspired by Zen Buddhism and understands his life and work as a journey into his own inner self interpenetrate. In this inner sphere, spirit and matter, dream and reality, structure and sensuality merge inseparably. The individual pieces symbolize stages on this journey of sound, but despite metaphorical connections between them, they also speak for themselves. Although each \u201cplace\u201d is a stopover on the way to the next\u2014just as life is ultimately only a stage between birth and death\u2014it is these stopping points, these moments of intense perception, that essentially constitute the beauty of life and invite us to linger.<\/p>\n<p>John Palmer explores times and \u201cspaces\u201d in his works with a high degree of abstraction, piercing emphasis, and luminous timbres. The sounds take on a life of their own, constantly re-exploring the polarity between free flight and ritual character.<\/p>","protected":false},"excerpt":{"rendered":"<p>1 CD<\/p>","protected":false},"featured_media":8617,"template":"","meta":{"site-sidebar-layout":"default","site-content-layout":"default","ast-site-content-layout":"default","site-content-style":"default","site-sidebar-style":"default","ast-global-header-display":"","ast-banner-title-visibility":"","ast-main-header-display":"","ast-hfb-above-header-display":"","ast-hfb-below-header-display":"","ast-hfb-mobile-header-display":"","site-post-title":"","ast-breadcrumbs-content":"","ast-featured-img":"","footer-sml-layout":"","theme-transparent-header-meta":"default","adv-header-id-meta":"","stick-header-meta":"","header-above-stick-meta":"","header-main-stick-meta":"","header-below-stick-meta":"","astra-migrate-meta-layouts":"set","ast-page-background-enabled":"default","ast-page-background-meta":{"desktop":{"background-color":"","background-image":"","background-repeat":"repeat","background-position":"center center","background-size":"auto","background-attachment":"scroll","background-type":"","background-media":"","overlay-type":"","overlay-color":"","overlay-opacity":"","overlay-gradient":""},"tablet":{"background-color":"","background-image":"","background-repeat":"repeat","background-position":"center center","background-size":"auto","background-attachment":"scroll","background-type":"","background-media":"","overlay-type":"","overlay-color":"","overlay-opacity":"","overlay-gradient":""},"mobile":{"background-color":"","background-image":"","background-repeat":"repeat","background-position":"center center","background-size":"auto","background-attachment":"scroll","background-type":"","background-media":"","overlay-type":"","overlay-color":"","overlay-opacity":"","overlay-gradient":""}},"ast-content-background-meta":{"desktop":{"background-color":"var(--ast-global-color-5)","background-image":"","background-repeat":"repeat","background-position":"center center","background-size":"auto","background-attachment":"scroll","background-type":"","background-media":"","overlay-type":"","overlay-color":"","overlay-opacity":"","overlay-gradient":""},"tablet":{"background-color":"var(--ast-global-color-5)","background-image":"","background-repeat":"repeat","background-position":"center center","background-size":"auto","background-attachment":"scroll","background-type":"","background-media":"","overlay-type":"","overlay-color":"","overlay-opacity":"","overlay-gradient":""},"mobile":{"background-color":"var(--ast-global-color-5)","background-image":"","background-repeat":"repeat","background-position":"center center","background-size":"auto","background-attachment":"scroll","background-type":"","background-media":"","overlay-type":"","overlay-color":"","overlay-opacity":"","overlay-gradient":""}}},"product_brand":[],"product_cat":[26],"product_tag":[876],"class_list":{"0":"post-8615","1":"product","2":"type-product","3":"status-publish","4":"has-post-thumbnail","6":"product_cat-zeitgenossische-musik","7":"product_tag-neuveroeffentlichungen","8":"desktop-align-left","9":"tablet-align-left","10":"mobile-align-left","12":"first","13":"instock","14":"taxable","15":"shipping-taxable","16":"purchasable","17":"product-type-simple"},"yoast_head":"<!-- This site is optimized with the Yoast SEO plugin v27.4 - https:\/\/yoast.com\/product\/yoast-seo-wordpress\/ -->\n<title>John Palmer: Other Places - NEOS Music<\/title>\n<meta name=\"description\" content=\"F\u00fcr John Palmer sind geistig-spirituelle Energie und inneres Empfinden zentrale Aspekte seiner Vorstellungskraft, die sich gleichwohl im produktiven Spannungsverh\u00e4ltnis mit au\u00dfermusikalischen Ph\u00e4nomenen entz\u00fcndet. Sein CD-Projekt Other Places steht exemplarisch daf\u00fcr.\" \/>\n<meta name=\"robots\" content=\"index, follow, max-snippet:-1, max-image-preview:large, max-video-preview:-1\" \/>\n<link rel=\"canonical\" href=\"https:\/\/neos-music.com\/en_us\/product\/john-palmer-other-places\/\" \/>\n<meta property=\"og:locale\" content=\"en_US\" \/>\n<meta property=\"og:type\" content=\"article\" \/>\n<meta property=\"og:title\" content=\"John Palmer: Other Places - NEOS Music\" \/>\n<meta property=\"og:description\" content=\"F\u00fcr John Palmer sind geistig-spirituelle Energie und inneres Empfinden zentrale Aspekte seiner Vorstellungskraft, die sich gleichwohl im produktiven Spannungsverh\u00e4ltnis mit au\u00dfermusikalischen Ph\u00e4nomenen entz\u00fcndet. Sein CD-Projekt Other Places steht exemplarisch daf\u00fcr.\" \/>\n<meta property=\"og:url\" content=\"https:\/\/neos-music.com\/en_us\/product\/john-palmer-other-places\/\" \/>\n<meta property=\"og:site_name\" content=\"NEOS Music\" \/>\n<meta property=\"article:modified_time\" content=\"2024-09-06T06:52:08+00:00\" \/>\n<meta property=\"og:image\" content=\"https:\/\/neos-music.com\/wp-content\/uploads\/2024\/08\/NEOS-12423-Palmer-Cover.jpg\" \/>\n\t<meta property=\"og:image:width\" content=\"1648\" \/>\n\t<meta property=\"og:image:height\" content=\"1483\" \/>\n\t<meta property=\"og:image:type\" content=\"image\/webp\" \/>\n<meta name=\"twitter:card\" content=\"summary_large_image\" \/>\n<meta name=\"twitter:label1\" content=\"Est. reading time\" \/>\n\t<meta name=\"twitter:data1\" content=\"2 minutes\" \/>\n<script type=\"application\/ld+json\" class=\"yoast-schema-graph\">{\"@context\":\"https:\\\/\\\/schema.org\",\"@graph\":[{\"@type\":\"WebPage\",\"@id\":\"https:\\\/\\\/neos-music.com\\\/product\\\/john-palmer-other-places\\\/\",\"url\":\"https:\\\/\\\/neos-music.com\\\/product\\\/john-palmer-other-places\\\/\",\"name\":\"John Palmer: Other Places - NEOS Music\",\"isPartOf\":{\"@id\":\"https:\\\/\\\/neos-music.com\\\/#website\"},\"primaryImageOfPage\":{\"@id\":\"https:\\\/\\\/neos-music.com\\\/product\\\/john-palmer-other-places\\\/#primaryimage\"},\"image\":{\"@id\":\"https:\\\/\\\/neos-music.com\\\/product\\\/john-palmer-other-places\\\/#primaryimage\"},\"thumbnailUrl\":\"https:\\\/\\\/i0.wp.com\\\/neos-music.com\\\/wp-content\\\/uploads\\\/2024\\\/08\\\/NEOS-12423-Palmer-Cover.jpg?fit=1648%2C1483&ssl=1\",\"datePublished\":\"2024-08-28T12:10:00+00:00\",\"dateModified\":\"2024-09-06T06:52:08+00:00\",\"description\":\"F\u00fcr John Palmer sind geistig-spirituelle Energie und inneres Empfinden zentrale Aspekte seiner Vorstellungskraft, die sich gleichwohl im produktiven Spannungsverh\u00e4ltnis mit au\u00dfermusikalischen Ph\u00e4nomenen entz\u00fcndet. Sein CD-Projekt Other Places steht exemplarisch daf\u00fcr.\",\"breadcrumb\":{\"@id\":\"https:\\\/\\\/neos-music.com\\\/product\\\/john-palmer-other-places\\\/#breadcrumb\"},\"inLanguage\":\"en-US\",\"potentialAction\":[{\"@type\":\"ReadAction\",\"target\":[\"https:\\\/\\\/neos-music.com\\\/product\\\/john-palmer-other-places\\\/\"]}]},{\"@type\":\"ImageObject\",\"inLanguage\":\"en-US\",\"@id\":\"https:\\\/\\\/neos-music.com\\\/product\\\/john-palmer-other-places\\\/#primaryimage\",\"url\":\"https:\\\/\\\/i0.wp.com\\\/neos-music.com\\\/wp-content\\\/uploads\\\/2024\\\/08\\\/NEOS-12423-Palmer-Cover.jpg?fit=1648%2C1483&ssl=1\",\"contentUrl\":\"https:\\\/\\\/i0.wp.com\\\/neos-music.com\\\/wp-content\\\/uploads\\\/2024\\\/08\\\/NEOS-12423-Palmer-Cover.jpg?fit=1648%2C1483&ssl=1\",\"width\":1648,\"height\":1483},{\"@type\":\"BreadcrumbList\",\"@id\":\"https:\\\/\\\/neos-music.com\\\/product\\\/john-palmer-other-places\\\/#breadcrumb\",\"itemListElement\":[{\"@type\":\"ListItem\",\"position\":1,\"name\":\"Startseite\",\"item\":\"https:\\\/\\\/neos-music.com\\\/\"},{\"@type\":\"ListItem\",\"position\":2,\"name\":\"Produkte\",\"item\":\"https:\\\/\\\/neos-music.com\\\/shop__trashed\\\/\"},{\"@type\":\"ListItem\",\"position\":3,\"name\":\"John Palmer: Other Places\"}]},{\"@type\":\"WebSite\",\"@id\":\"https:\\\/\\\/neos-music.com\\\/#website\",\"url\":\"https:\\\/\\\/neos-music.com\\\/\",\"name\":\"NEOS Music\",\"description\":\"Dein Online Shop f\u00fcr zeitgen\u00f6ssische Musik, Jazz und Classics!\",\"publisher\":{\"@id\":\"https:\\\/\\\/neos-music.com\\\/#organization\"},\"potentialAction\":[{\"@type\":\"SearchAction\",\"target\":{\"@type\":\"EntryPoint\",\"urlTemplate\":\"https:\\\/\\\/neos-music.com\\\/?s={search_term_string}\"},\"query-input\":{\"@type\":\"PropertyValueSpecification\",\"valueRequired\":true,\"valueName\":\"search_term_string\"}}],\"inLanguage\":\"en-US\"},{\"@type\":\"Organization\",\"@id\":\"https:\\\/\\\/neos-music.com\\\/#organization\",\"name\":\"NEOS Music\",\"url\":\"https:\\\/\\\/neos-music.com\\\/\",\"logo\":{\"@type\":\"ImageObject\",\"inLanguage\":\"en-US\",\"@id\":\"https:\\\/\\\/neos-music.com\\\/#\\\/schema\\\/logo\\\/image\\\/\",\"url\":\"https:\\\/\\\/i0.wp.com\\\/neos-music.com\\\/wp-content\\\/uploads\\\/2025\\\/08\\\/NEOS-Logo-weiss.png?fit=800%2C203&ssl=1\",\"contentUrl\":\"https:\\\/\\\/i0.wp.com\\\/neos-music.com\\\/wp-content\\\/uploads\\\/2025\\\/08\\\/NEOS-Logo-weiss.png?fit=800%2C203&ssl=1\",\"width\":800,\"height\":203,\"caption\":\"NEOS Music\"},\"image\":{\"@id\":\"https:\\\/\\\/neos-music.com\\\/#\\\/schema\\\/logo\\\/image\\\/\"}}]}<\/script>\n<!-- \/ Yoast SEO plugin. -->","yoast_head_json":{"title":"John Palmer: Other Places - NEOS Music","description":"F\u00fcr John Palmer sind geistig-spirituelle Energie und inneres Empfinden zentrale Aspekte seiner Vorstellungskraft, die sich gleichwohl im produktiven Spannungsverh\u00e4ltnis mit au\u00dfermusikalischen Ph\u00e4nomenen entz\u00fcndet. Sein CD-Projekt Other Places steht exemplarisch daf\u00fcr.","robots":{"index":"index","follow":"follow","max-snippet":"max-snippet:-1","max-image-preview":"max-image-preview:large","max-video-preview":"max-video-preview:-1"},"canonical":"https:\/\/neos-music.com\/en_us\/product\/john-palmer-other-places\/","og_locale":"en_US","og_type":"article","og_title":"John Palmer: Other Places - NEOS Music","og_description":"F\u00fcr John Palmer sind geistig-spirituelle Energie und inneres Empfinden zentrale Aspekte seiner Vorstellungskraft, die sich gleichwohl im produktiven Spannungsverh\u00e4ltnis mit au\u00dfermusikalischen Ph\u00e4nomenen entz\u00fcndet. Sein CD-Projekt Other Places steht exemplarisch daf\u00fcr.","og_url":"https:\/\/neos-music.com\/en_us\/product\/john-palmer-other-places\/","og_site_name":"NEOS Music","article_modified_time":"2024-09-06T06:52:08+00:00","og_image":[{"width":1648,"height":1483,"url":"https:\/\/neos-music.com\/wp-content\/uploads\/2024\/08\/NEOS-12423-Palmer-Cover.jpg","type":"image\/webp"}],"twitter_card":"summary_large_image","twitter_misc":{"Est. reading time":"2 minutes"},"schema":{"@context":"https:\/\/schema.org","@graph":[{"@type":"WebPage","@id":"https:\/\/neos-music.com\/product\/john-palmer-other-places\/","url":"https:\/\/neos-music.com\/product\/john-palmer-other-places\/","name":"John Palmer: Other Places - NEOS Music","isPartOf":{"@id":"https:\/\/neos-music.com\/#website"},"primaryImageOfPage":{"@id":"https:\/\/neos-music.com\/product\/john-palmer-other-places\/#primaryimage"},"image":{"@id":"https:\/\/neos-music.com\/product\/john-palmer-other-places\/#primaryimage"},"thumbnailUrl":"https:\/\/i0.wp.com\/neos-music.com\/wp-content\/uploads\/2024\/08\/NEOS-12423-Palmer-Cover.jpg?fit=1648%2C1483&ssl=1","datePublished":"2024-08-28T12:10:00+00:00","dateModified":"2024-09-06T06:52:08+00:00","description":"F\u00fcr John Palmer sind geistig-spirituelle Energie und inneres Empfinden zentrale Aspekte seiner Vorstellungskraft, die sich gleichwohl im produktiven Spannungsverh\u00e4ltnis mit au\u00dfermusikalischen Ph\u00e4nomenen entz\u00fcndet. Sein CD-Projekt Other Places steht exemplarisch daf\u00fcr.","breadcrumb":{"@id":"https:\/\/neos-music.com\/product\/john-palmer-other-places\/#breadcrumb"},"inLanguage":"en-US","potentialAction":[{"@type":"ReadAction","target":["https:\/\/neos-music.com\/product\/john-palmer-other-places\/"]}]},{"@type":"ImageObject","inLanguage":"en-US","@id":"https:\/\/neos-music.com\/product\/john-palmer-other-places\/#primaryimage","url":"https:\/\/i0.wp.com\/neos-music.com\/wp-content\/uploads\/2024\/08\/NEOS-12423-Palmer-Cover.jpg?fit=1648%2C1483&ssl=1","contentUrl":"https:\/\/i0.wp.com\/neos-music.com\/wp-content\/uploads\/2024\/08\/NEOS-12423-Palmer-Cover.jpg?fit=1648%2C1483&ssl=1","width":1648,"height":1483},{"@type":"BreadcrumbList","@id":"https:\/\/neos-music.com\/product\/john-palmer-other-places\/#breadcrumb","itemListElement":[{"@type":"ListItem","position":1,"name":"Startseite","item":"https:\/\/neos-music.com\/"},{"@type":"ListItem","position":2,"name":"Produkte","item":"https:\/\/neos-music.com\/shop__trashed\/"},{"@type":"ListItem","position":3,"name":"John Palmer: Other Places"}]},{"@type":"WebSite","@id":"https:\/\/neos-music.com\/#website","url":"https:\/\/neos-music.com\/","name":"NEOS Music","description":"Dein Online Shop f\u00fcr zeitgen\u00f6ssische Musik, Jazz und Classics!","publisher":{"@id":"https:\/\/neos-music.com\/#organization"},"potentialAction":[{"@type":"SearchAction","target":{"@type":"EntryPoint","urlTemplate":"https:\/\/neos-music.com\/?s={search_term_string}"},"query-input":{"@type":"PropertyValueSpecification","valueRequired":true,"valueName":"search_term_string"}}],"inLanguage":"en-US"},{"@type":"Organization","@id":"https:\/\/neos-music.com\/#organization","name":"NEOS Music","url":"https:\/\/neos-music.com\/","logo":{"@type":"ImageObject","inLanguage":"en-US","@id":"https:\/\/neos-music.com\/#\/schema\/logo\/image\/","url":"https:\/\/i0.wp.com\/neos-music.com\/wp-content\/uploads\/2025\/08\/NEOS-Logo-weiss.png?fit=800%2C203&ssl=1","contentUrl":"https:\/\/i0.wp.com\/neos-music.com\/wp-content\/uploads\/2025\/08\/NEOS-Logo-weiss.png?fit=800%2C203&ssl=1","width":800,"height":203,"caption":"NEOS Music"},"image":{"@id":"https:\/\/neos-music.com\/#\/schema\/logo\/image\/"}}]}},"jetpack_sharing_enabled":true,"_links":{"self":[{"href":"https:\/\/neos-music.com\/en_us\/wp-json\/wp\/v2\/product\/8615","targetHints":{"allow":["GET"]}}],"collection":[{"href":"https:\/\/neos-music.com\/en_us\/wp-json\/wp\/v2\/product"}],"about":[{"href":"https:\/\/neos-music.com\/en_us\/wp-json\/wp\/v2\/types\/product"}],"version-history":[{"count":2,"href":"https:\/\/neos-music.com\/en_us\/wp-json\/wp\/v2\/product\/8615\/revisions"}],"predecessor-version":[{"id":8620,"href":"https:\/\/neos-music.com\/en_us\/wp-json\/wp\/v2\/product\/8615\/revisions\/8620"}],"wp:featuredmedia":[{"embeddable":true,"href":"https:\/\/neos-music.com\/en_us\/wp-json\/wp\/v2\/media\/8617"}],"wp:attachment":[{"href":"https:\/\/neos-music.com\/en_us\/wp-json\/wp\/v2\/media?parent=8615"}],"wp:term":[{"taxonomy":"product_brand","embeddable":true,"href":"https:\/\/neos-music.com\/en_us\/wp-json\/wp\/v2\/product_brand?post=8615"},{"taxonomy":"product_cat","embeddable":true,"href":"https:\/\/neos-music.com\/en_us\/wp-json\/wp\/v2\/product_cat?post=8615"},{"taxonomy":"product_tag","embeddable":true,"href":"https:\/\/neos-music.com\/en_us\/wp-json\/wp\/v2\/product_tag?post=8615"}],"curies":[{"name":"wp","href":"https:\/\/api.w.org\/{rel}","templated":true}]}}