{"id":8621,"date":"2024-08-28T12:00:05","date_gmt":"2024-08-28T10:00:05","guid":{"rendered":"https:\/\/neos-music.com\/?post_type=product&#038;p=8621"},"modified":"2024-09-06T08:54:12","modified_gmt":"2024-09-06T06:54:12","slug":"steffen-schleiermacher-works-for-two-pianos","status":"publish","type":"product","link":"https:\/\/neos-music.com\/en_us\/product\/steffen-schleiermacher-works-for-two-pianos\/","title":{"rendered":"<span class=\"notranslate\">Steffen Schleiermacher: Works for Two Pianos<\/span>"},"content":{"rendered":"<p>\"I don't think it's wrong for a composer to be interested in painting, literature, dance, or film. That said, I'm not constantly on the hunt for inspiration. I usually read books and look at pictures without any ulterior motives\u2014and I don't weigh up in advance what might be suitable for musical \u2018reuse\u2019. It may seem that creative people are always \u2018on duty\u2019, but that is not my intention, at least. Fortunately.\"<br \/>\n<em>Steffen Schleiermacher<\/em><\/p>\n<p style=\"font-weight: 400;\">\n<p style=\"font-weight: 400;\">For this CD, the GrauSchumacher Piano Duo has recorded several of his compositions for two pianos. Four of the works are inspired by visual artists: \u201cWund-Gestein \u2013 Hommage \u00e0 Gerhard Altenbourg,\u201d \u201cZeichen Im Klang \u2013 Hommage \u00e0 Paul Klee,\u201d \u201cTriptychon \u2013 Hommage \u00e0 Max Beckmann,\u201d and \u201cDrei Grotesken mit Paul Scheerbart.\u201d<\/p>\n<p style=\"font-weight: 400;\">\n<p style=\"font-weight: 400;\">The program is complemented by Steffen Schleiermacher's adaptation of Hanns Eisler's \u201cOrchestral Suite No. 3 \u2018Kuhle Wampe\u2019,\u201d an arrangement for two pianos and percussion.<\/p>\n<p style=\"font-weight: 400;\">\n<p style=\"font-weight: 400;\" class=\"translation-block\">In \u201cWunderlaut,\u201d a fifth hand joins Andreas Grau and G\u00f6tz Schumacher \u2013 this hand belongs to Steffen Schleiermacher.\n\u201cThis little piece was written for this production. There was just a little space left on the keyboard... Although the two of them don't really need a fifth hand,\u201d says the composer.<\/p>","protected":false},"excerpt":{"rendered":"<p>1 CD<\/p>","protected":false},"featured_media":8623,"template":"","meta":{"site-sidebar-layout":"default","site-content-layout":"default","ast-site-content-layout":"default","site-content-style":"default","site-sidebar-style":"default","ast-global-header-display":"","ast-banner-title-visibility":"","ast-main-header-display":"","ast-hfb-above-header-display":"","ast-hfb-below-header-display":"","ast-hfb-mobile-header-display":"","site-post-title":"","ast-breadcrumbs-content":"","ast-featured-img":"","footer-sml-layout":"","theme-transparent-header-meta":"default","adv-header-id-meta":"","stick-header-meta":"","header-above-stick-meta":"","header-main-stick-meta":"","header-below-stick-meta":"","astra-migrate-meta-layouts":"set","ast-page-background-enabled":"default","ast-page-background-meta":{"desktop":{"background-color":"","background-image":"","background-repeat":"repeat","background-position":"center center","background-size":"auto","background-attachment":"scroll","background-type":"","background-media":"","overlay-type":"","overlay-color":"","overlay-opacity":"","overlay-gradient":""},"tablet":{"background-color":"","background-image":"","background-repeat":"repeat","background-position":"center center","background-size":"auto","background-attachment":"scroll","background-type":"","background-media":"","overlay-type":"","overlay-color":"","overlay-opacity":"","overlay-gradient":""},"mobile":{"background-color":"","background-image":"","background-repeat":"repeat","background-position":"center center","background-size":"auto","background-attachment":"scroll","background-type":"","background-media":"","overlay-type":"","overlay-color":"","overlay-opacity":"","overlay-gradient":""}},"ast-content-background-meta":{"desktop":{"background-color":"var(--ast-global-color-5)","background-image":"","background-repeat":"repeat","background-position":"center center","background-size":"auto","background-attachment":"scroll","background-type":"","background-media":"","overlay-type":"","overlay-color":"","overlay-opacity":"","overlay-gradient":""},"tablet":{"background-color":"var(--ast-global-color-5)","background-image":"","background-repeat":"repeat","background-position":"center center","background-size":"auto","background-attachment":"scroll","background-type":"","background-media":"","overlay-type":"","overlay-color":"","overlay-opacity":"","overlay-gradient":""},"mobile":{"background-color":"var(--ast-global-color-5)","background-image":"","background-repeat":"repeat","background-position":"center center","background-size":"auto","background-attachment":"scroll","background-type":"","background-media":"","overlay-type":"","overlay-color":"","overlay-opacity":"","overlay-gradient":""}}},"product_brand":[],"product_cat":[26],"product_tag":[876],"class_list":{"0":"post-8621","1":"product","2":"type-product","3":"status-publish","4":"has-post-thumbnail","6":"product_cat-zeitgenossische-musik","7":"product_tag-neuveroeffentlichungen","8":"desktop-align-left","9":"tablet-align-left","10":"mobile-align-left","12":"first","13":"instock","14":"taxable","15":"shipping-taxable","16":"purchasable","17":"product-type-simple"},"yoast_head":"<!-- This site is optimized with the Yoast SEO plugin v27.4 - https:\/\/yoast.com\/product\/yoast-seo-wordpress\/ -->\n<title>Steffen Schleiermacher: Works for Two Pianos - NEOS Music<\/title>\n<meta name=\"description\" content=\"F\u00fcr diese CD hat das GrauSchumacher Piano Duo mehrere seiner Kompositionen f\u00fcr zwei Klaviere eingespielt. Vier der Werke sind von bildenden K\u00fcnstlern inspiriert: \u201eWund-Gestein \u2013 Hommage \u00e0 Gerhard Altenbourg\u201c, \u201eZeichen Im Klang \u2013 Hommage \u00e0 Paul Klee\u201c, \u201eTriptychon \u2013 Hommage \u00e0 Max Beckmann\u201c und \u201eDrei Grotesken mit Paul Scheerbart\u201c.\" \/>\n<meta name=\"robots\" content=\"index, follow, max-snippet:-1, max-image-preview:large, max-video-preview:-1\" \/>\n<link rel=\"canonical\" href=\"https:\/\/neos-music.com\/en_us\/product\/steffen-schleiermacher-works-for-two-pianos\/\" \/>\n<meta property=\"og:locale\" content=\"en_US\" \/>\n<meta property=\"og:type\" content=\"article\" \/>\n<meta property=\"og:title\" content=\"Steffen Schleiermacher: Works for Two Pianos - NEOS Music\" \/>\n<meta property=\"og:description\" content=\"F\u00fcr diese CD hat das GrauSchumacher Piano Duo mehrere seiner Kompositionen f\u00fcr zwei Klaviere eingespielt. Vier der Werke sind von bildenden K\u00fcnstlern inspiriert: \u201eWund-Gestein \u2013 Hommage \u00e0 Gerhard Altenbourg\u201c, \u201eZeichen Im Klang \u2013 Hommage \u00e0 Paul Klee\u201c, \u201eTriptychon \u2013 Hommage \u00e0 Max Beckmann\u201c und \u201eDrei Grotesken mit Paul Scheerbart\u201c.\" \/>\n<meta property=\"og:url\" content=\"https:\/\/neos-music.com\/en_us\/product\/steffen-schleiermacher-works-for-two-pianos\/\" \/>\n<meta property=\"og:site_name\" content=\"NEOS Music\" \/>\n<meta property=\"article:modified_time\" content=\"2024-09-06T06:54:12+00:00\" \/>\n<meta property=\"og:image\" content=\"https:\/\/neos-music.com\/wp-content\/uploads\/2024\/08\/NEOS-12401-Schleiermacher-Cover.jpg\" \/>\n\t<meta property=\"og:image:width\" content=\"1647\" \/>\n\t<meta property=\"og:image:height\" content=\"1484\" \/>\n\t<meta property=\"og:image:type\" content=\"image\/webp\" \/>\n<meta name=\"twitter:card\" content=\"summary_large_image\" \/>\n<meta name=\"twitter:label1\" content=\"Est. reading time\" \/>\n\t<meta name=\"twitter:data1\" content=\"2 minutes\" \/>\n<script type=\"application\/ld+json\" class=\"yoast-schema-graph\">{\"@context\":\"https:\\\/\\\/schema.org\",\"@graph\":[{\"@type\":\"WebPage\",\"@id\":\"https:\\\/\\\/neos-music.com\\\/product\\\/steffen-schleiermacher-works-for-two-pianos\\\/\",\"url\":\"https:\\\/\\\/neos-music.com\\\/product\\\/steffen-schleiermacher-works-for-two-pianos\\\/\",\"name\":\"Steffen Schleiermacher: Works for Two Pianos - NEOS Music\",\"isPartOf\":{\"@id\":\"https:\\\/\\\/neos-music.com\\\/#website\"},\"primaryImageOfPage\":{\"@id\":\"https:\\\/\\\/neos-music.com\\\/product\\\/steffen-schleiermacher-works-for-two-pianos\\\/#primaryimage\"},\"image\":{\"@id\":\"https:\\\/\\\/neos-music.com\\\/product\\\/steffen-schleiermacher-works-for-two-pianos\\\/#primaryimage\"},\"thumbnailUrl\":\"https:\\\/\\\/i0.wp.com\\\/neos-music.com\\\/wp-content\\\/uploads\\\/2024\\\/08\\\/NEOS-12401-Schleiermacher-Cover.jpg?fit=1647%2C1484&ssl=1\",\"datePublished\":\"2024-08-28T10:00:05+00:00\",\"dateModified\":\"2024-09-06T06:54:12+00:00\",\"description\":\"F\u00fcr diese CD hat das GrauSchumacher Piano Duo mehrere seiner Kompositionen f\u00fcr zwei Klaviere eingespielt. Vier der Werke sind von bildenden K\u00fcnstlern inspiriert: \u201eWund-Gestein \u2013 Hommage \u00e0 Gerhard Altenbourg\u201c, \u201eZeichen Im Klang \u2013 Hommage \u00e0 Paul Klee\u201c, \u201eTriptychon \u2013 Hommage \u00e0 Max Beckmann\u201c und \u201eDrei Grotesken mit Paul Scheerbart\u201c.\",\"breadcrumb\":{\"@id\":\"https:\\\/\\\/neos-music.com\\\/product\\\/steffen-schleiermacher-works-for-two-pianos\\\/#breadcrumb\"},\"inLanguage\":\"en-US\",\"potentialAction\":[{\"@type\":\"ReadAction\",\"target\":[\"https:\\\/\\\/neos-music.com\\\/product\\\/steffen-schleiermacher-works-for-two-pianos\\\/\"]}]},{\"@type\":\"ImageObject\",\"inLanguage\":\"en-US\",\"@id\":\"https:\\\/\\\/neos-music.com\\\/product\\\/steffen-schleiermacher-works-for-two-pianos\\\/#primaryimage\",\"url\":\"https:\\\/\\\/i0.wp.com\\\/neos-music.com\\\/wp-content\\\/uploads\\\/2024\\\/08\\\/NEOS-12401-Schleiermacher-Cover.jpg?fit=1647%2C1484&ssl=1\",\"contentUrl\":\"https:\\\/\\\/i0.wp.com\\\/neos-music.com\\\/wp-content\\\/uploads\\\/2024\\\/08\\\/NEOS-12401-Schleiermacher-Cover.jpg?fit=1647%2C1484&ssl=1\",\"width\":1647,\"height\":1484},{\"@type\":\"BreadcrumbList\",\"@id\":\"https:\\\/\\\/neos-music.com\\\/product\\\/steffen-schleiermacher-works-for-two-pianos\\\/#breadcrumb\",\"itemListElement\":[{\"@type\":\"ListItem\",\"position\":1,\"name\":\"Startseite\",\"item\":\"https:\\\/\\\/neos-music.com\\\/\"},{\"@type\":\"ListItem\",\"position\":2,\"name\":\"Produkte\",\"item\":\"https:\\\/\\\/neos-music.com\\\/shop__trashed\\\/\"},{\"@type\":\"ListItem\",\"position\":3,\"name\":\"Steffen Schleiermacher: Works for Two Pianos\"}]},{\"@type\":\"WebSite\",\"@id\":\"https:\\\/\\\/neos-music.com\\\/#website\",\"url\":\"https:\\\/\\\/neos-music.com\\\/\",\"name\":\"NEOS Music\",\"description\":\"Dein Online Shop f\u00fcr zeitgen\u00f6ssische Musik, Jazz und Classics!\",\"publisher\":{\"@id\":\"https:\\\/\\\/neos-music.com\\\/#organization\"},\"potentialAction\":[{\"@type\":\"SearchAction\",\"target\":{\"@type\":\"EntryPoint\",\"urlTemplate\":\"https:\\\/\\\/neos-music.com\\\/?s={search_term_string}\"},\"query-input\":{\"@type\":\"PropertyValueSpecification\",\"valueRequired\":true,\"valueName\":\"search_term_string\"}}],\"inLanguage\":\"en-US\"},{\"@type\":\"Organization\",\"@id\":\"https:\\\/\\\/neos-music.com\\\/#organization\",\"name\":\"NEOS Music\",\"url\":\"https:\\\/\\\/neos-music.com\\\/\",\"logo\":{\"@type\":\"ImageObject\",\"inLanguage\":\"en-US\",\"@id\":\"https:\\\/\\\/neos-music.com\\\/#\\\/schema\\\/logo\\\/image\\\/\",\"url\":\"https:\\\/\\\/i0.wp.com\\\/neos-music.com\\\/wp-content\\\/uploads\\\/2025\\\/08\\\/NEOS-Logo-weiss.png?fit=800%2C203&ssl=1\",\"contentUrl\":\"https:\\\/\\\/i0.wp.com\\\/neos-music.com\\\/wp-content\\\/uploads\\\/2025\\\/08\\\/NEOS-Logo-weiss.png?fit=800%2C203&ssl=1\",\"width\":800,\"height\":203,\"caption\":\"NEOS Music\"},\"image\":{\"@id\":\"https:\\\/\\\/neos-music.com\\\/#\\\/schema\\\/logo\\\/image\\\/\"}}]}<\/script>\n<!-- \/ Yoast SEO plugin. -->","yoast_head_json":{"title":"Steffen Schleiermacher: Works for Two Pianos - NEOS Music","description":"For this CD, the GrauSchumacher Piano Duo has recorded several of his compositions for two pianos. Four of the works are inspired by visual artists: \u201cWund-Gestein \u2013 Hommage \u00e0 Gerhard Altenbourg,\u201d \u201cZeichen Im Klang \u2013 Hommage \u00e0 Paul Klee,\u201d \u201cTriptychon \u2013 Hommage \u00e0 Max Beckmann,\u201d and \u201cDrei Grotesken mit Paul Scheerbart.\u201d","robots":{"index":"index","follow":"follow","max-snippet":"max-snippet:-1","max-image-preview":"max-image-preview:large","max-video-preview":"max-video-preview:-1"},"canonical":"https:\/\/neos-music.com\/en_us\/product\/steffen-schleiermacher-works-for-two-pianos\/","og_locale":"en_US","og_type":"article","og_title":"Steffen Schleiermacher: Works for Two Pianos - NEOS Music","og_description":"F\u00fcr diese CD hat das GrauSchumacher Piano Duo mehrere seiner Kompositionen f\u00fcr zwei Klaviere eingespielt. Vier der Werke sind von bildenden K\u00fcnstlern inspiriert: \u201eWund-Gestein \u2013 Hommage \u00e0 Gerhard Altenbourg\u201c, \u201eZeichen Im Klang \u2013 Hommage \u00e0 Paul Klee\u201c, \u201eTriptychon \u2013 Hommage \u00e0 Max Beckmann\u201c und \u201eDrei Grotesken mit Paul Scheerbart\u201c.","og_url":"https:\/\/neos-music.com\/en_us\/product\/steffen-schleiermacher-works-for-two-pianos\/","og_site_name":"NEOS Music","article_modified_time":"2024-09-06T06:54:12+00:00","og_image":[{"width":1647,"height":1484,"url":"https:\/\/neos-music.com\/wp-content\/uploads\/2024\/08\/NEOS-12401-Schleiermacher-Cover.jpg","type":"image\/webp"}],"twitter_card":"summary_large_image","twitter_misc":{"Est. reading time":"2 minutes"},"schema":{"@context":"https:\/\/schema.org","@graph":[{"@type":"WebPage","@id":"https:\/\/neos-music.com\/product\/steffen-schleiermacher-works-for-two-pianos\/","url":"https:\/\/neos-music.com\/product\/steffen-schleiermacher-works-for-two-pianos\/","name":"Steffen Schleiermacher: Works for Two Pianos - NEOS Music","isPartOf":{"@id":"https:\/\/neos-music.com\/#website"},"primaryImageOfPage":{"@id":"https:\/\/neos-music.com\/product\/steffen-schleiermacher-works-for-two-pianos\/#primaryimage"},"image":{"@id":"https:\/\/neos-music.com\/product\/steffen-schleiermacher-works-for-two-pianos\/#primaryimage"},"thumbnailUrl":"https:\/\/i0.wp.com\/neos-music.com\/wp-content\/uploads\/2024\/08\/NEOS-12401-Schleiermacher-Cover.jpg?fit=1647%2C1484&ssl=1","datePublished":"2024-08-28T10:00:05+00:00","dateModified":"2024-09-06T06:54:12+00:00","description":"For this CD, the GrauSchumacher Piano Duo has recorded several of his compositions for two pianos. Four of the works are inspired by visual artists: \u201cWund-Gestein \u2013 Hommage \u00e0 Gerhard Altenbourg,\u201d \u201cZeichen Im Klang \u2013 Hommage \u00e0 Paul Klee,\u201d \u201cTriptychon \u2013 Hommage \u00e0 Max Beckmann,\u201d and \u201cDrei Grotesken mit Paul Scheerbart.\u201d","breadcrumb":{"@id":"https:\/\/neos-music.com\/product\/steffen-schleiermacher-works-for-two-pianos\/#breadcrumb"},"inLanguage":"en-US","potentialAction":[{"@type":"ReadAction","target":["https:\/\/neos-music.com\/product\/steffen-schleiermacher-works-for-two-pianos\/"]}]},{"@type":"ImageObject","inLanguage":"en-US","@id":"https:\/\/neos-music.com\/product\/steffen-schleiermacher-works-for-two-pianos\/#primaryimage","url":"https:\/\/i0.wp.com\/neos-music.com\/wp-content\/uploads\/2024\/08\/NEOS-12401-Schleiermacher-Cover.jpg?fit=1647%2C1484&ssl=1","contentUrl":"https:\/\/i0.wp.com\/neos-music.com\/wp-content\/uploads\/2024\/08\/NEOS-12401-Schleiermacher-Cover.jpg?fit=1647%2C1484&ssl=1","width":1647,"height":1484},{"@type":"BreadcrumbList","@id":"https:\/\/neos-music.com\/product\/steffen-schleiermacher-works-for-two-pianos\/#breadcrumb","itemListElement":[{"@type":"ListItem","position":1,"name":"Startseite","item":"https:\/\/neos-music.com\/"},{"@type":"ListItem","position":2,"name":"Produkte","item":"https:\/\/neos-music.com\/shop__trashed\/"},{"@type":"ListItem","position":3,"name":"Steffen Schleiermacher: Works for Two Pianos"}]},{"@type":"WebSite","@id":"https:\/\/neos-music.com\/#website","url":"https:\/\/neos-music.com\/","name":"NEOS Music","description":"Dein Online Shop f\u00fcr zeitgen\u00f6ssische Musik, Jazz und Classics!","publisher":{"@id":"https:\/\/neos-music.com\/#organization"},"potentialAction":[{"@type":"SearchAction","target":{"@type":"EntryPoint","urlTemplate":"https:\/\/neos-music.com\/?s={search_term_string}"},"query-input":{"@type":"PropertyValueSpecification","valueRequired":true,"valueName":"search_term_string"}}],"inLanguage":"en-US"},{"@type":"Organization","@id":"https:\/\/neos-music.com\/#organization","name":"NEOS Music","url":"https:\/\/neos-music.com\/","logo":{"@type":"ImageObject","inLanguage":"en-US","@id":"https:\/\/neos-music.com\/#\/schema\/logo\/image\/","url":"https:\/\/i0.wp.com\/neos-music.com\/wp-content\/uploads\/2025\/08\/NEOS-Logo-weiss.png?fit=800%2C203&ssl=1","contentUrl":"https:\/\/i0.wp.com\/neos-music.com\/wp-content\/uploads\/2025\/08\/NEOS-Logo-weiss.png?fit=800%2C203&ssl=1","width":800,"height":203,"caption":"NEOS Music"},"image":{"@id":"https:\/\/neos-music.com\/#\/schema\/logo\/image\/"}}]}},"jetpack_sharing_enabled":true,"_links":{"self":[{"href":"https:\/\/neos-music.com\/en_us\/wp-json\/wp\/v2\/product\/8621","targetHints":{"allow":["GET"]}}],"collection":[{"href":"https:\/\/neos-music.com\/en_us\/wp-json\/wp\/v2\/product"}],"about":[{"href":"https:\/\/neos-music.com\/en_us\/wp-json\/wp\/v2\/types\/product"}],"version-history":[{"count":3,"href":"https:\/\/neos-music.com\/en_us\/wp-json\/wp\/v2\/product\/8621\/revisions"}],"predecessor-version":[{"id":8628,"href":"https:\/\/neos-music.com\/en_us\/wp-json\/wp\/v2\/product\/8621\/revisions\/8628"}],"wp:featuredmedia":[{"embeddable":true,"href":"https:\/\/neos-music.com\/en_us\/wp-json\/wp\/v2\/media\/8623"}],"wp:attachment":[{"href":"https:\/\/neos-music.com\/en_us\/wp-json\/wp\/v2\/media?parent=8621"}],"wp:term":[{"taxonomy":"product_brand","embeddable":true,"href":"https:\/\/neos-music.com\/en_us\/wp-json\/wp\/v2\/product_brand?post=8621"},{"taxonomy":"product_cat","embeddable":true,"href":"https:\/\/neos-music.com\/en_us\/wp-json\/wp\/v2\/product_cat?post=8621"},{"taxonomy":"product_tag","embeddable":true,"href":"https:\/\/neos-music.com\/en_us\/wp-json\/wp\/v2\/product_tag?post=8621"}],"curies":[{"name":"wp","href":"https:\/\/api.w.org\/{rel}","templated":true}]}}