{"id":8676,"date":"2024-09-28T11:00:25","date_gmt":"2024-09-28T09:00:25","guid":{"rendered":"https:\/\/neos-music.com\/?post_type=product&#038;p=8676"},"modified":"2024-09-30T11:34:05","modified_gmt":"2024-09-30T09:34:05","slug":"johannes-maria-staud-chamber-music","status":"publish","type":"product","link":"https:\/\/neos-music.com\/en_us\/product\/johannes-maria-staud-chamber-music\/","title":{"rendered":"<span class=\"notranslate\">Johannes Maria Staud: Chamber Music<\/span>"},"content":{"rendered":"<p>A hike through challenging terrain; sounds reminiscent of light tones, smells, and tastes; alchemical elements in various states of aggregation; fragmented linguistic utterances and their musical resonance, or even a (seemingly) abstract number\u2014the chamber music works on this CD cover a wide range of allusions and associations typical of Johannes Maria Staud's work. Born in Innsbruck in 1974, the composer, who now teaches as a professor at the Mozarteum University in Salzburg, does not limit himself to diverse inspirations from all possible areas of literature. Visual arts and geometry are just as much a source of inspiration for him as cinematic works or theories from various scientific disciplines, such as semiology (the study of signs), botany, or mathematics. In fact, numerical ratios often play a more or less hidden role in his pieces on different levels, but this does not have to be consciously understood in order for them to have an effect.<\/p>\n<p>The works compiled here from over 20 years reveal a continuous development, but also a distinctive style \u2013 as well as an astonishing maturity even in the earliest compositions. Staud's scores are full of precise performance instructions, which sometimes also include theatrical elements, and detailed, often very expressive (and unconventional) performance markings. From the outset, Staud has demonstrated virtuoso command of a wide range of tonal resources, knowing how to use effective effects despite the finest nuances. The grand gesture is sometimes deliberately sought, but always counterbalanced by subtle means.<\/p>","protected":false},"excerpt":{"rendered":"<p>1 CD<\/p>","protected":false},"featured_media":8678,"template":"","meta":{"site-sidebar-layout":"default","site-content-layout":"default","ast-site-content-layout":"default","site-content-style":"default","site-sidebar-style":"default","ast-global-header-display":"","ast-banner-title-visibility":"","ast-main-header-display":"","ast-hfb-above-header-display":"","ast-hfb-below-header-display":"","ast-hfb-mobile-header-display":"","site-post-title":"","ast-breadcrumbs-content":"","ast-featured-img":"","footer-sml-layout":"","theme-transparent-header-meta":"default","adv-header-id-meta":"","stick-header-meta":"","header-above-stick-meta":"","header-main-stick-meta":"","header-below-stick-meta":"","astra-migrate-meta-layouts":"set","ast-page-background-enabled":"default","ast-page-background-meta":{"desktop":{"background-color":"","background-image":"","background-repeat":"repeat","background-position":"center center","background-size":"auto","background-attachment":"scroll","background-type":"","background-media":"","overlay-type":"","overlay-color":"","overlay-opacity":"","overlay-gradient":""},"tablet":{"background-color":"","background-image":"","background-repeat":"repeat","background-position":"center center","background-size":"auto","background-attachment":"scroll","background-type":"","background-media":"","overlay-type":"","overlay-color":"","overlay-opacity":"","overlay-gradient":""},"mobile":{"background-color":"","background-image":"","background-repeat":"repeat","background-position":"center center","background-size":"auto","background-attachment":"scroll","background-type":"","background-media":"","overlay-type":"","overlay-color":"","overlay-opacity":"","overlay-gradient":""}},"ast-content-background-meta":{"desktop":{"background-color":"var(--ast-global-color-5)","background-image":"","background-repeat":"repeat","background-position":"center center","background-size":"auto","background-attachment":"scroll","background-type":"","background-media":"","overlay-type":"","overlay-color":"","overlay-opacity":"","overlay-gradient":""},"tablet":{"background-color":"var(--ast-global-color-5)","background-image":"","background-repeat":"repeat","background-position":"center center","background-size":"auto","background-attachment":"scroll","background-type":"","background-media":"","overlay-type":"","overlay-color":"","overlay-opacity":"","overlay-gradient":""},"mobile":{"background-color":"var(--ast-global-color-5)","background-image":"","background-repeat":"repeat","background-position":"center center","background-size":"auto","background-attachment":"scroll","background-type":"","background-media":"","overlay-type":"","overlay-color":"","overlay-opacity":"","overlay-gradient":""}}},"product_brand":[],"product_cat":[26],"product_tag":[876],"class_list":{"0":"post-8676","1":"product","2":"type-product","3":"status-publish","4":"has-post-thumbnail","6":"product_cat-zeitgenossische-musik","7":"product_tag-neuveroeffentlichungen","8":"desktop-align-left","9":"tablet-align-left","10":"mobile-align-left","12":"first","13":"instock","14":"taxable","15":"shipping-taxable","16":"purchasable","17":"product-type-simple"},"yoast_head":"<!-- This site is optimized with the Yoast SEO plugin v27.3 - https:\/\/yoast.com\/product\/yoast-seo-wordpress\/ -->\n<title>Johannes Maria Staud: Chamber Music - NEOS Music<\/title>\n<meta name=\"description\" content=\"Eine Wanderung durch anspruchsvolles Gel\u00e4nde; Kl\u00e4nge, die an Lichtt\u00f6ne, Ger\u00fcche und Geschm\u00e4cker erinnern; alchimistische Elemente in verschiedenen Aggregatzust\u00e4nden; fragmentierte sprachliche \u00c4u\u00dferungen und ihre musikalische Resonanz oder auch einmal eine (scheinbar) abstrakte Zahl \u2013 die Kammermusikwerke auf dieser CD durchmessen ein weites Feld an Anspielungen und Assoziationen, wie sie f\u00fcr das Schaffen von Johannes Maria Staud typisch sind.\" \/>\n<meta name=\"robots\" content=\"index, follow, max-snippet:-1, max-image-preview:large, max-video-preview:-1\" \/>\n<link rel=\"canonical\" href=\"https:\/\/neos-music.com\/en_us\/product\/johannes-maria-staud-chamber-music\/\" \/>\n<meta property=\"og:locale\" content=\"en_US\" \/>\n<meta property=\"og:type\" content=\"article\" \/>\n<meta property=\"og:title\" content=\"Johannes Maria Staud: Chamber Music - NEOS Music\" \/>\n<meta property=\"og:description\" content=\"Eine Wanderung durch anspruchsvolles Gel\u00e4nde; Kl\u00e4nge, die an Lichtt\u00f6ne, Ger\u00fcche und Geschm\u00e4cker erinnern; alchimistische Elemente in verschiedenen Aggregatzust\u00e4nden; fragmentierte sprachliche \u00c4u\u00dferungen und ihre musikalische Resonanz oder auch einmal eine (scheinbar) abstrakte Zahl \u2013 die Kammermusikwerke auf dieser CD durchmessen ein weites Feld an Anspielungen und Assoziationen, wie sie f\u00fcr das Schaffen von Johannes Maria Staud typisch sind.\" \/>\n<meta property=\"og:url\" content=\"https:\/\/neos-music.com\/en_us\/product\/johannes-maria-staud-chamber-music\/\" \/>\n<meta property=\"og:site_name\" content=\"NEOS Music\" \/>\n<meta property=\"article:modified_time\" content=\"2024-09-30T09:34:05+00:00\" \/>\n<meta property=\"og:image\" content=\"https:\/\/neos-music.com\/wp-content\/uploads\/2024\/08\/NEOS-12425-Staud-Cover.jpg\" \/>\n\t<meta property=\"og:image:width\" content=\"1647\" \/>\n\t<meta property=\"og:image:height\" content=\"1482\" \/>\n\t<meta property=\"og:image:type\" content=\"image\/jpeg\" \/>\n<meta name=\"twitter:card\" content=\"summary_large_image\" \/>\n<meta name=\"twitter:label1\" content=\"Est. reading time\" \/>\n\t<meta name=\"twitter:data1\" content=\"2 minutes\" \/>\n<script type=\"application\/ld+json\" class=\"yoast-schema-graph\">{\"@context\":\"https:\\\/\\\/schema.org\",\"@graph\":[{\"@type\":\"WebPage\",\"@id\":\"https:\\\/\\\/neos-music.com\\\/product\\\/johannes-maria-staud-chamber-music\\\/\",\"url\":\"https:\\\/\\\/neos-music.com\\\/product\\\/johannes-maria-staud-chamber-music\\\/\",\"name\":\"Johannes Maria Staud: Chamber Music - NEOS Music\",\"isPartOf\":{\"@id\":\"https:\\\/\\\/neos-music.com\\\/#website\"},\"primaryImageOfPage\":{\"@id\":\"https:\\\/\\\/neos-music.com\\\/product\\\/johannes-maria-staud-chamber-music\\\/#primaryimage\"},\"image\":{\"@id\":\"https:\\\/\\\/neos-music.com\\\/product\\\/johannes-maria-staud-chamber-music\\\/#primaryimage\"},\"thumbnailUrl\":\"https:\\\/\\\/i0.wp.com\\\/neos-music.com\\\/wp-content\\\/uploads\\\/2024\\\/08\\\/NEOS-12425-Staud-Cover.jpg?fit=1647%2C1482&ssl=1\",\"datePublished\":\"2024-09-28T09:00:25+00:00\",\"dateModified\":\"2024-09-30T09:34:05+00:00\",\"description\":\"Eine Wanderung durch anspruchsvolles Gel\u00e4nde; Kl\u00e4nge, die an Lichtt\u00f6ne, Ger\u00fcche und Geschm\u00e4cker erinnern; alchimistische Elemente in verschiedenen Aggregatzust\u00e4nden; fragmentierte sprachliche \u00c4u\u00dferungen und ihre musikalische Resonanz oder auch einmal eine (scheinbar) abstrakte Zahl \u2013 die Kammermusikwerke auf dieser CD durchmessen ein weites Feld an Anspielungen und Assoziationen, wie sie f\u00fcr das Schaffen von Johannes Maria Staud typisch sind.\",\"breadcrumb\":{\"@id\":\"https:\\\/\\\/neos-music.com\\\/product\\\/johannes-maria-staud-chamber-music\\\/#breadcrumb\"},\"inLanguage\":\"en-US\",\"potentialAction\":[{\"@type\":\"ReadAction\",\"target\":[\"https:\\\/\\\/neos-music.com\\\/product\\\/johannes-maria-staud-chamber-music\\\/\"]}]},{\"@type\":\"ImageObject\",\"inLanguage\":\"en-US\",\"@id\":\"https:\\\/\\\/neos-music.com\\\/product\\\/johannes-maria-staud-chamber-music\\\/#primaryimage\",\"url\":\"https:\\\/\\\/i0.wp.com\\\/neos-music.com\\\/wp-content\\\/uploads\\\/2024\\\/08\\\/NEOS-12425-Staud-Cover.jpg?fit=1647%2C1482&ssl=1\",\"contentUrl\":\"https:\\\/\\\/i0.wp.com\\\/neos-music.com\\\/wp-content\\\/uploads\\\/2024\\\/08\\\/NEOS-12425-Staud-Cover.jpg?fit=1647%2C1482&ssl=1\",\"width\":1647,\"height\":1482},{\"@type\":\"BreadcrumbList\",\"@id\":\"https:\\\/\\\/neos-music.com\\\/product\\\/johannes-maria-staud-chamber-music\\\/#breadcrumb\",\"itemListElement\":[{\"@type\":\"ListItem\",\"position\":1,\"name\":\"Startseite\",\"item\":\"https:\\\/\\\/neos-music.com\\\/\"},{\"@type\":\"ListItem\",\"position\":2,\"name\":\"Produkte\",\"item\":\"https:\\\/\\\/neos-music.com\\\/shop__trashed\\\/\"},{\"@type\":\"ListItem\",\"position\":3,\"name\":\"Johannes Maria Staud: Chamber Music\"}]},{\"@type\":\"WebSite\",\"@id\":\"https:\\\/\\\/neos-music.com\\\/#website\",\"url\":\"https:\\\/\\\/neos-music.com\\\/\",\"name\":\"NEOS Music\",\"description\":\"Dein Online Shop f\u00fcr zeitgen\u00f6ssische Musik, Jazz und Classics!\",\"publisher\":{\"@id\":\"https:\\\/\\\/neos-music.com\\\/#organization\"},\"potentialAction\":[{\"@type\":\"SearchAction\",\"target\":{\"@type\":\"EntryPoint\",\"urlTemplate\":\"https:\\\/\\\/neos-music.com\\\/?s={search_term_string}\"},\"query-input\":{\"@type\":\"PropertyValueSpecification\",\"valueRequired\":true,\"valueName\":\"search_term_string\"}}],\"inLanguage\":\"en-US\"},{\"@type\":\"Organization\",\"@id\":\"https:\\\/\\\/neos-music.com\\\/#organization\",\"name\":\"NEOS Music\",\"url\":\"https:\\\/\\\/neos-music.com\\\/\",\"logo\":{\"@type\":\"ImageObject\",\"inLanguage\":\"en-US\",\"@id\":\"https:\\\/\\\/neos-music.com\\\/#\\\/schema\\\/logo\\\/image\\\/\",\"url\":\"https:\\\/\\\/i0.wp.com\\\/neos-music.com\\\/wp-content\\\/uploads\\\/2025\\\/08\\\/NEOS-Logo-weiss.png?fit=800%2C203&ssl=1\",\"contentUrl\":\"https:\\\/\\\/i0.wp.com\\\/neos-music.com\\\/wp-content\\\/uploads\\\/2025\\\/08\\\/NEOS-Logo-weiss.png?fit=800%2C203&ssl=1\",\"width\":800,\"height\":203,\"caption\":\"NEOS Music\"},\"image\":{\"@id\":\"https:\\\/\\\/neos-music.com\\\/#\\\/schema\\\/logo\\\/image\\\/\"}}]}<\/script>\n<!-- \/ Yoast SEO plugin. -->","yoast_head_json":{"title":"Johannes Maria Staud: Chamber Music - NEOS Music","description":"Eine Wanderung durch anspruchsvolles Gel\u00e4nde; Kl\u00e4nge, die an Lichtt\u00f6ne, Ger\u00fcche und Geschm\u00e4cker erinnern; alchimistische Elemente in verschiedenen Aggregatzust\u00e4nden; fragmentierte sprachliche \u00c4u\u00dferungen und ihre musikalische Resonanz oder auch einmal eine (scheinbar) abstrakte Zahl \u2013 die Kammermusikwerke auf dieser CD durchmessen ein weites Feld an Anspielungen und Assoziationen, wie sie f\u00fcr das Schaffen von Johannes Maria Staud typisch sind.","robots":{"index":"index","follow":"follow","max-snippet":"max-snippet:-1","max-image-preview":"max-image-preview:large","max-video-preview":"max-video-preview:-1"},"canonical":"https:\/\/neos-music.com\/en_us\/product\/johannes-maria-staud-chamber-music\/","og_locale":"en_US","og_type":"article","og_title":"Johannes Maria Staud: Chamber Music - NEOS Music","og_description":"Eine Wanderung durch anspruchsvolles Gel\u00e4nde; Kl\u00e4nge, die an Lichtt\u00f6ne, Ger\u00fcche und Geschm\u00e4cker erinnern; alchimistische Elemente in verschiedenen Aggregatzust\u00e4nden; fragmentierte sprachliche \u00c4u\u00dferungen und ihre musikalische Resonanz oder auch einmal eine (scheinbar) abstrakte Zahl \u2013 die Kammermusikwerke auf dieser CD durchmessen ein weites Feld an Anspielungen und Assoziationen, wie sie f\u00fcr das Schaffen von Johannes Maria Staud typisch sind.","og_url":"https:\/\/neos-music.com\/en_us\/product\/johannes-maria-staud-chamber-music\/","og_site_name":"NEOS Music","article_modified_time":"2024-09-30T09:34:05+00:00","og_image":[{"width":1647,"height":1482,"url":"https:\/\/neos-music.com\/wp-content\/uploads\/2024\/08\/NEOS-12425-Staud-Cover.jpg","type":"image\/jpeg"}],"twitter_card":"summary_large_image","twitter_misc":{"Est. reading time":"2 minutes"},"schema":{"@context":"https:\/\/schema.org","@graph":[{"@type":"WebPage","@id":"https:\/\/neos-music.com\/product\/johannes-maria-staud-chamber-music\/","url":"https:\/\/neos-music.com\/product\/johannes-maria-staud-chamber-music\/","name":"Johannes Maria Staud: Chamber Music - NEOS Music","isPartOf":{"@id":"https:\/\/neos-music.com\/#website"},"primaryImageOfPage":{"@id":"https:\/\/neos-music.com\/product\/johannes-maria-staud-chamber-music\/#primaryimage"},"image":{"@id":"https:\/\/neos-music.com\/product\/johannes-maria-staud-chamber-music\/#primaryimage"},"thumbnailUrl":"https:\/\/i0.wp.com\/neos-music.com\/wp-content\/uploads\/2024\/08\/NEOS-12425-Staud-Cover.jpg?fit=1647%2C1482&ssl=1","datePublished":"2024-09-28T09:00:25+00:00","dateModified":"2024-09-30T09:34:05+00:00","description":"Eine Wanderung durch anspruchsvolles Gel\u00e4nde; Kl\u00e4nge, die an Lichtt\u00f6ne, Ger\u00fcche und Geschm\u00e4cker erinnern; alchimistische Elemente in verschiedenen Aggregatzust\u00e4nden; fragmentierte sprachliche \u00c4u\u00dferungen und ihre musikalische Resonanz oder auch einmal eine (scheinbar) abstrakte Zahl \u2013 die Kammermusikwerke auf dieser CD durchmessen ein weites Feld an Anspielungen und Assoziationen, wie sie f\u00fcr das Schaffen von Johannes Maria Staud typisch sind.","breadcrumb":{"@id":"https:\/\/neos-music.com\/product\/johannes-maria-staud-chamber-music\/#breadcrumb"},"inLanguage":"en-US","potentialAction":[{"@type":"ReadAction","target":["https:\/\/neos-music.com\/product\/johannes-maria-staud-chamber-music\/"]}]},{"@type":"ImageObject","inLanguage":"en-US","@id":"https:\/\/neos-music.com\/product\/johannes-maria-staud-chamber-music\/#primaryimage","url":"https:\/\/i0.wp.com\/neos-music.com\/wp-content\/uploads\/2024\/08\/NEOS-12425-Staud-Cover.jpg?fit=1647%2C1482&ssl=1","contentUrl":"https:\/\/i0.wp.com\/neos-music.com\/wp-content\/uploads\/2024\/08\/NEOS-12425-Staud-Cover.jpg?fit=1647%2C1482&ssl=1","width":1647,"height":1482},{"@type":"BreadcrumbList","@id":"https:\/\/neos-music.com\/product\/johannes-maria-staud-chamber-music\/#breadcrumb","itemListElement":[{"@type":"ListItem","position":1,"name":"Startseite","item":"https:\/\/neos-music.com\/"},{"@type":"ListItem","position":2,"name":"Produkte","item":"https:\/\/neos-music.com\/shop__trashed\/"},{"@type":"ListItem","position":3,"name":"Johannes Maria Staud: Chamber Music"}]},{"@type":"WebSite","@id":"https:\/\/neos-music.com\/#website","url":"https:\/\/neos-music.com\/","name":"NEOS Music","description":"Dein Online Shop f\u00fcr zeitgen\u00f6ssische Musik, Jazz und Classics!","publisher":{"@id":"https:\/\/neos-music.com\/#organization"},"potentialAction":[{"@type":"SearchAction","target":{"@type":"EntryPoint","urlTemplate":"https:\/\/neos-music.com\/?s={search_term_string}"},"query-input":{"@type":"PropertyValueSpecification","valueRequired":true,"valueName":"search_term_string"}}],"inLanguage":"en-US"},{"@type":"Organization","@id":"https:\/\/neos-music.com\/#organization","name":"NEOS Music","url":"https:\/\/neos-music.com\/","logo":{"@type":"ImageObject","inLanguage":"en-US","@id":"https:\/\/neos-music.com\/#\/schema\/logo\/image\/","url":"https:\/\/i0.wp.com\/neos-music.com\/wp-content\/uploads\/2025\/08\/NEOS-Logo-weiss.png?fit=800%2C203&ssl=1","contentUrl":"https:\/\/i0.wp.com\/neos-music.com\/wp-content\/uploads\/2025\/08\/NEOS-Logo-weiss.png?fit=800%2C203&ssl=1","width":800,"height":203,"caption":"NEOS Music"},"image":{"@id":"https:\/\/neos-music.com\/#\/schema\/logo\/image\/"}}]}},"jetpack_sharing_enabled":true,"_links":{"self":[{"href":"https:\/\/neos-music.com\/en_us\/wp-json\/wp\/v2\/product\/8676","targetHints":{"allow":["GET"]}}],"collection":[{"href":"https:\/\/neos-music.com\/en_us\/wp-json\/wp\/v2\/product"}],"about":[{"href":"https:\/\/neos-music.com\/en_us\/wp-json\/wp\/v2\/types\/product"}],"version-history":[{"count":3,"href":"https:\/\/neos-music.com\/en_us\/wp-json\/wp\/v2\/product\/8676\/revisions"}],"predecessor-version":[{"id":8725,"href":"https:\/\/neos-music.com\/en_us\/wp-json\/wp\/v2\/product\/8676\/revisions\/8725"}],"wp:featuredmedia":[{"embeddable":true,"href":"https:\/\/neos-music.com\/en_us\/wp-json\/wp\/v2\/media\/8678"}],"wp:attachment":[{"href":"https:\/\/neos-music.com\/en_us\/wp-json\/wp\/v2\/media?parent=8676"}],"wp:term":[{"taxonomy":"product_brand","embeddable":true,"href":"https:\/\/neos-music.com\/en_us\/wp-json\/wp\/v2\/product_brand?post=8676"},{"taxonomy":"product_cat","embeddable":true,"href":"https:\/\/neos-music.com\/en_us\/wp-json\/wp\/v2\/product_cat?post=8676"},{"taxonomy":"product_tag","embeddable":true,"href":"https:\/\/neos-music.com\/en_us\/wp-json\/wp\/v2\/product_tag?post=8676"}],"curies":[{"name":"wp","href":"https:\/\/api.w.org\/{rel}","templated":true}]}}