{"id":8726,"date":"2024-09-30T14:48:01","date_gmt":"2024-09-30T12:48:01","guid":{"rendered":"https:\/\/neos-music.com\/?post_type=product&#038;p=8726"},"modified":"2025-01-31T10:40:08","modified_gmt":"2025-01-31T09:40:08","slug":"georg-kroell-tagebuch","status":"publish","type":"product","link":"https:\/\/neos-music.com\/en_us\/product\/georg-kroell-tagebuch\/","title":{"rendered":"<span class=\"notranslate\">Georg Kr\u00f6ll: Tagebuch<\/span>"},"content":{"rendered":"<p><iframe style=\"border-radius:12px\" src=\"https:\/\/open.spotify.com\/embed\/album\/2FFLmI9GGlhY9OgNT0ka1o?utm_source=generator&#038;theme=0\" width=\"100%\" height=\"352\" frameborder=\"0\" allowfullscreen=\"\" allow=\"autoplay; clipboard-write; encrypted-media; fullscreen; picture-in-picture\" loading=\"lazy\"><\/iframe>&nbsp;<\/p>\n<p>&nbsp;<\/p>\n<p>With around two hundred pieces and a total duration of four and a half hours, Georg Kr\u00f6ll's Diary is one of the largest piano cycles in music history. And the work in progress, which began in 1987, continues to grow. All pieces already composed and any further possible pieces are based on the basic series of Arnold Schoenberg's Suite for Piano, Op. 25. Schoenberg's series is permuted 42 times. Each note of this permutation, 42 x 12 = 504 notes, becomes the fundamental and starting note in the sense of a code that generates the material of the piece in question. Right at the beginning of 1987, for example, Kr\u00f6ll wrote the piece Parodia ad A. Sch. based on the starting note 82, following the prelude of Schoenberg's suite. Just as this first purely dodecaphonic work, composed between 1921 and 1923, combines the new pitch organization with old types of movement from the French suite, Kr\u00f6ll combines innovation and tradition in Tagebuch through numerous references to music from the past and present.\n\nTranslated with DeepL.com (free version)<\/p>\n<p>&nbsp;<\/p>\n<p class=\"translation-block\">Born in Linz am Rhein in 1934, the composer and long-time lecturer in composition and music theory at the Rheinische Musikschule K\u00f6ln develops an incredible variety of characters from Schoenberg's germ cell. As with Beethoven's late bagatelles, these are not entertaining trifles, but highly concentrated miniatures ranging in length from a few seconds to five minutes, often incorporating only two or three distinctive elements: repetitions, lines, intervals, passing notes, appoggiaturas, trills, melodies, chords, staccatos, legato slurs. The variety of playing styles, tempos, and gestures is immediately apparent. In contrast, the serial unity of all the pieces has an underlying effect. For partial performances,\npianists can make any selection they wish, but they should then play the pieces in numerical order so that the structural principle of the whole is also reflected in the partial cycles.<\/p>\n<p>&nbsp;<\/p>\n<p>Initially, Kr\u00f6ll composed diary entries 1 to 44 in sequence. He omitted only a few numbers and composed them later. Others he preferred, including the aforementioned 82 Parodia ad A. Sch. or 148 Poco Rubato (Laudate Dominum). In 1987\/88 alone, he wrote 41 pieces, about one-fifth of all those he would go on to complete by his 90th birthday in 2024. His choice of code seems arbitrary, but follows clear intentions: on the one hand, Kr\u00f6ll's compositional thinking is sparked by specific tone sequences and interval structures; on the other hand, he seeks specific tone sequences that are suitable for the realization of ideas he has already conceived. His free handling of the systematically generated tone material follows its own artistic logic in each piece.<\/p>","protected":false},"excerpt":{"rendered":"<p>1 CD<\/p>","protected":false},"featured_media":8728,"template":"","meta":{"site-sidebar-layout":"default","site-content-layout":"default","ast-site-content-layout":"default","site-content-style":"default","site-sidebar-style":"default","ast-global-header-display":"","ast-banner-title-visibility":"","ast-main-header-display":"","ast-hfb-above-header-display":"","ast-hfb-below-header-display":"","ast-hfb-mobile-header-display":"","site-post-title":"","ast-breadcrumbs-content":"","ast-featured-img":"","footer-sml-layout":"","theme-transparent-header-meta":"default","adv-header-id-meta":"","stick-header-meta":"","header-above-stick-meta":"","header-main-stick-meta":"","header-below-stick-meta":"","astra-migrate-meta-layouts":"set","ast-page-background-enabled":"default","ast-page-background-meta":{"desktop":{"background-color":"","background-image":"","background-repeat":"repeat","background-position":"center center","background-size":"auto","background-attachment":"scroll","background-type":"","background-media":"","overlay-type":"","overlay-color":"","overlay-opacity":"","overlay-gradient":""},"tablet":{"background-color":"","background-image":"","background-repeat":"repeat","background-position":"center center","background-size":"auto","background-attachment":"scroll","background-type":"","background-media":"","overlay-type":"","overlay-color":"","overlay-opacity":"","overlay-gradient":""},"mobile":{"background-color":"","background-image":"","background-repeat":"repeat","background-position":"center center","background-size":"auto","background-attachment":"scroll","background-type":"","background-media":"","overlay-type":"","overlay-color":"","overlay-opacity":"","overlay-gradient":""}},"ast-content-background-meta":{"desktop":{"background-color":"var(--ast-global-color-5)","background-image":"","background-repeat":"repeat","background-position":"center center","background-size":"auto","background-attachment":"scroll","background-type":"","background-media":"","overlay-type":"","overlay-color":"","overlay-opacity":"","overlay-gradient":""},"tablet":{"background-color":"var(--ast-global-color-5)","background-image":"","background-repeat":"repeat","background-position":"center center","background-size":"auto","background-attachment":"scroll","background-type":"","background-media":"","overlay-type":"","overlay-color":"","overlay-opacity":"","overlay-gradient":""},"mobile":{"background-color":"var(--ast-global-color-5)","background-image":"","background-repeat":"repeat","background-position":"center center","background-size":"auto","background-attachment":"scroll","background-type":"","background-media":"","overlay-type":"","overlay-color":"","overlay-opacity":"","overlay-gradient":""}}},"product_brand":[],"product_cat":[26],"product_tag":[876],"class_list":{"0":"post-8726","1":"product","2":"type-product","3":"status-publish","4":"has-post-thumbnail","6":"product_cat-zeitgenossische-musik","7":"product_tag-neuveroeffentlichungen","8":"desktop-align-left","9":"tablet-align-left","10":"mobile-align-left","12":"first","13":"instock","14":"taxable","15":"shipping-taxable","16":"purchasable","17":"product-type-simple"},"yoast_head":"<!-- This site is optimized with the Yoast SEO plugin v27.3 - https:\/\/yoast.com\/product\/yoast-seo-wordpress\/ -->\n<title>Georg Kr\u00f6ll: Tagebuch - NEOS Music<\/title>\n<meta name=\"description\" content=\"Mit rund zweihundert St\u00fccken und viereinhalb Stunden Gesamtdauer ist Georg Kr\u00f6lls Tagebuch einer der gr\u00f6\u00dften Klavierzyklen der Musikgeschichte. Und das 1987 begonnene Work in Progress w\u00e4chst weiter.\" \/>\n<meta name=\"robots\" content=\"index, follow, max-snippet:-1, max-image-preview:large, max-video-preview:-1\" \/>\n<link rel=\"canonical\" href=\"https:\/\/neos-music.com\/en_us\/product\/georg-kroell-tagebuch\/\" \/>\n<meta property=\"og:locale\" content=\"en_US\" \/>\n<meta property=\"og:type\" content=\"article\" \/>\n<meta property=\"og:title\" content=\"Georg Kr\u00f6ll: Tagebuch - NEOS Music\" \/>\n<meta property=\"og:description\" content=\"Mit rund zweihundert St\u00fccken und viereinhalb Stunden Gesamtdauer ist Georg Kr\u00f6lls Tagebuch einer der gr\u00f6\u00dften Klavierzyklen der Musikgeschichte. Und das 1987 begonnene Work in Progress w\u00e4chst weiter.\" \/>\n<meta property=\"og:url\" content=\"https:\/\/neos-music.com\/en_us\/product\/georg-kroell-tagebuch\/\" \/>\n<meta property=\"og:site_name\" content=\"NEOS Music\" \/>\n<meta property=\"article:modified_time\" content=\"2025-01-31T09:40:08+00:00\" \/>\n<meta property=\"og:image\" content=\"https:\/\/neos-music.com\/wp-content\/uploads\/2024\/09\/NEOS-12428-Kroell-Cover.jpg\" \/>\n\t<meta property=\"og:image:width\" content=\"1648\" \/>\n\t<meta property=\"og:image:height\" content=\"1483\" \/>\n\t<meta property=\"og:image:type\" content=\"image\/jpeg\" \/>\n<meta name=\"twitter:card\" content=\"summary_large_image\" \/>\n<meta name=\"twitter:label1\" content=\"Est. reading time\" \/>\n\t<meta name=\"twitter:data1\" content=\"3 minutes\" \/>\n<script type=\"application\/ld+json\" class=\"yoast-schema-graph\">{\"@context\":\"https:\\\/\\\/schema.org\",\"@graph\":[{\"@type\":\"WebPage\",\"@id\":\"https:\\\/\\\/neos-music.com\\\/product\\\/georg-kroell-tagebuch\\\/\",\"url\":\"https:\\\/\\\/neos-music.com\\\/product\\\/georg-kroell-tagebuch\\\/\",\"name\":\"Georg Kr\u00f6ll: Tagebuch - NEOS Music\",\"isPartOf\":{\"@id\":\"https:\\\/\\\/neos-music.com\\\/#website\"},\"primaryImageOfPage\":{\"@id\":\"https:\\\/\\\/neos-music.com\\\/product\\\/georg-kroell-tagebuch\\\/#primaryimage\"},\"image\":{\"@id\":\"https:\\\/\\\/neos-music.com\\\/product\\\/georg-kroell-tagebuch\\\/#primaryimage\"},\"thumbnailUrl\":\"https:\\\/\\\/i0.wp.com\\\/neos-music.com\\\/wp-content\\\/uploads\\\/2024\\\/09\\\/NEOS-12428-Kroell-Cover.jpg?fit=1648%2C1483&ssl=1\",\"datePublished\":\"2024-09-30T12:48:01+00:00\",\"dateModified\":\"2025-01-31T09:40:08+00:00\",\"description\":\"Mit rund zweihundert St\u00fccken und viereinhalb Stunden Gesamtdauer ist Georg Kr\u00f6lls Tagebuch einer der gr\u00f6\u00dften Klavierzyklen der Musikgeschichte. Und das 1987 begonnene Work in Progress w\u00e4chst weiter.\",\"breadcrumb\":{\"@id\":\"https:\\\/\\\/neos-music.com\\\/product\\\/georg-kroell-tagebuch\\\/#breadcrumb\"},\"inLanguage\":\"en-US\",\"potentialAction\":[{\"@type\":\"ReadAction\",\"target\":[\"https:\\\/\\\/neos-music.com\\\/product\\\/georg-kroell-tagebuch\\\/\"]}]},{\"@type\":\"ImageObject\",\"inLanguage\":\"en-US\",\"@id\":\"https:\\\/\\\/neos-music.com\\\/product\\\/georg-kroell-tagebuch\\\/#primaryimage\",\"url\":\"https:\\\/\\\/i0.wp.com\\\/neos-music.com\\\/wp-content\\\/uploads\\\/2024\\\/09\\\/NEOS-12428-Kroell-Cover.jpg?fit=1648%2C1483&ssl=1\",\"contentUrl\":\"https:\\\/\\\/i0.wp.com\\\/neos-music.com\\\/wp-content\\\/uploads\\\/2024\\\/09\\\/NEOS-12428-Kroell-Cover.jpg?fit=1648%2C1483&ssl=1\",\"width\":1648,\"height\":1483},{\"@type\":\"BreadcrumbList\",\"@id\":\"https:\\\/\\\/neos-music.com\\\/product\\\/georg-kroell-tagebuch\\\/#breadcrumb\",\"itemListElement\":[{\"@type\":\"ListItem\",\"position\":1,\"name\":\"Startseite\",\"item\":\"https:\\\/\\\/neos-music.com\\\/\"},{\"@type\":\"ListItem\",\"position\":2,\"name\":\"Produkte\",\"item\":\"https:\\\/\\\/neos-music.com\\\/shop__trashed\\\/\"},{\"@type\":\"ListItem\",\"position\":3,\"name\":\"Georg Kr\u00f6ll: Tagebuch\"}]},{\"@type\":\"WebSite\",\"@id\":\"https:\\\/\\\/neos-music.com\\\/#website\",\"url\":\"https:\\\/\\\/neos-music.com\\\/\",\"name\":\"NEOS Music\",\"description\":\"Dein Online Shop f\u00fcr zeitgen\u00f6ssische Musik, Jazz und Classics!\",\"publisher\":{\"@id\":\"https:\\\/\\\/neos-music.com\\\/#organization\"},\"potentialAction\":[{\"@type\":\"SearchAction\",\"target\":{\"@type\":\"EntryPoint\",\"urlTemplate\":\"https:\\\/\\\/neos-music.com\\\/?s={search_term_string}\"},\"query-input\":{\"@type\":\"PropertyValueSpecification\",\"valueRequired\":true,\"valueName\":\"search_term_string\"}}],\"inLanguage\":\"en-US\"},{\"@type\":\"Organization\",\"@id\":\"https:\\\/\\\/neos-music.com\\\/#organization\",\"name\":\"NEOS Music\",\"url\":\"https:\\\/\\\/neos-music.com\\\/\",\"logo\":{\"@type\":\"ImageObject\",\"inLanguage\":\"en-US\",\"@id\":\"https:\\\/\\\/neos-music.com\\\/#\\\/schema\\\/logo\\\/image\\\/\",\"url\":\"https:\\\/\\\/i0.wp.com\\\/neos-music.com\\\/wp-content\\\/uploads\\\/2025\\\/08\\\/NEOS-Logo-weiss.png?fit=800%2C203&ssl=1\",\"contentUrl\":\"https:\\\/\\\/i0.wp.com\\\/neos-music.com\\\/wp-content\\\/uploads\\\/2025\\\/08\\\/NEOS-Logo-weiss.png?fit=800%2C203&ssl=1\",\"width\":800,\"height\":203,\"caption\":\"NEOS Music\"},\"image\":{\"@id\":\"https:\\\/\\\/neos-music.com\\\/#\\\/schema\\\/logo\\\/image\\\/\"}}]}<\/script>\n<!-- \/ Yoast SEO plugin. -->","yoast_head_json":{"title":"Georg Kr\u00f6ll: Tagebuch - NEOS Music","description":"Mit rund zweihundert St\u00fccken und viereinhalb Stunden Gesamtdauer ist Georg Kr\u00f6lls Tagebuch einer der gr\u00f6\u00dften Klavierzyklen der Musikgeschichte. Und das 1987 begonnene Work in Progress w\u00e4chst weiter.","robots":{"index":"index","follow":"follow","max-snippet":"max-snippet:-1","max-image-preview":"max-image-preview:large","max-video-preview":"max-video-preview:-1"},"canonical":"https:\/\/neos-music.com\/en_us\/product\/georg-kroell-tagebuch\/","og_locale":"en_US","og_type":"article","og_title":"Georg Kr\u00f6ll: Tagebuch - NEOS Music","og_description":"Mit rund zweihundert St\u00fccken und viereinhalb Stunden Gesamtdauer ist Georg Kr\u00f6lls Tagebuch einer der gr\u00f6\u00dften Klavierzyklen der Musikgeschichte. Und das 1987 begonnene Work in Progress w\u00e4chst weiter.","og_url":"https:\/\/neos-music.com\/en_us\/product\/georg-kroell-tagebuch\/","og_site_name":"NEOS Music","article_modified_time":"2025-01-31T09:40:08+00:00","og_image":[{"width":1648,"height":1483,"url":"https:\/\/neos-music.com\/wp-content\/uploads\/2024\/09\/NEOS-12428-Kroell-Cover.jpg","type":"image\/jpeg"}],"twitter_card":"summary_large_image","twitter_misc":{"Est. reading time":"3 minutes"},"schema":{"@context":"https:\/\/schema.org","@graph":[{"@type":"WebPage","@id":"https:\/\/neos-music.com\/product\/georg-kroell-tagebuch\/","url":"https:\/\/neos-music.com\/product\/georg-kroell-tagebuch\/","name":"Georg Kr\u00f6ll: Tagebuch - NEOS Music","isPartOf":{"@id":"https:\/\/neos-music.com\/#website"},"primaryImageOfPage":{"@id":"https:\/\/neos-music.com\/product\/georg-kroell-tagebuch\/#primaryimage"},"image":{"@id":"https:\/\/neos-music.com\/product\/georg-kroell-tagebuch\/#primaryimage"},"thumbnailUrl":"https:\/\/i0.wp.com\/neos-music.com\/wp-content\/uploads\/2024\/09\/NEOS-12428-Kroell-Cover.jpg?fit=1648%2C1483&ssl=1","datePublished":"2024-09-30T12:48:01+00:00","dateModified":"2025-01-31T09:40:08+00:00","description":"Mit rund zweihundert St\u00fccken und viereinhalb Stunden Gesamtdauer ist Georg Kr\u00f6lls Tagebuch einer der gr\u00f6\u00dften Klavierzyklen der Musikgeschichte. Und das 1987 begonnene Work in Progress w\u00e4chst weiter.","breadcrumb":{"@id":"https:\/\/neos-music.com\/product\/georg-kroell-tagebuch\/#breadcrumb"},"inLanguage":"en-US","potentialAction":[{"@type":"ReadAction","target":["https:\/\/neos-music.com\/product\/georg-kroell-tagebuch\/"]}]},{"@type":"ImageObject","inLanguage":"en-US","@id":"https:\/\/neos-music.com\/product\/georg-kroell-tagebuch\/#primaryimage","url":"https:\/\/i0.wp.com\/neos-music.com\/wp-content\/uploads\/2024\/09\/NEOS-12428-Kroell-Cover.jpg?fit=1648%2C1483&ssl=1","contentUrl":"https:\/\/i0.wp.com\/neos-music.com\/wp-content\/uploads\/2024\/09\/NEOS-12428-Kroell-Cover.jpg?fit=1648%2C1483&ssl=1","width":1648,"height":1483},{"@type":"BreadcrumbList","@id":"https:\/\/neos-music.com\/product\/georg-kroell-tagebuch\/#breadcrumb","itemListElement":[{"@type":"ListItem","position":1,"name":"Startseite","item":"https:\/\/neos-music.com\/"},{"@type":"ListItem","position":2,"name":"Produkte","item":"https:\/\/neos-music.com\/shop__trashed\/"},{"@type":"ListItem","position":3,"name":"Georg Kr\u00f6ll: Tagebuch"}]},{"@type":"WebSite","@id":"https:\/\/neos-music.com\/#website","url":"https:\/\/neos-music.com\/","name":"NEOS Music","description":"Dein Online Shop f\u00fcr zeitgen\u00f6ssische Musik, Jazz und Classics!","publisher":{"@id":"https:\/\/neos-music.com\/#organization"},"potentialAction":[{"@type":"SearchAction","target":{"@type":"EntryPoint","urlTemplate":"https:\/\/neos-music.com\/?s={search_term_string}"},"query-input":{"@type":"PropertyValueSpecification","valueRequired":true,"valueName":"search_term_string"}}],"inLanguage":"en-US"},{"@type":"Organization","@id":"https:\/\/neos-music.com\/#organization","name":"NEOS Music","url":"https:\/\/neos-music.com\/","logo":{"@type":"ImageObject","inLanguage":"en-US","@id":"https:\/\/neos-music.com\/#\/schema\/logo\/image\/","url":"https:\/\/i0.wp.com\/neos-music.com\/wp-content\/uploads\/2025\/08\/NEOS-Logo-weiss.png?fit=800%2C203&ssl=1","contentUrl":"https:\/\/i0.wp.com\/neos-music.com\/wp-content\/uploads\/2025\/08\/NEOS-Logo-weiss.png?fit=800%2C203&ssl=1","width":800,"height":203,"caption":"NEOS Music"},"image":{"@id":"https:\/\/neos-music.com\/#\/schema\/logo\/image\/"}}]}},"jetpack_sharing_enabled":true,"_links":{"self":[{"href":"https:\/\/neos-music.com\/en_us\/wp-json\/wp\/v2\/product\/8726","targetHints":{"allow":["GET"]}}],"collection":[{"href":"https:\/\/neos-music.com\/en_us\/wp-json\/wp\/v2\/product"}],"about":[{"href":"https:\/\/neos-music.com\/en_us\/wp-json\/wp\/v2\/types\/product"}],"version-history":[{"count":3,"href":"https:\/\/neos-music.com\/en_us\/wp-json\/wp\/v2\/product\/8726\/revisions"}],"predecessor-version":[{"id":8954,"href":"https:\/\/neos-music.com\/en_us\/wp-json\/wp\/v2\/product\/8726\/revisions\/8954"}],"wp:featuredmedia":[{"embeddable":true,"href":"https:\/\/neos-music.com\/en_us\/wp-json\/wp\/v2\/media\/8728"}],"wp:attachment":[{"href":"https:\/\/neos-music.com\/en_us\/wp-json\/wp\/v2\/media?parent=8726"}],"wp:term":[{"taxonomy":"product_brand","embeddable":true,"href":"https:\/\/neos-music.com\/en_us\/wp-json\/wp\/v2\/product_brand?post=8726"},{"taxonomy":"product_cat","embeddable":true,"href":"https:\/\/neos-music.com\/en_us\/wp-json\/wp\/v2\/product_cat?post=8726"},{"taxonomy":"product_tag","embeddable":true,"href":"https:\/\/neos-music.com\/en_us\/wp-json\/wp\/v2\/product_tag?post=8726"}],"curies":[{"name":"wp","href":"https:\/\/api.w.org\/{rel}","templated":true}]}}