{"id":8744,"date":"2024-10-23T16:58:02","date_gmt":"2024-10-23T14:58:02","guid":{"rendered":"https:\/\/neos-music.com\/?post_type=product&#038;p=8744"},"modified":"2026-01-22T15:01:51","modified_gmt":"2026-01-22T14:01:51","slug":"eres-holz-death","status":"publish","type":"product","link":"https:\/\/neos-music.com\/en_us\/product\/eres-holz-death\/","title":{"rendered":"Eres Holz: DEATH"},"content":{"rendered":"<p><iframe style=\"border-radius: 12px;\" src=\"https:\/\/open.spotify.com\/embed\/album\/4ijEriHvPFc9RsB9kzl2Q1?utm_source=generator&amp;theme=0\" width=\"100%\" height=\"152\" frameborder=\"0\" allowfullscreen=\"allowfullscreen\"><\/iframe><\/p>\n<p data-start=\"312\" data-end=\"869\" class=\"translation-block\">The works by <strong>Eres Holz<\/strong> collected on this CD were written in times of war, political violence, and social hardening. They revolve around the long-term consequences of destruction: trauma, guilt, isolation, and the fragile possibility of empathy. Human beings appear both capable of extreme violence and highly sensitive creatures whose vulnerability demands protection and attention. The music does not seek to draw a moral line under the past, but rather makes audible spaces of experience that defy rational explanation.<\/p>\n<p data-start=\"871\" data-end=\"1718\" class=\"translation-block\">At the center is the work commissioned by Deutschlandfunk, <em>Ein Mensch erkennt, dass er nie Mensch war<\/em> (A person realizes that he was never human) for ensemble, electronics, and text projection. The starting point is Svenja Goltermann's study <em>Die Gesellschaft der \u00dcberlebenden <\/em>(The Society of Survivors) about German veterans of World War II and their experiences of violence. The composition follows statements made by those affected, which do not come from everyday communication, but from psychiatric interview transcripts. They mark stages of depression, loss of meaning, alienation, and painful self-awareness. Holz deliberately approaches this material from a different perspective: as a Jew, an Israeli, and the son of a Holocaust survivor. He is interested in understanding the mechanisms of violence\u2014not in justifying it, but in asking how war deforms and isolates people.<\/p>\n<p data-start=\"1720\" data-end=\"2243\" class=\"translation-block\">Violence can be experienced even more directly in <em>DEATH<\/em> for two bass clarinets and live electronics. The soloists are exposed to an aggressive electronic soundscape that they themselves help to create. Violence is not reflected here, but vicariously performed and suffered \u2013 the audience is also drawn into this experience. The bass clarinet unfolds its entire expressive spectrum: from shrill alarm to abysmal lament, amplified by eruptive electronic sounds.<\/p>\n<p data-start=\"2245\" data-end=\"2582\" class=\"translation-block\">With <em>MACH<\/em> for trombone and electronics, Holz finally addresses existential loneliness. The cycle arose from the experience of social isolation and combines instrument-specific virtuosity with apocalyptic soundscapes. In the end, only the electronics remain\u2014the human sound disappears without a trace.<\/p>\n<p data-start=\"2584\" data-end=\"2774\">This album is intended as a musical contribution to a culture of empathy\u2014and as a reminder that violence has an impact far beyond the moment it occurs.<\/p>","protected":false},"excerpt":{"rendered":"<p>1 CD<\/p>","protected":false},"featured_media":8746,"template":"","meta":{"site-sidebar-layout":"default","site-content-layout":"default","ast-site-content-layout":"default","site-content-style":"default","site-sidebar-style":"default","ast-global-header-display":"","ast-banner-title-visibility":"","ast-main-header-display":"","ast-hfb-above-header-display":"","ast-hfb-below-header-display":"","ast-hfb-mobile-header-display":"","site-post-title":"","ast-breadcrumbs-content":"","ast-featured-img":"","footer-sml-layout":"","theme-transparent-header-meta":"default","adv-header-id-meta":"","stick-header-meta":"","header-above-stick-meta":"","header-main-stick-meta":"","header-below-stick-meta":"","astra-migrate-meta-layouts":"set","ast-page-background-enabled":"default","ast-page-background-meta":{"desktop":{"background-color":"","background-image":"","background-repeat":"repeat","background-position":"center center","background-size":"auto","background-attachment":"scroll","background-type":"","background-media":"","overlay-type":"","overlay-color":"","overlay-opacity":"","overlay-gradient":""},"tablet":{"background-color":"","background-image":"","background-repeat":"repeat","background-position":"center center","background-size":"auto","background-attachment":"scroll","background-type":"","background-media":"","overlay-type":"","overlay-color":"","overlay-opacity":"","overlay-gradient":""},"mobile":{"background-color":"","background-image":"","background-repeat":"repeat","background-position":"center center","background-size":"auto","background-attachment":"scroll","background-type":"","background-media":"","overlay-type":"","overlay-color":"","overlay-opacity":"","overlay-gradient":""}},"ast-content-background-meta":{"desktop":{"background-color":"var(--ast-global-color-5)","background-image":"","background-repeat":"repeat","background-position":"center center","background-size":"auto","background-attachment":"scroll","background-type":"","background-media":"","overlay-type":"","overlay-color":"","overlay-opacity":"","overlay-gradient":""},"tablet":{"background-color":"var(--ast-global-color-5)","background-image":"","background-repeat":"repeat","background-position":"center center","background-size":"auto","background-attachment":"scroll","background-type":"","background-media":"","overlay-type":"","overlay-color":"","overlay-opacity":"","overlay-gradient":""},"mobile":{"background-color":"var(--ast-global-color-5)","background-image":"","background-repeat":"repeat","background-position":"center center","background-size":"auto","background-attachment":"scroll","background-type":"","background-media":"","overlay-type":"","overlay-color":"","overlay-opacity":"","overlay-gradient":""}}},"product_brand":[],"product_cat":[26],"product_tag":[876],"class_list":{"0":"post-8744","1":"product","2":"type-product","3":"status-publish","4":"has-post-thumbnail","6":"product_cat-zeitgenossische-musik","7":"product_tag-neuveroeffentlichungen","8":"desktop-align-left","9":"tablet-align-left","10":"mobile-align-left","12":"first","13":"instock","14":"taxable","15":"shipping-taxable","16":"purchasable","17":"product-type-simple"},"yoast_head":"<!-- This site is optimized with the Yoast SEO plugin v27.3 - https:\/\/yoast.com\/product\/yoast-seo-wordpress\/ -->\n<title>Eres Holz: DEATH - NEOS Music<\/title>\n<meta name=\"description\" content=\"Die Werke und deren Aufnahmen auf dieser CD sind in Zeiten von Krieg und Zerst\u00f6rung entstanden. Wir wissen bereits um die Langfristigkeit ihrer Verheerungen. Die Traumata halten ein Leben lang an und pr\u00e4gen in der Folge mehrere Generationen. Der Mensch ist f\u00e4hig zur Bestialit\u00e4t \u2013 zugleich ist er ein hochsensibles Wesen. Er ist fragil und sollte entsprechend behutsam behandelt werden. Dieses Album will das Bewusstsein f\u00fcr die Bedeutung der Empathie st\u00e4rken und die Sehnsucht nach Leben zum Ausdruck bringen.\" \/>\n<meta name=\"robots\" content=\"index, follow, max-snippet:-1, max-image-preview:large, max-video-preview:-1\" \/>\n<link rel=\"canonical\" href=\"https:\/\/neos-music.com\/en_us\/product\/eres-holz-death\/\" \/>\n<meta property=\"og:locale\" content=\"en_US\" \/>\n<meta property=\"og:type\" content=\"article\" \/>\n<meta property=\"og:title\" content=\"Eres Holz: DEATH - NEOS Music\" \/>\n<meta property=\"og:description\" content=\"Die Werke und deren Aufnahmen auf dieser CD sind in Zeiten von Krieg und Zerst\u00f6rung entstanden. Wir wissen bereits um die Langfristigkeit ihrer Verheerungen. Die Traumata halten ein Leben lang an und pr\u00e4gen in der Folge mehrere Generationen. Der Mensch ist f\u00e4hig zur Bestialit\u00e4t \u2013 zugleich ist er ein hochsensibles Wesen. Er ist fragil und sollte entsprechend behutsam behandelt werden. Dieses Album will das Bewusstsein f\u00fcr die Bedeutung der Empathie st\u00e4rken und die Sehnsucht nach Leben zum Ausdruck bringen.\" \/>\n<meta property=\"og:url\" content=\"https:\/\/neos-music.com\/en_us\/product\/eres-holz-death\/\" \/>\n<meta property=\"og:site_name\" content=\"NEOS Music\" \/>\n<meta property=\"article:modified_time\" content=\"2026-01-22T14:01:51+00:00\" \/>\n<meta property=\"og:image\" content=\"https:\/\/neos-music.com\/wp-content\/uploads\/2024\/09\/NEOS-12431-Holz-Cover.webp\" \/>\n\t<meta property=\"og:image:width\" content=\"1647\" \/>\n\t<meta property=\"og:image:height\" content=\"1482\" \/>\n\t<meta property=\"og:image:type\" content=\"image\/webp\" \/>\n<meta name=\"twitter:card\" content=\"summary_large_image\" \/>\n<meta name=\"twitter:label1\" content=\"Est. reading time\" \/>\n\t<meta name=\"twitter:data1\" content=\"2 minutes\" \/>\n<script type=\"application\/ld+json\" class=\"yoast-schema-graph\">{\"@context\":\"https:\\\/\\\/schema.org\",\"@graph\":[{\"@type\":\"WebPage\",\"@id\":\"https:\\\/\\\/neos-music.com\\\/product\\\/eres-holz-death\\\/\",\"url\":\"https:\\\/\\\/neos-music.com\\\/product\\\/eres-holz-death\\\/\",\"name\":\"Eres Holz: DEATH - NEOS Music\",\"isPartOf\":{\"@id\":\"https:\\\/\\\/neos-music.com\\\/#website\"},\"primaryImageOfPage\":{\"@id\":\"https:\\\/\\\/neos-music.com\\\/product\\\/eres-holz-death\\\/#primaryimage\"},\"image\":{\"@id\":\"https:\\\/\\\/neos-music.com\\\/product\\\/eres-holz-death\\\/#primaryimage\"},\"thumbnailUrl\":\"https:\\\/\\\/i0.wp.com\\\/neos-music.com\\\/wp-content\\\/uploads\\\/2024\\\/09\\\/NEOS-12431-Holz-Cover.webp?fit=1647%2C1482&ssl=1\",\"datePublished\":\"2024-10-23T14:58:02+00:00\",\"dateModified\":\"2026-01-22T14:01:51+00:00\",\"description\":\"Die Werke und deren Aufnahmen auf dieser CD sind in Zeiten von Krieg und Zerst\u00f6rung entstanden. Wir wissen bereits um die Langfristigkeit ihrer Verheerungen. Die Traumata halten ein Leben lang an und pr\u00e4gen in der Folge mehrere Generationen. Der Mensch ist f\u00e4hig zur Bestialit\u00e4t \u2013 zugleich ist er ein hochsensibles Wesen. Er ist fragil und sollte entsprechend behutsam behandelt werden. Dieses Album will das Bewusstsein f\u00fcr die Bedeutung der Empathie st\u00e4rken und die Sehnsucht nach Leben zum Ausdruck bringen.\",\"breadcrumb\":{\"@id\":\"https:\\\/\\\/neos-music.com\\\/product\\\/eres-holz-death\\\/#breadcrumb\"},\"inLanguage\":\"en-US\",\"potentialAction\":[{\"@type\":\"ReadAction\",\"target\":[\"https:\\\/\\\/neos-music.com\\\/product\\\/eres-holz-death\\\/\"]}]},{\"@type\":\"ImageObject\",\"inLanguage\":\"en-US\",\"@id\":\"https:\\\/\\\/neos-music.com\\\/product\\\/eres-holz-death\\\/#primaryimage\",\"url\":\"https:\\\/\\\/i0.wp.com\\\/neos-music.com\\\/wp-content\\\/uploads\\\/2024\\\/09\\\/NEOS-12431-Holz-Cover.webp?fit=1647%2C1482&ssl=1\",\"contentUrl\":\"https:\\\/\\\/i0.wp.com\\\/neos-music.com\\\/wp-content\\\/uploads\\\/2024\\\/09\\\/NEOS-12431-Holz-Cover.webp?fit=1647%2C1482&ssl=1\",\"width\":1647,\"height\":1482},{\"@type\":\"BreadcrumbList\",\"@id\":\"https:\\\/\\\/neos-music.com\\\/product\\\/eres-holz-death\\\/#breadcrumb\",\"itemListElement\":[{\"@type\":\"ListItem\",\"position\":1,\"name\":\"Startseite\",\"item\":\"https:\\\/\\\/neos-music.com\\\/\"},{\"@type\":\"ListItem\",\"position\":2,\"name\":\"Produkte\",\"item\":\"https:\\\/\\\/neos-music.com\\\/shop__trashed\\\/\"},{\"@type\":\"ListItem\",\"position\":3,\"name\":\"Eres Holz: DEATH\"}]},{\"@type\":\"WebSite\",\"@id\":\"https:\\\/\\\/neos-music.com\\\/#website\",\"url\":\"https:\\\/\\\/neos-music.com\\\/\",\"name\":\"NEOS Music\",\"description\":\"Dein Online Shop f\u00fcr zeitgen\u00f6ssische Musik, Jazz und Classics!\",\"publisher\":{\"@id\":\"https:\\\/\\\/neos-music.com\\\/#organization\"},\"potentialAction\":[{\"@type\":\"SearchAction\",\"target\":{\"@type\":\"EntryPoint\",\"urlTemplate\":\"https:\\\/\\\/neos-music.com\\\/?s={search_term_string}\"},\"query-input\":{\"@type\":\"PropertyValueSpecification\",\"valueRequired\":true,\"valueName\":\"search_term_string\"}}],\"inLanguage\":\"en-US\"},{\"@type\":\"Organization\",\"@id\":\"https:\\\/\\\/neos-music.com\\\/#organization\",\"name\":\"NEOS Music\",\"url\":\"https:\\\/\\\/neos-music.com\\\/\",\"logo\":{\"@type\":\"ImageObject\",\"inLanguage\":\"en-US\",\"@id\":\"https:\\\/\\\/neos-music.com\\\/#\\\/schema\\\/logo\\\/image\\\/\",\"url\":\"https:\\\/\\\/i0.wp.com\\\/neos-music.com\\\/wp-content\\\/uploads\\\/2025\\\/08\\\/NEOS-Logo-weiss.png?fit=800%2C203&ssl=1\",\"contentUrl\":\"https:\\\/\\\/i0.wp.com\\\/neos-music.com\\\/wp-content\\\/uploads\\\/2025\\\/08\\\/NEOS-Logo-weiss.png?fit=800%2C203&ssl=1\",\"width\":800,\"height\":203,\"caption\":\"NEOS Music\"},\"image\":{\"@id\":\"https:\\\/\\\/neos-music.com\\\/#\\\/schema\\\/logo\\\/image\\\/\"}}]}<\/script>\n<!-- \/ Yoast SEO plugin. -->","yoast_head_json":{"title":"Eres Holz: DEATH - NEOS Music","description":"Die Werke und deren Aufnahmen auf dieser CD sind in Zeiten von Krieg und Zerst\u00f6rung entstanden. Wir wissen bereits um die Langfristigkeit ihrer Verheerungen. Die Traumata halten ein Leben lang an und pr\u00e4gen in der Folge mehrere Generationen. Der Mensch ist f\u00e4hig zur Bestialit\u00e4t \u2013 zugleich ist er ein hochsensibles Wesen. Er ist fragil und sollte entsprechend behutsam behandelt werden. Dieses Album will das Bewusstsein f\u00fcr die Bedeutung der Empathie st\u00e4rken und die Sehnsucht nach Leben zum Ausdruck bringen.","robots":{"index":"index","follow":"follow","max-snippet":"max-snippet:-1","max-image-preview":"max-image-preview:large","max-video-preview":"max-video-preview:-1"},"canonical":"https:\/\/neos-music.com\/en_us\/product\/eres-holz-death\/","og_locale":"en_US","og_type":"article","og_title":"Eres Holz: DEATH - NEOS Music","og_description":"Die Werke und deren Aufnahmen auf dieser CD sind in Zeiten von Krieg und Zerst\u00f6rung entstanden. Wir wissen bereits um die Langfristigkeit ihrer Verheerungen. Die Traumata halten ein Leben lang an und pr\u00e4gen in der Folge mehrere Generationen. Der Mensch ist f\u00e4hig zur Bestialit\u00e4t \u2013 zugleich ist er ein hochsensibles Wesen. Er ist fragil und sollte entsprechend behutsam behandelt werden. Dieses Album will das Bewusstsein f\u00fcr die Bedeutung der Empathie st\u00e4rken und die Sehnsucht nach Leben zum Ausdruck bringen.","og_url":"https:\/\/neos-music.com\/en_us\/product\/eres-holz-death\/","og_site_name":"NEOS Music","article_modified_time":"2026-01-22T14:01:51+00:00","og_image":[{"width":1647,"height":1482,"url":"https:\/\/neos-music.com\/wp-content\/uploads\/2024\/09\/NEOS-12431-Holz-Cover.webp","type":"image\/webp"}],"twitter_card":"summary_large_image","twitter_misc":{"Est. reading time":"2 minutes"},"schema":{"@context":"https:\/\/schema.org","@graph":[{"@type":"WebPage","@id":"https:\/\/neos-music.com\/product\/eres-holz-death\/","url":"https:\/\/neos-music.com\/product\/eres-holz-death\/","name":"Eres Holz: DEATH - NEOS Music","isPartOf":{"@id":"https:\/\/neos-music.com\/#website"},"primaryImageOfPage":{"@id":"https:\/\/neos-music.com\/product\/eres-holz-death\/#primaryimage"},"image":{"@id":"https:\/\/neos-music.com\/product\/eres-holz-death\/#primaryimage"},"thumbnailUrl":"https:\/\/i0.wp.com\/neos-music.com\/wp-content\/uploads\/2024\/09\/NEOS-12431-Holz-Cover.webp?fit=1647%2C1482&ssl=1","datePublished":"2024-10-23T14:58:02+00:00","dateModified":"2026-01-22T14:01:51+00:00","description":"Die Werke und deren Aufnahmen auf dieser CD sind in Zeiten von Krieg und Zerst\u00f6rung entstanden. Wir wissen bereits um die Langfristigkeit ihrer Verheerungen. Die Traumata halten ein Leben lang an und pr\u00e4gen in der Folge mehrere Generationen. Der Mensch ist f\u00e4hig zur Bestialit\u00e4t \u2013 zugleich ist er ein hochsensibles Wesen. Er ist fragil und sollte entsprechend behutsam behandelt werden. Dieses Album will das Bewusstsein f\u00fcr die Bedeutung der Empathie st\u00e4rken und die Sehnsucht nach Leben zum Ausdruck bringen.","breadcrumb":{"@id":"https:\/\/neos-music.com\/product\/eres-holz-death\/#breadcrumb"},"inLanguage":"en-US","potentialAction":[{"@type":"ReadAction","target":["https:\/\/neos-music.com\/product\/eres-holz-death\/"]}]},{"@type":"ImageObject","inLanguage":"en-US","@id":"https:\/\/neos-music.com\/product\/eres-holz-death\/#primaryimage","url":"https:\/\/i0.wp.com\/neos-music.com\/wp-content\/uploads\/2024\/09\/NEOS-12431-Holz-Cover.webp?fit=1647%2C1482&ssl=1","contentUrl":"https:\/\/i0.wp.com\/neos-music.com\/wp-content\/uploads\/2024\/09\/NEOS-12431-Holz-Cover.webp?fit=1647%2C1482&ssl=1","width":1647,"height":1482},{"@type":"BreadcrumbList","@id":"https:\/\/neos-music.com\/product\/eres-holz-death\/#breadcrumb","itemListElement":[{"@type":"ListItem","position":1,"name":"Startseite","item":"https:\/\/neos-music.com\/"},{"@type":"ListItem","position":2,"name":"Produkte","item":"https:\/\/neos-music.com\/shop__trashed\/"},{"@type":"ListItem","position":3,"name":"Eres Holz: DEATH"}]},{"@type":"WebSite","@id":"https:\/\/neos-music.com\/#website","url":"https:\/\/neos-music.com\/","name":"NEOS Music","description":"Dein Online Shop f\u00fcr zeitgen\u00f6ssische Musik, Jazz und Classics!","publisher":{"@id":"https:\/\/neos-music.com\/#organization"},"potentialAction":[{"@type":"SearchAction","target":{"@type":"EntryPoint","urlTemplate":"https:\/\/neos-music.com\/?s={search_term_string}"},"query-input":{"@type":"PropertyValueSpecification","valueRequired":true,"valueName":"search_term_string"}}],"inLanguage":"en-US"},{"@type":"Organization","@id":"https:\/\/neos-music.com\/#organization","name":"NEOS Music","url":"https:\/\/neos-music.com\/","logo":{"@type":"ImageObject","inLanguage":"en-US","@id":"https:\/\/neos-music.com\/#\/schema\/logo\/image\/","url":"https:\/\/i0.wp.com\/neos-music.com\/wp-content\/uploads\/2025\/08\/NEOS-Logo-weiss.png?fit=800%2C203&ssl=1","contentUrl":"https:\/\/i0.wp.com\/neos-music.com\/wp-content\/uploads\/2025\/08\/NEOS-Logo-weiss.png?fit=800%2C203&ssl=1","width":800,"height":203,"caption":"NEOS Music"},"image":{"@id":"https:\/\/neos-music.com\/#\/schema\/logo\/image\/"}}]}},"jetpack_sharing_enabled":true,"_links":{"self":[{"href":"https:\/\/neos-music.com\/en_us\/wp-json\/wp\/v2\/product\/8744","targetHints":{"allow":["GET"]}}],"collection":[{"href":"https:\/\/neos-music.com\/en_us\/wp-json\/wp\/v2\/product"}],"about":[{"href":"https:\/\/neos-music.com\/en_us\/wp-json\/wp\/v2\/types\/product"}],"version-history":[{"count":14,"href":"https:\/\/neos-music.com\/en_us\/wp-json\/wp\/v2\/product\/8744\/revisions"}],"predecessor-version":[{"id":10286,"href":"https:\/\/neos-music.com\/en_us\/wp-json\/wp\/v2\/product\/8744\/revisions\/10286"}],"wp:featuredmedia":[{"embeddable":true,"href":"https:\/\/neos-music.com\/en_us\/wp-json\/wp\/v2\/media\/8746"}],"wp:attachment":[{"href":"https:\/\/neos-music.com\/en_us\/wp-json\/wp\/v2\/media?parent=8744"}],"wp:term":[{"taxonomy":"product_brand","embeddable":true,"href":"https:\/\/neos-music.com\/en_us\/wp-json\/wp\/v2\/product_brand?post=8744"},{"taxonomy":"product_cat","embeddable":true,"href":"https:\/\/neos-music.com\/en_us\/wp-json\/wp\/v2\/product_cat?post=8744"},{"taxonomy":"product_tag","embeddable":true,"href":"https:\/\/neos-music.com\/en_us\/wp-json\/wp\/v2\/product_tag?post=8744"}],"curies":[{"name":"wp","href":"https:\/\/api.w.org\/{rel}","templated":true}]}}