{"id":8841,"date":"2024-11-22T17:41:34","date_gmt":"2024-11-22T16:41:34","guid":{"rendered":"https:\/\/neos-music.com\/?post_type=product&#038;p=8841"},"modified":"2026-01-22T14:30:54","modified_gmt":"2026-01-22T13:30:54","slug":"jakub-rataj-kratzer","status":"publish","type":"product","link":"https:\/\/neos-music.com\/en_us\/product\/jakub-rataj-kratzer\/","title":{"rendered":"Jakub Rataj: Kratzer"},"content":{"rendered":"<p data-start=\"255\" data-end=\"683\" class=\"translation-block\"><strong>Jakub Rataj<\/strong> compositions move between the poles of interior and exterior, perception and reality. His music explores the fragile spaces between body and soul, between experiential time and measurable time, between intuition and structure. It is not conceived as a linear progression, but rather as a journey through an open, heterogeneous soundscape in which certainties are constantly called into question.<\/p>\n<p data-start=\"685\" data-end=\"1253\">Structure does not have hierarchical dominance in Rataj's work. It arises from the intuitive process of composing itself and remains deliberately fragile. The starting point is often a pulsating moment\u2014a kind of perceptual pulse\u2014which, however, quickly dissolves and is overlaid by a complex mixture of internal and external impressions. Rataj does not understand movement in the traditional polyphonic sense, but as a multi-layered process of breath, pulse, meter, and their spaces of difference. Even pausing is movement: a moment of change, not of standstill.<\/p>\n<p data-start=\"1255\" data-end=\"1823\" class=\"translation-block\">This approach is particularly evident in the <strong><em>Piano Quintet H (2017)<\/em><\/strong>. An initially dull, percussive pulse in the lower register forms the starting point for a two-layered event that plays homophonic statics and self-sustaining polyphonic processes off against each other. The harmony is fed by closely spaced quarter-tone clusters, from which melodic lines of high emotional intensity develop. Microharmonic equidistance, glissandi, cluster surfaces, and noisy textures form resonance spaces of great tonal delicacy.<\/p>\n<p data-start=\"1825\" data-end=\"2367\" class=\"translation-block\">These compositional strategies are further developed in the <strong><em>string quartets Second Breath<\/em><\/strong> and <em><strong>Kratzer<\/strong><\/em>, whose microformal structure appears asymmetrical but follows a hidden symmetry. Flageolets, microglissandi, and spectral textures illuminate the delicacy of the spaces between notes in an almost microscopic way. Landscape impressions\u2014such as the sea or winter cold\u2014serve as poetic sources of sound and connect Rataj's music with the tradition of his Bohemian origins, from Jan\u00e1\u010dek to Dvo\u0159\u00e1k.<\/p>\n<p data-start=\"2369\" data-end=\"2648\" class=\"translation-block\">In <em><strong>Stria<\/strong><\/em> for solo violoncello (2023\/24), Rataj transfers this material into a soloistic, game-theoretically experimental dimension. His work thus proves to be a consistent exploration of the space of difference \u2013 sensitive, highly individual, and of great tonal suggestion.<\/p>","protected":false},"excerpt":{"rendered":"<p>1 CD<\/p>","protected":false},"featured_media":8872,"template":"","meta":{"site-sidebar-layout":"default","site-content-layout":"default","ast-site-content-layout":"default","site-content-style":"default","site-sidebar-style":"default","ast-global-header-display":"","ast-banner-title-visibility":"","ast-main-header-display":"","ast-hfb-above-header-display":"","ast-hfb-below-header-display":"","ast-hfb-mobile-header-display":"","site-post-title":"","ast-breadcrumbs-content":"","ast-featured-img":"","footer-sml-layout":"","theme-transparent-header-meta":"default","adv-header-id-meta":"","stick-header-meta":"","header-above-stick-meta":"","header-main-stick-meta":"","header-below-stick-meta":"","astra-migrate-meta-layouts":"set","ast-page-background-enabled":"default","ast-page-background-meta":{"desktop":{"background-color":"","background-image":"","background-repeat":"repeat","background-position":"center center","background-size":"auto","background-attachment":"scroll","background-type":"","background-media":"","overlay-type":"","overlay-color":"","overlay-opacity":"","overlay-gradient":""},"tablet":{"background-color":"","background-image":"","background-repeat":"repeat","background-position":"center center","background-size":"auto","background-attachment":"scroll","background-type":"","background-media":"","overlay-type":"","overlay-color":"","overlay-opacity":"","overlay-gradient":""},"mobile":{"background-color":"","background-image":"","background-repeat":"repeat","background-position":"center center","background-size":"auto","background-attachment":"scroll","background-type":"","background-media":"","overlay-type":"","overlay-color":"","overlay-opacity":"","overlay-gradient":""}},"ast-content-background-meta":{"desktop":{"background-color":"var(--ast-global-color-5)","background-image":"","background-repeat":"repeat","background-position":"center center","background-size":"auto","background-attachment":"scroll","background-type":"","background-media":"","overlay-type":"","overlay-color":"","overlay-opacity":"","overlay-gradient":""},"tablet":{"background-color":"var(--ast-global-color-5)","background-image":"","background-repeat":"repeat","background-position":"center center","background-size":"auto","background-attachment":"scroll","background-type":"","background-media":"","overlay-type":"","overlay-color":"","overlay-opacity":"","overlay-gradient":""},"mobile":{"background-color":"var(--ast-global-color-5)","background-image":"","background-repeat":"repeat","background-position":"center center","background-size":"auto","background-attachment":"scroll","background-type":"","background-media":"","overlay-type":"","overlay-color":"","overlay-opacity":"","overlay-gradient":""}}},"product_brand":[],"product_cat":[26],"product_tag":[876],"class_list":{"0":"post-8841","1":"product","2":"type-product","3":"status-publish","4":"has-post-thumbnail","6":"product_cat-zeitgenossische-musik","7":"product_tag-neuveroeffentlichungen","8":"desktop-align-left","9":"tablet-align-left","10":"mobile-align-left","12":"first","13":"instock","14":"taxable","15":"shipping-taxable","16":"purchasable","17":"product-type-simple"},"yoast_head":"<!-- This site is optimized with the Yoast SEO plugin v27.4 - https:\/\/yoast.com\/product\/yoast-seo-wordpress\/ -->\n<title>Jakub Rataj: Kratzer - NEOS Music<\/title>\n<meta name=\"description\" content=\"Das musikalische Erforschen der Zwischenr\u00e4ume von Innen und Au\u00dfen, von K\u00f6rper und Seele, das subtile Ausleuchten der fragilen Wanderschaft der menschlichen Seele in ihrer wirklichen, in ihrer heterogenen Vielfalt der unendlich scheinenden M\u00f6glichkeiten, das ist der Nukleus der kompositorischen Arbeit Jakub Ratajs.\" \/>\n<meta name=\"robots\" content=\"index, follow, max-snippet:-1, max-image-preview:large, max-video-preview:-1\" \/>\n<link rel=\"canonical\" href=\"https:\/\/neos-music.com\/en_us\/product\/jakub-rataj-kratzer\/\" \/>\n<meta property=\"og:locale\" content=\"en_US\" \/>\n<meta property=\"og:type\" content=\"article\" \/>\n<meta property=\"og:title\" content=\"Jakub Rataj: Kratzer - NEOS Music\" \/>\n<meta property=\"og:description\" content=\"Das musikalische Erforschen der Zwischenr\u00e4ume von Innen und Au\u00dfen, von K\u00f6rper und Seele, das subtile Ausleuchten der fragilen Wanderschaft der menschlichen Seele in ihrer wirklichen, in ihrer heterogenen Vielfalt der unendlich scheinenden M\u00f6glichkeiten, das ist der Nukleus der kompositorischen Arbeit Jakub Ratajs.\" \/>\n<meta property=\"og:url\" content=\"https:\/\/neos-music.com\/en_us\/product\/jakub-rataj-kratzer\/\" \/>\n<meta property=\"og:site_name\" content=\"NEOS Music\" \/>\n<meta property=\"article:modified_time\" content=\"2026-01-22T13:30:54+00:00\" \/>\n<meta property=\"og:image\" content=\"https:\/\/neos-music.com\/wp-content\/uploads\/2024\/11\/NEOS-12509-Rataj-Cover-1.webp\" \/>\n\t<meta property=\"og:image:width\" content=\"1648\" \/>\n\t<meta property=\"og:image:height\" content=\"1482\" \/>\n\t<meta property=\"og:image:type\" content=\"image\/webp\" \/>\n<meta name=\"twitter:card\" content=\"summary_large_image\" \/>\n<meta name=\"twitter:label1\" content=\"Est. reading time\" \/>\n\t<meta name=\"twitter:data1\" content=\"2 minutes\" \/>\n<script type=\"application\/ld+json\" class=\"yoast-schema-graph\">{\"@context\":\"https:\\\/\\\/schema.org\",\"@graph\":[{\"@type\":\"WebPage\",\"@id\":\"https:\\\/\\\/neos-music.com\\\/product\\\/jakub-rataj-kratzer\\\/\",\"url\":\"https:\\\/\\\/neos-music.com\\\/product\\\/jakub-rataj-kratzer\\\/\",\"name\":\"Jakub Rataj: Kratzer - NEOS Music\",\"isPartOf\":{\"@id\":\"https:\\\/\\\/neos-music.com\\\/#website\"},\"primaryImageOfPage\":{\"@id\":\"https:\\\/\\\/neos-music.com\\\/product\\\/jakub-rataj-kratzer\\\/#primaryimage\"},\"image\":{\"@id\":\"https:\\\/\\\/neos-music.com\\\/product\\\/jakub-rataj-kratzer\\\/#primaryimage\"},\"thumbnailUrl\":\"https:\\\/\\\/i0.wp.com\\\/neos-music.com\\\/wp-content\\\/uploads\\\/2024\\\/11\\\/NEOS-12509-Rataj-Cover-1.webp?fit=1648%2C1482&ssl=1\",\"datePublished\":\"2024-11-22T16:41:34+00:00\",\"dateModified\":\"2026-01-22T13:30:54+00:00\",\"description\":\"Das musikalische Erforschen der Zwischenr\u00e4ume von Innen und Au\u00dfen, von K\u00f6rper und Seele, das subtile Ausleuchten der fragilen Wanderschaft der menschlichen Seele in ihrer wirklichen, in ihrer heterogenen Vielfalt der unendlich scheinenden M\u00f6glichkeiten, das ist der Nukleus der kompositorischen Arbeit Jakub Ratajs.\",\"breadcrumb\":{\"@id\":\"https:\\\/\\\/neos-music.com\\\/product\\\/jakub-rataj-kratzer\\\/#breadcrumb\"},\"inLanguage\":\"en-US\",\"potentialAction\":[{\"@type\":\"ReadAction\",\"target\":[\"https:\\\/\\\/neos-music.com\\\/product\\\/jakub-rataj-kratzer\\\/\"]}]},{\"@type\":\"ImageObject\",\"inLanguage\":\"en-US\",\"@id\":\"https:\\\/\\\/neos-music.com\\\/product\\\/jakub-rataj-kratzer\\\/#primaryimage\",\"url\":\"https:\\\/\\\/i0.wp.com\\\/neos-music.com\\\/wp-content\\\/uploads\\\/2024\\\/11\\\/NEOS-12509-Rataj-Cover-1.webp?fit=1648%2C1482&ssl=1\",\"contentUrl\":\"https:\\\/\\\/i0.wp.com\\\/neos-music.com\\\/wp-content\\\/uploads\\\/2024\\\/11\\\/NEOS-12509-Rataj-Cover-1.webp?fit=1648%2C1482&ssl=1\",\"width\":1648,\"height\":1482},{\"@type\":\"BreadcrumbList\",\"@id\":\"https:\\\/\\\/neos-music.com\\\/product\\\/jakub-rataj-kratzer\\\/#breadcrumb\",\"itemListElement\":[{\"@type\":\"ListItem\",\"position\":1,\"name\":\"Startseite\",\"item\":\"https:\\\/\\\/neos-music.com\\\/\"},{\"@type\":\"ListItem\",\"position\":2,\"name\":\"Produkte\",\"item\":\"https:\\\/\\\/neos-music.com\\\/shop__trashed\\\/\"},{\"@type\":\"ListItem\",\"position\":3,\"name\":\"Jakub Rataj: Kratzer\"}]},{\"@type\":\"WebSite\",\"@id\":\"https:\\\/\\\/neos-music.com\\\/#website\",\"url\":\"https:\\\/\\\/neos-music.com\\\/\",\"name\":\"NEOS Music\",\"description\":\"Dein Online Shop f\u00fcr zeitgen\u00f6ssische Musik, Jazz und Classics!\",\"publisher\":{\"@id\":\"https:\\\/\\\/neos-music.com\\\/#organization\"},\"potentialAction\":[{\"@type\":\"SearchAction\",\"target\":{\"@type\":\"EntryPoint\",\"urlTemplate\":\"https:\\\/\\\/neos-music.com\\\/?s={search_term_string}\"},\"query-input\":{\"@type\":\"PropertyValueSpecification\",\"valueRequired\":true,\"valueName\":\"search_term_string\"}}],\"inLanguage\":\"en-US\"},{\"@type\":\"Organization\",\"@id\":\"https:\\\/\\\/neos-music.com\\\/#organization\",\"name\":\"NEOS Music\",\"url\":\"https:\\\/\\\/neos-music.com\\\/\",\"logo\":{\"@type\":\"ImageObject\",\"inLanguage\":\"en-US\",\"@id\":\"https:\\\/\\\/neos-music.com\\\/#\\\/schema\\\/logo\\\/image\\\/\",\"url\":\"https:\\\/\\\/i0.wp.com\\\/neos-music.com\\\/wp-content\\\/uploads\\\/2025\\\/08\\\/NEOS-Logo-weiss.png?fit=800%2C203&ssl=1\",\"contentUrl\":\"https:\\\/\\\/i0.wp.com\\\/neos-music.com\\\/wp-content\\\/uploads\\\/2025\\\/08\\\/NEOS-Logo-weiss.png?fit=800%2C203&ssl=1\",\"width\":800,\"height\":203,\"caption\":\"NEOS Music\"},\"image\":{\"@id\":\"https:\\\/\\\/neos-music.com\\\/#\\\/schema\\\/logo\\\/image\\\/\"}}]}<\/script>\n<!-- \/ Yoast SEO plugin. -->","yoast_head_json":{"title":"Jakub Rataj: Kratzer - NEOS Music","description":"Das musikalische Erforschen der Zwischenr\u00e4ume von Innen und Au\u00dfen, von K\u00f6rper und Seele, das subtile Ausleuchten der fragilen Wanderschaft der menschlichen Seele in ihrer wirklichen, in ihrer heterogenen Vielfalt der unendlich scheinenden M\u00f6glichkeiten, das ist der Nukleus der kompositorischen Arbeit Jakub Ratajs.","robots":{"index":"index","follow":"follow","max-snippet":"max-snippet:-1","max-image-preview":"max-image-preview:large","max-video-preview":"max-video-preview:-1"},"canonical":"https:\/\/neos-music.com\/en_us\/product\/jakub-rataj-kratzer\/","og_locale":"en_US","og_type":"article","og_title":"Jakub Rataj: Kratzer - NEOS Music","og_description":"Das musikalische Erforschen der Zwischenr\u00e4ume von Innen und Au\u00dfen, von K\u00f6rper und Seele, das subtile Ausleuchten der fragilen Wanderschaft der menschlichen Seele in ihrer wirklichen, in ihrer heterogenen Vielfalt der unendlich scheinenden M\u00f6glichkeiten, das ist der Nukleus der kompositorischen Arbeit Jakub Ratajs.","og_url":"https:\/\/neos-music.com\/en_us\/product\/jakub-rataj-kratzer\/","og_site_name":"NEOS Music","article_modified_time":"2026-01-22T13:30:54+00:00","og_image":[{"width":1648,"height":1482,"url":"https:\/\/neos-music.com\/wp-content\/uploads\/2024\/11\/NEOS-12509-Rataj-Cover-1.webp","type":"image\/webp"}],"twitter_card":"summary_large_image","twitter_misc":{"Est. reading time":"2 minutes"},"schema":{"@context":"https:\/\/schema.org","@graph":[{"@type":"WebPage","@id":"https:\/\/neos-music.com\/product\/jakub-rataj-kratzer\/","url":"https:\/\/neos-music.com\/product\/jakub-rataj-kratzer\/","name":"Jakub Rataj: Kratzer - NEOS Music","isPartOf":{"@id":"https:\/\/neos-music.com\/#website"},"primaryImageOfPage":{"@id":"https:\/\/neos-music.com\/product\/jakub-rataj-kratzer\/#primaryimage"},"image":{"@id":"https:\/\/neos-music.com\/product\/jakub-rataj-kratzer\/#primaryimage"},"thumbnailUrl":"https:\/\/i0.wp.com\/neos-music.com\/wp-content\/uploads\/2024\/11\/NEOS-12509-Rataj-Cover-1.webp?fit=1648%2C1482&ssl=1","datePublished":"2024-11-22T16:41:34+00:00","dateModified":"2026-01-22T13:30:54+00:00","description":"Das musikalische Erforschen der Zwischenr\u00e4ume von Innen und Au\u00dfen, von K\u00f6rper und Seele, das subtile Ausleuchten der fragilen Wanderschaft der menschlichen Seele in ihrer wirklichen, in ihrer heterogenen Vielfalt der unendlich scheinenden M\u00f6glichkeiten, das ist der Nukleus der kompositorischen Arbeit Jakub Ratajs.","breadcrumb":{"@id":"https:\/\/neos-music.com\/product\/jakub-rataj-kratzer\/#breadcrumb"},"inLanguage":"en-US","potentialAction":[{"@type":"ReadAction","target":["https:\/\/neos-music.com\/product\/jakub-rataj-kratzer\/"]}]},{"@type":"ImageObject","inLanguage":"en-US","@id":"https:\/\/neos-music.com\/product\/jakub-rataj-kratzer\/#primaryimage","url":"https:\/\/i0.wp.com\/neos-music.com\/wp-content\/uploads\/2024\/11\/NEOS-12509-Rataj-Cover-1.webp?fit=1648%2C1482&ssl=1","contentUrl":"https:\/\/i0.wp.com\/neos-music.com\/wp-content\/uploads\/2024\/11\/NEOS-12509-Rataj-Cover-1.webp?fit=1648%2C1482&ssl=1","width":1648,"height":1482},{"@type":"BreadcrumbList","@id":"https:\/\/neos-music.com\/product\/jakub-rataj-kratzer\/#breadcrumb","itemListElement":[{"@type":"ListItem","position":1,"name":"Startseite","item":"https:\/\/neos-music.com\/"},{"@type":"ListItem","position":2,"name":"Produkte","item":"https:\/\/neos-music.com\/shop__trashed\/"},{"@type":"ListItem","position":3,"name":"Jakub Rataj: Kratzer"}]},{"@type":"WebSite","@id":"https:\/\/neos-music.com\/#website","url":"https:\/\/neos-music.com\/","name":"NEOS Music","description":"Dein Online Shop f\u00fcr zeitgen\u00f6ssische Musik, Jazz und Classics!","publisher":{"@id":"https:\/\/neos-music.com\/#organization"},"potentialAction":[{"@type":"SearchAction","target":{"@type":"EntryPoint","urlTemplate":"https:\/\/neos-music.com\/?s={search_term_string}"},"query-input":{"@type":"PropertyValueSpecification","valueRequired":true,"valueName":"search_term_string"}}],"inLanguage":"en-US"},{"@type":"Organization","@id":"https:\/\/neos-music.com\/#organization","name":"NEOS Music","url":"https:\/\/neos-music.com\/","logo":{"@type":"ImageObject","inLanguage":"en-US","@id":"https:\/\/neos-music.com\/#\/schema\/logo\/image\/","url":"https:\/\/i0.wp.com\/neos-music.com\/wp-content\/uploads\/2025\/08\/NEOS-Logo-weiss.png?fit=800%2C203&ssl=1","contentUrl":"https:\/\/i0.wp.com\/neos-music.com\/wp-content\/uploads\/2025\/08\/NEOS-Logo-weiss.png?fit=800%2C203&ssl=1","width":800,"height":203,"caption":"NEOS Music"},"image":{"@id":"https:\/\/neos-music.com\/#\/schema\/logo\/image\/"}}]}},"jetpack_sharing_enabled":true,"_links":{"self":[{"href":"https:\/\/neos-music.com\/en_us\/wp-json\/wp\/v2\/product\/8841","targetHints":{"allow":["GET"]}}],"collection":[{"href":"https:\/\/neos-music.com\/en_us\/wp-json\/wp\/v2\/product"}],"about":[{"href":"https:\/\/neos-music.com\/en_us\/wp-json\/wp\/v2\/types\/product"}],"version-history":[{"count":6,"href":"https:\/\/neos-music.com\/en_us\/wp-json\/wp\/v2\/product\/8841\/revisions"}],"predecessor-version":[{"id":10280,"href":"https:\/\/neos-music.com\/en_us\/wp-json\/wp\/v2\/product\/8841\/revisions\/10280"}],"wp:featuredmedia":[{"embeddable":true,"href":"https:\/\/neos-music.com\/en_us\/wp-json\/wp\/v2\/media\/8872"}],"wp:attachment":[{"href":"https:\/\/neos-music.com\/en_us\/wp-json\/wp\/v2\/media?parent=8841"}],"wp:term":[{"taxonomy":"product_brand","embeddable":true,"href":"https:\/\/neos-music.com\/en_us\/wp-json\/wp\/v2\/product_brand?post=8841"},{"taxonomy":"product_cat","embeddable":true,"href":"https:\/\/neos-music.com\/en_us\/wp-json\/wp\/v2\/product_cat?post=8841"},{"taxonomy":"product_tag","embeddable":true,"href":"https:\/\/neos-music.com\/en_us\/wp-json\/wp\/v2\/product_tag?post=8841"}],"curies":[{"name":"wp","href":"https:\/\/api.w.org\/{rel}","templated":true}]}}