{"id":8885,"date":"2025-01-31T01:00:42","date_gmt":"2025-01-31T00:00:42","guid":{"rendered":"https:\/\/neos-music.com\/?post_type=product&#038;p=8885"},"modified":"2026-01-22T14:04:34","modified_gmt":"2026-01-22T13:04:34","slug":"amoroso-pensamiento","status":"publish","type":"product","link":"https:\/\/neos-music.com\/en_us\/product\/amoroso-pensamiento\/","title":{"rendered":"Amoroso pensamiento"},"content":{"rendered":"<p><iframe style=\"border-radius: 12px;\" src=\"https:\/\/open.spotify.com\/embed\/album\/3FIVk70enpCULlj8L8PgSd?utm_source=generator&amp;theme=0\" width=\"100%\" height=\"352\" frameborder=\"0\" allowfullscreen=\"allowfullscreen\"><\/iframe><\/p>\n<h4><\/h4>\n<h4><\/h4>\n<h4><b><span class=\"notranslate\">Amoroso pensamiento<\/span> \u00b7 Liebevoller Gedanke<\/b><\/h4>\n<p>Spanische Musik des Goldenen Zeitalters (17. Jahrhundert)<\/p>\n<p>&nbsp;<\/p>\n<p>Unter dem Titel <b><i><span class=\"notranslate\">Amoroso pensamiento<\/span><\/i><\/b> (ein Text von Miguel de Cervantes, einem der weltweit gr\u00f6\u00dften Schriftsteller) pr\u00e4sentieren wir eine ganz besondere Auswahl von Werken gro\u00dfer Musikerpers\u00f6nlichkeiten und Texten von Schriftstellern, die zum Glanz des spanischen Barocks beigetragen haben. Das <b>Siglo de Oro<\/b> wird als das \u00bbGoldene Zeitalter\u00ab Spaniens bezeichnet, da in der Zeit von 1492 bis 1681 Philosophie, Kunst, Musik und Literatur ihre Bl\u00fctezeit erlebten.<\/p>\n<p>Von den bedeutendsten Komponisten dieser Epoche haben wir Juan Hidalgo (1614\u20131685), Juan Ara\u00f1\u00e9s (1580\u20131649) und Jos\u00e9 Mar\u00edn (1618\u20131699) ausgew\u00e4hlt. Die meisten dieser gesungenen Werke geh\u00f6ren zu den \u00bbZarzuelas\u00ab (das spanische Homonym der Barockoper). Zarzuelas waren im Spanien des 17. Jahrhunderts von gro\u00dfer Bedeutung: Es fanden sich ber\u00fchmte Komponisten und Schriftsteller zusammen, um diese Werke zu schaffen. Die Bezeichnung \u00bbZarzuela\u00ab (nicht \u00bbOper\u00ab, wie in anderen L\u00e4ndern Europas) ist darauf zur\u00fcckzuf\u00fchren, dass die ersten Auff\u00fchrungen im \u00bbTeatro del Palacio de la Zarzuela\u00ab in Madrid f\u00fcr den spanischen Hof stattfanden.<\/p>\n<p>Die Texte stammen von bedeutenden Schriftstellern der damaligen Zeit: Jorge de Montemayor (1520\u20131561), Miguel de Cervantes (1547\u20131616), F\u00e9lix Lope de Vega (1562\u20131635), Luis V\u00e9lez de Guevara (1579\u20131639), Pedro Calder\u00f3n de la Barca (1600\u20131681) und Agust\u00edn de Salazar y Torres (1636\u20131675).<\/p>\n<p>Die drei brillantesten Musiker, die f\u00fcr die Barockgitarre komponierten, waren Gaspar Sanz (1640\u20131710), Francisco Guerau (1649\u20131722) und Santiago de Murcia (1673\u20131739), von denen hier 12 beispielhafte St\u00fccke vorgestellt werden.<\/p>\n<p>&nbsp;<\/p>\n<p><b>Juan Hidalgo <\/b>(1614\u20131685, Madrid)<br \/>\nKomponist und H\u00f6fling. Er gilt als einer der wichtigsten Vertreter der spanischen Barockmusik. Er war der Erste, der am Hof von Felipe IV. und Carlos II. Zarzuelas komponierte und Madrid zu einem Status in der Theaterwelt verhalf, der mit Versailles oder Wien konkurrieren konnte.<\/p>\n<p><b>Jos\u00e9 Mar\u00edn <\/b>(1618\u20131699, Madrid)<br \/>\nGitarrist und S\u00e4nger. Er f\u00fchrte ein turbulentes Leben, wurde zum Priester geweiht, war in Diebst\u00e4hle und Morde verwickelt, wurde verurteilt und f\u00fcr zehn Jahre verbannt. Der begabte Komponist schrieb ein wichtiges Kompendium von 51 <i>Tonos Humanos<\/i> f\u00fcr Gesang und Gitarre.<\/p>\n<p><b>Juan<\/b><b> <\/b><b>Ara\u00f1\u00e9s<\/b><b> <\/b>(*1580, Barcelona \u00b7 \u20201650, La Seu d\u2019Urgell)<br \/>\nEr war Kapellmeister in Rom, wo er zwei B\u00e4nde mit <i>Tonos Humanos<\/i> und <i>Villancicos<\/i> ver\u00f6ffentlichte, die von den Pikaresken der italienischen <i>Villanelle<\/i> und den spanischen <i>Chaconas<\/i> inspiriert waren. Nach seiner R\u00fcckkehr nach Spanien wurde er Kapellmeister in La Seu d\u2019Urgell, wo er eine gro\u00dfe Anzahl religi\u00f6ser Werke komponierte.<\/p>\n<p><b>Santiago<\/b><b> <\/b><b>de<\/b><b> <\/b><b>Murcia<\/b><b> <\/b>(17.\u201318. Jahrhundert)<br \/>\nEr ist eine der f\u00fchrenden Pers\u00f6nlichkeiten der spanischen Barockgitarre, doch es gibt nur sehr wenige biographische Informationen \u00fcber ihn. Seine erste Abhandlung, <i>Sobre c\u00f3mo tocar la guitarra <\/i>[\u00dcber das Gitarrenspiel], wurde in Antwerpen gedruckt. Er reiste durch Italien, Frankreich und Mexiko, wo er vermutlich auch starb.<\/p>\n<p><b>Gaspar<\/b><b> <\/b><b>Sanz<\/b><b> <\/b>(*1640, Teruel \u00b7 \u20201710, Madrid)<br \/>\nEr studierte an der Universit\u00e4t von Salamanca und verbrachte lange Zeit in Rom und Neapel. Er ver\u00f6ffentlichte ein wichtiges Werk mit dem Titel <i>Instrucciones de m\u00fasica sobre la guitarra espa\u00f1ola<\/i> [Musikanleitung f\u00fcr die spanische Gitarre], dessen dritter Band ganz den <i>pasacalles para preludiar<\/i> [Pr\u00e4ludium-Passacaglien] gewidmet ist: Es war \u00fcblich, diese St\u00fccke zur Einstimmung auf die danach folgenden Gesangsst\u00fccke zu spielen. Seine Werke erfreuten sich gro\u00dfer Beliebtheit, da sie die nationalen Wurzeln besonders deutlich machten.<\/p>\n<p><b>Francisco<\/b><b> <\/b><b>Guerau<\/b><b> <\/b>(*1649, Palma de Mallorca \u00b7 \u20201722, Madrid)<br \/>\nEr war 10 Jahre lang Kantor der \u00bbReal Capilla\u00ab und wurde dann Mitglied der \u00bbReal C\u00e1mara\u00ab. Er ver\u00f6ffentlichte das Werk <i>Poema Harm\u00f3nico<\/i> f\u00fcr Gitarre, welches ihn ber\u00fchmt machte. Es markiert einen Wendepunkt in der Entwicklung der Gitarrenmusik und ist aufgrund seiner musikalischen Qualit\u00e4t au\u00dfergew\u00f6hnlich.<span class=\"Apple-converted-space\">\u00a0<\/span><\/p>\n<p>Isabel \u00c1lvarez<\/p>\n","protected":false},"excerpt":{"rendered":"<p>1 CD<\/p>","protected":false},"featured_media":8887,"template":"","meta":{"site-sidebar-layout":"default","site-content-layout":"default","ast-site-content-layout":"default","site-content-style":"default","site-sidebar-style":"default","ast-global-header-display":"","ast-banner-title-visibility":"","ast-main-header-display":"","ast-hfb-above-header-display":"","ast-hfb-below-header-display":"","ast-hfb-mobile-header-display":"","site-post-title":"","ast-breadcrumbs-content":"","ast-featured-img":"","footer-sml-layout":"","theme-transparent-header-meta":"default","adv-header-id-meta":"","stick-header-meta":"","header-above-stick-meta":"","header-main-stick-meta":"","header-below-stick-meta":"","astra-migrate-meta-layouts":"set","ast-page-background-enabled":"default","ast-page-background-meta":{"desktop":{"background-color":"","background-image":"","background-repeat":"repeat","background-position":"center center","background-size":"auto","background-attachment":"scroll","background-type":"","background-media":"","overlay-type":"","overlay-color":"","overlay-opacity":"","overlay-gradient":""},"tablet":{"background-color":"","background-image":"","background-repeat":"repeat","background-position":"center center","background-size":"auto","background-attachment":"scroll","background-type":"","background-media":"","overlay-type":"","overlay-color":"","overlay-opacity":"","overlay-gradient":""},"mobile":{"background-color":"","background-image":"","background-repeat":"repeat","background-position":"center center","background-size":"auto","background-attachment":"scroll","background-type":"","background-media":"","overlay-type":"","overlay-color":"","overlay-opacity":"","overlay-gradient":""}},"ast-content-background-meta":{"desktop":{"background-color":"var(--ast-global-color-5)","background-image":"","background-repeat":"repeat","background-position":"center center","background-size":"auto","background-attachment":"scroll","background-type":"","background-media":"","overlay-type":"","overlay-color":"","overlay-opacity":"","overlay-gradient":""},"tablet":{"background-color":"var(--ast-global-color-5)","background-image":"","background-repeat":"repeat","background-position":"center center","background-size":"auto","background-attachment":"scroll","background-type":"","background-media":"","overlay-type":"","overlay-color":"","overlay-opacity":"","overlay-gradient":""},"mobile":{"background-color":"var(--ast-global-color-5)","background-image":"","background-repeat":"repeat","background-position":"center center","background-size":"auto","background-attachment":"scroll","background-type":"","background-media":"","overlay-type":"","overlay-color":"","overlay-opacity":"","overlay-gradient":""}}},"product_brand":[],"product_cat":[25],"product_tag":[876],"class_list":{"0":"post-8885","1":"product","2":"type-product","3":"status-publish","4":"has-post-thumbnail","6":"product_cat-klassische-musik","7":"product_tag-neuveroeffentlichungen","8":"desktop-align-left","9":"tablet-align-left","10":"mobile-align-left","12":"first","13":"instock","14":"taxable","15":"shipping-taxable","16":"purchasable","17":"product-type-simple"},"yoast_head":"<!-- This site is optimized with the Yoast SEO plugin v27.4 - https:\/\/yoast.com\/product\/yoast-seo-wordpress\/ -->\n<title>Amoroso pensamiento - NEOS Music<\/title>\n<meta name=\"description\" content=\"Unter dem Titel Amoroso pensamiento (ein Text von Miguel de Cervantes, einem der weltweit gr\u00f6\u00dften Schriftsteller) pr\u00e4sentieren wir eine ganz besondere Auswahl von Werken gro\u00dfer Musikerpers\u00f6nlichkeiten und Texten von Schriftstellern, die zum Glanz des spanischen Barocks beigetragen haben. Das Siglo de Oro wird als das \u00bbGoldene Zeitalter\u00ab Spaniens bezeichnet, da in der Zeit von 1492 bis 1681 Philosophie, Kunst, Musik und Literatur ihre Bl\u00fctezeit erlebten.\" \/>\n<meta name=\"robots\" content=\"index, follow, max-snippet:-1, max-image-preview:large, max-video-preview:-1\" \/>\n<link rel=\"canonical\" href=\"https:\/\/neos-music.com\/en_us\/product\/amoroso-pensamiento\/\" \/>\n<meta property=\"og:locale\" content=\"en_US\" \/>\n<meta property=\"og:type\" content=\"article\" \/>\n<meta property=\"og:title\" content=\"Amoroso pensamiento - NEOS Music\" \/>\n<meta property=\"og:description\" content=\"Unter dem Titel Amoroso pensamiento (ein Text von Miguel de Cervantes, einem der weltweit gr\u00f6\u00dften Schriftsteller) pr\u00e4sentieren wir eine ganz besondere Auswahl von Werken gro\u00dfer Musikerpers\u00f6nlichkeiten und Texten von Schriftstellern, die zum Glanz des spanischen Barocks beigetragen haben. Das Siglo de Oro wird als das \u00bbGoldene Zeitalter\u00ab Spaniens bezeichnet, da in der Zeit von 1492 bis 1681 Philosophie, Kunst, Musik und Literatur ihre Bl\u00fctezeit erlebten.\" \/>\n<meta property=\"og:url\" content=\"https:\/\/neos-music.com\/en_us\/product\/amoroso-pensamiento\/\" \/>\n<meta property=\"og:site_name\" content=\"NEOS Music\" \/>\n<meta property=\"article:modified_time\" content=\"2026-01-22T13:04:34+00:00\" \/>\n<meta property=\"og:image\" content=\"https:\/\/neos-music.com\/wp-content\/uploads\/2024\/12\/NEOS-32405-Amoroso-pensamiento-Cover.jpg\" \/>\n\t<meta property=\"og:image:width\" content=\"1648\" \/>\n\t<meta property=\"og:image:height\" content=\"1481\" \/>\n\t<meta property=\"og:image:type\" content=\"image\/jpeg\" \/>\n<meta name=\"twitter:card\" content=\"summary_large_image\" \/>\n<meta name=\"twitter:label1\" content=\"Est. reading time\" \/>\n\t<meta name=\"twitter:data1\" content=\"4 minutes\" \/>\n<script type=\"application\/ld+json\" class=\"yoast-schema-graph\">{\"@context\":\"https:\\\/\\\/schema.org\",\"@graph\":[{\"@type\":\"WebPage\",\"@id\":\"https:\\\/\\\/neos-music.com\\\/product\\\/amoroso-pensamiento\\\/\",\"url\":\"https:\\\/\\\/neos-music.com\\\/product\\\/amoroso-pensamiento\\\/\",\"name\":\"Amoroso pensamiento - NEOS Music\",\"isPartOf\":{\"@id\":\"https:\\\/\\\/neos-music.com\\\/#website\"},\"primaryImageOfPage\":{\"@id\":\"https:\\\/\\\/neos-music.com\\\/product\\\/amoroso-pensamiento\\\/#primaryimage\"},\"image\":{\"@id\":\"https:\\\/\\\/neos-music.com\\\/product\\\/amoroso-pensamiento\\\/#primaryimage\"},\"thumbnailUrl\":\"https:\\\/\\\/i0.wp.com\\\/neos-music.com\\\/wp-content\\\/uploads\\\/2024\\\/12\\\/NEOS-32405-Amoroso-pensamiento-Cover.jpg?fit=1648%2C1481&ssl=1\",\"datePublished\":\"2025-01-31T00:00:42+00:00\",\"dateModified\":\"2026-01-22T13:04:34+00:00\",\"description\":\"Unter dem Titel Amoroso pensamiento (ein Text von Miguel de Cervantes, einem der weltweit gr\u00f6\u00dften Schriftsteller) pr\u00e4sentieren wir eine ganz besondere Auswahl von Werken gro\u00dfer Musikerpers\u00f6nlichkeiten und Texten von Schriftstellern, die zum Glanz des spanischen Barocks beigetragen haben. Das Siglo de Oro wird als das \u00bbGoldene Zeitalter\u00ab Spaniens bezeichnet, da in der Zeit von 1492 bis 1681 Philosophie, Kunst, Musik und Literatur ihre Bl\u00fctezeit erlebten.\",\"breadcrumb\":{\"@id\":\"https:\\\/\\\/neos-music.com\\\/product\\\/amoroso-pensamiento\\\/#breadcrumb\"},\"inLanguage\":\"en-US\",\"potentialAction\":[{\"@type\":\"ReadAction\",\"target\":[\"https:\\\/\\\/neos-music.com\\\/product\\\/amoroso-pensamiento\\\/\"]}]},{\"@type\":\"ImageObject\",\"inLanguage\":\"en-US\",\"@id\":\"https:\\\/\\\/neos-music.com\\\/product\\\/amoroso-pensamiento\\\/#primaryimage\",\"url\":\"https:\\\/\\\/i0.wp.com\\\/neos-music.com\\\/wp-content\\\/uploads\\\/2024\\\/12\\\/NEOS-32405-Amoroso-pensamiento-Cover.jpg?fit=1648%2C1481&ssl=1\",\"contentUrl\":\"https:\\\/\\\/i0.wp.com\\\/neos-music.com\\\/wp-content\\\/uploads\\\/2024\\\/12\\\/NEOS-32405-Amoroso-pensamiento-Cover.jpg?fit=1648%2C1481&ssl=1\",\"width\":1648,\"height\":1481},{\"@type\":\"BreadcrumbList\",\"@id\":\"https:\\\/\\\/neos-music.com\\\/product\\\/amoroso-pensamiento\\\/#breadcrumb\",\"itemListElement\":[{\"@type\":\"ListItem\",\"position\":1,\"name\":\"Startseite\",\"item\":\"https:\\\/\\\/neos-music.com\\\/\"},{\"@type\":\"ListItem\",\"position\":2,\"name\":\"Produkte\",\"item\":\"https:\\\/\\\/neos-music.com\\\/shop__trashed\\\/\"},{\"@type\":\"ListItem\",\"position\":3,\"name\":\"Amoroso pensamiento\"}]},{\"@type\":\"WebSite\",\"@id\":\"https:\\\/\\\/neos-music.com\\\/#website\",\"url\":\"https:\\\/\\\/neos-music.com\\\/\",\"name\":\"NEOS Music\",\"description\":\"Dein Online Shop f\u00fcr zeitgen\u00f6ssische Musik, Jazz und Classics!\",\"publisher\":{\"@id\":\"https:\\\/\\\/neos-music.com\\\/#organization\"},\"potentialAction\":[{\"@type\":\"SearchAction\",\"target\":{\"@type\":\"EntryPoint\",\"urlTemplate\":\"https:\\\/\\\/neos-music.com\\\/?s={search_term_string}\"},\"query-input\":{\"@type\":\"PropertyValueSpecification\",\"valueRequired\":true,\"valueName\":\"search_term_string\"}}],\"inLanguage\":\"en-US\"},{\"@type\":\"Organization\",\"@id\":\"https:\\\/\\\/neos-music.com\\\/#organization\",\"name\":\"NEOS Music\",\"url\":\"https:\\\/\\\/neos-music.com\\\/\",\"logo\":{\"@type\":\"ImageObject\",\"inLanguage\":\"en-US\",\"@id\":\"https:\\\/\\\/neos-music.com\\\/#\\\/schema\\\/logo\\\/image\\\/\",\"url\":\"https:\\\/\\\/i0.wp.com\\\/neos-music.com\\\/wp-content\\\/uploads\\\/2025\\\/08\\\/NEOS-Logo-weiss.png?fit=800%2C203&ssl=1\",\"contentUrl\":\"https:\\\/\\\/i0.wp.com\\\/neos-music.com\\\/wp-content\\\/uploads\\\/2025\\\/08\\\/NEOS-Logo-weiss.png?fit=800%2C203&ssl=1\",\"width\":800,\"height\":203,\"caption\":\"NEOS Music\"},\"image\":{\"@id\":\"https:\\\/\\\/neos-music.com\\\/#\\\/schema\\\/logo\\\/image\\\/\"}}]}<\/script>\n<!-- \/ Yoast SEO plugin. -->","yoast_head_json":{"title":"Amoroso pensamiento - NEOS Music","description":"Unter dem Titel Amoroso pensamiento (ein Text von Miguel de Cervantes, einem der weltweit gr\u00f6\u00dften Schriftsteller) pr\u00e4sentieren wir eine ganz besondere Auswahl von Werken gro\u00dfer Musikerpers\u00f6nlichkeiten und Texten von Schriftstellern, die zum Glanz des spanischen Barocks beigetragen haben. Das Siglo de Oro wird als das \u00bbGoldene Zeitalter\u00ab Spaniens bezeichnet, da in der Zeit von 1492 bis 1681 Philosophie, Kunst, Musik und Literatur ihre Bl\u00fctezeit erlebten.","robots":{"index":"index","follow":"follow","max-snippet":"max-snippet:-1","max-image-preview":"max-image-preview:large","max-video-preview":"max-video-preview:-1"},"canonical":"https:\/\/neos-music.com\/en_us\/product\/amoroso-pensamiento\/","og_locale":"en_US","og_type":"article","og_title":"Amoroso pensamiento - NEOS Music","og_description":"Unter dem Titel Amoroso pensamiento (ein Text von Miguel de Cervantes, einem der weltweit gr\u00f6\u00dften Schriftsteller) pr\u00e4sentieren wir eine ganz besondere Auswahl von Werken gro\u00dfer Musikerpers\u00f6nlichkeiten und Texten von Schriftstellern, die zum Glanz des spanischen Barocks beigetragen haben. Das Siglo de Oro wird als das \u00bbGoldene Zeitalter\u00ab Spaniens bezeichnet, da in der Zeit von 1492 bis 1681 Philosophie, Kunst, Musik und Literatur ihre Bl\u00fctezeit erlebten.","og_url":"https:\/\/neos-music.com\/en_us\/product\/amoroso-pensamiento\/","og_site_name":"NEOS Music","article_modified_time":"2026-01-22T13:04:34+00:00","og_image":[{"width":1648,"height":1481,"url":"https:\/\/neos-music.com\/wp-content\/uploads\/2024\/12\/NEOS-32405-Amoroso-pensamiento-Cover.jpg","type":"image\/jpeg"}],"twitter_card":"summary_large_image","twitter_misc":{"Est. reading time":"4 minutes"},"schema":{"@context":"https:\/\/schema.org","@graph":[{"@type":"WebPage","@id":"https:\/\/neos-music.com\/product\/amoroso-pensamiento\/","url":"https:\/\/neos-music.com\/product\/amoroso-pensamiento\/","name":"Amoroso pensamiento - NEOS Music","isPartOf":{"@id":"https:\/\/neos-music.com\/#website"},"primaryImageOfPage":{"@id":"https:\/\/neos-music.com\/product\/amoroso-pensamiento\/#primaryimage"},"image":{"@id":"https:\/\/neos-music.com\/product\/amoroso-pensamiento\/#primaryimage"},"thumbnailUrl":"https:\/\/i0.wp.com\/neos-music.com\/wp-content\/uploads\/2024\/12\/NEOS-32405-Amoroso-pensamiento-Cover.jpg?fit=1648%2C1481&ssl=1","datePublished":"2025-01-31T00:00:42+00:00","dateModified":"2026-01-22T13:04:34+00:00","description":"Unter dem Titel Amoroso pensamiento (ein Text von Miguel de Cervantes, einem der weltweit gr\u00f6\u00dften Schriftsteller) pr\u00e4sentieren wir eine ganz besondere Auswahl von Werken gro\u00dfer Musikerpers\u00f6nlichkeiten und Texten von Schriftstellern, die zum Glanz des spanischen Barocks beigetragen haben. Das Siglo de Oro wird als das \u00bbGoldene Zeitalter\u00ab Spaniens bezeichnet, da in der Zeit von 1492 bis 1681 Philosophie, Kunst, Musik und Literatur ihre Bl\u00fctezeit erlebten.","breadcrumb":{"@id":"https:\/\/neos-music.com\/product\/amoroso-pensamiento\/#breadcrumb"},"inLanguage":"en-US","potentialAction":[{"@type":"ReadAction","target":["https:\/\/neos-music.com\/product\/amoroso-pensamiento\/"]}]},{"@type":"ImageObject","inLanguage":"en-US","@id":"https:\/\/neos-music.com\/product\/amoroso-pensamiento\/#primaryimage","url":"https:\/\/i0.wp.com\/neos-music.com\/wp-content\/uploads\/2024\/12\/NEOS-32405-Amoroso-pensamiento-Cover.jpg?fit=1648%2C1481&ssl=1","contentUrl":"https:\/\/i0.wp.com\/neos-music.com\/wp-content\/uploads\/2024\/12\/NEOS-32405-Amoroso-pensamiento-Cover.jpg?fit=1648%2C1481&ssl=1","width":1648,"height":1481},{"@type":"BreadcrumbList","@id":"https:\/\/neos-music.com\/product\/amoroso-pensamiento\/#breadcrumb","itemListElement":[{"@type":"ListItem","position":1,"name":"Startseite","item":"https:\/\/neos-music.com\/"},{"@type":"ListItem","position":2,"name":"Produkte","item":"https:\/\/neos-music.com\/shop__trashed\/"},{"@type":"ListItem","position":3,"name":"Amoroso pensamiento"}]},{"@type":"WebSite","@id":"https:\/\/neos-music.com\/#website","url":"https:\/\/neos-music.com\/","name":"NEOS Music","description":"Dein Online Shop f\u00fcr zeitgen\u00f6ssische Musik, Jazz und Classics!","publisher":{"@id":"https:\/\/neos-music.com\/#organization"},"potentialAction":[{"@type":"SearchAction","target":{"@type":"EntryPoint","urlTemplate":"https:\/\/neos-music.com\/?s={search_term_string}"},"query-input":{"@type":"PropertyValueSpecification","valueRequired":true,"valueName":"search_term_string"}}],"inLanguage":"en-US"},{"@type":"Organization","@id":"https:\/\/neos-music.com\/#organization","name":"NEOS Music","url":"https:\/\/neos-music.com\/","logo":{"@type":"ImageObject","inLanguage":"en-US","@id":"https:\/\/neos-music.com\/#\/schema\/logo\/image\/","url":"https:\/\/i0.wp.com\/neos-music.com\/wp-content\/uploads\/2025\/08\/NEOS-Logo-weiss.png?fit=800%2C203&ssl=1","contentUrl":"https:\/\/i0.wp.com\/neos-music.com\/wp-content\/uploads\/2025\/08\/NEOS-Logo-weiss.png?fit=800%2C203&ssl=1","width":800,"height":203,"caption":"NEOS Music"},"image":{"@id":"https:\/\/neos-music.com\/#\/schema\/logo\/image\/"}}]}},"jetpack_sharing_enabled":true,"_links":{"self":[{"href":"https:\/\/neos-music.com\/en_us\/wp-json\/wp\/v2\/product\/8885","targetHints":{"allow":["GET"]}}],"collection":[{"href":"https:\/\/neos-music.com\/en_us\/wp-json\/wp\/v2\/product"}],"about":[{"href":"https:\/\/neos-music.com\/en_us\/wp-json\/wp\/v2\/types\/product"}],"version-history":[{"count":6,"href":"https:\/\/neos-music.com\/en_us\/wp-json\/wp\/v2\/product\/8885\/revisions"}],"predecessor-version":[{"id":10276,"href":"https:\/\/neos-music.com\/en_us\/wp-json\/wp\/v2\/product\/8885\/revisions\/10276"}],"wp:featuredmedia":[{"embeddable":true,"href":"https:\/\/neos-music.com\/en_us\/wp-json\/wp\/v2\/media\/8887"}],"wp:attachment":[{"href":"https:\/\/neos-music.com\/en_us\/wp-json\/wp\/v2\/media?parent=8885"}],"wp:term":[{"taxonomy":"product_brand","embeddable":true,"href":"https:\/\/neos-music.com\/en_us\/wp-json\/wp\/v2\/product_brand?post=8885"},{"taxonomy":"product_cat","embeddable":true,"href":"https:\/\/neos-music.com\/en_us\/wp-json\/wp\/v2\/product_cat?post=8885"},{"taxonomy":"product_tag","embeddable":true,"href":"https:\/\/neos-music.com\/en_us\/wp-json\/wp\/v2\/product_tag?post=8885"}],"curies":[{"name":"wp","href":"https:\/\/api.w.org\/{rel}","templated":true}]}}