{"id":9146,"date":"2025-04-09T10:00:21","date_gmt":"2025-04-09T08:00:21","guid":{"rendered":"https:\/\/neos-music.com\/?post_type=product&#038;p=9146"},"modified":"2026-01-20T20:39:54","modified_gmt":"2026-01-20T19:39:54","slug":"ins-nichts-mit-ihm","status":"publish","type":"product","link":"https:\/\/neos-music.com\/en_us\/product\/ins-nichts-mit-ihm\/","title":{"rendered":"<span class=\"notranslate\">Ins Nichts mit ihm<\/span> \u2013 Music against Despots for Mixturtrautonium and Voice"},"content":{"rendered":"<p><iframe style=\"width: 100%; max-width: 660px; overflow: hidden; background: transparent;\" src=\"https:\/\/embed.music.apple.com\/de\/album\/ins-nichts-mit-ihm-music-against-despots-for-mixturtrautonium\/1804285073\" height=\"450\" frameborder=\"0\" sandbox=\"allow-forms allow-popups allow-same-origin allow-scripts allow-storage-access-by-user-activation allow-top-navigation-by-user-activation\"><\/iframe><\/p>\n<p>The Trautonium is the focus of this CD\u2014an electronic instrument that, since its inception, has represented the intersection of technology, sound, and artistic vision. Peter Pichler explores the historical roots of the Mixturtrautonium as well as its unbroken expressive potential in the present day.<\/p>\n<p data-start=\"595\" data-end=\"1104\" class=\"translation-block\">A special document is the first complete recording of the <em>Kantate f\u00fcr Sopran und elektronische Kl\u00e4nge<\/em> (1969) by Harald Genzmer, a student of Paul Hindemith. Long considered incomplete, the work was reconstructed after the autograph score was rediscovered in the Munich State Library. The texts, taken from Hans Trausil's poetry collection <em>Irische Harfe<\/em>, revolve around lamentations for the dead and the loss of love, and refer to the mythical world of the Gaels and Vikings.<\/p>\n<p data-start=\"1106\" data-end=\"1491\" class=\"translation-block\"><em>Das Unaufh\u00f6rliche<\/em>  by Paul Hindemith is a key work of modernism in an extraordinary tonal form. The famous soprano aria from the secular oratorio appears here in a version in which all orchestral parts are played by the Mixturtrautonium \u2013 a powerful commentary on the idea of permanent change that underlies the work.<\/p>\n<p data-start=\"1493\" data-end=\"1822\" class=\"translation-block\">Excerpts from Paul Dessau's opera <em>Die Verurteilung des Lukullus<\/em>  transport the trautonium into a tonal twilight zone: as the voice of \u201cnothingness,\u201d beyond heaven and hell. This original instrumentation was rarely heard for decades and only returned to the stage after German reunification.<\/p>\n<p data-start=\"1824\" data-end=\"2071\" class=\"translation-block\">Henry Purcell's lament <em>When I am laid in Earth<\/em> from <em>Dido and Aeneas<\/em> seems like a historical foreign body. In the arrangement for soprano and trautonium, the Baroque farewell song takes on a timeless, almost metaphysical dimension.<\/p>\n<p data-start=\"2073\" data-end=\"2403\" data-is-last-node=\"\" data-is-only-node=\"\" class=\"translation-block\">The program concludes with Pichler's own works <em>Die sieben Tods\u00fcnden<\/em>  and <em>Die sieben Tugenden<\/em> (2024): 14 concise character pieces inspired by Baroque affect theory, literature, and electronic sound research. They showcase the Trautonium as an instrument of today\u2014versatile, expressive, and beyond stylistic categories.<\/p>","protected":false},"excerpt":{"rendered":"<p>1 CD<\/p>","protected":false},"featured_media":9148,"template":"","meta":{"site-sidebar-layout":"default","site-content-layout":"default","ast-site-content-layout":"default","site-content-style":"default","site-sidebar-style":"default","ast-global-header-display":"","ast-banner-title-visibility":"","ast-main-header-display":"","ast-hfb-above-header-display":"","ast-hfb-below-header-display":"","ast-hfb-mobile-header-display":"","site-post-title":"","ast-breadcrumbs-content":"","ast-featured-img":"","footer-sml-layout":"","theme-transparent-header-meta":"default","adv-header-id-meta":"","stick-header-meta":"","header-above-stick-meta":"","header-main-stick-meta":"","header-below-stick-meta":"","astra-migrate-meta-layouts":"set","ast-page-background-enabled":"default","ast-page-background-meta":{"desktop":{"background-color":"","background-image":"","background-repeat":"repeat","background-position":"center center","background-size":"auto","background-attachment":"scroll","background-type":"","background-media":"","overlay-type":"","overlay-color":"","overlay-opacity":"","overlay-gradient":""},"tablet":{"background-color":"","background-image":"","background-repeat":"repeat","background-position":"center center","background-size":"auto","background-attachment":"scroll","background-type":"","background-media":"","overlay-type":"","overlay-color":"","overlay-opacity":"","overlay-gradient":""},"mobile":{"background-color":"","background-image":"","background-repeat":"repeat","background-position":"center center","background-size":"auto","background-attachment":"scroll","background-type":"","background-media":"","overlay-type":"","overlay-color":"","overlay-opacity":"","overlay-gradient":""}},"ast-content-background-meta":{"desktop":{"background-color":"var(--ast-global-color-5)","background-image":"","background-repeat":"repeat","background-position":"center center","background-size":"auto","background-attachment":"scroll","background-type":"","background-media":"","overlay-type":"","overlay-color":"","overlay-opacity":"","overlay-gradient":""},"tablet":{"background-color":"var(--ast-global-color-5)","background-image":"","background-repeat":"repeat","background-position":"center center","background-size":"auto","background-attachment":"scroll","background-type":"","background-media":"","overlay-type":"","overlay-color":"","overlay-opacity":"","overlay-gradient":""},"mobile":{"background-color":"var(--ast-global-color-5)","background-image":"","background-repeat":"repeat","background-position":"center center","background-size":"auto","background-attachment":"scroll","background-type":"","background-media":"","overlay-type":"","overlay-color":"","overlay-opacity":"","overlay-gradient":""}}},"product_brand":[],"product_cat":[26],"product_tag":[876],"class_list":{"0":"post-9146","1":"product","2":"type-product","3":"status-publish","4":"has-post-thumbnail","6":"product_cat-zeitgenossische-musik","7":"product_tag-neuveroeffentlichungen","8":"desktop-align-left","9":"tablet-align-left","10":"mobile-align-left","12":"first","13":"instock","14":"taxable","15":"shipping-taxable","16":"purchasable","17":"product-type-simple"},"yoast_head":"<!-- This site is optimized with the Yoast SEO plugin v27.4 - https:\/\/yoast.com\/product\/yoast-seo-wordpress\/ -->\n<title>Ins Nichts mit ihm \u2013 Musik gegen Despoten f\u00fcr Mixturtrautonium und Stimme - NEOS Music<\/title>\n<meta name=\"description\" content=\"Dieses Projekt verdeutlicht die Vielfalt und Ausdrucksst\u00e4rke des Trautoniums und stellt es in den Kontext zeitloser, existenzieller Fragen. Es vereint historische Bez\u00fcge, technische Raffinesse und k\u00fcnstlerische Innovation zu einem einzigartigen Musikerlebnis.\" \/>\n<meta name=\"robots\" content=\"index, follow, max-snippet:-1, max-image-preview:large, max-video-preview:-1\" \/>\n<link rel=\"canonical\" href=\"https:\/\/neos-music.com\/en_us\/product\/ins-nichts-mit-ihm\/\" \/>\n<meta property=\"og:locale\" content=\"en_US\" \/>\n<meta property=\"og:type\" content=\"article\" \/>\n<meta property=\"og:title\" content=\"Ins Nichts mit ihm \u2013 Musik gegen Despoten f\u00fcr Mixturtrautonium und Stimme - NEOS Music\" \/>\n<meta property=\"og:description\" content=\"Dieses Projekt verdeutlicht die Vielfalt und Ausdrucksst\u00e4rke des Trautoniums und stellt es in den Kontext zeitloser, existenzieller Fragen. Es vereint historische Bez\u00fcge, technische Raffinesse und k\u00fcnstlerische Innovation zu einem einzigartigen Musikerlebnis.\" \/>\n<meta property=\"og:url\" content=\"https:\/\/neos-music.com\/en_us\/product\/ins-nichts-mit-ihm\/\" \/>\n<meta property=\"og:site_name\" content=\"NEOS Music\" \/>\n<meta property=\"article:modified_time\" content=\"2026-01-20T19:39:54+00:00\" \/>\n<meta property=\"og:image\" content=\"https:\/\/neos-music.com\/wp-content\/uploads\/2025\/04\/NEOS-12507-Ins-Nichts-mit-ihm-Cover.jpg\" \/>\n\t<meta property=\"og:image:width\" content=\"1646\" \/>\n\t<meta property=\"og:image:height\" content=\"1481\" \/>\n\t<meta property=\"og:image:type\" content=\"image\/jpeg\" \/>\n<meta name=\"twitter:card\" content=\"summary_large_image\" \/>\n<meta name=\"twitter:label1\" content=\"Est. reading time\" \/>\n\t<meta name=\"twitter:data1\" content=\"2 minutes\" \/>\n<script type=\"application\/ld+json\" class=\"yoast-schema-graph\">{\"@context\":\"https:\\\/\\\/schema.org\",\"@graph\":[{\"@type\":\"WebPage\",\"@id\":\"https:\\\/\\\/neos-music.com\\\/product\\\/ins-nichts-mit-ihm\\\/\",\"url\":\"https:\\\/\\\/neos-music.com\\\/product\\\/ins-nichts-mit-ihm\\\/\",\"name\":\"Ins Nichts mit ihm \u2013 Musik gegen Despoten f\u00fcr Mixturtrautonium und Stimme - NEOS Music\",\"isPartOf\":{\"@id\":\"https:\\\/\\\/neos-music.com\\\/#website\"},\"primaryImageOfPage\":{\"@id\":\"https:\\\/\\\/neos-music.com\\\/product\\\/ins-nichts-mit-ihm\\\/#primaryimage\"},\"image\":{\"@id\":\"https:\\\/\\\/neos-music.com\\\/product\\\/ins-nichts-mit-ihm\\\/#primaryimage\"},\"thumbnailUrl\":\"https:\\\/\\\/i0.wp.com\\\/neos-music.com\\\/wp-content\\\/uploads\\\/2025\\\/04\\\/NEOS-12507-Ins-Nichts-mit-ihm-Cover.jpg?fit=1646%2C1481&ssl=1\",\"datePublished\":\"2025-04-09T08:00:21+00:00\",\"dateModified\":\"2026-01-20T19:39:54+00:00\",\"description\":\"Dieses Projekt verdeutlicht die Vielfalt und Ausdrucksst\u00e4rke des Trautoniums und stellt es in den Kontext zeitloser, existenzieller Fragen. Es vereint historische Bez\u00fcge, technische Raffinesse und k\u00fcnstlerische Innovation zu einem einzigartigen Musikerlebnis.\",\"breadcrumb\":{\"@id\":\"https:\\\/\\\/neos-music.com\\\/product\\\/ins-nichts-mit-ihm\\\/#breadcrumb\"},\"inLanguage\":\"en-US\",\"potentialAction\":[{\"@type\":\"ReadAction\",\"target\":[\"https:\\\/\\\/neos-music.com\\\/product\\\/ins-nichts-mit-ihm\\\/\"]}]},{\"@type\":\"ImageObject\",\"inLanguage\":\"en-US\",\"@id\":\"https:\\\/\\\/neos-music.com\\\/product\\\/ins-nichts-mit-ihm\\\/#primaryimage\",\"url\":\"https:\\\/\\\/i0.wp.com\\\/neos-music.com\\\/wp-content\\\/uploads\\\/2025\\\/04\\\/NEOS-12507-Ins-Nichts-mit-ihm-Cover.jpg?fit=1646%2C1481&ssl=1\",\"contentUrl\":\"https:\\\/\\\/i0.wp.com\\\/neos-music.com\\\/wp-content\\\/uploads\\\/2025\\\/04\\\/NEOS-12507-Ins-Nichts-mit-ihm-Cover.jpg?fit=1646%2C1481&ssl=1\",\"width\":1646,\"height\":1481},{\"@type\":\"BreadcrumbList\",\"@id\":\"https:\\\/\\\/neos-music.com\\\/product\\\/ins-nichts-mit-ihm\\\/#breadcrumb\",\"itemListElement\":[{\"@type\":\"ListItem\",\"position\":1,\"name\":\"Startseite\",\"item\":\"https:\\\/\\\/neos-music.com\\\/\"},{\"@type\":\"ListItem\",\"position\":2,\"name\":\"Produkte\",\"item\":\"https:\\\/\\\/neos-music.com\\\/shop__trashed\\\/\"},{\"@type\":\"ListItem\",\"position\":3,\"name\":\"Ins Nichts mit ihm \u2013 Musik gegen Despoten f\u00fcr Mixturtrautonium und Stimme\"}]},{\"@type\":\"WebSite\",\"@id\":\"https:\\\/\\\/neos-music.com\\\/#website\",\"url\":\"https:\\\/\\\/neos-music.com\\\/\",\"name\":\"NEOS Music\",\"description\":\"Dein Online Shop f\u00fcr zeitgen\u00f6ssische Musik, Jazz und Classics!\",\"publisher\":{\"@id\":\"https:\\\/\\\/neos-music.com\\\/#organization\"},\"potentialAction\":[{\"@type\":\"SearchAction\",\"target\":{\"@type\":\"EntryPoint\",\"urlTemplate\":\"https:\\\/\\\/neos-music.com\\\/?s={search_term_string}\"},\"query-input\":{\"@type\":\"PropertyValueSpecification\",\"valueRequired\":true,\"valueName\":\"search_term_string\"}}],\"inLanguage\":\"en-US\"},{\"@type\":\"Organization\",\"@id\":\"https:\\\/\\\/neos-music.com\\\/#organization\",\"name\":\"NEOS Music\",\"url\":\"https:\\\/\\\/neos-music.com\\\/\",\"logo\":{\"@type\":\"ImageObject\",\"inLanguage\":\"en-US\",\"@id\":\"https:\\\/\\\/neos-music.com\\\/#\\\/schema\\\/logo\\\/image\\\/\",\"url\":\"https:\\\/\\\/i0.wp.com\\\/neos-music.com\\\/wp-content\\\/uploads\\\/2025\\\/08\\\/NEOS-Logo-weiss.png?fit=800%2C203&ssl=1\",\"contentUrl\":\"https:\\\/\\\/i0.wp.com\\\/neos-music.com\\\/wp-content\\\/uploads\\\/2025\\\/08\\\/NEOS-Logo-weiss.png?fit=800%2C203&ssl=1\",\"width\":800,\"height\":203,\"caption\":\"NEOS Music\"},\"image\":{\"@id\":\"https:\\\/\\\/neos-music.com\\\/#\\\/schema\\\/logo\\\/image\\\/\"}}]}<\/script>\n<!-- \/ Yoast SEO plugin. -->","yoast_head_json":{"title":"Ins Nichts mit ihm \u2013 Musik gegen Despoten f\u00fcr Mixturtrautonium und Stimme - NEOS Music","description":"Dieses Projekt verdeutlicht die Vielfalt und Ausdrucksst\u00e4rke des Trautoniums und stellt es in den Kontext zeitloser, existenzieller Fragen. Es vereint historische Bez\u00fcge, technische Raffinesse und k\u00fcnstlerische Innovation zu einem einzigartigen Musikerlebnis.","robots":{"index":"index","follow":"follow","max-snippet":"max-snippet:-1","max-image-preview":"max-image-preview:large","max-video-preview":"max-video-preview:-1"},"canonical":"https:\/\/neos-music.com\/en_us\/product\/ins-nichts-mit-ihm\/","og_locale":"en_US","og_type":"article","og_title":"Ins Nichts mit ihm \u2013 Musik gegen Despoten f\u00fcr Mixturtrautonium und Stimme - NEOS Music","og_description":"Dieses Projekt verdeutlicht die Vielfalt und Ausdrucksst\u00e4rke des Trautoniums und stellt es in den Kontext zeitloser, existenzieller Fragen. Es vereint historische Bez\u00fcge, technische Raffinesse und k\u00fcnstlerische Innovation zu einem einzigartigen Musikerlebnis.","og_url":"https:\/\/neos-music.com\/en_us\/product\/ins-nichts-mit-ihm\/","og_site_name":"NEOS Music","article_modified_time":"2026-01-20T19:39:54+00:00","og_image":[{"width":1646,"height":1481,"url":"https:\/\/neos-music.com\/wp-content\/uploads\/2025\/04\/NEOS-12507-Ins-Nichts-mit-ihm-Cover.jpg","type":"image\/jpeg"}],"twitter_card":"summary_large_image","twitter_misc":{"Est. reading time":"2 minutes"},"schema":{"@context":"https:\/\/schema.org","@graph":[{"@type":"WebPage","@id":"https:\/\/neos-music.com\/product\/ins-nichts-mit-ihm\/","url":"https:\/\/neos-music.com\/product\/ins-nichts-mit-ihm\/","name":"Ins Nichts mit ihm \u2013 Musik gegen Despoten f\u00fcr Mixturtrautonium und Stimme - NEOS Music","isPartOf":{"@id":"https:\/\/neos-music.com\/#website"},"primaryImageOfPage":{"@id":"https:\/\/neos-music.com\/product\/ins-nichts-mit-ihm\/#primaryimage"},"image":{"@id":"https:\/\/neos-music.com\/product\/ins-nichts-mit-ihm\/#primaryimage"},"thumbnailUrl":"https:\/\/i0.wp.com\/neos-music.com\/wp-content\/uploads\/2025\/04\/NEOS-12507-Ins-Nichts-mit-ihm-Cover.jpg?fit=1646%2C1481&ssl=1","datePublished":"2025-04-09T08:00:21+00:00","dateModified":"2026-01-20T19:39:54+00:00","description":"Dieses Projekt verdeutlicht die Vielfalt und Ausdrucksst\u00e4rke des Trautoniums und stellt es in den Kontext zeitloser, existenzieller Fragen. Es vereint historische Bez\u00fcge, technische Raffinesse und k\u00fcnstlerische Innovation zu einem einzigartigen Musikerlebnis.","breadcrumb":{"@id":"https:\/\/neos-music.com\/product\/ins-nichts-mit-ihm\/#breadcrumb"},"inLanguage":"en-US","potentialAction":[{"@type":"ReadAction","target":["https:\/\/neos-music.com\/product\/ins-nichts-mit-ihm\/"]}]},{"@type":"ImageObject","inLanguage":"en-US","@id":"https:\/\/neos-music.com\/product\/ins-nichts-mit-ihm\/#primaryimage","url":"https:\/\/i0.wp.com\/neos-music.com\/wp-content\/uploads\/2025\/04\/NEOS-12507-Ins-Nichts-mit-ihm-Cover.jpg?fit=1646%2C1481&ssl=1","contentUrl":"https:\/\/i0.wp.com\/neos-music.com\/wp-content\/uploads\/2025\/04\/NEOS-12507-Ins-Nichts-mit-ihm-Cover.jpg?fit=1646%2C1481&ssl=1","width":1646,"height":1481},{"@type":"BreadcrumbList","@id":"https:\/\/neos-music.com\/product\/ins-nichts-mit-ihm\/#breadcrumb","itemListElement":[{"@type":"ListItem","position":1,"name":"Startseite","item":"https:\/\/neos-music.com\/"},{"@type":"ListItem","position":2,"name":"Produkte","item":"https:\/\/neos-music.com\/shop__trashed\/"},{"@type":"ListItem","position":3,"name":"Ins Nichts mit ihm \u2013 Musik gegen Despoten f\u00fcr Mixturtrautonium und Stimme"}]},{"@type":"WebSite","@id":"https:\/\/neos-music.com\/#website","url":"https:\/\/neos-music.com\/","name":"NEOS Music","description":"Dein Online Shop f\u00fcr zeitgen\u00f6ssische Musik, Jazz und Classics!","publisher":{"@id":"https:\/\/neos-music.com\/#organization"},"potentialAction":[{"@type":"SearchAction","target":{"@type":"EntryPoint","urlTemplate":"https:\/\/neos-music.com\/?s={search_term_string}"},"query-input":{"@type":"PropertyValueSpecification","valueRequired":true,"valueName":"search_term_string"}}],"inLanguage":"en-US"},{"@type":"Organization","@id":"https:\/\/neos-music.com\/#organization","name":"NEOS Music","url":"https:\/\/neos-music.com\/","logo":{"@type":"ImageObject","inLanguage":"en-US","@id":"https:\/\/neos-music.com\/#\/schema\/logo\/image\/","url":"https:\/\/i0.wp.com\/neos-music.com\/wp-content\/uploads\/2025\/08\/NEOS-Logo-weiss.png?fit=800%2C203&ssl=1","contentUrl":"https:\/\/i0.wp.com\/neos-music.com\/wp-content\/uploads\/2025\/08\/NEOS-Logo-weiss.png?fit=800%2C203&ssl=1","width":800,"height":203,"caption":"NEOS Music"},"image":{"@id":"https:\/\/neos-music.com\/#\/schema\/logo\/image\/"}}]}},"jetpack_sharing_enabled":true,"_links":{"self":[{"href":"https:\/\/neos-music.com\/en_us\/wp-json\/wp\/v2\/product\/9146","targetHints":{"allow":["GET"]}}],"collection":[{"href":"https:\/\/neos-music.com\/en_us\/wp-json\/wp\/v2\/product"}],"about":[{"href":"https:\/\/neos-music.com\/en_us\/wp-json\/wp\/v2\/types\/product"}],"version-history":[{"count":12,"href":"https:\/\/neos-music.com\/en_us\/wp-json\/wp\/v2\/product\/9146\/revisions"}],"predecessor-version":[{"id":10269,"href":"https:\/\/neos-music.com\/en_us\/wp-json\/wp\/v2\/product\/9146\/revisions\/10269"}],"wp:featuredmedia":[{"embeddable":true,"href":"https:\/\/neos-music.com\/en_us\/wp-json\/wp\/v2\/media\/9148"}],"wp:attachment":[{"href":"https:\/\/neos-music.com\/en_us\/wp-json\/wp\/v2\/media?parent=9146"}],"wp:term":[{"taxonomy":"product_brand","embeddable":true,"href":"https:\/\/neos-music.com\/en_us\/wp-json\/wp\/v2\/product_brand?post=9146"},{"taxonomy":"product_cat","embeddable":true,"href":"https:\/\/neos-music.com\/en_us\/wp-json\/wp\/v2\/product_cat?post=9146"},{"taxonomy":"product_tag","embeddable":true,"href":"https:\/\/neos-music.com\/en_us\/wp-json\/wp\/v2\/product_tag?post=9146"}],"curies":[{"name":"wp","href":"https:\/\/api.w.org\/{rel}","templated":true}]}}