{"id":9185,"date":"2025-04-15T12:00:49","date_gmt":"2025-04-15T10:00:49","guid":{"rendered":"https:\/\/neos-music.com\/?post_type=product&#038;p=9185"},"modified":"2026-01-20T18:20:37","modified_gmt":"2026-01-20T17:20:37","slug":"sira-hernandez-hymns-to-the-hope","status":"publish","type":"product","link":"https:\/\/neos-music.com\/en_us\/product\/sira-hernandez-hymns-to-the-hope\/","title":{"rendered":"<span class=\"notranslate\">Sira Hern\u00e1ndez: Hymns to the Hope<\/span>"},"content":{"rendered":"<p><iframe style=\"border-radius: 12px;\" src=\"https:\/\/open.spotify.com\/embed\/album\/3L8wlzGwHQnmtzEIH0NC2d?utm_source=generator\" width=\"100%\" height=\"352\" frameborder=\"0\" allowfullscreen=\"allowfullscreen\"><\/iframe><\/p>\n<p>&nbsp;<\/p>\n<p><span class=\"notranslate\"><b>SIRA HERN\u00c1NDEZ \u00b7 HYMNS TO THE HOPE<\/b><\/span><\/p>\n<div class=\"flex flex-col text-sm pb-25\">\n<article class=\"text-token-text-primary w-full focus:outline-none [--shadow-height:45px] has-data-writing-block:pointer-events-none has-data-writing-block:-mt-(--shadow-height) has-data-writing-block:pt-(--shadow-height) [&amp;:has([data-writing-block])&gt;*]:pointer-events-auto [content-visibility:auto] supports-[content-visibility:auto]:[contain-intrinsic-size:auto_100lvh] scroll-mt-[calc(var(--header-height)+min(200px,max(70px,20svh)))]\" dir=\"auto\" tabindex=\"-1\" data-turn-id=\"request-WEB:f6c9976b-718a-47dd-bea9-43f573f48323-0\" data-testid=\"conversation-turn-2\" data-scroll-anchor=\"true\" data-turn=\"assistant\">\n<div class=\"text-base my-auto mx-auto pb-10 [--thread-content-margin:--spacing(4)] @w-sm\/main:[--thread-content-margin:--spacing(6)] @w-lg\/main:[--thread-content-margin:--spacing(16)] px-(--thread-content-margin)\">\n<div class=\"[--thread-content-max-width:40rem] @w-lg\/main:[--thread-content-max-width:48rem] mx-auto max-w-(--thread-content-max-width) flex-1 group\/turn-messages focus-visible:outline-hidden relative flex w-full min-w-0 flex-col agent-turn\" tabindex=\"-1\">\n<div class=\"flex max-w-full flex-col grow\">\n<div class=\"min-h-8 text-message relative flex w-full flex-col items-end gap-2 text-start break-words whitespace-normal [.text-message+&amp;]:mt-1\" dir=\"auto\" data-message-author-role=\"assistant\" data-message-id=\"4a3d41bb-0aef-4ec6-9188-185a13fa02da\" data-message-model-slug=\"gpt-5-2\">\n<div class=\"flex w-full flex-col gap-1 empty:hidden first:pt-[1px]\">\n<div class=\"markdown prose dark:prose-invert w-full break-words dark markdown-new-styling\">\n<p data-start=\"0\" data-end=\"384\"><strong data-start=\"0\" data-end=\"38\">Hymns to the Hope<\/strong> ist ein eindrucksvolles Klavieralbum, das Musik, Literatur, Poesie und Spiritualit\u00e4t zu einem vielschichtigen k\u00fcnstlerischen Statement verbindet. Die Komponistin und Pianistin aus Barcelona versteht ihre Musik als Ausdruck von Hoffnung, Glauben und Liebe zum Leben \u2013 gerade vor dem Hintergrund von Pandemie, Krieg und sozialer Ungerechtigkeit.<\/p>\n<p data-start=\"386\" data-end=\"876\">Die Werke dieses Albums sind \u00fcber mehrere Jahre entstanden und reflektieren pers\u00f6nliche wie gesellschaftliche Erfahrungen: die R\u00fcckkehr in den Alltag nach dem Lockdown, die Illusion von Normalit\u00e4t, aber auch die anhaltende Verzweiflung angesichts globaler Konflikte. Inspiriert von Dichtern wie Leopardi, Ungaretti und Garc\u00eda Lorca sowie von bildender Kunst und Spiritualit\u00e4t, entwickelt Hern\u00e1ndez eine unverwechselbare Tonsprache zwischen Minimalismus, Romantik und kontemplativer Tiefe.<\/p>\n<p data-start=\"878\" data-end=\"1463\">Zentrale Werke wie <em data-start=\"897\" data-end=\"903\">Hymn<\/em>, <em data-start=\"905\" data-end=\"921\">Sa Terra Santa<\/em> oder <em data-start=\"927\" data-end=\"946\">Hymns to the Hope<\/em> sind musikalische Ges\u00e4nge auf Menschlichkeit, Frieden und Zukunftsglauben. Andere St\u00fccke greifen konkrete literarische und historische Bez\u00fcge auf: <em data-start=\"1094\" data-end=\"1115\">Guernica, a Picasso<\/em> erinnert an die Schrecken des Spanischen B\u00fcrgerkriegs, <em data-start=\"1171\" data-end=\"1224\">Don\u2019t Forget About That \u2013 A Primo Levi, in memoriam<\/em>an die Zeugnisse des Holocaust. Spiritualit\u00e4t und Meditation pr\u00e4gen Werke wie <em data-start=\"1303\" data-end=\"1332\">Loneliness in the Cathedral<\/em> oder <em data-start=\"1338\" data-end=\"1355\">Maha Shivaratri<\/em>, w\u00e4hrend die beiden <em data-start=\"1376\" data-end=\"1395\">Tribute to Chopin<\/em>-St\u00fccke eine lyrische Hommage an den gro\u00dfen Romantiker darstellen.<\/p>\n<p data-start=\"1465\" data-end=\"1774\" data-is-last-node=\"\" data-is-only-node=\"\">Die Suite <em data-start=\"1475\" data-end=\"1509\">Momentos Musicales \u2013 Impresiones<\/em> widmet sich poetischen Alltagsmomenten voller Licht und Sch\u00f6nheit, inspiriert von der Malerei Joaqu\u00edn Sorollas. Insgesamt er\u00f6ffnet dieses Album einen intensiven, emotionalen H\u00f6rraum, der zur Reflexion einl\u00e4dt und Hoffnung als zentrale, unverzichtbare Kraft feiert.<\/p>\n<\/div>\n<\/div>\n<\/div>\n<\/div>\n<\/div>\n<\/div>\n<\/article>\n<\/div>\n","protected":false},"excerpt":{"rendered":"<p>1 CD<\/p>","protected":false},"featured_media":9187,"template":"","meta":{"site-sidebar-layout":"default","site-content-layout":"default","ast-site-content-layout":"default","site-content-style":"default","site-sidebar-style":"default","ast-global-header-display":"","ast-banner-title-visibility":"","ast-main-header-display":"","ast-hfb-above-header-display":"","ast-hfb-below-header-display":"","ast-hfb-mobile-header-display":"","site-post-title":"","ast-breadcrumbs-content":"","ast-featured-img":"","footer-sml-layout":"","theme-transparent-header-meta":"default","adv-header-id-meta":"","stick-header-meta":"","header-above-stick-meta":"","header-main-stick-meta":"","header-below-stick-meta":"","astra-migrate-meta-layouts":"set","ast-page-background-enabled":"default","ast-page-background-meta":{"desktop":{"background-color":"","background-image":"","background-repeat":"repeat","background-position":"center center","background-size":"auto","background-attachment":"scroll","background-type":"","background-media":"","overlay-type":"","overlay-color":"","overlay-opacity":"","overlay-gradient":""},"tablet":{"background-color":"","background-image":"","background-repeat":"repeat","background-position":"center center","background-size":"auto","background-attachment":"scroll","background-type":"","background-media":"","overlay-type":"","overlay-color":"","overlay-opacity":"","overlay-gradient":""},"mobile":{"background-color":"","background-image":"","background-repeat":"repeat","background-position":"center center","background-size":"auto","background-attachment":"scroll","background-type":"","background-media":"","overlay-type":"","overlay-color":"","overlay-opacity":"","overlay-gradient":""}},"ast-content-background-meta":{"desktop":{"background-color":"var(--ast-global-color-5)","background-image":"","background-repeat":"repeat","background-position":"center center","background-size":"auto","background-attachment":"scroll","background-type":"","background-media":"","overlay-type":"","overlay-color":"","overlay-opacity":"","overlay-gradient":""},"tablet":{"background-color":"var(--ast-global-color-5)","background-image":"","background-repeat":"repeat","background-position":"center center","background-size":"auto","background-attachment":"scroll","background-type":"","background-media":"","overlay-type":"","overlay-color":"","overlay-opacity":"","overlay-gradient":""},"mobile":{"background-color":"var(--ast-global-color-5)","background-image":"","background-repeat":"repeat","background-position":"center center","background-size":"auto","background-attachment":"scroll","background-type":"","background-media":"","overlay-type":"","overlay-color":"","overlay-opacity":"","overlay-gradient":""}}},"product_brand":[],"product_cat":[26],"product_tag":[876],"class_list":{"0":"post-9185","1":"product","2":"type-product","3":"status-publish","4":"has-post-thumbnail","6":"product_cat-zeitgenossische-musik","7":"product_tag-neuveroeffentlichungen","8":"desktop-align-left","9":"tablet-align-left","10":"mobile-align-left","12":"first","13":"instock","14":"taxable","15":"shipping-taxable","16":"purchasable","17":"product-type-simple"},"yoast_head":"<!-- This site is optimized with the Yoast SEO plugin v27.4 - https:\/\/yoast.com\/product\/yoast-seo-wordpress\/ -->\n<title>Sira Hern\u00e1ndez: Hymns to the Hope - NEOS Music<\/title>\n<meta name=\"description\" content=\"Mit \u00bbHymns to the Hope\u00ab begeben wir uns auf eine Reise zur Hoffnung, gepr\u00e4gt von der Tonsprache und den musikalischen Vorlieben der Pianistin aus Barcelona.\" \/>\n<meta name=\"robots\" content=\"index, follow, max-snippet:-1, max-image-preview:large, max-video-preview:-1\" \/>\n<link rel=\"canonical\" href=\"https:\/\/neos-music.com\/en_us\/product\/sira-hernandez-hymns-to-the-hope\/\" \/>\n<meta property=\"og:locale\" content=\"en_US\" \/>\n<meta property=\"og:type\" content=\"article\" \/>\n<meta property=\"og:title\" content=\"Sira Hern\u00e1ndez: Hymns to the Hope - NEOS Music\" \/>\n<meta property=\"og:description\" content=\"Mit \u00bbHymns to the Hope\u00ab begeben wir uns auf eine Reise zur Hoffnung, gepr\u00e4gt von der Tonsprache und den musikalischen Vorlieben der Pianistin aus Barcelona.\" \/>\n<meta property=\"og:url\" content=\"https:\/\/neos-music.com\/en_us\/product\/sira-hernandez-hymns-to-the-hope\/\" \/>\n<meta property=\"og:site_name\" content=\"NEOS Music\" \/>\n<meta property=\"article:modified_time\" content=\"2026-01-20T17:20:37+00:00\" \/>\n<meta property=\"og:image\" content=\"https:\/\/neos-music.com\/wp-content\/uploads\/2025\/04\/NEOS-12512-Hernandez-Cover.jpg\" \/>\n\t<meta property=\"og:image:width\" content=\"1647\" \/>\n\t<meta property=\"og:image:height\" content=\"1482\" \/>\n\t<meta property=\"og:image:type\" content=\"image\/jpeg\" \/>\n<meta name=\"twitter:card\" content=\"summary_large_image\" \/>\n<meta name=\"twitter:label1\" content=\"Est. reading time\" \/>\n\t<meta name=\"twitter:data1\" content=\"2 minutes\" \/>\n<script type=\"application\/ld+json\" class=\"yoast-schema-graph\">{\"@context\":\"https:\\\/\\\/schema.org\",\"@graph\":[{\"@type\":\"WebPage\",\"@id\":\"https:\\\/\\\/neos-music.com\\\/product\\\/sira-hernandez-hymns-to-the-hope\\\/\",\"url\":\"https:\\\/\\\/neos-music.com\\\/product\\\/sira-hernandez-hymns-to-the-hope\\\/\",\"name\":\"Sira Hern\u00e1ndez: Hymns to the Hope - NEOS Music\",\"isPartOf\":{\"@id\":\"https:\\\/\\\/neos-music.com\\\/#website\"},\"primaryImageOfPage\":{\"@id\":\"https:\\\/\\\/neos-music.com\\\/product\\\/sira-hernandez-hymns-to-the-hope\\\/#primaryimage\"},\"image\":{\"@id\":\"https:\\\/\\\/neos-music.com\\\/product\\\/sira-hernandez-hymns-to-the-hope\\\/#primaryimage\"},\"thumbnailUrl\":\"https:\\\/\\\/i0.wp.com\\\/neos-music.com\\\/wp-content\\\/uploads\\\/2025\\\/04\\\/NEOS-12512-Hernandez-Cover.jpg?fit=1647%2C1482&ssl=1\",\"datePublished\":\"2025-04-15T10:00:49+00:00\",\"dateModified\":\"2026-01-20T17:20:37+00:00\",\"description\":\"Mit \u00bbHymns to the Hope\u00ab begeben wir uns auf eine Reise zur Hoffnung, gepr\u00e4gt von der Tonsprache und den musikalischen Vorlieben der Pianistin aus Barcelona.\",\"breadcrumb\":{\"@id\":\"https:\\\/\\\/neos-music.com\\\/product\\\/sira-hernandez-hymns-to-the-hope\\\/#breadcrumb\"},\"inLanguage\":\"en-US\",\"potentialAction\":[{\"@type\":\"ReadAction\",\"target\":[\"https:\\\/\\\/neos-music.com\\\/product\\\/sira-hernandez-hymns-to-the-hope\\\/\"]}]},{\"@type\":\"ImageObject\",\"inLanguage\":\"en-US\",\"@id\":\"https:\\\/\\\/neos-music.com\\\/product\\\/sira-hernandez-hymns-to-the-hope\\\/#primaryimage\",\"url\":\"https:\\\/\\\/i0.wp.com\\\/neos-music.com\\\/wp-content\\\/uploads\\\/2025\\\/04\\\/NEOS-12512-Hernandez-Cover.jpg?fit=1647%2C1482&ssl=1\",\"contentUrl\":\"https:\\\/\\\/i0.wp.com\\\/neos-music.com\\\/wp-content\\\/uploads\\\/2025\\\/04\\\/NEOS-12512-Hernandez-Cover.jpg?fit=1647%2C1482&ssl=1\",\"width\":1647,\"height\":1482},{\"@type\":\"BreadcrumbList\",\"@id\":\"https:\\\/\\\/neos-music.com\\\/product\\\/sira-hernandez-hymns-to-the-hope\\\/#breadcrumb\",\"itemListElement\":[{\"@type\":\"ListItem\",\"position\":1,\"name\":\"Startseite\",\"item\":\"https:\\\/\\\/neos-music.com\\\/\"},{\"@type\":\"ListItem\",\"position\":2,\"name\":\"Produkte\",\"item\":\"https:\\\/\\\/neos-music.com\\\/shop__trashed\\\/\"},{\"@type\":\"ListItem\",\"position\":3,\"name\":\"Sira Hern\u00e1ndez: Hymns to the Hope\"}]},{\"@type\":\"WebSite\",\"@id\":\"https:\\\/\\\/neos-music.com\\\/#website\",\"url\":\"https:\\\/\\\/neos-music.com\\\/\",\"name\":\"NEOS Music\",\"description\":\"Dein Online Shop f\u00fcr zeitgen\u00f6ssische Musik, Jazz und Classics!\",\"publisher\":{\"@id\":\"https:\\\/\\\/neos-music.com\\\/#organization\"},\"potentialAction\":[{\"@type\":\"SearchAction\",\"target\":{\"@type\":\"EntryPoint\",\"urlTemplate\":\"https:\\\/\\\/neos-music.com\\\/?s={search_term_string}\"},\"query-input\":{\"@type\":\"PropertyValueSpecification\",\"valueRequired\":true,\"valueName\":\"search_term_string\"}}],\"inLanguage\":\"en-US\"},{\"@type\":\"Organization\",\"@id\":\"https:\\\/\\\/neos-music.com\\\/#organization\",\"name\":\"NEOS Music\",\"url\":\"https:\\\/\\\/neos-music.com\\\/\",\"logo\":{\"@type\":\"ImageObject\",\"inLanguage\":\"en-US\",\"@id\":\"https:\\\/\\\/neos-music.com\\\/#\\\/schema\\\/logo\\\/image\\\/\",\"url\":\"https:\\\/\\\/i0.wp.com\\\/neos-music.com\\\/wp-content\\\/uploads\\\/2025\\\/08\\\/NEOS-Logo-weiss.png?fit=800%2C203&ssl=1\",\"contentUrl\":\"https:\\\/\\\/i0.wp.com\\\/neos-music.com\\\/wp-content\\\/uploads\\\/2025\\\/08\\\/NEOS-Logo-weiss.png?fit=800%2C203&ssl=1\",\"width\":800,\"height\":203,\"caption\":\"NEOS Music\"},\"image\":{\"@id\":\"https:\\\/\\\/neos-music.com\\\/#\\\/schema\\\/logo\\\/image\\\/\"}}]}<\/script>\n<!-- \/ Yoast SEO plugin. -->","yoast_head_json":{"title":"Sira Hern\u00e1ndez: Hymns to the Hope - NEOS Music","description":"Mit \u00bbHymns to the Hope\u00ab begeben wir uns auf eine Reise zur Hoffnung, gepr\u00e4gt von der Tonsprache und den musikalischen Vorlieben der Pianistin aus Barcelona.","robots":{"index":"index","follow":"follow","max-snippet":"max-snippet:-1","max-image-preview":"max-image-preview:large","max-video-preview":"max-video-preview:-1"},"canonical":"https:\/\/neos-music.com\/en_us\/product\/sira-hernandez-hymns-to-the-hope\/","og_locale":"en_US","og_type":"article","og_title":"Sira Hern\u00e1ndez: Hymns to the Hope - NEOS Music","og_description":"Mit \u00bbHymns to the Hope\u00ab begeben wir uns auf eine Reise zur Hoffnung, gepr\u00e4gt von der Tonsprache und den musikalischen Vorlieben der Pianistin aus Barcelona.","og_url":"https:\/\/neos-music.com\/en_us\/product\/sira-hernandez-hymns-to-the-hope\/","og_site_name":"NEOS Music","article_modified_time":"2026-01-20T17:20:37+00:00","og_image":[{"width":1647,"height":1482,"url":"https:\/\/neos-music.com\/wp-content\/uploads\/2025\/04\/NEOS-12512-Hernandez-Cover.jpg","type":"image\/jpeg"}],"twitter_card":"summary_large_image","twitter_misc":{"Est. reading time":"2 minutes"},"schema":{"@context":"https:\/\/schema.org","@graph":[{"@type":"WebPage","@id":"https:\/\/neos-music.com\/product\/sira-hernandez-hymns-to-the-hope\/","url":"https:\/\/neos-music.com\/product\/sira-hernandez-hymns-to-the-hope\/","name":"Sira Hern\u00e1ndez: Hymns to the Hope - NEOS Music","isPartOf":{"@id":"https:\/\/neos-music.com\/#website"},"primaryImageOfPage":{"@id":"https:\/\/neos-music.com\/product\/sira-hernandez-hymns-to-the-hope\/#primaryimage"},"image":{"@id":"https:\/\/neos-music.com\/product\/sira-hernandez-hymns-to-the-hope\/#primaryimage"},"thumbnailUrl":"https:\/\/i0.wp.com\/neos-music.com\/wp-content\/uploads\/2025\/04\/NEOS-12512-Hernandez-Cover.jpg?fit=1647%2C1482&ssl=1","datePublished":"2025-04-15T10:00:49+00:00","dateModified":"2026-01-20T17:20:37+00:00","description":"Mit \u00bbHymns to the Hope\u00ab begeben wir uns auf eine Reise zur Hoffnung, gepr\u00e4gt von der Tonsprache und den musikalischen Vorlieben der Pianistin aus Barcelona.","breadcrumb":{"@id":"https:\/\/neos-music.com\/product\/sira-hernandez-hymns-to-the-hope\/#breadcrumb"},"inLanguage":"en-US","potentialAction":[{"@type":"ReadAction","target":["https:\/\/neos-music.com\/product\/sira-hernandez-hymns-to-the-hope\/"]}]},{"@type":"ImageObject","inLanguage":"en-US","@id":"https:\/\/neos-music.com\/product\/sira-hernandez-hymns-to-the-hope\/#primaryimage","url":"https:\/\/i0.wp.com\/neos-music.com\/wp-content\/uploads\/2025\/04\/NEOS-12512-Hernandez-Cover.jpg?fit=1647%2C1482&ssl=1","contentUrl":"https:\/\/i0.wp.com\/neos-music.com\/wp-content\/uploads\/2025\/04\/NEOS-12512-Hernandez-Cover.jpg?fit=1647%2C1482&ssl=1","width":1647,"height":1482},{"@type":"BreadcrumbList","@id":"https:\/\/neos-music.com\/product\/sira-hernandez-hymns-to-the-hope\/#breadcrumb","itemListElement":[{"@type":"ListItem","position":1,"name":"Startseite","item":"https:\/\/neos-music.com\/"},{"@type":"ListItem","position":2,"name":"Produkte","item":"https:\/\/neos-music.com\/shop__trashed\/"},{"@type":"ListItem","position":3,"name":"Sira Hern\u00e1ndez: Hymns to the Hope"}]},{"@type":"WebSite","@id":"https:\/\/neos-music.com\/#website","url":"https:\/\/neos-music.com\/","name":"NEOS Music","description":"Dein Online Shop f\u00fcr zeitgen\u00f6ssische Musik, Jazz und Classics!","publisher":{"@id":"https:\/\/neos-music.com\/#organization"},"potentialAction":[{"@type":"SearchAction","target":{"@type":"EntryPoint","urlTemplate":"https:\/\/neos-music.com\/?s={search_term_string}"},"query-input":{"@type":"PropertyValueSpecification","valueRequired":true,"valueName":"search_term_string"}}],"inLanguage":"en-US"},{"@type":"Organization","@id":"https:\/\/neos-music.com\/#organization","name":"NEOS Music","url":"https:\/\/neos-music.com\/","logo":{"@type":"ImageObject","inLanguage":"en-US","@id":"https:\/\/neos-music.com\/#\/schema\/logo\/image\/","url":"https:\/\/i0.wp.com\/neos-music.com\/wp-content\/uploads\/2025\/08\/NEOS-Logo-weiss.png?fit=800%2C203&ssl=1","contentUrl":"https:\/\/i0.wp.com\/neos-music.com\/wp-content\/uploads\/2025\/08\/NEOS-Logo-weiss.png?fit=800%2C203&ssl=1","width":800,"height":203,"caption":"NEOS Music"},"image":{"@id":"https:\/\/neos-music.com\/#\/schema\/logo\/image\/"}}]}},"jetpack_sharing_enabled":true,"_links":{"self":[{"href":"https:\/\/neos-music.com\/en_us\/wp-json\/wp\/v2\/product\/9185","targetHints":{"allow":["GET"]}}],"collection":[{"href":"https:\/\/neos-music.com\/en_us\/wp-json\/wp\/v2\/product"}],"about":[{"href":"https:\/\/neos-music.com\/en_us\/wp-json\/wp\/v2\/types\/product"}],"version-history":[{"count":6,"href":"https:\/\/neos-music.com\/en_us\/wp-json\/wp\/v2\/product\/9185\/revisions"}],"predecessor-version":[{"id":10266,"href":"https:\/\/neos-music.com\/en_us\/wp-json\/wp\/v2\/product\/9185\/revisions\/10266"}],"wp:featuredmedia":[{"embeddable":true,"href":"https:\/\/neos-music.com\/en_us\/wp-json\/wp\/v2\/media\/9187"}],"wp:attachment":[{"href":"https:\/\/neos-music.com\/en_us\/wp-json\/wp\/v2\/media?parent=9185"}],"wp:term":[{"taxonomy":"product_brand","embeddable":true,"href":"https:\/\/neos-music.com\/en_us\/wp-json\/wp\/v2\/product_brand?post=9185"},{"taxonomy":"product_cat","embeddable":true,"href":"https:\/\/neos-music.com\/en_us\/wp-json\/wp\/v2\/product_cat?post=9185"},{"taxonomy":"product_tag","embeddable":true,"href":"https:\/\/neos-music.com\/en_us\/wp-json\/wp\/v2\/product_tag?post=9185"}],"curies":[{"name":"wp","href":"https:\/\/api.w.org\/{rel}","templated":true}]}}