{"id":9216,"date":"2025-05-30T00:10:51","date_gmt":"2025-05-29T22:10:51","guid":{"rendered":"https:\/\/neos-music.com\/?post_type=product&#038;p=9216"},"modified":"2026-02-10T16:36:31","modified_gmt":"2026-02-10T15:36:31","slug":"michal-dobrzynski-works-for-string-quartet","status":"publish","type":"product","link":"https:\/\/neos-music.com\/en_us\/product\/michal-dobrzynski-works-for-string-quartet\/","title":{"rendered":"<span class=\"notranslate\">Micha\u0142 Dobrzy\u0144ski: Works for String Quartet &#038; &#8230;<\/span>"},"content":{"rendered":"<p><iframe style=\"border-radius: 12px;\" src=\"https:\/\/open.spotify.com\/embed\/album\/7A2PM0un4az5ETFUjZhreV?utm_source=generator\" width=\"100%\" height=\"352\" frameborder=\"0\" allowfullscreen=\"allowfullscreen\" data-testid=\"embed-iframe\"><\/iframe><\/p>\n<p style=\"font-weight: 400;\">Micha\u0142 Dobrzy\u0144ski's approach to composition follows the idea of a quasi-imaginary scene. This \u201cscenic\u201d aspect is too nuanced to be labeled with the restrictive term \u201copera composer.\u201d Although his musical language is rich in emotion and highly expressive, the break with what is commonly perceived as \u201cscenic\u201d according to Aristotelian tradition is evident. The epic repeatedly interrupts the scenic storyline. In Dobrzy\u0144ski's work, this determines the dramaturgy less than it makes the semantics of his music more haptic, as it were, like virtual stage scenery.<\/p>\n<p style=\"font-weight: 400;\" class=\"translation-block\">The audience rewarded the operas with numerous standing ovations. Dobrzy\u0144ski's operas are also appreciated by critics: <em>Tango<\/em>, based on S\u0142awomir Mro\u017cek's drama of the same name, was named \u201cOpera Revelation of the Year 2017\u201d in the \u201cBest Music\u201d category. In 2024, the Polish Royal Opera hosted the world premiere of Dobrzy\u0144ski's latest opera, <em>Hi\u00a7tory<\/em>, based on the manuscripts (including previously unpublished fragments) of Witold Gombrowicz's drama <em>History<\/em>, which were made available to the composer personally by Rita Gombrowicz (the writer's widow). <em>Operette<\/em>, an earlier opera by Dobrzy\u0144ski (also based on Gombrowicz's drama), was broadcast worldwide by ARTE Concert (translated into five languages) from Vienna.<\/p>","protected":false},"excerpt":{"rendered":"<p>1 CD<\/p>","protected":false},"featured_media":9226,"template":"","meta":{"site-sidebar-layout":"default","site-content-layout":"default","ast-site-content-layout":"default","site-content-style":"default","site-sidebar-style":"default","ast-global-header-display":"","ast-banner-title-visibility":"","ast-main-header-display":"","ast-hfb-above-header-display":"","ast-hfb-below-header-display":"","ast-hfb-mobile-header-display":"","site-post-title":"","ast-breadcrumbs-content":"","ast-featured-img":"","footer-sml-layout":"","theme-transparent-header-meta":"default","adv-header-id-meta":"","stick-header-meta":"","header-above-stick-meta":"","header-main-stick-meta":"","header-below-stick-meta":"","astra-migrate-meta-layouts":"set","ast-page-background-enabled":"default","ast-page-background-meta":{"desktop":{"background-color":"","background-image":"","background-repeat":"repeat","background-position":"center center","background-size":"auto","background-attachment":"scroll","background-type":"","background-media":"","overlay-type":"","overlay-color":"","overlay-opacity":"","overlay-gradient":""},"tablet":{"background-color":"","background-image":"","background-repeat":"repeat","background-position":"center center","background-size":"auto","background-attachment":"scroll","background-type":"","background-media":"","overlay-type":"","overlay-color":"","overlay-opacity":"","overlay-gradient":""},"mobile":{"background-color":"","background-image":"","background-repeat":"repeat","background-position":"center center","background-size":"auto","background-attachment":"scroll","background-type":"","background-media":"","overlay-type":"","overlay-color":"","overlay-opacity":"","overlay-gradient":""}},"ast-content-background-meta":{"desktop":{"background-color":"var(--ast-global-color-5)","background-image":"","background-repeat":"repeat","background-position":"center center","background-size":"auto","background-attachment":"scroll","background-type":"","background-media":"","overlay-type":"","overlay-color":"","overlay-opacity":"","overlay-gradient":""},"tablet":{"background-color":"var(--ast-global-color-5)","background-image":"","background-repeat":"repeat","background-position":"center center","background-size":"auto","background-attachment":"scroll","background-type":"","background-media":"","overlay-type":"","overlay-color":"","overlay-opacity":"","overlay-gradient":""},"mobile":{"background-color":"var(--ast-global-color-5)","background-image":"","background-repeat":"repeat","background-position":"center center","background-size":"auto","background-attachment":"scroll","background-type":"","background-media":"","overlay-type":"","overlay-color":"","overlay-opacity":"","overlay-gradient":""}}},"product_brand":[],"product_cat":[26],"product_tag":[876],"class_list":{"0":"post-9216","1":"product","2":"type-product","3":"status-publish","4":"has-post-thumbnail","6":"product_cat-zeitgenossische-musik","7":"product_tag-neuveroeffentlichungen","8":"desktop-align-left","9":"tablet-align-left","10":"mobile-align-left","12":"first","13":"instock","14":"taxable","15":"shipping-taxable","16":"purchasable","17":"product-type-simple"},"yoast_head":"<!-- This site is optimized with the Yoast SEO plugin v27.4 - https:\/\/yoast.com\/product\/yoast-seo-wordpress\/ -->\n<title>Micha\u0142 Dobrzy\u0144ski: Works for String Quartet &amp; ... - NEOS Music<\/title>\n<meta name=\"description\" content=\"Der polnische Komponist Micha\u0142 Dobrzy\u0144ski geh\u00f6rt zu der jungen K\u00fcnstlergeneration, die von Krzysztof Penderecki und Henryk Miko\u0142aj G\u00f3recki f\u00fcr das Programm \u00bbJunge Komponisten zum Andenken an Fryderyk Chopin\u00ab ausgew\u00e4hlt wurden.\" \/>\n<meta name=\"robots\" content=\"index, follow, max-snippet:-1, max-image-preview:large, max-video-preview:-1\" \/>\n<link rel=\"canonical\" href=\"https:\/\/neos-music.com\/en_us\/product\/michal-dobrzynski-works-for-string-quartet\/\" \/>\n<meta property=\"og:locale\" content=\"en_US\" \/>\n<meta property=\"og:type\" content=\"article\" \/>\n<meta property=\"og:title\" content=\"Micha\u0142 Dobrzy\u0144ski: Works for String Quartet &amp; ... - NEOS Music\" \/>\n<meta property=\"og:description\" content=\"Der polnische Komponist Micha\u0142 Dobrzy\u0144ski geh\u00f6rt zu der jungen K\u00fcnstlergeneration, die von Krzysztof Penderecki und Henryk Miko\u0142aj G\u00f3recki f\u00fcr das Programm \u00bbJunge Komponisten zum Andenken an Fryderyk Chopin\u00ab ausgew\u00e4hlt wurden.\" \/>\n<meta property=\"og:url\" content=\"https:\/\/neos-music.com\/en_us\/product\/michal-dobrzynski-works-for-string-quartet\/\" \/>\n<meta property=\"og:site_name\" content=\"NEOS Music\" \/>\n<meta property=\"article:modified_time\" content=\"2026-02-10T15:36:31+00:00\" \/>\n<meta property=\"og:image\" content=\"https:\/\/neos-music.com\/wp-content\/uploads\/2025\/05\/NEOS-12519-Dobrzynski-Cover-1.jpg\" \/>\n\t<meta property=\"og:image:width\" content=\"1648\" \/>\n\t<meta property=\"og:image:height\" content=\"1482\" \/>\n\t<meta property=\"og:image:type\" content=\"image\/jpeg\" \/>\n<meta name=\"twitter:card\" content=\"summary_large_image\" \/>\n<meta name=\"twitter:label1\" content=\"Est. reading time\" \/>\n\t<meta name=\"twitter:data1\" content=\"2 minutes\" \/>\n<script type=\"application\/ld+json\" class=\"yoast-schema-graph\">{\"@context\":\"https:\\\/\\\/schema.org\",\"@graph\":[{\"@type\":\"WebPage\",\"@id\":\"https:\\\/\\\/neos-music.com\\\/product\\\/michal-dobrzynski-works-for-string-quartet\\\/\",\"url\":\"https:\\\/\\\/neos-music.com\\\/product\\\/michal-dobrzynski-works-for-string-quartet\\\/\",\"name\":\"Micha\u0142 Dobrzy\u0144ski: Works for String Quartet & ... - NEOS Music\",\"isPartOf\":{\"@id\":\"https:\\\/\\\/neos-music.com\\\/#website\"},\"primaryImageOfPage\":{\"@id\":\"https:\\\/\\\/neos-music.com\\\/product\\\/michal-dobrzynski-works-for-string-quartet\\\/#primaryimage\"},\"image\":{\"@id\":\"https:\\\/\\\/neos-music.com\\\/product\\\/michal-dobrzynski-works-for-string-quartet\\\/#primaryimage\"},\"thumbnailUrl\":\"https:\\\/\\\/i0.wp.com\\\/neos-music.com\\\/wp-content\\\/uploads\\\/2025\\\/05\\\/NEOS-12519-Dobrzynski-Cover-1.jpg?fit=1648%2C1482&ssl=1\",\"datePublished\":\"2025-05-29T22:10:51+00:00\",\"dateModified\":\"2026-02-10T15:36:31+00:00\",\"description\":\"Der polnische Komponist Micha\u0142 Dobrzy\u0144ski geh\u00f6rt zu der jungen K\u00fcnstlergeneration, die von Krzysztof Penderecki und Henryk Miko\u0142aj G\u00f3recki f\u00fcr das Programm \u00bbJunge Komponisten zum Andenken an Fryderyk Chopin\u00ab ausgew\u00e4hlt wurden.\",\"breadcrumb\":{\"@id\":\"https:\\\/\\\/neos-music.com\\\/product\\\/michal-dobrzynski-works-for-string-quartet\\\/#breadcrumb\"},\"inLanguage\":\"en-US\",\"potentialAction\":[{\"@type\":\"ReadAction\",\"target\":[\"https:\\\/\\\/neos-music.com\\\/product\\\/michal-dobrzynski-works-for-string-quartet\\\/\"]}]},{\"@type\":\"ImageObject\",\"inLanguage\":\"en-US\",\"@id\":\"https:\\\/\\\/neos-music.com\\\/product\\\/michal-dobrzynski-works-for-string-quartet\\\/#primaryimage\",\"url\":\"https:\\\/\\\/i0.wp.com\\\/neos-music.com\\\/wp-content\\\/uploads\\\/2025\\\/05\\\/NEOS-12519-Dobrzynski-Cover-1.jpg?fit=1648%2C1482&ssl=1\",\"contentUrl\":\"https:\\\/\\\/i0.wp.com\\\/neos-music.com\\\/wp-content\\\/uploads\\\/2025\\\/05\\\/NEOS-12519-Dobrzynski-Cover-1.jpg?fit=1648%2C1482&ssl=1\",\"width\":1648,\"height\":1482},{\"@type\":\"BreadcrumbList\",\"@id\":\"https:\\\/\\\/neos-music.com\\\/product\\\/michal-dobrzynski-works-for-string-quartet\\\/#breadcrumb\",\"itemListElement\":[{\"@type\":\"ListItem\",\"position\":1,\"name\":\"Startseite\",\"item\":\"https:\\\/\\\/neos-music.com\\\/\"},{\"@type\":\"ListItem\",\"position\":2,\"name\":\"Produkte\",\"item\":\"https:\\\/\\\/neos-music.com\\\/shop__trashed\\\/\"},{\"@type\":\"ListItem\",\"position\":3,\"name\":\"Micha\u0142 Dobrzy\u0144ski: Works for String Quartet &#038; &#8230;\"}]},{\"@type\":\"WebSite\",\"@id\":\"https:\\\/\\\/neos-music.com\\\/#website\",\"url\":\"https:\\\/\\\/neos-music.com\\\/\",\"name\":\"NEOS Music\",\"description\":\"Dein Online Shop f\u00fcr zeitgen\u00f6ssische Musik, Jazz und Classics!\",\"publisher\":{\"@id\":\"https:\\\/\\\/neos-music.com\\\/#organization\"},\"potentialAction\":[{\"@type\":\"SearchAction\",\"target\":{\"@type\":\"EntryPoint\",\"urlTemplate\":\"https:\\\/\\\/neos-music.com\\\/?s={search_term_string}\"},\"query-input\":{\"@type\":\"PropertyValueSpecification\",\"valueRequired\":true,\"valueName\":\"search_term_string\"}}],\"inLanguage\":\"en-US\"},{\"@type\":\"Organization\",\"@id\":\"https:\\\/\\\/neos-music.com\\\/#organization\",\"name\":\"NEOS Music\",\"url\":\"https:\\\/\\\/neos-music.com\\\/\",\"logo\":{\"@type\":\"ImageObject\",\"inLanguage\":\"en-US\",\"@id\":\"https:\\\/\\\/neos-music.com\\\/#\\\/schema\\\/logo\\\/image\\\/\",\"url\":\"https:\\\/\\\/i0.wp.com\\\/neos-music.com\\\/wp-content\\\/uploads\\\/2025\\\/08\\\/NEOS-Logo-weiss.png?fit=800%2C203&ssl=1\",\"contentUrl\":\"https:\\\/\\\/i0.wp.com\\\/neos-music.com\\\/wp-content\\\/uploads\\\/2025\\\/08\\\/NEOS-Logo-weiss.png?fit=800%2C203&ssl=1\",\"width\":800,\"height\":203,\"caption\":\"NEOS Music\"},\"image\":{\"@id\":\"https:\\\/\\\/neos-music.com\\\/#\\\/schema\\\/logo\\\/image\\\/\"}}]}<\/script>\n<!-- \/ Yoast SEO plugin. -->","yoast_head_json":{"title":"Micha\u0142 Dobrzy\u0144ski: Works for String Quartet & ... - NEOS Music","description":"Der polnische Komponist Micha\u0142 Dobrzy\u0144ski geh\u00f6rt zu der jungen K\u00fcnstlergeneration, die von Krzysztof Penderecki und Henryk Miko\u0142aj G\u00f3recki f\u00fcr das Programm \u00bbJunge Komponisten zum Andenken an Fryderyk Chopin\u00ab ausgew\u00e4hlt wurden.","robots":{"index":"index","follow":"follow","max-snippet":"max-snippet:-1","max-image-preview":"max-image-preview:large","max-video-preview":"max-video-preview:-1"},"canonical":"https:\/\/neos-music.com\/en_us\/product\/michal-dobrzynski-works-for-string-quartet\/","og_locale":"en_US","og_type":"article","og_title":"Micha\u0142 Dobrzy\u0144ski: Works for String Quartet & ... - NEOS Music","og_description":"Der polnische Komponist Micha\u0142 Dobrzy\u0144ski geh\u00f6rt zu der jungen K\u00fcnstlergeneration, die von Krzysztof Penderecki und Henryk Miko\u0142aj G\u00f3recki f\u00fcr das Programm \u00bbJunge Komponisten zum Andenken an Fryderyk Chopin\u00ab ausgew\u00e4hlt wurden.","og_url":"https:\/\/neos-music.com\/en_us\/product\/michal-dobrzynski-works-for-string-quartet\/","og_site_name":"NEOS Music","article_modified_time":"2026-02-10T15:36:31+00:00","og_image":[{"width":1648,"height":1482,"url":"https:\/\/neos-music.com\/wp-content\/uploads\/2025\/05\/NEOS-12519-Dobrzynski-Cover-1.jpg","type":"image\/jpeg"}],"twitter_card":"summary_large_image","twitter_misc":{"Est. reading time":"2 minutes"},"schema":{"@context":"https:\/\/schema.org","@graph":[{"@type":"WebPage","@id":"https:\/\/neos-music.com\/product\/michal-dobrzynski-works-for-string-quartet\/","url":"https:\/\/neos-music.com\/product\/michal-dobrzynski-works-for-string-quartet\/","name":"Micha\u0142 Dobrzy\u0144ski: Works for String Quartet & ... - NEOS Music","isPartOf":{"@id":"https:\/\/neos-music.com\/#website"},"primaryImageOfPage":{"@id":"https:\/\/neos-music.com\/product\/michal-dobrzynski-works-for-string-quartet\/#primaryimage"},"image":{"@id":"https:\/\/neos-music.com\/product\/michal-dobrzynski-works-for-string-quartet\/#primaryimage"},"thumbnailUrl":"https:\/\/i0.wp.com\/neos-music.com\/wp-content\/uploads\/2025\/05\/NEOS-12519-Dobrzynski-Cover-1.jpg?fit=1648%2C1482&ssl=1","datePublished":"2025-05-29T22:10:51+00:00","dateModified":"2026-02-10T15:36:31+00:00","description":"Der polnische Komponist Micha\u0142 Dobrzy\u0144ski geh\u00f6rt zu der jungen K\u00fcnstlergeneration, die von Krzysztof Penderecki und Henryk Miko\u0142aj G\u00f3recki f\u00fcr das Programm \u00bbJunge Komponisten zum Andenken an Fryderyk Chopin\u00ab ausgew\u00e4hlt wurden.","breadcrumb":{"@id":"https:\/\/neos-music.com\/product\/michal-dobrzynski-works-for-string-quartet\/#breadcrumb"},"inLanguage":"en-US","potentialAction":[{"@type":"ReadAction","target":["https:\/\/neos-music.com\/product\/michal-dobrzynski-works-for-string-quartet\/"]}]},{"@type":"ImageObject","inLanguage":"en-US","@id":"https:\/\/neos-music.com\/product\/michal-dobrzynski-works-for-string-quartet\/#primaryimage","url":"https:\/\/i0.wp.com\/neos-music.com\/wp-content\/uploads\/2025\/05\/NEOS-12519-Dobrzynski-Cover-1.jpg?fit=1648%2C1482&ssl=1","contentUrl":"https:\/\/i0.wp.com\/neos-music.com\/wp-content\/uploads\/2025\/05\/NEOS-12519-Dobrzynski-Cover-1.jpg?fit=1648%2C1482&ssl=1","width":1648,"height":1482},{"@type":"BreadcrumbList","@id":"https:\/\/neos-music.com\/product\/michal-dobrzynski-works-for-string-quartet\/#breadcrumb","itemListElement":[{"@type":"ListItem","position":1,"name":"Startseite","item":"https:\/\/neos-music.com\/"},{"@type":"ListItem","position":2,"name":"Produkte","item":"https:\/\/neos-music.com\/shop__trashed\/"},{"@type":"ListItem","position":3,"name":"Micha\u0142 Dobrzy\u0144ski: Works for String Quartet &#038; &#8230;"}]},{"@type":"WebSite","@id":"https:\/\/neos-music.com\/#website","url":"https:\/\/neos-music.com\/","name":"NEOS Music","description":"Dein Online Shop f\u00fcr zeitgen\u00f6ssische Musik, Jazz und Classics!","publisher":{"@id":"https:\/\/neos-music.com\/#organization"},"potentialAction":[{"@type":"SearchAction","target":{"@type":"EntryPoint","urlTemplate":"https:\/\/neos-music.com\/?s={search_term_string}"},"query-input":{"@type":"PropertyValueSpecification","valueRequired":true,"valueName":"search_term_string"}}],"inLanguage":"en-US"},{"@type":"Organization","@id":"https:\/\/neos-music.com\/#organization","name":"NEOS Music","url":"https:\/\/neos-music.com\/","logo":{"@type":"ImageObject","inLanguage":"en-US","@id":"https:\/\/neos-music.com\/#\/schema\/logo\/image\/","url":"https:\/\/i0.wp.com\/neos-music.com\/wp-content\/uploads\/2025\/08\/NEOS-Logo-weiss.png?fit=800%2C203&ssl=1","contentUrl":"https:\/\/i0.wp.com\/neos-music.com\/wp-content\/uploads\/2025\/08\/NEOS-Logo-weiss.png?fit=800%2C203&ssl=1","width":800,"height":203,"caption":"NEOS Music"},"image":{"@id":"https:\/\/neos-music.com\/#\/schema\/logo\/image\/"}}]}},"jetpack_sharing_enabled":true,"_links":{"self":[{"href":"https:\/\/neos-music.com\/en_us\/wp-json\/wp\/v2\/product\/9216","targetHints":{"allow":["GET"]}}],"collection":[{"href":"https:\/\/neos-music.com\/en_us\/wp-json\/wp\/v2\/product"}],"about":[{"href":"https:\/\/neos-music.com\/en_us\/wp-json\/wp\/v2\/types\/product"}],"version-history":[{"count":7,"href":"https:\/\/neos-music.com\/en_us\/wp-json\/wp\/v2\/product\/9216\/revisions"}],"predecessor-version":[{"id":10543,"href":"https:\/\/neos-music.com\/en_us\/wp-json\/wp\/v2\/product\/9216\/revisions\/10543"}],"wp:featuredmedia":[{"embeddable":true,"href":"https:\/\/neos-music.com\/en_us\/wp-json\/wp\/v2\/media\/9226"}],"wp:attachment":[{"href":"https:\/\/neos-music.com\/en_us\/wp-json\/wp\/v2\/media?parent=9216"}],"wp:term":[{"taxonomy":"product_brand","embeddable":true,"href":"https:\/\/neos-music.com\/en_us\/wp-json\/wp\/v2\/product_brand?post=9216"},{"taxonomy":"product_cat","embeddable":true,"href":"https:\/\/neos-music.com\/en_us\/wp-json\/wp\/v2\/product_cat?post=9216"},{"taxonomy":"product_tag","embeddable":true,"href":"https:\/\/neos-music.com\/en_us\/wp-json\/wp\/v2\/product_tag?post=9216"}],"curies":[{"name":"wp","href":"https:\/\/api.w.org\/{rel}","templated":true}]}}