{"id":9230,"date":"2025-05-30T00:20:10","date_gmt":"2025-05-29T22:20:10","guid":{"rendered":"https:\/\/neos-music.com\/?post_type=product&#038;p=9230"},"modified":"2026-01-20T17:18:01","modified_gmt":"2026-01-20T16:18:01","slug":"dorothee-schabert-hoerlandschaften","status":"publish","type":"product","link":"https:\/\/neos-music.com\/en_us\/product\/dorothee-schabert-hoerlandschaften\/","title":{"rendered":"<span class=\"notranslate\">Dorothee Schabert: H\u00f6rLandschaften<\/span>"},"content":{"rendered":"<div>\n<p class=\"KeinAbsatzformat\">A violin tone is not a rough rock, nor is it a bird croaking above the snow, and the breath from a flute is not the wind blowing across the Sami National Park in the far north of Scandinavia. The sounds in these five audio landscapes are far from being naturalistic reproductions of reality. And yet they lead to a state of auditory \u201ccontemplation,\u201d to stay with the image. They transform landscape experiences into music that can be experienced\u2014and this is what makes them special\u2014like a landscape.<\/p>\n<\/div>\n<div>\n<p class=\"KeinAbsatzformat\">All sources of inspiration are noted in the titles. However, the translation of actual experiences into music never becomes concrete. Nevertheless, something essential is conveyed: colors, rhythms, topographies, tempos, and acoustic event densities. The material is almost always very limited, one might even say sparse, but perhaps these are precisely the landscapes that leave the deepest impressions on Dorothee Schabert. All five compositions refer to lonely areas: the Sami National Park north of the Arctic Circle, a valley in the French Massif Central, or a stay in rural Sicily. What the chosen motifs have in common is that they do not overwhelm with an excess of information, but on the contrary, concentrate on a few elementary elements. One can listen to this music in peace. The materials become more familiar bar by bar, while the slightly varied repetition leaves room for one's own thoughts, feelings, and images.<\/p>\n<\/div>","protected":false},"excerpt":{"rendered":"<p>1 CD<\/p>","protected":false},"featured_media":9232,"template":"","meta":{"site-sidebar-layout":"default","site-content-layout":"default","ast-site-content-layout":"default","site-content-style":"default","site-sidebar-style":"default","ast-global-header-display":"","ast-banner-title-visibility":"","ast-main-header-display":"","ast-hfb-above-header-display":"","ast-hfb-below-header-display":"","ast-hfb-mobile-header-display":"","site-post-title":"","ast-breadcrumbs-content":"","ast-featured-img":"","footer-sml-layout":"","theme-transparent-header-meta":"default","adv-header-id-meta":"","stick-header-meta":"","header-above-stick-meta":"","header-main-stick-meta":"","header-below-stick-meta":"","astra-migrate-meta-layouts":"set","ast-page-background-enabled":"default","ast-page-background-meta":{"desktop":{"background-color":"","background-image":"","background-repeat":"repeat","background-position":"center center","background-size":"auto","background-attachment":"scroll","background-type":"","background-media":"","overlay-type":"","overlay-color":"","overlay-opacity":"","overlay-gradient":""},"tablet":{"background-color":"","background-image":"","background-repeat":"repeat","background-position":"center center","background-size":"auto","background-attachment":"scroll","background-type":"","background-media":"","overlay-type":"","overlay-color":"","overlay-opacity":"","overlay-gradient":""},"mobile":{"background-color":"","background-image":"","background-repeat":"repeat","background-position":"center center","background-size":"auto","background-attachment":"scroll","background-type":"","background-media":"","overlay-type":"","overlay-color":"","overlay-opacity":"","overlay-gradient":""}},"ast-content-background-meta":{"desktop":{"background-color":"var(--ast-global-color-5)","background-image":"","background-repeat":"repeat","background-position":"center center","background-size":"auto","background-attachment":"scroll","background-type":"","background-media":"","overlay-type":"","overlay-color":"","overlay-opacity":"","overlay-gradient":""},"tablet":{"background-color":"var(--ast-global-color-5)","background-image":"","background-repeat":"repeat","background-position":"center center","background-size":"auto","background-attachment":"scroll","background-type":"","background-media":"","overlay-type":"","overlay-color":"","overlay-opacity":"","overlay-gradient":""},"mobile":{"background-color":"var(--ast-global-color-5)","background-image":"","background-repeat":"repeat","background-position":"center center","background-size":"auto","background-attachment":"scroll","background-type":"","background-media":"","overlay-type":"","overlay-color":"","overlay-opacity":"","overlay-gradient":""}}},"product_brand":[],"product_cat":[26],"product_tag":[876],"class_list":{"0":"post-9230","1":"product","2":"type-product","3":"status-publish","4":"has-post-thumbnail","6":"product_cat-zeitgenossische-musik","7":"product_tag-neuveroeffentlichungen","8":"desktop-align-left","9":"tablet-align-left","10":"mobile-align-left","12":"first","13":"instock","14":"taxable","15":"shipping-taxable","16":"purchasable","17":"product-type-simple"},"yoast_head":"<!-- This site is optimized with the Yoast SEO plugin v27.4 - https:\/\/yoast.com\/product\/yoast-seo-wordpress\/ -->\n<title>Dorothee Schabert: H\u00f6rLandschaften - NEOS Music<\/title>\n<meta name=\"description\" content=\"Die Kl\u00e4nge in diesen f\u00fcnf H\u00f6rLandschaften sind weit davon entfernt, Wirklichkeiten naturalistisch nachzubilden. Sie verwandeln Landschaftserfahrungen in Musik, die sich \u2013 und das ist besonders \u2013 wie eine Landschaft erfahren l\u00e4sst.\" \/>\n<meta name=\"robots\" content=\"index, follow, max-snippet:-1, max-image-preview:large, max-video-preview:-1\" \/>\n<link rel=\"canonical\" href=\"https:\/\/neos-music.com\/en_us\/product\/dorothee-schabert-hoerlandschaften\/\" \/>\n<meta property=\"og:locale\" content=\"en_US\" \/>\n<meta property=\"og:type\" content=\"article\" \/>\n<meta property=\"og:title\" content=\"Dorothee Schabert: H\u00f6rLandschaften - NEOS Music\" \/>\n<meta property=\"og:description\" content=\"Die Kl\u00e4nge in diesen f\u00fcnf H\u00f6rLandschaften sind weit davon entfernt, Wirklichkeiten naturalistisch nachzubilden. Sie verwandeln Landschaftserfahrungen in Musik, die sich \u2013 und das ist besonders \u2013 wie eine Landschaft erfahren l\u00e4sst.\" \/>\n<meta property=\"og:url\" content=\"https:\/\/neos-music.com\/en_us\/product\/dorothee-schabert-hoerlandschaften\/\" \/>\n<meta property=\"og:site_name\" content=\"NEOS Music\" \/>\n<meta property=\"article:modified_time\" content=\"2026-01-20T16:18:01+00:00\" \/>\n<meta property=\"og:image\" content=\"https:\/\/neos-music.com\/wp-content\/uploads\/2025\/05\/NEOS-12501-Schabert-Cover.jpg\" \/>\n\t<meta property=\"og:image:width\" content=\"1649\" \/>\n\t<meta property=\"og:image:height\" content=\"1483\" \/>\n\t<meta property=\"og:image:type\" content=\"image\/jpeg\" \/>\n<meta name=\"twitter:card\" content=\"summary_large_image\" \/>\n<meta name=\"twitter:label1\" content=\"Est. reading time\" \/>\n\t<meta name=\"twitter:data1\" content=\"2 minutes\" \/>\n<script type=\"application\/ld+json\" class=\"yoast-schema-graph\">{\"@context\":\"https:\\\/\\\/schema.org\",\"@graph\":[{\"@type\":\"WebPage\",\"@id\":\"https:\\\/\\\/neos-music.com\\\/product\\\/dorothee-schabert-hoerlandschaften\\\/\",\"url\":\"https:\\\/\\\/neos-music.com\\\/product\\\/dorothee-schabert-hoerlandschaften\\\/\",\"name\":\"Dorothee Schabert: H\u00f6rLandschaften - NEOS Music\",\"isPartOf\":{\"@id\":\"https:\\\/\\\/neos-music.com\\\/#website\"},\"primaryImageOfPage\":{\"@id\":\"https:\\\/\\\/neos-music.com\\\/product\\\/dorothee-schabert-hoerlandschaften\\\/#primaryimage\"},\"image\":{\"@id\":\"https:\\\/\\\/neos-music.com\\\/product\\\/dorothee-schabert-hoerlandschaften\\\/#primaryimage\"},\"thumbnailUrl\":\"https:\\\/\\\/i0.wp.com\\\/neos-music.com\\\/wp-content\\\/uploads\\\/2025\\\/05\\\/NEOS-12501-Schabert-Cover.jpg?fit=1649%2C1483&ssl=1\",\"datePublished\":\"2025-05-29T22:20:10+00:00\",\"dateModified\":\"2026-01-20T16:18:01+00:00\",\"description\":\"Die Kl\u00e4nge in diesen f\u00fcnf H\u00f6rLandschaften sind weit davon entfernt, Wirklichkeiten naturalistisch nachzubilden. Sie verwandeln Landschaftserfahrungen in Musik, die sich \u2013 und das ist besonders \u2013 wie eine Landschaft erfahren l\u00e4sst.\",\"breadcrumb\":{\"@id\":\"https:\\\/\\\/neos-music.com\\\/product\\\/dorothee-schabert-hoerlandschaften\\\/#breadcrumb\"},\"inLanguage\":\"en-US\",\"potentialAction\":[{\"@type\":\"ReadAction\",\"target\":[\"https:\\\/\\\/neos-music.com\\\/product\\\/dorothee-schabert-hoerlandschaften\\\/\"]}]},{\"@type\":\"ImageObject\",\"inLanguage\":\"en-US\",\"@id\":\"https:\\\/\\\/neos-music.com\\\/product\\\/dorothee-schabert-hoerlandschaften\\\/#primaryimage\",\"url\":\"https:\\\/\\\/i0.wp.com\\\/neos-music.com\\\/wp-content\\\/uploads\\\/2025\\\/05\\\/NEOS-12501-Schabert-Cover.jpg?fit=1649%2C1483&ssl=1\",\"contentUrl\":\"https:\\\/\\\/i0.wp.com\\\/neos-music.com\\\/wp-content\\\/uploads\\\/2025\\\/05\\\/NEOS-12501-Schabert-Cover.jpg?fit=1649%2C1483&ssl=1\",\"width\":1649,\"height\":1483},{\"@type\":\"BreadcrumbList\",\"@id\":\"https:\\\/\\\/neos-music.com\\\/product\\\/dorothee-schabert-hoerlandschaften\\\/#breadcrumb\",\"itemListElement\":[{\"@type\":\"ListItem\",\"position\":1,\"name\":\"Startseite\",\"item\":\"https:\\\/\\\/neos-music.com\\\/\"},{\"@type\":\"ListItem\",\"position\":2,\"name\":\"Produkte\",\"item\":\"https:\\\/\\\/neos-music.com\\\/shop__trashed\\\/\"},{\"@type\":\"ListItem\",\"position\":3,\"name\":\"Dorothee Schabert: H\u00f6rLandschaften\"}]},{\"@type\":\"WebSite\",\"@id\":\"https:\\\/\\\/neos-music.com\\\/#website\",\"url\":\"https:\\\/\\\/neos-music.com\\\/\",\"name\":\"NEOS Music\",\"description\":\"Dein Online Shop f\u00fcr zeitgen\u00f6ssische Musik, Jazz und Classics!\",\"publisher\":{\"@id\":\"https:\\\/\\\/neos-music.com\\\/#organization\"},\"potentialAction\":[{\"@type\":\"SearchAction\",\"target\":{\"@type\":\"EntryPoint\",\"urlTemplate\":\"https:\\\/\\\/neos-music.com\\\/?s={search_term_string}\"},\"query-input\":{\"@type\":\"PropertyValueSpecification\",\"valueRequired\":true,\"valueName\":\"search_term_string\"}}],\"inLanguage\":\"en-US\"},{\"@type\":\"Organization\",\"@id\":\"https:\\\/\\\/neos-music.com\\\/#organization\",\"name\":\"NEOS Music\",\"url\":\"https:\\\/\\\/neos-music.com\\\/\",\"logo\":{\"@type\":\"ImageObject\",\"inLanguage\":\"en-US\",\"@id\":\"https:\\\/\\\/neos-music.com\\\/#\\\/schema\\\/logo\\\/image\\\/\",\"url\":\"https:\\\/\\\/i0.wp.com\\\/neos-music.com\\\/wp-content\\\/uploads\\\/2025\\\/08\\\/NEOS-Logo-weiss.png?fit=800%2C203&ssl=1\",\"contentUrl\":\"https:\\\/\\\/i0.wp.com\\\/neos-music.com\\\/wp-content\\\/uploads\\\/2025\\\/08\\\/NEOS-Logo-weiss.png?fit=800%2C203&ssl=1\",\"width\":800,\"height\":203,\"caption\":\"NEOS Music\"},\"image\":{\"@id\":\"https:\\\/\\\/neos-music.com\\\/#\\\/schema\\\/logo\\\/image\\\/\"}}]}<\/script>\n<!-- \/ Yoast SEO plugin. -->","yoast_head_json":{"title":"Dorothee Schabert: H\u00f6rLandschaften - NEOS Music","description":"Die Kl\u00e4nge in diesen f\u00fcnf H\u00f6rLandschaften sind weit davon entfernt, Wirklichkeiten naturalistisch nachzubilden. Sie verwandeln Landschaftserfahrungen in Musik, die sich \u2013 und das ist besonders \u2013 wie eine Landschaft erfahren l\u00e4sst.","robots":{"index":"index","follow":"follow","max-snippet":"max-snippet:-1","max-image-preview":"max-image-preview:large","max-video-preview":"max-video-preview:-1"},"canonical":"https:\/\/neos-music.com\/en_us\/product\/dorothee-schabert-hoerlandschaften\/","og_locale":"en_US","og_type":"article","og_title":"Dorothee Schabert: H\u00f6rLandschaften - NEOS Music","og_description":"Die Kl\u00e4nge in diesen f\u00fcnf H\u00f6rLandschaften sind weit davon entfernt, Wirklichkeiten naturalistisch nachzubilden. Sie verwandeln Landschaftserfahrungen in Musik, die sich \u2013 und das ist besonders \u2013 wie eine Landschaft erfahren l\u00e4sst.","og_url":"https:\/\/neos-music.com\/en_us\/product\/dorothee-schabert-hoerlandschaften\/","og_site_name":"NEOS Music","article_modified_time":"2026-01-20T16:18:01+00:00","og_image":[{"width":1649,"height":1483,"url":"https:\/\/neos-music.com\/wp-content\/uploads\/2025\/05\/NEOS-12501-Schabert-Cover.jpg","type":"image\/jpeg"}],"twitter_card":"summary_large_image","twitter_misc":{"Est. reading time":"2 minutes"},"schema":{"@context":"https:\/\/schema.org","@graph":[{"@type":"WebPage","@id":"https:\/\/neos-music.com\/product\/dorothee-schabert-hoerlandschaften\/","url":"https:\/\/neos-music.com\/product\/dorothee-schabert-hoerlandschaften\/","name":"Dorothee Schabert: H\u00f6rLandschaften - NEOS Music","isPartOf":{"@id":"https:\/\/neos-music.com\/#website"},"primaryImageOfPage":{"@id":"https:\/\/neos-music.com\/product\/dorothee-schabert-hoerlandschaften\/#primaryimage"},"image":{"@id":"https:\/\/neos-music.com\/product\/dorothee-schabert-hoerlandschaften\/#primaryimage"},"thumbnailUrl":"https:\/\/i0.wp.com\/neos-music.com\/wp-content\/uploads\/2025\/05\/NEOS-12501-Schabert-Cover.jpg?fit=1649%2C1483&ssl=1","datePublished":"2025-05-29T22:20:10+00:00","dateModified":"2026-01-20T16:18:01+00:00","description":"Die Kl\u00e4nge in diesen f\u00fcnf H\u00f6rLandschaften sind weit davon entfernt, Wirklichkeiten naturalistisch nachzubilden. Sie verwandeln Landschaftserfahrungen in Musik, die sich \u2013 und das ist besonders \u2013 wie eine Landschaft erfahren l\u00e4sst.","breadcrumb":{"@id":"https:\/\/neos-music.com\/product\/dorothee-schabert-hoerlandschaften\/#breadcrumb"},"inLanguage":"en-US","potentialAction":[{"@type":"ReadAction","target":["https:\/\/neos-music.com\/product\/dorothee-schabert-hoerlandschaften\/"]}]},{"@type":"ImageObject","inLanguage":"en-US","@id":"https:\/\/neos-music.com\/product\/dorothee-schabert-hoerlandschaften\/#primaryimage","url":"https:\/\/i0.wp.com\/neos-music.com\/wp-content\/uploads\/2025\/05\/NEOS-12501-Schabert-Cover.jpg?fit=1649%2C1483&ssl=1","contentUrl":"https:\/\/i0.wp.com\/neos-music.com\/wp-content\/uploads\/2025\/05\/NEOS-12501-Schabert-Cover.jpg?fit=1649%2C1483&ssl=1","width":1649,"height":1483},{"@type":"BreadcrumbList","@id":"https:\/\/neos-music.com\/product\/dorothee-schabert-hoerlandschaften\/#breadcrumb","itemListElement":[{"@type":"ListItem","position":1,"name":"Startseite","item":"https:\/\/neos-music.com\/"},{"@type":"ListItem","position":2,"name":"Produkte","item":"https:\/\/neos-music.com\/shop__trashed\/"},{"@type":"ListItem","position":3,"name":"Dorothee Schabert: H\u00f6rLandschaften"}]},{"@type":"WebSite","@id":"https:\/\/neos-music.com\/#website","url":"https:\/\/neos-music.com\/","name":"NEOS Music","description":"Dein Online Shop f\u00fcr zeitgen\u00f6ssische Musik, Jazz und Classics!","publisher":{"@id":"https:\/\/neos-music.com\/#organization"},"potentialAction":[{"@type":"SearchAction","target":{"@type":"EntryPoint","urlTemplate":"https:\/\/neos-music.com\/?s={search_term_string}"},"query-input":{"@type":"PropertyValueSpecification","valueRequired":true,"valueName":"search_term_string"}}],"inLanguage":"en-US"},{"@type":"Organization","@id":"https:\/\/neos-music.com\/#organization","name":"NEOS Music","url":"https:\/\/neos-music.com\/","logo":{"@type":"ImageObject","inLanguage":"en-US","@id":"https:\/\/neos-music.com\/#\/schema\/logo\/image\/","url":"https:\/\/i0.wp.com\/neos-music.com\/wp-content\/uploads\/2025\/08\/NEOS-Logo-weiss.png?fit=800%2C203&ssl=1","contentUrl":"https:\/\/i0.wp.com\/neos-music.com\/wp-content\/uploads\/2025\/08\/NEOS-Logo-weiss.png?fit=800%2C203&ssl=1","width":800,"height":203,"caption":"NEOS Music"},"image":{"@id":"https:\/\/neos-music.com\/#\/schema\/logo\/image\/"}}]}},"jetpack_sharing_enabled":true,"_links":{"self":[{"href":"https:\/\/neos-music.com\/en_us\/wp-json\/wp\/v2\/product\/9230","targetHints":{"allow":["GET"]}}],"collection":[{"href":"https:\/\/neos-music.com\/en_us\/wp-json\/wp\/v2\/product"}],"about":[{"href":"https:\/\/neos-music.com\/en_us\/wp-json\/wp\/v2\/types\/product"}],"version-history":[{"count":4,"href":"https:\/\/neos-music.com\/en_us\/wp-json\/wp\/v2\/product\/9230\/revisions"}],"predecessor-version":[{"id":10261,"href":"https:\/\/neos-music.com\/en_us\/wp-json\/wp\/v2\/product\/9230\/revisions\/10261"}],"wp:featuredmedia":[{"embeddable":true,"href":"https:\/\/neos-music.com\/en_us\/wp-json\/wp\/v2\/media\/9232"}],"wp:attachment":[{"href":"https:\/\/neos-music.com\/en_us\/wp-json\/wp\/v2\/media?parent=9230"}],"wp:term":[{"taxonomy":"product_brand","embeddable":true,"href":"https:\/\/neos-music.com\/en_us\/wp-json\/wp\/v2\/product_brand?post=9230"},{"taxonomy":"product_cat","embeddable":true,"href":"https:\/\/neos-music.com\/en_us\/wp-json\/wp\/v2\/product_cat?post=9230"},{"taxonomy":"product_tag","embeddable":true,"href":"https:\/\/neos-music.com\/en_us\/wp-json\/wp\/v2\/product_tag?post=9230"}],"curies":[{"name":"wp","href":"https:\/\/api.w.org\/{rel}","templated":true}]}}