{"id":9236,"date":"2025-05-30T00:40:04","date_gmt":"2025-05-29T22:40:04","guid":{"rendered":"https:\/\/neos-music.com\/?post_type=product&#038;p=9236"},"modified":"2026-01-19T17:08:14","modified_gmt":"2026-01-19T16:08:14","slug":"political","status":"publish","type":"product","link":"https:\/\/neos-music.com\/en_us\/product\/political\/","title":{"rendered":"<span class=\"notranslate\">Political<\/span>"},"content":{"rendered":"<p>Charles Uzors Werk ist kritisch und fordert unsere Ohren auf, \u00fcber das H\u00f6rbare und Bekannte hinauszuh\u00f6ren. Gleich bei meiner ersten Begegnung mit Uzors Musik stie\u00df diese mich auf jene Fragen, die mich urspr\u00fcnglich \u00fcberhaupt zu dieser Kunstform hingezogen hatten. Diese Fragen k\u00f6nnte man als existenzielle, politische, soziale, individuelle, kosmische und vieles mehr bezeichnen. Seine Musik betreibt eine kritische Auseinandersetzung mit dem Leben selbst, und zwar durch Klang. [\u2026] Uzors Musik l\u00e4dt uns ein, \u00fcber die Welt nachzudenken und zu sprechen. Uzors Musik lehrt uns, dass das Unaussprechliche ausgedr\u00fcckt und in eine (undurchschaubare) Beziehung zu dem gebracht werden muss, wor\u00fcber wir sprechen k\u00f6nnen. Dabei geht es auch um die Frage, ob wir auf die unh\u00f6rbaren Stimmen h\u00f6ren m\u00fcssen, auf die Stimmen, die ausgel\u00f6scht wurden, wie Schwarze Leben. [\u2026]<\/p>\n<p>Wenn Uzors Musik politisch ist, dann ist sie eine Art radikale Betonung des <i>Demos<\/i> \u2013 ein griechisches Wort, das sowohl jene Leben beschreibt, f\u00fcr die Politik da sein soll, denen sie dienen soll, als auch jene, deren Stimmen bisher weder denkbar noch h\u00f6rbar sind. Vielleicht hat Uzor politische Musik geschrieben, weil seine eigenen Erfahrungen in der bestehenden Welt immer wieder nicht denkbar waren, dieser Welt der kontrollierten und limitierten Existenz. Oder vielleicht war es immer die Aufgabe der Musik in der Moderne, uns dazu zu bringen, dass wir hinterfragen, was f\u00fcr uns h\u00f6rbar werden kann. Wie dem auch sei, was sein Werk zeigt, ist, dass eine solche unh\u00f6rbare Positionierung, ein Standpunkt, der hinter dem Schleier der H\u00f6rbarkeit als radikale Inklusion durch das Erkennen gemeinsamer Erfahrungen ausgedr\u00fcckt wird \u2013 wenn die Marginalisierten nicht sprechen k\u00f6nnen, k\u00f6nnen sie dennoch die Unsichtbarkeit der Anderen h\u00f6ren, so scheint es.<\/p>\n<p><em>Jessie Cox<\/em><\/p>\n<p>&nbsp;<\/p>\n<p>&nbsp;<\/p>\n<p>Kann Musik die Welt verbessern?<\/p>\n<p>Charles Uzor antwortete auf die Frage, was das Politische sei, mit der schlagenden Gegenfrage: \u00bbWie geht es den anderen?\u00ab Folgt man diesem rhetorischen Argument, so dienen alle daraus resultierenden weiteren Aufgabenstellungen dem Zweck einer f\u00fcr alle Beteiligten befriedigenden Antwort auf seine Frage bzw. einer L\u00f6sung der entsprechenden Probleme. [\u2026]<\/p>\n<p>Sozial und \u00f6kologisch steht es mit der Welt nicht zum Besten. Was Armut, Unterdr\u00fcckung, Umgang mit Migration und Natur angeht, steigt das Tempo der Verschlechterung in be\u00e4ngstigender Weise. Rettung tut dringend Not. Das ist vielen Menschen bewusst, weshalb Politiker, Unternehmer, Hedgefondsmanager oder Technokraten unterschiedlichste Projekte zur L\u00f6sung der Misere initiiert haben. Leider k\u00f6nnen die meisten dieser Aktivit\u00e4ten die eigentliche Motivation kaum verbergen, in deren Fokus Macht, Geld und Ruhm stehen. Deshalb ist ihnen mit gro\u00dfem Argwohn zu begegnen.<\/p>\n<p>So fr\u00e4gt man sich als Komponist schlie\u00dflich, was die eigene Musik dazu beitragen kann, die Situation, in der wir leben, zu mildern oder zu verbessern. Geht das? Komponisten haben Musik gelernt und sind von ihr leidenschaftlich erf\u00fcllt. Musik ist ein hervorragendes Gleitmittel f\u00fcr manipulative Zwecke, ein fliegender Teppich f\u00fcr allerlei au\u00dfermusikalische Heilsversprechen. Die Frage, ob man sie weiterhin f\u00fcr derlei Zwecke (miss)brauchen kann, ist rhetorisch. Also: Keine Agitprop, keine Vertonung politischer Texte, keine Stimmungsmache f\u00fcr eine noch so verhei\u00dfungsvolle politische Utopie!<\/p>\n<p><em>Rupert Huber<\/em><\/p>\n","protected":false},"excerpt":{"rendered":"<p>2 CD<\/p>","protected":false},"featured_media":9245,"template":"","meta":{"site-sidebar-layout":"default","site-content-layout":"default","ast-site-content-layout":"default","site-content-style":"default","site-sidebar-style":"default","ast-global-header-display":"","ast-banner-title-visibility":"","ast-main-header-display":"","ast-hfb-above-header-display":"","ast-hfb-below-header-display":"","ast-hfb-mobile-header-display":"","site-post-title":"","ast-breadcrumbs-content":"","ast-featured-img":"","footer-sml-layout":"","theme-transparent-header-meta":"default","adv-header-id-meta":"","stick-header-meta":"","header-above-stick-meta":"","header-main-stick-meta":"","header-below-stick-meta":"","astra-migrate-meta-layouts":"set","ast-page-background-enabled":"default","ast-page-background-meta":{"desktop":{"background-color":"","background-image":"","background-repeat":"repeat","background-position":"center center","background-size":"auto","background-attachment":"scroll","background-type":"","background-media":"","overlay-type":"","overlay-color":"","overlay-opacity":"","overlay-gradient":""},"tablet":{"background-color":"","background-image":"","background-repeat":"repeat","background-position":"center center","background-size":"auto","background-attachment":"scroll","background-type":"","background-media":"","overlay-type":"","overlay-color":"","overlay-opacity":"","overlay-gradient":""},"mobile":{"background-color":"","background-image":"","background-repeat":"repeat","background-position":"center center","background-size":"auto","background-attachment":"scroll","background-type":"","background-media":"","overlay-type":"","overlay-color":"","overlay-opacity":"","overlay-gradient":""}},"ast-content-background-meta":{"desktop":{"background-color":"var(--ast-global-color-5)","background-image":"","background-repeat":"repeat","background-position":"center center","background-size":"auto","background-attachment":"scroll","background-type":"","background-media":"","overlay-type":"","overlay-color":"","overlay-opacity":"","overlay-gradient":""},"tablet":{"background-color":"var(--ast-global-color-5)","background-image":"","background-repeat":"repeat","background-position":"center center","background-size":"auto","background-attachment":"scroll","background-type":"","background-media":"","overlay-type":"","overlay-color":"","overlay-opacity":"","overlay-gradient":""},"mobile":{"background-color":"var(--ast-global-color-5)","background-image":"","background-repeat":"repeat","background-position":"center center","background-size":"auto","background-attachment":"scroll","background-type":"","background-media":"","overlay-type":"","overlay-color":"","overlay-opacity":"","overlay-gradient":""}}},"product_brand":[],"product_cat":[26],"product_tag":[876],"class_list":{"0":"post-9236","1":"product","2":"type-product","3":"status-publish","4":"has-post-thumbnail","6":"product_cat-zeitgenossische-musik","7":"product_tag-neuveroeffentlichungen","8":"desktop-align-left","9":"tablet-align-left","10":"mobile-align-left","12":"first","13":"instock","14":"taxable","15":"shipping-taxable","16":"purchasable","17":"product-type-simple"},"yoast_head":"<!-- This site is optimized with the Yoast SEO plugin v27.4 - https:\/\/yoast.com\/product\/yoast-seo-wordpress\/ -->\n<title>Political - NEOS Music<\/title>\n<meta name=\"description\" content=\"Die Kl\u00e4nge in diesen f\u00fcnf H\u00f6rLandschaften sind weit davon entfernt, Wirklichkeiten naturalistisch nachzubilden. Sie verwandeln Landschaftserfahrungen in Musik, die sich \u2013 und das ist besonders \u2013 wie eine Landschaft erfahren l\u00e4sst.\" \/>\n<meta name=\"robots\" content=\"index, follow, max-snippet:-1, max-image-preview:large, max-video-preview:-1\" \/>\n<link rel=\"canonical\" href=\"https:\/\/neos-music.com\/en_us\/product\/political\/\" \/>\n<meta property=\"og:locale\" content=\"en_US\" \/>\n<meta property=\"og:type\" content=\"article\" \/>\n<meta property=\"og:title\" content=\"Political - NEOS Music\" \/>\n<meta property=\"og:description\" content=\"Die Kl\u00e4nge in diesen f\u00fcnf H\u00f6rLandschaften sind weit davon entfernt, Wirklichkeiten naturalistisch nachzubilden. Sie verwandeln Landschaftserfahrungen in Musik, die sich \u2013 und das ist besonders \u2013 wie eine Landschaft erfahren l\u00e4sst.\" \/>\n<meta property=\"og:url\" content=\"https:\/\/neos-music.com\/en_us\/product\/political\/\" \/>\n<meta property=\"og:site_name\" content=\"NEOS Music\" \/>\n<meta property=\"article:modified_time\" content=\"2026-01-19T16:08:14+00:00\" \/>\n<meta property=\"og:image\" content=\"https:\/\/neos-music.com\/wp-content\/uploads\/2025\/05\/NEOS-12502-03-Political-Cover.jpg\" \/>\n\t<meta property=\"og:image:width\" content=\"1648\" \/>\n\t<meta property=\"og:image:height\" content=\"1483\" \/>\n\t<meta property=\"og:image:type\" content=\"image\/jpeg\" \/>\n<meta name=\"twitter:card\" content=\"summary_large_image\" \/>\n<meta name=\"twitter:label1\" content=\"Est. reading time\" \/>\n\t<meta name=\"twitter:data1\" content=\"3 minutes\" \/>\n<script type=\"application\/ld+json\" class=\"yoast-schema-graph\">{\"@context\":\"https:\\\/\\\/schema.org\",\"@graph\":[{\"@type\":\"WebPage\",\"@id\":\"https:\\\/\\\/neos-music.com\\\/product\\\/political\\\/\",\"url\":\"https:\\\/\\\/neos-music.com\\\/product\\\/political\\\/\",\"name\":\"Political - NEOS Music\",\"isPartOf\":{\"@id\":\"https:\\\/\\\/neos-music.com\\\/#website\"},\"primaryImageOfPage\":{\"@id\":\"https:\\\/\\\/neos-music.com\\\/product\\\/political\\\/#primaryimage\"},\"image\":{\"@id\":\"https:\\\/\\\/neos-music.com\\\/product\\\/political\\\/#primaryimage\"},\"thumbnailUrl\":\"https:\\\/\\\/i0.wp.com\\\/neos-music.com\\\/wp-content\\\/uploads\\\/2025\\\/05\\\/NEOS-12502-03-Political-Cover.jpg?fit=1648%2C1483&ssl=1\",\"datePublished\":\"2025-05-29T22:40:04+00:00\",\"dateModified\":\"2026-01-19T16:08:14+00:00\",\"description\":\"Die Kl\u00e4nge in diesen f\u00fcnf H\u00f6rLandschaften sind weit davon entfernt, Wirklichkeiten naturalistisch nachzubilden. Sie verwandeln Landschaftserfahrungen in Musik, die sich \u2013 und das ist besonders \u2013 wie eine Landschaft erfahren l\u00e4sst.\",\"breadcrumb\":{\"@id\":\"https:\\\/\\\/neos-music.com\\\/product\\\/political\\\/#breadcrumb\"},\"inLanguage\":\"en-US\",\"potentialAction\":[{\"@type\":\"ReadAction\",\"target\":[\"https:\\\/\\\/neos-music.com\\\/product\\\/political\\\/\"]}]},{\"@type\":\"ImageObject\",\"inLanguage\":\"en-US\",\"@id\":\"https:\\\/\\\/neos-music.com\\\/product\\\/political\\\/#primaryimage\",\"url\":\"https:\\\/\\\/i0.wp.com\\\/neos-music.com\\\/wp-content\\\/uploads\\\/2025\\\/05\\\/NEOS-12502-03-Political-Cover.jpg?fit=1648%2C1483&ssl=1\",\"contentUrl\":\"https:\\\/\\\/i0.wp.com\\\/neos-music.com\\\/wp-content\\\/uploads\\\/2025\\\/05\\\/NEOS-12502-03-Political-Cover.jpg?fit=1648%2C1483&ssl=1\",\"width\":1648,\"height\":1483},{\"@type\":\"BreadcrumbList\",\"@id\":\"https:\\\/\\\/neos-music.com\\\/product\\\/political\\\/#breadcrumb\",\"itemListElement\":[{\"@type\":\"ListItem\",\"position\":1,\"name\":\"Startseite\",\"item\":\"https:\\\/\\\/neos-music.com\\\/\"},{\"@type\":\"ListItem\",\"position\":2,\"name\":\"Produkte\",\"item\":\"https:\\\/\\\/neos-music.com\\\/shop__trashed\\\/\"},{\"@type\":\"ListItem\",\"position\":3,\"name\":\"Political\"}]},{\"@type\":\"WebSite\",\"@id\":\"https:\\\/\\\/neos-music.com\\\/#website\",\"url\":\"https:\\\/\\\/neos-music.com\\\/\",\"name\":\"NEOS Music\",\"description\":\"Dein Online Shop f\u00fcr zeitgen\u00f6ssische Musik, Jazz und Classics!\",\"publisher\":{\"@id\":\"https:\\\/\\\/neos-music.com\\\/#organization\"},\"potentialAction\":[{\"@type\":\"SearchAction\",\"target\":{\"@type\":\"EntryPoint\",\"urlTemplate\":\"https:\\\/\\\/neos-music.com\\\/?s={search_term_string}\"},\"query-input\":{\"@type\":\"PropertyValueSpecification\",\"valueRequired\":true,\"valueName\":\"search_term_string\"}}],\"inLanguage\":\"en-US\"},{\"@type\":\"Organization\",\"@id\":\"https:\\\/\\\/neos-music.com\\\/#organization\",\"name\":\"NEOS Music\",\"url\":\"https:\\\/\\\/neos-music.com\\\/\",\"logo\":{\"@type\":\"ImageObject\",\"inLanguage\":\"en-US\",\"@id\":\"https:\\\/\\\/neos-music.com\\\/#\\\/schema\\\/logo\\\/image\\\/\",\"url\":\"https:\\\/\\\/i0.wp.com\\\/neos-music.com\\\/wp-content\\\/uploads\\\/2025\\\/08\\\/NEOS-Logo-weiss.png?fit=800%2C203&ssl=1\",\"contentUrl\":\"https:\\\/\\\/i0.wp.com\\\/neos-music.com\\\/wp-content\\\/uploads\\\/2025\\\/08\\\/NEOS-Logo-weiss.png?fit=800%2C203&ssl=1\",\"width\":800,\"height\":203,\"caption\":\"NEOS Music\"},\"image\":{\"@id\":\"https:\\\/\\\/neos-music.com\\\/#\\\/schema\\\/logo\\\/image\\\/\"}}]}<\/script>\n<!-- \/ Yoast SEO plugin. -->","yoast_head_json":{"title":"Political - NEOS Music","description":"Die Kl\u00e4nge in diesen f\u00fcnf H\u00f6rLandschaften sind weit davon entfernt, Wirklichkeiten naturalistisch nachzubilden. Sie verwandeln Landschaftserfahrungen in Musik, die sich \u2013 und das ist besonders \u2013 wie eine Landschaft erfahren l\u00e4sst.","robots":{"index":"index","follow":"follow","max-snippet":"max-snippet:-1","max-image-preview":"max-image-preview:large","max-video-preview":"max-video-preview:-1"},"canonical":"https:\/\/neos-music.com\/en_us\/product\/political\/","og_locale":"en_US","og_type":"article","og_title":"Political - NEOS Music","og_description":"Die Kl\u00e4nge in diesen f\u00fcnf H\u00f6rLandschaften sind weit davon entfernt, Wirklichkeiten naturalistisch nachzubilden. Sie verwandeln Landschaftserfahrungen in Musik, die sich \u2013 und das ist besonders \u2013 wie eine Landschaft erfahren l\u00e4sst.","og_url":"https:\/\/neos-music.com\/en_us\/product\/political\/","og_site_name":"NEOS Music","article_modified_time":"2026-01-19T16:08:14+00:00","og_image":[{"width":1648,"height":1483,"url":"https:\/\/neos-music.com\/wp-content\/uploads\/2025\/05\/NEOS-12502-03-Political-Cover.jpg","type":"image\/jpeg"}],"twitter_card":"summary_large_image","twitter_misc":{"Est. reading time":"3 minutes"},"schema":{"@context":"https:\/\/schema.org","@graph":[{"@type":"WebPage","@id":"https:\/\/neos-music.com\/product\/political\/","url":"https:\/\/neos-music.com\/product\/political\/","name":"Political - NEOS Music","isPartOf":{"@id":"https:\/\/neos-music.com\/#website"},"primaryImageOfPage":{"@id":"https:\/\/neos-music.com\/product\/political\/#primaryimage"},"image":{"@id":"https:\/\/neos-music.com\/product\/political\/#primaryimage"},"thumbnailUrl":"https:\/\/i0.wp.com\/neos-music.com\/wp-content\/uploads\/2025\/05\/NEOS-12502-03-Political-Cover.jpg?fit=1648%2C1483&ssl=1","datePublished":"2025-05-29T22:40:04+00:00","dateModified":"2026-01-19T16:08:14+00:00","description":"Die Kl\u00e4nge in diesen f\u00fcnf H\u00f6rLandschaften sind weit davon entfernt, Wirklichkeiten naturalistisch nachzubilden. Sie verwandeln Landschaftserfahrungen in Musik, die sich \u2013 und das ist besonders \u2013 wie eine Landschaft erfahren l\u00e4sst.","breadcrumb":{"@id":"https:\/\/neos-music.com\/product\/political\/#breadcrumb"},"inLanguage":"en-US","potentialAction":[{"@type":"ReadAction","target":["https:\/\/neos-music.com\/product\/political\/"]}]},{"@type":"ImageObject","inLanguage":"en-US","@id":"https:\/\/neos-music.com\/product\/political\/#primaryimage","url":"https:\/\/i0.wp.com\/neos-music.com\/wp-content\/uploads\/2025\/05\/NEOS-12502-03-Political-Cover.jpg?fit=1648%2C1483&ssl=1","contentUrl":"https:\/\/i0.wp.com\/neos-music.com\/wp-content\/uploads\/2025\/05\/NEOS-12502-03-Political-Cover.jpg?fit=1648%2C1483&ssl=1","width":1648,"height":1483},{"@type":"BreadcrumbList","@id":"https:\/\/neos-music.com\/product\/political\/#breadcrumb","itemListElement":[{"@type":"ListItem","position":1,"name":"Startseite","item":"https:\/\/neos-music.com\/"},{"@type":"ListItem","position":2,"name":"Produkte","item":"https:\/\/neos-music.com\/shop__trashed\/"},{"@type":"ListItem","position":3,"name":"Political"}]},{"@type":"WebSite","@id":"https:\/\/neos-music.com\/#website","url":"https:\/\/neos-music.com\/","name":"NEOS Music","description":"Dein Online Shop f\u00fcr zeitgen\u00f6ssische Musik, Jazz und Classics!","publisher":{"@id":"https:\/\/neos-music.com\/#organization"},"potentialAction":[{"@type":"SearchAction","target":{"@type":"EntryPoint","urlTemplate":"https:\/\/neos-music.com\/?s={search_term_string}"},"query-input":{"@type":"PropertyValueSpecification","valueRequired":true,"valueName":"search_term_string"}}],"inLanguage":"en-US"},{"@type":"Organization","@id":"https:\/\/neos-music.com\/#organization","name":"NEOS Music","url":"https:\/\/neos-music.com\/","logo":{"@type":"ImageObject","inLanguage":"en-US","@id":"https:\/\/neos-music.com\/#\/schema\/logo\/image\/","url":"https:\/\/i0.wp.com\/neos-music.com\/wp-content\/uploads\/2025\/08\/NEOS-Logo-weiss.png?fit=800%2C203&ssl=1","contentUrl":"https:\/\/i0.wp.com\/neos-music.com\/wp-content\/uploads\/2025\/08\/NEOS-Logo-weiss.png?fit=800%2C203&ssl=1","width":800,"height":203,"caption":"NEOS Music"},"image":{"@id":"https:\/\/neos-music.com\/#\/schema\/logo\/image\/"}}]}},"jetpack_sharing_enabled":true,"_links":{"self":[{"href":"https:\/\/neos-music.com\/en_us\/wp-json\/wp\/v2\/product\/9236","targetHints":{"allow":["GET"]}}],"collection":[{"href":"https:\/\/neos-music.com\/en_us\/wp-json\/wp\/v2\/product"}],"about":[{"href":"https:\/\/neos-music.com\/en_us\/wp-json\/wp\/v2\/types\/product"}],"version-history":[{"count":12,"href":"https:\/\/neos-music.com\/en_us\/wp-json\/wp\/v2\/product\/9236\/revisions"}],"predecessor-version":[{"id":10258,"href":"https:\/\/neos-music.com\/en_us\/wp-json\/wp\/v2\/product\/9236\/revisions\/10258"}],"wp:featuredmedia":[{"embeddable":true,"href":"https:\/\/neos-music.com\/en_us\/wp-json\/wp\/v2\/media\/9245"}],"wp:attachment":[{"href":"https:\/\/neos-music.com\/en_us\/wp-json\/wp\/v2\/media?parent=9236"}],"wp:term":[{"taxonomy":"product_brand","embeddable":true,"href":"https:\/\/neos-music.com\/en_us\/wp-json\/wp\/v2\/product_brand?post=9236"},{"taxonomy":"product_cat","embeddable":true,"href":"https:\/\/neos-music.com\/en_us\/wp-json\/wp\/v2\/product_cat?post=9236"},{"taxonomy":"product_tag","embeddable":true,"href":"https:\/\/neos-music.com\/en_us\/wp-json\/wp\/v2\/product_tag?post=9236"}],"curies":[{"name":"wp","href":"https:\/\/api.w.org\/{rel}","templated":true}]}}