{"id":9258,"date":"2025-06-27T02:00:25","date_gmt":"2025-06-27T00:00:25","guid":{"rendered":"https:\/\/neos-music.com\/?post_type=product&#038;p=9258"},"modified":"2026-01-15T20:41:20","modified_gmt":"2026-01-15T19:41:20","slug":"minas-borboudakis-light-and-ashes","status":"publish","type":"product","link":"https:\/\/neos-music.com\/en_us\/product\/minas-borboudakis-light-and-ashes\/","title":{"rendered":"Minas Borboudakis: light &#038; ashes"},"content":{"rendered":"<p><iframe style=\"border-radius: 12px;\" src=\"https:\/\/open.spotify.com\/embed\/album\/5X4726WK7S1QxJqTaQclSG?utm_source=generator&amp;theme=0\" width=\"100%\" height=\"352\" frameborder=\"0\" allowfullscreen=\"allowfullscreen\"><\/iframe><\/p>\n<p class=\"translation-block\">Shimmering heat, a gentle breeze. A car drives along a highway and disappears on the horizon. The beginning of the solo double bass piece <em>things happening<\/em> refers to the impression of a film scene by David Lynch in the Mexican desert. Borboudakis constructs spaces. Sound spaces, spaces for association. Situations and relationships, moods and images, texts, words, and myths inspire the composer. This creation of sounds is closely linked to various processes of transformation, especially electronic processes. This can be understood by looking at the five solo works presented here. Noises, tones, phrases, motifs, chords, and gestures become sound aggregates. These move from one state to the next, clash with each other, and can be precisely localized.<\/p>\n<p>Long-standing friendships with individual musicians from the ensemble der\/gelbe\/klang, intensive collaboration, and experimentation with the possibilities of each instrument allowed Borboudakis to write the pieces specifically for them. Thus, each piece tells its own story. They are mood pictures that confront the performers with their own limits\u2014physically and mentally\u2014and take the listeners on a journey. Synthetic alienation processes deprive the sound of its physicality, splitting it. This important stylistic device creates intensity and inner tension.<\/p>\n<p>&nbsp;<\/p>\n<p><iframe title=\"Minas Borboudakis: light &amp; ashes\" width=\"500\" height=\"281\" src=\"https:\/\/www.youtube.com\/embed\/Sn-y0AXuQII?feature=oembed\" frameborder=\"0\" allow=\"accelerometer; autoplay; clipboard-write; encrypted-media; gyroscope; picture-in-picture; web-share\" referrerpolicy=\"strict-origin-when-cross-origin\" allowfullscreen><\/iframe><\/p>\n<p>&nbsp;<\/p>","protected":false},"excerpt":{"rendered":"<p>1 CD<\/p>","protected":false},"featured_media":9262,"template":"","meta":{"site-sidebar-layout":"default","site-content-layout":"default","ast-site-content-layout":"default","site-content-style":"default","site-sidebar-style":"default","ast-global-header-display":"","ast-banner-title-visibility":"","ast-main-header-display":"","ast-hfb-above-header-display":"","ast-hfb-below-header-display":"","ast-hfb-mobile-header-display":"","site-post-title":"","ast-breadcrumbs-content":"","ast-featured-img":"","footer-sml-layout":"","theme-transparent-header-meta":"default","adv-header-id-meta":"","stick-header-meta":"","header-above-stick-meta":"","header-main-stick-meta":"","header-below-stick-meta":"","astra-migrate-meta-layouts":"set","ast-page-background-enabled":"default","ast-page-background-meta":{"desktop":{"background-color":"","background-image":"","background-repeat":"repeat","background-position":"center center","background-size":"auto","background-attachment":"scroll","background-type":"","background-media":"","overlay-type":"","overlay-color":"","overlay-opacity":"","overlay-gradient":""},"tablet":{"background-color":"","background-image":"","background-repeat":"repeat","background-position":"center center","background-size":"auto","background-attachment":"scroll","background-type":"","background-media":"","overlay-type":"","overlay-color":"","overlay-opacity":"","overlay-gradient":""},"mobile":{"background-color":"","background-image":"","background-repeat":"repeat","background-position":"center center","background-size":"auto","background-attachment":"scroll","background-type":"","background-media":"","overlay-type":"","overlay-color":"","overlay-opacity":"","overlay-gradient":""}},"ast-content-background-meta":{"desktop":{"background-color":"var(--ast-global-color-5)","background-image":"","background-repeat":"repeat","background-position":"center center","background-size":"auto","background-attachment":"scroll","background-type":"","background-media":"","overlay-type":"","overlay-color":"","overlay-opacity":"","overlay-gradient":""},"tablet":{"background-color":"var(--ast-global-color-5)","background-image":"","background-repeat":"repeat","background-position":"center center","background-size":"auto","background-attachment":"scroll","background-type":"","background-media":"","overlay-type":"","overlay-color":"","overlay-opacity":"","overlay-gradient":""},"mobile":{"background-color":"var(--ast-global-color-5)","background-image":"","background-repeat":"repeat","background-position":"center center","background-size":"auto","background-attachment":"scroll","background-type":"","background-media":"","overlay-type":"","overlay-color":"","overlay-opacity":"","overlay-gradient":""}}},"product_brand":[],"product_cat":[26],"product_tag":[876],"class_list":{"0":"post-9258","1":"product","2":"type-product","3":"status-publish","4":"has-post-thumbnail","6":"product_cat-zeitgenossische-musik","7":"product_tag-neuveroeffentlichungen","8":"desktop-align-left","9":"tablet-align-left","10":"mobile-align-left","12":"first","13":"instock","14":"taxable","15":"shipping-taxable","16":"purchasable","17":"product-type-simple"},"yoast_head":"<!-- This site is optimized with the Yoast SEO plugin v27.4 - https:\/\/yoast.com\/product\/yoast-seo-wordpress\/ -->\n<title>Minas Borboudakis: light &amp; ashes - NEOS Music<\/title>\n<meta name=\"description\" content=\"Borboudakis konstruiert R\u00e4ume. Klangr\u00e4ume, Assoziationsr\u00e4ume. Situationen und Beziehungen, Stimmungen und Bilder, Texte, W\u00f6rter und Mythen inspirieren den Komponisten.\" \/>\n<meta name=\"robots\" content=\"index, follow, max-snippet:-1, max-image-preview:large, max-video-preview:-1\" \/>\n<link rel=\"canonical\" href=\"https:\/\/neos-music.com\/en_us\/product\/minas-borboudakis-light-and-ashes\/\" \/>\n<meta property=\"og:locale\" content=\"en_US\" \/>\n<meta property=\"og:type\" content=\"article\" \/>\n<meta property=\"og:title\" content=\"Minas Borboudakis: light &amp; ashes - NEOS Music\" \/>\n<meta property=\"og:description\" content=\"Borboudakis konstruiert R\u00e4ume. Klangr\u00e4ume, Assoziationsr\u00e4ume. Situationen und Beziehungen, Stimmungen und Bilder, Texte, W\u00f6rter und Mythen inspirieren den Komponisten.\" \/>\n<meta property=\"og:url\" content=\"https:\/\/neos-music.com\/en_us\/product\/minas-borboudakis-light-and-ashes\/\" \/>\n<meta property=\"og:site_name\" content=\"NEOS Music\" \/>\n<meta property=\"article:modified_time\" content=\"2026-01-15T19:41:20+00:00\" \/>\n<meta property=\"og:image\" content=\"https:\/\/neos-music.com\/wp-content\/uploads\/2025\/05\/NEOS-12514-Borboudakis-Cover.jpg\" \/>\n\t<meta property=\"og:image:width\" content=\"1646\" \/>\n\t<meta property=\"og:image:height\" content=\"1482\" \/>\n\t<meta property=\"og:image:type\" content=\"image\/jpeg\" \/>\n<meta name=\"twitter:card\" content=\"summary_large_image\" \/>\n<meta name=\"twitter:label1\" content=\"Est. reading time\" \/>\n\t<meta name=\"twitter:data1\" content=\"2 minutes\" \/>\n<script type=\"application\/ld+json\" class=\"yoast-schema-graph\">{\"@context\":\"https:\\\/\\\/schema.org\",\"@graph\":[{\"@type\":\"WebPage\",\"@id\":\"https:\\\/\\\/neos-music.com\\\/product\\\/minas-borboudakis-light-and-ashes\\\/\",\"url\":\"https:\\\/\\\/neos-music.com\\\/product\\\/minas-borboudakis-light-and-ashes\\\/\",\"name\":\"Minas Borboudakis: light & ashes - NEOS Music\",\"isPartOf\":{\"@id\":\"https:\\\/\\\/neos-music.com\\\/#website\"},\"primaryImageOfPage\":{\"@id\":\"https:\\\/\\\/neos-music.com\\\/product\\\/minas-borboudakis-light-and-ashes\\\/#primaryimage\"},\"image\":{\"@id\":\"https:\\\/\\\/neos-music.com\\\/product\\\/minas-borboudakis-light-and-ashes\\\/#primaryimage\"},\"thumbnailUrl\":\"https:\\\/\\\/i0.wp.com\\\/neos-music.com\\\/wp-content\\\/uploads\\\/2025\\\/05\\\/NEOS-12514-Borboudakis-Cover.jpg?fit=1646%2C1482&ssl=1\",\"datePublished\":\"2025-06-27T00:00:25+00:00\",\"dateModified\":\"2026-01-15T19:41:20+00:00\",\"description\":\"Borboudakis konstruiert R\u00e4ume. Klangr\u00e4ume, Assoziationsr\u00e4ume. Situationen und Beziehungen, Stimmungen und Bilder, Texte, W\u00f6rter und Mythen inspirieren den Komponisten.\",\"breadcrumb\":{\"@id\":\"https:\\\/\\\/neos-music.com\\\/product\\\/minas-borboudakis-light-and-ashes\\\/#breadcrumb\"},\"inLanguage\":\"en-US\",\"potentialAction\":[{\"@type\":\"ReadAction\",\"target\":[\"https:\\\/\\\/neos-music.com\\\/product\\\/minas-borboudakis-light-and-ashes\\\/\"]}]},{\"@type\":\"ImageObject\",\"inLanguage\":\"en-US\",\"@id\":\"https:\\\/\\\/neos-music.com\\\/product\\\/minas-borboudakis-light-and-ashes\\\/#primaryimage\",\"url\":\"https:\\\/\\\/i0.wp.com\\\/neos-music.com\\\/wp-content\\\/uploads\\\/2025\\\/05\\\/NEOS-12514-Borboudakis-Cover.jpg?fit=1646%2C1482&ssl=1\",\"contentUrl\":\"https:\\\/\\\/i0.wp.com\\\/neos-music.com\\\/wp-content\\\/uploads\\\/2025\\\/05\\\/NEOS-12514-Borboudakis-Cover.jpg?fit=1646%2C1482&ssl=1\",\"width\":1646,\"height\":1482},{\"@type\":\"BreadcrumbList\",\"@id\":\"https:\\\/\\\/neos-music.com\\\/product\\\/minas-borboudakis-light-and-ashes\\\/#breadcrumb\",\"itemListElement\":[{\"@type\":\"ListItem\",\"position\":1,\"name\":\"Startseite\",\"item\":\"https:\\\/\\\/neos-music.com\\\/\"},{\"@type\":\"ListItem\",\"position\":2,\"name\":\"Produkte\",\"item\":\"https:\\\/\\\/neos-music.com\\\/shop__trashed\\\/\"},{\"@type\":\"ListItem\",\"position\":3,\"name\":\"Minas Borboudakis: light &#038; ashes\"}]},{\"@type\":\"WebSite\",\"@id\":\"https:\\\/\\\/neos-music.com\\\/#website\",\"url\":\"https:\\\/\\\/neos-music.com\\\/\",\"name\":\"NEOS Music\",\"description\":\"Dein Online Shop f\u00fcr zeitgen\u00f6ssische Musik, Jazz und Classics!\",\"publisher\":{\"@id\":\"https:\\\/\\\/neos-music.com\\\/#organization\"},\"potentialAction\":[{\"@type\":\"SearchAction\",\"target\":{\"@type\":\"EntryPoint\",\"urlTemplate\":\"https:\\\/\\\/neos-music.com\\\/?s={search_term_string}\"},\"query-input\":{\"@type\":\"PropertyValueSpecification\",\"valueRequired\":true,\"valueName\":\"search_term_string\"}}],\"inLanguage\":\"en-US\"},{\"@type\":\"Organization\",\"@id\":\"https:\\\/\\\/neos-music.com\\\/#organization\",\"name\":\"NEOS Music\",\"url\":\"https:\\\/\\\/neos-music.com\\\/\",\"logo\":{\"@type\":\"ImageObject\",\"inLanguage\":\"en-US\",\"@id\":\"https:\\\/\\\/neos-music.com\\\/#\\\/schema\\\/logo\\\/image\\\/\",\"url\":\"https:\\\/\\\/i0.wp.com\\\/neos-music.com\\\/wp-content\\\/uploads\\\/2025\\\/08\\\/NEOS-Logo-weiss.png?fit=800%2C203&ssl=1\",\"contentUrl\":\"https:\\\/\\\/i0.wp.com\\\/neos-music.com\\\/wp-content\\\/uploads\\\/2025\\\/08\\\/NEOS-Logo-weiss.png?fit=800%2C203&ssl=1\",\"width\":800,\"height\":203,\"caption\":\"NEOS Music\"},\"image\":{\"@id\":\"https:\\\/\\\/neos-music.com\\\/#\\\/schema\\\/logo\\\/image\\\/\"}}]}<\/script>\n<!-- \/ Yoast SEO plugin. -->","yoast_head_json":{"title":"Minas Borboudakis: light & ashes - NEOS Music","description":"Borboudakis konstruiert R\u00e4ume. Klangr\u00e4ume, Assoziationsr\u00e4ume. Situationen und Beziehungen, Stimmungen und Bilder, Texte, W\u00f6rter und Mythen inspirieren den Komponisten.","robots":{"index":"index","follow":"follow","max-snippet":"max-snippet:-1","max-image-preview":"max-image-preview:large","max-video-preview":"max-video-preview:-1"},"canonical":"https:\/\/neos-music.com\/en_us\/product\/minas-borboudakis-light-and-ashes\/","og_locale":"en_US","og_type":"article","og_title":"Minas Borboudakis: light & ashes - NEOS Music","og_description":"Borboudakis konstruiert R\u00e4ume. Klangr\u00e4ume, Assoziationsr\u00e4ume. Situationen und Beziehungen, Stimmungen und Bilder, Texte, W\u00f6rter und Mythen inspirieren den Komponisten.","og_url":"https:\/\/neos-music.com\/en_us\/product\/minas-borboudakis-light-and-ashes\/","og_site_name":"NEOS Music","article_modified_time":"2026-01-15T19:41:20+00:00","og_image":[{"width":1646,"height":1482,"url":"https:\/\/neos-music.com\/wp-content\/uploads\/2025\/05\/NEOS-12514-Borboudakis-Cover.jpg","type":"image\/jpeg"}],"twitter_card":"summary_large_image","twitter_misc":{"Est. reading time":"2 minutes"},"schema":{"@context":"https:\/\/schema.org","@graph":[{"@type":"WebPage","@id":"https:\/\/neos-music.com\/product\/minas-borboudakis-light-and-ashes\/","url":"https:\/\/neos-music.com\/product\/minas-borboudakis-light-and-ashes\/","name":"Minas Borboudakis: light & ashes - NEOS Music","isPartOf":{"@id":"https:\/\/neos-music.com\/#website"},"primaryImageOfPage":{"@id":"https:\/\/neos-music.com\/product\/minas-borboudakis-light-and-ashes\/#primaryimage"},"image":{"@id":"https:\/\/neos-music.com\/product\/minas-borboudakis-light-and-ashes\/#primaryimage"},"thumbnailUrl":"https:\/\/i0.wp.com\/neos-music.com\/wp-content\/uploads\/2025\/05\/NEOS-12514-Borboudakis-Cover.jpg?fit=1646%2C1482&ssl=1","datePublished":"2025-06-27T00:00:25+00:00","dateModified":"2026-01-15T19:41:20+00:00","description":"Borboudakis konstruiert R\u00e4ume. Klangr\u00e4ume, Assoziationsr\u00e4ume. Situationen und Beziehungen, Stimmungen und Bilder, Texte, W\u00f6rter und Mythen inspirieren den Komponisten.","breadcrumb":{"@id":"https:\/\/neos-music.com\/product\/minas-borboudakis-light-and-ashes\/#breadcrumb"},"inLanguage":"en-US","potentialAction":[{"@type":"ReadAction","target":["https:\/\/neos-music.com\/product\/minas-borboudakis-light-and-ashes\/"]}]},{"@type":"ImageObject","inLanguage":"en-US","@id":"https:\/\/neos-music.com\/product\/minas-borboudakis-light-and-ashes\/#primaryimage","url":"https:\/\/i0.wp.com\/neos-music.com\/wp-content\/uploads\/2025\/05\/NEOS-12514-Borboudakis-Cover.jpg?fit=1646%2C1482&ssl=1","contentUrl":"https:\/\/i0.wp.com\/neos-music.com\/wp-content\/uploads\/2025\/05\/NEOS-12514-Borboudakis-Cover.jpg?fit=1646%2C1482&ssl=1","width":1646,"height":1482},{"@type":"BreadcrumbList","@id":"https:\/\/neos-music.com\/product\/minas-borboudakis-light-and-ashes\/#breadcrumb","itemListElement":[{"@type":"ListItem","position":1,"name":"Startseite","item":"https:\/\/neos-music.com\/"},{"@type":"ListItem","position":2,"name":"Produkte","item":"https:\/\/neos-music.com\/shop__trashed\/"},{"@type":"ListItem","position":3,"name":"Minas Borboudakis: light &#038; ashes"}]},{"@type":"WebSite","@id":"https:\/\/neos-music.com\/#website","url":"https:\/\/neos-music.com\/","name":"NEOS Music","description":"Dein Online Shop f\u00fcr zeitgen\u00f6ssische Musik, Jazz und Classics!","publisher":{"@id":"https:\/\/neos-music.com\/#organization"},"potentialAction":[{"@type":"SearchAction","target":{"@type":"EntryPoint","urlTemplate":"https:\/\/neos-music.com\/?s={search_term_string}"},"query-input":{"@type":"PropertyValueSpecification","valueRequired":true,"valueName":"search_term_string"}}],"inLanguage":"en-US"},{"@type":"Organization","@id":"https:\/\/neos-music.com\/#organization","name":"NEOS Music","url":"https:\/\/neos-music.com\/","logo":{"@type":"ImageObject","inLanguage":"en-US","@id":"https:\/\/neos-music.com\/#\/schema\/logo\/image\/","url":"https:\/\/i0.wp.com\/neos-music.com\/wp-content\/uploads\/2025\/08\/NEOS-Logo-weiss.png?fit=800%2C203&ssl=1","contentUrl":"https:\/\/i0.wp.com\/neos-music.com\/wp-content\/uploads\/2025\/08\/NEOS-Logo-weiss.png?fit=800%2C203&ssl=1","width":800,"height":203,"caption":"NEOS Music"},"image":{"@id":"https:\/\/neos-music.com\/#\/schema\/logo\/image\/"}}]}},"jetpack_sharing_enabled":true,"_links":{"self":[{"href":"https:\/\/neos-music.com\/en_us\/wp-json\/wp\/v2\/product\/9258","targetHints":{"allow":["GET"]}}],"collection":[{"href":"https:\/\/neos-music.com\/en_us\/wp-json\/wp\/v2\/product"}],"about":[{"href":"https:\/\/neos-music.com\/en_us\/wp-json\/wp\/v2\/types\/product"}],"version-history":[{"count":12,"href":"https:\/\/neos-music.com\/en_us\/wp-json\/wp\/v2\/product\/9258\/revisions"}],"predecessor-version":[{"id":9278,"href":"https:\/\/neos-music.com\/en_us\/wp-json\/wp\/v2\/product\/9258\/revisions\/9278"}],"wp:featuredmedia":[{"embeddable":true,"href":"https:\/\/neos-music.com\/en_us\/wp-json\/wp\/v2\/media\/9262"}],"wp:attachment":[{"href":"https:\/\/neos-music.com\/en_us\/wp-json\/wp\/v2\/media?parent=9258"}],"wp:term":[{"taxonomy":"product_brand","embeddable":true,"href":"https:\/\/neos-music.com\/en_us\/wp-json\/wp\/v2\/product_brand?post=9258"},{"taxonomy":"product_cat","embeddable":true,"href":"https:\/\/neos-music.com\/en_us\/wp-json\/wp\/v2\/product_cat?post=9258"},{"taxonomy":"product_tag","embeddable":true,"href":"https:\/\/neos-music.com\/en_us\/wp-json\/wp\/v2\/product_tag?post=9258"}],"curies":[{"name":"wp","href":"https:\/\/api.w.org\/{rel}","templated":true}]}}