{"id":9377,"date":"2025-09-26T08:00:08","date_gmt":"2025-09-26T06:00:08","guid":{"rendered":"https:\/\/neos-music.com\/?post_type=product&#038;p=9377"},"modified":"2025-09-26T11:38:49","modified_gmt":"2025-09-26T09:38:49","slug":"karel-reiner-complete-works-for-solo-piano","status":"publish","type":"product","link":"https:\/\/neos-music.com\/en_us\/product\/karel-reiner-complete-works-for-solo-piano\/","title":{"rendered":"<span class=\"notranslate\">Karel Reiner: Complete Works for Solo Piano<\/span>"},"content":{"rendered":"<p><iframe style=\"border-radius: 12px;\" src=\"https:\/\/open.spotify.com\/embed\/album\/0UVhM9i2kY7Ejyt6GC78nC?utm_source=generator\" width=\"100%\" height=\"352\" frameborder=\"0\" allowfullscreen=\"allowfullscreen\" data-testid=\"embed-iframe\"><\/iframe><\/p>\n<p>&nbsp;<\/p>\n<p class=\"translation-block\">Reiner's music exudes a joy of experimentation, virtuosity, and expressiveness. Even as a young man, he combined dance rhythms, jazzy echoes, and modal musical language with avant-garde ideas, influenced by his teachers Alois H\u00e1ba and Josef Suk. His three piano sonatas, from the athematic-atonal No. 1 (1931) to the expressive \u201cVictory Sonata\u201d No. 2 (1940) to the politically engaged No. 3 (1961), are milestones of Czech modernism. In between, he composed humorous miniatures such as <em>Minda-Minda<\/em>, demanding cycles such as the <em>Three Compositions<\/em> (1965), and late pieces such as the radically modern Keime (1974).<\/p>\n<div>\n<p><span style=\"font-size: 16px;\">Reiner's biography is inextricably linked to the history of the 20th century: as a Jew banned from performing in the \u201cProtectorate of Bohemia and Moravia,\u201d he survived deportation, Auschwitz, and the death march. After 1945, he shaped the musical life of Czechoslovakia, but after the \u201cPrague Spring\u201d he came under the scrutiny of censorship. Despite performance bans, he remained artistically unbroken until the end.<\/span><\/p>\n<\/div>\n<div>\n<p><span style=\"font-size: 16px;\">This complete recording is not only a rediscovery, but also a tribute to an exceptional musician who always demanded everything from his instrument \u2013 technically, tonally, emotionally. The spectrum ranges from sharp-edged avant-garde to subtle sound painting, from playful wit to deep seriousness. Those who immerse themselves in Reiner's sound worlds will discover a composer who was often ahead of his time \u2013 and whose music sounds more relevant today than ever before.<\/span><\/p>\n<\/div>","protected":false},"excerpt":{"rendered":"<p>2 CD<\/p>","protected":false},"featured_media":9379,"template":"","meta":{"site-sidebar-layout":"default","site-content-layout":"default","ast-site-content-layout":"default","site-content-style":"default","site-sidebar-style":"default","ast-global-header-display":"","ast-banner-title-visibility":"","ast-main-header-display":"","ast-hfb-above-header-display":"","ast-hfb-below-header-display":"","ast-hfb-mobile-header-display":"","site-post-title":"","ast-breadcrumbs-content":"","ast-featured-img":"","footer-sml-layout":"","theme-transparent-header-meta":"default","adv-header-id-meta":"","stick-header-meta":"","header-above-stick-meta":"","header-main-stick-meta":"","header-below-stick-meta":"","astra-migrate-meta-layouts":"set","ast-page-background-enabled":"default","ast-page-background-meta":{"desktop":{"background-color":"","background-image":"","background-repeat":"repeat","background-position":"center center","background-size":"auto","background-attachment":"scroll","background-type":"","background-media":"","overlay-type":"","overlay-color":"","overlay-opacity":"","overlay-gradient":""},"tablet":{"background-color":"","background-image":"","background-repeat":"repeat","background-position":"center center","background-size":"auto","background-attachment":"scroll","background-type":"","background-media":"","overlay-type":"","overlay-color":"","overlay-opacity":"","overlay-gradient":""},"mobile":{"background-color":"","background-image":"","background-repeat":"repeat","background-position":"center center","background-size":"auto","background-attachment":"scroll","background-type":"","background-media":"","overlay-type":"","overlay-color":"","overlay-opacity":"","overlay-gradient":""}},"ast-content-background-meta":{"desktop":{"background-color":"var(--ast-global-color-5)","background-image":"","background-repeat":"repeat","background-position":"center center","background-size":"auto","background-attachment":"scroll","background-type":"","background-media":"","overlay-type":"","overlay-color":"","overlay-opacity":"","overlay-gradient":""},"tablet":{"background-color":"var(--ast-global-color-5)","background-image":"","background-repeat":"repeat","background-position":"center center","background-size":"auto","background-attachment":"scroll","background-type":"","background-media":"","overlay-type":"","overlay-color":"","overlay-opacity":"","overlay-gradient":""},"mobile":{"background-color":"var(--ast-global-color-5)","background-image":"","background-repeat":"repeat","background-position":"center center","background-size":"auto","background-attachment":"scroll","background-type":"","background-media":"","overlay-type":"","overlay-color":"","overlay-opacity":"","overlay-gradient":""}}},"product_brand":[],"product_cat":[26],"product_tag":[876],"class_list":{"0":"post-9377","1":"product","2":"type-product","3":"status-publish","4":"has-post-thumbnail","6":"product_cat-zeitgenossische-musik","7":"product_tag-neuveroeffentlichungen","8":"desktop-align-left","9":"tablet-align-left","10":"mobile-align-left","12":"first","13":"instock","14":"taxable","15":"shipping-taxable","16":"purchasable","17":"product-type-simple"},"yoast_head":"<!-- This site is optimized with the Yoast SEO plugin v27.4 - https:\/\/yoast.com\/product\/yoast-seo-wordpress\/ -->\n<title>Karel Reiner: Complete Works for Solo Piano - NEOS Music<\/title>\n<meta name=\"description\" content=\"Der tschechische Komponist Karel Reiner (1910\u20131979) hinterlie\u00df ein vielseitiges \u0152uvre. Die Soloklavierwerke liegen nun erstmals vollst\u00e4ndig auf 2 CDs vor, darunter zahlreiche Ersteinspielungen, meisterhaft interpretiert von Moritz Ernst.\" \/>\n<meta name=\"robots\" content=\"index, follow, max-snippet:-1, max-image-preview:large, max-video-preview:-1\" \/>\n<link rel=\"canonical\" href=\"https:\/\/neos-music.com\/en_us\/product\/karel-reiner-complete-works-for-solo-piano\/\" \/>\n<meta property=\"og:locale\" content=\"en_US\" \/>\n<meta property=\"og:type\" content=\"article\" \/>\n<meta property=\"og:title\" content=\"Karel Reiner: Complete Works for Solo Piano - NEOS Music\" \/>\n<meta property=\"og:description\" content=\"Der tschechische Komponist Karel Reiner (1910\u20131979) hinterlie\u00df ein vielseitiges \u0152uvre. Die Soloklavierwerke liegen nun erstmals vollst\u00e4ndig auf 2 CDs vor, darunter zahlreiche Ersteinspielungen, meisterhaft interpretiert von Moritz Ernst.\" \/>\n<meta property=\"og:url\" content=\"https:\/\/neos-music.com\/en_us\/product\/karel-reiner-complete-works-for-solo-piano\/\" \/>\n<meta property=\"og:site_name\" content=\"NEOS Music\" \/>\n<meta property=\"article:modified_time\" content=\"2025-09-26T09:38:49+00:00\" \/>\n<meta property=\"og:image\" content=\"https:\/\/neos-music.com\/wp-content\/uploads\/2025\/08\/NEOS-12523-24-Reiner-Cover.jpg\" \/>\n\t<meta property=\"og:image:width\" content=\"1652\" \/>\n\t<meta property=\"og:image:height\" content=\"1482\" \/>\n\t<meta property=\"og:image:type\" content=\"image\/jpeg\" \/>\n<meta name=\"twitter:card\" content=\"summary_large_image\" \/>\n<meta name=\"twitter:label1\" content=\"Est. reading time\" \/>\n\t<meta name=\"twitter:data1\" content=\"2 minutes\" \/>\n<script type=\"application\/ld+json\" class=\"yoast-schema-graph\">{\"@context\":\"https:\\\/\\\/schema.org\",\"@graph\":[{\"@type\":\"WebPage\",\"@id\":\"https:\\\/\\\/neos-music.com\\\/product\\\/karel-reiner-complete-works-for-solo-piano\\\/\",\"url\":\"https:\\\/\\\/neos-music.com\\\/product\\\/karel-reiner-complete-works-for-solo-piano\\\/\",\"name\":\"Karel Reiner: Complete Works for Solo Piano - NEOS Music\",\"isPartOf\":{\"@id\":\"https:\\\/\\\/neos-music.com\\\/#website\"},\"primaryImageOfPage\":{\"@id\":\"https:\\\/\\\/neos-music.com\\\/product\\\/karel-reiner-complete-works-for-solo-piano\\\/#primaryimage\"},\"image\":{\"@id\":\"https:\\\/\\\/neos-music.com\\\/product\\\/karel-reiner-complete-works-for-solo-piano\\\/#primaryimage\"},\"thumbnailUrl\":\"https:\\\/\\\/i0.wp.com\\\/neos-music.com\\\/wp-content\\\/uploads\\\/2025\\\/08\\\/NEOS-12523-24-Reiner-Cover.jpg?fit=1652%2C1482&ssl=1\",\"datePublished\":\"2025-09-26T06:00:08+00:00\",\"dateModified\":\"2025-09-26T09:38:49+00:00\",\"description\":\"Der tschechische Komponist Karel Reiner (1910\u20131979) hinterlie\u00df ein vielseitiges \u0152uvre. Die Soloklavierwerke liegen nun erstmals vollst\u00e4ndig auf 2 CDs vor, darunter zahlreiche Ersteinspielungen, meisterhaft interpretiert von Moritz Ernst.\",\"breadcrumb\":{\"@id\":\"https:\\\/\\\/neos-music.com\\\/product\\\/karel-reiner-complete-works-for-solo-piano\\\/#breadcrumb\"},\"inLanguage\":\"en-US\",\"potentialAction\":[{\"@type\":\"ReadAction\",\"target\":[\"https:\\\/\\\/neos-music.com\\\/product\\\/karel-reiner-complete-works-for-solo-piano\\\/\"]}]},{\"@type\":\"ImageObject\",\"inLanguage\":\"en-US\",\"@id\":\"https:\\\/\\\/neos-music.com\\\/product\\\/karel-reiner-complete-works-for-solo-piano\\\/#primaryimage\",\"url\":\"https:\\\/\\\/i0.wp.com\\\/neos-music.com\\\/wp-content\\\/uploads\\\/2025\\\/08\\\/NEOS-12523-24-Reiner-Cover.jpg?fit=1652%2C1482&ssl=1\",\"contentUrl\":\"https:\\\/\\\/i0.wp.com\\\/neos-music.com\\\/wp-content\\\/uploads\\\/2025\\\/08\\\/NEOS-12523-24-Reiner-Cover.jpg?fit=1652%2C1482&ssl=1\",\"width\":1652,\"height\":1482},{\"@type\":\"BreadcrumbList\",\"@id\":\"https:\\\/\\\/neos-music.com\\\/product\\\/karel-reiner-complete-works-for-solo-piano\\\/#breadcrumb\",\"itemListElement\":[{\"@type\":\"ListItem\",\"position\":1,\"name\":\"Startseite\",\"item\":\"https:\\\/\\\/neos-music.com\\\/\"},{\"@type\":\"ListItem\",\"position\":2,\"name\":\"Produkte\",\"item\":\"https:\\\/\\\/neos-music.com\\\/shop__trashed\\\/\"},{\"@type\":\"ListItem\",\"position\":3,\"name\":\"Karel Reiner: Complete Works for Solo Piano\"}]},{\"@type\":\"WebSite\",\"@id\":\"https:\\\/\\\/neos-music.com\\\/#website\",\"url\":\"https:\\\/\\\/neos-music.com\\\/\",\"name\":\"NEOS Music\",\"description\":\"Dein Online Shop f\u00fcr zeitgen\u00f6ssische Musik, Jazz und Classics!\",\"publisher\":{\"@id\":\"https:\\\/\\\/neos-music.com\\\/#organization\"},\"potentialAction\":[{\"@type\":\"SearchAction\",\"target\":{\"@type\":\"EntryPoint\",\"urlTemplate\":\"https:\\\/\\\/neos-music.com\\\/?s={search_term_string}\"},\"query-input\":{\"@type\":\"PropertyValueSpecification\",\"valueRequired\":true,\"valueName\":\"search_term_string\"}}],\"inLanguage\":\"en-US\"},{\"@type\":\"Organization\",\"@id\":\"https:\\\/\\\/neos-music.com\\\/#organization\",\"name\":\"NEOS Music\",\"url\":\"https:\\\/\\\/neos-music.com\\\/\",\"logo\":{\"@type\":\"ImageObject\",\"inLanguage\":\"en-US\",\"@id\":\"https:\\\/\\\/neos-music.com\\\/#\\\/schema\\\/logo\\\/image\\\/\",\"url\":\"https:\\\/\\\/i0.wp.com\\\/neos-music.com\\\/wp-content\\\/uploads\\\/2025\\\/08\\\/NEOS-Logo-weiss.png?fit=800%2C203&ssl=1\",\"contentUrl\":\"https:\\\/\\\/i0.wp.com\\\/neos-music.com\\\/wp-content\\\/uploads\\\/2025\\\/08\\\/NEOS-Logo-weiss.png?fit=800%2C203&ssl=1\",\"width\":800,\"height\":203,\"caption\":\"NEOS Music\"},\"image\":{\"@id\":\"https:\\\/\\\/neos-music.com\\\/#\\\/schema\\\/logo\\\/image\\\/\"}}]}<\/script>\n<!-- \/ Yoast SEO plugin. -->","yoast_head_json":{"title":"Karel Reiner: Complete Works for Solo Piano - NEOS Music","description":"Der tschechische Komponist Karel Reiner (1910\u20131979) hinterlie\u00df ein vielseitiges \u0152uvre. Die Soloklavierwerke liegen nun erstmals vollst\u00e4ndig auf 2 CDs vor, darunter zahlreiche Ersteinspielungen, meisterhaft interpretiert von Moritz Ernst.","robots":{"index":"index","follow":"follow","max-snippet":"max-snippet:-1","max-image-preview":"max-image-preview:large","max-video-preview":"max-video-preview:-1"},"canonical":"https:\/\/neos-music.com\/en_us\/product\/karel-reiner-complete-works-for-solo-piano\/","og_locale":"en_US","og_type":"article","og_title":"Karel Reiner: Complete Works for Solo Piano - NEOS Music","og_description":"Der tschechische Komponist Karel Reiner (1910\u20131979) hinterlie\u00df ein vielseitiges \u0152uvre. Die Soloklavierwerke liegen nun erstmals vollst\u00e4ndig auf 2 CDs vor, darunter zahlreiche Ersteinspielungen, meisterhaft interpretiert von Moritz Ernst.","og_url":"https:\/\/neos-music.com\/en_us\/product\/karel-reiner-complete-works-for-solo-piano\/","og_site_name":"NEOS Music","article_modified_time":"2025-09-26T09:38:49+00:00","og_image":[{"width":1652,"height":1482,"url":"https:\/\/neos-music.com\/wp-content\/uploads\/2025\/08\/NEOS-12523-24-Reiner-Cover.jpg","type":"image\/jpeg"}],"twitter_card":"summary_large_image","twitter_misc":{"Est. reading time":"2 minutes"},"schema":{"@context":"https:\/\/schema.org","@graph":[{"@type":"WebPage","@id":"https:\/\/neos-music.com\/product\/karel-reiner-complete-works-for-solo-piano\/","url":"https:\/\/neos-music.com\/product\/karel-reiner-complete-works-for-solo-piano\/","name":"Karel Reiner: Complete Works for Solo Piano - NEOS Music","isPartOf":{"@id":"https:\/\/neos-music.com\/#website"},"primaryImageOfPage":{"@id":"https:\/\/neos-music.com\/product\/karel-reiner-complete-works-for-solo-piano\/#primaryimage"},"image":{"@id":"https:\/\/neos-music.com\/product\/karel-reiner-complete-works-for-solo-piano\/#primaryimage"},"thumbnailUrl":"https:\/\/i0.wp.com\/neos-music.com\/wp-content\/uploads\/2025\/08\/NEOS-12523-24-Reiner-Cover.jpg?fit=1652%2C1482&ssl=1","datePublished":"2025-09-26T06:00:08+00:00","dateModified":"2025-09-26T09:38:49+00:00","description":"Der tschechische Komponist Karel Reiner (1910\u20131979) hinterlie\u00df ein vielseitiges \u0152uvre. Die Soloklavierwerke liegen nun erstmals vollst\u00e4ndig auf 2 CDs vor, darunter zahlreiche Ersteinspielungen, meisterhaft interpretiert von Moritz Ernst.","breadcrumb":{"@id":"https:\/\/neos-music.com\/product\/karel-reiner-complete-works-for-solo-piano\/#breadcrumb"},"inLanguage":"en-US","potentialAction":[{"@type":"ReadAction","target":["https:\/\/neos-music.com\/product\/karel-reiner-complete-works-for-solo-piano\/"]}]},{"@type":"ImageObject","inLanguage":"en-US","@id":"https:\/\/neos-music.com\/product\/karel-reiner-complete-works-for-solo-piano\/#primaryimage","url":"https:\/\/i0.wp.com\/neos-music.com\/wp-content\/uploads\/2025\/08\/NEOS-12523-24-Reiner-Cover.jpg?fit=1652%2C1482&ssl=1","contentUrl":"https:\/\/i0.wp.com\/neos-music.com\/wp-content\/uploads\/2025\/08\/NEOS-12523-24-Reiner-Cover.jpg?fit=1652%2C1482&ssl=1","width":1652,"height":1482},{"@type":"BreadcrumbList","@id":"https:\/\/neos-music.com\/product\/karel-reiner-complete-works-for-solo-piano\/#breadcrumb","itemListElement":[{"@type":"ListItem","position":1,"name":"Startseite","item":"https:\/\/neos-music.com\/"},{"@type":"ListItem","position":2,"name":"Produkte","item":"https:\/\/neos-music.com\/shop__trashed\/"},{"@type":"ListItem","position":3,"name":"Karel Reiner: Complete Works for Solo Piano"}]},{"@type":"WebSite","@id":"https:\/\/neos-music.com\/#website","url":"https:\/\/neos-music.com\/","name":"NEOS Music","description":"Dein Online Shop f\u00fcr zeitgen\u00f6ssische Musik, Jazz und Classics!","publisher":{"@id":"https:\/\/neos-music.com\/#organization"},"potentialAction":[{"@type":"SearchAction","target":{"@type":"EntryPoint","urlTemplate":"https:\/\/neos-music.com\/?s={search_term_string}"},"query-input":{"@type":"PropertyValueSpecification","valueRequired":true,"valueName":"search_term_string"}}],"inLanguage":"en-US"},{"@type":"Organization","@id":"https:\/\/neos-music.com\/#organization","name":"NEOS Music","url":"https:\/\/neos-music.com\/","logo":{"@type":"ImageObject","inLanguage":"en-US","@id":"https:\/\/neos-music.com\/#\/schema\/logo\/image\/","url":"https:\/\/i0.wp.com\/neos-music.com\/wp-content\/uploads\/2025\/08\/NEOS-Logo-weiss.png?fit=800%2C203&ssl=1","contentUrl":"https:\/\/i0.wp.com\/neos-music.com\/wp-content\/uploads\/2025\/08\/NEOS-Logo-weiss.png?fit=800%2C203&ssl=1","width":800,"height":203,"caption":"NEOS Music"},"image":{"@id":"https:\/\/neos-music.com\/#\/schema\/logo\/image\/"}}]}},"jetpack_sharing_enabled":true,"_links":{"self":[{"href":"https:\/\/neos-music.com\/en_us\/wp-json\/wp\/v2\/product\/9377","targetHints":{"allow":["GET"]}}],"collection":[{"href":"https:\/\/neos-music.com\/en_us\/wp-json\/wp\/v2\/product"}],"about":[{"href":"https:\/\/neos-music.com\/en_us\/wp-json\/wp\/v2\/types\/product"}],"version-history":[{"count":5,"href":"https:\/\/neos-music.com\/en_us\/wp-json\/wp\/v2\/product\/9377\/revisions"}],"predecessor-version":[{"id":9774,"href":"https:\/\/neos-music.com\/en_us\/wp-json\/wp\/v2\/product\/9377\/revisions\/9774"}],"wp:featuredmedia":[{"embeddable":true,"href":"https:\/\/neos-music.com\/en_us\/wp-json\/wp\/v2\/media\/9379"}],"wp:attachment":[{"href":"https:\/\/neos-music.com\/en_us\/wp-json\/wp\/v2\/media?parent=9377"}],"wp:term":[{"taxonomy":"product_brand","embeddable":true,"href":"https:\/\/neos-music.com\/en_us\/wp-json\/wp\/v2\/product_brand?post=9377"},{"taxonomy":"product_cat","embeddable":true,"href":"https:\/\/neos-music.com\/en_us\/wp-json\/wp\/v2\/product_cat?post=9377"},{"taxonomy":"product_tag","embeddable":true,"href":"https:\/\/neos-music.com\/en_us\/wp-json\/wp\/v2\/product_tag?post=9377"}],"curies":[{"name":"wp","href":"https:\/\/api.w.org\/{rel}","templated":true}]}}