{"id":9777,"date":"2025-10-17T12:00:04","date_gmt":"2025-10-17T10:00:04","guid":{"rendered":"https:\/\/neos-music.com\/?post_type=product&#038;p=9777"},"modified":"2025-10-18T11:25:07","modified_gmt":"2025-10-18T09:25:07","slug":"pas-de-deux","status":"publish","type":"product","link":"https:\/\/neos-music.com\/en_us\/product\/pas-de-deux\/","title":{"rendered":"<span class=\"notranslate\">Pas de deux<\/span>"},"content":{"rendered":"<p><iframe data-testid=\"embed-iframe\" style=\"border-radius:12px\" src=\"https:\/\/open.spotify.com\/embed\/album\/4TwxrWNbTExw0l9mnBKmKR?utm_source=generator\" width=\"100%\" height=\"352\" frameborder=\"0\" allowfullscreen=\"\" allow=\"autoplay; clipboard-write; encrypted-media; fullscreen; picture-in-picture\" loading=\"lazy\"><\/iframe><\/p>\n<p>An encounter between two outstanding musicians who explore the boundaries between tradition and modernity in their joint debut.<\/p>\n<p>Cellist Valerie Fritz, ECHO Rising Star 2025\/26, and pianist Nina Gurol, acclaimed by the press and known for her passionate devotion to contemporary music, present a multi-layered programme that brings together masterpieces of the 20th and 21st centuries in dialogue. The focus is on composer York H\u00f6ller (born 1944), whose works shape the musical dramaturgy of this recording.<\/p>\n<p class=\"translation-block\">With <em>Signe ascendant<\/em> (2024), H\u00f6ller pays tribute to the 100th birthday of Pierre Boulez. The virtuoso piano piece, written for and premiered by Nina Gurol, develops from a compositional seed that translates the name Boulez into sound \u2013 a work of crystalline clarity and energetic density.<\/p>\n<p class=\"translation-block\">The <em>Mouvements<\/em> (2010) for violoncello and piano, on the other hand, unfold an imaginary, abstract ballet: four movements full of rhythmic intricacies, dance-like gestures and expressive timbres. H\u00f6ller's Piano Sonata No. 3 (2010\/11) combines virtuoso brilliance with structural sophistication and demonstrates Nina Gurol's pianistic vigour.<\/p>\n<p class=\"translation-block\">In addition to H\u00f6ller, two sonatas will be performed that expand the repertoire with impressionistic and expressive-romantic facets: Claude Debussy's <em>Sonate f\u00fcr Violoncello und Klavier in d-Moll<\/em> (1915), a manifesto of French sound poetry, and Rebecca Clarke's powerful, colourful <em>Sonate f\u00fcr Viola (oder Violoncello) und Klavier<\/em> (1919), a milestone in female compositional art.<\/p>\n<p>With the album \"Pas de deux\", Valerie Fritz and Nina Gurol create a musical choreography of movements, contrasts and dialogues \u2013 a recording that opens up intimate sound conversations and builds bridges between eras, styles and sound worlds.<\/p>","protected":false},"excerpt":{"rendered":"<p>1 CD<\/p>","protected":false},"featured_media":9779,"template":"","meta":{"site-sidebar-layout":"default","site-content-layout":"default","ast-site-content-layout":"default","site-content-style":"default","site-sidebar-style":"default","ast-global-header-display":"","ast-banner-title-visibility":"","ast-main-header-display":"","ast-hfb-above-header-display":"","ast-hfb-below-header-display":"","ast-hfb-mobile-header-display":"","site-post-title":"","ast-breadcrumbs-content":"","ast-featured-img":"","footer-sml-layout":"","theme-transparent-header-meta":"default","adv-header-id-meta":"","stick-header-meta":"","header-above-stick-meta":"","header-main-stick-meta":"","header-below-stick-meta":"","astra-migrate-meta-layouts":"set","ast-page-background-enabled":"default","ast-page-background-meta":{"desktop":{"background-color":"","background-image":"","background-repeat":"repeat","background-position":"center center","background-size":"auto","background-attachment":"scroll","background-type":"","background-media":"","overlay-type":"","overlay-color":"","overlay-opacity":"","overlay-gradient":""},"tablet":{"background-color":"","background-image":"","background-repeat":"repeat","background-position":"center center","background-size":"auto","background-attachment":"scroll","background-type":"","background-media":"","overlay-type":"","overlay-color":"","overlay-opacity":"","overlay-gradient":""},"mobile":{"background-color":"","background-image":"","background-repeat":"repeat","background-position":"center center","background-size":"auto","background-attachment":"scroll","background-type":"","background-media":"","overlay-type":"","overlay-color":"","overlay-opacity":"","overlay-gradient":""}},"ast-content-background-meta":{"desktop":{"background-color":"var(--ast-global-color-5)","background-image":"","background-repeat":"repeat","background-position":"center center","background-size":"auto","background-attachment":"scroll","background-type":"","background-media":"","overlay-type":"","overlay-color":"","overlay-opacity":"","overlay-gradient":""},"tablet":{"background-color":"var(--ast-global-color-5)","background-image":"","background-repeat":"repeat","background-position":"center center","background-size":"auto","background-attachment":"scroll","background-type":"","background-media":"","overlay-type":"","overlay-color":"","overlay-opacity":"","overlay-gradient":""},"mobile":{"background-color":"var(--ast-global-color-5)","background-image":"","background-repeat":"repeat","background-position":"center center","background-size":"auto","background-attachment":"scroll","background-type":"","background-media":"","overlay-type":"","overlay-color":"","overlay-opacity":"","overlay-gradient":""}}},"product_brand":[],"product_cat":[26],"product_tag":[876],"class_list":{"0":"post-9777","1":"product","2":"type-product","3":"status-publish","4":"has-post-thumbnail","6":"product_cat-zeitgenossische-musik","7":"product_tag-neuveroeffentlichungen","8":"desktop-align-left","9":"tablet-align-left","10":"mobile-align-left","12":"first","13":"instock","14":"taxable","15":"shipping-taxable","16":"purchasable","17":"product-type-simple"},"yoast_head":"<!-- This site is optimized with the Yoast SEO plugin v27.3 - https:\/\/yoast.com\/product\/yoast-seo-wordpress\/ -->\n<title>Pas de deux - NEOS Music<\/title>\n<meta name=\"description\" content=\"Mit dem Album \u201ePas de deux\u201c gestalten Valerie Fritz und Nina Gurol eine musikalische Choreografie aus Bewegungen, Kontrasten und Dialogen \u2013 eine Aufnahme, die intime Klanggespr\u00e4che er\u00f6ffnet und Br\u00fccken zwischen Epochen, Stilen und Klangwelten schl\u00e4gt.\" \/>\n<meta name=\"robots\" content=\"index, follow, max-snippet:-1, max-image-preview:large, max-video-preview:-1\" \/>\n<link rel=\"canonical\" href=\"https:\/\/neos-music.com\/en_us\/product\/pas-de-deux\/\" \/>\n<meta property=\"og:locale\" content=\"en_US\" \/>\n<meta property=\"og:type\" content=\"article\" \/>\n<meta property=\"og:title\" content=\"Pas de deux - NEOS Music\" \/>\n<meta property=\"og:description\" content=\"Mit dem Album \u201ePas de deux\u201c gestalten Valerie Fritz und Nina Gurol eine musikalische Choreografie aus Bewegungen, Kontrasten und Dialogen \u2013 eine Aufnahme, die intime Klanggespr\u00e4che er\u00f6ffnet und Br\u00fccken zwischen Epochen, Stilen und Klangwelten schl\u00e4gt.\" \/>\n<meta property=\"og:url\" content=\"https:\/\/neos-music.com\/en_us\/product\/pas-de-deux\/\" \/>\n<meta property=\"og:site_name\" content=\"NEOS Music\" \/>\n<meta property=\"article:modified_time\" content=\"2025-10-18T09:25:07+00:00\" \/>\n<meta property=\"og:image\" content=\"https:\/\/neos-music.com\/wp-content\/uploads\/2025\/09\/NEOS-12526-Pas-de-deux-Cover.jpg\" \/>\n\t<meta property=\"og:image:width\" content=\"1646\" \/>\n\t<meta property=\"og:image:height\" content=\"1484\" \/>\n\t<meta property=\"og:image:type\" content=\"image\/jpeg\" \/>\n<meta name=\"twitter:card\" content=\"summary_large_image\" \/>\n<meta name=\"twitter:label1\" content=\"Est. reading time\" \/>\n\t<meta name=\"twitter:data1\" content=\"2 minutes\" \/>\n<script type=\"application\/ld+json\" class=\"yoast-schema-graph\">{\"@context\":\"https:\\\/\\\/schema.org\",\"@graph\":[{\"@type\":\"WebPage\",\"@id\":\"https:\\\/\\\/neos-music.com\\\/product\\\/pas-de-deux\\\/\",\"url\":\"https:\\\/\\\/neos-music.com\\\/product\\\/pas-de-deux\\\/\",\"name\":\"Pas de deux - NEOS Music\",\"isPartOf\":{\"@id\":\"https:\\\/\\\/neos-music.com\\\/#website\"},\"primaryImageOfPage\":{\"@id\":\"https:\\\/\\\/neos-music.com\\\/product\\\/pas-de-deux\\\/#primaryimage\"},\"image\":{\"@id\":\"https:\\\/\\\/neos-music.com\\\/product\\\/pas-de-deux\\\/#primaryimage\"},\"thumbnailUrl\":\"https:\\\/\\\/i0.wp.com\\\/neos-music.com\\\/wp-content\\\/uploads\\\/2025\\\/09\\\/NEOS-12526-Pas-de-deux-Cover.jpg?fit=1646%2C1484&ssl=1\",\"datePublished\":\"2025-10-17T10:00:04+00:00\",\"dateModified\":\"2025-10-18T09:25:07+00:00\",\"description\":\"Mit dem Album \u201ePas de deux\u201c gestalten Valerie Fritz und Nina Gurol eine musikalische Choreografie aus Bewegungen, Kontrasten und Dialogen \u2013 eine Aufnahme, die intime Klanggespr\u00e4che er\u00f6ffnet und Br\u00fccken zwischen Epochen, Stilen und Klangwelten schl\u00e4gt.\",\"breadcrumb\":{\"@id\":\"https:\\\/\\\/neos-music.com\\\/product\\\/pas-de-deux\\\/#breadcrumb\"},\"inLanguage\":\"en-US\",\"potentialAction\":[{\"@type\":\"ReadAction\",\"target\":[\"https:\\\/\\\/neos-music.com\\\/product\\\/pas-de-deux\\\/\"]}]},{\"@type\":\"ImageObject\",\"inLanguage\":\"en-US\",\"@id\":\"https:\\\/\\\/neos-music.com\\\/product\\\/pas-de-deux\\\/#primaryimage\",\"url\":\"https:\\\/\\\/i0.wp.com\\\/neos-music.com\\\/wp-content\\\/uploads\\\/2025\\\/09\\\/NEOS-12526-Pas-de-deux-Cover.jpg?fit=1646%2C1484&ssl=1\",\"contentUrl\":\"https:\\\/\\\/i0.wp.com\\\/neos-music.com\\\/wp-content\\\/uploads\\\/2025\\\/09\\\/NEOS-12526-Pas-de-deux-Cover.jpg?fit=1646%2C1484&ssl=1\",\"width\":1646,\"height\":1484},{\"@type\":\"BreadcrumbList\",\"@id\":\"https:\\\/\\\/neos-music.com\\\/product\\\/pas-de-deux\\\/#breadcrumb\",\"itemListElement\":[{\"@type\":\"ListItem\",\"position\":1,\"name\":\"Startseite\",\"item\":\"https:\\\/\\\/neos-music.com\\\/\"},{\"@type\":\"ListItem\",\"position\":2,\"name\":\"Produkte\",\"item\":\"https:\\\/\\\/neos-music.com\\\/shop__trashed\\\/\"},{\"@type\":\"ListItem\",\"position\":3,\"name\":\"Pas de deux\"}]},{\"@type\":\"WebSite\",\"@id\":\"https:\\\/\\\/neos-music.com\\\/#website\",\"url\":\"https:\\\/\\\/neos-music.com\\\/\",\"name\":\"NEOS Music\",\"description\":\"Dein Online Shop f\u00fcr zeitgen\u00f6ssische Musik, Jazz und Classics!\",\"publisher\":{\"@id\":\"https:\\\/\\\/neos-music.com\\\/#organization\"},\"potentialAction\":[{\"@type\":\"SearchAction\",\"target\":{\"@type\":\"EntryPoint\",\"urlTemplate\":\"https:\\\/\\\/neos-music.com\\\/?s={search_term_string}\"},\"query-input\":{\"@type\":\"PropertyValueSpecification\",\"valueRequired\":true,\"valueName\":\"search_term_string\"}}],\"inLanguage\":\"en-US\"},{\"@type\":\"Organization\",\"@id\":\"https:\\\/\\\/neos-music.com\\\/#organization\",\"name\":\"NEOS Music\",\"url\":\"https:\\\/\\\/neos-music.com\\\/\",\"logo\":{\"@type\":\"ImageObject\",\"inLanguage\":\"en-US\",\"@id\":\"https:\\\/\\\/neos-music.com\\\/#\\\/schema\\\/logo\\\/image\\\/\",\"url\":\"https:\\\/\\\/i0.wp.com\\\/neos-music.com\\\/wp-content\\\/uploads\\\/2025\\\/08\\\/NEOS-Logo-weiss.png?fit=800%2C203&ssl=1\",\"contentUrl\":\"https:\\\/\\\/i0.wp.com\\\/neos-music.com\\\/wp-content\\\/uploads\\\/2025\\\/08\\\/NEOS-Logo-weiss.png?fit=800%2C203&ssl=1\",\"width\":800,\"height\":203,\"caption\":\"NEOS Music\"},\"image\":{\"@id\":\"https:\\\/\\\/neos-music.com\\\/#\\\/schema\\\/logo\\\/image\\\/\"}}]}<\/script>\n<!-- \/ Yoast SEO plugin. -->","yoast_head_json":{"title":"Pas de deux - NEOS Music","description":"With the album \"Pas de deux\", Valerie Fritz and Nina Gurol create a musical choreography of movements, contrasts and dialogues \u2013 a recording that opens up intimate sound conversations and builds bridges between eras, styles and sound worlds.","robots":{"index":"index","follow":"follow","max-snippet":"max-snippet:-1","max-image-preview":"max-image-preview:large","max-video-preview":"max-video-preview:-1"},"canonical":"https:\/\/neos-music.com\/en_us\/product\/pas-de-deux\/","og_locale":"en_US","og_type":"article","og_title":"Pas de deux - NEOS Music","og_description":"Mit dem Album \u201ePas de deux\u201c gestalten Valerie Fritz und Nina Gurol eine musikalische Choreografie aus Bewegungen, Kontrasten und Dialogen \u2013 eine Aufnahme, die intime Klanggespr\u00e4che er\u00f6ffnet und Br\u00fccken zwischen Epochen, Stilen und Klangwelten schl\u00e4gt.","og_url":"https:\/\/neos-music.com\/en_us\/product\/pas-de-deux\/","og_site_name":"NEOS Music","article_modified_time":"2025-10-18T09:25:07+00:00","og_image":[{"width":1646,"height":1484,"url":"https:\/\/neos-music.com\/wp-content\/uploads\/2025\/09\/NEOS-12526-Pas-de-deux-Cover.jpg","type":"image\/jpeg"}],"twitter_card":"summary_large_image","twitter_misc":{"Est. reading time":"2 minutes"},"schema":{"@context":"https:\/\/schema.org","@graph":[{"@type":"WebPage","@id":"https:\/\/neos-music.com\/product\/pas-de-deux\/","url":"https:\/\/neos-music.com\/product\/pas-de-deux\/","name":"Pas de deux - NEOS Music","isPartOf":{"@id":"https:\/\/neos-music.com\/#website"},"primaryImageOfPage":{"@id":"https:\/\/neos-music.com\/product\/pas-de-deux\/#primaryimage"},"image":{"@id":"https:\/\/neos-music.com\/product\/pas-de-deux\/#primaryimage"},"thumbnailUrl":"https:\/\/i0.wp.com\/neos-music.com\/wp-content\/uploads\/2025\/09\/NEOS-12526-Pas-de-deux-Cover.jpg?fit=1646%2C1484&ssl=1","datePublished":"2025-10-17T10:00:04+00:00","dateModified":"2025-10-18T09:25:07+00:00","description":"With the album \"Pas de deux\", Valerie Fritz and Nina Gurol create a musical choreography of movements, contrasts and dialogues \u2013 a recording that opens up intimate sound conversations and builds bridges between eras, styles and sound worlds.","breadcrumb":{"@id":"https:\/\/neos-music.com\/product\/pas-de-deux\/#breadcrumb"},"inLanguage":"en-US","potentialAction":[{"@type":"ReadAction","target":["https:\/\/neos-music.com\/product\/pas-de-deux\/"]}]},{"@type":"ImageObject","inLanguage":"en-US","@id":"https:\/\/neos-music.com\/product\/pas-de-deux\/#primaryimage","url":"https:\/\/i0.wp.com\/neos-music.com\/wp-content\/uploads\/2025\/09\/NEOS-12526-Pas-de-deux-Cover.jpg?fit=1646%2C1484&ssl=1","contentUrl":"https:\/\/i0.wp.com\/neos-music.com\/wp-content\/uploads\/2025\/09\/NEOS-12526-Pas-de-deux-Cover.jpg?fit=1646%2C1484&ssl=1","width":1646,"height":1484},{"@type":"BreadcrumbList","@id":"https:\/\/neos-music.com\/product\/pas-de-deux\/#breadcrumb","itemListElement":[{"@type":"ListItem","position":1,"name":"Startseite","item":"https:\/\/neos-music.com\/"},{"@type":"ListItem","position":2,"name":"Produkte","item":"https:\/\/neos-music.com\/shop__trashed\/"},{"@type":"ListItem","position":3,"name":"Pas de deux"}]},{"@type":"WebSite","@id":"https:\/\/neos-music.com\/#website","url":"https:\/\/neos-music.com\/","name":"NEOS Music","description":"Dein Online Shop f\u00fcr zeitgen\u00f6ssische Musik, Jazz und Classics!","publisher":{"@id":"https:\/\/neos-music.com\/#organization"},"potentialAction":[{"@type":"SearchAction","target":{"@type":"EntryPoint","urlTemplate":"https:\/\/neos-music.com\/?s={search_term_string}"},"query-input":{"@type":"PropertyValueSpecification","valueRequired":true,"valueName":"search_term_string"}}],"inLanguage":"en-US"},{"@type":"Organization","@id":"https:\/\/neos-music.com\/#organization","name":"NEOS Music","url":"https:\/\/neos-music.com\/","logo":{"@type":"ImageObject","inLanguage":"en-US","@id":"https:\/\/neos-music.com\/#\/schema\/logo\/image\/","url":"https:\/\/i0.wp.com\/neos-music.com\/wp-content\/uploads\/2025\/08\/NEOS-Logo-weiss.png?fit=800%2C203&ssl=1","contentUrl":"https:\/\/i0.wp.com\/neos-music.com\/wp-content\/uploads\/2025\/08\/NEOS-Logo-weiss.png?fit=800%2C203&ssl=1","width":800,"height":203,"caption":"NEOS Music"},"image":{"@id":"https:\/\/neos-music.com\/#\/schema\/logo\/image\/"}}]}},"jetpack_sharing_enabled":true,"_links":{"self":[{"href":"https:\/\/neos-music.com\/en_us\/wp-json\/wp\/v2\/product\/9777","targetHints":{"allow":["GET"]}}],"collection":[{"href":"https:\/\/neos-music.com\/en_us\/wp-json\/wp\/v2\/product"}],"about":[{"href":"https:\/\/neos-music.com\/en_us\/wp-json\/wp\/v2\/types\/product"}],"version-history":[{"count":3,"href":"https:\/\/neos-music.com\/en_us\/wp-json\/wp\/v2\/product\/9777\/revisions"}],"predecessor-version":[{"id":9886,"href":"https:\/\/neos-music.com\/en_us\/wp-json\/wp\/v2\/product\/9777\/revisions\/9886"}],"wp:featuredmedia":[{"embeddable":true,"href":"https:\/\/neos-music.com\/en_us\/wp-json\/wp\/v2\/media\/9779"}],"wp:attachment":[{"href":"https:\/\/neos-music.com\/en_us\/wp-json\/wp\/v2\/media?parent=9777"}],"wp:term":[{"taxonomy":"product_brand","embeddable":true,"href":"https:\/\/neos-music.com\/en_us\/wp-json\/wp\/v2\/product_brand?post=9777"},{"taxonomy":"product_cat","embeddable":true,"href":"https:\/\/neos-music.com\/en_us\/wp-json\/wp\/v2\/product_cat?post=9777"},{"taxonomy":"product_tag","embeddable":true,"href":"https:\/\/neos-music.com\/en_us\/wp-json\/wp\/v2\/product_tag?post=9777"}],"curies":[{"name":"wp","href":"https:\/\/api.w.org\/{rel}","templated":true}]}}