{"id":9800,"date":"2025-10-17T09:00:27","date_gmt":"2025-10-17T07:00:27","guid":{"rendered":"https:\/\/neos-music.com\/?post_type=product&#038;p=9800"},"modified":"2025-12-27T15:05:34","modified_gmt":"2025-12-27T14:05:34","slug":"rene-wohlhauser-in-maeandrierendem-rausch","status":"publish","type":"product","link":"https:\/\/neos-music.com\/en_us\/product\/rene-wohlhauser-in-maeandrierendem-rausch\/","title":{"rendered":"<span class=\"notranslate\">Ren\u00e9 Wohlhauser: In m\u00e4andrierendem Rausch<\/span>"},"content":{"rendered":"<p>The twelfth edition of the Wohlhauser Edition presents a fascinating selection of new compositions by Ren\u00e9 Wohlhauser.<\/p>\n<p class=\"translation-block\">The focus is on the eponymous work <em>In m\u00e4andrierendem Rausch<\/em>, a musical metaphor for the struggle from darkness into light, premiered by the Polysono Ensemble. In addition, contrasting sound worlds unfold: <em>Dunkle Stimmen<\/em> explores the tension between light and shadow, while <em>Klaviertrios Nr.3 and Nr.4<\/em> combine rhythmic energy and structural transformation. The two <em>Quartette f\u00fcr Fl\u00f6te, Klarinette, Violine und Violoncello<\/em> open up new horizons\u2014from microtonal explorations to dialectical structures in which categories of perception are redefined. Finally, the <em>Duo f\u00fcr Violine und Klavier Nr. 3 \u201eGespiegelte Klanglichkeit\u201c<\/em>, radically turns sound, time, and form upside down.<\/p>\n<p>This edition brings together works that oscillate between archaic depth and fine tonal microscopy. Wohlhauser's music challenges, but at the same time opens up new spaces of listening \u2013 between intoxication and reflection, fragment and unity, intuition and compositional logic.<\/p>","protected":false},"excerpt":{"rendered":"<p>1 CD<\/p>","protected":false},"featured_media":9803,"template":"","meta":{"site-sidebar-layout":"default","site-content-layout":"default","ast-site-content-layout":"default","site-content-style":"default","site-sidebar-style":"default","ast-global-header-display":"","ast-banner-title-visibility":"","ast-main-header-display":"","ast-hfb-above-header-display":"","ast-hfb-below-header-display":"","ast-hfb-mobile-header-display":"","site-post-title":"","ast-breadcrumbs-content":"","ast-featured-img":"","footer-sml-layout":"","theme-transparent-header-meta":"default","adv-header-id-meta":"","stick-header-meta":"","header-above-stick-meta":"","header-main-stick-meta":"","header-below-stick-meta":"","astra-migrate-meta-layouts":"set","ast-page-background-enabled":"default","ast-page-background-meta":{"desktop":{"background-color":"","background-image":"","background-repeat":"repeat","background-position":"center center","background-size":"auto","background-attachment":"scroll","background-type":"","background-media":"","overlay-type":"","overlay-color":"","overlay-opacity":"","overlay-gradient":""},"tablet":{"background-color":"","background-image":"","background-repeat":"repeat","background-position":"center center","background-size":"auto","background-attachment":"scroll","background-type":"","background-media":"","overlay-type":"","overlay-color":"","overlay-opacity":"","overlay-gradient":""},"mobile":{"background-color":"","background-image":"","background-repeat":"repeat","background-position":"center center","background-size":"auto","background-attachment":"scroll","background-type":"","background-media":"","overlay-type":"","overlay-color":"","overlay-opacity":"","overlay-gradient":""}},"ast-content-background-meta":{"desktop":{"background-color":"var(--ast-global-color-5)","background-image":"","background-repeat":"repeat","background-position":"center center","background-size":"auto","background-attachment":"scroll","background-type":"","background-media":"","overlay-type":"","overlay-color":"","overlay-opacity":"","overlay-gradient":""},"tablet":{"background-color":"var(--ast-global-color-5)","background-image":"","background-repeat":"repeat","background-position":"center center","background-size":"auto","background-attachment":"scroll","background-type":"","background-media":"","overlay-type":"","overlay-color":"","overlay-opacity":"","overlay-gradient":""},"mobile":{"background-color":"var(--ast-global-color-5)","background-image":"","background-repeat":"repeat","background-position":"center center","background-size":"auto","background-attachment":"scroll","background-type":"","background-media":"","overlay-type":"","overlay-color":"","overlay-opacity":"","overlay-gradient":""}}},"product_brand":[],"product_cat":[26],"product_tag":[876],"class_list":{"0":"post-9800","1":"product","2":"type-product","3":"status-publish","4":"has-post-thumbnail","6":"product_cat-zeitgenossische-musik","7":"product_tag-neuveroeffentlichungen","8":"desktop-align-left","9":"tablet-align-left","10":"mobile-align-left","12":"first","13":"instock","14":"taxable","15":"shipping-taxable","16":"purchasable","17":"product-type-simple"},"yoast_head":"<!-- This site is optimized with the Yoast SEO plugin v27.3 - https:\/\/yoast.com\/product\/yoast-seo-wordpress\/ -->\n<title>Ren\u00e9 Wohlhauser: In m\u00e4andrierendem Rausch - NEOS Music<\/title>\n<meta name=\"description\" content=\"Wohlhausers Musik fordert heraus, er\u00f6ffnet aber zugleich neue R\u00e4ume des H\u00f6rens \u2013 zwischen Rausch und Reflexion, Fragment und Einheit, Intuition und Kompositionslogik.\" \/>\n<meta name=\"robots\" content=\"index, follow, max-snippet:-1, max-image-preview:large, max-video-preview:-1\" \/>\n<link rel=\"canonical\" href=\"https:\/\/neos-music.com\/en_us\/product\/rene-wohlhauser-in-maeandrierendem-rausch\/\" \/>\n<meta property=\"og:locale\" content=\"en_US\" \/>\n<meta property=\"og:type\" content=\"article\" \/>\n<meta property=\"og:title\" content=\"Ren\u00e9 Wohlhauser: In m\u00e4andrierendem Rausch - NEOS Music\" \/>\n<meta property=\"og:description\" content=\"Wohlhausers Musik fordert heraus, er\u00f6ffnet aber zugleich neue R\u00e4ume des H\u00f6rens \u2013 zwischen Rausch und Reflexion, Fragment und Einheit, Intuition und Kompositionslogik.\" \/>\n<meta property=\"og:url\" content=\"https:\/\/neos-music.com\/en_us\/product\/rene-wohlhauser-in-maeandrierendem-rausch\/\" \/>\n<meta property=\"og:site_name\" content=\"NEOS Music\" \/>\n<meta property=\"article:modified_time\" content=\"2025-12-27T14:05:34+00:00\" \/>\n<meta property=\"og:image\" content=\"https:\/\/neos-music.com\/wp-content\/uploads\/2025\/09\/NEOS-12545-Wohlhauser-12-Cover.jpg\" \/>\n\t<meta property=\"og:image:width\" content=\"1649\" \/>\n\t<meta property=\"og:image:height\" content=\"1484\" \/>\n\t<meta property=\"og:image:type\" content=\"image\/jpeg\" \/>\n<meta name=\"twitter:card\" content=\"summary_large_image\" \/>\n<meta name=\"twitter:label1\" content=\"Est. reading time\" \/>\n\t<meta name=\"twitter:data1\" content=\"2 minutes\" \/>\n<script type=\"application\/ld+json\" class=\"yoast-schema-graph\">{\"@context\":\"https:\\\/\\\/schema.org\",\"@graph\":[{\"@type\":\"WebPage\",\"@id\":\"https:\\\/\\\/neos-music.com\\\/product\\\/rene-wohlhauser-in-maeandrierendem-rausch\\\/\",\"url\":\"https:\\\/\\\/neos-music.com\\\/product\\\/rene-wohlhauser-in-maeandrierendem-rausch\\\/\",\"name\":\"Ren\u00e9 Wohlhauser: In m\u00e4andrierendem Rausch - NEOS Music\",\"isPartOf\":{\"@id\":\"https:\\\/\\\/neos-music.com\\\/#website\"},\"primaryImageOfPage\":{\"@id\":\"https:\\\/\\\/neos-music.com\\\/product\\\/rene-wohlhauser-in-maeandrierendem-rausch\\\/#primaryimage\"},\"image\":{\"@id\":\"https:\\\/\\\/neos-music.com\\\/product\\\/rene-wohlhauser-in-maeandrierendem-rausch\\\/#primaryimage\"},\"thumbnailUrl\":\"https:\\\/\\\/i0.wp.com\\\/neos-music.com\\\/wp-content\\\/uploads\\\/2025\\\/09\\\/NEOS-12545-Wohlhauser-12-Cover.jpg?fit=1649%2C1484&ssl=1\",\"datePublished\":\"2025-10-17T07:00:27+00:00\",\"dateModified\":\"2025-12-27T14:05:34+00:00\",\"description\":\"Wohlhausers Musik fordert heraus, er\u00f6ffnet aber zugleich neue R\u00e4ume des H\u00f6rens \u2013 zwischen Rausch und Reflexion, Fragment und Einheit, Intuition und Kompositionslogik.\",\"breadcrumb\":{\"@id\":\"https:\\\/\\\/neos-music.com\\\/product\\\/rene-wohlhauser-in-maeandrierendem-rausch\\\/#breadcrumb\"},\"inLanguage\":\"en-US\",\"potentialAction\":[{\"@type\":\"ReadAction\",\"target\":[\"https:\\\/\\\/neos-music.com\\\/product\\\/rene-wohlhauser-in-maeandrierendem-rausch\\\/\"]}]},{\"@type\":\"ImageObject\",\"inLanguage\":\"en-US\",\"@id\":\"https:\\\/\\\/neos-music.com\\\/product\\\/rene-wohlhauser-in-maeandrierendem-rausch\\\/#primaryimage\",\"url\":\"https:\\\/\\\/i0.wp.com\\\/neos-music.com\\\/wp-content\\\/uploads\\\/2025\\\/09\\\/NEOS-12545-Wohlhauser-12-Cover.jpg?fit=1649%2C1484&ssl=1\",\"contentUrl\":\"https:\\\/\\\/i0.wp.com\\\/neos-music.com\\\/wp-content\\\/uploads\\\/2025\\\/09\\\/NEOS-12545-Wohlhauser-12-Cover.jpg?fit=1649%2C1484&ssl=1\",\"width\":1649,\"height\":1484},{\"@type\":\"BreadcrumbList\",\"@id\":\"https:\\\/\\\/neos-music.com\\\/product\\\/rene-wohlhauser-in-maeandrierendem-rausch\\\/#breadcrumb\",\"itemListElement\":[{\"@type\":\"ListItem\",\"position\":1,\"name\":\"Startseite\",\"item\":\"https:\\\/\\\/neos-music.com\\\/\"},{\"@type\":\"ListItem\",\"position\":2,\"name\":\"Produkte\",\"item\":\"https:\\\/\\\/neos-music.com\\\/shop__trashed\\\/\"},{\"@type\":\"ListItem\",\"position\":3,\"name\":\"Ren\u00e9 Wohlhauser: In m\u00e4andrierendem Rausch\"}]},{\"@type\":\"WebSite\",\"@id\":\"https:\\\/\\\/neos-music.com\\\/#website\",\"url\":\"https:\\\/\\\/neos-music.com\\\/\",\"name\":\"NEOS Music\",\"description\":\"Dein Online Shop f\u00fcr zeitgen\u00f6ssische Musik, Jazz und Classics!\",\"publisher\":{\"@id\":\"https:\\\/\\\/neos-music.com\\\/#organization\"},\"potentialAction\":[{\"@type\":\"SearchAction\",\"target\":{\"@type\":\"EntryPoint\",\"urlTemplate\":\"https:\\\/\\\/neos-music.com\\\/?s={search_term_string}\"},\"query-input\":{\"@type\":\"PropertyValueSpecification\",\"valueRequired\":true,\"valueName\":\"search_term_string\"}}],\"inLanguage\":\"en-US\"},{\"@type\":\"Organization\",\"@id\":\"https:\\\/\\\/neos-music.com\\\/#organization\",\"name\":\"NEOS Music\",\"url\":\"https:\\\/\\\/neos-music.com\\\/\",\"logo\":{\"@type\":\"ImageObject\",\"inLanguage\":\"en-US\",\"@id\":\"https:\\\/\\\/neos-music.com\\\/#\\\/schema\\\/logo\\\/image\\\/\",\"url\":\"https:\\\/\\\/i0.wp.com\\\/neos-music.com\\\/wp-content\\\/uploads\\\/2025\\\/08\\\/NEOS-Logo-weiss.png?fit=800%2C203&ssl=1\",\"contentUrl\":\"https:\\\/\\\/i0.wp.com\\\/neos-music.com\\\/wp-content\\\/uploads\\\/2025\\\/08\\\/NEOS-Logo-weiss.png?fit=800%2C203&ssl=1\",\"width\":800,\"height\":203,\"caption\":\"NEOS Music\"},\"image\":{\"@id\":\"https:\\\/\\\/neos-music.com\\\/#\\\/schema\\\/logo\\\/image\\\/\"}}]}<\/script>\n<!-- \/ Yoast SEO plugin. -->","yoast_head_json":{"title":"Ren\u00e9 Wohlhauser: In m\u00e4andrierendem Rausch - NEOS Music","description":"Wohlhausers Musik fordert heraus, er\u00f6ffnet aber zugleich neue R\u00e4ume des H\u00f6rens \u2013 zwischen Rausch und Reflexion, Fragment und Einheit, Intuition und Kompositionslogik.","robots":{"index":"index","follow":"follow","max-snippet":"max-snippet:-1","max-image-preview":"max-image-preview:large","max-video-preview":"max-video-preview:-1"},"canonical":"https:\/\/neos-music.com\/en_us\/product\/rene-wohlhauser-in-maeandrierendem-rausch\/","og_locale":"en_US","og_type":"article","og_title":"Ren\u00e9 Wohlhauser: In m\u00e4andrierendem Rausch - NEOS Music","og_description":"Wohlhausers Musik fordert heraus, er\u00f6ffnet aber zugleich neue R\u00e4ume des H\u00f6rens \u2013 zwischen Rausch und Reflexion, Fragment und Einheit, Intuition und Kompositionslogik.","og_url":"https:\/\/neos-music.com\/en_us\/product\/rene-wohlhauser-in-maeandrierendem-rausch\/","og_site_name":"NEOS Music","article_modified_time":"2025-12-27T14:05:34+00:00","og_image":[{"width":1649,"height":1484,"url":"https:\/\/neos-music.com\/wp-content\/uploads\/2025\/09\/NEOS-12545-Wohlhauser-12-Cover.jpg","type":"image\/jpeg"}],"twitter_card":"summary_large_image","twitter_misc":{"Est. reading time":"2 minutes"},"schema":{"@context":"https:\/\/schema.org","@graph":[{"@type":"WebPage","@id":"https:\/\/neos-music.com\/product\/rene-wohlhauser-in-maeandrierendem-rausch\/","url":"https:\/\/neos-music.com\/product\/rene-wohlhauser-in-maeandrierendem-rausch\/","name":"Ren\u00e9 Wohlhauser: In m\u00e4andrierendem Rausch - NEOS Music","isPartOf":{"@id":"https:\/\/neos-music.com\/#website"},"primaryImageOfPage":{"@id":"https:\/\/neos-music.com\/product\/rene-wohlhauser-in-maeandrierendem-rausch\/#primaryimage"},"image":{"@id":"https:\/\/neos-music.com\/product\/rene-wohlhauser-in-maeandrierendem-rausch\/#primaryimage"},"thumbnailUrl":"https:\/\/i0.wp.com\/neos-music.com\/wp-content\/uploads\/2025\/09\/NEOS-12545-Wohlhauser-12-Cover.jpg?fit=1649%2C1484&ssl=1","datePublished":"2025-10-17T07:00:27+00:00","dateModified":"2025-12-27T14:05:34+00:00","description":"Wohlhausers Musik fordert heraus, er\u00f6ffnet aber zugleich neue R\u00e4ume des H\u00f6rens \u2013 zwischen Rausch und Reflexion, Fragment und Einheit, Intuition und Kompositionslogik.","breadcrumb":{"@id":"https:\/\/neos-music.com\/product\/rene-wohlhauser-in-maeandrierendem-rausch\/#breadcrumb"},"inLanguage":"en-US","potentialAction":[{"@type":"ReadAction","target":["https:\/\/neos-music.com\/product\/rene-wohlhauser-in-maeandrierendem-rausch\/"]}]},{"@type":"ImageObject","inLanguage":"en-US","@id":"https:\/\/neos-music.com\/product\/rene-wohlhauser-in-maeandrierendem-rausch\/#primaryimage","url":"https:\/\/i0.wp.com\/neos-music.com\/wp-content\/uploads\/2025\/09\/NEOS-12545-Wohlhauser-12-Cover.jpg?fit=1649%2C1484&ssl=1","contentUrl":"https:\/\/i0.wp.com\/neos-music.com\/wp-content\/uploads\/2025\/09\/NEOS-12545-Wohlhauser-12-Cover.jpg?fit=1649%2C1484&ssl=1","width":1649,"height":1484},{"@type":"BreadcrumbList","@id":"https:\/\/neos-music.com\/product\/rene-wohlhauser-in-maeandrierendem-rausch\/#breadcrumb","itemListElement":[{"@type":"ListItem","position":1,"name":"Startseite","item":"https:\/\/neos-music.com\/"},{"@type":"ListItem","position":2,"name":"Produkte","item":"https:\/\/neos-music.com\/shop__trashed\/"},{"@type":"ListItem","position":3,"name":"Ren\u00e9 Wohlhauser: In m\u00e4andrierendem Rausch"}]},{"@type":"WebSite","@id":"https:\/\/neos-music.com\/#website","url":"https:\/\/neos-music.com\/","name":"NEOS Music","description":"Dein Online Shop f\u00fcr zeitgen\u00f6ssische Musik, Jazz und Classics!","publisher":{"@id":"https:\/\/neos-music.com\/#organization"},"potentialAction":[{"@type":"SearchAction","target":{"@type":"EntryPoint","urlTemplate":"https:\/\/neos-music.com\/?s={search_term_string}"},"query-input":{"@type":"PropertyValueSpecification","valueRequired":true,"valueName":"search_term_string"}}],"inLanguage":"en-US"},{"@type":"Organization","@id":"https:\/\/neos-music.com\/#organization","name":"NEOS Music","url":"https:\/\/neos-music.com\/","logo":{"@type":"ImageObject","inLanguage":"en-US","@id":"https:\/\/neos-music.com\/#\/schema\/logo\/image\/","url":"https:\/\/i0.wp.com\/neos-music.com\/wp-content\/uploads\/2025\/08\/NEOS-Logo-weiss.png?fit=800%2C203&ssl=1","contentUrl":"https:\/\/i0.wp.com\/neos-music.com\/wp-content\/uploads\/2025\/08\/NEOS-Logo-weiss.png?fit=800%2C203&ssl=1","width":800,"height":203,"caption":"NEOS Music"},"image":{"@id":"https:\/\/neos-music.com\/#\/schema\/logo\/image\/"}}]}},"jetpack_sharing_enabled":true,"_links":{"self":[{"href":"https:\/\/neos-music.com\/en_us\/wp-json\/wp\/v2\/product\/9800","targetHints":{"allow":["GET"]}}],"collection":[{"href":"https:\/\/neos-music.com\/en_us\/wp-json\/wp\/v2\/product"}],"about":[{"href":"https:\/\/neos-music.com\/en_us\/wp-json\/wp\/v2\/types\/product"}],"version-history":[{"count":4,"href":"https:\/\/neos-music.com\/en_us\/wp-json\/wp\/v2\/product\/9800\/revisions"}],"predecessor-version":[{"id":10146,"href":"https:\/\/neos-music.com\/en_us\/wp-json\/wp\/v2\/product\/9800\/revisions\/10146"}],"wp:featuredmedia":[{"embeddable":true,"href":"https:\/\/neos-music.com\/en_us\/wp-json\/wp\/v2\/media\/9803"}],"wp:attachment":[{"href":"https:\/\/neos-music.com\/en_us\/wp-json\/wp\/v2\/media?parent=9800"}],"wp:term":[{"taxonomy":"product_brand","embeddable":true,"href":"https:\/\/neos-music.com\/en_us\/wp-json\/wp\/v2\/product_brand?post=9800"},{"taxonomy":"product_cat","embeddable":true,"href":"https:\/\/neos-music.com\/en_us\/wp-json\/wp\/v2\/product_cat?post=9800"},{"taxonomy":"product_tag","embeddable":true,"href":"https:\/\/neos-music.com\/en_us\/wp-json\/wp\/v2\/product_tag?post=9800"}],"curies":[{"name":"wp","href":"https:\/\/api.w.org\/{rel}","templated":true}]}}